{"id":31030,"date":"2026-01-27T16:38:17","date_gmt":"2026-01-27T15:38:17","guid":{"rendered":"https:\/\/morahotell.se\/?post_type=product&#038;p=31030"},"modified":"2026-01-27T16:36:52","modified_gmt":"2026-01-27T15:36:52","slug":"massage-recuperateur-80-min","status":"publish","type":"product","link":"https:\/\/morahotell.se\/fr\/produkt\/massage-fr\/massage-recuperateur-80-min\/","title":{"rendered":"Massage r\u00e9cup\u00e9rateur 80 min"},"content":{"rendered":"<p>Le massage favorise la r\u00e9cup\u00e9ration g\u00e9n\u00e9rale, en particulier apr\u00e8s l&rsquo;exercice ou pendant les p\u00e9riodes de stress.<br \/>\nDe la chaleur est appliqu\u00e9e sur les muscles tendus et les puissantes propri\u00e9t\u00e9s du magn\u00e9sium favorisent le processus de d\u00e9toxification naturel du corps.<br \/>\nDu menthol rafra\u00eechissant est appliqu\u00e9 sur les muscles des jambes pour favoriser le drainage et la circulation.<\/p>\n<p>Prix normal : 1 345 SEK<\/p>\n","protected":false},"excerpt":{"rendered":"<p>Le massage favorise la r\u00e9cup\u00e9ration g\u00e9n\u00e9rale, en particulier apr\u00e8s l&rsquo;exercice ou pendant les p\u00e9riodes de stress. De la chaleur est appliqu\u00e9e sur les muscles tendus et les puissantes propri\u00e9t\u00e9s du magn\u00e9sium favorisent le processus de d\u00e9toxification naturel du corps. Du menthol rafra\u00eechissant est appliqu\u00e9 sur les muscles des jambes pour favoriser le drainage et la&hellip;<\/p>\n","protected":false},"featured_media":29339,"comment_status":"closed","ping_status":"closed","template":"","meta":{"_acf_changed":false},"product_brand":[],"product_cat":[179,176,177],"product_tag":[],"class_list":{"0":"post-31030","1":"product","2":"type-product","3":"status-publish","4":"has-post-thumbnail","6":"product_cat-helkropp-fr","7":"product_cat-massage-fr","8":"product_cat-spa-fr","10":"first","11":"instock","12":"taxable","13":"shipping-taxable","14":"purchasable","15":"product-type-simple"},"acf":[],"yoast_head":"<!-- This site is optimized with the Yoast SEO plugin v26.5 - https:\/\/yoast.com\/wordpress\/plugins\/seo\/ -->\n<title>Massage r\u00e9cup\u00e9rateur 80 min - Mora Hotell &amp; Spa<\/title>\n<meta name=\"robots\" content=\"index, follow, max-snippet:-1, max-image-preview:large, max-video-preview:-1\" \/>\n<link rel=\"canonical\" href=\"https:\/\/morahotell.se\/fr\/produkt\/massage-fr\/massage-recuperateur-80-min\/\" \/>\n<meta property=\"og:locale\" content=\"fr_FR\" \/>\n<meta property=\"og:type\" content=\"article\" \/>\n<meta property=\"og:title\" content=\"Massage r\u00e9cup\u00e9rateur 80 min - Mora Hotell &amp; Spa\" \/>\n<meta property=\"og:description\" content=\"Le massage favorise la r\u00e9cup\u00e9ration g\u00e9n\u00e9rale, en particulier apr\u00e8s l&rsquo;exercice ou pendant les p\u00e9riodes de stress. De la chaleur est appliqu\u00e9e sur les muscles tendus et les puissantes propri\u00e9t\u00e9s du magn\u00e9sium favorisent le processus de d\u00e9toxification naturel du corps. Du menthol rafra\u00eechissant est appliqu\u00e9 sur les muscles des jambes pour favoriser le drainage et la&hellip;\" \/>\n<meta property=\"og:url\" content=\"https:\/\/morahotell.se\/fr\/produkt\/massage-fr\/massage-recuperateur-80-min\/\" \/>\n<meta property=\"og:site_name\" content=\"Mora Hotell &amp; Spa\" \/>\n<meta property=\"og:image\" content=\"https:\/\/morahotell.se\/wp-content\/uploads\/2025\/08\/recovery-massage.jpg\" \/>\n\t<meta property=\"og:image:width\" content=\"1080\" \/>\n\t<meta property=\"og:image:height\" content=\"1080\" \/>\n\t<meta property=\"og:image:type\" content=\"image\/jpeg\" \/>\n<meta name=\"twitter:card\" content=\"summary_large_image\" \/>\n<script type=\"application\/ld+json\" class=\"yoast-schema-graph\">{\"@context\":\"https:\/\/schema.org\",\"@graph\":[{\"@type\":\"WebPage\",\"@id\":\"https:\/\/morahotell.se\/fr\/produkt\/massage-fr\/massage-recuperateur-80-min\/\",\"url\":\"https:\/\/morahotell.se\/fr\/produkt\/massage-fr\/massage-recuperateur-80-min\/\",\"name\":\"Massage r\u00e9cup\u00e9rateur 80 min - Mora Hotell &amp; Spa\",\"isPartOf\":{\"@id\":\"https:\/\/morahotell.se\/fr\/#website\"},\"primaryImageOfPage\":{\"@id\":\"https:\/\/morahotell.se\/fr\/produkt\/massage-fr\/massage-recuperateur-80-min\/#primaryimage\"},\"image\":{\"@id\":\"https:\/\/morahotell.se\/fr\/produkt\/massage-fr\/massage-recuperateur-80-min\/#primaryimage\"},\"thumbnailUrl\":\"https:\/\/morahotell.se\/wp-content\/uploads\/2025\/08\/recovery-massage.jpg\",\"datePublished\":\"2026-01-27T15:38:17+00:00\",\"breadcrumb\":{\"@id\":\"https:\/\/morahotell.se\/fr\/produkt\/massage-fr\/massage-recuperateur-80-min\/#breadcrumb\"},\"inLanguage\":\"fr-FR\",\"potentialAction\":[{\"@type\":\"ReadAction\",\"target\":[\"https:\/\/morahotell.se\/fr\/produkt\/massage-fr\/massage-recuperateur-80-min\/\"]}]},{\"@type\":\"ImageObject\",\"inLanguage\":\"fr-FR\",\"@id\":\"https:\/\/morahotell.se\/fr\/produkt\/massage-fr\/massage-recuperateur-80-min\/#primaryimage\",\"url\":\"https:\/\/morahotell.se\/wp-content\/uploads\/2025\/08\/recovery-massage.jpg\",\"contentUrl\":\"https:\/\/morahotell.se\/wp-content\/uploads\/2025\/08\/recovery-massage.jpg\",\"width\":1080,\"height\":1080,\"caption\":\"Recovery Massage 50 min\"},{\"@type\":\"BreadcrumbList\",\"@id\":\"https:\/\/morahotell.se\/fr\/produkt\/massage-fr\/massage-recuperateur-80-min\/#breadcrumb\",\"itemListElement\":[{\"@type\":\"ListItem\",\"position\":1,\"name\":\"Mora hotell\",\"item\":\"https:\/\/morahotell.se\/fr\/\"},{\"@type\":\"ListItem\",\"position\":2,\"name\":\"Bokning\",\"item\":\"https:\/\/morahotell.se\/bokning\/\"},{\"@type\":\"ListItem\",\"position\":3,\"name\":\"Spa\",\"item\":\"https:\/\/morahotell.se\/fr\/produkt-kategori\/spa-fr\/\"},{\"@type\":\"ListItem\",\"position\":4,\"name\":\"Helkropp\",\"item\":\"https:\/\/morahotell.se\/fr\/produkt-kategori\/helkropp-fr\/\"},{\"@type\":\"ListItem\",\"position\":5,\"name\":\"Massage r\u00e9cup\u00e9rateur 80 min\"}]},{\"@type\":\"WebSite\",\"@id\":\"https:\/\/morahotell.se\/fr\/#website\",\"url\":\"https:\/\/morahotell.se\/fr\/\",\"name\":\"Mora Hotell &amp; Spa\",\"description\":\"Fyrstj\u00e4rnigt hotell i Mora, n\u00e4ra Siljan\",\"potentialAction\":[{\"@type\":\"SearchAction\",\"target\":{\"@type\":\"EntryPoint\",\"urlTemplate\":\"https:\/\/morahotell.se\/fr\/?s={search_term_string}\"},\"query-input\":{\"@type\":\"PropertyValueSpecification\",\"valueRequired\":true,\"valueName\":\"search_term_string\"}}],\"inLanguage\":\"fr-FR\"}]}<\/script>\n<!-- \/ Yoast SEO plugin. -->","yoast_head_json":{"title":"Massage r\u00e9cup\u00e9rateur 80 min - Mora Hotell &amp; Spa","robots":{"index":"index","follow":"follow","max-snippet":"max-snippet:-1","max-image-preview":"max-image-preview:large","max-video-preview":"max-video-preview:-1"},"canonical":"https:\/\/morahotell.se\/fr\/produkt\/massage-fr\/massage-recuperateur-80-min\/","og_locale":"fr_FR","og_type":"article","og_title":"Massage r\u00e9cup\u00e9rateur 80 min - Mora Hotell &amp; Spa","og_description":"Le massage favorise la r\u00e9cup\u00e9ration g\u00e9n\u00e9rale, en particulier apr\u00e8s l&rsquo;exercice ou pendant les p\u00e9riodes de stress. De la chaleur est appliqu\u00e9e sur les muscles tendus et les puissantes propri\u00e9t\u00e9s du magn\u00e9sium favorisent le processus de d\u00e9toxification naturel du corps. Du menthol rafra\u00eechissant est appliqu\u00e9 sur les muscles des jambes pour favoriser le drainage et la&hellip;","og_url":"https:\/\/morahotell.se\/fr\/produkt\/massage-fr\/massage-recuperateur-80-min\/","og_site_name":"Mora Hotell &amp; Spa","og_image":[{"width":1080,"height":1080,"url":"https:\/\/morahotell.se\/wp-content\/uploads\/2025\/08\/recovery-massage.jpg","type":"image\/jpeg"}],"twitter_card":"summary_large_image","schema":{"@context":"https:\/\/schema.org","@graph":[{"@type":"WebPage","@id":"https:\/\/morahotell.se\/fr\/produkt\/massage-fr\/massage-recuperateur-80-min\/","url":"https:\/\/morahotell.se\/fr\/produkt\/massage-fr\/massage-recuperateur-80-min\/","name":"Massage r\u00e9cup\u00e9rateur 80 min - Mora Hotell &amp; Spa","isPartOf":{"@id":"https:\/\/morahotell.se\/fr\/#website"},"primaryImageOfPage":{"@id":"https:\/\/morahotell.se\/fr\/produkt\/massage-fr\/massage-recuperateur-80-min\/#primaryimage"},"image":{"@id":"https:\/\/morahotell.se\/fr\/produkt\/massage-fr\/massage-recuperateur-80-min\/#primaryimage"},"thumbnailUrl":"https:\/\/morahotell.se\/wp-content\/uploads\/2025\/08\/recovery-massage.jpg","datePublished":"2026-01-27T15:38:17+00:00","breadcrumb":{"@id":"https:\/\/morahotell.se\/fr\/produkt\/massage-fr\/massage-recuperateur-80-min\/#breadcrumb"},"inLanguage":"fr-FR","potentialAction":[{"@type":"ReadAction","target":["https:\/\/morahotell.se\/fr\/produkt\/massage-fr\/massage-recuperateur-80-min\/"]}]},{"@type":"ImageObject","inLanguage":"fr-FR","@id":"https:\/\/morahotell.se\/fr\/produkt\/massage-fr\/massage-recuperateur-80-min\/#primaryimage","url":"https:\/\/morahotell.se\/wp-content\/uploads\/2025\/08\/recovery-massage.jpg","contentUrl":"https:\/\/morahotell.se\/wp-content\/uploads\/2025\/08\/recovery-massage.jpg","width":1080,"height":1080,"caption":"Recovery Massage 50 min"},{"@type":"BreadcrumbList","@id":"https:\/\/morahotell.se\/fr\/produkt\/massage-fr\/massage-recuperateur-80-min\/#breadcrumb","itemListElement":[{"@type":"ListItem","position":1,"name":"Mora hotell","item":"https:\/\/morahotell.se\/fr\/"},{"@type":"ListItem","position":2,"name":"Bokning","item":"https:\/\/morahotell.se\/bokning\/"},{"@type":"ListItem","position":3,"name":"Spa","item":"https:\/\/morahotell.se\/fr\/produkt-kategori\/spa-fr\/"},{"@type":"ListItem","position":4,"name":"Helkropp","item":"https:\/\/morahotell.se\/fr\/produkt-kategori\/helkropp-fr\/"},{"@type":"ListItem","position":5,"name":"Massage r\u00e9cup\u00e9rateur 80 min"}]},{"@type":"WebSite","@id":"https:\/\/morahotell.se\/fr\/#website","url":"https:\/\/morahotell.se\/fr\/","name":"Mora Hotell &amp; Spa","description":"Fyrstj\u00e4rnigt hotell i Mora, n\u00e4ra Siljan","potentialAction":[{"@type":"SearchAction","target":{"@type":"EntryPoint","urlTemplate":"https:\/\/morahotell.se\/fr\/?s={search_term_string}"},"query-input":{"@type":"PropertyValueSpecification","valueRequired":true,"valueName":"search_term_string"}}],"inLanguage":"fr-FR"}]}},"_links":{"self":[{"href":"https:\/\/morahotell.se\/fr\/wp-json\/wp\/v2\/product\/31030","targetHints":{"allow":["GET"]}}],"collection":[{"href":"https:\/\/morahotell.se\/fr\/wp-json\/wp\/v2\/product"}],"about":[{"href":"https:\/\/morahotell.se\/fr\/wp-json\/wp\/v2\/types\/product"}],"replies":[{"embeddable":true,"href":"https:\/\/morahotell.se\/fr\/wp-json\/wp\/v2\/comments?post=31030"}],"wp:featuredmedia":[{"embeddable":true,"href":"https:\/\/morahotell.se\/fr\/wp-json\/wp\/v2\/media\/29339"}],"wp:attachment":[{"href":"https:\/\/morahotell.se\/fr\/wp-json\/wp\/v2\/media?parent=31030"}],"wp:term":[{"taxonomy":"product_brand","embeddable":true,"href":"https:\/\/morahotell.se\/fr\/wp-json\/wp\/v2\/product_brand?post=31030"},{"taxonomy":"product_cat","embeddable":true,"href":"https:\/\/morahotell.se\/fr\/wp-json\/wp\/v2\/product_cat?post=31030"},{"taxonomy":"product_tag","embeddable":true,"href":"https:\/\/morahotell.se\/fr\/wp-json\/wp\/v2\/product_tag?post=31030"}],"curies":[{"name":"wp","href":"https:\/\/api.w.org\/{rel}","templated":true}]}}