{"id":30800,"date":"2022-04-27T09:39:04","date_gmt":"2022-04-27T07:39:04","guid":{"rendered":"https:\/\/morahotell.se\/?post_type=product&#038;p=30800"},"modified":"2025-12-15T13:28:18","modified_gmt":"2025-12-15T12:28:18","slug":"soin-des-pieds-deluxe-25-min","status":"publish","type":"product","link":"https:\/\/morahotell.se\/fr\/produkt\/spa-fr\/soin-des-pieds-deluxe-25-min\/","title":{"rendered":"Soin des pieds Deluxe 25 min."},"content":{"rendered":"<p>Le soin ultime pour les pieds fatigu\u00e9s et douloureux. Le soin comprend un bain de pieds bienfaisant \u00e0 l&rsquo;eucalyptus, un gommage aux sels min\u00e9raux et un d\u00e9licieux massage des pieds \u00e0 la cr\u00e8me rafra\u00eechissante. Un massage relaxant du cuir chevelu vient compl\u00e9ter le soin.<\/p>\n<p>Prix : 695 SEK<\/p>\n","protected":false},"excerpt":{"rendered":"<p>Le soin ultime pour les pieds fatigu\u00e9s et douloureux. Le soin comprend un bain de pieds bienfaisant \u00e0 l&rsquo;eucalyptus, un gommage aux sels min\u00e9raux et un d\u00e9licieux massage des pieds \u00e0 la cr\u00e8me rafra\u00eechissante. Un massage relaxant du cuir chevelu vient compl\u00e9ter le soin. Prix : 695 SEK<\/p>\n","protected":false},"featured_media":19081,"comment_status":"closed","ping_status":"closed","template":"","meta":{"_acf_changed":false},"product_brand":[],"product_cat":[178,177],"product_tag":[],"class_list":{"0":"post-30800","1":"product","2":"type-product","3":"status-publish","4":"has-post-thumbnail","6":"product_cat-fotvard-fr","7":"product_cat-spa-fr","9":"first","10":"instock","11":"virtual","12":"taxable","13":"purchasable","14":"product-type-simple"},"acf":[],"yoast_head":"<!-- This site is optimized with the Yoast SEO plugin v26.5 - https:\/\/yoast.com\/wordpress\/plugins\/seo\/ -->\n<title>Soin des pieds Deluxe 25 min. - Mora Hotell &amp; Spa<\/title>\n<meta name=\"robots\" content=\"index, follow, max-snippet:-1, max-image-preview:large, max-video-preview:-1\" \/>\n<link rel=\"canonical\" href=\"https:\/\/morahotell.se\/fr\/produkt\/spa-fr\/soin-des-pieds-deluxe-25-min\/\" \/>\n<meta property=\"og:locale\" content=\"fr_FR\" \/>\n<meta property=\"og:type\" content=\"article\" \/>\n<meta property=\"og:title\" content=\"Soin des pieds Deluxe 25 min. - Mora Hotell &amp; Spa\" \/>\n<meta property=\"og:description\" content=\"Le soin ultime pour les pieds fatigu\u00e9s et douloureux. Le soin comprend un bain de pieds bienfaisant \u00e0 l&rsquo;eucalyptus, un gommage aux sels min\u00e9raux et un d\u00e9licieux massage des pieds \u00e0 la cr\u00e8me rafra\u00eechissante. Un massage relaxant du cuir chevelu vient compl\u00e9ter le soin. Prix : 695 SEK\" \/>\n<meta property=\"og:url\" content=\"https:\/\/morahotell.se\/fr\/produkt\/spa-fr\/soin-des-pieds-deluxe-25-min\/\" \/>\n<meta property=\"og:site_name\" content=\"Mora Hotell &amp; Spa\" \/>\n<meta property=\"article:modified_time\" content=\"2025-12-15T12:28:18+00:00\" \/>\n<meta property=\"og:image\" content=\"https:\/\/morahotell.se\/wp-content\/uploads\/2023\/07\/Fotkur.jpg\" \/>\n\t<meta property=\"og:image:width\" content=\"440\" \/>\n\t<meta property=\"og:image:height\" content=\"445\" \/>\n\t<meta property=\"og:image:type\" content=\"image\/jpeg\" \/>\n<meta name=\"twitter:card\" content=\"summary_large_image\" \/>\n<script type=\"application\/ld+json\" class=\"yoast-schema-graph\">{\"@context\":\"https:\/\/schema.org\",\"@graph\":[{\"@type\":\"WebPage\",\"@id\":\"https:\/\/morahotell.se\/fr\/produkt\/spa-fr\/soin-des-pieds-deluxe-25-min\/\",\"url\":\"https:\/\/morahotell.se\/fr\/produkt\/spa-fr\/soin-des-pieds-deluxe-25-min\/\",\"name\":\"Soin des pieds Deluxe 25 min. - Mora Hotell &amp; Spa\",\"isPartOf\":{\"@id\":\"https:\/\/morahotell.se\/fr\/#website\"},\"primaryImageOfPage\":{\"@id\":\"https:\/\/morahotell.se\/fr\/produkt\/spa-fr\/soin-des-pieds-deluxe-25-min\/#primaryimage\"},\"image\":{\"@id\":\"https:\/\/morahotell.se\/fr\/produkt\/spa-fr\/soin-des-pieds-deluxe-25-min\/#primaryimage\"},\"thumbnailUrl\":\"https:\/\/morahotell.se\/wp-content\/uploads\/2023\/07\/Fotkur.jpg\",\"datePublished\":\"2022-04-27T07:39:04+00:00\",\"dateModified\":\"2025-12-15T12:28:18+00:00\",\"breadcrumb\":{\"@id\":\"https:\/\/morahotell.se\/fr\/produkt\/spa-fr\/soin-des-pieds-deluxe-25-min\/#breadcrumb\"},\"inLanguage\":\"fr-FR\",\"potentialAction\":[{\"@type\":\"ReadAction\",\"target\":[\"https:\/\/morahotell.se\/fr\/produkt\/spa-fr\/soin-des-pieds-deluxe-25-min\/\"]}]},{\"@type\":\"ImageObject\",\"inLanguage\":\"fr-FR\",\"@id\":\"https:\/\/morahotell.se\/fr\/produkt\/spa-fr\/soin-des-pieds-deluxe-25-min\/#primaryimage\",\"url\":\"https:\/\/morahotell.se\/wp-content\/uploads\/2023\/07\/Fotkur.jpg\",\"contentUrl\":\"https:\/\/morahotell.se\/wp-content\/uploads\/2023\/07\/Fotkur.jpg\",\"width\":440,\"height\":445},{\"@type\":\"BreadcrumbList\",\"@id\":\"https:\/\/morahotell.se\/fr\/produkt\/spa-fr\/soin-des-pieds-deluxe-25-min\/#breadcrumb\",\"itemListElement\":[{\"@type\":\"ListItem\",\"position\":1,\"name\":\"Mora hotell\",\"item\":\"https:\/\/morahotell.se\/fr\/\"},{\"@type\":\"ListItem\",\"position\":2,\"name\":\"Bokning\",\"item\":\"https:\/\/morahotell.se\/bokning\/\"},{\"@type\":\"ListItem\",\"position\":3,\"name\":\"Fotv\u00e5rd\",\"item\":\"https:\/\/morahotell.se\/fr\/produkt-kategori\/fotvard-fr\/\"},{\"@type\":\"ListItem\",\"position\":4,\"name\":\"Soin des pieds Deluxe 25 min.\"}]},{\"@type\":\"WebSite\",\"@id\":\"https:\/\/morahotell.se\/fr\/#website\",\"url\":\"https:\/\/morahotell.se\/fr\/\",\"name\":\"Mora Hotell &amp; Spa\",\"description\":\"Fyrstj\u00e4rnigt hotell i Mora, n\u00e4ra Siljan\",\"potentialAction\":[{\"@type\":\"SearchAction\",\"target\":{\"@type\":\"EntryPoint\",\"urlTemplate\":\"https:\/\/morahotell.se\/fr\/?s={search_term_string}\"},\"query-input\":{\"@type\":\"PropertyValueSpecification\",\"valueRequired\":true,\"valueName\":\"search_term_string\"}}],\"inLanguage\":\"fr-FR\"}]}<\/script>\n<!-- \/ Yoast SEO plugin. -->","yoast_head_json":{"title":"Soin des pieds Deluxe 25 min. - Mora Hotell &amp; Spa","robots":{"index":"index","follow":"follow","max-snippet":"max-snippet:-1","max-image-preview":"max-image-preview:large","max-video-preview":"max-video-preview:-1"},"canonical":"https:\/\/morahotell.se\/fr\/produkt\/spa-fr\/soin-des-pieds-deluxe-25-min\/","og_locale":"fr_FR","og_type":"article","og_title":"Soin des pieds Deluxe 25 min. - Mora Hotell &amp; Spa","og_description":"Le soin ultime pour les pieds fatigu\u00e9s et douloureux. Le soin comprend un bain de pieds bienfaisant \u00e0 l&rsquo;eucalyptus, un gommage aux sels min\u00e9raux et un d\u00e9licieux massage des pieds \u00e0 la cr\u00e8me rafra\u00eechissante. Un massage relaxant du cuir chevelu vient compl\u00e9ter le soin. Prix : 695 SEK","og_url":"https:\/\/morahotell.se\/fr\/produkt\/spa-fr\/soin-des-pieds-deluxe-25-min\/","og_site_name":"Mora Hotell &amp; Spa","article_modified_time":"2025-12-15T12:28:18+00:00","og_image":[{"width":440,"height":445,"url":"https:\/\/morahotell.se\/wp-content\/uploads\/2023\/07\/Fotkur.jpg","type":"image\/jpeg"}],"twitter_card":"summary_large_image","schema":{"@context":"https:\/\/schema.org","@graph":[{"@type":"WebPage","@id":"https:\/\/morahotell.se\/fr\/produkt\/spa-fr\/soin-des-pieds-deluxe-25-min\/","url":"https:\/\/morahotell.se\/fr\/produkt\/spa-fr\/soin-des-pieds-deluxe-25-min\/","name":"Soin des pieds Deluxe 25 min. - Mora Hotell &amp; Spa","isPartOf":{"@id":"https:\/\/morahotell.se\/fr\/#website"},"primaryImageOfPage":{"@id":"https:\/\/morahotell.se\/fr\/produkt\/spa-fr\/soin-des-pieds-deluxe-25-min\/#primaryimage"},"image":{"@id":"https:\/\/morahotell.se\/fr\/produkt\/spa-fr\/soin-des-pieds-deluxe-25-min\/#primaryimage"},"thumbnailUrl":"https:\/\/morahotell.se\/wp-content\/uploads\/2023\/07\/Fotkur.jpg","datePublished":"2022-04-27T07:39:04+00:00","dateModified":"2025-12-15T12:28:18+00:00","breadcrumb":{"@id":"https:\/\/morahotell.se\/fr\/produkt\/spa-fr\/soin-des-pieds-deluxe-25-min\/#breadcrumb"},"inLanguage":"fr-FR","potentialAction":[{"@type":"ReadAction","target":["https:\/\/morahotell.se\/fr\/produkt\/spa-fr\/soin-des-pieds-deluxe-25-min\/"]}]},{"@type":"ImageObject","inLanguage":"fr-FR","@id":"https:\/\/morahotell.se\/fr\/produkt\/spa-fr\/soin-des-pieds-deluxe-25-min\/#primaryimage","url":"https:\/\/morahotell.se\/wp-content\/uploads\/2023\/07\/Fotkur.jpg","contentUrl":"https:\/\/morahotell.se\/wp-content\/uploads\/2023\/07\/Fotkur.jpg","width":440,"height":445},{"@type":"BreadcrumbList","@id":"https:\/\/morahotell.se\/fr\/produkt\/spa-fr\/soin-des-pieds-deluxe-25-min\/#breadcrumb","itemListElement":[{"@type":"ListItem","position":1,"name":"Mora hotell","item":"https:\/\/morahotell.se\/fr\/"},{"@type":"ListItem","position":2,"name":"Bokning","item":"https:\/\/morahotell.se\/bokning\/"},{"@type":"ListItem","position":3,"name":"Fotv\u00e5rd","item":"https:\/\/morahotell.se\/fr\/produkt-kategori\/fotvard-fr\/"},{"@type":"ListItem","position":4,"name":"Soin des pieds Deluxe 25 min."}]},{"@type":"WebSite","@id":"https:\/\/morahotell.se\/fr\/#website","url":"https:\/\/morahotell.se\/fr\/","name":"Mora Hotell &amp; Spa","description":"Fyrstj\u00e4rnigt hotell i Mora, n\u00e4ra Siljan","potentialAction":[{"@type":"SearchAction","target":{"@type":"EntryPoint","urlTemplate":"https:\/\/morahotell.se\/fr\/?s={search_term_string}"},"query-input":{"@type":"PropertyValueSpecification","valueRequired":true,"valueName":"search_term_string"}}],"inLanguage":"fr-FR"}]}},"_links":{"self":[{"href":"https:\/\/morahotell.se\/fr\/wp-json\/wp\/v2\/product\/30800","targetHints":{"allow":["GET"]}}],"collection":[{"href":"https:\/\/morahotell.se\/fr\/wp-json\/wp\/v2\/product"}],"about":[{"href":"https:\/\/morahotell.se\/fr\/wp-json\/wp\/v2\/types\/product"}],"replies":[{"embeddable":true,"href":"https:\/\/morahotell.se\/fr\/wp-json\/wp\/v2\/comments?post=30800"}],"wp:featuredmedia":[{"embeddable":true,"href":"https:\/\/morahotell.se\/fr\/wp-json\/wp\/v2\/media\/19081"}],"wp:attachment":[{"href":"https:\/\/morahotell.se\/fr\/wp-json\/wp\/v2\/media?parent=30800"}],"wp:term":[{"taxonomy":"product_brand","embeddable":true,"href":"https:\/\/morahotell.se\/fr\/wp-json\/wp\/v2\/product_brand?post=30800"},{"taxonomy":"product_cat","embeddable":true,"href":"https:\/\/morahotell.se\/fr\/wp-json\/wp\/v2\/product_cat?post=30800"},{"taxonomy":"product_tag","embeddable":true,"href":"https:\/\/morahotell.se\/fr\/wp-json\/wp\/v2\/product_tag?post=30800"}],"curies":[{"name":"wp","href":"https:\/\/api.w.org\/{rel}","templated":true}]}}