{"id":30632,"date":"2025-12-02T09:01:29","date_gmt":"2025-12-02T08:01:29","guid":{"rendered":"https:\/\/morahotell.se\/?post_type=product&#038;p=30632"},"modified":"2025-12-15T14:15:52","modified_gmt":"2025-12-15T13:15:52","slug":"blanchiment-des-dents-80-minutes","status":"publish","type":"product","link":"https:\/\/morahotell.se\/fr\/produkt\/spa-fr\/blanchiment-des-dents-80-minutes\/","title":{"rendered":"Blanchiment des dents 80 minutes"},"content":{"rendered":"<p>Le blanchiment des dents est un traitement cosm\u00e9tique qui \u00e9claircit la couleur des dents \u00e0 l&rsquo;aide d&rsquo;agents blanchissants, g\u00e9n\u00e9ralement des gels contenant du peroxyde de carbamide ou du peroxyde d&rsquo;hydrog\u00e8ne, afin d&rsquo;\u00e9liminer les taches sur l&rsquo;\u00e9mail et la dentine. Ce processus \u00e9limine les taches caus\u00e9es par l&rsquo;alimentation, les boissons et le mode de vie, pour un sourire plus blanc. Le traitement peut \u00eatre effectu\u00e9 \u00e0 domicile \u00e0 l&rsquo;aide d&rsquo;un kit d&rsquo;auto-soins ou par un professionnel dans un cabinet dentaire.<\/p>\n<h2>Comment fonctionne le blanchiment des dents ?<\/h2>\n<ul>\n<li>Agents blanchissants : des gels contenant du peroxyde d&rsquo;hydrog\u00e8ne ou du peroxyde de carbamide sont utilis\u00e9s.<\/li>\n<li>Processus chimique : l&rsquo;agent blanchissant p\u00e9n\u00e8tre dans l&rsquo;\u00e9mail et \u00e9limine les mol\u00e9cules color\u00e9es \u00e0 l&rsquo;origine de la d\u00e9coloration.<\/li>\n<li>Lib\u00e9ration d&rsquo;oxyg\u00e8ne : les produits chimiques lib\u00e8rent des radicaux oxyg\u00e9n\u00e9s qui \u00e9liminent les pigments et \u00e9claircissent la dent.<\/li>\n<\/ul>\n<p><strong>Prix normal : 3 000 SEK<\/strong><\/p>\n","protected":false},"excerpt":{"rendered":"<p>Le blanchiment des dents est un traitement cosm\u00e9tique qui \u00e9claircit la couleur des dents \u00e0 l&rsquo;aide d&rsquo;agents blanchissants, g\u00e9n\u00e9ralement des gels contenant du peroxyde de carbamide ou du peroxyde d&rsquo;hydrog\u00e8ne, afin d&rsquo;\u00e9liminer les taches sur l&rsquo;\u00e9mail et la dentine. Ce processus \u00e9limine les taches caus\u00e9es par l&rsquo;alimentation, les boissons et le mode de vie, pour&hellip;<\/p>\n","protected":false},"featured_media":30635,"comment_status":"closed","ping_status":"closed","template":"","meta":{"_acf_changed":false},"product_brand":[],"product_cat":[181,177],"product_tag":[],"class_list":{"0":"post-30632","1":"product","2":"type-product","3":"status-publish","4":"has-post-thumbnail","6":"product_cat-ansiktsbehandling-fr","7":"product_cat-spa-fr","9":"first","10":"instock","11":"taxable","12":"shipping-taxable","13":"purchasable","14":"product-type-simple"},"acf":[],"yoast_head":"<!-- This site is optimized with the Yoast SEO plugin v26.5 - https:\/\/yoast.com\/wordpress\/plugins\/seo\/ -->\n<title>Blanchiment des dents 80 minutes - Mora Hotell &amp; Spa<\/title>\n<meta name=\"description\" content=\"Le blanchiment des dents \u00e9claircit vos dents et \u00e9limine les taches \u00e0 l&#039;aide d&#039;agents blanchissants et d&#039;un gel. Obtenez un sourire plus blanc et r\u00e9servez un blanchiment des dents au Mora Hotell.\" \/>\n<meta name=\"robots\" content=\"index, follow, max-snippet:-1, max-image-preview:large, max-video-preview:-1\" \/>\n<link rel=\"canonical\" href=\"https:\/\/morahotell.se\/fr\/produkt\/spa-fr\/blanchiment-des-dents-80-minutes\/\" \/>\n<meta property=\"og:locale\" content=\"fr_FR\" \/>\n<meta property=\"og:type\" content=\"article\" \/>\n<meta property=\"og:title\" content=\"Blanchiment des dents 80 minutes - Mora Hotell &amp; Spa\" \/>\n<meta property=\"og:description\" content=\"Le blanchiment des dents \u00e9claircit vos dents et \u00e9limine les taches \u00e0 l&#039;aide d&#039;agents blanchissants et d&#039;un gel. Obtenez un sourire plus blanc et r\u00e9servez un blanchiment des dents au Mora Hotell.\" \/>\n<meta property=\"og:url\" content=\"https:\/\/morahotell.se\/fr\/produkt\/spa-fr\/blanchiment-des-dents-80-minutes\/\" \/>\n<meta property=\"og:site_name\" content=\"Mora Hotell &amp; Spa\" \/>\n<meta property=\"article:modified_time\" content=\"2025-12-15T13:15:52+00:00\" \/>\n<meta property=\"og:image\" content=\"https:\/\/morahotell.se\/wp-content\/uploads\/2025\/12\/Tandblekning-scaled.jpg\" \/>\n\t<meta property=\"og:image:width\" content=\"2560\" \/>\n\t<meta property=\"og:image:height\" content=\"1709\" \/>\n\t<meta property=\"og:image:type\" content=\"image\/jpeg\" \/>\n<meta name=\"twitter:card\" content=\"summary_large_image\" \/>\n<meta name=\"twitter:label1\" content=\"Dur\u00e9e de lecture estim\u00e9e\" \/>\n\t<meta name=\"twitter:data1\" content=\"1 minute\" \/>\n<script type=\"application\/ld+json\" class=\"yoast-schema-graph\">{\"@context\":\"https:\/\/schema.org\",\"@graph\":[{\"@type\":\"WebPage\",\"@id\":\"https:\/\/morahotell.se\/fr\/produkt\/spa-fr\/blanchiment-des-dents-80-minutes\/\",\"url\":\"https:\/\/morahotell.se\/fr\/produkt\/spa-fr\/blanchiment-des-dents-80-minutes\/\",\"name\":\"Blanchiment des dents 80 minutes - Mora Hotell &amp; Spa\",\"isPartOf\":{\"@id\":\"https:\/\/morahotell.se\/fr\/#website\"},\"primaryImageOfPage\":{\"@id\":\"https:\/\/morahotell.se\/fr\/produkt\/spa-fr\/blanchiment-des-dents-80-minutes\/#primaryimage\"},\"image\":{\"@id\":\"https:\/\/morahotell.se\/fr\/produkt\/spa-fr\/blanchiment-des-dents-80-minutes\/#primaryimage\"},\"thumbnailUrl\":\"https:\/\/morahotell.se\/wp-content\/uploads\/2025\/12\/Tandblekning-scaled.jpg\",\"datePublished\":\"2025-12-02T08:01:29+00:00\",\"dateModified\":\"2025-12-15T13:15:52+00:00\",\"description\":\"Le blanchiment des dents \u00e9claircit vos dents et \u00e9limine les taches \u00e0 l'aide d'agents blanchissants et d'un gel. Obtenez un sourire plus blanc et r\u00e9servez un blanchiment des dents au Mora Hotell.\",\"breadcrumb\":{\"@id\":\"https:\/\/morahotell.se\/fr\/produkt\/spa-fr\/blanchiment-des-dents-80-minutes\/#breadcrumb\"},\"inLanguage\":\"fr-FR\",\"potentialAction\":[{\"@type\":\"ReadAction\",\"target\":[\"https:\/\/morahotell.se\/fr\/produkt\/spa-fr\/blanchiment-des-dents-80-minutes\/\"]}]},{\"@type\":\"ImageObject\",\"inLanguage\":\"fr-FR\",\"@id\":\"https:\/\/morahotell.se\/fr\/produkt\/spa-fr\/blanchiment-des-dents-80-minutes\/#primaryimage\",\"url\":\"https:\/\/morahotell.se\/wp-content\/uploads\/2025\/12\/Tandblekning-scaled.jpg\",\"contentUrl\":\"https:\/\/morahotell.se\/wp-content\/uploads\/2025\/12\/Tandblekning-scaled.jpg\",\"width\":2560,\"height\":1709},{\"@type\":\"BreadcrumbList\",\"@id\":\"https:\/\/morahotell.se\/fr\/produkt\/spa-fr\/blanchiment-des-dents-80-minutes\/#breadcrumb\",\"itemListElement\":[{\"@type\":\"ListItem\",\"position\":1,\"name\":\"Mora hotell\",\"item\":\"https:\/\/morahotell.se\/fr\/\"},{\"@type\":\"ListItem\",\"position\":2,\"name\":\"Bokning\",\"item\":\"https:\/\/morahotell.se\/bokning\/\"},{\"@type\":\"ListItem\",\"position\":3,\"name\":\"Spa\",\"item\":\"https:\/\/morahotell.se\/fr\/produkt-kategori\/spa-fr\/\"},{\"@type\":\"ListItem\",\"position\":4,\"name\":\"Blanchiment des dents 80 minutes\"}]},{\"@type\":\"WebSite\",\"@id\":\"https:\/\/morahotell.se\/fr\/#website\",\"url\":\"https:\/\/morahotell.se\/fr\/\",\"name\":\"Mora Hotell &amp; Spa\",\"description\":\"Fyrstj\u00e4rnigt hotell i Mora, n\u00e4ra Siljan\",\"potentialAction\":[{\"@type\":\"SearchAction\",\"target\":{\"@type\":\"EntryPoint\",\"urlTemplate\":\"https:\/\/morahotell.se\/fr\/?s={search_term_string}\"},\"query-input\":{\"@type\":\"PropertyValueSpecification\",\"valueRequired\":true,\"valueName\":\"search_term_string\"}}],\"inLanguage\":\"fr-FR\"}]}<\/script>\n<!-- \/ Yoast SEO plugin. -->","yoast_head_json":{"title":"Blanchiment des dents 80 minutes - Mora Hotell &amp; Spa","description":"Le blanchiment des dents \u00e9claircit vos dents et \u00e9limine les taches \u00e0 l'aide d'agents blanchissants et d'un gel. Obtenez un sourire plus blanc et r\u00e9servez un blanchiment des dents au Mora Hotell.","robots":{"index":"index","follow":"follow","max-snippet":"max-snippet:-1","max-image-preview":"max-image-preview:large","max-video-preview":"max-video-preview:-1"},"canonical":"https:\/\/morahotell.se\/fr\/produkt\/spa-fr\/blanchiment-des-dents-80-minutes\/","og_locale":"fr_FR","og_type":"article","og_title":"Blanchiment des dents 80 minutes - Mora Hotell &amp; Spa","og_description":"Le blanchiment des dents \u00e9claircit vos dents et \u00e9limine les taches \u00e0 l'aide d'agents blanchissants et d'un gel. Obtenez un sourire plus blanc et r\u00e9servez un blanchiment des dents au Mora Hotell.","og_url":"https:\/\/morahotell.se\/fr\/produkt\/spa-fr\/blanchiment-des-dents-80-minutes\/","og_site_name":"Mora Hotell &amp; Spa","article_modified_time":"2025-12-15T13:15:52+00:00","og_image":[{"width":2560,"height":1709,"url":"https:\/\/morahotell.se\/wp-content\/uploads\/2025\/12\/Tandblekning-scaled.jpg","type":"image\/jpeg"}],"twitter_card":"summary_large_image","twitter_misc":{"Dur\u00e9e de lecture estim\u00e9e":"1 minute"},"schema":{"@context":"https:\/\/schema.org","@graph":[{"@type":"WebPage","@id":"https:\/\/morahotell.se\/fr\/produkt\/spa-fr\/blanchiment-des-dents-80-minutes\/","url":"https:\/\/morahotell.se\/fr\/produkt\/spa-fr\/blanchiment-des-dents-80-minutes\/","name":"Blanchiment des dents 80 minutes - Mora Hotell &amp; Spa","isPartOf":{"@id":"https:\/\/morahotell.se\/fr\/#website"},"primaryImageOfPage":{"@id":"https:\/\/morahotell.se\/fr\/produkt\/spa-fr\/blanchiment-des-dents-80-minutes\/#primaryimage"},"image":{"@id":"https:\/\/morahotell.se\/fr\/produkt\/spa-fr\/blanchiment-des-dents-80-minutes\/#primaryimage"},"thumbnailUrl":"https:\/\/morahotell.se\/wp-content\/uploads\/2025\/12\/Tandblekning-scaled.jpg","datePublished":"2025-12-02T08:01:29+00:00","dateModified":"2025-12-15T13:15:52+00:00","description":"Le blanchiment des dents \u00e9claircit vos dents et \u00e9limine les taches \u00e0 l'aide d'agents blanchissants et d'un gel. Obtenez un sourire plus blanc et r\u00e9servez un blanchiment des dents au Mora Hotell.","breadcrumb":{"@id":"https:\/\/morahotell.se\/fr\/produkt\/spa-fr\/blanchiment-des-dents-80-minutes\/#breadcrumb"},"inLanguage":"fr-FR","potentialAction":[{"@type":"ReadAction","target":["https:\/\/morahotell.se\/fr\/produkt\/spa-fr\/blanchiment-des-dents-80-minutes\/"]}]},{"@type":"ImageObject","inLanguage":"fr-FR","@id":"https:\/\/morahotell.se\/fr\/produkt\/spa-fr\/blanchiment-des-dents-80-minutes\/#primaryimage","url":"https:\/\/morahotell.se\/wp-content\/uploads\/2025\/12\/Tandblekning-scaled.jpg","contentUrl":"https:\/\/morahotell.se\/wp-content\/uploads\/2025\/12\/Tandblekning-scaled.jpg","width":2560,"height":1709},{"@type":"BreadcrumbList","@id":"https:\/\/morahotell.se\/fr\/produkt\/spa-fr\/blanchiment-des-dents-80-minutes\/#breadcrumb","itemListElement":[{"@type":"ListItem","position":1,"name":"Mora hotell","item":"https:\/\/morahotell.se\/fr\/"},{"@type":"ListItem","position":2,"name":"Bokning","item":"https:\/\/morahotell.se\/bokning\/"},{"@type":"ListItem","position":3,"name":"Spa","item":"https:\/\/morahotell.se\/fr\/produkt-kategori\/spa-fr\/"},{"@type":"ListItem","position":4,"name":"Blanchiment des dents 80 minutes"}]},{"@type":"WebSite","@id":"https:\/\/morahotell.se\/fr\/#website","url":"https:\/\/morahotell.se\/fr\/","name":"Mora Hotell &amp; Spa","description":"Fyrstj\u00e4rnigt hotell i Mora, n\u00e4ra Siljan","potentialAction":[{"@type":"SearchAction","target":{"@type":"EntryPoint","urlTemplate":"https:\/\/morahotell.se\/fr\/?s={search_term_string}"},"query-input":{"@type":"PropertyValueSpecification","valueRequired":true,"valueName":"search_term_string"}}],"inLanguage":"fr-FR"}]}},"_links":{"self":[{"href":"https:\/\/morahotell.se\/fr\/wp-json\/wp\/v2\/product\/30632","targetHints":{"allow":["GET"]}}],"collection":[{"href":"https:\/\/morahotell.se\/fr\/wp-json\/wp\/v2\/product"}],"about":[{"href":"https:\/\/morahotell.se\/fr\/wp-json\/wp\/v2\/types\/product"}],"replies":[{"embeddable":true,"href":"https:\/\/morahotell.se\/fr\/wp-json\/wp\/v2\/comments?post=30632"}],"wp:featuredmedia":[{"embeddable":true,"href":"https:\/\/morahotell.se\/fr\/wp-json\/wp\/v2\/media\/30635"}],"wp:attachment":[{"href":"https:\/\/morahotell.se\/fr\/wp-json\/wp\/v2\/media?parent=30632"}],"wp:term":[{"taxonomy":"product_brand","embeddable":true,"href":"https:\/\/morahotell.se\/fr\/wp-json\/wp\/v2\/product_brand?post=30632"},{"taxonomy":"product_cat","embeddable":true,"href":"https:\/\/morahotell.se\/fr\/wp-json\/wp\/v2\/product_cat?post=30632"},{"taxonomy":"product_tag","embeddable":true,"href":"https:\/\/morahotell.se\/fr\/wp-json\/wp\/v2\/product_tag?post=30632"}],"curies":[{"name":"wp","href":"https:\/\/api.w.org\/{rel}","templated":true}]}}