{"id":30616,"date":"2025-12-02T08:27:03","date_gmt":"2025-12-02T07:27:03","guid":{"rendered":"https:\/\/morahotell.se\/?post_type=product&#038;p=30616"},"modified":"2025-12-15T14:22:08","modified_gmt":"2025-12-15T13:22:08","slug":"microneedling-60-minutes","status":"publish","type":"product","link":"https:\/\/morahotell.se\/fr\/produkt\/spa-fr\/microneedling-60-minutes\/","title":{"rendered":"Microneedling 60 minutes"},"content":{"rendered":"<p>Le microneedling est un traitement dermatologique qui consiste \u00e0 cr\u00e9er des canaux microscopiques dans la peau \u00e0 l&rsquo;aide d&rsquo;aiguilles fines. Ces petites l\u00e9sions activent le processus naturel de cicatrisation de la peau, ce qui entra\u00eene une augmentation de la production de collag\u00e8ne et d&rsquo;\u00e9lastine.<\/p>\n<p>Il en r\u00e9sulte une am\u00e9lioration de la texture de la peau, une fermet\u00e9 accrue et un teint plus uniforme. Le traitement peut \u00eatre utilis\u00e9 pour r\u00e9duire les cicatrices, les ridules, les pores dilat\u00e9s et le teint irr\u00e9gulier.<\/p>\n<p>Prix normal : 2 500 SEK<\/p>\n","protected":false},"excerpt":{"rendered":"<p>Le microneedling est un traitement dermatologique qui consiste \u00e0 cr\u00e9er des canaux microscopiques dans la peau \u00e0 l&rsquo;aide d&rsquo;aiguilles fines. Ces petites l\u00e9sions activent le processus naturel de cicatrisation de la peau, ce qui entra\u00eene une augmentation de la production de collag\u00e8ne et d&rsquo;\u00e9lastine. Il en r\u00e9sulte une am\u00e9lioration de la texture de la peau,&hellip;<\/p>\n","protected":false},"featured_media":30619,"comment_status":"closed","ping_status":"closed","template":"","meta":{"_acf_changed":false},"product_brand":[],"product_cat":[181,177],"product_tag":[],"class_list":{"0":"post-30616","1":"product","2":"type-product","3":"status-publish","4":"has-post-thumbnail","6":"product_cat-ansiktsbehandling-fr","7":"product_cat-spa-fr","9":"first","10":"instock","11":"taxable","12":"shipping-taxable","13":"purchasable","14":"product-type-simple"},"acf":[],"yoast_head":"<!-- This site is optimized with the Yoast SEO plugin v26.5 - https:\/\/yoast.com\/wordpress\/plugins\/seo\/ -->\n<title>Microneedling 60 minutes - Mora Hotell &amp; Spa<\/title>\n<meta name=\"robots\" content=\"index, follow, max-snippet:-1, max-image-preview:large, max-video-preview:-1\" \/>\n<link rel=\"canonical\" href=\"https:\/\/morahotell.se\/fr\/produkt\/spa-fr\/microneedling-60-minutes\/\" \/>\n<meta property=\"og:locale\" content=\"fr_FR\" \/>\n<meta property=\"og:type\" content=\"article\" \/>\n<meta property=\"og:title\" content=\"Microneedling 60 minutes - Mora Hotell &amp; Spa\" \/>\n<meta property=\"og:description\" content=\"Le microneedling est un traitement dermatologique qui consiste \u00e0 cr\u00e9er des canaux microscopiques dans la peau \u00e0 l&rsquo;aide d&rsquo;aiguilles fines. Ces petites l\u00e9sions activent le processus naturel de cicatrisation de la peau, ce qui entra\u00eene une augmentation de la production de collag\u00e8ne et d&rsquo;\u00e9lastine. Il en r\u00e9sulte une am\u00e9lioration de la texture de la peau,&hellip;\" \/>\n<meta property=\"og:url\" content=\"https:\/\/morahotell.se\/fr\/produkt\/spa-fr\/microneedling-60-minutes\/\" \/>\n<meta property=\"og:site_name\" content=\"Mora Hotell &amp; Spa\" \/>\n<meta property=\"article:modified_time\" content=\"2025-12-15T13:22:08+00:00\" \/>\n<meta property=\"og:image\" content=\"https:\/\/morahotell.se\/wp-content\/uploads\/2025\/12\/microneedling-scaled.jpg\" \/>\n\t<meta property=\"og:image:width\" content=\"2560\" \/>\n\t<meta property=\"og:image:height\" content=\"1350\" \/>\n\t<meta property=\"og:image:type\" content=\"image\/jpeg\" \/>\n<meta name=\"twitter:card\" content=\"summary_large_image\" \/>\n<script type=\"application\/ld+json\" class=\"yoast-schema-graph\">{\"@context\":\"https:\/\/schema.org\",\"@graph\":[{\"@type\":\"WebPage\",\"@id\":\"https:\/\/morahotell.se\/fr\/produkt\/spa-fr\/microneedling-60-minutes\/\",\"url\":\"https:\/\/morahotell.se\/fr\/produkt\/spa-fr\/microneedling-60-minutes\/\",\"name\":\"Microneedling 60 minutes - Mora Hotell &amp; Spa\",\"isPartOf\":{\"@id\":\"https:\/\/morahotell.se\/fr\/#website\"},\"primaryImageOfPage\":{\"@id\":\"https:\/\/morahotell.se\/fr\/produkt\/spa-fr\/microneedling-60-minutes\/#primaryimage\"},\"image\":{\"@id\":\"https:\/\/morahotell.se\/fr\/produkt\/spa-fr\/microneedling-60-minutes\/#primaryimage\"},\"thumbnailUrl\":\"https:\/\/morahotell.se\/wp-content\/uploads\/2025\/12\/microneedling-scaled.jpg\",\"datePublished\":\"2025-12-02T07:27:03+00:00\",\"dateModified\":\"2025-12-15T13:22:08+00:00\",\"breadcrumb\":{\"@id\":\"https:\/\/morahotell.se\/fr\/produkt\/spa-fr\/microneedling-60-minutes\/#breadcrumb\"},\"inLanguage\":\"fr-FR\",\"potentialAction\":[{\"@type\":\"ReadAction\",\"target\":[\"https:\/\/morahotell.se\/fr\/produkt\/spa-fr\/microneedling-60-minutes\/\"]}]},{\"@type\":\"ImageObject\",\"inLanguage\":\"fr-FR\",\"@id\":\"https:\/\/morahotell.se\/fr\/produkt\/spa-fr\/microneedling-60-minutes\/#primaryimage\",\"url\":\"https:\/\/morahotell.se\/wp-content\/uploads\/2025\/12\/microneedling-scaled.jpg\",\"contentUrl\":\"https:\/\/morahotell.se\/wp-content\/uploads\/2025\/12\/microneedling-scaled.jpg\",\"width\":2560,\"height\":1350},{\"@type\":\"BreadcrumbList\",\"@id\":\"https:\/\/morahotell.se\/fr\/produkt\/spa-fr\/microneedling-60-minutes\/#breadcrumb\",\"itemListElement\":[{\"@type\":\"ListItem\",\"position\":1,\"name\":\"Mora hotell\",\"item\":\"https:\/\/morahotell.se\/fr\/\"},{\"@type\":\"ListItem\",\"position\":2,\"name\":\"Bokning\",\"item\":\"https:\/\/morahotell.se\/bokning\/\"},{\"@type\":\"ListItem\",\"position\":3,\"name\":\"Spa\",\"item\":\"https:\/\/morahotell.se\/fr\/produkt-kategori\/spa-fr\/\"},{\"@type\":\"ListItem\",\"position\":4,\"name\":\"Microneedling 60 minutes\"}]},{\"@type\":\"WebSite\",\"@id\":\"https:\/\/morahotell.se\/fr\/#website\",\"url\":\"https:\/\/morahotell.se\/fr\/\",\"name\":\"Mora Hotell &amp; Spa\",\"description\":\"Fyrstj\u00e4rnigt hotell i Mora, n\u00e4ra Siljan\",\"potentialAction\":[{\"@type\":\"SearchAction\",\"target\":{\"@type\":\"EntryPoint\",\"urlTemplate\":\"https:\/\/morahotell.se\/fr\/?s={search_term_string}\"},\"query-input\":{\"@type\":\"PropertyValueSpecification\",\"valueRequired\":true,\"valueName\":\"search_term_string\"}}],\"inLanguage\":\"fr-FR\"}]}<\/script>\n<!-- \/ Yoast SEO plugin. -->","yoast_head_json":{"title":"Microneedling 60 minutes - Mora Hotell &amp; Spa","robots":{"index":"index","follow":"follow","max-snippet":"max-snippet:-1","max-image-preview":"max-image-preview:large","max-video-preview":"max-video-preview:-1"},"canonical":"https:\/\/morahotell.se\/fr\/produkt\/spa-fr\/microneedling-60-minutes\/","og_locale":"fr_FR","og_type":"article","og_title":"Microneedling 60 minutes - Mora Hotell &amp; Spa","og_description":"Le microneedling est un traitement dermatologique qui consiste \u00e0 cr\u00e9er des canaux microscopiques dans la peau \u00e0 l&rsquo;aide d&rsquo;aiguilles fines. Ces petites l\u00e9sions activent le processus naturel de cicatrisation de la peau, ce qui entra\u00eene une augmentation de la production de collag\u00e8ne et d&rsquo;\u00e9lastine. Il en r\u00e9sulte une am\u00e9lioration de la texture de la peau,&hellip;","og_url":"https:\/\/morahotell.se\/fr\/produkt\/spa-fr\/microneedling-60-minutes\/","og_site_name":"Mora Hotell &amp; Spa","article_modified_time":"2025-12-15T13:22:08+00:00","og_image":[{"width":2560,"height":1350,"url":"https:\/\/morahotell.se\/wp-content\/uploads\/2025\/12\/microneedling-scaled.jpg","type":"image\/jpeg"}],"twitter_card":"summary_large_image","schema":{"@context":"https:\/\/schema.org","@graph":[{"@type":"WebPage","@id":"https:\/\/morahotell.se\/fr\/produkt\/spa-fr\/microneedling-60-minutes\/","url":"https:\/\/morahotell.se\/fr\/produkt\/spa-fr\/microneedling-60-minutes\/","name":"Microneedling 60 minutes - Mora Hotell &amp; Spa","isPartOf":{"@id":"https:\/\/morahotell.se\/fr\/#website"},"primaryImageOfPage":{"@id":"https:\/\/morahotell.se\/fr\/produkt\/spa-fr\/microneedling-60-minutes\/#primaryimage"},"image":{"@id":"https:\/\/morahotell.se\/fr\/produkt\/spa-fr\/microneedling-60-minutes\/#primaryimage"},"thumbnailUrl":"https:\/\/morahotell.se\/wp-content\/uploads\/2025\/12\/microneedling-scaled.jpg","datePublished":"2025-12-02T07:27:03+00:00","dateModified":"2025-12-15T13:22:08+00:00","breadcrumb":{"@id":"https:\/\/morahotell.se\/fr\/produkt\/spa-fr\/microneedling-60-minutes\/#breadcrumb"},"inLanguage":"fr-FR","potentialAction":[{"@type":"ReadAction","target":["https:\/\/morahotell.se\/fr\/produkt\/spa-fr\/microneedling-60-minutes\/"]}]},{"@type":"ImageObject","inLanguage":"fr-FR","@id":"https:\/\/morahotell.se\/fr\/produkt\/spa-fr\/microneedling-60-minutes\/#primaryimage","url":"https:\/\/morahotell.se\/wp-content\/uploads\/2025\/12\/microneedling-scaled.jpg","contentUrl":"https:\/\/morahotell.se\/wp-content\/uploads\/2025\/12\/microneedling-scaled.jpg","width":2560,"height":1350},{"@type":"BreadcrumbList","@id":"https:\/\/morahotell.se\/fr\/produkt\/spa-fr\/microneedling-60-minutes\/#breadcrumb","itemListElement":[{"@type":"ListItem","position":1,"name":"Mora hotell","item":"https:\/\/morahotell.se\/fr\/"},{"@type":"ListItem","position":2,"name":"Bokning","item":"https:\/\/morahotell.se\/bokning\/"},{"@type":"ListItem","position":3,"name":"Spa","item":"https:\/\/morahotell.se\/fr\/produkt-kategori\/spa-fr\/"},{"@type":"ListItem","position":4,"name":"Microneedling 60 minutes"}]},{"@type":"WebSite","@id":"https:\/\/morahotell.se\/fr\/#website","url":"https:\/\/morahotell.se\/fr\/","name":"Mora Hotell &amp; Spa","description":"Fyrstj\u00e4rnigt hotell i Mora, n\u00e4ra Siljan","potentialAction":[{"@type":"SearchAction","target":{"@type":"EntryPoint","urlTemplate":"https:\/\/morahotell.se\/fr\/?s={search_term_string}"},"query-input":{"@type":"PropertyValueSpecification","valueRequired":true,"valueName":"search_term_string"}}],"inLanguage":"fr-FR"}]}},"_links":{"self":[{"href":"https:\/\/morahotell.se\/fr\/wp-json\/wp\/v2\/product\/30616","targetHints":{"allow":["GET"]}}],"collection":[{"href":"https:\/\/morahotell.se\/fr\/wp-json\/wp\/v2\/product"}],"about":[{"href":"https:\/\/morahotell.se\/fr\/wp-json\/wp\/v2\/types\/product"}],"replies":[{"embeddable":true,"href":"https:\/\/morahotell.se\/fr\/wp-json\/wp\/v2\/comments?post=30616"}],"wp:featuredmedia":[{"embeddable":true,"href":"https:\/\/morahotell.se\/fr\/wp-json\/wp\/v2\/media\/30619"}],"wp:attachment":[{"href":"https:\/\/morahotell.se\/fr\/wp-json\/wp\/v2\/media?parent=30616"}],"wp:term":[{"taxonomy":"product_brand","embeddable":true,"href":"https:\/\/morahotell.se\/fr\/wp-json\/wp\/v2\/product_brand?post=30616"},{"taxonomy":"product_cat","embeddable":true,"href":"https:\/\/morahotell.se\/fr\/wp-json\/wp\/v2\/product_cat?post=30616"},{"taxonomy":"product_tag","embeddable":true,"href":"https:\/\/morahotell.se\/fr\/wp-json\/wp\/v2\/product_tag?post=30616"}],"curies":[{"name":"wp","href":"https:\/\/api.w.org\/{rel}","templated":true}]}}