{"id":30611,"date":"2025-12-02T08:13:47","date_gmt":"2025-12-02T07:13:47","guid":{"rendered":"https:\/\/morahotell.se\/?post_type=product&#038;p=30611"},"modified":"2025-12-15T14:20:09","modified_gmt":"2025-12-15T13:20:09","slug":"microblading-3d-120-minutes","status":"publish","type":"product","link":"https:\/\/morahotell.se\/fr\/produkt\/spa-fr\/microblading-3d-120-minutes\/","title":{"rendered":"Microblading 3D 120 minutes"},"content":{"rendered":"<p>Le microblading est une technique de tatouage cosm\u00e9tique semi-permanent qui permet de cr\u00e9er des sourcils naturels et bien dessin\u00e9s en gravant des poils individuels dans la couche sup\u00e9rieure de la peau \u00e0 l&rsquo;aide d&rsquo;un outil manuel.<\/p>\n<p>Cette m\u00e9thode donne un effet 3D en m\u00e9langeant le pigment \u00e0 vos propres poils existants et constitue une solution id\u00e9ale pour celles qui souhaitent avoir des sourcils bien dessin\u00e9s sans avoir \u00e0 se maquiller tous les jours. Le r\u00e9sultat dure g\u00e9n\u00e9ralement de 1 \u00e0 3 ans et n\u00e9cessite une retouche annuelle pour conserver la couleur et la forme.<\/p>\n<p>Prix normal : 4 000 SEK<\/p>\n","protected":false},"excerpt":{"rendered":"<p>Le microblading est une technique de tatouage cosm\u00e9tique semi-permanent qui permet de cr\u00e9er des sourcils naturels et bien dessin\u00e9s en gravant des poils individuels dans la couche sup\u00e9rieure de la peau \u00e0 l&rsquo;aide d&rsquo;un outil manuel. Cette m\u00e9thode donne un effet 3D en m\u00e9langeant le pigment \u00e0 vos propres poils existants et constitue une solution&hellip;<\/p>\n","protected":false},"featured_media":30608,"comment_status":"closed","ping_status":"closed","template":"","meta":{"_acf_changed":false},"product_brand":[],"product_cat":[181,177],"product_tag":[],"class_list":{"0":"post-30611","1":"product","2":"type-product","3":"status-publish","4":"has-post-thumbnail","6":"product_cat-ansiktsbehandling-fr","7":"product_cat-spa-fr","9":"first","10":"instock","11":"taxable","12":"shipping-taxable","13":"purchasable","14":"product-type-simple"},"acf":[],"yoast_head":"<!-- This site is optimized with the Yoast SEO plugin v26.5 - https:\/\/yoast.com\/wordpress\/plugins\/seo\/ -->\n<title>Microblading 3D 120 minutes - Mora Hotell &amp; Spa<\/title>\n<meta name=\"robots\" content=\"index, follow, max-snippet:-1, max-image-preview:large, max-video-preview:-1\" \/>\n<link rel=\"canonical\" href=\"https:\/\/morahotell.se\/fr\/produkt\/spa-fr\/microblading-3d-120-minutes\/\" \/>\n<meta property=\"og:locale\" content=\"fr_FR\" \/>\n<meta property=\"og:type\" content=\"article\" \/>\n<meta property=\"og:title\" content=\"Microblading 3D 120 minutes - Mora Hotell &amp; Spa\" \/>\n<meta property=\"og:description\" content=\"Le microblading est une technique de tatouage cosm\u00e9tique semi-permanent qui permet de cr\u00e9er des sourcils naturels et bien dessin\u00e9s en gravant des poils individuels dans la couche sup\u00e9rieure de la peau \u00e0 l&rsquo;aide d&rsquo;un outil manuel. Cette m\u00e9thode donne un effet 3D en m\u00e9langeant le pigment \u00e0 vos propres poils existants et constitue une solution&hellip;\" \/>\n<meta property=\"og:url\" content=\"https:\/\/morahotell.se\/fr\/produkt\/spa-fr\/microblading-3d-120-minutes\/\" \/>\n<meta property=\"og:site_name\" content=\"Mora Hotell &amp; Spa\" \/>\n<meta property=\"article:modified_time\" content=\"2025-12-15T13:20:09+00:00\" \/>\n<meta property=\"og:image\" content=\"https:\/\/morahotell.se\/wp-content\/uploads\/2025\/12\/Microblading-scaled.jpg\" \/>\n\t<meta property=\"og:image:width\" content=\"2560\" \/>\n\t<meta property=\"og:image:height\" content=\"1707\" \/>\n\t<meta property=\"og:image:type\" content=\"image\/jpeg\" \/>\n<meta name=\"twitter:card\" content=\"summary_large_image\" \/>\n<meta name=\"twitter:label1\" content=\"Dur\u00e9e de lecture estim\u00e9e\" \/>\n\t<meta name=\"twitter:data1\" content=\"1 minute\" \/>\n<script type=\"application\/ld+json\" class=\"yoast-schema-graph\">{\"@context\":\"https:\/\/schema.org\",\"@graph\":[{\"@type\":\"WebPage\",\"@id\":\"https:\/\/morahotell.se\/fr\/produkt\/spa-fr\/microblading-3d-120-minutes\/\",\"url\":\"https:\/\/morahotell.se\/fr\/produkt\/spa-fr\/microblading-3d-120-minutes\/\",\"name\":\"Microblading 3D 120 minutes - Mora Hotell &amp; Spa\",\"isPartOf\":{\"@id\":\"https:\/\/morahotell.se\/fr\/#website\"},\"primaryImageOfPage\":{\"@id\":\"https:\/\/morahotell.se\/fr\/produkt\/spa-fr\/microblading-3d-120-minutes\/#primaryimage\"},\"image\":{\"@id\":\"https:\/\/morahotell.se\/fr\/produkt\/spa-fr\/microblading-3d-120-minutes\/#primaryimage\"},\"thumbnailUrl\":\"https:\/\/morahotell.se\/wp-content\/uploads\/2025\/12\/Microblading-scaled.jpg\",\"datePublished\":\"2025-12-02T07:13:47+00:00\",\"dateModified\":\"2025-12-15T13:20:09+00:00\",\"breadcrumb\":{\"@id\":\"https:\/\/morahotell.se\/fr\/produkt\/spa-fr\/microblading-3d-120-minutes\/#breadcrumb\"},\"inLanguage\":\"fr-FR\",\"potentialAction\":[{\"@type\":\"ReadAction\",\"target\":[\"https:\/\/morahotell.se\/fr\/produkt\/spa-fr\/microblading-3d-120-minutes\/\"]}]},{\"@type\":\"ImageObject\",\"inLanguage\":\"fr-FR\",\"@id\":\"https:\/\/morahotell.se\/fr\/produkt\/spa-fr\/microblading-3d-120-minutes\/#primaryimage\",\"url\":\"https:\/\/morahotell.se\/wp-content\/uploads\/2025\/12\/Microblading-scaled.jpg\",\"contentUrl\":\"https:\/\/morahotell.se\/wp-content\/uploads\/2025\/12\/Microblading-scaled.jpg\",\"width\":2560,\"height\":1707},{\"@type\":\"BreadcrumbList\",\"@id\":\"https:\/\/morahotell.se\/fr\/produkt\/spa-fr\/microblading-3d-120-minutes\/#breadcrumb\",\"itemListElement\":[{\"@type\":\"ListItem\",\"position\":1,\"name\":\"Mora hotell\",\"item\":\"https:\/\/morahotell.se\/fr\/\"},{\"@type\":\"ListItem\",\"position\":2,\"name\":\"Bokning\",\"item\":\"https:\/\/morahotell.se\/bokning\/\"},{\"@type\":\"ListItem\",\"position\":3,\"name\":\"Spa\",\"item\":\"https:\/\/morahotell.se\/fr\/produkt-kategori\/spa-fr\/\"},{\"@type\":\"ListItem\",\"position\":4,\"name\":\"Microblading 3D 120 minutes\"}]},{\"@type\":\"WebSite\",\"@id\":\"https:\/\/morahotell.se\/fr\/#website\",\"url\":\"https:\/\/morahotell.se\/fr\/\",\"name\":\"Mora Hotell &amp; Spa\",\"description\":\"Fyrstj\u00e4rnigt hotell i Mora, n\u00e4ra Siljan\",\"potentialAction\":[{\"@type\":\"SearchAction\",\"target\":{\"@type\":\"EntryPoint\",\"urlTemplate\":\"https:\/\/morahotell.se\/fr\/?s={search_term_string}\"},\"query-input\":{\"@type\":\"PropertyValueSpecification\",\"valueRequired\":true,\"valueName\":\"search_term_string\"}}],\"inLanguage\":\"fr-FR\"}]}<\/script>\n<!-- \/ Yoast SEO plugin. -->","yoast_head_json":{"title":"Microblading 3D 120 minutes - Mora Hotell &amp; Spa","robots":{"index":"index","follow":"follow","max-snippet":"max-snippet:-1","max-image-preview":"max-image-preview:large","max-video-preview":"max-video-preview:-1"},"canonical":"https:\/\/morahotell.se\/fr\/produkt\/spa-fr\/microblading-3d-120-minutes\/","og_locale":"fr_FR","og_type":"article","og_title":"Microblading 3D 120 minutes - Mora Hotell &amp; Spa","og_description":"Le microblading est une technique de tatouage cosm\u00e9tique semi-permanent qui permet de cr\u00e9er des sourcils naturels et bien dessin\u00e9s en gravant des poils individuels dans la couche sup\u00e9rieure de la peau \u00e0 l&rsquo;aide d&rsquo;un outil manuel. Cette m\u00e9thode donne un effet 3D en m\u00e9langeant le pigment \u00e0 vos propres poils existants et constitue une solution&hellip;","og_url":"https:\/\/morahotell.se\/fr\/produkt\/spa-fr\/microblading-3d-120-minutes\/","og_site_name":"Mora Hotell &amp; Spa","article_modified_time":"2025-12-15T13:20:09+00:00","og_image":[{"width":2560,"height":1707,"url":"https:\/\/morahotell.se\/wp-content\/uploads\/2025\/12\/Microblading-scaled.jpg","type":"image\/jpeg"}],"twitter_card":"summary_large_image","twitter_misc":{"Dur\u00e9e de lecture estim\u00e9e":"1 minute"},"schema":{"@context":"https:\/\/schema.org","@graph":[{"@type":"WebPage","@id":"https:\/\/morahotell.se\/fr\/produkt\/spa-fr\/microblading-3d-120-minutes\/","url":"https:\/\/morahotell.se\/fr\/produkt\/spa-fr\/microblading-3d-120-minutes\/","name":"Microblading 3D 120 minutes - Mora Hotell &amp; Spa","isPartOf":{"@id":"https:\/\/morahotell.se\/fr\/#website"},"primaryImageOfPage":{"@id":"https:\/\/morahotell.se\/fr\/produkt\/spa-fr\/microblading-3d-120-minutes\/#primaryimage"},"image":{"@id":"https:\/\/morahotell.se\/fr\/produkt\/spa-fr\/microblading-3d-120-minutes\/#primaryimage"},"thumbnailUrl":"https:\/\/morahotell.se\/wp-content\/uploads\/2025\/12\/Microblading-scaled.jpg","datePublished":"2025-12-02T07:13:47+00:00","dateModified":"2025-12-15T13:20:09+00:00","breadcrumb":{"@id":"https:\/\/morahotell.se\/fr\/produkt\/spa-fr\/microblading-3d-120-minutes\/#breadcrumb"},"inLanguage":"fr-FR","potentialAction":[{"@type":"ReadAction","target":["https:\/\/morahotell.se\/fr\/produkt\/spa-fr\/microblading-3d-120-minutes\/"]}]},{"@type":"ImageObject","inLanguage":"fr-FR","@id":"https:\/\/morahotell.se\/fr\/produkt\/spa-fr\/microblading-3d-120-minutes\/#primaryimage","url":"https:\/\/morahotell.se\/wp-content\/uploads\/2025\/12\/Microblading-scaled.jpg","contentUrl":"https:\/\/morahotell.se\/wp-content\/uploads\/2025\/12\/Microblading-scaled.jpg","width":2560,"height":1707},{"@type":"BreadcrumbList","@id":"https:\/\/morahotell.se\/fr\/produkt\/spa-fr\/microblading-3d-120-minutes\/#breadcrumb","itemListElement":[{"@type":"ListItem","position":1,"name":"Mora hotell","item":"https:\/\/morahotell.se\/fr\/"},{"@type":"ListItem","position":2,"name":"Bokning","item":"https:\/\/morahotell.se\/bokning\/"},{"@type":"ListItem","position":3,"name":"Spa","item":"https:\/\/morahotell.se\/fr\/produkt-kategori\/spa-fr\/"},{"@type":"ListItem","position":4,"name":"Microblading 3D 120 minutes"}]},{"@type":"WebSite","@id":"https:\/\/morahotell.se\/fr\/#website","url":"https:\/\/morahotell.se\/fr\/","name":"Mora Hotell &amp; Spa","description":"Fyrstj\u00e4rnigt hotell i Mora, n\u00e4ra Siljan","potentialAction":[{"@type":"SearchAction","target":{"@type":"EntryPoint","urlTemplate":"https:\/\/morahotell.se\/fr\/?s={search_term_string}"},"query-input":{"@type":"PropertyValueSpecification","valueRequired":true,"valueName":"search_term_string"}}],"inLanguage":"fr-FR"}]}},"_links":{"self":[{"href":"https:\/\/morahotell.se\/fr\/wp-json\/wp\/v2\/product\/30611","targetHints":{"allow":["GET"]}}],"collection":[{"href":"https:\/\/morahotell.se\/fr\/wp-json\/wp\/v2\/product"}],"about":[{"href":"https:\/\/morahotell.se\/fr\/wp-json\/wp\/v2\/types\/product"}],"replies":[{"embeddable":true,"href":"https:\/\/morahotell.se\/fr\/wp-json\/wp\/v2\/comments?post=30611"}],"wp:featuredmedia":[{"embeddable":true,"href":"https:\/\/morahotell.se\/fr\/wp-json\/wp\/v2\/media\/30608"}],"wp:attachment":[{"href":"https:\/\/morahotell.se\/fr\/wp-json\/wp\/v2\/media?parent=30611"}],"wp:term":[{"taxonomy":"product_brand","embeddable":true,"href":"https:\/\/morahotell.se\/fr\/wp-json\/wp\/v2\/product_brand?post=30611"},{"taxonomy":"product_cat","embeddable":true,"href":"https:\/\/morahotell.se\/fr\/wp-json\/wp\/v2\/product_cat?post=30611"},{"taxonomy":"product_tag","embeddable":true,"href":"https:\/\/morahotell.se\/fr\/wp-json\/wp\/v2\/product_tag?post=30611"}],"curies":[{"name":"wp","href":"https:\/\/api.w.org\/{rel}","templated":true}]}}