{"id":30349,"date":"2022-09-02T15:15:21","date_gmt":"2022-09-02T13:15:21","guid":{"rendered":"https:\/\/morahotell.se\/?post_type=product&#038;p=30349"},"modified":"2025-11-07T16:11:42","modified_gmt":"2025-11-07T15:11:42","slug":"tomteland-le-pays-des-contes-de-fees-en-hiver","status":"publish","type":"product","link":"https:\/\/morahotell.se\/fr\/produkt\/offres-speciales\/tomteland-le-pays-des-contes-de-fees-en-hiver\/","title":{"rendered":"Tomteland, le pays des contes de f\u00e9es en hiver"},"content":{"rendered":"<p>Un hiver magique vous attend \u00e0 Tomteland, \u00e0 Gesunda.<\/p>\n<p>En savoir plus sur l&rsquo;hiver magique de Tomteland<\/p>\n<p><strong>JOURN\u00c9ES MAGIQUES D&rsquo;HIVER 2025<\/strong><br \/>\n<strong>Novembre : 29, 30<\/strong><br \/>\n<strong>D\u00e9cembre : 6-7, 13-14, 18-23, 25-30<\/strong><br \/>\n<strong>Janvier : 2-6, 10-11<\/strong><\/p>\n<p><strong>Forfait Tomteland au Mora Hotell pour 2 adultes et 2 enfants, \u00e0 partir de 5 480 SEK<\/strong><\/p>\n<ul>\n<li>H\u00e9bergement en chambres familiales et\/ou chambres affaires. (Chambres de conte de f\u00e9es disponibles moyennant un suppl\u00e9ment).<\/li>\n<li>Grand buffet petit-d\u00e9jeuner qui vous permettra de tenir toute la journ\u00e9e.<\/li>\n<li>D\u00eener \u00e0 2 plats (entr\u00e9e et plat principal pour les adultes (\u00e2g\u00e9s de 13 ans et plus). Les enfants (de moins de 13 ans) peuvent choisir leurs plats pr\u00e9f\u00e9r\u00e9s dans notre menu enfant), recommand\u00e9 par notre chef cuisinier. Voir le lien pour le menu<\/li>\n<li>Entr\u00e9e \u00e0 Sagolandet Tomteland. Pour plus d&rsquo;informations et les heures d&rsquo;ouverture, rendez-vous sur <a href=\"https:\/\/www.tomteland.se\/\">www.tomteland.se<\/a><\/li>\n<li>Acc\u00e8s \u00e0 l&rsquo;espace d\u00e9tente avec piscine, hammam et sauna sec. (Consultez la rubrique Spa &amp; Relax pour conna\u00eetre les horaires d&rsquo;ouverture \/ renseignez-vous lors de la r\u00e9servation ou \u00e0 la r\u00e9ception \u00e0 votre arriv\u00e9e).<\/li>\n<\/ul>\n<p>Votre d\u00eener est r\u00e9serv\u00e9 \u00e0 17 h (Sagolandet ferme \u00e0 16 h). Si vous souhaitez un autre horaire, veuillez en informer la r\u00e9ception.<\/p>\n<p>Nous vous recommandons de r\u00e9server une table \u00e0 l&rsquo;avance afin d&rsquo;avoir termin\u00e9 votre d\u00eener avant l&rsquo;ouverture de l&rsquo;espace d\u00e9tente avec piscine et sauna.<\/p>\n<p>Veuillez nous contacter pour conna\u00eetre les tarifs pour les familles dont le nombre de membres est diff\u00e9rent. Sagorum est disponible moyennant un suppl\u00e9ment ; <a href=\"https:\/\/morahotell.se\/fr\/a-propos-de-nousom-oss\/contactez-nous\/\">veuillez contacter la r\u00e9ception.<\/a><\/p>\n<p>Les forfaits peuvent \u00eatre r\u00e9serv\u00e9s au plus tard 48 heures avant l&rsquo;arriv\u00e9e.<\/p>\n<p>Le prix est valable pour une famille de 2 adultes + 2 enfants.<\/p>\n<p>Il y a trois trajets par jour vers Tomteland :<br \/>\nle matin\/\u00e0 l&rsquo;ouverture et le soir\/\u00e0 la fermeture, ils vont jusqu&rsquo;\u00e0 l&rsquo;entr\u00e9e, tandis que celui de midi s&rsquo;arr\u00eate en bas de la route.<br \/>\nN&rsquo;h\u00e9sitez pas \u00e0 t\u00e9l\u00e9charger l&rsquo;application Dalarna Traffic ou celle de SJ (la gare de Morastrands est la plus proche, \u00e0 100 m\u00e8tres de l&rsquo;h\u00f4tel).<\/p>\n<p>Ne manquez pas l&rsquo;ensemble du Sagolandet ! Nuit suppl\u00e9mentaire pour 3 100 \u00a3, incluant le billet, le bain et le petit-d\u00e9jeuner.<\/p>\n","protected":false},"excerpt":{"rendered":"<p>Un hiver magique vous attend \u00e0 Tomteland, o\u00f9 tous les personnages de contes de f\u00e9es ont \u00e9lu domicile. Venez visiter ce paradis pour toute la famille. Pendant votre s\u00e9jour, profitez du confort des lits douillets, de la bonne cuisine et des moments de d\u00e9tente au Mora Hotell &amp; Spa.<\/p>\n","protected":false},"featured_media":16081,"comment_status":"closed","ping_status":"closed","template":"","meta":{"_acf_changed":false},"product_brand":[],"product_cat":[162,149],"product_tag":[166,150],"class_list":{"0":"post-30349","1":"product","2":"type-product","3":"status-publish","4":"has-post-thumbnail","6":"product_cat-automne-hiver","7":"product_cat-offres-speciales","8":"product_tag-forfragningsprodukt-fr","9":"product_tag-paket-startsidan-fr","11":"first","12":"instock","13":"taxable","14":"shipping-taxable","15":"purchasable","16":"product-type-simple"},"acf":[],"yoast_head":"<!-- This site is optimized with the Yoast SEO plugin v26.5 - https:\/\/yoast.com\/wordpress\/plugins\/seo\/ -->\n<title>Tomteland, le pays des contes de f\u00e9es en hiver - Mora Hotell &amp; Spa<\/title>\n<meta name=\"robots\" content=\"index, follow, max-snippet:-1, max-image-preview:large, max-video-preview:-1\" \/>\n<link rel=\"canonical\" href=\"https:\/\/morahotell.se\/fr\/produkt\/offres-speciales\/tomteland-le-pays-des-contes-de-fees-en-hiver\/\" \/>\n<meta property=\"og:locale\" content=\"fr_FR\" \/>\n<meta property=\"og:type\" content=\"article\" \/>\n<meta property=\"og:title\" content=\"Tomteland, le pays des contes de f\u00e9es en hiver - Mora Hotell &amp; Spa\" \/>\n<meta property=\"og:description\" content=\"Un hiver magique vous attend \u00e0 Tomteland, o\u00f9 tous les personnages de contes de f\u00e9es ont \u00e9lu domicile. Venez visiter ce paradis pour toute la famille. Pendant votre s\u00e9jour, profitez du confort des lits douillets, de la bonne cuisine et des moments de d\u00e9tente au Mora Hotell &amp; Spa.\" \/>\n<meta property=\"og:url\" content=\"https:\/\/morahotell.se\/fr\/produkt\/offres-speciales\/tomteland-le-pays-des-contes-de-fees-en-hiver\/\" \/>\n<meta property=\"og:site_name\" content=\"Mora Hotell &amp; Spa\" \/>\n<meta property=\"article:modified_time\" content=\"2025-11-07T15:11:42+00:00\" \/>\n<meta property=\"og:image\" content=\"https:\/\/morahotell.se\/wp-content\/uploads\/2022\/04\/temaVinter2018_v2-1.jpg\" \/>\n\t<meta property=\"og:image:width\" content=\"1919\" \/>\n\t<meta property=\"og:image:height\" content=\"1281\" \/>\n\t<meta property=\"og:image:type\" content=\"image\/jpeg\" \/>\n<meta name=\"twitter:card\" content=\"summary_large_image\" \/>\n<meta name=\"twitter:label1\" content=\"Dur\u00e9e de lecture estim\u00e9e\" \/>\n\t<meta name=\"twitter:data1\" content=\"2 minutes\" \/>\n<script type=\"application\/ld+json\" class=\"yoast-schema-graph\">{\"@context\":\"https:\/\/schema.org\",\"@graph\":[{\"@type\":\"WebPage\",\"@id\":\"https:\/\/morahotell.se\/fr\/produkt\/offres-speciales\/tomteland-le-pays-des-contes-de-fees-en-hiver\/\",\"url\":\"https:\/\/morahotell.se\/fr\/produkt\/offres-speciales\/tomteland-le-pays-des-contes-de-fees-en-hiver\/\",\"name\":\"Tomteland, le pays des contes de f\u00e9es en hiver - Mora Hotell &amp; Spa\",\"isPartOf\":{\"@id\":\"https:\/\/morahotell.se\/fr\/#website\"},\"primaryImageOfPage\":{\"@id\":\"https:\/\/morahotell.se\/fr\/produkt\/offres-speciales\/tomteland-le-pays-des-contes-de-fees-en-hiver\/#primaryimage\"},\"image\":{\"@id\":\"https:\/\/morahotell.se\/fr\/produkt\/offres-speciales\/tomteland-le-pays-des-contes-de-fees-en-hiver\/#primaryimage\"},\"thumbnailUrl\":\"https:\/\/morahotell.se\/wp-content\/uploads\/2022\/04\/temaVinter2018_v2-1.jpg\",\"datePublished\":\"2022-09-02T13:15:21+00:00\",\"dateModified\":\"2025-11-07T15:11:42+00:00\",\"breadcrumb\":{\"@id\":\"https:\/\/morahotell.se\/fr\/produkt\/offres-speciales\/tomteland-le-pays-des-contes-de-fees-en-hiver\/#breadcrumb\"},\"inLanguage\":\"fr-FR\",\"potentialAction\":[{\"@type\":\"ReadAction\",\"target\":[\"https:\/\/morahotell.se\/fr\/produkt\/offres-speciales\/tomteland-le-pays-des-contes-de-fees-en-hiver\/\"]}]},{\"@type\":\"ImageObject\",\"inLanguage\":\"fr-FR\",\"@id\":\"https:\/\/morahotell.se\/fr\/produkt\/offres-speciales\/tomteland-le-pays-des-contes-de-fees-en-hiver\/#primaryimage\",\"url\":\"https:\/\/morahotell.se\/wp-content\/uploads\/2022\/04\/temaVinter2018_v2-1.jpg\",\"contentUrl\":\"https:\/\/morahotell.se\/wp-content\/uploads\/2022\/04\/temaVinter2018_v2-1.jpg\",\"width\":1919,\"height\":1281,\"caption\":\"sagolik vinter i Mora p\u00e5 tomteland\"},{\"@type\":\"BreadcrumbList\",\"@id\":\"https:\/\/morahotell.se\/fr\/produkt\/offres-speciales\/tomteland-le-pays-des-contes-de-fees-en-hiver\/#breadcrumb\",\"itemListElement\":[{\"@type\":\"ListItem\",\"position\":1,\"name\":\"Mora hotell\",\"item\":\"https:\/\/morahotell.se\/fr\/\"},{\"@type\":\"ListItem\",\"position\":2,\"name\":\"Bokning\",\"item\":\"https:\/\/morahotell.se\/bokning\/\"},{\"@type\":\"ListItem\",\"position\":3,\"name\":\"OFFRES SP\u00c9CIALES\",\"item\":\"https:\/\/morahotell.se\/fr\/produkt-kategori\/offres-speciales\/\"},{\"@type\":\"ListItem\",\"position\":4,\"name\":\"Tomteland, le pays des contes de f\u00e9es en hiver\"}]},{\"@type\":\"WebSite\",\"@id\":\"https:\/\/morahotell.se\/fr\/#website\",\"url\":\"https:\/\/morahotell.se\/fr\/\",\"name\":\"Mora Hotell &amp; Spa\",\"description\":\"Fyrstj\u00e4rnigt hotell i Mora, n\u00e4ra Siljan\",\"potentialAction\":[{\"@type\":\"SearchAction\",\"target\":{\"@type\":\"EntryPoint\",\"urlTemplate\":\"https:\/\/morahotell.se\/fr\/?s={search_term_string}\"},\"query-input\":{\"@type\":\"PropertyValueSpecification\",\"valueRequired\":true,\"valueName\":\"search_term_string\"}}],\"inLanguage\":\"fr-FR\"}]}<\/script>\n<!-- \/ Yoast SEO plugin. -->","yoast_head_json":{"title":"Tomteland, le pays des contes de f\u00e9es en hiver - Mora Hotell &amp; Spa","robots":{"index":"index","follow":"follow","max-snippet":"max-snippet:-1","max-image-preview":"max-image-preview:large","max-video-preview":"max-video-preview:-1"},"canonical":"https:\/\/morahotell.se\/fr\/produkt\/offres-speciales\/tomteland-le-pays-des-contes-de-fees-en-hiver\/","og_locale":"fr_FR","og_type":"article","og_title":"Tomteland, le pays des contes de f\u00e9es en hiver - Mora Hotell &amp; Spa","og_description":"Un hiver magique vous attend \u00e0 Tomteland, o\u00f9 tous les personnages de contes de f\u00e9es ont \u00e9lu domicile. Venez visiter ce paradis pour toute la famille. Pendant votre s\u00e9jour, profitez du confort des lits douillets, de la bonne cuisine et des moments de d\u00e9tente au Mora Hotell &amp; Spa.","og_url":"https:\/\/morahotell.se\/fr\/produkt\/offres-speciales\/tomteland-le-pays-des-contes-de-fees-en-hiver\/","og_site_name":"Mora Hotell &amp; Spa","article_modified_time":"2025-11-07T15:11:42+00:00","og_image":[{"width":1919,"height":1281,"url":"https:\/\/morahotell.se\/wp-content\/uploads\/2022\/04\/temaVinter2018_v2-1.jpg","type":"image\/jpeg"}],"twitter_card":"summary_large_image","twitter_misc":{"Dur\u00e9e de lecture estim\u00e9e":"2 minutes"},"schema":{"@context":"https:\/\/schema.org","@graph":[{"@type":"WebPage","@id":"https:\/\/morahotell.se\/fr\/produkt\/offres-speciales\/tomteland-le-pays-des-contes-de-fees-en-hiver\/","url":"https:\/\/morahotell.se\/fr\/produkt\/offres-speciales\/tomteland-le-pays-des-contes-de-fees-en-hiver\/","name":"Tomteland, le pays des contes de f\u00e9es en hiver - Mora Hotell &amp; Spa","isPartOf":{"@id":"https:\/\/morahotell.se\/fr\/#website"},"primaryImageOfPage":{"@id":"https:\/\/morahotell.se\/fr\/produkt\/offres-speciales\/tomteland-le-pays-des-contes-de-fees-en-hiver\/#primaryimage"},"image":{"@id":"https:\/\/morahotell.se\/fr\/produkt\/offres-speciales\/tomteland-le-pays-des-contes-de-fees-en-hiver\/#primaryimage"},"thumbnailUrl":"https:\/\/morahotell.se\/wp-content\/uploads\/2022\/04\/temaVinter2018_v2-1.jpg","datePublished":"2022-09-02T13:15:21+00:00","dateModified":"2025-11-07T15:11:42+00:00","breadcrumb":{"@id":"https:\/\/morahotell.se\/fr\/produkt\/offres-speciales\/tomteland-le-pays-des-contes-de-fees-en-hiver\/#breadcrumb"},"inLanguage":"fr-FR","potentialAction":[{"@type":"ReadAction","target":["https:\/\/morahotell.se\/fr\/produkt\/offres-speciales\/tomteland-le-pays-des-contes-de-fees-en-hiver\/"]}]},{"@type":"ImageObject","inLanguage":"fr-FR","@id":"https:\/\/morahotell.se\/fr\/produkt\/offres-speciales\/tomteland-le-pays-des-contes-de-fees-en-hiver\/#primaryimage","url":"https:\/\/morahotell.se\/wp-content\/uploads\/2022\/04\/temaVinter2018_v2-1.jpg","contentUrl":"https:\/\/morahotell.se\/wp-content\/uploads\/2022\/04\/temaVinter2018_v2-1.jpg","width":1919,"height":1281,"caption":"sagolik vinter i Mora p\u00e5 tomteland"},{"@type":"BreadcrumbList","@id":"https:\/\/morahotell.se\/fr\/produkt\/offres-speciales\/tomteland-le-pays-des-contes-de-fees-en-hiver\/#breadcrumb","itemListElement":[{"@type":"ListItem","position":1,"name":"Mora hotell","item":"https:\/\/morahotell.se\/fr\/"},{"@type":"ListItem","position":2,"name":"Bokning","item":"https:\/\/morahotell.se\/bokning\/"},{"@type":"ListItem","position":3,"name":"OFFRES SP\u00c9CIALES","item":"https:\/\/morahotell.se\/fr\/produkt-kategori\/offres-speciales\/"},{"@type":"ListItem","position":4,"name":"Tomteland, le pays des contes de f\u00e9es en hiver"}]},{"@type":"WebSite","@id":"https:\/\/morahotell.se\/fr\/#website","url":"https:\/\/morahotell.se\/fr\/","name":"Mora Hotell &amp; Spa","description":"Fyrstj\u00e4rnigt hotell i Mora, n\u00e4ra Siljan","potentialAction":[{"@type":"SearchAction","target":{"@type":"EntryPoint","urlTemplate":"https:\/\/morahotell.se\/fr\/?s={search_term_string}"},"query-input":{"@type":"PropertyValueSpecification","valueRequired":true,"valueName":"search_term_string"}}],"inLanguage":"fr-FR"}]}},"_links":{"self":[{"href":"https:\/\/morahotell.se\/fr\/wp-json\/wp\/v2\/product\/30349","targetHints":{"allow":["GET"]}}],"collection":[{"href":"https:\/\/morahotell.se\/fr\/wp-json\/wp\/v2\/product"}],"about":[{"href":"https:\/\/morahotell.se\/fr\/wp-json\/wp\/v2\/types\/product"}],"replies":[{"embeddable":true,"href":"https:\/\/morahotell.se\/fr\/wp-json\/wp\/v2\/comments?post=30349"}],"wp:featuredmedia":[{"embeddable":true,"href":"https:\/\/morahotell.se\/fr\/wp-json\/wp\/v2\/media\/16081"}],"wp:attachment":[{"href":"https:\/\/morahotell.se\/fr\/wp-json\/wp\/v2\/media?parent=30349"}],"wp:term":[{"taxonomy":"product_brand","embeddable":true,"href":"https:\/\/morahotell.se\/fr\/wp-json\/wp\/v2\/product_brand?post=30349"},{"taxonomy":"product_cat","embeddable":true,"href":"https:\/\/morahotell.se\/fr\/wp-json\/wp\/v2\/product_cat?post=30349"},{"taxonomy":"product_tag","embeddable":true,"href":"https:\/\/morahotell.se\/fr\/wp-json\/wp\/v2\/product_tag?post=30349"}],"curies":[{"name":"wp","href":"https:\/\/api.w.org\/{rel}","templated":true}]}}