{"id":30347,"date":"2022-08-30T13:46:17","date_gmt":"2022-08-30T11:46:17","guid":{"rendered":"https:\/\/morahotell.se\/?post_type=product&#038;p=30347"},"modified":"2025-11-07T16:02:26","modified_gmt":"2025-11-07T15:02:26","slug":"colis-de-noel","status":"publish","type":"product","link":"https:\/\/morahotell.se\/fr\/produkt\/offres-speciales\/colis-de-noel\/","title":{"rendered":"Colis de No\u00ebl"},"content":{"rendered":"<h3>C\u00e9l\u00e9brations traditionnelles de No\u00ebl au Mora Hotel &amp; Spa<\/h3>\n<p>Bienvenue \u00e0 un programme de No\u00ebl proposant de nombreuses activit\u00e9s divertissantes, des plats d\u00e9licieux, des buffets copieux de g\u00e2teaux et de caf\u00e9, des ateliers d&rsquo;artisanat de No\u00ebl, la visite du P\u00e8re No\u00ebl, une procession vers un office religieux matinal le jour de No\u00ebl, et bien plus encore, pendant 4 jours (trois nuit\u00e9es).<\/p>\n<p>Un forfait No\u00ebl \u00e0 Mora co\u00fbte \u00e0 partir de 7075 SEK \/ personne en chambre double partag\u00e9e.<\/p>\n<p>Arriv\u00e9e le 23 d\u00e9cembre et d\u00e9part le 26 d\u00e9cembre.<\/p>\n","protected":false},"excerpt":{"rendered":"<p>C\u00e9l\u00e9brations traditionnelles de No\u00ebl au Mora Hotel &amp; Spa Bienvenue \u00e0 un programme de No\u00ebl proposant de nombreuses activit\u00e9s divertissantes, des plats d\u00e9licieux, des buffets copieux de g\u00e2teaux et de caf\u00e9, des ateliers d&rsquo;artisanat de No\u00ebl, la visite du P\u00e8re No\u00ebl, une procession vers un office religieux matinal le jour de No\u00ebl, et bien plus&hellip;<\/p>\n","protected":false},"featured_media":16091,"comment_status":"closed","ping_status":"closed","template":"","meta":{"_acf_changed":false},"product_brand":[],"product_cat":[162,149],"product_tag":[166,150],"class_list":{"0":"post-30347","1":"product","2":"type-product","3":"status-publish","4":"has-post-thumbnail","6":"product_cat-automne-hiver","7":"product_cat-offres-speciales","8":"product_tag-forfragningsprodukt-fr","9":"product_tag-paket-startsidan-fr","11":"first","12":"instock","13":"taxable","14":"shipping-taxable","15":"purchasable","16":"product-type-simple"},"acf":[],"yoast_head":"<!-- This site is optimized with the Yoast SEO plugin v26.5 - https:\/\/yoast.com\/wordpress\/plugins\/seo\/ -->\n<title>Colis de No\u00ebl - Mora Hotell &amp; Spa<\/title>\n<meta name=\"robots\" content=\"index, follow, max-snippet:-1, max-image-preview:large, max-video-preview:-1\" \/>\n<link rel=\"canonical\" href=\"https:\/\/morahotell.se\/fr\/produkt\/offres-speciales\/colis-de-noel\/\" \/>\n<meta property=\"og:locale\" content=\"fr_FR\" \/>\n<meta property=\"og:type\" content=\"article\" \/>\n<meta property=\"og:title\" content=\"Colis de No\u00ebl - Mora Hotell &amp; Spa\" \/>\n<meta property=\"og:description\" content=\"C\u00e9l\u00e9brations traditionnelles de No\u00ebl au Mora Hotel &amp; Spa Bienvenue \u00e0 un programme de No\u00ebl proposant de nombreuses activit\u00e9s divertissantes, des plats d\u00e9licieux, des buffets copieux de g\u00e2teaux et de caf\u00e9, des ateliers d&rsquo;artisanat de No\u00ebl, la visite du P\u00e8re No\u00ebl, une procession vers un office religieux matinal le jour de No\u00ebl, et bien plus&hellip;\" \/>\n<meta property=\"og:url\" content=\"https:\/\/morahotell.se\/fr\/produkt\/offres-speciales\/colis-de-noel\/\" \/>\n<meta property=\"og:site_name\" content=\"Mora Hotell &amp; Spa\" \/>\n<meta property=\"article:modified_time\" content=\"2025-11-07T15:02:26+00:00\" \/>\n<meta property=\"og:image\" content=\"https:\/\/morahotell.se\/wp-content\/uploads\/2022\/04\/tomteland_tomtehjalp_640-1.jpg\" \/>\n\t<meta property=\"og:image:width\" content=\"640\" \/>\n\t<meta property=\"og:image:height\" content=\"426\" \/>\n\t<meta property=\"og:image:type\" content=\"image\/jpeg\" \/>\n<meta name=\"twitter:card\" content=\"summary_large_image\" \/>\n<script type=\"application\/ld+json\" class=\"yoast-schema-graph\">{\"@context\":\"https:\/\/schema.org\",\"@graph\":[{\"@type\":\"WebPage\",\"@id\":\"https:\/\/morahotell.se\/fr\/produkt\/offres-speciales\/colis-de-noel\/\",\"url\":\"https:\/\/morahotell.se\/fr\/produkt\/offres-speciales\/colis-de-noel\/\",\"name\":\"Colis de No\u00ebl - Mora Hotell &amp; Spa\",\"isPartOf\":{\"@id\":\"https:\/\/morahotell.se\/fr\/#website\"},\"primaryImageOfPage\":{\"@id\":\"https:\/\/morahotell.se\/fr\/produkt\/offres-speciales\/colis-de-noel\/#primaryimage\"},\"image\":{\"@id\":\"https:\/\/morahotell.se\/fr\/produkt\/offres-speciales\/colis-de-noel\/#primaryimage\"},\"thumbnailUrl\":\"https:\/\/morahotell.se\/wp-content\/uploads\/2022\/04\/tomteland_tomtehjalp_640-1.jpg\",\"datePublished\":\"2022-08-30T11:46:17+00:00\",\"dateModified\":\"2025-11-07T15:02:26+00:00\",\"breadcrumb\":{\"@id\":\"https:\/\/morahotell.se\/fr\/produkt\/offres-speciales\/colis-de-noel\/#breadcrumb\"},\"inLanguage\":\"fr-FR\",\"potentialAction\":[{\"@type\":\"ReadAction\",\"target\":[\"https:\/\/morahotell.se\/fr\/produkt\/offres-speciales\/colis-de-noel\/\"]}]},{\"@type\":\"ImageObject\",\"inLanguage\":\"fr-FR\",\"@id\":\"https:\/\/morahotell.se\/fr\/produkt\/offres-speciales\/colis-de-noel\/#primaryimage\",\"url\":\"https:\/\/morahotell.se\/wp-content\/uploads\/2022\/04\/tomteland_tomtehjalp_640-1.jpg\",\"contentUrl\":\"https:\/\/morahotell.se\/wp-content\/uploads\/2022\/04\/tomteland_tomtehjalp_640-1.jpg\",\"width\":640,\"height\":426,\"caption\":\"tomteverkstad i mora\"},{\"@type\":\"BreadcrumbList\",\"@id\":\"https:\/\/morahotell.se\/fr\/produkt\/offres-speciales\/colis-de-noel\/#breadcrumb\",\"itemListElement\":[{\"@type\":\"ListItem\",\"position\":1,\"name\":\"Mora hotell\",\"item\":\"https:\/\/morahotell.se\/fr\/\"},{\"@type\":\"ListItem\",\"position\":2,\"name\":\"Bokning\",\"item\":\"https:\/\/morahotell.se\/bokning\/\"},{\"@type\":\"ListItem\",\"position\":3,\"name\":\"OFFRES SP\u00c9CIALES\",\"item\":\"https:\/\/morahotell.se\/fr\/produkt-kategori\/offres-speciales\/\"},{\"@type\":\"ListItem\",\"position\":4,\"name\":\"Colis de No\u00ebl\"}]},{\"@type\":\"WebSite\",\"@id\":\"https:\/\/morahotell.se\/fr\/#website\",\"url\":\"https:\/\/morahotell.se\/fr\/\",\"name\":\"Mora Hotell &amp; Spa\",\"description\":\"Fyrstj\u00e4rnigt hotell i Mora, n\u00e4ra Siljan\",\"potentialAction\":[{\"@type\":\"SearchAction\",\"target\":{\"@type\":\"EntryPoint\",\"urlTemplate\":\"https:\/\/morahotell.se\/fr\/?s={search_term_string}\"},\"query-input\":{\"@type\":\"PropertyValueSpecification\",\"valueRequired\":true,\"valueName\":\"search_term_string\"}}],\"inLanguage\":\"fr-FR\"}]}<\/script>\n<!-- \/ Yoast SEO plugin. -->","yoast_head_json":{"title":"Colis de No\u00ebl - Mora Hotell &amp; Spa","robots":{"index":"index","follow":"follow","max-snippet":"max-snippet:-1","max-image-preview":"max-image-preview:large","max-video-preview":"max-video-preview:-1"},"canonical":"https:\/\/morahotell.se\/fr\/produkt\/offres-speciales\/colis-de-noel\/","og_locale":"fr_FR","og_type":"article","og_title":"Colis de No\u00ebl - Mora Hotell &amp; Spa","og_description":"C\u00e9l\u00e9brations traditionnelles de No\u00ebl au Mora Hotel &amp; Spa Bienvenue \u00e0 un programme de No\u00ebl proposant de nombreuses activit\u00e9s divertissantes, des plats d\u00e9licieux, des buffets copieux de g\u00e2teaux et de caf\u00e9, des ateliers d&rsquo;artisanat de No\u00ebl, la visite du P\u00e8re No\u00ebl, une procession vers un office religieux matinal le jour de No\u00ebl, et bien plus&hellip;","og_url":"https:\/\/morahotell.se\/fr\/produkt\/offres-speciales\/colis-de-noel\/","og_site_name":"Mora Hotell &amp; Spa","article_modified_time":"2025-11-07T15:02:26+00:00","og_image":[{"width":640,"height":426,"url":"https:\/\/morahotell.se\/wp-content\/uploads\/2022\/04\/tomteland_tomtehjalp_640-1.jpg","type":"image\/jpeg"}],"twitter_card":"summary_large_image","schema":{"@context":"https:\/\/schema.org","@graph":[{"@type":"WebPage","@id":"https:\/\/morahotell.se\/fr\/produkt\/offres-speciales\/colis-de-noel\/","url":"https:\/\/morahotell.se\/fr\/produkt\/offres-speciales\/colis-de-noel\/","name":"Colis de No\u00ebl - Mora Hotell &amp; Spa","isPartOf":{"@id":"https:\/\/morahotell.se\/fr\/#website"},"primaryImageOfPage":{"@id":"https:\/\/morahotell.se\/fr\/produkt\/offres-speciales\/colis-de-noel\/#primaryimage"},"image":{"@id":"https:\/\/morahotell.se\/fr\/produkt\/offres-speciales\/colis-de-noel\/#primaryimage"},"thumbnailUrl":"https:\/\/morahotell.se\/wp-content\/uploads\/2022\/04\/tomteland_tomtehjalp_640-1.jpg","datePublished":"2022-08-30T11:46:17+00:00","dateModified":"2025-11-07T15:02:26+00:00","breadcrumb":{"@id":"https:\/\/morahotell.se\/fr\/produkt\/offres-speciales\/colis-de-noel\/#breadcrumb"},"inLanguage":"fr-FR","potentialAction":[{"@type":"ReadAction","target":["https:\/\/morahotell.se\/fr\/produkt\/offres-speciales\/colis-de-noel\/"]}]},{"@type":"ImageObject","inLanguage":"fr-FR","@id":"https:\/\/morahotell.se\/fr\/produkt\/offres-speciales\/colis-de-noel\/#primaryimage","url":"https:\/\/morahotell.se\/wp-content\/uploads\/2022\/04\/tomteland_tomtehjalp_640-1.jpg","contentUrl":"https:\/\/morahotell.se\/wp-content\/uploads\/2022\/04\/tomteland_tomtehjalp_640-1.jpg","width":640,"height":426,"caption":"tomteverkstad i mora"},{"@type":"BreadcrumbList","@id":"https:\/\/morahotell.se\/fr\/produkt\/offres-speciales\/colis-de-noel\/#breadcrumb","itemListElement":[{"@type":"ListItem","position":1,"name":"Mora hotell","item":"https:\/\/morahotell.se\/fr\/"},{"@type":"ListItem","position":2,"name":"Bokning","item":"https:\/\/morahotell.se\/bokning\/"},{"@type":"ListItem","position":3,"name":"OFFRES SP\u00c9CIALES","item":"https:\/\/morahotell.se\/fr\/produkt-kategori\/offres-speciales\/"},{"@type":"ListItem","position":4,"name":"Colis de No\u00ebl"}]},{"@type":"WebSite","@id":"https:\/\/morahotell.se\/fr\/#website","url":"https:\/\/morahotell.se\/fr\/","name":"Mora Hotell &amp; Spa","description":"Fyrstj\u00e4rnigt hotell i Mora, n\u00e4ra Siljan","potentialAction":[{"@type":"SearchAction","target":{"@type":"EntryPoint","urlTemplate":"https:\/\/morahotell.se\/fr\/?s={search_term_string}"},"query-input":{"@type":"PropertyValueSpecification","valueRequired":true,"valueName":"search_term_string"}}],"inLanguage":"fr-FR"}]}},"_links":{"self":[{"href":"https:\/\/morahotell.se\/fr\/wp-json\/wp\/v2\/product\/30347","targetHints":{"allow":["GET"]}}],"collection":[{"href":"https:\/\/morahotell.se\/fr\/wp-json\/wp\/v2\/product"}],"about":[{"href":"https:\/\/morahotell.se\/fr\/wp-json\/wp\/v2\/types\/product"}],"replies":[{"embeddable":true,"href":"https:\/\/morahotell.se\/fr\/wp-json\/wp\/v2\/comments?post=30347"}],"wp:featuredmedia":[{"embeddable":true,"href":"https:\/\/morahotell.se\/fr\/wp-json\/wp\/v2\/media\/16091"}],"wp:attachment":[{"href":"https:\/\/morahotell.se\/fr\/wp-json\/wp\/v2\/media?parent=30347"}],"wp:term":[{"taxonomy":"product_brand","embeddable":true,"href":"https:\/\/morahotell.se\/fr\/wp-json\/wp\/v2\/product_brand?post=30347"},{"taxonomy":"product_cat","embeddable":true,"href":"https:\/\/morahotell.se\/fr\/wp-json\/wp\/v2\/product_cat?post=30347"},{"taxonomy":"product_tag","embeddable":true,"href":"https:\/\/morahotell.se\/fr\/wp-json\/wp\/v2\/product_tag?post=30347"}],"curies":[{"name":"wp","href":"https:\/\/api.w.org\/{rel}","templated":true}]}}