{"id":30097,"date":"2023-04-26T15:31:31","date_gmt":"2023-04-26T13:31:31","guid":{"rendered":"https:\/\/morahotell.se\/?post_type=product&#038;p=30097"},"modified":"2025-10-16T13:38:51","modified_gmt":"2025-10-16T11:38:51","slug":"cyclisme-a-mora-velo-de-loisir-2-jours","status":"publish","type":"product","link":"https:\/\/morahotell.se\/fr\/produkt\/offres-speciales\/cyclisme-a-mora-velo-de-loisir-2-jours\/","title":{"rendered":"Cyclisme \u00e0 Mora \u2013 V\u00e9lo de loisir \u2013 2 jours"},"content":{"rendered":"<p>Un forfait v\u00e9lo adapt\u00e9 \u00e0 tous les \u00e2ges et aux familles avec enfants<\/p>\n<p>Forfait v\u00e9lo &#8211; Loisirs 2 jours autour de Mora<\/p>\n<p>Un forfait v\u00e9lo adapt\u00e9 \u00e0 tous les \u00e2ges et aux familles avec enfants<\/p>\n<p>Notre personnel certifi\u00e9 Outdoor vous aidera \u00e0 trouver le circuit qui vous convient, dans la for\u00eat, autour du lac<br \/>\nou en milieu urbain avec des haltes culturelles, etc.<br \/>\nVous trouverez tous les itin\u00e9raires cyclables autour de l&rsquo;h\u00f4tel sur <a href=\"https:\/\/www.visitdalarna.se\/cykla\/mora\">Visit Dalarna<\/a> &amp; <a href=\"https:\/\/www.moraoutdoor.se\/index.php\/leder\/c\/cykel\">Mora Outdoor<\/a><\/p>\n<p>Vous pouvez louer des VTT via <a href=\"https:\/\/www.outdoorevents.se\/\">Outdoor Event<\/a> si vous n&rsquo;avez pas votre propre v\u00e9lo.<\/p>\n<p><strong>Le forfait comprend :<\/strong><\/p>\n<p>\u2022 H\u00e9bergement et petit-d\u00e9jeuner<br \/>\n\u2022 Panier-repas \u00e0 composer \u00e0 partir du buffet du petit-d\u00e9jeuner<br \/>\n\u2022 D\u00eener \u00e0 2 plats les deux soirs (entr\u00e9e et plat principal, recommand\u00e9s par le chef<br \/>\n\u2022 Acc\u00e8s \u00e0 notre espace d\u00e9tente. Pr\u00eat de peignoir et de chaussons inclus<\/p>\n<p>Nous mettons \u00e0 votre disposition un lavage pour v\u00e9los, des outils, une pompe et des \u00e9tendoirs pour s\u00e9cher vos v\u00eatements.<br \/>\nPourquoi ne pas profiter d&rsquo;un \u00ab After Bike \u00bb dans notre agr\u00e9able terrasse, dans la petite biblioth\u00e8que ou dans l&rsquo;un des coins salon de la r\u00e9ception, o\u00f9 les chiens sont \u00e9galement les bienvenus ! Si vous souhaitez vous d\u00e9tendre devant un feu ouvert ou vous installer dans un coin plus intime, vous trouverez de nombreux coins salon et de confortables fauteuils, notamment autour de l&rsquo;artiste, ou pourquoi pas dans notre salon champagne \u00e0 l&rsquo;\u00e9tage, qui offre une vue imprenable sur Saxviken et Siljan.<\/p>\n<p>Accrochez votre v\u00e9lo \u00e0 la voiture et bienvenue chez nous !<\/p>\n<p>Prix pour 2 nuits pour 2 personnes en chambre double 2865:-\/ par personne<br \/>\nFamilles avec enfants, <a href=\"https:\/\/morahotell.se\/fr\/a-propos-de-nousom-oss\/contactez-nous\/\">veuillez contacter la r\u00e9ception<\/a>.<\/p>\n<p>Le suppl\u00e9ment pour une chambre simple est de 500:-\/nuit, <a href=\"https:\/\/morahotell.se\/fr\/a-propos-de-nousom-oss\/contactez-nous\/\">veuillez contacter la r\u00e9ception<\/a>.<\/p>\n<p><a href=\"https:\/\/morahotell.se\/fr\/produkt-kategori\/spa-fr\/\">Vous pouvez r\u00e9server vos massages et soins ici<\/a><\/p>\n","protected":false},"excerpt":{"rendered":"<p>Un forfait v\u00e9lo adapt\u00e9 \u00e0 tous les \u00e2ges et aux familles avec enfants Forfait v\u00e9lo &#8211; Loisirs 2 jours autour de Mora Un forfait v\u00e9lo adapt\u00e9 \u00e0 tous les \u00e2ges et aux familles avec enfants Notre personnel certifi\u00e9 Outdoor vous aidera \u00e0 trouver le circuit qui vous convient, dans la for\u00eat, autour du lac ou&hellip;<\/p>\n","protected":false},"featured_media":16829,"comment_status":"closed","ping_status":"closed","template":"","meta":{"_acf_changed":false},"product_brand":[],"product_cat":[149],"product_tag":[166,150],"class_list":{"0":"post-30097","1":"product","2":"type-product","3":"status-publish","4":"has-post-thumbnail","6":"product_cat-offres-speciales","7":"product_tag-forfragningsprodukt-fr","8":"product_tag-paket-startsidan-fr","10":"first","11":"instock","12":"virtual","13":"taxable","14":"purchasable","15":"product-type-simple"},"acf":[],"yoast_head":"<!-- This site is optimized with the Yoast SEO plugin v26.5 - https:\/\/yoast.com\/wordpress\/plugins\/seo\/ -->\n<title>Cyclisme \u00e0 Mora \u2013 V\u00e9lo de loisir \u2013 2 jours - Mora Hotell &amp; Spa<\/title>\n<meta name=\"robots\" content=\"index, follow, max-snippet:-1, max-image-preview:large, max-video-preview:-1\" \/>\n<link rel=\"canonical\" href=\"https:\/\/morahotell.se\/fr\/produkt\/offres-speciales\/cyclisme-a-mora-velo-de-loisir-2-jours\/\" \/>\n<meta property=\"og:locale\" content=\"fr_FR\" \/>\n<meta property=\"og:type\" content=\"article\" \/>\n<meta property=\"og:title\" content=\"Cyclisme \u00e0 Mora \u2013 V\u00e9lo de loisir \u2013 2 jours - Mora Hotell &amp; Spa\" \/>\n<meta property=\"og:description\" content=\"Un forfait v\u00e9lo adapt\u00e9 \u00e0 tous les \u00e2ges et aux familles avec enfants Forfait v\u00e9lo &#8211; Loisirs 2 jours autour de Mora Un forfait v\u00e9lo adapt\u00e9 \u00e0 tous les \u00e2ges et aux familles avec enfants Notre personnel certifi\u00e9 Outdoor vous aidera \u00e0 trouver le circuit qui vous convient, dans la for\u00eat, autour du lac ou&hellip;\" \/>\n<meta property=\"og:url\" content=\"https:\/\/morahotell.se\/fr\/produkt\/offres-speciales\/cyclisme-a-mora-velo-de-loisir-2-jours\/\" \/>\n<meta property=\"og:site_name\" content=\"Mora Hotell &amp; Spa\" \/>\n<meta property=\"article:modified_time\" content=\"2025-10-16T11:38:51+00:00\" \/>\n<meta property=\"og:image\" content=\"https:\/\/morahotell.se\/wp-content\/uploads\/2023\/04\/DSC4536.jpg\" \/>\n\t<meta property=\"og:image:width\" content=\"2200\" \/>\n\t<meta property=\"og:image:height\" content=\"1467\" \/>\n\t<meta property=\"og:image:type\" content=\"image\/jpeg\" \/>\n<meta name=\"twitter:card\" content=\"summary_large_image\" \/>\n<meta name=\"twitter:label1\" content=\"Dur\u00e9e de lecture estim\u00e9e\" \/>\n\t<meta name=\"twitter:data1\" content=\"2 minutes\" \/>\n<script type=\"application\/ld+json\" class=\"yoast-schema-graph\">{\"@context\":\"https:\/\/schema.org\",\"@graph\":[{\"@type\":\"WebPage\",\"@id\":\"https:\/\/morahotell.se\/fr\/produkt\/offres-speciales\/cyclisme-a-mora-velo-de-loisir-2-jours\/\",\"url\":\"https:\/\/morahotell.se\/fr\/produkt\/offres-speciales\/cyclisme-a-mora-velo-de-loisir-2-jours\/\",\"name\":\"Cyclisme \u00e0 Mora \u2013 V\u00e9lo de loisir \u2013 2 jours - Mora Hotell &amp; Spa\",\"isPartOf\":{\"@id\":\"https:\/\/morahotell.se\/fr\/#website\"},\"primaryImageOfPage\":{\"@id\":\"https:\/\/morahotell.se\/fr\/produkt\/offres-speciales\/cyclisme-a-mora-velo-de-loisir-2-jours\/#primaryimage\"},\"image\":{\"@id\":\"https:\/\/morahotell.se\/fr\/produkt\/offres-speciales\/cyclisme-a-mora-velo-de-loisir-2-jours\/#primaryimage\"},\"thumbnailUrl\":\"https:\/\/morahotell.se\/wp-content\/uploads\/2023\/04\/DSC4536.jpg\",\"datePublished\":\"2023-04-26T13:31:31+00:00\",\"dateModified\":\"2025-10-16T11:38:51+00:00\",\"breadcrumb\":{\"@id\":\"https:\/\/morahotell.se\/fr\/produkt\/offres-speciales\/cyclisme-a-mora-velo-de-loisir-2-jours\/#breadcrumb\"},\"inLanguage\":\"fr-FR\",\"potentialAction\":[{\"@type\":\"ReadAction\",\"target\":[\"https:\/\/morahotell.se\/fr\/produkt\/offres-speciales\/cyclisme-a-mora-velo-de-loisir-2-jours\/\"]}]},{\"@type\":\"ImageObject\",\"inLanguage\":\"fr-FR\",\"@id\":\"https:\/\/morahotell.se\/fr\/produkt\/offres-speciales\/cyclisme-a-mora-velo-de-loisir-2-jours\/#primaryimage\",\"url\":\"https:\/\/morahotell.se\/wp-content\/uploads\/2023\/04\/DSC4536.jpg\",\"contentUrl\":\"https:\/\/morahotell.se\/wp-content\/uploads\/2023\/04\/DSC4536.jpg\",\"width\":2200,\"height\":1467,\"caption\":\"Outdoor i Dalarna - Mora Hotell \u00e4r specialanpassat\"},{\"@type\":\"BreadcrumbList\",\"@id\":\"https:\/\/morahotell.se\/fr\/produkt\/offres-speciales\/cyclisme-a-mora-velo-de-loisir-2-jours\/#breadcrumb\",\"itemListElement\":[{\"@type\":\"ListItem\",\"position\":1,\"name\":\"Mora hotell\",\"item\":\"https:\/\/morahotell.se\/fr\/\"},{\"@type\":\"ListItem\",\"position\":2,\"name\":\"Bokning\",\"item\":\"https:\/\/morahotell.se\/bokning\/\"},{\"@type\":\"ListItem\",\"position\":3,\"name\":\"OFFRES SP\u00c9CIALES\",\"item\":\"https:\/\/morahotell.se\/fr\/produkt-kategori\/offres-speciales\/\"},{\"@type\":\"ListItem\",\"position\":4,\"name\":\"Cyclisme \u00e0 Mora \u2013 V\u00e9lo de loisir \u2013 2 jours\"}]},{\"@type\":\"WebSite\",\"@id\":\"https:\/\/morahotell.se\/fr\/#website\",\"url\":\"https:\/\/morahotell.se\/fr\/\",\"name\":\"Mora Hotell &amp; Spa\",\"description\":\"Fyrstj\u00e4rnigt hotell i Mora, n\u00e4ra Siljan\",\"potentialAction\":[{\"@type\":\"SearchAction\",\"target\":{\"@type\":\"EntryPoint\",\"urlTemplate\":\"https:\/\/morahotell.se\/fr\/?s={search_term_string}\"},\"query-input\":{\"@type\":\"PropertyValueSpecification\",\"valueRequired\":true,\"valueName\":\"search_term_string\"}}],\"inLanguage\":\"fr-FR\"}]}<\/script>\n<!-- \/ Yoast SEO plugin. -->","yoast_head_json":{"title":"Cyclisme \u00e0 Mora \u2013 V\u00e9lo de loisir \u2013 2 jours - Mora Hotell &amp; Spa","robots":{"index":"index","follow":"follow","max-snippet":"max-snippet:-1","max-image-preview":"max-image-preview:large","max-video-preview":"max-video-preview:-1"},"canonical":"https:\/\/morahotell.se\/fr\/produkt\/offres-speciales\/cyclisme-a-mora-velo-de-loisir-2-jours\/","og_locale":"fr_FR","og_type":"article","og_title":"Cyclisme \u00e0 Mora \u2013 V\u00e9lo de loisir \u2013 2 jours - Mora Hotell &amp; Spa","og_description":"Un forfait v\u00e9lo adapt\u00e9 \u00e0 tous les \u00e2ges et aux familles avec enfants Forfait v\u00e9lo &#8211; Loisirs 2 jours autour de Mora Un forfait v\u00e9lo adapt\u00e9 \u00e0 tous les \u00e2ges et aux familles avec enfants Notre personnel certifi\u00e9 Outdoor vous aidera \u00e0 trouver le circuit qui vous convient, dans la for\u00eat, autour du lac ou&hellip;","og_url":"https:\/\/morahotell.se\/fr\/produkt\/offres-speciales\/cyclisme-a-mora-velo-de-loisir-2-jours\/","og_site_name":"Mora Hotell &amp; Spa","article_modified_time":"2025-10-16T11:38:51+00:00","og_image":[{"width":2200,"height":1467,"url":"https:\/\/morahotell.se\/wp-content\/uploads\/2023\/04\/DSC4536.jpg","type":"image\/jpeg"}],"twitter_card":"summary_large_image","twitter_misc":{"Dur\u00e9e de lecture estim\u00e9e":"2 minutes"},"schema":{"@context":"https:\/\/schema.org","@graph":[{"@type":"WebPage","@id":"https:\/\/morahotell.se\/fr\/produkt\/offres-speciales\/cyclisme-a-mora-velo-de-loisir-2-jours\/","url":"https:\/\/morahotell.se\/fr\/produkt\/offres-speciales\/cyclisme-a-mora-velo-de-loisir-2-jours\/","name":"Cyclisme \u00e0 Mora \u2013 V\u00e9lo de loisir \u2013 2 jours - Mora Hotell &amp; Spa","isPartOf":{"@id":"https:\/\/morahotell.se\/fr\/#website"},"primaryImageOfPage":{"@id":"https:\/\/morahotell.se\/fr\/produkt\/offres-speciales\/cyclisme-a-mora-velo-de-loisir-2-jours\/#primaryimage"},"image":{"@id":"https:\/\/morahotell.se\/fr\/produkt\/offres-speciales\/cyclisme-a-mora-velo-de-loisir-2-jours\/#primaryimage"},"thumbnailUrl":"https:\/\/morahotell.se\/wp-content\/uploads\/2023\/04\/DSC4536.jpg","datePublished":"2023-04-26T13:31:31+00:00","dateModified":"2025-10-16T11:38:51+00:00","breadcrumb":{"@id":"https:\/\/morahotell.se\/fr\/produkt\/offres-speciales\/cyclisme-a-mora-velo-de-loisir-2-jours\/#breadcrumb"},"inLanguage":"fr-FR","potentialAction":[{"@type":"ReadAction","target":["https:\/\/morahotell.se\/fr\/produkt\/offres-speciales\/cyclisme-a-mora-velo-de-loisir-2-jours\/"]}]},{"@type":"ImageObject","inLanguage":"fr-FR","@id":"https:\/\/morahotell.se\/fr\/produkt\/offres-speciales\/cyclisme-a-mora-velo-de-loisir-2-jours\/#primaryimage","url":"https:\/\/morahotell.se\/wp-content\/uploads\/2023\/04\/DSC4536.jpg","contentUrl":"https:\/\/morahotell.se\/wp-content\/uploads\/2023\/04\/DSC4536.jpg","width":2200,"height":1467,"caption":"Outdoor i Dalarna - Mora Hotell \u00e4r specialanpassat"},{"@type":"BreadcrumbList","@id":"https:\/\/morahotell.se\/fr\/produkt\/offres-speciales\/cyclisme-a-mora-velo-de-loisir-2-jours\/#breadcrumb","itemListElement":[{"@type":"ListItem","position":1,"name":"Mora hotell","item":"https:\/\/morahotell.se\/fr\/"},{"@type":"ListItem","position":2,"name":"Bokning","item":"https:\/\/morahotell.se\/bokning\/"},{"@type":"ListItem","position":3,"name":"OFFRES SP\u00c9CIALES","item":"https:\/\/morahotell.se\/fr\/produkt-kategori\/offres-speciales\/"},{"@type":"ListItem","position":4,"name":"Cyclisme \u00e0 Mora \u2013 V\u00e9lo de loisir \u2013 2 jours"}]},{"@type":"WebSite","@id":"https:\/\/morahotell.se\/fr\/#website","url":"https:\/\/morahotell.se\/fr\/","name":"Mora Hotell &amp; Spa","description":"Fyrstj\u00e4rnigt hotell i Mora, n\u00e4ra Siljan","potentialAction":[{"@type":"SearchAction","target":{"@type":"EntryPoint","urlTemplate":"https:\/\/morahotell.se\/fr\/?s={search_term_string}"},"query-input":{"@type":"PropertyValueSpecification","valueRequired":true,"valueName":"search_term_string"}}],"inLanguage":"fr-FR"}]}},"_links":{"self":[{"href":"https:\/\/morahotell.se\/fr\/wp-json\/wp\/v2\/product\/30097","targetHints":{"allow":["GET"]}}],"collection":[{"href":"https:\/\/morahotell.se\/fr\/wp-json\/wp\/v2\/product"}],"about":[{"href":"https:\/\/morahotell.se\/fr\/wp-json\/wp\/v2\/types\/product"}],"replies":[{"embeddable":true,"href":"https:\/\/morahotell.se\/fr\/wp-json\/wp\/v2\/comments?post=30097"}],"wp:featuredmedia":[{"embeddable":true,"href":"https:\/\/morahotell.se\/fr\/wp-json\/wp\/v2\/media\/16829"}],"wp:attachment":[{"href":"https:\/\/morahotell.se\/fr\/wp-json\/wp\/v2\/media?parent=30097"}],"wp:term":[{"taxonomy":"product_brand","embeddable":true,"href":"https:\/\/morahotell.se\/fr\/wp-json\/wp\/v2\/product_brand?post=30097"},{"taxonomy":"product_cat","embeddable":true,"href":"https:\/\/morahotell.se\/fr\/wp-json\/wp\/v2\/product_cat?post=30097"},{"taxonomy":"product_tag","embeddable":true,"href":"https:\/\/morahotell.se\/fr\/wp-json\/wp\/v2\/product_tag?post=30097"}],"curies":[{"name":"wp","href":"https:\/\/api.w.org\/{rel}","templated":true}]}}