{"id":29002,"date":"2025-05-23T14:07:37","date_gmt":"2025-05-23T12:07:37","guid":{"rendered":"https:\/\/morahotell.se\/?post_type=product&#038;p=29002"},"modified":"2025-05-23T14:59:27","modified_gmt":"2025-05-23T12:59:27","slug":"club-thermal-du-jeudi","status":"publish","type":"product","link":"https:\/\/morahotell.se\/fr\/produkt\/en-cours-en-ce-moment\/club-thermal-du-jeudi\/","title":{"rendered":"Club thermal du jeudi"},"content":{"rendered":"<p><strong>Spa Club &#8211; tous les jeudis !<\/strong><br \/>\nDevenez membre et profitez de :<\/p>\n<ul>\n<li>20% de r\u00e9duction sur les traitements SPA et les produits Kerstin Florian<\/li>\n<li>15 % sur le studio de ballet et de yoga Mora<\/li>\n<li>Entr\u00e9e gratuite dans l&rsquo;espace spa (avec peignoir, pantoufles et serviette)<\/li>\n<li>D\u00e9tente au sauna, \u00e0 la piscine, au jacuzzi et au bain de glace.<\/li>\n<\/ul>\n<p>Prix : 995 SEK par trimestre ou 1695 SEK par an.<br \/>\nInscription \u00e0 la r\u00e9ception. Non valable pendant Vasaloppsveckor, juillet ou No\u00ebl-Nouvel An.<\/p>\n","protected":false},"excerpt":{"rendered":"<p><strong>Spa Club &#8211; tous les jeudis !<\/strong><br \/>\nDevenez membre et profitez de :<\/p>\n<ul>\n<li>20% de r\u00e9duction sur les traitements SPA et les produits Kerstin Florian<\/li>\n<li>15 % sur le studio de ballet et de yoga Mora<\/li>\n<li>Entr\u00e9e gratuite dans l&rsquo;espace spa (avec peignoir, pantoufles et serviette)<\/li>\n<li>D\u00e9tente au sauna, \u00e0 la piscine, au jacuzzi et au bain de glace.<\/li>\n<\/ul>\n<p>Prix : 995 SEK par trimestre ou 1695 SEK par an.<br \/>\nInscription \u00e0 la r\u00e9ception. Non valable pendant Vasaloppsveckor, juillet ou No\u00ebl-Nouvel An.<\/p>\n","protected":false},"featured_media":29005,"comment_status":"closed","ping_status":"closed","template":"","meta":{"_acf_changed":false},"product_brand":[],"product_cat":[187],"product_tag":[184],"class_list":{"0":"post-29002","1":"product","2":"type-product","3":"status-publish","4":"has-post-thumbnail","6":"product_cat-en-cours-en-ce-moment","7":"product_tag-pa-gang-just-nu-fr","9":"first","10":"instock","11":"taxable","12":"shipping-taxable","13":"purchasable","14":"product-type-simple"},"acf":[],"yoast_head":"<!-- This site is optimized with the Yoast SEO plugin v26.5 - https:\/\/yoast.com\/wordpress\/plugins\/seo\/ -->\n<title>AW varje fredag i mars p\u00e5 Mora Hotell<\/title>\n<meta name=\"description\" content=\"V\u00e4lkommen p\u00e5 AW varje fredag i mars, fr\u00e5n kl\u00a016.00. Det \u00e4r bara att kliva in och best\u00e4lla det du vill dricka. Varmt v\u00e4lkommen\" \/>\n<meta name=\"robots\" content=\"index, follow, max-snippet:-1, max-image-preview:large, max-video-preview:-1\" \/>\n<link rel=\"canonical\" href=\"https:\/\/morahotell.se\/fr\/produkt\/en-cours-en-ce-moment\/club-thermal-du-jeudi\/\" \/>\n<meta property=\"og:locale\" content=\"fr_FR\" \/>\n<meta property=\"og:type\" content=\"article\" \/>\n<meta property=\"og:title\" content=\"AW varje fredag i mars p\u00e5 Mora Hotell\" \/>\n<meta property=\"og:description\" content=\"V\u00e4lkommen p\u00e5 AW varje fredag i mars, fr\u00e5n kl\u00a016.00. Det \u00e4r bara att kliva in och best\u00e4lla det du vill dricka. Varmt v\u00e4lkommen\" \/>\n<meta property=\"og:url\" content=\"https:\/\/morahotell.se\/fr\/produkt\/en-cours-en-ce-moment\/club-thermal-du-jeudi\/\" \/>\n<meta property=\"og:site_name\" content=\"Mora Hotell &amp; Spa\" \/>\n<meta property=\"article:modified_time\" content=\"2025-05-23T12:59:27+00:00\" \/>\n<meta property=\"og:image\" content=\"https:\/\/morahotell.se\/wp-content\/uploads\/2025\/05\/Spaklubb_torsdagar-scaled.jpg\" \/>\n\t<meta property=\"og:image:width\" content=\"2560\" \/>\n\t<meta property=\"og:image:height\" content=\"1707\" \/>\n\t<meta property=\"og:image:type\" content=\"image\/jpeg\" \/>\n<meta name=\"twitter:card\" content=\"summary_large_image\" \/>\n<script type=\"application\/ld+json\" class=\"yoast-schema-graph\">{\"@context\":\"https:\/\/schema.org\",\"@graph\":[{\"@type\":\"WebPage\",\"@id\":\"https:\/\/morahotell.se\/fr\/produkt\/en-cours-en-ce-moment\/club-thermal-du-jeudi\/\",\"url\":\"https:\/\/morahotell.se\/fr\/produkt\/en-cours-en-ce-moment\/club-thermal-du-jeudi\/\",\"name\":\"AW varje fredag i mars p\u00e5 Mora Hotell\",\"isPartOf\":{\"@id\":\"https:\/\/morahotell.se\/fr\/#website\"},\"primaryImageOfPage\":{\"@id\":\"https:\/\/morahotell.se\/fr\/produkt\/en-cours-en-ce-moment\/club-thermal-du-jeudi\/#primaryimage\"},\"image\":{\"@id\":\"https:\/\/morahotell.se\/fr\/produkt\/en-cours-en-ce-moment\/club-thermal-du-jeudi\/#primaryimage\"},\"thumbnailUrl\":\"https:\/\/morahotell.se\/wp-content\/uploads\/2025\/05\/Spaklubb_torsdagar-scaled.jpg\",\"datePublished\":\"2025-05-23T12:07:37+00:00\",\"dateModified\":\"2025-05-23T12:59:27+00:00\",\"description\":\"V\u00e4lkommen p\u00e5 AW varje fredag i mars, fr\u00e5n kl\u00a016.00. Det \u00e4r bara att kliva in och best\u00e4lla det du vill dricka. Varmt v\u00e4lkommen\",\"breadcrumb\":{\"@id\":\"https:\/\/morahotell.se\/fr\/produkt\/en-cours-en-ce-moment\/club-thermal-du-jeudi\/#breadcrumb\"},\"inLanguage\":\"fr-FR\",\"potentialAction\":[{\"@type\":\"ReadAction\",\"target\":[\"https:\/\/morahotell.se\/fr\/produkt\/en-cours-en-ce-moment\/club-thermal-du-jeudi\/\"]}]},{\"@type\":\"ImageObject\",\"inLanguage\":\"fr-FR\",\"@id\":\"https:\/\/morahotell.se\/fr\/produkt\/en-cours-en-ce-moment\/club-thermal-du-jeudi\/#primaryimage\",\"url\":\"https:\/\/morahotell.se\/wp-content\/uploads\/2025\/05\/Spaklubb_torsdagar-scaled.jpg\",\"contentUrl\":\"https:\/\/morahotell.se\/wp-content\/uploads\/2025\/05\/Spaklubb_torsdagar-scaled.jpg\",\"width\":2560,\"height\":1707,\"caption\":\"Spaklubb torsdagar\"},{\"@type\":\"BreadcrumbList\",\"@id\":\"https:\/\/morahotell.se\/fr\/produkt\/en-cours-en-ce-moment\/club-thermal-du-jeudi\/#breadcrumb\",\"itemListElement\":[{\"@type\":\"ListItem\",\"position\":1,\"name\":\"Mora hotell\",\"item\":\"https:\/\/morahotell.se\/fr\/\"},{\"@type\":\"ListItem\",\"position\":2,\"name\":\"Bokning\",\"item\":\"https:\/\/morahotell.se\/bokning\/\"},{\"@type\":\"ListItem\",\"position\":3,\"name\":\"Nos activit\u00e9s\",\"item\":\"https:\/\/morahotell.se\/fr\/produkt-kategori\/nos-activites\/\"},{\"@type\":\"ListItem\",\"position\":4,\"name\":\"En cours en ce moment\",\"item\":\"https:\/\/morahotell.se\/fr\/produkt-kategori\/en-cours-en-ce-moment\/\"},{\"@type\":\"ListItem\",\"position\":5,\"name\":\"Club thermal du jeudi\"}]},{\"@type\":\"WebSite\",\"@id\":\"https:\/\/morahotell.se\/fr\/#website\",\"url\":\"https:\/\/morahotell.se\/fr\/\",\"name\":\"Mora Hotell &amp; Spa\",\"description\":\"Fyrstj\u00e4rnigt hotell i Mora, n\u00e4ra Siljan\",\"potentialAction\":[{\"@type\":\"SearchAction\",\"target\":{\"@type\":\"EntryPoint\",\"urlTemplate\":\"https:\/\/morahotell.se\/fr\/?s={search_term_string}\"},\"query-input\":{\"@type\":\"PropertyValueSpecification\",\"valueRequired\":true,\"valueName\":\"search_term_string\"}}],\"inLanguage\":\"fr-FR\"}]}<\/script>\n<!-- \/ Yoast SEO plugin. -->","yoast_head_json":{"title":"AW varje fredag i mars p\u00e5 Mora Hotell","description":"V\u00e4lkommen p\u00e5 AW varje fredag i mars, fr\u00e5n kl\u00a016.00. Det \u00e4r bara att kliva in och best\u00e4lla det du vill dricka. Varmt v\u00e4lkommen","robots":{"index":"index","follow":"follow","max-snippet":"max-snippet:-1","max-image-preview":"max-image-preview:large","max-video-preview":"max-video-preview:-1"},"canonical":"https:\/\/morahotell.se\/fr\/produkt\/en-cours-en-ce-moment\/club-thermal-du-jeudi\/","og_locale":"fr_FR","og_type":"article","og_title":"AW varje fredag i mars p\u00e5 Mora Hotell","og_description":"V\u00e4lkommen p\u00e5 AW varje fredag i mars, fr\u00e5n kl\u00a016.00. Det \u00e4r bara att kliva in och best\u00e4lla det du vill dricka. Varmt v\u00e4lkommen","og_url":"https:\/\/morahotell.se\/fr\/produkt\/en-cours-en-ce-moment\/club-thermal-du-jeudi\/","og_site_name":"Mora Hotell &amp; Spa","article_modified_time":"2025-05-23T12:59:27+00:00","og_image":[{"width":2560,"height":1707,"url":"https:\/\/morahotell.se\/wp-content\/uploads\/2025\/05\/Spaklubb_torsdagar-scaled.jpg","type":"image\/jpeg"}],"twitter_card":"summary_large_image","schema":{"@context":"https:\/\/schema.org","@graph":[{"@type":"WebPage","@id":"https:\/\/morahotell.se\/fr\/produkt\/en-cours-en-ce-moment\/club-thermal-du-jeudi\/","url":"https:\/\/morahotell.se\/fr\/produkt\/en-cours-en-ce-moment\/club-thermal-du-jeudi\/","name":"AW varje fredag i mars p\u00e5 Mora Hotell","isPartOf":{"@id":"https:\/\/morahotell.se\/fr\/#website"},"primaryImageOfPage":{"@id":"https:\/\/morahotell.se\/fr\/produkt\/en-cours-en-ce-moment\/club-thermal-du-jeudi\/#primaryimage"},"image":{"@id":"https:\/\/morahotell.se\/fr\/produkt\/en-cours-en-ce-moment\/club-thermal-du-jeudi\/#primaryimage"},"thumbnailUrl":"https:\/\/morahotell.se\/wp-content\/uploads\/2025\/05\/Spaklubb_torsdagar-scaled.jpg","datePublished":"2025-05-23T12:07:37+00:00","dateModified":"2025-05-23T12:59:27+00:00","description":"V\u00e4lkommen p\u00e5 AW varje fredag i mars, fr\u00e5n kl\u00a016.00. Det \u00e4r bara att kliva in och best\u00e4lla det du vill dricka. Varmt v\u00e4lkommen","breadcrumb":{"@id":"https:\/\/morahotell.se\/fr\/produkt\/en-cours-en-ce-moment\/club-thermal-du-jeudi\/#breadcrumb"},"inLanguage":"fr-FR","potentialAction":[{"@type":"ReadAction","target":["https:\/\/morahotell.se\/fr\/produkt\/en-cours-en-ce-moment\/club-thermal-du-jeudi\/"]}]},{"@type":"ImageObject","inLanguage":"fr-FR","@id":"https:\/\/morahotell.se\/fr\/produkt\/en-cours-en-ce-moment\/club-thermal-du-jeudi\/#primaryimage","url":"https:\/\/morahotell.se\/wp-content\/uploads\/2025\/05\/Spaklubb_torsdagar-scaled.jpg","contentUrl":"https:\/\/morahotell.se\/wp-content\/uploads\/2025\/05\/Spaklubb_torsdagar-scaled.jpg","width":2560,"height":1707,"caption":"Spaklubb torsdagar"},{"@type":"BreadcrumbList","@id":"https:\/\/morahotell.se\/fr\/produkt\/en-cours-en-ce-moment\/club-thermal-du-jeudi\/#breadcrumb","itemListElement":[{"@type":"ListItem","position":1,"name":"Mora hotell","item":"https:\/\/morahotell.se\/fr\/"},{"@type":"ListItem","position":2,"name":"Bokning","item":"https:\/\/morahotell.se\/bokning\/"},{"@type":"ListItem","position":3,"name":"Nos activit\u00e9s","item":"https:\/\/morahotell.se\/fr\/produkt-kategori\/nos-activites\/"},{"@type":"ListItem","position":4,"name":"En cours en ce moment","item":"https:\/\/morahotell.se\/fr\/produkt-kategori\/en-cours-en-ce-moment\/"},{"@type":"ListItem","position":5,"name":"Club thermal du jeudi"}]},{"@type":"WebSite","@id":"https:\/\/morahotell.se\/fr\/#website","url":"https:\/\/morahotell.se\/fr\/","name":"Mora Hotell &amp; Spa","description":"Fyrstj\u00e4rnigt hotell i Mora, n\u00e4ra Siljan","potentialAction":[{"@type":"SearchAction","target":{"@type":"EntryPoint","urlTemplate":"https:\/\/morahotell.se\/fr\/?s={search_term_string}"},"query-input":{"@type":"PropertyValueSpecification","valueRequired":true,"valueName":"search_term_string"}}],"inLanguage":"fr-FR"}]}},"_links":{"self":[{"href":"https:\/\/morahotell.se\/fr\/wp-json\/wp\/v2\/product\/29002","targetHints":{"allow":["GET"]}}],"collection":[{"href":"https:\/\/morahotell.se\/fr\/wp-json\/wp\/v2\/product"}],"about":[{"href":"https:\/\/morahotell.se\/fr\/wp-json\/wp\/v2\/types\/product"}],"replies":[{"embeddable":true,"href":"https:\/\/morahotell.se\/fr\/wp-json\/wp\/v2\/comments?post=29002"}],"wp:featuredmedia":[{"embeddable":true,"href":"https:\/\/morahotell.se\/fr\/wp-json\/wp\/v2\/media\/29005"}],"wp:attachment":[{"href":"https:\/\/morahotell.se\/fr\/wp-json\/wp\/v2\/media?parent=29002"}],"wp:term":[{"taxonomy":"product_brand","embeddable":true,"href":"https:\/\/morahotell.se\/fr\/wp-json\/wp\/v2\/product_brand?post=29002"},{"taxonomy":"product_cat","embeddable":true,"href":"https:\/\/morahotell.se\/fr\/wp-json\/wp\/v2\/product_cat?post=29002"},{"taxonomy":"product_tag","embeddable":true,"href":"https:\/\/morahotell.se\/fr\/wp-json\/wp\/v2\/product_tag?post=29002"}],"curies":[{"name":"wp","href":"https:\/\/api.w.org\/{rel}","templated":true}]}}