{"id":28991,"date":"2025-05-23T12:06:32","date_gmt":"2025-05-23T10:06:32","guid":{"rendered":"https:\/\/morahotell.se\/?post_type=product&#038;p=28991"},"modified":"2025-05-23T13:51:16","modified_gmt":"2025-05-23T11:51:16","slug":"musique-live-le-mercredi-a-partir-de-2000","status":"publish","type":"product","link":"https:\/\/morahotell.se\/fr\/produkt\/en-cours-en-ce-moment\/musique-live-le-mercredi-a-partir-de-2000\/","title":{"rendered":"Musique live le mercredi \u00e0 partir de 20:00"},"content":{"rendered":"<p>D\u00e9couvrez l&rsquo;atmosph\u00e8re du milieu de semaine \u00e0 l&rsquo;h\u00f4tel Mora ! Tous les mercredis \u00e0 partir de 20 heures, nous vous invitons \u00e0 \u00e9couter de la musique en direct, avec des talents locaux et des sonorit\u00e9s swing. Parfait pour un after work, un d\u00eener d\u00e9contract\u00e9 ou simplement une exp\u00e9rience musicale en bonne compagnie.<\/p>\n","protected":false},"excerpt":{"rendered":"<p>D\u00e9couvrez l&rsquo;atmosph\u00e8re du milieu de semaine \u00e0 l&rsquo;h\u00f4tel Mora ! Tous les mercredis \u00e0 partir de 20 heures, nous vous invitons \u00e0 \u00e9couter de la musique en direct, avec des talents locaux et des sonorit\u00e9s swing. Parfait pour un after work, un d\u00eener d\u00e9contract\u00e9 ou simplement une exp\u00e9rience musicale en bonne compagnie.<\/p>\n","protected":false},"featured_media":30487,"comment_status":"closed","ping_status":"closed","template":"","meta":{"_acf_changed":false},"product_brand":[],"product_cat":[187],"product_tag":[184],"class_list":{"0":"post-28991","1":"product","2":"type-product","3":"status-publish","4":"has-post-thumbnail","6":"product_cat-en-cours-en-ce-moment","7":"product_tag-pa-gang-just-nu-fr","9":"first","10":"instock","11":"taxable","12":"shipping-taxable","13":"product-type-simple"},"acf":[],"yoast_head":"<!-- This site is optimized with the Yoast SEO plugin v26.5 - https:\/\/yoast.com\/wordpress\/plugins\/seo\/ -->\n<title>AW varje fredag i mars p\u00e5 Mora Hotell<\/title>\n<meta name=\"description\" content=\"V\u00e4lkommen p\u00e5 AW varje fredag i mars, fr\u00e5n kl\u00a016.00. Det \u00e4r bara att kliva in och best\u00e4lla det du vill dricka. Varmt v\u00e4lkommen\" \/>\n<meta name=\"robots\" content=\"index, follow, max-snippet:-1, max-image-preview:large, max-video-preview:-1\" \/>\n<link rel=\"canonical\" href=\"https:\/\/morahotell.se\/fr\/produkt\/en-cours-en-ce-moment\/musique-live-le-mercredi-a-partir-de-2000\/\" \/>\n<meta property=\"og:locale\" content=\"fr_FR\" \/>\n<meta property=\"og:type\" content=\"article\" \/>\n<meta property=\"og:title\" content=\"AW varje fredag i mars p\u00e5 Mora Hotell\" \/>\n<meta property=\"og:description\" content=\"V\u00e4lkommen p\u00e5 AW varje fredag i mars, fr\u00e5n kl\u00a016.00. Det \u00e4r bara att kliva in och best\u00e4lla det du vill dricka. Varmt v\u00e4lkommen\" \/>\n<meta property=\"og:url\" content=\"https:\/\/morahotell.se\/fr\/produkt\/en-cours-en-ce-moment\/musique-live-le-mercredi-a-partir-de-2000\/\" \/>\n<meta property=\"og:site_name\" content=\"Mora Hotell &amp; Spa\" \/>\n<meta property=\"article:modified_time\" content=\"2025-05-23T11:51:16+00:00\" \/>\n<meta property=\"og:image\" content=\"https:\/\/morahotell.se\/wp-content\/uploads\/2025\/05\/levande_musik_onsdagar.jpg\" \/>\n\t<meta property=\"og:image:width\" content=\"1529\" \/>\n\t<meta property=\"og:image:height\" content=\"2162\" \/>\n\t<meta property=\"og:image:type\" content=\"image\/jpeg\" \/>\n<meta name=\"twitter:card\" content=\"summary_large_image\" \/>\n<script type=\"application\/ld+json\" class=\"yoast-schema-graph\">{\"@context\":\"https:\/\/schema.org\",\"@graph\":[{\"@type\":\"WebPage\",\"@id\":\"https:\/\/morahotell.se\/fr\/produkt\/en-cours-en-ce-moment\/musique-live-le-mercredi-a-partir-de-2000\/\",\"url\":\"https:\/\/morahotell.se\/fr\/produkt\/en-cours-en-ce-moment\/musique-live-le-mercredi-a-partir-de-2000\/\",\"name\":\"AW varje fredag i mars p\u00e5 Mora Hotell\",\"isPartOf\":{\"@id\":\"https:\/\/morahotell.se\/fr\/#website\"},\"primaryImageOfPage\":{\"@id\":\"https:\/\/morahotell.se\/fr\/produkt\/en-cours-en-ce-moment\/musique-live-le-mercredi-a-partir-de-2000\/#primaryimage\"},\"image\":{\"@id\":\"https:\/\/morahotell.se\/fr\/produkt\/en-cours-en-ce-moment\/musique-live-le-mercredi-a-partir-de-2000\/#primaryimage\"},\"thumbnailUrl\":\"https:\/\/morahotell.se\/wp-content\/uploads\/2025\/11\/569391030_1412410540885595_4637035728893757755_n.jpg\",\"datePublished\":\"2025-05-23T10:06:32+00:00\",\"dateModified\":\"2025-05-23T11:51:16+00:00\",\"description\":\"V\u00e4lkommen p\u00e5 AW varje fredag i mars, fr\u00e5n kl\u00a016.00. Det \u00e4r bara att kliva in och best\u00e4lla det du vill dricka. Varmt v\u00e4lkommen\",\"breadcrumb\":{\"@id\":\"https:\/\/morahotell.se\/fr\/produkt\/en-cours-en-ce-moment\/musique-live-le-mercredi-a-partir-de-2000\/#breadcrumb\"},\"inLanguage\":\"fr-FR\",\"potentialAction\":[{\"@type\":\"ReadAction\",\"target\":[\"https:\/\/morahotell.se\/fr\/produkt\/en-cours-en-ce-moment\/musique-live-le-mercredi-a-partir-de-2000\/\"]}]},{\"@type\":\"ImageObject\",\"inLanguage\":\"fr-FR\",\"@id\":\"https:\/\/morahotell.se\/fr\/produkt\/en-cours-en-ce-moment\/musique-live-le-mercredi-a-partir-de-2000\/#primaryimage\",\"url\":\"https:\/\/morahotell.se\/wp-content\/uploads\/2025\/11\/569391030_1412410540885595_4637035728893757755_n.jpg\",\"contentUrl\":\"https:\/\/morahotell.se\/wp-content\/uploads\/2025\/11\/569391030_1412410540885595_4637035728893757755_n.jpg\",\"width\":960,\"height\":1200},{\"@type\":\"BreadcrumbList\",\"@id\":\"https:\/\/morahotell.se\/fr\/produkt\/en-cours-en-ce-moment\/musique-live-le-mercredi-a-partir-de-2000\/#breadcrumb\",\"itemListElement\":[{\"@type\":\"ListItem\",\"position\":1,\"name\":\"Mora hotell\",\"item\":\"https:\/\/morahotell.se\/fr\/\"},{\"@type\":\"ListItem\",\"position\":2,\"name\":\"Bokning\",\"item\":\"https:\/\/morahotell.se\/bokning\/\"},{\"@type\":\"ListItem\",\"position\":3,\"name\":\"Nos activit\u00e9s\",\"item\":\"https:\/\/morahotell.se\/fr\/produkt-kategori\/nos-activites\/\"},{\"@type\":\"ListItem\",\"position\":4,\"name\":\"En cours en ce moment\",\"item\":\"https:\/\/morahotell.se\/fr\/produkt-kategori\/en-cours-en-ce-moment\/\"},{\"@type\":\"ListItem\",\"position\":5,\"name\":\"Musique live le mercredi \u00e0 partir de 20:00\"}]},{\"@type\":\"WebSite\",\"@id\":\"https:\/\/morahotell.se\/fr\/#website\",\"url\":\"https:\/\/morahotell.se\/fr\/\",\"name\":\"Mora Hotell &amp; Spa\",\"description\":\"Fyrstj\u00e4rnigt hotell i Mora, n\u00e4ra Siljan\",\"potentialAction\":[{\"@type\":\"SearchAction\",\"target\":{\"@type\":\"EntryPoint\",\"urlTemplate\":\"https:\/\/morahotell.se\/fr\/?s={search_term_string}\"},\"query-input\":{\"@type\":\"PropertyValueSpecification\",\"valueRequired\":true,\"valueName\":\"search_term_string\"}}],\"inLanguage\":\"fr-FR\"}]}<\/script>\n<!-- \/ Yoast SEO plugin. -->","yoast_head_json":{"title":"AW varje fredag i mars p\u00e5 Mora Hotell","description":"V\u00e4lkommen p\u00e5 AW varje fredag i mars, fr\u00e5n kl\u00a016.00. Det \u00e4r bara att kliva in och best\u00e4lla det du vill dricka. Varmt v\u00e4lkommen","robots":{"index":"index","follow":"follow","max-snippet":"max-snippet:-1","max-image-preview":"max-image-preview:large","max-video-preview":"max-video-preview:-1"},"canonical":"https:\/\/morahotell.se\/fr\/produkt\/en-cours-en-ce-moment\/musique-live-le-mercredi-a-partir-de-2000\/","og_locale":"fr_FR","og_type":"article","og_title":"AW varje fredag i mars p\u00e5 Mora Hotell","og_description":"V\u00e4lkommen p\u00e5 AW varje fredag i mars, fr\u00e5n kl\u00a016.00. Det \u00e4r bara att kliva in och best\u00e4lla det du vill dricka. Varmt v\u00e4lkommen","og_url":"https:\/\/morahotell.se\/fr\/produkt\/en-cours-en-ce-moment\/musique-live-le-mercredi-a-partir-de-2000\/","og_site_name":"Mora Hotell &amp; Spa","article_modified_time":"2025-05-23T11:51:16+00:00","og_image":[{"width":1529,"height":2162,"url":"https:\/\/morahotell.se\/wp-content\/uploads\/2025\/05\/levande_musik_onsdagar.jpg","type":"image\/jpeg"}],"twitter_card":"summary_large_image","schema":{"@context":"https:\/\/schema.org","@graph":[{"@type":"WebPage","@id":"https:\/\/morahotell.se\/fr\/produkt\/en-cours-en-ce-moment\/musique-live-le-mercredi-a-partir-de-2000\/","url":"https:\/\/morahotell.se\/fr\/produkt\/en-cours-en-ce-moment\/musique-live-le-mercredi-a-partir-de-2000\/","name":"AW varje fredag i mars p\u00e5 Mora Hotell","isPartOf":{"@id":"https:\/\/morahotell.se\/fr\/#website"},"primaryImageOfPage":{"@id":"https:\/\/morahotell.se\/fr\/produkt\/en-cours-en-ce-moment\/musique-live-le-mercredi-a-partir-de-2000\/#primaryimage"},"image":{"@id":"https:\/\/morahotell.se\/fr\/produkt\/en-cours-en-ce-moment\/musique-live-le-mercredi-a-partir-de-2000\/#primaryimage"},"thumbnailUrl":"https:\/\/morahotell.se\/wp-content\/uploads\/2025\/11\/569391030_1412410540885595_4637035728893757755_n.jpg","datePublished":"2025-05-23T10:06:32+00:00","dateModified":"2025-05-23T11:51:16+00:00","description":"V\u00e4lkommen p\u00e5 AW varje fredag i mars, fr\u00e5n kl\u00a016.00. Det \u00e4r bara att kliva in och best\u00e4lla det du vill dricka. Varmt v\u00e4lkommen","breadcrumb":{"@id":"https:\/\/morahotell.se\/fr\/produkt\/en-cours-en-ce-moment\/musique-live-le-mercredi-a-partir-de-2000\/#breadcrumb"},"inLanguage":"fr-FR","potentialAction":[{"@type":"ReadAction","target":["https:\/\/morahotell.se\/fr\/produkt\/en-cours-en-ce-moment\/musique-live-le-mercredi-a-partir-de-2000\/"]}]},{"@type":"ImageObject","inLanguage":"fr-FR","@id":"https:\/\/morahotell.se\/fr\/produkt\/en-cours-en-ce-moment\/musique-live-le-mercredi-a-partir-de-2000\/#primaryimage","url":"https:\/\/morahotell.se\/wp-content\/uploads\/2025\/11\/569391030_1412410540885595_4637035728893757755_n.jpg","contentUrl":"https:\/\/morahotell.se\/wp-content\/uploads\/2025\/11\/569391030_1412410540885595_4637035728893757755_n.jpg","width":960,"height":1200},{"@type":"BreadcrumbList","@id":"https:\/\/morahotell.se\/fr\/produkt\/en-cours-en-ce-moment\/musique-live-le-mercredi-a-partir-de-2000\/#breadcrumb","itemListElement":[{"@type":"ListItem","position":1,"name":"Mora hotell","item":"https:\/\/morahotell.se\/fr\/"},{"@type":"ListItem","position":2,"name":"Bokning","item":"https:\/\/morahotell.se\/bokning\/"},{"@type":"ListItem","position":3,"name":"Nos activit\u00e9s","item":"https:\/\/morahotell.se\/fr\/produkt-kategori\/nos-activites\/"},{"@type":"ListItem","position":4,"name":"En cours en ce moment","item":"https:\/\/morahotell.se\/fr\/produkt-kategori\/en-cours-en-ce-moment\/"},{"@type":"ListItem","position":5,"name":"Musique live le mercredi \u00e0 partir de 20:00"}]},{"@type":"WebSite","@id":"https:\/\/morahotell.se\/fr\/#website","url":"https:\/\/morahotell.se\/fr\/","name":"Mora Hotell &amp; Spa","description":"Fyrstj\u00e4rnigt hotell i Mora, n\u00e4ra Siljan","potentialAction":[{"@type":"SearchAction","target":{"@type":"EntryPoint","urlTemplate":"https:\/\/morahotell.se\/fr\/?s={search_term_string}"},"query-input":{"@type":"PropertyValueSpecification","valueRequired":true,"valueName":"search_term_string"}}],"inLanguage":"fr-FR"}]}},"_links":{"self":[{"href":"https:\/\/morahotell.se\/fr\/wp-json\/wp\/v2\/product\/28991","targetHints":{"allow":["GET"]}}],"collection":[{"href":"https:\/\/morahotell.se\/fr\/wp-json\/wp\/v2\/product"}],"about":[{"href":"https:\/\/morahotell.se\/fr\/wp-json\/wp\/v2\/types\/product"}],"replies":[{"embeddable":true,"href":"https:\/\/morahotell.se\/fr\/wp-json\/wp\/v2\/comments?post=28991"}],"wp:featuredmedia":[{"embeddable":true,"href":"https:\/\/morahotell.se\/fr\/wp-json\/wp\/v2\/media\/30487"}],"wp:attachment":[{"href":"https:\/\/morahotell.se\/fr\/wp-json\/wp\/v2\/media?parent=28991"}],"wp:term":[{"taxonomy":"product_brand","embeddable":true,"href":"https:\/\/morahotell.se\/fr\/wp-json\/wp\/v2\/product_brand?post=28991"},{"taxonomy":"product_cat","embeddable":true,"href":"https:\/\/morahotell.se\/fr\/wp-json\/wp\/v2\/product_cat?post=28991"},{"taxonomy":"product_tag","embeddable":true,"href":"https:\/\/morahotell.se\/fr\/wp-json\/wp\/v2\/product_tag?post=28991"}],"curies":[{"name":"wp","href":"https:\/\/api.w.org\/{rel}","templated":true}]}}