{"id":28929,"date":"2025-05-13T11:43:15","date_gmt":"2025-05-13T09:43:15","guid":{"rendered":"https:\/\/morahotell.se\/?post_type=product&#038;p=28929"},"modified":"2025-05-13T12:05:06","modified_gmt":"2025-05-13T10:05:06","slug":"les-cocktails-du-mardi-avec-simon-trouvez-votre-nouvelle-boisson-preferee","status":"publish","type":"product","link":"https:\/\/morahotell.se\/fr\/produkt\/en-cours-en-ce-moment\/les-cocktails-du-mardi-avec-simon-trouvez-votre-nouvelle-boisson-preferee\/","title":{"rendered":"Les cocktails du mardi avec Simon &#8211; trouvez votre nouvelle boisson pr\u00e9f\u00e9r\u00e9e !"},"content":{"rendered":"<p>Entre 17 et 19 heures, les mardis, vous \u00eates chaleureusement invit\u00e9s \u00e0 participer aux cocktails du mardi avec Simon au bar ! La derni\u00e8re fois, il a servi cette d\u00e9licieuse boisson au limoncello \ud83c\udf4b Les mardis, il est de retour avec un nouveau lot de boissons signature, peut-\u00eatre trouverez-vous un nouveau favori ?<\/p>\n","protected":false},"excerpt":{"rendered":"<p>Entre 17 et 19 heures, les mardis, vous \u00eates chaleureusement invit\u00e9s \u00e0 participer aux cocktails du mardi avec Simon au bar ! La derni\u00e8re fois, il a servi cette d\u00e9licieuse boisson au limoncello \ud83c\udf4b Les mardis, il est de retour avec un nouveau lot de boissons signature, peut-\u00eatre trouverez-vous un nouveau favori ?<\/p>\n","protected":false},"featured_media":28932,"comment_status":"closed","ping_status":"closed","template":"","meta":{"_acf_changed":false},"product_brand":[],"product_cat":[187],"product_tag":[184],"class_list":{"0":"post-28929","1":"product","2":"type-product","3":"status-publish","4":"has-post-thumbnail","6":"product_cat-en-cours-en-ce-moment","7":"product_tag-pa-gang-just-nu-fr","9":"first","10":"instock","11":"taxable","12":"shipping-taxable","13":"purchasable","14":"product-type-simple"},"acf":[],"yoast_head":"<!-- This site is optimized with the Yoast SEO plugin v26.5 - https:\/\/yoast.com\/wordpress\/plugins\/seo\/ -->\n<title>AW varje fredag i mars p\u00e5 Mora Hotell<\/title>\n<meta name=\"description\" content=\"V\u00e4lkommen p\u00e5 AW varje fredag i mars, fr\u00e5n kl\u00a016.00. Det \u00e4r bara att kliva in och best\u00e4lla det du vill dricka. Varmt v\u00e4lkommen\" \/>\n<meta name=\"robots\" content=\"index, follow, max-snippet:-1, max-image-preview:large, max-video-preview:-1\" \/>\n<link rel=\"canonical\" href=\"https:\/\/morahotell.se\/fr\/produkt\/en-cours-en-ce-moment\/les-cocktails-du-mardi-avec-simon-trouvez-votre-nouvelle-boisson-preferee\/\" \/>\n<meta property=\"og:locale\" content=\"fr_FR\" \/>\n<meta property=\"og:type\" content=\"article\" \/>\n<meta property=\"og:title\" content=\"AW varje fredag i mars p\u00e5 Mora Hotell\" \/>\n<meta property=\"og:description\" content=\"V\u00e4lkommen p\u00e5 AW varje fredag i mars, fr\u00e5n kl\u00a016.00. Det \u00e4r bara att kliva in och best\u00e4lla det du vill dricka. Varmt v\u00e4lkommen\" \/>\n<meta property=\"og:url\" content=\"https:\/\/morahotell.se\/fr\/produkt\/en-cours-en-ce-moment\/les-cocktails-du-mardi-avec-simon-trouvez-votre-nouvelle-boisson-preferee\/\" \/>\n<meta property=\"og:site_name\" content=\"Mora Hotell &amp; Spa\" \/>\n<meta property=\"article:modified_time\" content=\"2025-05-13T10:05:06+00:00\" \/>\n<meta property=\"og:image\" content=\"https:\/\/morahotell.se\/wp-content\/uploads\/2025\/05\/tisdagscocktails-med-simon-scaled.webp\" \/>\n\t<meta property=\"og:image:width\" content=\"1920\" \/>\n\t<meta property=\"og:image:height\" content=\"2560\" \/>\n\t<meta property=\"og:image:type\" content=\"image\/webp\" \/>\n<meta name=\"twitter:card\" content=\"summary_large_image\" \/>\n<script type=\"application\/ld+json\" class=\"yoast-schema-graph\">{\"@context\":\"https:\/\/schema.org\",\"@graph\":[{\"@type\":\"WebPage\",\"@id\":\"https:\/\/morahotell.se\/fr\/produkt\/en-cours-en-ce-moment\/les-cocktails-du-mardi-avec-simon-trouvez-votre-nouvelle-boisson-preferee\/\",\"url\":\"https:\/\/morahotell.se\/fr\/produkt\/en-cours-en-ce-moment\/les-cocktails-du-mardi-avec-simon-trouvez-votre-nouvelle-boisson-preferee\/\",\"name\":\"AW varje fredag i mars p\u00e5 Mora Hotell\",\"isPartOf\":{\"@id\":\"https:\/\/morahotell.se\/fr\/#website\"},\"primaryImageOfPage\":{\"@id\":\"https:\/\/morahotell.se\/fr\/produkt\/en-cours-en-ce-moment\/les-cocktails-du-mardi-avec-simon-trouvez-votre-nouvelle-boisson-preferee\/#primaryimage\"},\"image\":{\"@id\":\"https:\/\/morahotell.se\/fr\/produkt\/en-cours-en-ce-moment\/les-cocktails-du-mardi-avec-simon-trouvez-votre-nouvelle-boisson-preferee\/#primaryimage\"},\"thumbnailUrl\":\"https:\/\/morahotell.se\/wp-content\/uploads\/2025\/05\/tisdagscocktails-med-simon-scaled.webp\",\"datePublished\":\"2025-05-13T09:43:15+00:00\",\"dateModified\":\"2025-05-13T10:05:06+00:00\",\"description\":\"V\u00e4lkommen p\u00e5 AW varje fredag i mars, fr\u00e5n kl\u00a016.00. Det \u00e4r bara att kliva in och best\u00e4lla det du vill dricka. Varmt v\u00e4lkommen\",\"breadcrumb\":{\"@id\":\"https:\/\/morahotell.se\/fr\/produkt\/en-cours-en-ce-moment\/les-cocktails-du-mardi-avec-simon-trouvez-votre-nouvelle-boisson-preferee\/#breadcrumb\"},\"inLanguage\":\"fr-FR\",\"potentialAction\":[{\"@type\":\"ReadAction\",\"target\":[\"https:\/\/morahotell.se\/fr\/produkt\/en-cours-en-ce-moment\/les-cocktails-du-mardi-avec-simon-trouvez-votre-nouvelle-boisson-preferee\/\"]}]},{\"@type\":\"ImageObject\",\"inLanguage\":\"fr-FR\",\"@id\":\"https:\/\/morahotell.se\/fr\/produkt\/en-cours-en-ce-moment\/les-cocktails-du-mardi-avec-simon-trouvez-votre-nouvelle-boisson-preferee\/#primaryimage\",\"url\":\"https:\/\/morahotell.se\/wp-content\/uploads\/2025\/05\/tisdagscocktails-med-simon-scaled.webp\",\"contentUrl\":\"https:\/\/morahotell.se\/wp-content\/uploads\/2025\/05\/tisdagscocktails-med-simon-scaled.webp\",\"width\":1920,\"height\":2560,\"caption\":\"Tisdagscocktails med Simon \u2013 hitta din nya favoritdrink!\"},{\"@type\":\"BreadcrumbList\",\"@id\":\"https:\/\/morahotell.se\/fr\/produkt\/en-cours-en-ce-moment\/les-cocktails-du-mardi-avec-simon-trouvez-votre-nouvelle-boisson-preferee\/#breadcrumb\",\"itemListElement\":[{\"@type\":\"ListItem\",\"position\":1,\"name\":\"Mora hotell\",\"item\":\"https:\/\/morahotell.se\/fr\/\"},{\"@type\":\"ListItem\",\"position\":2,\"name\":\"Bokning\",\"item\":\"https:\/\/morahotell.se\/bokning\/\"},{\"@type\":\"ListItem\",\"position\":3,\"name\":\"Nos activit\u00e9s\",\"item\":\"https:\/\/morahotell.se\/fr\/produkt-kategori\/nos-activites\/\"},{\"@type\":\"ListItem\",\"position\":4,\"name\":\"En cours en ce moment\",\"item\":\"https:\/\/morahotell.se\/fr\/produkt-kategori\/en-cours-en-ce-moment\/\"},{\"@type\":\"ListItem\",\"position\":5,\"name\":\"Les cocktails du mardi avec Simon &#8211; trouvez votre nouvelle boisson pr\u00e9f\u00e9r\u00e9e !\"}]},{\"@type\":\"WebSite\",\"@id\":\"https:\/\/morahotell.se\/fr\/#website\",\"url\":\"https:\/\/morahotell.se\/fr\/\",\"name\":\"Mora Hotell &amp; Spa\",\"description\":\"Fyrstj\u00e4rnigt hotell i Mora, n\u00e4ra Siljan\",\"potentialAction\":[{\"@type\":\"SearchAction\",\"target\":{\"@type\":\"EntryPoint\",\"urlTemplate\":\"https:\/\/morahotell.se\/fr\/?s={search_term_string}\"},\"query-input\":{\"@type\":\"PropertyValueSpecification\",\"valueRequired\":true,\"valueName\":\"search_term_string\"}}],\"inLanguage\":\"fr-FR\"}]}<\/script>\n<!-- \/ Yoast SEO plugin. -->","yoast_head_json":{"title":"AW varje fredag i mars p\u00e5 Mora Hotell","description":"V\u00e4lkommen p\u00e5 AW varje fredag i mars, fr\u00e5n kl\u00a016.00. Det \u00e4r bara att kliva in och best\u00e4lla det du vill dricka. Varmt v\u00e4lkommen","robots":{"index":"index","follow":"follow","max-snippet":"max-snippet:-1","max-image-preview":"max-image-preview:large","max-video-preview":"max-video-preview:-1"},"canonical":"https:\/\/morahotell.se\/fr\/produkt\/en-cours-en-ce-moment\/les-cocktails-du-mardi-avec-simon-trouvez-votre-nouvelle-boisson-preferee\/","og_locale":"fr_FR","og_type":"article","og_title":"AW varje fredag i mars p\u00e5 Mora Hotell","og_description":"V\u00e4lkommen p\u00e5 AW varje fredag i mars, fr\u00e5n kl\u00a016.00. Det \u00e4r bara att kliva in och best\u00e4lla det du vill dricka. Varmt v\u00e4lkommen","og_url":"https:\/\/morahotell.se\/fr\/produkt\/en-cours-en-ce-moment\/les-cocktails-du-mardi-avec-simon-trouvez-votre-nouvelle-boisson-preferee\/","og_site_name":"Mora Hotell &amp; Spa","article_modified_time":"2025-05-13T10:05:06+00:00","og_image":[{"width":1920,"height":2560,"url":"https:\/\/morahotell.se\/wp-content\/uploads\/2025\/05\/tisdagscocktails-med-simon-scaled.webp","type":"image\/webp"}],"twitter_card":"summary_large_image","schema":{"@context":"https:\/\/schema.org","@graph":[{"@type":"WebPage","@id":"https:\/\/morahotell.se\/fr\/produkt\/en-cours-en-ce-moment\/les-cocktails-du-mardi-avec-simon-trouvez-votre-nouvelle-boisson-preferee\/","url":"https:\/\/morahotell.se\/fr\/produkt\/en-cours-en-ce-moment\/les-cocktails-du-mardi-avec-simon-trouvez-votre-nouvelle-boisson-preferee\/","name":"AW varje fredag i mars p\u00e5 Mora Hotell","isPartOf":{"@id":"https:\/\/morahotell.se\/fr\/#website"},"primaryImageOfPage":{"@id":"https:\/\/morahotell.se\/fr\/produkt\/en-cours-en-ce-moment\/les-cocktails-du-mardi-avec-simon-trouvez-votre-nouvelle-boisson-preferee\/#primaryimage"},"image":{"@id":"https:\/\/morahotell.se\/fr\/produkt\/en-cours-en-ce-moment\/les-cocktails-du-mardi-avec-simon-trouvez-votre-nouvelle-boisson-preferee\/#primaryimage"},"thumbnailUrl":"https:\/\/morahotell.se\/wp-content\/uploads\/2025\/05\/tisdagscocktails-med-simon-scaled.webp","datePublished":"2025-05-13T09:43:15+00:00","dateModified":"2025-05-13T10:05:06+00:00","description":"V\u00e4lkommen p\u00e5 AW varje fredag i mars, fr\u00e5n kl\u00a016.00. Det \u00e4r bara att kliva in och best\u00e4lla det du vill dricka. Varmt v\u00e4lkommen","breadcrumb":{"@id":"https:\/\/morahotell.se\/fr\/produkt\/en-cours-en-ce-moment\/les-cocktails-du-mardi-avec-simon-trouvez-votre-nouvelle-boisson-preferee\/#breadcrumb"},"inLanguage":"fr-FR","potentialAction":[{"@type":"ReadAction","target":["https:\/\/morahotell.se\/fr\/produkt\/en-cours-en-ce-moment\/les-cocktails-du-mardi-avec-simon-trouvez-votre-nouvelle-boisson-preferee\/"]}]},{"@type":"ImageObject","inLanguage":"fr-FR","@id":"https:\/\/morahotell.se\/fr\/produkt\/en-cours-en-ce-moment\/les-cocktails-du-mardi-avec-simon-trouvez-votre-nouvelle-boisson-preferee\/#primaryimage","url":"https:\/\/morahotell.se\/wp-content\/uploads\/2025\/05\/tisdagscocktails-med-simon-scaled.webp","contentUrl":"https:\/\/morahotell.se\/wp-content\/uploads\/2025\/05\/tisdagscocktails-med-simon-scaled.webp","width":1920,"height":2560,"caption":"Tisdagscocktails med Simon \u2013 hitta din nya favoritdrink!"},{"@type":"BreadcrumbList","@id":"https:\/\/morahotell.se\/fr\/produkt\/en-cours-en-ce-moment\/les-cocktails-du-mardi-avec-simon-trouvez-votre-nouvelle-boisson-preferee\/#breadcrumb","itemListElement":[{"@type":"ListItem","position":1,"name":"Mora hotell","item":"https:\/\/morahotell.se\/fr\/"},{"@type":"ListItem","position":2,"name":"Bokning","item":"https:\/\/morahotell.se\/bokning\/"},{"@type":"ListItem","position":3,"name":"Nos activit\u00e9s","item":"https:\/\/morahotell.se\/fr\/produkt-kategori\/nos-activites\/"},{"@type":"ListItem","position":4,"name":"En cours en ce moment","item":"https:\/\/morahotell.se\/fr\/produkt-kategori\/en-cours-en-ce-moment\/"},{"@type":"ListItem","position":5,"name":"Les cocktails du mardi avec Simon &#8211; trouvez votre nouvelle boisson pr\u00e9f\u00e9r\u00e9e !"}]},{"@type":"WebSite","@id":"https:\/\/morahotell.se\/fr\/#website","url":"https:\/\/morahotell.se\/fr\/","name":"Mora Hotell &amp; Spa","description":"Fyrstj\u00e4rnigt hotell i Mora, n\u00e4ra Siljan","potentialAction":[{"@type":"SearchAction","target":{"@type":"EntryPoint","urlTemplate":"https:\/\/morahotell.se\/fr\/?s={search_term_string}"},"query-input":{"@type":"PropertyValueSpecification","valueRequired":true,"valueName":"search_term_string"}}],"inLanguage":"fr-FR"}]}},"_links":{"self":[{"href":"https:\/\/morahotell.se\/fr\/wp-json\/wp\/v2\/product\/28929","targetHints":{"allow":["GET"]}}],"collection":[{"href":"https:\/\/morahotell.se\/fr\/wp-json\/wp\/v2\/product"}],"about":[{"href":"https:\/\/morahotell.se\/fr\/wp-json\/wp\/v2\/types\/product"}],"replies":[{"embeddable":true,"href":"https:\/\/morahotell.se\/fr\/wp-json\/wp\/v2\/comments?post=28929"}],"wp:featuredmedia":[{"embeddable":true,"href":"https:\/\/morahotell.se\/fr\/wp-json\/wp\/v2\/media\/28932"}],"wp:attachment":[{"href":"https:\/\/morahotell.se\/fr\/wp-json\/wp\/v2\/media?parent=28929"}],"wp:term":[{"taxonomy":"product_brand","embeddable":true,"href":"https:\/\/morahotell.se\/fr\/wp-json\/wp\/v2\/product_brand?post=28929"},{"taxonomy":"product_cat","embeddable":true,"href":"https:\/\/morahotell.se\/fr\/wp-json\/wp\/v2\/product_cat?post=28929"},{"taxonomy":"product_tag","embeddable":true,"href":"https:\/\/morahotell.se\/fr\/wp-json\/wp\/v2\/product_tag?post=28929"}],"curies":[{"name":"wp","href":"https:\/\/api.w.org\/{rel}","templated":true}]}}