{"id":23800,"date":"2023-12-19T15:50:07","date_gmt":"2023-12-19T14:50:07","guid":{"rendered":"https:\/\/morahotell.se\/?post_type=product&#038;p=23800"},"modified":"2025-10-16T13:45:36","modified_gmt":"2025-10-16T11:45:36","slug":"le-meilleur-de-dalarna-zorn-carl-larsson","status":"publish","type":"product","link":"https:\/\/morahotell.se\/fr\/produkt\/offres-speciales\/le-meilleur-de-dalarna-zorn-carl-larsson\/","title":{"rendered":"Le meilleur de Dalarna &#8211; Zorn + Carl Larsson"},"content":{"rendered":"<p>Pack Zorn<br \/>\nLe mus\u00e9e Zorn \u2013 la plus grande collection d&rsquo;\u0153uvres de Zorn au monde<br \/>\nAu mus\u00e9e Zorn s&rsquo;expose la plus grande collection d&rsquo;\u0153uvres d&rsquo;Anders Zorn au monde. Faites connaissance avec l&rsquo;enfant du pays parti faire une surprenante carri\u00e8re internationale, d\u00e9j\u00e0 couronn\u00e9e de succ\u00e8s de son vivant. En pleine apog\u00e9e du mouvement national-romantique, Zorn a contribu\u00e9 \u00e0 attirer l&rsquo;attention sur la Su\u00e8de, et plus pr\u00e9cis\u00e9ment la Dal\u00e9carlie et Mora.<\/p>\n<p>Anders Zorn avait ses habitudes au Mora Hotell o\u00f9 il aimait d\u00eener<\/p>\n<p>Le pack Zorn inclut :<\/p>\n<p>2 nuit\u00e9es en chambre Double Standard (pour deux personnes), petit d\u00e9jeuner inclus<br \/>\nd\u00eener en 2 \u00e9tapes jour 1<br \/>\nd\u00eener en 3 \u00e9tapes jour 2<br \/>\nAcc\u00e8s \u00e0 l&rsquo;espace Relaxation<br \/>\nAttention, l&rsquo;entr\u00e9e au mus\u00e9e Zorn et \u00e0 la maison du couple Zorn (Zorng\u00e5rden) n&rsquo;est PAS comprise.<br \/>\nCliquez ici pour acheter vos billets d&rsquo;entr\u00e9e<br \/>\nVous devez r\u00e9server vous-m\u00eame votre billet d&rsquo;entr\u00e9e pour le mus\u00e9e et les collections Zorn (places limit\u00e9es), qui vous donne acc\u00e8s \u00e0 :<br \/>\nL&rsquo;exposition temporaire<br \/>\nLa maison du couple Zorn (Zorng\u00e5rden) avec visite guid\u00e9e (certaines restrictions dues au COVID-19 peuvent s&rsquo;appliquer).<\/p>\n","protected":false},"excerpt":{"rendered":"<p>Au mus\u00e9e Zorn, vous pourrez d\u00e9couvrir la plus grande collection au monde d&rsquo;Anders Zorn. Apprenez \u00e0 conna\u00eetre le gar\u00e7on de Mora qui a eu une carri\u00e8re internationale \u00e9tonnante de son vivant. Zorn a contribu\u00e9 \u00e0 mettre la Su\u00e8de, Dalarna et Mora sur la carte au plus fort du romantisme national.<\/p>\n","protected":false},"featured_media":23804,"comment_status":"closed","ping_status":"closed","template":"","meta":{"_acf_changed":false},"product_brand":[],"product_cat":[162,161,149],"product_tag":[166,150],"class_list":{"0":"post-23800","1":"product","2":"type-product","3":"status-publish","4":"has-post-thumbnail","6":"product_cat-automne-hiver","7":"product_cat-notre-ete","8":"product_cat-offres-speciales","9":"product_tag-forfragningsprodukt-fr","10":"product_tag-paket-startsidan-fr","12":"first","13":"instock","14":"virtual","15":"taxable","16":"purchasable","17":"product-type-simple"},"acf":[],"yoast_head":"<!-- This site is optimized with the Yoast SEO plugin v26.5 - https:\/\/yoast.com\/wordpress\/plugins\/seo\/ -->\n<title>Le meilleur de Dalarna - Zorn + Carl Larsson - Mora Hotell &amp; Spa<\/title>\n<meta name=\"description\" content=\"P\u00e5 Zornmuseet kan du uppleva v\u00e4rldens st\u00f6rsta samling av Anders Zorn. L\u00e4r dig om mannens internationella karri\u00e4r under sin levnadstid.\" \/>\n<meta name=\"robots\" content=\"index, follow, max-snippet:-1, max-image-preview:large, max-video-preview:-1\" \/>\n<link rel=\"canonical\" href=\"https:\/\/morahotell.se\/fr\/produkt\/offres-speciales\/le-meilleur-de-dalarna-zorn-carl-larsson\/\" \/>\n<meta property=\"og:locale\" content=\"fr_FR\" \/>\n<meta property=\"og:type\" content=\"article\" \/>\n<meta property=\"og:title\" content=\"Le meilleur de Dalarna - Zorn + Carl Larsson - Mora Hotell &amp; Spa\" \/>\n<meta property=\"og:description\" content=\"P\u00e5 Zornmuseet kan du uppleva v\u00e4rldens st\u00f6rsta samling av Anders Zorn. L\u00e4r dig om mannens internationella karri\u00e4r under sin levnadstid.\" \/>\n<meta property=\"og:url\" content=\"https:\/\/morahotell.se\/fr\/produkt\/offres-speciales\/le-meilleur-de-dalarna-zorn-carl-larsson\/\" \/>\n<meta property=\"og:site_name\" content=\"Mora Hotell &amp; Spa\" \/>\n<meta property=\"article:modified_time\" content=\"2025-10-16T11:45:36+00:00\" \/>\n<meta property=\"og:image\" content=\"https:\/\/morahotell.se\/wp-content\/uploads\/2023\/12\/unnamed.jpg\" \/>\n\t<meta property=\"og:image:width\" content=\"1024\" \/>\n\t<meta property=\"og:image:height\" content=\"631\" \/>\n\t<meta property=\"og:image:type\" content=\"image\/jpeg\" \/>\n<meta name=\"twitter:card\" content=\"summary_large_image\" \/>\n<meta name=\"twitter:label1\" content=\"Dur\u00e9e de lecture estim\u00e9e\" \/>\n\t<meta name=\"twitter:data1\" content=\"1 minute\" \/>\n<script type=\"application\/ld+json\" class=\"yoast-schema-graph\">{\"@context\":\"https:\/\/schema.org\",\"@graph\":[{\"@type\":\"WebPage\",\"@id\":\"https:\/\/morahotell.se\/fr\/produkt\/offres-speciales\/le-meilleur-de-dalarna-zorn-carl-larsson\/\",\"url\":\"https:\/\/morahotell.se\/fr\/produkt\/offres-speciales\/le-meilleur-de-dalarna-zorn-carl-larsson\/\",\"name\":\"Le meilleur de Dalarna - Zorn + Carl Larsson - Mora Hotell &amp; Spa\",\"isPartOf\":{\"@id\":\"https:\/\/morahotell.se\/fr\/#website\"},\"primaryImageOfPage\":{\"@id\":\"https:\/\/morahotell.se\/fr\/produkt\/offres-speciales\/le-meilleur-de-dalarna-zorn-carl-larsson\/#primaryimage\"},\"image\":{\"@id\":\"https:\/\/morahotell.se\/fr\/produkt\/offres-speciales\/le-meilleur-de-dalarna-zorn-carl-larsson\/#primaryimage\"},\"thumbnailUrl\":\"https:\/\/morahotell.se\/wp-content\/uploads\/2023\/12\/unnamed.jpg\",\"datePublished\":\"2023-12-19T14:50:07+00:00\",\"dateModified\":\"2025-10-16T11:45:36+00:00\",\"description\":\"P\u00e5 Zornmuseet kan du uppleva v\u00e4rldens st\u00f6rsta samling av Anders Zorn. L\u00e4r dig om mannens internationella karri\u00e4r under sin levnadstid.\",\"breadcrumb\":{\"@id\":\"https:\/\/morahotell.se\/fr\/produkt\/offres-speciales\/le-meilleur-de-dalarna-zorn-carl-larsson\/#breadcrumb\"},\"inLanguage\":\"fr-FR\",\"potentialAction\":[{\"@type\":\"ReadAction\",\"target\":[\"https:\/\/morahotell.se\/fr\/produkt\/offres-speciales\/le-meilleur-de-dalarna-zorn-carl-larsson\/\"]}]},{\"@type\":\"ImageObject\",\"inLanguage\":\"fr-FR\",\"@id\":\"https:\/\/morahotell.se\/fr\/produkt\/offres-speciales\/le-meilleur-de-dalarna-zorn-carl-larsson\/#primaryimage\",\"url\":\"https:\/\/morahotell.se\/wp-content\/uploads\/2023\/12\/unnamed.jpg\",\"contentUrl\":\"https:\/\/morahotell.se\/wp-content\/uploads\/2023\/12\/unnamed.jpg\",\"width\":1024,\"height\":631},{\"@type\":\"BreadcrumbList\",\"@id\":\"https:\/\/morahotell.se\/fr\/produkt\/offres-speciales\/le-meilleur-de-dalarna-zorn-carl-larsson\/#breadcrumb\",\"itemListElement\":[{\"@type\":\"ListItem\",\"position\":1,\"name\":\"Mora hotell\",\"item\":\"https:\/\/morahotell.se\/fr\/\"},{\"@type\":\"ListItem\",\"position\":2,\"name\":\"Bokning\",\"item\":\"https:\/\/morahotell.se\/bokning\/\"},{\"@type\":\"ListItem\",\"position\":3,\"name\":\"OFFRES SP\u00c9CIALES\",\"item\":\"https:\/\/morahotell.se\/fr\/produkt-kategori\/offres-speciales\/\"},{\"@type\":\"ListItem\",\"position\":4,\"name\":\"Le meilleur de Dalarna &#8211; Zorn + Carl Larsson\"}]},{\"@type\":\"WebSite\",\"@id\":\"https:\/\/morahotell.se\/fr\/#website\",\"url\":\"https:\/\/morahotell.se\/fr\/\",\"name\":\"Mora Hotell &amp; Spa\",\"description\":\"Fyrstj\u00e4rnigt hotell i Mora, n\u00e4ra Siljan\",\"potentialAction\":[{\"@type\":\"SearchAction\",\"target\":{\"@type\":\"EntryPoint\",\"urlTemplate\":\"https:\/\/morahotell.se\/fr\/?s={search_term_string}\"},\"query-input\":{\"@type\":\"PropertyValueSpecification\",\"valueRequired\":true,\"valueName\":\"search_term_string\"}}],\"inLanguage\":\"fr-FR\"}]}<\/script>\n<!-- \/ Yoast SEO plugin. -->","yoast_head_json":{"title":"Le meilleur de Dalarna - Zorn + Carl Larsson - Mora Hotell &amp; Spa","description":"P\u00e5 Zornmuseet kan du uppleva v\u00e4rldens st\u00f6rsta samling av Anders Zorn. L\u00e4r dig om mannens internationella karri\u00e4r under sin levnadstid.","robots":{"index":"index","follow":"follow","max-snippet":"max-snippet:-1","max-image-preview":"max-image-preview:large","max-video-preview":"max-video-preview:-1"},"canonical":"https:\/\/morahotell.se\/fr\/produkt\/offres-speciales\/le-meilleur-de-dalarna-zorn-carl-larsson\/","og_locale":"fr_FR","og_type":"article","og_title":"Le meilleur de Dalarna - Zorn + Carl Larsson - Mora Hotell &amp; Spa","og_description":"P\u00e5 Zornmuseet kan du uppleva v\u00e4rldens st\u00f6rsta samling av Anders Zorn. L\u00e4r dig om mannens internationella karri\u00e4r under sin levnadstid.","og_url":"https:\/\/morahotell.se\/fr\/produkt\/offres-speciales\/le-meilleur-de-dalarna-zorn-carl-larsson\/","og_site_name":"Mora Hotell &amp; Spa","article_modified_time":"2025-10-16T11:45:36+00:00","og_image":[{"width":1024,"height":631,"url":"https:\/\/morahotell.se\/wp-content\/uploads\/2023\/12\/unnamed.jpg","type":"image\/jpeg"}],"twitter_card":"summary_large_image","twitter_misc":{"Dur\u00e9e de lecture estim\u00e9e":"1 minute"},"schema":{"@context":"https:\/\/schema.org","@graph":[{"@type":"WebPage","@id":"https:\/\/morahotell.se\/fr\/produkt\/offres-speciales\/le-meilleur-de-dalarna-zorn-carl-larsson\/","url":"https:\/\/morahotell.se\/fr\/produkt\/offres-speciales\/le-meilleur-de-dalarna-zorn-carl-larsson\/","name":"Le meilleur de Dalarna - Zorn + Carl Larsson - Mora Hotell &amp; Spa","isPartOf":{"@id":"https:\/\/morahotell.se\/fr\/#website"},"primaryImageOfPage":{"@id":"https:\/\/morahotell.se\/fr\/produkt\/offres-speciales\/le-meilleur-de-dalarna-zorn-carl-larsson\/#primaryimage"},"image":{"@id":"https:\/\/morahotell.se\/fr\/produkt\/offres-speciales\/le-meilleur-de-dalarna-zorn-carl-larsson\/#primaryimage"},"thumbnailUrl":"https:\/\/morahotell.se\/wp-content\/uploads\/2023\/12\/unnamed.jpg","datePublished":"2023-12-19T14:50:07+00:00","dateModified":"2025-10-16T11:45:36+00:00","description":"P\u00e5 Zornmuseet kan du uppleva v\u00e4rldens st\u00f6rsta samling av Anders Zorn. L\u00e4r dig om mannens internationella karri\u00e4r under sin levnadstid.","breadcrumb":{"@id":"https:\/\/morahotell.se\/fr\/produkt\/offres-speciales\/le-meilleur-de-dalarna-zorn-carl-larsson\/#breadcrumb"},"inLanguage":"fr-FR","potentialAction":[{"@type":"ReadAction","target":["https:\/\/morahotell.se\/fr\/produkt\/offres-speciales\/le-meilleur-de-dalarna-zorn-carl-larsson\/"]}]},{"@type":"ImageObject","inLanguage":"fr-FR","@id":"https:\/\/morahotell.se\/fr\/produkt\/offres-speciales\/le-meilleur-de-dalarna-zorn-carl-larsson\/#primaryimage","url":"https:\/\/morahotell.se\/wp-content\/uploads\/2023\/12\/unnamed.jpg","contentUrl":"https:\/\/morahotell.se\/wp-content\/uploads\/2023\/12\/unnamed.jpg","width":1024,"height":631},{"@type":"BreadcrumbList","@id":"https:\/\/morahotell.se\/fr\/produkt\/offres-speciales\/le-meilleur-de-dalarna-zorn-carl-larsson\/#breadcrumb","itemListElement":[{"@type":"ListItem","position":1,"name":"Mora hotell","item":"https:\/\/morahotell.se\/fr\/"},{"@type":"ListItem","position":2,"name":"Bokning","item":"https:\/\/morahotell.se\/bokning\/"},{"@type":"ListItem","position":3,"name":"OFFRES SP\u00c9CIALES","item":"https:\/\/morahotell.se\/fr\/produkt-kategori\/offres-speciales\/"},{"@type":"ListItem","position":4,"name":"Le meilleur de Dalarna &#8211; Zorn + Carl Larsson"}]},{"@type":"WebSite","@id":"https:\/\/morahotell.se\/fr\/#website","url":"https:\/\/morahotell.se\/fr\/","name":"Mora Hotell &amp; Spa","description":"Fyrstj\u00e4rnigt hotell i Mora, n\u00e4ra Siljan","potentialAction":[{"@type":"SearchAction","target":{"@type":"EntryPoint","urlTemplate":"https:\/\/morahotell.se\/fr\/?s={search_term_string}"},"query-input":{"@type":"PropertyValueSpecification","valueRequired":true,"valueName":"search_term_string"}}],"inLanguage":"fr-FR"}]}},"_links":{"self":[{"href":"https:\/\/morahotell.se\/fr\/wp-json\/wp\/v2\/product\/23800","targetHints":{"allow":["GET"]}}],"collection":[{"href":"https:\/\/morahotell.se\/fr\/wp-json\/wp\/v2\/product"}],"about":[{"href":"https:\/\/morahotell.se\/fr\/wp-json\/wp\/v2\/types\/product"}],"replies":[{"embeddable":true,"href":"https:\/\/morahotell.se\/fr\/wp-json\/wp\/v2\/comments?post=23800"}],"wp:featuredmedia":[{"embeddable":true,"href":"https:\/\/morahotell.se\/fr\/wp-json\/wp\/v2\/media\/23804"}],"wp:attachment":[{"href":"https:\/\/morahotell.se\/fr\/wp-json\/wp\/v2\/media?parent=23800"}],"wp:term":[{"taxonomy":"product_brand","embeddable":true,"href":"https:\/\/morahotell.se\/fr\/wp-json\/wp\/v2\/product_brand?post=23800"},{"taxonomy":"product_cat","embeddable":true,"href":"https:\/\/morahotell.se\/fr\/wp-json\/wp\/v2\/product_cat?post=23800"},{"taxonomy":"product_tag","embeddable":true,"href":"https:\/\/morahotell.se\/fr\/wp-json\/wp\/v2\/product_tag?post=23800"}],"curies":[{"name":"wp","href":"https:\/\/api.w.org\/{rel}","templated":true}]}}