{"id":18527,"date":"2022-11-02T11:37:49","date_gmt":"2022-11-02T10:37:49","guid":{"rendered":"https:\/\/morahotell.se\/produkt\/non%20class\u00e9\/presentkort\/"},"modified":"2023-06-28T09:52:25","modified_gmt":"2023-06-28T07:52:25","slug":"cartes-cadeaux","status":"publish","type":"product","link":"https:\/\/morahotell.se\/fr\/produkt\/en-cours-en-ce-moment\/cartes-cadeaux\/","title":{"rendered":"Cartes cadeaux"},"content":{"rendered":"<p>Offrez un cadeau tr\u00e8s appr\u00e9ci\u00e9 sous forme de d\u00e9tente, de bonne bouffe et de moments agr\u00e9ables.<\/p>\n<p>D\u00e8s que nous aurons trait\u00e9 votre commande, la carte-cadeau sera envoy\u00e9e \u00e0 l&rsquo;adresse e-mail indiqu\u00e9e.<\/p>\n","protected":false},"excerpt":{"rendered":"<p>&nbsp;<\/p>\n<p>&nbsp;<\/p>\n","protected":false},"featured_media":16167,"comment_status":"closed","ping_status":"closed","template":"","meta":{"_acf_changed":false},"product_brand":[],"product_cat":[187,192],"product_tag":[],"class_list":{"0":"post-18527","1":"product","2":"type-product","3":"status-publish","4":"has-post-thumbnail","6":"product_cat-en-cours-en-ce-moment","7":"product_cat-presentkort-fr","9":"first","10":"instock","11":"virtual","12":"product-type-simple"},"acf":[],"yoast_head":"<!-- This site is optimized with the Yoast SEO plugin v26.5 - https:\/\/yoast.com\/wordpress\/plugins\/seo\/ -->\n<title>Cartes cadeaux - Mora Hotell &amp; Spa<\/title>\n<meta name=\"robots\" content=\"index, follow, max-snippet:-1, max-image-preview:large, max-video-preview:-1\" \/>\n<link rel=\"canonical\" href=\"https:\/\/morahotell.se\/fr\/produkt\/en-cours-en-ce-moment\/cartes-cadeaux\/\" \/>\n<meta property=\"og:locale\" content=\"fr_FR\" \/>\n<meta property=\"og:type\" content=\"article\" \/>\n<meta property=\"og:title\" content=\"Cartes cadeaux - Mora Hotell &amp; Spa\" \/>\n<meta property=\"og:description\" content=\"&nbsp;  &nbsp;\" \/>\n<meta property=\"og:url\" content=\"https:\/\/morahotell.se\/fr\/produkt\/en-cours-en-ce-moment\/cartes-cadeaux\/\" \/>\n<meta property=\"og:site_name\" content=\"Mora Hotell &amp; Spa\" \/>\n<meta property=\"article:modified_time\" content=\"2023-06-28T07:52:25+00:00\" \/>\n<meta property=\"og:image\" content=\"https:\/\/morahotell.se\/wp-content\/uploads\/2022\/11\/mora-hotell-presentkort.png\" \/>\n\t<meta property=\"og:image:width\" content=\"1500\" \/>\n\t<meta property=\"og:image:height\" content=\"694\" \/>\n\t<meta property=\"og:image:type\" content=\"image\/png\" \/>\n<meta name=\"twitter:card\" content=\"summary_large_image\" \/>\n<script type=\"application\/ld+json\" class=\"yoast-schema-graph\">{\"@context\":\"https:\/\/schema.org\",\"@graph\":[{\"@type\":\"WebPage\",\"@id\":\"https:\/\/morahotell.se\/fr\/produkt\/en-cours-en-ce-moment\/cartes-cadeaux\/\",\"url\":\"https:\/\/morahotell.se\/fr\/produkt\/en-cours-en-ce-moment\/cartes-cadeaux\/\",\"name\":\"Cartes cadeaux - Mora Hotell &amp; Spa\",\"isPartOf\":{\"@id\":\"https:\/\/morahotell.se\/fr\/#website\"},\"primaryImageOfPage\":{\"@id\":\"https:\/\/morahotell.se\/fr\/produkt\/en-cours-en-ce-moment\/cartes-cadeaux\/#primaryimage\"},\"image\":{\"@id\":\"https:\/\/morahotell.se\/fr\/produkt\/en-cours-en-ce-moment\/cartes-cadeaux\/#primaryimage\"},\"thumbnailUrl\":\"https:\/\/morahotell.se\/wp-content\/uploads\/2022\/04\/bar-010921-005.jpg\",\"datePublished\":\"2022-11-02T10:37:49+00:00\",\"dateModified\":\"2023-06-28T07:52:25+00:00\",\"breadcrumb\":{\"@id\":\"https:\/\/morahotell.se\/fr\/produkt\/en-cours-en-ce-moment\/cartes-cadeaux\/#breadcrumb\"},\"inLanguage\":\"fr-FR\",\"potentialAction\":[{\"@type\":\"ReadAction\",\"target\":[\"https:\/\/morahotell.se\/fr\/produkt\/en-cours-en-ce-moment\/cartes-cadeaux\/\"]}]},{\"@type\":\"ImageObject\",\"inLanguage\":\"fr-FR\",\"@id\":\"https:\/\/morahotell.se\/fr\/produkt\/en-cours-en-ce-moment\/cartes-cadeaux\/#primaryimage\",\"url\":\"https:\/\/morahotell.se\/wp-content\/uploads\/2022\/04\/bar-010921-005.jpg\",\"contentUrl\":\"https:\/\/morahotell.se\/wp-content\/uploads\/2022\/04\/bar-010921-005.jpg\",\"width\":2200,\"height\":1467,\"caption\":\"avkopplande konferens\"},{\"@type\":\"BreadcrumbList\",\"@id\":\"https:\/\/morahotell.se\/fr\/produkt\/en-cours-en-ce-moment\/cartes-cadeaux\/#breadcrumb\",\"itemListElement\":[{\"@type\":\"ListItem\",\"position\":1,\"name\":\"Mora hotell\",\"item\":\"https:\/\/morahotell.se\/fr\/\"},{\"@type\":\"ListItem\",\"position\":2,\"name\":\"Bokning\",\"item\":\"https:\/\/morahotell.se\/bokning\/\"},{\"@type\":\"ListItem\",\"position\":3,\"name\":\"Presentkort\",\"item\":\"https:\/\/morahotell.se\/fr\/produkt-kategori\/presentkort-fr\/\"},{\"@type\":\"ListItem\",\"position\":4,\"name\":\"Cartes cadeaux\"}]},{\"@type\":\"WebSite\",\"@id\":\"https:\/\/morahotell.se\/fr\/#website\",\"url\":\"https:\/\/morahotell.se\/fr\/\",\"name\":\"Mora Hotell &amp; Spa\",\"description\":\"Fyrstj\u00e4rnigt hotell i Mora, n\u00e4ra Siljan\",\"potentialAction\":[{\"@type\":\"SearchAction\",\"target\":{\"@type\":\"EntryPoint\",\"urlTemplate\":\"https:\/\/morahotell.se\/fr\/?s={search_term_string}\"},\"query-input\":{\"@type\":\"PropertyValueSpecification\",\"valueRequired\":true,\"valueName\":\"search_term_string\"}}],\"inLanguage\":\"fr-FR\"}]}<\/script>\n<!-- \/ Yoast SEO plugin. -->","yoast_head_json":{"title":"Cartes cadeaux - Mora Hotell &amp; Spa","robots":{"index":"index","follow":"follow","max-snippet":"max-snippet:-1","max-image-preview":"max-image-preview:large","max-video-preview":"max-video-preview:-1"},"canonical":"https:\/\/morahotell.se\/fr\/produkt\/en-cours-en-ce-moment\/cartes-cadeaux\/","og_locale":"fr_FR","og_type":"article","og_title":"Cartes cadeaux - Mora Hotell &amp; Spa","og_description":"&nbsp;  &nbsp;","og_url":"https:\/\/morahotell.se\/fr\/produkt\/en-cours-en-ce-moment\/cartes-cadeaux\/","og_site_name":"Mora Hotell &amp; Spa","article_modified_time":"2023-06-28T07:52:25+00:00","og_image":[{"width":1500,"height":694,"url":"https:\/\/morahotell.se\/wp-content\/uploads\/2022\/11\/mora-hotell-presentkort.png","type":"image\/png"}],"twitter_card":"summary_large_image","schema":{"@context":"https:\/\/schema.org","@graph":[{"@type":"WebPage","@id":"https:\/\/morahotell.se\/fr\/produkt\/en-cours-en-ce-moment\/cartes-cadeaux\/","url":"https:\/\/morahotell.se\/fr\/produkt\/en-cours-en-ce-moment\/cartes-cadeaux\/","name":"Cartes cadeaux - Mora Hotell &amp; Spa","isPartOf":{"@id":"https:\/\/morahotell.se\/fr\/#website"},"primaryImageOfPage":{"@id":"https:\/\/morahotell.se\/fr\/produkt\/en-cours-en-ce-moment\/cartes-cadeaux\/#primaryimage"},"image":{"@id":"https:\/\/morahotell.se\/fr\/produkt\/en-cours-en-ce-moment\/cartes-cadeaux\/#primaryimage"},"thumbnailUrl":"https:\/\/morahotell.se\/wp-content\/uploads\/2022\/04\/bar-010921-005.jpg","datePublished":"2022-11-02T10:37:49+00:00","dateModified":"2023-06-28T07:52:25+00:00","breadcrumb":{"@id":"https:\/\/morahotell.se\/fr\/produkt\/en-cours-en-ce-moment\/cartes-cadeaux\/#breadcrumb"},"inLanguage":"fr-FR","potentialAction":[{"@type":"ReadAction","target":["https:\/\/morahotell.se\/fr\/produkt\/en-cours-en-ce-moment\/cartes-cadeaux\/"]}]},{"@type":"ImageObject","inLanguage":"fr-FR","@id":"https:\/\/morahotell.se\/fr\/produkt\/en-cours-en-ce-moment\/cartes-cadeaux\/#primaryimage","url":"https:\/\/morahotell.se\/wp-content\/uploads\/2022\/04\/bar-010921-005.jpg","contentUrl":"https:\/\/morahotell.se\/wp-content\/uploads\/2022\/04\/bar-010921-005.jpg","width":2200,"height":1467,"caption":"avkopplande konferens"},{"@type":"BreadcrumbList","@id":"https:\/\/morahotell.se\/fr\/produkt\/en-cours-en-ce-moment\/cartes-cadeaux\/#breadcrumb","itemListElement":[{"@type":"ListItem","position":1,"name":"Mora hotell","item":"https:\/\/morahotell.se\/fr\/"},{"@type":"ListItem","position":2,"name":"Bokning","item":"https:\/\/morahotell.se\/bokning\/"},{"@type":"ListItem","position":3,"name":"Presentkort","item":"https:\/\/morahotell.se\/fr\/produkt-kategori\/presentkort-fr\/"},{"@type":"ListItem","position":4,"name":"Cartes cadeaux"}]},{"@type":"WebSite","@id":"https:\/\/morahotell.se\/fr\/#website","url":"https:\/\/morahotell.se\/fr\/","name":"Mora Hotell &amp; Spa","description":"Fyrstj\u00e4rnigt hotell i Mora, n\u00e4ra Siljan","potentialAction":[{"@type":"SearchAction","target":{"@type":"EntryPoint","urlTemplate":"https:\/\/morahotell.se\/fr\/?s={search_term_string}"},"query-input":{"@type":"PropertyValueSpecification","valueRequired":true,"valueName":"search_term_string"}}],"inLanguage":"fr-FR"}]}},"_links":{"self":[{"href":"https:\/\/morahotell.se\/fr\/wp-json\/wp\/v2\/product\/18527","targetHints":{"allow":["GET"]}}],"collection":[{"href":"https:\/\/morahotell.se\/fr\/wp-json\/wp\/v2\/product"}],"about":[{"href":"https:\/\/morahotell.se\/fr\/wp-json\/wp\/v2\/types\/product"}],"replies":[{"embeddable":true,"href":"https:\/\/morahotell.se\/fr\/wp-json\/wp\/v2\/comments?post=18527"}],"wp:featuredmedia":[{"embeddable":true,"href":"https:\/\/morahotell.se\/fr\/wp-json\/wp\/v2\/media\/16167"}],"wp:attachment":[{"href":"https:\/\/morahotell.se\/fr\/wp-json\/wp\/v2\/media?parent=18527"}],"wp:term":[{"taxonomy":"product_brand","embeddable":true,"href":"https:\/\/morahotell.se\/fr\/wp-json\/wp\/v2\/product_brand?post=18527"},{"taxonomy":"product_cat","embeddable":true,"href":"https:\/\/morahotell.se\/fr\/wp-json\/wp\/v2\/product_cat?post=18527"},{"taxonomy":"product_tag","embeddable":true,"href":"https:\/\/morahotell.se\/fr\/wp-json\/wp\/v2\/product_tag?post=18527"}],"curies":[{"name":"wp","href":"https:\/\/api.w.org\/{rel}","templated":true}]}}