{"id":17388,"date":"2022-04-28T14:39:17","date_gmt":"2022-04-28T12:39:17","guid":{"rendered":"https:\/\/morahotell.se\/produkt\/non%20class\u00e9\/bordsbokning-a-la-carte\/"},"modified":"2026-01-16T17:04:43","modified_gmt":"2026-01-16T16:04:43","slug":"bordsbokning-a-la-carte","status":"publish","type":"product","link":"https:\/\/morahotell.se\/fr\/produkt\/reservation-de-table\/bordsbokning-a-la-carte\/","title":{"rendered":"R\u00e9servez votre table du soir ici."},"content":{"rendered":"","protected":false},"excerpt":{"rendered":"<p>R\u00e9servez votre table du soir ici.<\/p>\n<p><em>Le temps d&rsquo;une s\u00e9ance est d&rsquo;environ 2 heures.<\/em><\/p>\n<p>Si vous souhaitez des si\u00e8ges plus longs ou si vous \u00eates un groupe de plus de 8 personnes, contactez-nous au <a href=\"tel:0250-59 26 50\">0250-59 26 50<\/a>.<\/p>\n<p><em>La table est maintenue pendant 15\u00a0minutes apr\u00e8s l&rsquo;heure de d\u00e9but pr\u00e9vue.<\/em><\/p>\n","protected":false},"featured_media":0,"comment_status":"closed","ping_status":"closed","template":"","meta":{"_acf_changed":false},"product_brand":[],"product_cat":[188],"product_tag":[],"class_list":{"0":"post-17388","1":"product","2":"type-product","3":"status-publish","5":"product_cat-reservation-de-table","7":"first","8":"instock","9":"virtual","10":"taxable","11":"purchasable","12":"product-type-simple"},"acf":[],"_links":{"self":[{"href":"https:\/\/morahotell.se\/fr\/wp-json\/wp\/v2\/product\/17388","targetHints":{"allow":["GET"]}}],"collection":[{"href":"https:\/\/morahotell.se\/fr\/wp-json\/wp\/v2\/product"}],"about":[{"href":"https:\/\/morahotell.se\/fr\/wp-json\/wp\/v2\/types\/product"}],"replies":[{"embeddable":true,"href":"https:\/\/morahotell.se\/fr\/wp-json\/wp\/v2\/comments?post=17388"}],"wp:attachment":[{"href":"https:\/\/morahotell.se\/fr\/wp-json\/wp\/v2\/media?parent=17388"}],"wp:term":[{"taxonomy":"product_brand","embeddable":true,"href":"https:\/\/morahotell.se\/fr\/wp-json\/wp\/v2\/product_brand?post=17388"},{"taxonomy":"product_cat","embeddable":true,"href":"https:\/\/morahotell.se\/fr\/wp-json\/wp\/v2\/product_cat?post=17388"},{"taxonomy":"product_tag","embeddable":true,"href":"https:\/\/morahotell.se\/fr\/wp-json\/wp\/v2\/product_tag?post=17388"}],"curies":[{"name":"wp","href":"https:\/\/api.w.org\/{rel}","templated":true}]}}