{"id":17387,"date":"2022-04-29T08:33:39","date_gmt":"2022-04-29T06:33:39","guid":{"rendered":"https:\/\/morahotell.se\/produkt\/non%20class\u00e9\/bordsbokning-lunch\/"},"modified":"2024-04-16T13:59:49","modified_gmt":"2024-04-16T11:59:49","slug":"reservation-de-table-dejeuner","status":"publish","type":"product","link":"https:\/\/morahotell.se\/fr\/produkt\/reservation-de-table\/reservation-de-table-dejeuner\/","title":{"rendered":"R\u00e9servation de table D\u00e9jeuner"},"content":{"rendered":"","protected":false},"excerpt":{"rendered":"<p>R\u00e9servez votre d\u00e9jeuner ici.<\/p>\n<p><em>Une session dure 1 heure.<\/em><\/p>\n<p><em>Si vous souhaitez des si\u00e8ges plus longs ou si vous \u00eates un groupe de plus de 8\u00a0personnes, contactez-nous au\u00a0<a href=\"tel:0250-59 26 50\">0250-59 26 50<\/a>.<\/em><\/p>\n<p><em>La table est maintenue pendant 15\u00a0minutes apr\u00e8s l&rsquo;heure de d\u00e9but pr\u00e9vue.<\/em><\/p>\n","protected":false},"featured_media":15902,"comment_status":"closed","ping_status":"closed","template":"","meta":{"_acf_changed":false},"product_brand":[],"product_cat":[188],"product_tag":[],"class_list":{"0":"post-17387","1":"product","2":"type-product","3":"status-publish","4":"has-post-thumbnail","6":"product_cat-reservation-de-table","8":"first","9":"instock","10":"virtual","11":"taxable","12":"purchasable","13":"product-type-simple"},"acf":[],"_links":{"self":[{"href":"https:\/\/morahotell.se\/fr\/wp-json\/wp\/v2\/product\/17387","targetHints":{"allow":["GET"]}}],"collection":[{"href":"https:\/\/morahotell.se\/fr\/wp-json\/wp\/v2\/product"}],"about":[{"href":"https:\/\/morahotell.se\/fr\/wp-json\/wp\/v2\/types\/product"}],"replies":[{"embeddable":true,"href":"https:\/\/morahotell.se\/fr\/wp-json\/wp\/v2\/comments?post=17387"}],"wp:featuredmedia":[{"embeddable":true,"href":"https:\/\/morahotell.se\/fr\/wp-json\/wp\/v2\/media\/15902"}],"wp:attachment":[{"href":"https:\/\/morahotell.se\/fr\/wp-json\/wp\/v2\/media?parent=17387"}],"wp:term":[{"taxonomy":"product_brand","embeddable":true,"href":"https:\/\/morahotell.se\/fr\/wp-json\/wp\/v2\/product_brand?post=17387"},{"taxonomy":"product_cat","embeddable":true,"href":"https:\/\/morahotell.se\/fr\/wp-json\/wp\/v2\/product_cat?post=17387"},{"taxonomy":"product_tag","embeddable":true,"href":"https:\/\/morahotell.se\/fr\/wp-json\/wp\/v2\/product_tag?post=17387"}],"curies":[{"name":"wp","href":"https:\/\/api.w.org\/{rel}","templated":true}]}}