{"id":17331,"date":"2022-04-27T09:48:55","date_gmt":"2022-04-27T07:48:55","guid":{"rendered":"https:\/\/morahotell.se\/produkt\/non%20class\u00e9\/anda-vital-ansiktskur-50-min\/"},"modified":"2023-05-15T12:00:06","modified_gmt":"2023-05-15T10:00:06","slug":"cure-faciale-vitale-anda-50-min","status":"publish","type":"product","link":"https:\/\/morahotell.se\/fr\/produkt\/spa-fr\/cure-faciale-vitale-anda-50-min\/","title":{"rendered":"Cure faciale vitale ANDA 50 min"},"content":{"rendered":"<p>Une exp\u00e9rience unique qui enveloppe la peau et l&rsquo;esprit d&rsquo;une protection r\u00e9paratrice qui \u00e0 la fois renouvelle, transforme et renforce. Les produits exclusifs v\u00e9g\u00e9taliens et biologiques ANDA sont personnalis\u00e9s et m\u00e9lang\u00e9s pour r\u00e9pondre \u00e0 vos besoins pr\u00e9cis afin de fournir une peau r\u00e9sistante, puissante et belle. Massage apaisant du cou avec Biansten.<\/p>\n","protected":false},"excerpt":{"rendered":"<p>Une exp\u00e9rience unique qui enveloppe la peau et l&rsquo;esprit d&rsquo;une protection r\u00e9paratrice qui \u00e0 la fois renouvelle, transforme et renforce. Les produits exclusifs v\u00e9g\u00e9taliens et biologiques ANDA sont personnalis\u00e9s et m\u00e9lang\u00e9s pour r\u00e9pondre \u00e0 vos besoins pr\u00e9cis afin de fournir une peau r\u00e9sistante, puissante et belle. Massage apaisant du cou avec Biansten.<\/p>\n","protected":false},"featured_media":16160,"comment_status":"closed","ping_status":"closed","template":"","meta":{"_acf_changed":false},"product_brand":[],"product_cat":[181,177],"product_tag":[],"class_list":{"0":"post-17331","1":"product","2":"type-product","3":"status-publish","4":"has-post-thumbnail","6":"product_cat-ansiktsbehandling-fr","7":"product_cat-spa-fr","9":"first","10":"instock","11":"virtual","12":"taxable","13":"purchasable","14":"product-type-simple"},"acf":[],"yoast_head":"<!-- This site is optimized with the Yoast SEO plugin v26.5 - https:\/\/yoast.com\/wordpress\/plugins\/seo\/ -->\n<title>Cure faciale vitale ANDA 50 min - Mora Hotell &amp; Spa<\/title>\n<meta name=\"description\" content=\"En unik upplevelse som omsluter hud och sinne med ett \u00e5terst\u00e4llande skydd som b\u00e5de f\u00f6rnyar, f\u00f6rvandlar och st\u00e4rker. Rogivande nackmassage.\" \/>\n<meta name=\"robots\" content=\"index, follow, max-snippet:-1, max-image-preview:large, max-video-preview:-1\" \/>\n<link rel=\"canonical\" href=\"https:\/\/morahotell.se\/fr\/produkt\/spa-fr\/cure-faciale-vitale-anda-50-min\/\" \/>\n<meta property=\"og:locale\" content=\"fr_FR\" \/>\n<meta property=\"og:type\" content=\"article\" \/>\n<meta property=\"og:title\" content=\"Cure faciale vitale ANDA 50 min - Mora Hotell &amp; Spa\" \/>\n<meta property=\"og:description\" content=\"En unik upplevelse som omsluter hud och sinne med ett \u00e5terst\u00e4llande skydd som b\u00e5de f\u00f6rnyar, f\u00f6rvandlar och st\u00e4rker. Rogivande nackmassage.\" \/>\n<meta property=\"og:url\" content=\"https:\/\/morahotell.se\/fr\/produkt\/spa-fr\/cure-faciale-vitale-anda-50-min\/\" \/>\n<meta property=\"og:site_name\" content=\"Mora Hotell &amp; Spa\" \/>\n<meta property=\"article:modified_time\" content=\"2023-05-15T10:00:06+00:00\" \/>\n<meta property=\"og:image\" content=\"https:\/\/morahotell.se\/wp-content\/uploads\/2022\/04\/andas.jpeg\" \/>\n\t<meta property=\"og:image:width\" content=\"600\" \/>\n\t<meta property=\"og:image:height\" content=\"591\" \/>\n\t<meta property=\"og:image:type\" content=\"image\/jpeg\" \/>\n<meta name=\"twitter:card\" content=\"summary_large_image\" \/>\n<script type=\"application\/ld+json\" class=\"yoast-schema-graph\">{\"@context\":\"https:\/\/schema.org\",\"@graph\":[{\"@type\":\"WebPage\",\"@id\":\"https:\/\/morahotell.se\/fr\/produkt\/spa-fr\/cure-faciale-vitale-anda-50-min\/\",\"url\":\"https:\/\/morahotell.se\/fr\/produkt\/spa-fr\/cure-faciale-vitale-anda-50-min\/\",\"name\":\"Cure faciale vitale ANDA 50 min - Mora Hotell &amp; Spa\",\"isPartOf\":{\"@id\":\"https:\/\/morahotell.se\/fr\/#website\"},\"primaryImageOfPage\":{\"@id\":\"https:\/\/morahotell.se\/fr\/produkt\/spa-fr\/cure-faciale-vitale-anda-50-min\/#primaryimage\"},\"image\":{\"@id\":\"https:\/\/morahotell.se\/fr\/produkt\/spa-fr\/cure-faciale-vitale-anda-50-min\/#primaryimage\"},\"thumbnailUrl\":\"https:\/\/morahotell.se\/wp-content\/uploads\/2022\/04\/andas.jpeg\",\"datePublished\":\"2022-04-27T07:48:55+00:00\",\"dateModified\":\"2023-05-15T10:00:06+00:00\",\"description\":\"En unik upplevelse som omsluter hud och sinne med ett \u00e5terst\u00e4llande skydd som b\u00e5de f\u00f6rnyar, f\u00f6rvandlar och st\u00e4rker. Rogivande nackmassage.\",\"breadcrumb\":{\"@id\":\"https:\/\/morahotell.se\/fr\/produkt\/spa-fr\/cure-faciale-vitale-anda-50-min\/#breadcrumb\"},\"inLanguage\":\"fr-FR\",\"potentialAction\":[{\"@type\":\"ReadAction\",\"target\":[\"https:\/\/morahotell.se\/fr\/produkt\/spa-fr\/cure-faciale-vitale-anda-50-min\/\"]}]},{\"@type\":\"ImageObject\",\"inLanguage\":\"fr-FR\",\"@id\":\"https:\/\/morahotell.se\/fr\/produkt\/spa-fr\/cure-faciale-vitale-anda-50-min\/#primaryimage\",\"url\":\"https:\/\/morahotell.se\/wp-content\/uploads\/2022\/04\/andas.jpeg\",\"contentUrl\":\"https:\/\/morahotell.se\/wp-content\/uploads\/2022\/04\/andas.jpeg\",\"width\":600,\"height\":591},{\"@type\":\"BreadcrumbList\",\"@id\":\"https:\/\/morahotell.se\/fr\/produkt\/spa-fr\/cure-faciale-vitale-anda-50-min\/#breadcrumb\",\"itemListElement\":[{\"@type\":\"ListItem\",\"position\":1,\"name\":\"Mora hotell\",\"item\":\"https:\/\/morahotell.se\/fr\/\"},{\"@type\":\"ListItem\",\"position\":2,\"name\":\"Bokning\",\"item\":\"https:\/\/morahotell.se\/bokning\/\"},{\"@type\":\"ListItem\",\"position\":3,\"name\":\"Spa\",\"item\":\"https:\/\/morahotell.se\/fr\/produkt-kategori\/spa-fr\/\"},{\"@type\":\"ListItem\",\"position\":4,\"name\":\"Cure faciale vitale ANDA 50 min\"}]},{\"@type\":\"WebSite\",\"@id\":\"https:\/\/morahotell.se\/fr\/#website\",\"url\":\"https:\/\/morahotell.se\/fr\/\",\"name\":\"Mora Hotell &amp; Spa\",\"description\":\"Fyrstj\u00e4rnigt hotell i Mora, n\u00e4ra Siljan\",\"potentialAction\":[{\"@type\":\"SearchAction\",\"target\":{\"@type\":\"EntryPoint\",\"urlTemplate\":\"https:\/\/morahotell.se\/fr\/?s={search_term_string}\"},\"query-input\":{\"@type\":\"PropertyValueSpecification\",\"valueRequired\":true,\"valueName\":\"search_term_string\"}}],\"inLanguage\":\"fr-FR\"}]}<\/script>\n<!-- \/ Yoast SEO plugin. -->","yoast_head_json":{"title":"Cure faciale vitale ANDA 50 min - Mora Hotell &amp; Spa","description":"En unik upplevelse som omsluter hud och sinne med ett \u00e5terst\u00e4llande skydd som b\u00e5de f\u00f6rnyar, f\u00f6rvandlar och st\u00e4rker. Rogivande nackmassage.","robots":{"index":"index","follow":"follow","max-snippet":"max-snippet:-1","max-image-preview":"max-image-preview:large","max-video-preview":"max-video-preview:-1"},"canonical":"https:\/\/morahotell.se\/fr\/produkt\/spa-fr\/cure-faciale-vitale-anda-50-min\/","og_locale":"fr_FR","og_type":"article","og_title":"Cure faciale vitale ANDA 50 min - Mora Hotell &amp; Spa","og_description":"En unik upplevelse som omsluter hud och sinne med ett \u00e5terst\u00e4llande skydd som b\u00e5de f\u00f6rnyar, f\u00f6rvandlar och st\u00e4rker. Rogivande nackmassage.","og_url":"https:\/\/morahotell.se\/fr\/produkt\/spa-fr\/cure-faciale-vitale-anda-50-min\/","og_site_name":"Mora Hotell &amp; Spa","article_modified_time":"2023-05-15T10:00:06+00:00","og_image":[{"width":600,"height":591,"url":"https:\/\/morahotell.se\/wp-content\/uploads\/2022\/04\/andas.jpeg","type":"image\/jpeg"}],"twitter_card":"summary_large_image","schema":{"@context":"https:\/\/schema.org","@graph":[{"@type":"WebPage","@id":"https:\/\/morahotell.se\/fr\/produkt\/spa-fr\/cure-faciale-vitale-anda-50-min\/","url":"https:\/\/morahotell.se\/fr\/produkt\/spa-fr\/cure-faciale-vitale-anda-50-min\/","name":"Cure faciale vitale ANDA 50 min - Mora Hotell &amp; Spa","isPartOf":{"@id":"https:\/\/morahotell.se\/fr\/#website"},"primaryImageOfPage":{"@id":"https:\/\/morahotell.se\/fr\/produkt\/spa-fr\/cure-faciale-vitale-anda-50-min\/#primaryimage"},"image":{"@id":"https:\/\/morahotell.se\/fr\/produkt\/spa-fr\/cure-faciale-vitale-anda-50-min\/#primaryimage"},"thumbnailUrl":"https:\/\/morahotell.se\/wp-content\/uploads\/2022\/04\/andas.jpeg","datePublished":"2022-04-27T07:48:55+00:00","dateModified":"2023-05-15T10:00:06+00:00","description":"En unik upplevelse som omsluter hud och sinne med ett \u00e5terst\u00e4llande skydd som b\u00e5de f\u00f6rnyar, f\u00f6rvandlar och st\u00e4rker. Rogivande nackmassage.","breadcrumb":{"@id":"https:\/\/morahotell.se\/fr\/produkt\/spa-fr\/cure-faciale-vitale-anda-50-min\/#breadcrumb"},"inLanguage":"fr-FR","potentialAction":[{"@type":"ReadAction","target":["https:\/\/morahotell.se\/fr\/produkt\/spa-fr\/cure-faciale-vitale-anda-50-min\/"]}]},{"@type":"ImageObject","inLanguage":"fr-FR","@id":"https:\/\/morahotell.se\/fr\/produkt\/spa-fr\/cure-faciale-vitale-anda-50-min\/#primaryimage","url":"https:\/\/morahotell.se\/wp-content\/uploads\/2022\/04\/andas.jpeg","contentUrl":"https:\/\/morahotell.se\/wp-content\/uploads\/2022\/04\/andas.jpeg","width":600,"height":591},{"@type":"BreadcrumbList","@id":"https:\/\/morahotell.se\/fr\/produkt\/spa-fr\/cure-faciale-vitale-anda-50-min\/#breadcrumb","itemListElement":[{"@type":"ListItem","position":1,"name":"Mora hotell","item":"https:\/\/morahotell.se\/fr\/"},{"@type":"ListItem","position":2,"name":"Bokning","item":"https:\/\/morahotell.se\/bokning\/"},{"@type":"ListItem","position":3,"name":"Spa","item":"https:\/\/morahotell.se\/fr\/produkt-kategori\/spa-fr\/"},{"@type":"ListItem","position":4,"name":"Cure faciale vitale ANDA 50 min"}]},{"@type":"WebSite","@id":"https:\/\/morahotell.se\/fr\/#website","url":"https:\/\/morahotell.se\/fr\/","name":"Mora Hotell &amp; Spa","description":"Fyrstj\u00e4rnigt hotell i Mora, n\u00e4ra Siljan","potentialAction":[{"@type":"SearchAction","target":{"@type":"EntryPoint","urlTemplate":"https:\/\/morahotell.se\/fr\/?s={search_term_string}"},"query-input":{"@type":"PropertyValueSpecification","valueRequired":true,"valueName":"search_term_string"}}],"inLanguage":"fr-FR"}]}},"_links":{"self":[{"href":"https:\/\/morahotell.se\/fr\/wp-json\/wp\/v2\/product\/17331","targetHints":{"allow":["GET"]}}],"collection":[{"href":"https:\/\/morahotell.se\/fr\/wp-json\/wp\/v2\/product"}],"about":[{"href":"https:\/\/morahotell.se\/fr\/wp-json\/wp\/v2\/types\/product"}],"replies":[{"embeddable":true,"href":"https:\/\/morahotell.se\/fr\/wp-json\/wp\/v2\/comments?post=17331"}],"wp:featuredmedia":[{"embeddable":true,"href":"https:\/\/morahotell.se\/fr\/wp-json\/wp\/v2\/media\/16160"}],"wp:attachment":[{"href":"https:\/\/morahotell.se\/fr\/wp-json\/wp\/v2\/media?parent=17331"}],"wp:term":[{"taxonomy":"product_brand","embeddable":true,"href":"https:\/\/morahotell.se\/fr\/wp-json\/wp\/v2\/product_brand?post=17331"},{"taxonomy":"product_cat","embeddable":true,"href":"https:\/\/morahotell.se\/fr\/wp-json\/wp\/v2\/product_cat?post=17331"},{"taxonomy":"product_tag","embeddable":true,"href":"https:\/\/morahotell.se\/fr\/wp-json\/wp\/v2\/product_tag?post=17331"}],"curies":[{"name":"wp","href":"https:\/\/api.w.org\/{rel}","templated":true}]}}