{"id":17328,"date":"2022-04-27T13:44:22","date_gmt":"2022-04-27T11:44:22","guid":{"rendered":"https:\/\/morahotell.se\/produkt\/non%20class\u00e9\/uppfraschande-ansiktsbehandling-50min\/"},"modified":"2025-12-15T11:41:24","modified_gmt":"2025-12-15T10:41:24","slug":"soin-visage-rafraichissant-50-min","status":"publish","type":"product","link":"https:\/\/morahotell.se\/fr\/produkt\/spa-fr\/soin-visage-rafraichissant-50-min\/","title":{"rendered":"Soin Visage Rafra\u00eechissant 50 min"},"content":{"rendered":"<p>Un soin du visage rafra\u00eechissant et nettoyant en profondeur, adapt\u00e9 \u00e0 votre type de peau.<br \/>\nLe soin comprend un gommage qui \u00e9limine les cellules mortes, un massage luxueux pour am\u00e9liorer la circulation, ainsi qu&rsquo;un masque et une finition hydratante qui nourrissent la peau.<\/p>\n<p>Vous recevrez bien s\u00fbr des conseils et des astuces pour prendre soin de votre peau \u00e0 la maison afin d&rsquo;obtenir les r\u00e9sultats souhait\u00e9s.<\/p>\n<p>Prix : 995 SEK<\/p>\n","protected":false},"excerpt":{"rendered":"<p>Un soin du visage rafra\u00eechissant et nettoyant en profondeur, adapt\u00e9 \u00e0 votre type de peau. Le soin comprend un gommage qui \u00e9limine les cellules mortes, un massage luxueux pour am\u00e9liorer la circulation, ainsi qu&rsquo;un masque et une finition hydratante qui nourrissent la peau. Vous recevrez bien s\u00fbr des conseils et des astuces pour prendre soin&hellip;<\/p>\n","protected":false},"featured_media":16165,"comment_status":"closed","ping_status":"closed","template":"","meta":{"_acf_changed":false},"product_brand":[],"product_cat":[181,177],"product_tag":[],"class_list":{"0":"post-17328","1":"product","2":"type-product","3":"status-publish","4":"has-post-thumbnail","6":"product_cat-ansiktsbehandling-fr","7":"product_cat-spa-fr","9":"first","10":"instock","11":"virtual","12":"taxable","13":"purchasable","14":"product-type-simple"},"acf":[],"yoast_head":"<!-- This site is optimized with the Yoast SEO plugin v27.5 - https:\/\/yoast.com\/product\/yoast-seo-wordpress\/ -->\n<title>Soin Visage Rafra\u00eechissant 50 min - Mora Hotell &amp; Spa<\/title>\n<meta name=\"description\" content=\"En uppfr\u00e4schade och djupreng\u00f6rande ansiktsbehandling anpassad efter hudtyp. Sj\u00e4lvklart f\u00e5r du tips och r\u00e5d om hur du sk\u00f6ter din hud hemma.\" \/>\n<meta name=\"robots\" content=\"index, follow, max-snippet:-1, max-image-preview:large, max-video-preview:-1\" \/>\n<link rel=\"canonical\" href=\"https:\/\/morahotell.se\/fr\/produkt\/spa-fr\/soin-visage-rafraichissant-50-min\/\" \/>\n<meta property=\"og:locale\" content=\"fr_FR\" \/>\n<meta property=\"og:type\" content=\"article\" \/>\n<meta property=\"og:title\" content=\"Soin Visage Rafra\u00eechissant 50 min - Mora Hotell &amp; Spa\" \/>\n<meta property=\"og:description\" content=\"En uppfr\u00e4schade och djupreng\u00f6rande ansiktsbehandling anpassad efter hudtyp. Sj\u00e4lvklart f\u00e5r du tips och r\u00e5d om hur du sk\u00f6ter din hud hemma.\" \/>\n<meta property=\"og:url\" content=\"https:\/\/morahotell.se\/fr\/produkt\/spa-fr\/soin-visage-rafraichissant-50-min\/\" \/>\n<meta property=\"og:site_name\" content=\"Mora Hotell &amp; Spa\" \/>\n<meta property=\"article:modified_time\" content=\"2025-12-15T10:41:24+00:00\" \/>\n<meta property=\"og:image\" content=\"https:\/\/morahotell.se\/wp-content\/uploads\/2022\/04\/d6fef3ee0ee96159c847faae82dedda7.jpeg\" \/>\n\t<meta property=\"og:image:width\" content=\"439\" \/>\n\t<meta property=\"og:image:height\" content=\"446\" \/>\n\t<meta property=\"og:image:type\" content=\"image\/jpeg\" \/>\n<meta name=\"twitter:card\" content=\"summary_large_image\" \/>\n<meta name=\"twitter:label1\" content=\"Dur\u00e9e de lecture estim\u00e9e\" \/>\n\t<meta name=\"twitter:data1\" content=\"1 minute\" \/>\n<script type=\"application\/ld+json\" class=\"yoast-schema-graph\">{\"@context\":\"https:\\\/\\\/schema.org\",\"@graph\":[{\"@type\":\"WebPage\",\"@id\":\"https:\\\/\\\/morahotell.se\\\/fr\\\/produkt\\\/spa-fr\\\/soin-visage-rafraichissant-50-min\\\/\",\"url\":\"https:\\\/\\\/morahotell.se\\\/fr\\\/produkt\\\/spa-fr\\\/soin-visage-rafraichissant-50-min\\\/\",\"name\":\"Soin Visage Rafra\u00eechissant 50 min - Mora Hotell &amp; Spa\",\"isPartOf\":{\"@id\":\"https:\\\/\\\/morahotell.se\\\/fr\\\/#website\"},\"primaryImageOfPage\":{\"@id\":\"https:\\\/\\\/morahotell.se\\\/fr\\\/produkt\\\/spa-fr\\\/soin-visage-rafraichissant-50-min\\\/#primaryimage\"},\"image\":{\"@id\":\"https:\\\/\\\/morahotell.se\\\/fr\\\/produkt\\\/spa-fr\\\/soin-visage-rafraichissant-50-min\\\/#primaryimage\"},\"thumbnailUrl\":\"https:\\\/\\\/morahotell.se\\\/wp-content\\\/uploads\\\/2022\\\/04\\\/d6fef3ee0ee96159c847faae82dedda7.jpeg\",\"datePublished\":\"2022-04-27T11:44:22+00:00\",\"dateModified\":\"2025-12-15T10:41:24+00:00\",\"description\":\"En uppfr\u00e4schade och djupreng\u00f6rande ansiktsbehandling anpassad efter hudtyp. Sj\u00e4lvklart f\u00e5r du tips och r\u00e5d om hur du sk\u00f6ter din hud hemma.\",\"breadcrumb\":{\"@id\":\"https:\\\/\\\/morahotell.se\\\/fr\\\/produkt\\\/spa-fr\\\/soin-visage-rafraichissant-50-min\\\/#breadcrumb\"},\"inLanguage\":\"fr-FR\",\"potentialAction\":[{\"@type\":\"ReadAction\",\"target\":[\"https:\\\/\\\/morahotell.se\\\/fr\\\/produkt\\\/spa-fr\\\/soin-visage-rafraichissant-50-min\\\/\"]}]},{\"@type\":\"ImageObject\",\"inLanguage\":\"fr-FR\",\"@id\":\"https:\\\/\\\/morahotell.se\\\/fr\\\/produkt\\\/spa-fr\\\/soin-visage-rafraichissant-50-min\\\/#primaryimage\",\"url\":\"https:\\\/\\\/morahotell.se\\\/wp-content\\\/uploads\\\/2022\\\/04\\\/d6fef3ee0ee96159c847faae82dedda7.jpeg\",\"contentUrl\":\"https:\\\/\\\/morahotell.se\\\/wp-content\\\/uploads\\\/2022\\\/04\\\/d6fef3ee0ee96159c847faae82dedda7.jpeg\",\"width\":439,\"height\":446},{\"@type\":\"BreadcrumbList\",\"@id\":\"https:\\\/\\\/morahotell.se\\\/fr\\\/produkt\\\/spa-fr\\\/soin-visage-rafraichissant-50-min\\\/#breadcrumb\",\"itemListElement\":[{\"@type\":\"ListItem\",\"position\":1,\"name\":\"Mora hotell\",\"item\":\"https:\\\/\\\/morahotell.se\\\/fr\\\/\"},{\"@type\":\"ListItem\",\"position\":2,\"name\":\"Bokning\",\"item\":\"https:\\\/\\\/morahotell.se\\\/bokning\\\/\"},{\"@type\":\"ListItem\",\"position\":3,\"name\":\"Spa\",\"item\":\"https:\\\/\\\/morahotell.se\\\/fr\\\/produkt-kategori\\\/spa-fr\\\/\"},{\"@type\":\"ListItem\",\"position\":4,\"name\":\"Soin Visage Rafra\u00eechissant 50 min\"}]},{\"@type\":\"WebSite\",\"@id\":\"https:\\\/\\\/morahotell.se\\\/fr\\\/#website\",\"url\":\"https:\\\/\\\/morahotell.se\\\/fr\\\/\",\"name\":\"Mora Hotell &amp; Spa\",\"description\":\"Fyrstj\u00e4rnigt hotell i Mora, n\u00e4ra Siljan\",\"potentialAction\":[{\"@type\":\"SearchAction\",\"target\":{\"@type\":\"EntryPoint\",\"urlTemplate\":\"https:\\\/\\\/morahotell.se\\\/fr\\\/?s={search_term_string}\"},\"query-input\":{\"@type\":\"PropertyValueSpecification\",\"valueRequired\":true,\"valueName\":\"search_term_string\"}}],\"inLanguage\":\"fr-FR\"}]}<\/script>\n<!-- \/ Yoast SEO plugin. -->","yoast_head_json":{"title":"Soin Visage Rafra\u00eechissant 50 min - Mora Hotell &amp; Spa","description":"En uppfr\u00e4schade och djupreng\u00f6rande ansiktsbehandling anpassad efter hudtyp. Sj\u00e4lvklart f\u00e5r du tips och r\u00e5d om hur du sk\u00f6ter din hud hemma.","robots":{"index":"index","follow":"follow","max-snippet":"max-snippet:-1","max-image-preview":"max-image-preview:large","max-video-preview":"max-video-preview:-1"},"canonical":"https:\/\/morahotell.se\/fr\/produkt\/spa-fr\/soin-visage-rafraichissant-50-min\/","og_locale":"fr_FR","og_type":"article","og_title":"Soin Visage Rafra\u00eechissant 50 min - Mora Hotell &amp; Spa","og_description":"En uppfr\u00e4schade och djupreng\u00f6rande ansiktsbehandling anpassad efter hudtyp. Sj\u00e4lvklart f\u00e5r du tips och r\u00e5d om hur du sk\u00f6ter din hud hemma.","og_url":"https:\/\/morahotell.se\/fr\/produkt\/spa-fr\/soin-visage-rafraichissant-50-min\/","og_site_name":"Mora Hotell &amp; Spa","article_modified_time":"2025-12-15T10:41:24+00:00","og_image":[{"width":439,"height":446,"url":"https:\/\/morahotell.se\/wp-content\/uploads\/2022\/04\/d6fef3ee0ee96159c847faae82dedda7.jpeg","type":"image\/jpeg"}],"twitter_card":"summary_large_image","twitter_misc":{"Dur\u00e9e de lecture estim\u00e9e":"1 minute"},"schema":{"@context":"https:\/\/schema.org","@graph":[{"@type":"WebPage","@id":"https:\/\/morahotell.se\/fr\/produkt\/spa-fr\/soin-visage-rafraichissant-50-min\/","url":"https:\/\/morahotell.se\/fr\/produkt\/spa-fr\/soin-visage-rafraichissant-50-min\/","name":"Soin Visage Rafra\u00eechissant 50 min - Mora Hotell &amp; Spa","isPartOf":{"@id":"https:\/\/morahotell.se\/fr\/#website"},"primaryImageOfPage":{"@id":"https:\/\/morahotell.se\/fr\/produkt\/spa-fr\/soin-visage-rafraichissant-50-min\/#primaryimage"},"image":{"@id":"https:\/\/morahotell.se\/fr\/produkt\/spa-fr\/soin-visage-rafraichissant-50-min\/#primaryimage"},"thumbnailUrl":"https:\/\/morahotell.se\/wp-content\/uploads\/2022\/04\/d6fef3ee0ee96159c847faae82dedda7.jpeg","datePublished":"2022-04-27T11:44:22+00:00","dateModified":"2025-12-15T10:41:24+00:00","description":"En uppfr\u00e4schade och djupreng\u00f6rande ansiktsbehandling anpassad efter hudtyp. Sj\u00e4lvklart f\u00e5r du tips och r\u00e5d om hur du sk\u00f6ter din hud hemma.","breadcrumb":{"@id":"https:\/\/morahotell.se\/fr\/produkt\/spa-fr\/soin-visage-rafraichissant-50-min\/#breadcrumb"},"inLanguage":"fr-FR","potentialAction":[{"@type":"ReadAction","target":["https:\/\/morahotell.se\/fr\/produkt\/spa-fr\/soin-visage-rafraichissant-50-min\/"]}]},{"@type":"ImageObject","inLanguage":"fr-FR","@id":"https:\/\/morahotell.se\/fr\/produkt\/spa-fr\/soin-visage-rafraichissant-50-min\/#primaryimage","url":"https:\/\/morahotell.se\/wp-content\/uploads\/2022\/04\/d6fef3ee0ee96159c847faae82dedda7.jpeg","contentUrl":"https:\/\/morahotell.se\/wp-content\/uploads\/2022\/04\/d6fef3ee0ee96159c847faae82dedda7.jpeg","width":439,"height":446},{"@type":"BreadcrumbList","@id":"https:\/\/morahotell.se\/fr\/produkt\/spa-fr\/soin-visage-rafraichissant-50-min\/#breadcrumb","itemListElement":[{"@type":"ListItem","position":1,"name":"Mora hotell","item":"https:\/\/morahotell.se\/fr\/"},{"@type":"ListItem","position":2,"name":"Bokning","item":"https:\/\/morahotell.se\/bokning\/"},{"@type":"ListItem","position":3,"name":"Spa","item":"https:\/\/morahotell.se\/fr\/produkt-kategori\/spa-fr\/"},{"@type":"ListItem","position":4,"name":"Soin Visage Rafra\u00eechissant 50 min"}]},{"@type":"WebSite","@id":"https:\/\/morahotell.se\/fr\/#website","url":"https:\/\/morahotell.se\/fr\/","name":"Mora Hotell &amp; Spa","description":"Fyrstj\u00e4rnigt hotell i Mora, n\u00e4ra Siljan","potentialAction":[{"@type":"SearchAction","target":{"@type":"EntryPoint","urlTemplate":"https:\/\/morahotell.se\/fr\/?s={search_term_string}"},"query-input":{"@type":"PropertyValueSpecification","valueRequired":true,"valueName":"search_term_string"}}],"inLanguage":"fr-FR"}]}},"_links":{"self":[{"href":"https:\/\/morahotell.se\/fr\/wp-json\/wp\/v2\/product\/17328","targetHints":{"allow":["GET"]}}],"collection":[{"href":"https:\/\/morahotell.se\/fr\/wp-json\/wp\/v2\/product"}],"about":[{"href":"https:\/\/morahotell.se\/fr\/wp-json\/wp\/v2\/types\/product"}],"replies":[{"embeddable":true,"href":"https:\/\/morahotell.se\/fr\/wp-json\/wp\/v2\/comments?post=17328"}],"wp:featuredmedia":[{"embeddable":true,"href":"https:\/\/morahotell.se\/fr\/wp-json\/wp\/v2\/media\/16165"}],"wp:attachment":[{"href":"https:\/\/morahotell.se\/fr\/wp-json\/wp\/v2\/media?parent=17328"}],"wp:term":[{"taxonomy":"product_brand","embeddable":true,"href":"https:\/\/morahotell.se\/fr\/wp-json\/wp\/v2\/product_brand?post=17328"},{"taxonomy":"product_cat","embeddable":true,"href":"https:\/\/morahotell.se\/fr\/wp-json\/wp\/v2\/product_cat?post=17328"},{"taxonomy":"product_tag","embeddable":true,"href":"https:\/\/morahotell.se\/fr\/wp-json\/wp\/v2\/product_tag?post=17328"}],"curies":[{"name":"wp","href":"https:\/\/api.w.org\/{rel}","templated":true}]}}