{"id":17304,"date":"2022-04-27T09:40:13","date_gmt":"2022-04-27T07:40:13","guid":{"rendered":"https:\/\/morahotell.se\/produkt\/non%20class\u00e9\/fotkur-deluxe-for-tva-50-min\/"},"modified":"2025-12-15T13:31:23","modified_gmt":"2025-12-15T12:31:23","slug":"pedicure-deluxe-pour-deux-50-min","status":"publish","type":"product","link":"https:\/\/morahotell.se\/fr\/produkt\/spa-fr\/pedicure-deluxe-pour-deux-50-min\/","title":{"rendered":"P\u00e9dicure Deluxe pour deux 50 min"},"content":{"rendered":"<p>Le soin ultime pour les pieds fatigu\u00e9s et douloureux. Le soin comprend un bain de pieds bienfaisant \u00e0 l&rsquo;eucalyptus, un gommage aux sels min\u00e9raux et un d\u00e9licieux massage des pieds \u00e0 la cr\u00e8me rafra\u00eechissante. Un massage relaxant du cuir chevelu vient compl\u00e9ter le soin.<\/p>\n<p>Prix : 1 050 SEK<\/p>\n","protected":false},"excerpt":{"rendered":"<p>Le soin ultime pour les pieds fatigu\u00e9s et douloureux. Le soin comprend un bain de pieds bienfaisant \u00e0 l&rsquo;eucalyptus, un gommage aux sels min\u00e9raux et un d\u00e9licieux massage des pieds \u00e0 la cr\u00e8me rafra\u00eechissante. Un massage relaxant du cuir chevelu vient compl\u00e9ter le soin. Prix : 1 050 SEK<\/p>\n","protected":false},"featured_media":20926,"comment_status":"closed","ping_status":"closed","template":"","meta":{"_acf_changed":false},"product_brand":[],"product_cat":[178,177],"product_tag":[],"class_list":{"0":"post-17304","1":"product","2":"type-product","3":"status-publish","4":"has-post-thumbnail","6":"product_cat-fotvard-fr","7":"product_cat-spa-fr","9":"first","10":"instock","11":"virtual","12":"taxable","13":"purchasable","14":"product-type-simple"},"acf":[],"yoast_head":"<!-- This site is optimized with the Yoast SEO plugin v26.5 - https:\/\/yoast.com\/wordpress\/plugins\/seo\/ -->\n<title>P\u00e9dicure Deluxe pour deux 50 min - Mora Hotell &amp; Spa<\/title>\n<meta name=\"description\" content=\"Behandlingen inkluderar ett v\u00e4lg\u00f6rande fotbad med eukalyptus, mineralrik saltskrubb samt ljuvlig fotmassage med svalkande cr\u00e8me.\" \/>\n<meta name=\"robots\" content=\"index, follow, max-snippet:-1, max-image-preview:large, max-video-preview:-1\" \/>\n<link rel=\"canonical\" href=\"https:\/\/morahotell.se\/fr\/produkt\/spa-fr\/pedicure-deluxe-pour-deux-50-min\/\" \/>\n<meta property=\"og:locale\" content=\"fr_FR\" \/>\n<meta property=\"og:type\" content=\"article\" \/>\n<meta property=\"og:title\" content=\"P\u00e9dicure Deluxe pour deux 50 min - Mora Hotell &amp; Spa\" \/>\n<meta property=\"og:description\" content=\"Behandlingen inkluderar ett v\u00e4lg\u00f6rande fotbad med eukalyptus, mineralrik saltskrubb samt ljuvlig fotmassage med svalkande cr\u00e8me.\" \/>\n<meta property=\"og:url\" content=\"https:\/\/morahotell.se\/fr\/produkt\/spa-fr\/pedicure-deluxe-pour-deux-50-min\/\" \/>\n<meta property=\"og:site_name\" content=\"Mora Hotell &amp; Spa\" \/>\n<meta property=\"article:modified_time\" content=\"2025-12-15T12:31:23+00:00\" \/>\n<meta property=\"og:image\" content=\"https:\/\/morahotell.se\/wp-content\/uploads\/2023\/09\/unnamed-2.jpg\" \/>\n\t<meta property=\"og:image:width\" content=\"2112\" \/>\n\t<meta property=\"og:image:height\" content=\"2112\" \/>\n\t<meta property=\"og:image:type\" content=\"image\/jpeg\" \/>\n<meta name=\"twitter:card\" content=\"summary_large_image\" \/>\n<script type=\"application\/ld+json\" class=\"yoast-schema-graph\">{\"@context\":\"https:\/\/schema.org\",\"@graph\":[{\"@type\":\"WebPage\",\"@id\":\"https:\/\/morahotell.se\/fr\/produkt\/spa-fr\/pedicure-deluxe-pour-deux-50-min\/\",\"url\":\"https:\/\/morahotell.se\/fr\/produkt\/spa-fr\/pedicure-deluxe-pour-deux-50-min\/\",\"name\":\"P\u00e9dicure Deluxe pour deux 50 min - Mora Hotell &amp; Spa\",\"isPartOf\":{\"@id\":\"https:\/\/morahotell.se\/fr\/#website\"},\"primaryImageOfPage\":{\"@id\":\"https:\/\/morahotell.se\/fr\/produkt\/spa-fr\/pedicure-deluxe-pour-deux-50-min\/#primaryimage\"},\"image\":{\"@id\":\"https:\/\/morahotell.se\/fr\/produkt\/spa-fr\/pedicure-deluxe-pour-deux-50-min\/#primaryimage\"},\"thumbnailUrl\":\"https:\/\/morahotell.se\/wp-content\/uploads\/2023\/09\/unnamed-2.jpg\",\"datePublished\":\"2022-04-27T07:40:13+00:00\",\"dateModified\":\"2025-12-15T12:31:23+00:00\",\"description\":\"Behandlingen inkluderar ett v\u00e4lg\u00f6rande fotbad med eukalyptus, mineralrik saltskrubb samt ljuvlig fotmassage med svalkande cr\u00e8me.\",\"breadcrumb\":{\"@id\":\"https:\/\/morahotell.se\/fr\/produkt\/spa-fr\/pedicure-deluxe-pour-deux-50-min\/#breadcrumb\"},\"inLanguage\":\"fr-FR\",\"potentialAction\":[{\"@type\":\"ReadAction\",\"target\":[\"https:\/\/morahotell.se\/fr\/produkt\/spa-fr\/pedicure-deluxe-pour-deux-50-min\/\"]}]},{\"@type\":\"ImageObject\",\"inLanguage\":\"fr-FR\",\"@id\":\"https:\/\/morahotell.se\/fr\/produkt\/spa-fr\/pedicure-deluxe-pour-deux-50-min\/#primaryimage\",\"url\":\"https:\/\/morahotell.se\/wp-content\/uploads\/2023\/09\/unnamed-2.jpg\",\"contentUrl\":\"https:\/\/morahotell.se\/wp-content\/uploads\/2023\/09\/unnamed-2.jpg\",\"width\":2112,\"height\":2112,\"caption\":\"fotmassage p\u00e5 mora hotell och spa\"},{\"@type\":\"BreadcrumbList\",\"@id\":\"https:\/\/morahotell.se\/fr\/produkt\/spa-fr\/pedicure-deluxe-pour-deux-50-min\/#breadcrumb\",\"itemListElement\":[{\"@type\":\"ListItem\",\"position\":1,\"name\":\"Mora hotell\",\"item\":\"https:\/\/morahotell.se\/fr\/\"},{\"@type\":\"ListItem\",\"position\":2,\"name\":\"Bokning\",\"item\":\"https:\/\/morahotell.se\/bokning\/\"},{\"@type\":\"ListItem\",\"position\":3,\"name\":\"Spa\",\"item\":\"https:\/\/morahotell.se\/fr\/produkt-kategori\/spa-fr\/\"},{\"@type\":\"ListItem\",\"position\":4,\"name\":\"P\u00e9dicure Deluxe pour deux 50 min\"}]},{\"@type\":\"WebSite\",\"@id\":\"https:\/\/morahotell.se\/fr\/#website\",\"url\":\"https:\/\/morahotell.se\/fr\/\",\"name\":\"Mora Hotell &amp; Spa\",\"description\":\"Fyrstj\u00e4rnigt hotell i Mora, n\u00e4ra Siljan\",\"potentialAction\":[{\"@type\":\"SearchAction\",\"target\":{\"@type\":\"EntryPoint\",\"urlTemplate\":\"https:\/\/morahotell.se\/fr\/?s={search_term_string}\"},\"query-input\":{\"@type\":\"PropertyValueSpecification\",\"valueRequired\":true,\"valueName\":\"search_term_string\"}}],\"inLanguage\":\"fr-FR\"}]}<\/script>\n<!-- \/ Yoast SEO plugin. -->","yoast_head_json":{"title":"P\u00e9dicure Deluxe pour deux 50 min - Mora Hotell &amp; Spa","description":"Behandlingen inkluderar ett v\u00e4lg\u00f6rande fotbad med eukalyptus, mineralrik saltskrubb samt ljuvlig fotmassage med svalkande cr\u00e8me.","robots":{"index":"index","follow":"follow","max-snippet":"max-snippet:-1","max-image-preview":"max-image-preview:large","max-video-preview":"max-video-preview:-1"},"canonical":"https:\/\/morahotell.se\/fr\/produkt\/spa-fr\/pedicure-deluxe-pour-deux-50-min\/","og_locale":"fr_FR","og_type":"article","og_title":"P\u00e9dicure Deluxe pour deux 50 min - Mora Hotell &amp; Spa","og_description":"Behandlingen inkluderar ett v\u00e4lg\u00f6rande fotbad med eukalyptus, mineralrik saltskrubb samt ljuvlig fotmassage med svalkande cr\u00e8me.","og_url":"https:\/\/morahotell.se\/fr\/produkt\/spa-fr\/pedicure-deluxe-pour-deux-50-min\/","og_site_name":"Mora Hotell &amp; Spa","article_modified_time":"2025-12-15T12:31:23+00:00","og_image":[{"width":2112,"height":2112,"url":"https:\/\/morahotell.se\/wp-content\/uploads\/2023\/09\/unnamed-2.jpg","type":"image\/jpeg"}],"twitter_card":"summary_large_image","schema":{"@context":"https:\/\/schema.org","@graph":[{"@type":"WebPage","@id":"https:\/\/morahotell.se\/fr\/produkt\/spa-fr\/pedicure-deluxe-pour-deux-50-min\/","url":"https:\/\/morahotell.se\/fr\/produkt\/spa-fr\/pedicure-deluxe-pour-deux-50-min\/","name":"P\u00e9dicure Deluxe pour deux 50 min - Mora Hotell &amp; Spa","isPartOf":{"@id":"https:\/\/morahotell.se\/fr\/#website"},"primaryImageOfPage":{"@id":"https:\/\/morahotell.se\/fr\/produkt\/spa-fr\/pedicure-deluxe-pour-deux-50-min\/#primaryimage"},"image":{"@id":"https:\/\/morahotell.se\/fr\/produkt\/spa-fr\/pedicure-deluxe-pour-deux-50-min\/#primaryimage"},"thumbnailUrl":"https:\/\/morahotell.se\/wp-content\/uploads\/2023\/09\/unnamed-2.jpg","datePublished":"2022-04-27T07:40:13+00:00","dateModified":"2025-12-15T12:31:23+00:00","description":"Behandlingen inkluderar ett v\u00e4lg\u00f6rande fotbad med eukalyptus, mineralrik saltskrubb samt ljuvlig fotmassage med svalkande cr\u00e8me.","breadcrumb":{"@id":"https:\/\/morahotell.se\/fr\/produkt\/spa-fr\/pedicure-deluxe-pour-deux-50-min\/#breadcrumb"},"inLanguage":"fr-FR","potentialAction":[{"@type":"ReadAction","target":["https:\/\/morahotell.se\/fr\/produkt\/spa-fr\/pedicure-deluxe-pour-deux-50-min\/"]}]},{"@type":"ImageObject","inLanguage":"fr-FR","@id":"https:\/\/morahotell.se\/fr\/produkt\/spa-fr\/pedicure-deluxe-pour-deux-50-min\/#primaryimage","url":"https:\/\/morahotell.se\/wp-content\/uploads\/2023\/09\/unnamed-2.jpg","contentUrl":"https:\/\/morahotell.se\/wp-content\/uploads\/2023\/09\/unnamed-2.jpg","width":2112,"height":2112,"caption":"fotmassage p\u00e5 mora hotell och spa"},{"@type":"BreadcrumbList","@id":"https:\/\/morahotell.se\/fr\/produkt\/spa-fr\/pedicure-deluxe-pour-deux-50-min\/#breadcrumb","itemListElement":[{"@type":"ListItem","position":1,"name":"Mora hotell","item":"https:\/\/morahotell.se\/fr\/"},{"@type":"ListItem","position":2,"name":"Bokning","item":"https:\/\/morahotell.se\/bokning\/"},{"@type":"ListItem","position":3,"name":"Spa","item":"https:\/\/morahotell.se\/fr\/produkt-kategori\/spa-fr\/"},{"@type":"ListItem","position":4,"name":"P\u00e9dicure Deluxe pour deux 50 min"}]},{"@type":"WebSite","@id":"https:\/\/morahotell.se\/fr\/#website","url":"https:\/\/morahotell.se\/fr\/","name":"Mora Hotell &amp; Spa","description":"Fyrstj\u00e4rnigt hotell i Mora, n\u00e4ra Siljan","potentialAction":[{"@type":"SearchAction","target":{"@type":"EntryPoint","urlTemplate":"https:\/\/morahotell.se\/fr\/?s={search_term_string}"},"query-input":{"@type":"PropertyValueSpecification","valueRequired":true,"valueName":"search_term_string"}}],"inLanguage":"fr-FR"}]}},"_links":{"self":[{"href":"https:\/\/morahotell.se\/fr\/wp-json\/wp\/v2\/product\/17304","targetHints":{"allow":["GET"]}}],"collection":[{"href":"https:\/\/morahotell.se\/fr\/wp-json\/wp\/v2\/product"}],"about":[{"href":"https:\/\/morahotell.se\/fr\/wp-json\/wp\/v2\/types\/product"}],"replies":[{"embeddable":true,"href":"https:\/\/morahotell.se\/fr\/wp-json\/wp\/v2\/comments?post=17304"}],"wp:featuredmedia":[{"embeddable":true,"href":"https:\/\/morahotell.se\/fr\/wp-json\/wp\/v2\/media\/20926"}],"wp:attachment":[{"href":"https:\/\/morahotell.se\/fr\/wp-json\/wp\/v2\/media?parent=17304"}],"wp:term":[{"taxonomy":"product_brand","embeddable":true,"href":"https:\/\/morahotell.se\/fr\/wp-json\/wp\/v2\/product_brand?post=17304"},{"taxonomy":"product_cat","embeddable":true,"href":"https:\/\/morahotell.se\/fr\/wp-json\/wp\/v2\/product_cat?post=17304"},{"taxonomy":"product_tag","embeddable":true,"href":"https:\/\/morahotell.se\/fr\/wp-json\/wp\/v2\/product_tag?post=17304"}],"curies":[{"name":"wp","href":"https:\/\/api.w.org\/{rel}","templated":true}]}}