{"id":17283,"date":"2022-04-27T09:30:31","date_gmt":"2022-04-27T07:30:31","guid":{"rendered":"https:\/\/morahotell.se\/?post_type=product&#038;p=17283"},"modified":"2025-12-15T11:30:30","modified_gmt":"2025-12-15T10:30:30","slug":"massage-aromatique-25-min","status":"publish","type":"product","link":"https:\/\/morahotell.se\/fr\/produkt\/massage-fr\/massage-aromatique-25-min\/","title":{"rendered":"Massage Aromatique 25 min"},"content":{"rendered":"<p>Un massage doux et relaxant qui vise \u00e0 atteindre une d\u00e9tente maximale. Les d\u00e9licieuses huiles aromatiques biologiques contribuent \u00e0 am\u00e9liorer votre bien-\u00eatre.<\/p>\n<p>Prix : 695 SEK<\/p>\n","protected":false},"excerpt":{"rendered":"<p>Un massage doux et anti-stress o\u00f9 l&rsquo;accent est mis sur la relaxation maximale. Les belles huiles aromatiques biologiques contribuent \u00e0 augmenter le bien-\u00eatre.<\/p>\n","protected":false},"featured_media":15712,"comment_status":"closed","ping_status":"closed","template":"","meta":{"_acf_changed":false},"product_brand":[],"product_cat":[176,177],"product_tag":[],"class_list":{"0":"post-17283","1":"product","2":"type-product","3":"status-publish","4":"has-post-thumbnail","6":"product_cat-massage-fr","7":"product_cat-spa-fr","9":"first","10":"instock","11":"virtual","12":"taxable","13":"purchasable","14":"product-type-simple"},"acf":[],"yoast_head":"<!-- This site is optimized with the Yoast SEO plugin v26.5 - https:\/\/yoast.com\/wordpress\/plugins\/seo\/ -->\n<title>Massage Aromatique 25 min - Mora Hotell &amp; Spa<\/title>\n<meta name=\"description\" content=\"En mjuk och avstressande massage d\u00e4r fokus ligger p\u00e5 att uppn\u00e5 maximal avkoppling. Aroma-oljorna hj\u00e4lper till att \u00f6ka v\u00e4lbefinnandet.\" \/>\n<meta name=\"robots\" content=\"index, follow, max-snippet:-1, max-image-preview:large, max-video-preview:-1\" \/>\n<link rel=\"canonical\" href=\"https:\/\/morahotell.se\/fr\/produkt\/massage-fr\/massage-aromatique-25-min\/\" \/>\n<meta property=\"og:locale\" content=\"fr_FR\" \/>\n<meta property=\"og:type\" content=\"article\" \/>\n<meta property=\"og:title\" content=\"Massage Aromatique 25 min - Mora Hotell &amp; Spa\" \/>\n<meta property=\"og:description\" content=\"En mjuk och avstressande massage d\u00e4r fokus ligger p\u00e5 att uppn\u00e5 maximal avkoppling. Aroma-oljorna hj\u00e4lper till att \u00f6ka v\u00e4lbefinnandet.\" \/>\n<meta property=\"og:url\" content=\"https:\/\/morahotell.se\/fr\/produkt\/massage-fr\/massage-aromatique-25-min\/\" \/>\n<meta property=\"og:site_name\" content=\"Mora Hotell &amp; Spa\" \/>\n<meta property=\"article:modified_time\" content=\"2025-12-15T10:30:30+00:00\" \/>\n<meta property=\"og:image\" content=\"https:\/\/morahotell.se\/wp-content\/uploads\/2022\/04\/bg-box2-1.jpg\" \/>\n\t<meta property=\"og:image:width\" content=\"1280\" \/>\n\t<meta property=\"og:image:height\" content=\"960\" \/>\n\t<meta property=\"og:image:type\" content=\"image\/jpeg\" \/>\n<meta name=\"twitter:card\" content=\"summary_large_image\" \/>\n<script type=\"application\/ld+json\" class=\"yoast-schema-graph\">{\"@context\":\"https:\/\/schema.org\",\"@graph\":[{\"@type\":\"WebPage\",\"@id\":\"https:\/\/morahotell.se\/fr\/produkt\/massage-fr\/massage-aromatique-25-min\/\",\"url\":\"https:\/\/morahotell.se\/fr\/produkt\/massage-fr\/massage-aromatique-25-min\/\",\"name\":\"Massage Aromatique 25 min - Mora Hotell &amp; Spa\",\"isPartOf\":{\"@id\":\"https:\/\/morahotell.se\/fr\/#website\"},\"primaryImageOfPage\":{\"@id\":\"https:\/\/morahotell.se\/fr\/produkt\/massage-fr\/massage-aromatique-25-min\/#primaryimage\"},\"image\":{\"@id\":\"https:\/\/morahotell.se\/fr\/produkt\/massage-fr\/massage-aromatique-25-min\/#primaryimage\"},\"thumbnailUrl\":\"https:\/\/morahotell.se\/wp-content\/uploads\/2022\/04\/bg-box2-1.jpg\",\"datePublished\":\"2022-04-27T07:30:31+00:00\",\"dateModified\":\"2025-12-15T10:30:30+00:00\",\"description\":\"En mjuk och avstressande massage d\u00e4r fokus ligger p\u00e5 att uppn\u00e5 maximal avkoppling. Aroma-oljorna hj\u00e4lper till att \u00f6ka v\u00e4lbefinnandet.\",\"breadcrumb\":{\"@id\":\"https:\/\/morahotell.se\/fr\/produkt\/massage-fr\/massage-aromatique-25-min\/#breadcrumb\"},\"inLanguage\":\"fr-FR\",\"potentialAction\":[{\"@type\":\"ReadAction\",\"target\":[\"https:\/\/morahotell.se\/fr\/produkt\/massage-fr\/massage-aromatique-25-min\/\"]}]},{\"@type\":\"ImageObject\",\"inLanguage\":\"fr-FR\",\"@id\":\"https:\/\/morahotell.se\/fr\/produkt\/massage-fr\/massage-aromatique-25-min\/#primaryimage\",\"url\":\"https:\/\/morahotell.se\/wp-content\/uploads\/2022\/04\/bg-box2-1.jpg\",\"contentUrl\":\"https:\/\/morahotell.se\/wp-content\/uploads\/2022\/04\/bg-box2-1.jpg\",\"width\":1280,\"height\":960},{\"@type\":\"BreadcrumbList\",\"@id\":\"https:\/\/morahotell.se\/fr\/produkt\/massage-fr\/massage-aromatique-25-min\/#breadcrumb\",\"itemListElement\":[{\"@type\":\"ListItem\",\"position\":1,\"name\":\"Mora hotell\",\"item\":\"https:\/\/morahotell.se\/fr\/\"},{\"@type\":\"ListItem\",\"position\":2,\"name\":\"Bokning\",\"item\":\"https:\/\/morahotell.se\/bokning\/\"},{\"@type\":\"ListItem\",\"position\":3,\"name\":\"Spa\",\"item\":\"https:\/\/morahotell.se\/fr\/produkt-kategori\/spa-fr\/\"},{\"@type\":\"ListItem\",\"position\":4,\"name\":\"Massage Aromatique 25 min\"}]},{\"@type\":\"WebSite\",\"@id\":\"https:\/\/morahotell.se\/fr\/#website\",\"url\":\"https:\/\/morahotell.se\/fr\/\",\"name\":\"Mora Hotell &amp; Spa\",\"description\":\"Fyrstj\u00e4rnigt hotell i Mora, n\u00e4ra Siljan\",\"potentialAction\":[{\"@type\":\"SearchAction\",\"target\":{\"@type\":\"EntryPoint\",\"urlTemplate\":\"https:\/\/morahotell.se\/fr\/?s={search_term_string}\"},\"query-input\":{\"@type\":\"PropertyValueSpecification\",\"valueRequired\":true,\"valueName\":\"search_term_string\"}}],\"inLanguage\":\"fr-FR\"}]}<\/script>\n<!-- \/ Yoast SEO plugin. -->","yoast_head_json":{"title":"Massage Aromatique 25 min - Mora Hotell &amp; Spa","description":"En mjuk och avstressande massage d\u00e4r fokus ligger p\u00e5 att uppn\u00e5 maximal avkoppling. Aroma-oljorna hj\u00e4lper till att \u00f6ka v\u00e4lbefinnandet.","robots":{"index":"index","follow":"follow","max-snippet":"max-snippet:-1","max-image-preview":"max-image-preview:large","max-video-preview":"max-video-preview:-1"},"canonical":"https:\/\/morahotell.se\/fr\/produkt\/massage-fr\/massage-aromatique-25-min\/","og_locale":"fr_FR","og_type":"article","og_title":"Massage Aromatique 25 min - Mora Hotell &amp; Spa","og_description":"En mjuk och avstressande massage d\u00e4r fokus ligger p\u00e5 att uppn\u00e5 maximal avkoppling. Aroma-oljorna hj\u00e4lper till att \u00f6ka v\u00e4lbefinnandet.","og_url":"https:\/\/morahotell.se\/fr\/produkt\/massage-fr\/massage-aromatique-25-min\/","og_site_name":"Mora Hotell &amp; Spa","article_modified_time":"2025-12-15T10:30:30+00:00","og_image":[{"width":1280,"height":960,"url":"https:\/\/morahotell.se\/wp-content\/uploads\/2022\/04\/bg-box2-1.jpg","type":"image\/jpeg"}],"twitter_card":"summary_large_image","schema":{"@context":"https:\/\/schema.org","@graph":[{"@type":"WebPage","@id":"https:\/\/morahotell.se\/fr\/produkt\/massage-fr\/massage-aromatique-25-min\/","url":"https:\/\/morahotell.se\/fr\/produkt\/massage-fr\/massage-aromatique-25-min\/","name":"Massage Aromatique 25 min - Mora Hotell &amp; Spa","isPartOf":{"@id":"https:\/\/morahotell.se\/fr\/#website"},"primaryImageOfPage":{"@id":"https:\/\/morahotell.se\/fr\/produkt\/massage-fr\/massage-aromatique-25-min\/#primaryimage"},"image":{"@id":"https:\/\/morahotell.se\/fr\/produkt\/massage-fr\/massage-aromatique-25-min\/#primaryimage"},"thumbnailUrl":"https:\/\/morahotell.se\/wp-content\/uploads\/2022\/04\/bg-box2-1.jpg","datePublished":"2022-04-27T07:30:31+00:00","dateModified":"2025-12-15T10:30:30+00:00","description":"En mjuk och avstressande massage d\u00e4r fokus ligger p\u00e5 att uppn\u00e5 maximal avkoppling. Aroma-oljorna hj\u00e4lper till att \u00f6ka v\u00e4lbefinnandet.","breadcrumb":{"@id":"https:\/\/morahotell.se\/fr\/produkt\/massage-fr\/massage-aromatique-25-min\/#breadcrumb"},"inLanguage":"fr-FR","potentialAction":[{"@type":"ReadAction","target":["https:\/\/morahotell.se\/fr\/produkt\/massage-fr\/massage-aromatique-25-min\/"]}]},{"@type":"ImageObject","inLanguage":"fr-FR","@id":"https:\/\/morahotell.se\/fr\/produkt\/massage-fr\/massage-aromatique-25-min\/#primaryimage","url":"https:\/\/morahotell.se\/wp-content\/uploads\/2022\/04\/bg-box2-1.jpg","contentUrl":"https:\/\/morahotell.se\/wp-content\/uploads\/2022\/04\/bg-box2-1.jpg","width":1280,"height":960},{"@type":"BreadcrumbList","@id":"https:\/\/morahotell.se\/fr\/produkt\/massage-fr\/massage-aromatique-25-min\/#breadcrumb","itemListElement":[{"@type":"ListItem","position":1,"name":"Mora hotell","item":"https:\/\/morahotell.se\/fr\/"},{"@type":"ListItem","position":2,"name":"Bokning","item":"https:\/\/morahotell.se\/bokning\/"},{"@type":"ListItem","position":3,"name":"Spa","item":"https:\/\/morahotell.se\/fr\/produkt-kategori\/spa-fr\/"},{"@type":"ListItem","position":4,"name":"Massage Aromatique 25 min"}]},{"@type":"WebSite","@id":"https:\/\/morahotell.se\/fr\/#website","url":"https:\/\/morahotell.se\/fr\/","name":"Mora Hotell &amp; Spa","description":"Fyrstj\u00e4rnigt hotell i Mora, n\u00e4ra Siljan","potentialAction":[{"@type":"SearchAction","target":{"@type":"EntryPoint","urlTemplate":"https:\/\/morahotell.se\/fr\/?s={search_term_string}"},"query-input":{"@type":"PropertyValueSpecification","valueRequired":true,"valueName":"search_term_string"}}],"inLanguage":"fr-FR"}]}},"_links":{"self":[{"href":"https:\/\/morahotell.se\/fr\/wp-json\/wp\/v2\/product\/17283","targetHints":{"allow":["GET"]}}],"collection":[{"href":"https:\/\/morahotell.se\/fr\/wp-json\/wp\/v2\/product"}],"about":[{"href":"https:\/\/morahotell.se\/fr\/wp-json\/wp\/v2\/types\/product"}],"replies":[{"embeddable":true,"href":"https:\/\/morahotell.se\/fr\/wp-json\/wp\/v2\/comments?post=17283"}],"wp:featuredmedia":[{"embeddable":true,"href":"https:\/\/morahotell.se\/fr\/wp-json\/wp\/v2\/media\/15712"}],"wp:attachment":[{"href":"https:\/\/morahotell.se\/fr\/wp-json\/wp\/v2\/media?parent=17283"}],"wp:term":[{"taxonomy":"product_brand","embeddable":true,"href":"https:\/\/morahotell.se\/fr\/wp-json\/wp\/v2\/product_brand?post=17283"},{"taxonomy":"product_cat","embeddable":true,"href":"https:\/\/morahotell.se\/fr\/wp-json\/wp\/v2\/product_cat?post=17283"},{"taxonomy":"product_tag","embeddable":true,"href":"https:\/\/morahotell.se\/fr\/wp-json\/wp\/v2\/product_tag?post=17283"}],"curies":[{"name":"wp","href":"https:\/\/api.w.org\/{rel}","templated":true}]}}