{"id":17273,"date":"2022-12-06T11:21:15","date_gmt":"2022-12-06T10:21:15","guid":{"rendered":"https:\/\/morahotell.se\/produkt\/non%20class\u00e9\/vinterupplevelse\/"},"modified":"2025-10-16T10:48:15","modified_gmt":"2025-10-16T08:48:15","slug":"vinterupplevelse","status":"publish","type":"product","link":"https:\/\/morahotell.se\/fr\/produkt\/offres-speciales\/vinterupplevelse\/","title":{"rendered":"Exp\u00e9rience hivernale"},"content":{"rendered":"<p>L&rsquo;exp\u00e9rience hivernale ultime : bain de glace et patinage sur le lac Siljan gel\u00e9 !<\/p>\n<p>Nous vous fournissons les patins \u00e0 glace (communiquez-nous votre pointure au moins 3 jours \u00e0 l&rsquo;avance), le peignoir et les mules de bain.<\/p>\n<p>Vous avez bien s\u00fbr \u00e9galement acc\u00e8s \u00e0 l&rsquo;espace Relaxation et SPA<br \/>\nPuis d\u00e9tendez-vous devant le bon feu de notre chemin\u00e9e, un verre \u00e0 la main, avant la d\u00e9couverte gustative de votre d\u00eener en 3 \u00e9tapes.<\/p>\n<p>Notre carte fait la part belle aux ingr\u00e9dients locaux ; ils sont pr\u00e9par\u00e9s avec soin par nos chefs renomm\u00e9s. Notre carte des vins, quant \u00e0 elle, refl\u00e8te l&rsquo;exigence de nos sommeliers qualifi\u00e9s.<br \/>\nVoir notre carte<\/p>\n<p>Ce pack n&rsquo;est pas disponible pendant les p\u00e9riodes de No\u00ebl, de Nouvel An et de la Vasaloppet d&rsquo;hiver<\/p>\n<p>Le prix indiqu\u00e9 correspond au tarif par personne et par nuit.<\/p>\n","protected":false},"excerpt":{"rendered":"<h1>Mora Weekend<\/h1>\n<h3>Un beau week-end sous le signe de la culture, du shopping et d&rsquo;un d\u00e9licieux d\u00eener 3 services !<\/h3>\n<p>Offrez-vous un week-end agr\u00e9able et relaxant avec de nombreuses exp\u00e9riences passionnantes et un d\u00e9licieux d\u00eener \u00e0 3 plats.<\/p>\n","protected":false},"featured_media":28028,"comment_status":"closed","ping_status":"closed","template":"","meta":{"_acf_changed":false},"product_brand":[],"product_cat":[162,187,170,168,164,163,149],"product_tag":[166],"class_list":{"0":"post-17273","1":"product","2":"type-product","3":"status-publish","4":"has-post-thumbnail","6":"product_cat-automne-hiver","7":"product_cat-en-cours-en-ce-moment","8":"product_cat-fart-och-flakt-fr","9":"product_cat-friluftsliv-fr","10":"product_cat-is-och-sno-fr","11":"product_cat-nos-activites","12":"product_cat-offres-speciales","13":"product_tag-forfragningsprodukt-fr","15":"first","16":"instock","17":"virtual","18":"taxable","19":"purchasable","20":"product-type-simple"},"acf":[],"yoast_head":"<!-- This site is optimized with the Yoast SEO plugin v26.5 - https:\/\/yoast.com\/wordpress\/plugins\/seo\/ -->\n<title>Exp\u00e9rience hivernale - Mora Hotell &amp; Spa<\/title>\n<meta name=\"description\" content=\"V\u00e4lkommen till en vinterupplevelse med l\u00e5ngf\u00e4rdsskridskor och Vinterbad: S\u00e4tt dig sedan till bords med en h\u00e4rlig 3-r\u00e4tters middag.\" \/>\n<meta name=\"robots\" content=\"index, follow, max-snippet:-1, max-image-preview:large, max-video-preview:-1\" \/>\n<link rel=\"canonical\" href=\"https:\/\/morahotell.se\/fr\/produkt\/offres-speciales\/vinterupplevelse\/\" \/>\n<meta property=\"og:locale\" content=\"fr_FR\" \/>\n<meta property=\"og:type\" content=\"article\" \/>\n<meta property=\"og:title\" content=\"Exp\u00e9rience hivernale - Mora Hotell &amp; Spa\" \/>\n<meta property=\"og:description\" content=\"V\u00e4lkommen till en vinterupplevelse med l\u00e5ngf\u00e4rdsskridskor och Vinterbad: S\u00e4tt dig sedan till bords med en h\u00e4rlig 3-r\u00e4tters middag.\" \/>\n<meta property=\"og:url\" content=\"https:\/\/morahotell.se\/fr\/produkt\/offres-speciales\/vinterupplevelse\/\" \/>\n<meta property=\"og:site_name\" content=\"Mora Hotell &amp; Spa\" \/>\n<meta property=\"article:modified_time\" content=\"2025-10-16T08:48:15+00:00\" \/>\n<meta property=\"og:image\" content=\"https:\/\/morahotell.se\/wp-content\/uploads\/2022\/12\/skating-runn-mobil-180221-002.jpg\" \/>\n\t<meta property=\"og:image:width\" content=\"2200\" \/>\n\t<meta property=\"og:image:height\" content=\"1467\" \/>\n\t<meta property=\"og:image:type\" content=\"image\/jpeg\" \/>\n<meta name=\"twitter:card\" content=\"summary_large_image\" \/>\n<meta name=\"twitter:label1\" content=\"Dur\u00e9e de lecture estim\u00e9e\" \/>\n\t<meta name=\"twitter:data1\" content=\"1 minute\" \/>\n<script type=\"application\/ld+json\" class=\"yoast-schema-graph\">{\"@context\":\"https:\/\/schema.org\",\"@graph\":[{\"@type\":\"WebPage\",\"@id\":\"https:\/\/morahotell.se\/fr\/produkt\/offres-speciales\/vinterupplevelse\/\",\"url\":\"https:\/\/morahotell.se\/fr\/produkt\/offres-speciales\/vinterupplevelse\/\",\"name\":\"Exp\u00e9rience hivernale - Mora Hotell &amp; Spa\",\"isPartOf\":{\"@id\":\"https:\/\/morahotell.se\/fr\/#website\"},\"primaryImageOfPage\":{\"@id\":\"https:\/\/morahotell.se\/fr\/produkt\/offres-speciales\/vinterupplevelse\/#primaryimage\"},\"image\":{\"@id\":\"https:\/\/morahotell.se\/fr\/produkt\/offres-speciales\/vinterupplevelse\/#primaryimage\"},\"thumbnailUrl\":\"https:\/\/morahotell.se\/wp-content\/uploads\/2025\/01\/474588121_1165689045557747_2371100610963412812_n.jpg\",\"datePublished\":\"2022-12-06T10:21:15+00:00\",\"dateModified\":\"2025-10-16T08:48:15+00:00\",\"description\":\"V\u00e4lkommen till en vinterupplevelse med l\u00e5ngf\u00e4rdsskridskor och Vinterbad: S\u00e4tt dig sedan till bords med en h\u00e4rlig 3-r\u00e4tters middag.\",\"breadcrumb\":{\"@id\":\"https:\/\/morahotell.se\/fr\/produkt\/offres-speciales\/vinterupplevelse\/#breadcrumb\"},\"inLanguage\":\"fr-FR\",\"potentialAction\":[{\"@type\":\"ReadAction\",\"target\":[\"https:\/\/morahotell.se\/fr\/produkt\/offres-speciales\/vinterupplevelse\/\"]}]},{\"@type\":\"ImageObject\",\"inLanguage\":\"fr-FR\",\"@id\":\"https:\/\/morahotell.se\/fr\/produkt\/offres-speciales\/vinterupplevelse\/#primaryimage\",\"url\":\"https:\/\/morahotell.se\/wp-content\/uploads\/2025\/01\/474588121_1165689045557747_2371100610963412812_n.jpg\",\"contentUrl\":\"https:\/\/morahotell.se\/wp-content\/uploads\/2025\/01\/474588121_1165689045557747_2371100610963412812_n.jpg\",\"width\":960,\"height\":1200},{\"@type\":\"BreadcrumbList\",\"@id\":\"https:\/\/morahotell.se\/fr\/produkt\/offres-speciales\/vinterupplevelse\/#breadcrumb\",\"itemListElement\":[{\"@type\":\"ListItem\",\"position\":1,\"name\":\"Mora hotell\",\"item\":\"https:\/\/morahotell.se\/fr\/\"},{\"@type\":\"ListItem\",\"position\":2,\"name\":\"Bokning\",\"item\":\"https:\/\/morahotell.se\/bokning\/\"},{\"@type\":\"ListItem\",\"position\":3,\"name\":\"OFFRES SP\u00c9CIALES\",\"item\":\"https:\/\/morahotell.se\/fr\/produkt-kategori\/offres-speciales\/\"},{\"@type\":\"ListItem\",\"position\":4,\"name\":\"Automne hiver\",\"item\":\"https:\/\/morahotell.se\/fr\/produkt-kategori\/automne-hiver\/\"},{\"@type\":\"ListItem\",\"position\":5,\"name\":\"Exp\u00e9rience hivernale\"}]},{\"@type\":\"WebSite\",\"@id\":\"https:\/\/morahotell.se\/fr\/#website\",\"url\":\"https:\/\/morahotell.se\/fr\/\",\"name\":\"Mora Hotell &amp; Spa\",\"description\":\"Fyrstj\u00e4rnigt hotell i Mora, n\u00e4ra Siljan\",\"potentialAction\":[{\"@type\":\"SearchAction\",\"target\":{\"@type\":\"EntryPoint\",\"urlTemplate\":\"https:\/\/morahotell.se\/fr\/?s={search_term_string}\"},\"query-input\":{\"@type\":\"PropertyValueSpecification\",\"valueRequired\":true,\"valueName\":\"search_term_string\"}}],\"inLanguage\":\"fr-FR\"}]}<\/script>\n<!-- \/ Yoast SEO plugin. -->","yoast_head_json":{"title":"Exp\u00e9rience hivernale - Mora Hotell &amp; Spa","description":"V\u00e4lkommen till en vinterupplevelse med l\u00e5ngf\u00e4rdsskridskor och Vinterbad: S\u00e4tt dig sedan till bords med en h\u00e4rlig 3-r\u00e4tters middag.","robots":{"index":"index","follow":"follow","max-snippet":"max-snippet:-1","max-image-preview":"max-image-preview:large","max-video-preview":"max-video-preview:-1"},"canonical":"https:\/\/morahotell.se\/fr\/produkt\/offres-speciales\/vinterupplevelse\/","og_locale":"fr_FR","og_type":"article","og_title":"Exp\u00e9rience hivernale - Mora Hotell &amp; Spa","og_description":"V\u00e4lkommen till en vinterupplevelse med l\u00e5ngf\u00e4rdsskridskor och Vinterbad: S\u00e4tt dig sedan till bords med en h\u00e4rlig 3-r\u00e4tters middag.","og_url":"https:\/\/morahotell.se\/fr\/produkt\/offres-speciales\/vinterupplevelse\/","og_site_name":"Mora Hotell &amp; Spa","article_modified_time":"2025-10-16T08:48:15+00:00","og_image":[{"width":2200,"height":1467,"url":"https:\/\/morahotell.se\/wp-content\/uploads\/2022\/12\/skating-runn-mobil-180221-002.jpg","type":"image\/jpeg"}],"twitter_card":"summary_large_image","twitter_misc":{"Dur\u00e9e de lecture estim\u00e9e":"1 minute"},"schema":{"@context":"https:\/\/schema.org","@graph":[{"@type":"WebPage","@id":"https:\/\/morahotell.se\/fr\/produkt\/offres-speciales\/vinterupplevelse\/","url":"https:\/\/morahotell.se\/fr\/produkt\/offres-speciales\/vinterupplevelse\/","name":"Exp\u00e9rience hivernale - Mora Hotell &amp; Spa","isPartOf":{"@id":"https:\/\/morahotell.se\/fr\/#website"},"primaryImageOfPage":{"@id":"https:\/\/morahotell.se\/fr\/produkt\/offres-speciales\/vinterupplevelse\/#primaryimage"},"image":{"@id":"https:\/\/morahotell.se\/fr\/produkt\/offres-speciales\/vinterupplevelse\/#primaryimage"},"thumbnailUrl":"https:\/\/morahotell.se\/wp-content\/uploads\/2025\/01\/474588121_1165689045557747_2371100610963412812_n.jpg","datePublished":"2022-12-06T10:21:15+00:00","dateModified":"2025-10-16T08:48:15+00:00","description":"V\u00e4lkommen till en vinterupplevelse med l\u00e5ngf\u00e4rdsskridskor och Vinterbad: S\u00e4tt dig sedan till bords med en h\u00e4rlig 3-r\u00e4tters middag.","breadcrumb":{"@id":"https:\/\/morahotell.se\/fr\/produkt\/offres-speciales\/vinterupplevelse\/#breadcrumb"},"inLanguage":"fr-FR","potentialAction":[{"@type":"ReadAction","target":["https:\/\/morahotell.se\/fr\/produkt\/offres-speciales\/vinterupplevelse\/"]}]},{"@type":"ImageObject","inLanguage":"fr-FR","@id":"https:\/\/morahotell.se\/fr\/produkt\/offres-speciales\/vinterupplevelse\/#primaryimage","url":"https:\/\/morahotell.se\/wp-content\/uploads\/2025\/01\/474588121_1165689045557747_2371100610963412812_n.jpg","contentUrl":"https:\/\/morahotell.se\/wp-content\/uploads\/2025\/01\/474588121_1165689045557747_2371100610963412812_n.jpg","width":960,"height":1200},{"@type":"BreadcrumbList","@id":"https:\/\/morahotell.se\/fr\/produkt\/offres-speciales\/vinterupplevelse\/#breadcrumb","itemListElement":[{"@type":"ListItem","position":1,"name":"Mora hotell","item":"https:\/\/morahotell.se\/fr\/"},{"@type":"ListItem","position":2,"name":"Bokning","item":"https:\/\/morahotell.se\/bokning\/"},{"@type":"ListItem","position":3,"name":"OFFRES SP\u00c9CIALES","item":"https:\/\/morahotell.se\/fr\/produkt-kategori\/offres-speciales\/"},{"@type":"ListItem","position":4,"name":"Automne hiver","item":"https:\/\/morahotell.se\/fr\/produkt-kategori\/automne-hiver\/"},{"@type":"ListItem","position":5,"name":"Exp\u00e9rience hivernale"}]},{"@type":"WebSite","@id":"https:\/\/morahotell.se\/fr\/#website","url":"https:\/\/morahotell.se\/fr\/","name":"Mora Hotell &amp; Spa","description":"Fyrstj\u00e4rnigt hotell i Mora, n\u00e4ra Siljan","potentialAction":[{"@type":"SearchAction","target":{"@type":"EntryPoint","urlTemplate":"https:\/\/morahotell.se\/fr\/?s={search_term_string}"},"query-input":{"@type":"PropertyValueSpecification","valueRequired":true,"valueName":"search_term_string"}}],"inLanguage":"fr-FR"}]}},"_links":{"self":[{"href":"https:\/\/morahotell.se\/fr\/wp-json\/wp\/v2\/product\/17273","targetHints":{"allow":["GET"]}}],"collection":[{"href":"https:\/\/morahotell.se\/fr\/wp-json\/wp\/v2\/product"}],"about":[{"href":"https:\/\/morahotell.se\/fr\/wp-json\/wp\/v2\/types\/product"}],"replies":[{"embeddable":true,"href":"https:\/\/morahotell.se\/fr\/wp-json\/wp\/v2\/comments?post=17273"}],"wp:featuredmedia":[{"embeddable":true,"href":"https:\/\/morahotell.se\/fr\/wp-json\/wp\/v2\/media\/28028"}],"wp:attachment":[{"href":"https:\/\/morahotell.se\/fr\/wp-json\/wp\/v2\/media?parent=17273"}],"wp:term":[{"taxonomy":"product_brand","embeddable":true,"href":"https:\/\/morahotell.se\/fr\/wp-json\/wp\/v2\/product_brand?post=17273"},{"taxonomy":"product_cat","embeddable":true,"href":"https:\/\/morahotell.se\/fr\/wp-json\/wp\/v2\/product_cat?post=17273"},{"taxonomy":"product_tag","embeddable":true,"href":"https:\/\/morahotell.se\/fr\/wp-json\/wp\/v2\/product_tag?post=17273"}],"curies":[{"name":"wp","href":"https:\/\/api.w.org\/{rel}","templated":true}]}}