{"id":17246,"date":"2022-04-29T10:04:09","date_gmt":"2022-04-29T08:04:09","guid":{"rendered":"https:\/\/morahotell.se\/produkt\/non%20class\u00e9\/stora-spa-lyx-paketet-boka-behandling-direkt-pa-var-spa-sida\/"},"modified":"2025-10-16T13:19:33","modified_gmt":"2025-10-16T11:19:33","slug":"pack-spa-luxe-xl-reservez-votre-soin-directement-sur-la-page-consacree-au-spa","status":"publish","type":"product","link":"https:\/\/morahotell.se\/fr\/produkt\/offres-speciales\/pack-spa-luxe-xl-reservez-votre-soin-directement-sur-la-page-consacree-au-spa\/","title":{"rendered":"Pack Spa Luxe XL \u2013 R\u00e9servez votre soin directement sur la page consacr\u00e9e au spa"},"content":{"rendered":"<p>\u00ab\u00a0Ce pack inclut :<\/p>\n<p>1 nuit\u00e9e en chambre Sauna (pour deux ou trois personnes) avec buffet petit d\u00e9jeuner \u00e9labor\u00e9 \u00e0 partir d&rsquo;ingr\u00e9dients locaux<br \/>\nCoffret spa compos\u00e9 de produits cosm\u00e9tiques de la marque Kerstin Florian<br \/>\n1 soin d&rsquo;une dur\u00e9e de 50 minutes au choix<br \/>\nAcc\u00e8s gratuit \u00e0 l&rsquo;espace Relaxation et \u00e0 sa piscine, son jacuzzi, son hammam et son sauna<br \/>\nPr\u00eat d&rsquo;un peignoir et d&rsquo;une paire de mules de bain<br \/>\nCorbeille de fruits frais et smoothie<br \/>\nUne demie-bouteille de champagne<br \/>\nD\u00eener en 4 \u00e9tapes<br \/>\nCe pack n&rsquo;est pas disponible pendant les p\u00e9riodes de la Vasaloppet hiver et \u00e9t\u00e9<\/p>\n<p>Tarif pour 1 nuit : 3195 SEK par personne\u00a0\u00bb<\/p>\n","protected":false},"excerpt":{"rendered":"<p>\u00ab\u00a0Ce pack inclut : 1 nuit\u00e9e en chambre Sauna (pour deux ou trois personnes) avec buffet petit d\u00e9jeuner \u00e9labor\u00e9 \u00e0 partir d&rsquo;ingr\u00e9dients locaux Coffret spa compos\u00e9 de produits cosm\u00e9tiques de la marque Kerstin Florian 1 soin d&rsquo;une dur\u00e9e de 50 minutes au choix Acc\u00e8s gratuit \u00e0 l&rsquo;espace Relaxation et \u00e0 sa piscine, son jacuzzi, son&hellip;<\/p>\n","protected":false},"featured_media":15712,"comment_status":"closed","ping_status":"closed","template":"","meta":{"_acf_changed":false},"product_brand":[],"product_cat":[149,173],"product_tag":[166,150],"class_list":{"0":"post-17246","1":"product","2":"type-product","3":"status-publish","4":"has-post-thumbnail","6":"product_cat-offres-speciales","7":"product_cat-spapaket-fr","8":"product_tag-forfragningsprodukt-fr","9":"product_tag-paket-startsidan-fr","11":"first","12":"instock","13":"virtual","14":"taxable","15":"product-type-simple"},"acf":[],"yoast_head":"<!-- This site is optimized with the Yoast SEO plugin v26.5 - https:\/\/yoast.com\/wordpress\/plugins\/seo\/ -->\n<title>Pack Spa Luxe XL \u2013 R\u00e9servez votre soin directement sur la page consacr\u00e9e au spa - Mora Hotell &amp; Spa<\/title>\n<meta name=\"description\" content=\"N\u00e5gra av sakerna som ing\u00e5r i v\u00e5rt stora spa-lyx-paket \u00e4r logi i bastusvit, spa-g\u00e5va, 50 minuters spabehandling, fre entr\u00e9 till v\u00e5rt spa.\" \/>\n<meta name=\"robots\" content=\"index, follow, max-snippet:-1, max-image-preview:large, max-video-preview:-1\" \/>\n<link rel=\"canonical\" href=\"https:\/\/morahotell.se\/fr\/produkt\/offres-speciales\/pack-spa-luxe-xl-reservez-votre-soin-directement-sur-la-page-consacree-au-spa\/\" \/>\n<meta property=\"og:locale\" content=\"fr_FR\" \/>\n<meta property=\"og:type\" content=\"article\" \/>\n<meta property=\"og:title\" content=\"Pack Spa Luxe XL \u2013 R\u00e9servez votre soin directement sur la page consacr\u00e9e au spa - Mora Hotell &amp; Spa\" \/>\n<meta property=\"og:description\" content=\"N\u00e5gra av sakerna som ing\u00e5r i v\u00e5rt stora spa-lyx-paket \u00e4r logi i bastusvit, spa-g\u00e5va, 50 minuters spabehandling, fre entr\u00e9 till v\u00e5rt spa.\" \/>\n<meta property=\"og:url\" content=\"https:\/\/morahotell.se\/fr\/produkt\/offres-speciales\/pack-spa-luxe-xl-reservez-votre-soin-directement-sur-la-page-consacree-au-spa\/\" \/>\n<meta property=\"og:site_name\" content=\"Mora Hotell &amp; Spa\" \/>\n<meta property=\"article:modified_time\" content=\"2025-10-16T11:19:33+00:00\" \/>\n<meta property=\"og:image\" content=\"https:\/\/morahotell.se\/wp-content\/uploads\/2022\/04\/bg-box2-1.jpg\" \/>\n\t<meta property=\"og:image:width\" content=\"1280\" \/>\n\t<meta property=\"og:image:height\" content=\"960\" \/>\n\t<meta property=\"og:image:type\" content=\"image\/jpeg\" \/>\n<meta name=\"twitter:card\" content=\"summary_large_image\" \/>\n<meta name=\"twitter:label1\" content=\"Dur\u00e9e de lecture estim\u00e9e\" \/>\n\t<meta name=\"twitter:data1\" content=\"1 minute\" \/>\n<script type=\"application\/ld+json\" class=\"yoast-schema-graph\">{\"@context\":\"https:\/\/schema.org\",\"@graph\":[{\"@type\":\"WebPage\",\"@id\":\"https:\/\/morahotell.se\/fr\/produkt\/offres-speciales\/pack-spa-luxe-xl-reservez-votre-soin-directement-sur-la-page-consacree-au-spa\/\",\"url\":\"https:\/\/morahotell.se\/fr\/produkt\/offres-speciales\/pack-spa-luxe-xl-reservez-votre-soin-directement-sur-la-page-consacree-au-spa\/\",\"name\":\"Pack Spa Luxe XL \u2013 R\u00e9servez votre soin directement sur la page consacr\u00e9e au spa - Mora Hotell &amp; Spa\",\"isPartOf\":{\"@id\":\"https:\/\/morahotell.se\/fr\/#website\"},\"primaryImageOfPage\":{\"@id\":\"https:\/\/morahotell.se\/fr\/produkt\/offres-speciales\/pack-spa-luxe-xl-reservez-votre-soin-directement-sur-la-page-consacree-au-spa\/#primaryimage\"},\"image\":{\"@id\":\"https:\/\/morahotell.se\/fr\/produkt\/offres-speciales\/pack-spa-luxe-xl-reservez-votre-soin-directement-sur-la-page-consacree-au-spa\/#primaryimage\"},\"thumbnailUrl\":\"https:\/\/morahotell.se\/wp-content\/uploads\/2022\/04\/bg-box2-1.jpg\",\"datePublished\":\"2022-04-29T08:04:09+00:00\",\"dateModified\":\"2025-10-16T11:19:33+00:00\",\"description\":\"N\u00e5gra av sakerna som ing\u00e5r i v\u00e5rt stora spa-lyx-paket \u00e4r logi i bastusvit, spa-g\u00e5va, 50 minuters spabehandling, fre entr\u00e9 till v\u00e5rt spa.\",\"breadcrumb\":{\"@id\":\"https:\/\/morahotell.se\/fr\/produkt\/offres-speciales\/pack-spa-luxe-xl-reservez-votre-soin-directement-sur-la-page-consacree-au-spa\/#breadcrumb\"},\"inLanguage\":\"fr-FR\",\"potentialAction\":[{\"@type\":\"ReadAction\",\"target\":[\"https:\/\/morahotell.se\/fr\/produkt\/offres-speciales\/pack-spa-luxe-xl-reservez-votre-soin-directement-sur-la-page-consacree-au-spa\/\"]}]},{\"@type\":\"ImageObject\",\"inLanguage\":\"fr-FR\",\"@id\":\"https:\/\/morahotell.se\/fr\/produkt\/offres-speciales\/pack-spa-luxe-xl-reservez-votre-soin-directement-sur-la-page-consacree-au-spa\/#primaryimage\",\"url\":\"https:\/\/morahotell.se\/wp-content\/uploads\/2022\/04\/bg-box2-1.jpg\",\"contentUrl\":\"https:\/\/morahotell.se\/wp-content\/uploads\/2022\/04\/bg-box2-1.jpg\",\"width\":1280,\"height\":960},{\"@type\":\"BreadcrumbList\",\"@id\":\"https:\/\/morahotell.se\/fr\/produkt\/offres-speciales\/pack-spa-luxe-xl-reservez-votre-soin-directement-sur-la-page-consacree-au-spa\/#breadcrumb\",\"itemListElement\":[{\"@type\":\"ListItem\",\"position\":1,\"name\":\"Mora hotell\",\"item\":\"https:\/\/morahotell.se\/fr\/\"},{\"@type\":\"ListItem\",\"position\":2,\"name\":\"Bokning\",\"item\":\"https:\/\/morahotell.se\/bokning\/\"},{\"@type\":\"ListItem\",\"position\":3,\"name\":\"OFFRES SP\u00c9CIALES\",\"item\":\"https:\/\/morahotell.se\/fr\/produkt-kategori\/offres-speciales\/\"},{\"@type\":\"ListItem\",\"position\":4,\"name\":\"Pack Spa Luxe XL \u2013 R\u00e9servez votre soin directement sur la page consacr\u00e9e au spa\"}]},{\"@type\":\"WebSite\",\"@id\":\"https:\/\/morahotell.se\/fr\/#website\",\"url\":\"https:\/\/morahotell.se\/fr\/\",\"name\":\"Mora Hotell &amp; Spa\",\"description\":\"Fyrstj\u00e4rnigt hotell i Mora, n\u00e4ra Siljan\",\"potentialAction\":[{\"@type\":\"SearchAction\",\"target\":{\"@type\":\"EntryPoint\",\"urlTemplate\":\"https:\/\/morahotell.se\/fr\/?s={search_term_string}\"},\"query-input\":{\"@type\":\"PropertyValueSpecification\",\"valueRequired\":true,\"valueName\":\"search_term_string\"}}],\"inLanguage\":\"fr-FR\"}]}<\/script>\n<!-- \/ Yoast SEO plugin. -->","yoast_head_json":{"title":"Pack Spa Luxe XL \u2013 R\u00e9servez votre soin directement sur la page consacr\u00e9e au spa - Mora Hotell &amp; Spa","description":"N\u00e5gra av sakerna som ing\u00e5r i v\u00e5rt stora spa-lyx-paket \u00e4r logi i bastusvit, spa-g\u00e5va, 50 minuters spabehandling, fre entr\u00e9 till v\u00e5rt spa.","robots":{"index":"index","follow":"follow","max-snippet":"max-snippet:-1","max-image-preview":"max-image-preview:large","max-video-preview":"max-video-preview:-1"},"canonical":"https:\/\/morahotell.se\/fr\/produkt\/offres-speciales\/pack-spa-luxe-xl-reservez-votre-soin-directement-sur-la-page-consacree-au-spa\/","og_locale":"fr_FR","og_type":"article","og_title":"Pack Spa Luxe XL \u2013 R\u00e9servez votre soin directement sur la page consacr\u00e9e au spa - Mora Hotell &amp; Spa","og_description":"N\u00e5gra av sakerna som ing\u00e5r i v\u00e5rt stora spa-lyx-paket \u00e4r logi i bastusvit, spa-g\u00e5va, 50 minuters spabehandling, fre entr\u00e9 till v\u00e5rt spa.","og_url":"https:\/\/morahotell.se\/fr\/produkt\/offres-speciales\/pack-spa-luxe-xl-reservez-votre-soin-directement-sur-la-page-consacree-au-spa\/","og_site_name":"Mora Hotell &amp; Spa","article_modified_time":"2025-10-16T11:19:33+00:00","og_image":[{"width":1280,"height":960,"url":"https:\/\/morahotell.se\/wp-content\/uploads\/2022\/04\/bg-box2-1.jpg","type":"image\/jpeg"}],"twitter_card":"summary_large_image","twitter_misc":{"Dur\u00e9e de lecture estim\u00e9e":"1 minute"},"schema":{"@context":"https:\/\/schema.org","@graph":[{"@type":"WebPage","@id":"https:\/\/morahotell.se\/fr\/produkt\/offres-speciales\/pack-spa-luxe-xl-reservez-votre-soin-directement-sur-la-page-consacree-au-spa\/","url":"https:\/\/morahotell.se\/fr\/produkt\/offres-speciales\/pack-spa-luxe-xl-reservez-votre-soin-directement-sur-la-page-consacree-au-spa\/","name":"Pack Spa Luxe XL \u2013 R\u00e9servez votre soin directement sur la page consacr\u00e9e au spa - Mora Hotell &amp; Spa","isPartOf":{"@id":"https:\/\/morahotell.se\/fr\/#website"},"primaryImageOfPage":{"@id":"https:\/\/morahotell.se\/fr\/produkt\/offres-speciales\/pack-spa-luxe-xl-reservez-votre-soin-directement-sur-la-page-consacree-au-spa\/#primaryimage"},"image":{"@id":"https:\/\/morahotell.se\/fr\/produkt\/offres-speciales\/pack-spa-luxe-xl-reservez-votre-soin-directement-sur-la-page-consacree-au-spa\/#primaryimage"},"thumbnailUrl":"https:\/\/morahotell.se\/wp-content\/uploads\/2022\/04\/bg-box2-1.jpg","datePublished":"2022-04-29T08:04:09+00:00","dateModified":"2025-10-16T11:19:33+00:00","description":"N\u00e5gra av sakerna som ing\u00e5r i v\u00e5rt stora spa-lyx-paket \u00e4r logi i bastusvit, spa-g\u00e5va, 50 minuters spabehandling, fre entr\u00e9 till v\u00e5rt spa.","breadcrumb":{"@id":"https:\/\/morahotell.se\/fr\/produkt\/offres-speciales\/pack-spa-luxe-xl-reservez-votre-soin-directement-sur-la-page-consacree-au-spa\/#breadcrumb"},"inLanguage":"fr-FR","potentialAction":[{"@type":"ReadAction","target":["https:\/\/morahotell.se\/fr\/produkt\/offres-speciales\/pack-spa-luxe-xl-reservez-votre-soin-directement-sur-la-page-consacree-au-spa\/"]}]},{"@type":"ImageObject","inLanguage":"fr-FR","@id":"https:\/\/morahotell.se\/fr\/produkt\/offres-speciales\/pack-spa-luxe-xl-reservez-votre-soin-directement-sur-la-page-consacree-au-spa\/#primaryimage","url":"https:\/\/morahotell.se\/wp-content\/uploads\/2022\/04\/bg-box2-1.jpg","contentUrl":"https:\/\/morahotell.se\/wp-content\/uploads\/2022\/04\/bg-box2-1.jpg","width":1280,"height":960},{"@type":"BreadcrumbList","@id":"https:\/\/morahotell.se\/fr\/produkt\/offres-speciales\/pack-spa-luxe-xl-reservez-votre-soin-directement-sur-la-page-consacree-au-spa\/#breadcrumb","itemListElement":[{"@type":"ListItem","position":1,"name":"Mora hotell","item":"https:\/\/morahotell.se\/fr\/"},{"@type":"ListItem","position":2,"name":"Bokning","item":"https:\/\/morahotell.se\/bokning\/"},{"@type":"ListItem","position":3,"name":"OFFRES SP\u00c9CIALES","item":"https:\/\/morahotell.se\/fr\/produkt-kategori\/offres-speciales\/"},{"@type":"ListItem","position":4,"name":"Pack Spa Luxe XL \u2013 R\u00e9servez votre soin directement sur la page consacr\u00e9e au spa"}]},{"@type":"WebSite","@id":"https:\/\/morahotell.se\/fr\/#website","url":"https:\/\/morahotell.se\/fr\/","name":"Mora Hotell &amp; Spa","description":"Fyrstj\u00e4rnigt hotell i Mora, n\u00e4ra Siljan","potentialAction":[{"@type":"SearchAction","target":{"@type":"EntryPoint","urlTemplate":"https:\/\/morahotell.se\/fr\/?s={search_term_string}"},"query-input":{"@type":"PropertyValueSpecification","valueRequired":true,"valueName":"search_term_string"}}],"inLanguage":"fr-FR"}]}},"_links":{"self":[{"href":"https:\/\/morahotell.se\/fr\/wp-json\/wp\/v2\/product\/17246","targetHints":{"allow":["GET"]}}],"collection":[{"href":"https:\/\/morahotell.se\/fr\/wp-json\/wp\/v2\/product"}],"about":[{"href":"https:\/\/morahotell.se\/fr\/wp-json\/wp\/v2\/types\/product"}],"replies":[{"embeddable":true,"href":"https:\/\/morahotell.se\/fr\/wp-json\/wp\/v2\/comments?post=17246"}],"wp:featuredmedia":[{"embeddable":true,"href":"https:\/\/morahotell.se\/fr\/wp-json\/wp\/v2\/media\/15712"}],"wp:attachment":[{"href":"https:\/\/morahotell.se\/fr\/wp-json\/wp\/v2\/media?parent=17246"}],"wp:term":[{"taxonomy":"product_brand","embeddable":true,"href":"https:\/\/morahotell.se\/fr\/wp-json\/wp\/v2\/product_brand?post=17246"},{"taxonomy":"product_cat","embeddable":true,"href":"https:\/\/morahotell.se\/fr\/wp-json\/wp\/v2\/product_cat?post=17246"},{"taxonomy":"product_tag","embeddable":true,"href":"https:\/\/morahotell.se\/fr\/wp-json\/wp\/v2\/product_tag?post=17246"}],"curies":[{"name":"wp","href":"https:\/\/api.w.org\/{rel}","templated":true}]}}