{"id":17245,"date":"2022-04-29T10:07:55","date_gmt":"2022-04-29T08:07:55","guid":{"rendered":"https:\/\/morahotell.se\/produkt\/non%20class\u00e9\/early-weekend-spa-lyx-paket-torsdag-lordag\/"},"modified":"2023-05-15T10:41:29","modified_gmt":"2023-05-15T08:41:29","slug":"early-weekend-spa-lyx-paket-torsdag-lordag","status":"publish","type":"product","link":"https:\/\/morahotell.se\/fr\/produkt\/offres-speciales\/early-weekend-spa-lyx-paket-torsdag-lordag\/","title":{"rendered":"Early Weekend, Spa-Lyx paket torsdag-l\u00f6rdag"},"content":{"rendered":"<p>Ce pack inclut :<\/p>\n<p>2 nuit\u00e9es en chambre Superior (pour deux personnes minimum) avec buffet petit d\u00e9jeuner \u00e9labor\u00e9 \u00e0 partir d&rsquo;ingr\u00e9dients locaux<br \/>\n1 soin d&rsquo;une dur\u00e9e de 25 minutes au choix<br \/>\nAcc\u00e8s gratuit \u00e0 l&rsquo;espace Relaxation et \u00e0 sa piscine, son jacuzzi, son hammam et son sauna<br \/>\nPr\u00eat d&rsquo;un peignoir et d&rsquo;une paire de mules de bain<br \/>\nCorbeille de fruits frais et smoothie<br \/>\nD\u00eener Spa en 2 \u00e9tapes le premier soir<br \/>\n1 verre de vin mousseux accompagn\u00e9 d&rsquo;amuse-bouches de saison<br \/>\nCe pack n&rsquo;est pas disponible pendant les p\u00e9riodes de la Vasaloppet hiver et \u00e9t\u00e9<\/p>\n<p>Tarif pour 1 nuit : 3425 SEK par personne<\/p>\n","protected":false},"excerpt":{"rendered":"<p>Ce pack inclut : 2 nuit\u00e9es en chambre Superior (pour deux personnes minimum) avec buffet petit d\u00e9jeuner \u00e9labor\u00e9 \u00e0 partir d&rsquo;ingr\u00e9dients locaux 1 soin d&rsquo;une dur\u00e9e de 25 minutes au choix Acc\u00e8s gratuit \u00e0 l&rsquo;espace Relaxation et \u00e0 sa piscine, son jacuzzi, son hammam et son sauna Pr\u00eat d&rsquo;un peignoir et d&rsquo;une paire de mules&hellip;<\/p>\n","protected":false},"featured_media":16204,"comment_status":"closed","ping_status":"closed","template":"","meta":{"_acf_changed":false},"product_brand":[],"product_cat":[149,173],"product_tag":[166],"class_list":{"0":"post-17245","1":"product","2":"type-product","3":"status-publish","4":"has-post-thumbnail","6":"product_cat-offres-speciales","7":"product_cat-spapaket-fr","8":"product_tag-forfragningsprodukt-fr","10":"first","11":"instock","12":"virtual","13":"taxable","14":"purchasable","15":"product-type-simple"},"acf":[],"yoast_head":"<!-- This site is optimized with the Yoast SEO plugin v26.5 - https:\/\/yoast.com\/wordpress\/plugins\/seo\/ -->\n<title>Early Weekend, Spa-Lyx paket torsdag-l\u00f6rdag - Mora Hotell &amp; Spa<\/title>\n<meta name=\"description\" content=\"I detta paket ing\u00e5r det 2 n\u00e4tter i ett av v\u00e5ra Superior-rum, inkl. frukostbuff\u00e9 ing\u00e5r. En 25-minuter valfri spabehandling, fri entr\u00e9 till spa\" \/>\n<meta name=\"robots\" content=\"index, follow, max-snippet:-1, max-image-preview:large, max-video-preview:-1\" \/>\n<link rel=\"canonical\" href=\"https:\/\/morahotell.se\/fr\/produkt\/offres-speciales\/early-weekend-spa-lyx-paket-torsdag-lordag\/\" \/>\n<meta property=\"og:locale\" content=\"fr_FR\" \/>\n<meta property=\"og:type\" content=\"article\" \/>\n<meta property=\"og:title\" content=\"Early Weekend, Spa-Lyx paket torsdag-l\u00f6rdag - Mora Hotell &amp; Spa\" \/>\n<meta property=\"og:description\" content=\"I detta paket ing\u00e5r det 2 n\u00e4tter i ett av v\u00e5ra Superior-rum, inkl. frukostbuff\u00e9 ing\u00e5r. En 25-minuter valfri spabehandling, fri entr\u00e9 till spa\" \/>\n<meta property=\"og:url\" content=\"https:\/\/morahotell.se\/fr\/produkt\/offres-speciales\/early-weekend-spa-lyx-paket-torsdag-lordag\/\" \/>\n<meta property=\"og:site_name\" content=\"Mora Hotell &amp; Spa\" \/>\n<meta property=\"article:modified_time\" content=\"2023-05-15T08:41:29+00:00\" \/>\n<meta property=\"og:image\" content=\"https:\/\/morahotell.se\/wp-content\/uploads\/2022\/05\/massage7.jpg\" \/>\n\t<meta property=\"og:image:width\" content=\"1360\" \/>\n\t<meta property=\"og:image:height\" content=\"1360\" \/>\n\t<meta property=\"og:image:type\" content=\"image\/jpeg\" \/>\n<meta name=\"twitter:card\" content=\"summary_large_image\" \/>\n<script type=\"application\/ld+json\" class=\"yoast-schema-graph\">{\"@context\":\"https:\/\/schema.org\",\"@graph\":[{\"@type\":\"WebPage\",\"@id\":\"https:\/\/morahotell.se\/fr\/produkt\/offres-speciales\/early-weekend-spa-lyx-paket-torsdag-lordag\/\",\"url\":\"https:\/\/morahotell.se\/fr\/produkt\/offres-speciales\/early-weekend-spa-lyx-paket-torsdag-lordag\/\",\"name\":\"Early Weekend, Spa-Lyx paket torsdag-l\u00f6rdag - Mora Hotell &amp; Spa\",\"isPartOf\":{\"@id\":\"https:\/\/morahotell.se\/fr\/#website\"},\"primaryImageOfPage\":{\"@id\":\"https:\/\/morahotell.se\/fr\/produkt\/offres-speciales\/early-weekend-spa-lyx-paket-torsdag-lordag\/#primaryimage\"},\"image\":{\"@id\":\"https:\/\/morahotell.se\/fr\/produkt\/offres-speciales\/early-weekend-spa-lyx-paket-torsdag-lordag\/#primaryimage\"},\"thumbnailUrl\":\"https:\/\/morahotell.se\/wp-content\/uploads\/2022\/05\/massage7.jpg\",\"datePublished\":\"2022-04-29T08:07:55+00:00\",\"dateModified\":\"2023-05-15T08:41:29+00:00\",\"description\":\"I detta paket ing\u00e5r det 2 n\u00e4tter i ett av v\u00e5ra Superior-rum, inkl. frukostbuff\u00e9 ing\u00e5r. En 25-minuter valfri spabehandling, fri entr\u00e9 till spa\",\"breadcrumb\":{\"@id\":\"https:\/\/morahotell.se\/fr\/produkt\/offres-speciales\/early-weekend-spa-lyx-paket-torsdag-lordag\/#breadcrumb\"},\"inLanguage\":\"fr-FR\",\"potentialAction\":[{\"@type\":\"ReadAction\",\"target\":[\"https:\/\/morahotell.se\/fr\/produkt\/offres-speciales\/early-weekend-spa-lyx-paket-torsdag-lordag\/\"]}]},{\"@type\":\"ImageObject\",\"inLanguage\":\"fr-FR\",\"@id\":\"https:\/\/morahotell.se\/fr\/produkt\/offres-speciales\/early-weekend-spa-lyx-paket-torsdag-lordag\/#primaryimage\",\"url\":\"https:\/\/morahotell.se\/wp-content\/uploads\/2022\/05\/massage7.jpg\",\"contentUrl\":\"https:\/\/morahotell.se\/wp-content\/uploads\/2022\/05\/massage7.jpg\",\"width\":1360,\"height\":1360,\"caption\":\"massage p\u00e5 mora hotell\"},{\"@type\":\"BreadcrumbList\",\"@id\":\"https:\/\/morahotell.se\/fr\/produkt\/offres-speciales\/early-weekend-spa-lyx-paket-torsdag-lordag\/#breadcrumb\",\"itemListElement\":[{\"@type\":\"ListItem\",\"position\":1,\"name\":\"Mora hotell\",\"item\":\"https:\/\/morahotell.se\/fr\/\"},{\"@type\":\"ListItem\",\"position\":2,\"name\":\"Bokning\",\"item\":\"https:\/\/morahotell.se\/bokning\/\"},{\"@type\":\"ListItem\",\"position\":3,\"name\":\"OFFRES SP\u00c9CIALES\",\"item\":\"https:\/\/morahotell.se\/fr\/produkt-kategori\/offres-speciales\/\"},{\"@type\":\"ListItem\",\"position\":4,\"name\":\"Early Weekend, Spa-Lyx paket torsdag-l\u00f6rdag\"}]},{\"@type\":\"WebSite\",\"@id\":\"https:\/\/morahotell.se\/fr\/#website\",\"url\":\"https:\/\/morahotell.se\/fr\/\",\"name\":\"Mora Hotell &amp; Spa\",\"description\":\"Fyrstj\u00e4rnigt hotell i Mora, n\u00e4ra Siljan\",\"potentialAction\":[{\"@type\":\"SearchAction\",\"target\":{\"@type\":\"EntryPoint\",\"urlTemplate\":\"https:\/\/morahotell.se\/fr\/?s={search_term_string}\"},\"query-input\":{\"@type\":\"PropertyValueSpecification\",\"valueRequired\":true,\"valueName\":\"search_term_string\"}}],\"inLanguage\":\"fr-FR\"}]}<\/script>\n<!-- \/ Yoast SEO plugin. -->","yoast_head_json":{"title":"Early Weekend, Spa-Lyx paket torsdag-l\u00f6rdag - Mora Hotell &amp; Spa","description":"I detta paket ing\u00e5r det 2 n\u00e4tter i ett av v\u00e5ra Superior-rum, inkl. frukostbuff\u00e9 ing\u00e5r. En 25-minuter valfri spabehandling, fri entr\u00e9 till spa","robots":{"index":"index","follow":"follow","max-snippet":"max-snippet:-1","max-image-preview":"max-image-preview:large","max-video-preview":"max-video-preview:-1"},"canonical":"https:\/\/morahotell.se\/fr\/produkt\/offres-speciales\/early-weekend-spa-lyx-paket-torsdag-lordag\/","og_locale":"fr_FR","og_type":"article","og_title":"Early Weekend, Spa-Lyx paket torsdag-l\u00f6rdag - Mora Hotell &amp; Spa","og_description":"I detta paket ing\u00e5r det 2 n\u00e4tter i ett av v\u00e5ra Superior-rum, inkl. frukostbuff\u00e9 ing\u00e5r. En 25-minuter valfri spabehandling, fri entr\u00e9 till spa","og_url":"https:\/\/morahotell.se\/fr\/produkt\/offres-speciales\/early-weekend-spa-lyx-paket-torsdag-lordag\/","og_site_name":"Mora Hotell &amp; Spa","article_modified_time":"2023-05-15T08:41:29+00:00","og_image":[{"width":1360,"height":1360,"url":"https:\/\/morahotell.se\/wp-content\/uploads\/2022\/05\/massage7.jpg","type":"image\/jpeg"}],"twitter_card":"summary_large_image","schema":{"@context":"https:\/\/schema.org","@graph":[{"@type":"WebPage","@id":"https:\/\/morahotell.se\/fr\/produkt\/offres-speciales\/early-weekend-spa-lyx-paket-torsdag-lordag\/","url":"https:\/\/morahotell.se\/fr\/produkt\/offres-speciales\/early-weekend-spa-lyx-paket-torsdag-lordag\/","name":"Early Weekend, Spa-Lyx paket torsdag-l\u00f6rdag - Mora Hotell &amp; Spa","isPartOf":{"@id":"https:\/\/morahotell.se\/fr\/#website"},"primaryImageOfPage":{"@id":"https:\/\/morahotell.se\/fr\/produkt\/offres-speciales\/early-weekend-spa-lyx-paket-torsdag-lordag\/#primaryimage"},"image":{"@id":"https:\/\/morahotell.se\/fr\/produkt\/offres-speciales\/early-weekend-spa-lyx-paket-torsdag-lordag\/#primaryimage"},"thumbnailUrl":"https:\/\/morahotell.se\/wp-content\/uploads\/2022\/05\/massage7.jpg","datePublished":"2022-04-29T08:07:55+00:00","dateModified":"2023-05-15T08:41:29+00:00","description":"I detta paket ing\u00e5r det 2 n\u00e4tter i ett av v\u00e5ra Superior-rum, inkl. frukostbuff\u00e9 ing\u00e5r. En 25-minuter valfri spabehandling, fri entr\u00e9 till spa","breadcrumb":{"@id":"https:\/\/morahotell.se\/fr\/produkt\/offres-speciales\/early-weekend-spa-lyx-paket-torsdag-lordag\/#breadcrumb"},"inLanguage":"fr-FR","potentialAction":[{"@type":"ReadAction","target":["https:\/\/morahotell.se\/fr\/produkt\/offres-speciales\/early-weekend-spa-lyx-paket-torsdag-lordag\/"]}]},{"@type":"ImageObject","inLanguage":"fr-FR","@id":"https:\/\/morahotell.se\/fr\/produkt\/offres-speciales\/early-weekend-spa-lyx-paket-torsdag-lordag\/#primaryimage","url":"https:\/\/morahotell.se\/wp-content\/uploads\/2022\/05\/massage7.jpg","contentUrl":"https:\/\/morahotell.se\/wp-content\/uploads\/2022\/05\/massage7.jpg","width":1360,"height":1360,"caption":"massage p\u00e5 mora hotell"},{"@type":"BreadcrumbList","@id":"https:\/\/morahotell.se\/fr\/produkt\/offres-speciales\/early-weekend-spa-lyx-paket-torsdag-lordag\/#breadcrumb","itemListElement":[{"@type":"ListItem","position":1,"name":"Mora hotell","item":"https:\/\/morahotell.se\/fr\/"},{"@type":"ListItem","position":2,"name":"Bokning","item":"https:\/\/morahotell.se\/bokning\/"},{"@type":"ListItem","position":3,"name":"OFFRES SP\u00c9CIALES","item":"https:\/\/morahotell.se\/fr\/produkt-kategori\/offres-speciales\/"},{"@type":"ListItem","position":4,"name":"Early Weekend, Spa-Lyx paket torsdag-l\u00f6rdag"}]},{"@type":"WebSite","@id":"https:\/\/morahotell.se\/fr\/#website","url":"https:\/\/morahotell.se\/fr\/","name":"Mora Hotell &amp; Spa","description":"Fyrstj\u00e4rnigt hotell i Mora, n\u00e4ra Siljan","potentialAction":[{"@type":"SearchAction","target":{"@type":"EntryPoint","urlTemplate":"https:\/\/morahotell.se\/fr\/?s={search_term_string}"},"query-input":{"@type":"PropertyValueSpecification","valueRequired":true,"valueName":"search_term_string"}}],"inLanguage":"fr-FR"}]}},"_links":{"self":[{"href":"https:\/\/morahotell.se\/fr\/wp-json\/wp\/v2\/product\/17245","targetHints":{"allow":["GET"]}}],"collection":[{"href":"https:\/\/morahotell.se\/fr\/wp-json\/wp\/v2\/product"}],"about":[{"href":"https:\/\/morahotell.se\/fr\/wp-json\/wp\/v2\/types\/product"}],"replies":[{"embeddable":true,"href":"https:\/\/morahotell.se\/fr\/wp-json\/wp\/v2\/comments?post=17245"}],"wp:featuredmedia":[{"embeddable":true,"href":"https:\/\/morahotell.se\/fr\/wp-json\/wp\/v2\/media\/16204"}],"wp:attachment":[{"href":"https:\/\/morahotell.se\/fr\/wp-json\/wp\/v2\/media?parent=17245"}],"wp:term":[{"taxonomy":"product_brand","embeddable":true,"href":"https:\/\/morahotell.se\/fr\/wp-json\/wp\/v2\/product_brand?post=17245"},{"taxonomy":"product_cat","embeddable":true,"href":"https:\/\/morahotell.se\/fr\/wp-json\/wp\/v2\/product_cat?post=17245"},{"taxonomy":"product_tag","embeddable":true,"href":"https:\/\/morahotell.se\/fr\/wp-json\/wp\/v2\/product_tag?post=17245"}],"curies":[{"name":"wp","href":"https:\/\/api.w.org\/{rel}","templated":true}]}}