{"id":17241,"date":"2022-04-29T11:21:21","date_gmt":"2022-04-29T09:21:21","guid":{"rendered":"https:\/\/morahotell.se\/produkt\/non%20class\u00e9\/paddla-kajak\/"},"modified":"2026-01-16T17:08:17","modified_gmt":"2026-01-16T16:08:17","slug":"kayak","status":"publish","type":"product","link":"https:\/\/morahotell.se\/fr\/produkt\/nos-activites\/kayak\/","title":{"rendered":"Kayak"},"content":{"rendered":"<p>Rien de mieux pour prendre un bon bain de soleil qu&rsquo;une apr\u00e8s-midi de kayak sur le lac Siljan ! \u00c0 votre retour, reposez-vous autour d&rsquo;un bon d\u00eener accompagn\u00e9 d&rsquo;un verre de vin sur la terrasse.<\/p>\n","protected":false},"excerpt":{"rendered":"<p>D\u00e9couvrez l&rsquo;un des meilleurs c\u00f4t\u00e9s de Dalarna et Mora. Partez en excursion en kayak sur Siljan.<\/p>\n","protected":false},"featured_media":15995,"comment_status":"closed","ping_status":"closed","template":"","meta":{"_acf_changed":false},"product_brand":[],"product_cat":[168,169,163],"product_tag":[166],"class_list":{"0":"post-17241","1":"product","2":"type-product","3":"status-publish","4":"has-post-thumbnail","6":"product_cat-friluftsliv-fr","7":"product_cat-lugna-aktiviteter-fr","8":"product_cat-nos-activites","9":"product_tag-forfragningsprodukt-fr","11":"first","12":"instock","13":"virtual","14":"taxable","15":"purchasable","16":"product-type-simple"},"acf":[],"yoast_head":"<!-- This site is optimized with the Yoast SEO plugin v27.5 - https:\/\/yoast.com\/product\/yoast-seo-wordpress\/ -->\n<title>Kayak - Mora Hotell &amp; Spa<\/title>\n<meta name=\"description\" content=\"Upplev en av Dalarnas och Moras b\u00e4sta sidor. \u00c5k p\u00e5 kajaktur p\u00e5 Siljan. Best\u00e4ll en kaffekorg och njut av en avslappnande dag ute p\u00e5 vattnet.\" \/>\n<meta name=\"robots\" content=\"index, follow, max-snippet:-1, max-image-preview:large, max-video-preview:-1\" \/>\n<link rel=\"canonical\" href=\"https:\/\/morahotell.se\/fr\/produkt\/nos-activites\/kayak\/\" \/>\n<meta property=\"og:locale\" content=\"fr_FR\" \/>\n<meta property=\"og:type\" content=\"article\" \/>\n<meta property=\"og:title\" content=\"Kayak - Mora Hotell &amp; Spa\" \/>\n<meta property=\"og:description\" content=\"Upplev en av Dalarnas och Moras b\u00e4sta sidor. \u00c5k p\u00e5 kajaktur p\u00e5 Siljan. Best\u00e4ll en kaffekorg och njut av en avslappnande dag ute p\u00e5 vattnet.\" \/>\n<meta property=\"og:url\" content=\"https:\/\/morahotell.se\/fr\/produkt\/nos-activites\/kayak\/\" \/>\n<meta property=\"og:site_name\" content=\"Mora Hotell &amp; Spa\" \/>\n<meta property=\"article:modified_time\" content=\"2026-01-16T16:08:17+00:00\" \/>\n<meta property=\"og:image\" content=\"https:\/\/morahotell.se\/wp-content\/uploads\/2022\/04\/shutterstock_492010117-1.jpg\" \/>\n\t<meta property=\"og:image:width\" content=\"1000\" \/>\n\t<meta property=\"og:image:height\" content=\"665\" \/>\n\t<meta property=\"og:image:type\" content=\"image\/jpeg\" \/>\n<meta name=\"twitter:card\" content=\"summary_large_image\" \/>\n<script type=\"application\/ld+json\" class=\"yoast-schema-graph\">{\"@context\":\"https:\\\/\\\/schema.org\",\"@graph\":[{\"@type\":\"WebPage\",\"@id\":\"https:\\\/\\\/morahotell.se\\\/fr\\\/produkt\\\/nos-activites\\\/kayak\\\/\",\"url\":\"https:\\\/\\\/morahotell.se\\\/fr\\\/produkt\\\/nos-activites\\\/kayak\\\/\",\"name\":\"Kayak - Mora Hotell &amp; Spa\",\"isPartOf\":{\"@id\":\"https:\\\/\\\/morahotell.se\\\/fr\\\/#website\"},\"primaryImageOfPage\":{\"@id\":\"https:\\\/\\\/morahotell.se\\\/fr\\\/produkt\\\/nos-activites\\\/kayak\\\/#primaryimage\"},\"image\":{\"@id\":\"https:\\\/\\\/morahotell.se\\\/fr\\\/produkt\\\/nos-activites\\\/kayak\\\/#primaryimage\"},\"thumbnailUrl\":\"https:\\\/\\\/morahotell.se\\\/wp-content\\\/uploads\\\/2022\\\/04\\\/shutterstock_492010117-1.jpg\",\"datePublished\":\"2022-04-29T09:21:21+00:00\",\"dateModified\":\"2026-01-16T16:08:17+00:00\",\"description\":\"Upplev en av Dalarnas och Moras b\u00e4sta sidor. \u00c5k p\u00e5 kajaktur p\u00e5 Siljan. Best\u00e4ll en kaffekorg och njut av en avslappnande dag ute p\u00e5 vattnet.\",\"breadcrumb\":{\"@id\":\"https:\\\/\\\/morahotell.se\\\/fr\\\/produkt\\\/nos-activites\\\/kayak\\\/#breadcrumb\"},\"inLanguage\":\"fr-FR\",\"potentialAction\":[{\"@type\":\"ReadAction\",\"target\":[\"https:\\\/\\\/morahotell.se\\\/fr\\\/produkt\\\/nos-activites\\\/kayak\\\/\"]}]},{\"@type\":\"ImageObject\",\"inLanguage\":\"fr-FR\",\"@id\":\"https:\\\/\\\/morahotell.se\\\/fr\\\/produkt\\\/nos-activites\\\/kayak\\\/#primaryimage\",\"url\":\"https:\\\/\\\/morahotell.se\\\/wp-content\\\/uploads\\\/2022\\\/04\\\/shutterstock_492010117-1.jpg\",\"contentUrl\":\"https:\\\/\\\/morahotell.se\\\/wp-content\\\/uploads\\\/2022\\\/04\\\/shutterstock_492010117-1.jpg\",\"width\":1000,\"height\":665},{\"@type\":\"BreadcrumbList\",\"@id\":\"https:\\\/\\\/morahotell.se\\\/fr\\\/produkt\\\/nos-activites\\\/kayak\\\/#breadcrumb\",\"itemListElement\":[{\"@type\":\"ListItem\",\"position\":1,\"name\":\"Mora hotell\",\"item\":\"https:\\\/\\\/morahotell.se\\\/fr\\\/\"},{\"@type\":\"ListItem\",\"position\":2,\"name\":\"Bokning\",\"item\":\"https:\\\/\\\/morahotell.se\\\/bokning\\\/\"},{\"@type\":\"ListItem\",\"position\":3,\"name\":\"Nos activit\u00e9s\",\"item\":\"https:\\\/\\\/morahotell.se\\\/fr\\\/produkt-kategori\\\/nos-activites\\\/\"},{\"@type\":\"ListItem\",\"position\":4,\"name\":\"Kayak\"}]},{\"@type\":\"WebSite\",\"@id\":\"https:\\\/\\\/morahotell.se\\\/fr\\\/#website\",\"url\":\"https:\\\/\\\/morahotell.se\\\/fr\\\/\",\"name\":\"Mora Hotell &amp; Spa\",\"description\":\"Fyrstj\u00e4rnigt hotell i Mora, n\u00e4ra Siljan\",\"potentialAction\":[{\"@type\":\"SearchAction\",\"target\":{\"@type\":\"EntryPoint\",\"urlTemplate\":\"https:\\\/\\\/morahotell.se\\\/fr\\\/?s={search_term_string}\"},\"query-input\":{\"@type\":\"PropertyValueSpecification\",\"valueRequired\":true,\"valueName\":\"search_term_string\"}}],\"inLanguage\":\"fr-FR\"}]}<\/script>\n<!-- \/ Yoast SEO plugin. -->","yoast_head_json":{"title":"Kayak - Mora Hotell &amp; Spa","description":"Upplev en av Dalarnas och Moras b\u00e4sta sidor. \u00c5k p\u00e5 kajaktur p\u00e5 Siljan. Best\u00e4ll en kaffekorg och njut av en avslappnande dag ute p\u00e5 vattnet.","robots":{"index":"index","follow":"follow","max-snippet":"max-snippet:-1","max-image-preview":"max-image-preview:large","max-video-preview":"max-video-preview:-1"},"canonical":"https:\/\/morahotell.se\/fr\/produkt\/nos-activites\/kayak\/","og_locale":"fr_FR","og_type":"article","og_title":"Kayak - Mora Hotell &amp; Spa","og_description":"Upplev en av Dalarnas och Moras b\u00e4sta sidor. \u00c5k p\u00e5 kajaktur p\u00e5 Siljan. Best\u00e4ll en kaffekorg och njut av en avslappnande dag ute p\u00e5 vattnet.","og_url":"https:\/\/morahotell.se\/fr\/produkt\/nos-activites\/kayak\/","og_site_name":"Mora Hotell &amp; Spa","article_modified_time":"2026-01-16T16:08:17+00:00","og_image":[{"width":1000,"height":665,"url":"https:\/\/morahotell.se\/wp-content\/uploads\/2022\/04\/shutterstock_492010117-1.jpg","type":"image\/jpeg"}],"twitter_card":"summary_large_image","schema":{"@context":"https:\/\/schema.org","@graph":[{"@type":"WebPage","@id":"https:\/\/morahotell.se\/fr\/produkt\/nos-activites\/kayak\/","url":"https:\/\/morahotell.se\/fr\/produkt\/nos-activites\/kayak\/","name":"Kayak - Mora Hotell &amp; Spa","isPartOf":{"@id":"https:\/\/morahotell.se\/fr\/#website"},"primaryImageOfPage":{"@id":"https:\/\/morahotell.se\/fr\/produkt\/nos-activites\/kayak\/#primaryimage"},"image":{"@id":"https:\/\/morahotell.se\/fr\/produkt\/nos-activites\/kayak\/#primaryimage"},"thumbnailUrl":"https:\/\/morahotell.se\/wp-content\/uploads\/2022\/04\/shutterstock_492010117-1.jpg","datePublished":"2022-04-29T09:21:21+00:00","dateModified":"2026-01-16T16:08:17+00:00","description":"Upplev en av Dalarnas och Moras b\u00e4sta sidor. \u00c5k p\u00e5 kajaktur p\u00e5 Siljan. Best\u00e4ll en kaffekorg och njut av en avslappnande dag ute p\u00e5 vattnet.","breadcrumb":{"@id":"https:\/\/morahotell.se\/fr\/produkt\/nos-activites\/kayak\/#breadcrumb"},"inLanguage":"fr-FR","potentialAction":[{"@type":"ReadAction","target":["https:\/\/morahotell.se\/fr\/produkt\/nos-activites\/kayak\/"]}]},{"@type":"ImageObject","inLanguage":"fr-FR","@id":"https:\/\/morahotell.se\/fr\/produkt\/nos-activites\/kayak\/#primaryimage","url":"https:\/\/morahotell.se\/wp-content\/uploads\/2022\/04\/shutterstock_492010117-1.jpg","contentUrl":"https:\/\/morahotell.se\/wp-content\/uploads\/2022\/04\/shutterstock_492010117-1.jpg","width":1000,"height":665},{"@type":"BreadcrumbList","@id":"https:\/\/morahotell.se\/fr\/produkt\/nos-activites\/kayak\/#breadcrumb","itemListElement":[{"@type":"ListItem","position":1,"name":"Mora hotell","item":"https:\/\/morahotell.se\/fr\/"},{"@type":"ListItem","position":2,"name":"Bokning","item":"https:\/\/morahotell.se\/bokning\/"},{"@type":"ListItem","position":3,"name":"Nos activit\u00e9s","item":"https:\/\/morahotell.se\/fr\/produkt-kategori\/nos-activites\/"},{"@type":"ListItem","position":4,"name":"Kayak"}]},{"@type":"WebSite","@id":"https:\/\/morahotell.se\/fr\/#website","url":"https:\/\/morahotell.se\/fr\/","name":"Mora Hotell &amp; Spa","description":"Fyrstj\u00e4rnigt hotell i Mora, n\u00e4ra Siljan","potentialAction":[{"@type":"SearchAction","target":{"@type":"EntryPoint","urlTemplate":"https:\/\/morahotell.se\/fr\/?s={search_term_string}"},"query-input":{"@type":"PropertyValueSpecification","valueRequired":true,"valueName":"search_term_string"}}],"inLanguage":"fr-FR"}]}},"_links":{"self":[{"href":"https:\/\/morahotell.se\/fr\/wp-json\/wp\/v2\/product\/17241","targetHints":{"allow":["GET"]}}],"collection":[{"href":"https:\/\/morahotell.se\/fr\/wp-json\/wp\/v2\/product"}],"about":[{"href":"https:\/\/morahotell.se\/fr\/wp-json\/wp\/v2\/types\/product"}],"replies":[{"embeddable":true,"href":"https:\/\/morahotell.se\/fr\/wp-json\/wp\/v2\/comments?post=17241"}],"wp:featuredmedia":[{"embeddable":true,"href":"https:\/\/morahotell.se\/fr\/wp-json\/wp\/v2\/media\/15995"}],"wp:attachment":[{"href":"https:\/\/morahotell.se\/fr\/wp-json\/wp\/v2\/media?parent=17241"}],"wp:term":[{"taxonomy":"product_brand","embeddable":true,"href":"https:\/\/morahotell.se\/fr\/wp-json\/wp\/v2\/product_brand?post=17241"},{"taxonomy":"product_cat","embeddable":true,"href":"https:\/\/morahotell.se\/fr\/wp-json\/wp\/v2\/product_cat?post=17241"},{"taxonomy":"product_tag","embeddable":true,"href":"https:\/\/morahotell.se\/fr\/wp-json\/wp\/v2\/product_tag?post=17241"}],"curies":[{"name":"wp","href":"https:\/\/api.w.org\/{rel}","templated":true}]}}