{"id":17237,"date":"2022-04-29T11:12:31","date_gmt":"2022-04-29T09:12:31","guid":{"rendered":"https:\/\/morahotell.se\/produkt\/non%20class\u00e9\/lerduveskytte\/"},"modified":"2023-05-15T10:34:56","modified_gmt":"2023-05-15T08:34:56","slug":"tir-aux-pigeons","status":"publish","type":"product","link":"https:\/\/morahotell.se\/fr\/produkt\/nos-activites\/tir-aux-pigeons\/","title":{"rendered":"Tir aux pigeons"},"content":{"rendered":"<p>Une activit\u00e9 insolite pour \u00e9gayer votre s\u00e9minaire d&rsquo;entreprise, ou pour votre groupe d&rsquo;amis !<\/p>\n<p>Tir aux pigeons 750 SEK par personne, groupe de 4 personnes minimum, inclus transport et munitions<\/p>\n","protected":false},"excerpt":{"rendered":"<p>Une activit\u00e9 ludique pour la conf\u00e9rence ou en priv\u00e9<\/p>\n<p>Tir au pigeon d&rsquo;argile 750 \/pers minimum 4 pers. y compris le transport et les munitions<\/p>\n","protected":false},"featured_media":15875,"comment_status":"closed","ping_status":"closed","template":"","meta":{"_acf_changed":false},"product_brand":[],"product_cat":[170,168,163],"product_tag":[172,166],"class_list":{"0":"post-17237","1":"product","2":"type-product","3":"status-publish","4":"has-post-thumbnail","6":"product_cat-fart-och-flakt-fr","7":"product_cat-friluftsliv-fr","8":"product_cat-nos-activites","9":"product_tag-aktiviteter-startsidan-fr","10":"product_tag-forfragningsprodukt-fr","12":"first","13":"instock","14":"virtual","15":"taxable","16":"purchasable","17":"product-type-simple"},"acf":[],"yoast_head":"<!-- This site is optimized with the Yoast SEO plugin v26.5 - https:\/\/yoast.com\/wordpress\/plugins\/seo\/ -->\n<title>Tir aux pigeons - Mora Hotell &amp; Spa<\/title>\n<meta name=\"description\" content=\"En rolig aktivitet f\u00f6r konferensen eller som privatperson. Lerduveskytte 750 \/pers, minimum 4 pers. inkl transport och ammunition.\" \/>\n<meta name=\"robots\" content=\"index, follow, max-snippet:-1, max-image-preview:large, max-video-preview:-1\" \/>\n<link rel=\"canonical\" href=\"https:\/\/morahotell.se\/fr\/produkt\/nos-activites\/tir-aux-pigeons\/\" \/>\n<meta property=\"og:locale\" content=\"fr_FR\" \/>\n<meta property=\"og:type\" content=\"article\" \/>\n<meta property=\"og:title\" content=\"Tir aux pigeons - Mora Hotell &amp; Spa\" \/>\n<meta property=\"og:description\" content=\"En rolig aktivitet f\u00f6r konferensen eller som privatperson. Lerduveskytte 750 \/pers, minimum 4 pers. inkl transport och ammunition.\" \/>\n<meta property=\"og:url\" content=\"https:\/\/morahotell.se\/fr\/produkt\/nos-activites\/tir-aux-pigeons\/\" \/>\n<meta property=\"og:site_name\" content=\"Mora Hotell &amp; Spa\" \/>\n<meta property=\"article:modified_time\" content=\"2023-05-15T08:34:56+00:00\" \/>\n<meta property=\"og:image\" content=\"https:\/\/morahotell.se\/wp-content\/uploads\/2022\/04\/lerduvskytte-1.jpg\" \/>\n\t<meta property=\"og:image:width\" content=\"2200\" \/>\n\t<meta property=\"og:image:height\" content=\"1238\" \/>\n\t<meta property=\"og:image:type\" content=\"image\/jpeg\" \/>\n<meta name=\"twitter:card\" content=\"summary_large_image\" \/>\n<script type=\"application\/ld+json\" class=\"yoast-schema-graph\">{\"@context\":\"https:\/\/schema.org\",\"@graph\":[{\"@type\":\"WebPage\",\"@id\":\"https:\/\/morahotell.se\/fr\/produkt\/nos-activites\/tir-aux-pigeons\/\",\"url\":\"https:\/\/morahotell.se\/fr\/produkt\/nos-activites\/tir-aux-pigeons\/\",\"name\":\"Tir aux pigeons - Mora Hotell &amp; Spa\",\"isPartOf\":{\"@id\":\"https:\/\/morahotell.se\/fr\/#website\"},\"primaryImageOfPage\":{\"@id\":\"https:\/\/morahotell.se\/fr\/produkt\/nos-activites\/tir-aux-pigeons\/#primaryimage\"},\"image\":{\"@id\":\"https:\/\/morahotell.se\/fr\/produkt\/nos-activites\/tir-aux-pigeons\/#primaryimage\"},\"thumbnailUrl\":\"https:\/\/morahotell.se\/wp-content\/uploads\/2022\/04\/lerduvskytte-1.jpg\",\"datePublished\":\"2022-04-29T09:12:31+00:00\",\"dateModified\":\"2023-05-15T08:34:56+00:00\",\"description\":\"En rolig aktivitet f\u00f6r konferensen eller som privatperson. Lerduveskytte 750 \/pers, minimum 4 pers. inkl transport och ammunition.\",\"breadcrumb\":{\"@id\":\"https:\/\/morahotell.se\/fr\/produkt\/nos-activites\/tir-aux-pigeons\/#breadcrumb\"},\"inLanguage\":\"fr-FR\",\"potentialAction\":[{\"@type\":\"ReadAction\",\"target\":[\"https:\/\/morahotell.se\/fr\/produkt\/nos-activites\/tir-aux-pigeons\/\"]}]},{\"@type\":\"ImageObject\",\"inLanguage\":\"fr-FR\",\"@id\":\"https:\/\/morahotell.se\/fr\/produkt\/nos-activites\/tir-aux-pigeons\/#primaryimage\",\"url\":\"https:\/\/morahotell.se\/wp-content\/uploads\/2022\/04\/lerduvskytte-1.jpg\",\"contentUrl\":\"https:\/\/morahotell.se\/wp-content\/uploads\/2022\/04\/lerduvskytte-1.jpg\",\"width\":2200,\"height\":1238},{\"@type\":\"BreadcrumbList\",\"@id\":\"https:\/\/morahotell.se\/fr\/produkt\/nos-activites\/tir-aux-pigeons\/#breadcrumb\",\"itemListElement\":[{\"@type\":\"ListItem\",\"position\":1,\"name\":\"Mora hotell\",\"item\":\"https:\/\/morahotell.se\/fr\/\"},{\"@type\":\"ListItem\",\"position\":2,\"name\":\"Bokning\",\"item\":\"https:\/\/morahotell.se\/bokning\/\"},{\"@type\":\"ListItem\",\"position\":3,\"name\":\"Nos activit\u00e9s\",\"item\":\"https:\/\/morahotell.se\/fr\/produkt-kategori\/nos-activites\/\"},{\"@type\":\"ListItem\",\"position\":4,\"name\":\"Tir aux pigeons\"}]},{\"@type\":\"WebSite\",\"@id\":\"https:\/\/morahotell.se\/fr\/#website\",\"url\":\"https:\/\/morahotell.se\/fr\/\",\"name\":\"Mora Hotell &amp; Spa\",\"description\":\"Fyrstj\u00e4rnigt hotell i Mora, n\u00e4ra Siljan\",\"potentialAction\":[{\"@type\":\"SearchAction\",\"target\":{\"@type\":\"EntryPoint\",\"urlTemplate\":\"https:\/\/morahotell.se\/fr\/?s={search_term_string}\"},\"query-input\":{\"@type\":\"PropertyValueSpecification\",\"valueRequired\":true,\"valueName\":\"search_term_string\"}}],\"inLanguage\":\"fr-FR\"}]}<\/script>\n<!-- \/ Yoast SEO plugin. -->","yoast_head_json":{"title":"Tir aux pigeons - Mora Hotell &amp; Spa","description":"En rolig aktivitet f\u00f6r konferensen eller som privatperson. Lerduveskytte 750 \/pers, minimum 4 pers. inkl transport och ammunition.","robots":{"index":"index","follow":"follow","max-snippet":"max-snippet:-1","max-image-preview":"max-image-preview:large","max-video-preview":"max-video-preview:-1"},"canonical":"https:\/\/morahotell.se\/fr\/produkt\/nos-activites\/tir-aux-pigeons\/","og_locale":"fr_FR","og_type":"article","og_title":"Tir aux pigeons - Mora Hotell &amp; Spa","og_description":"En rolig aktivitet f\u00f6r konferensen eller som privatperson. Lerduveskytte 750 \/pers, minimum 4 pers. inkl transport och ammunition.","og_url":"https:\/\/morahotell.se\/fr\/produkt\/nos-activites\/tir-aux-pigeons\/","og_site_name":"Mora Hotell &amp; Spa","article_modified_time":"2023-05-15T08:34:56+00:00","og_image":[{"width":2200,"height":1238,"url":"https:\/\/morahotell.se\/wp-content\/uploads\/2022\/04\/lerduvskytte-1.jpg","type":"image\/jpeg"}],"twitter_card":"summary_large_image","schema":{"@context":"https:\/\/schema.org","@graph":[{"@type":"WebPage","@id":"https:\/\/morahotell.se\/fr\/produkt\/nos-activites\/tir-aux-pigeons\/","url":"https:\/\/morahotell.se\/fr\/produkt\/nos-activites\/tir-aux-pigeons\/","name":"Tir aux pigeons - Mora Hotell &amp; Spa","isPartOf":{"@id":"https:\/\/morahotell.se\/fr\/#website"},"primaryImageOfPage":{"@id":"https:\/\/morahotell.se\/fr\/produkt\/nos-activites\/tir-aux-pigeons\/#primaryimage"},"image":{"@id":"https:\/\/morahotell.se\/fr\/produkt\/nos-activites\/tir-aux-pigeons\/#primaryimage"},"thumbnailUrl":"https:\/\/morahotell.se\/wp-content\/uploads\/2022\/04\/lerduvskytte-1.jpg","datePublished":"2022-04-29T09:12:31+00:00","dateModified":"2023-05-15T08:34:56+00:00","description":"En rolig aktivitet f\u00f6r konferensen eller som privatperson. Lerduveskytte 750 \/pers, minimum 4 pers. inkl transport och ammunition.","breadcrumb":{"@id":"https:\/\/morahotell.se\/fr\/produkt\/nos-activites\/tir-aux-pigeons\/#breadcrumb"},"inLanguage":"fr-FR","potentialAction":[{"@type":"ReadAction","target":["https:\/\/morahotell.se\/fr\/produkt\/nos-activites\/tir-aux-pigeons\/"]}]},{"@type":"ImageObject","inLanguage":"fr-FR","@id":"https:\/\/morahotell.se\/fr\/produkt\/nos-activites\/tir-aux-pigeons\/#primaryimage","url":"https:\/\/morahotell.se\/wp-content\/uploads\/2022\/04\/lerduvskytte-1.jpg","contentUrl":"https:\/\/morahotell.se\/wp-content\/uploads\/2022\/04\/lerduvskytte-1.jpg","width":2200,"height":1238},{"@type":"BreadcrumbList","@id":"https:\/\/morahotell.se\/fr\/produkt\/nos-activites\/tir-aux-pigeons\/#breadcrumb","itemListElement":[{"@type":"ListItem","position":1,"name":"Mora hotell","item":"https:\/\/morahotell.se\/fr\/"},{"@type":"ListItem","position":2,"name":"Bokning","item":"https:\/\/morahotell.se\/bokning\/"},{"@type":"ListItem","position":3,"name":"Nos activit\u00e9s","item":"https:\/\/morahotell.se\/fr\/produkt-kategori\/nos-activites\/"},{"@type":"ListItem","position":4,"name":"Tir aux pigeons"}]},{"@type":"WebSite","@id":"https:\/\/morahotell.se\/fr\/#website","url":"https:\/\/morahotell.se\/fr\/","name":"Mora Hotell &amp; Spa","description":"Fyrstj\u00e4rnigt hotell i Mora, n\u00e4ra Siljan","potentialAction":[{"@type":"SearchAction","target":{"@type":"EntryPoint","urlTemplate":"https:\/\/morahotell.se\/fr\/?s={search_term_string}"},"query-input":{"@type":"PropertyValueSpecification","valueRequired":true,"valueName":"search_term_string"}}],"inLanguage":"fr-FR"}]}},"_links":{"self":[{"href":"https:\/\/morahotell.se\/fr\/wp-json\/wp\/v2\/product\/17237","targetHints":{"allow":["GET"]}}],"collection":[{"href":"https:\/\/morahotell.se\/fr\/wp-json\/wp\/v2\/product"}],"about":[{"href":"https:\/\/morahotell.se\/fr\/wp-json\/wp\/v2\/types\/product"}],"replies":[{"embeddable":true,"href":"https:\/\/morahotell.se\/fr\/wp-json\/wp\/v2\/comments?post=17237"}],"wp:featuredmedia":[{"embeddable":true,"href":"https:\/\/morahotell.se\/fr\/wp-json\/wp\/v2\/media\/15875"}],"wp:attachment":[{"href":"https:\/\/morahotell.se\/fr\/wp-json\/wp\/v2\/media?parent=17237"}],"wp:term":[{"taxonomy":"product_brand","embeddable":true,"href":"https:\/\/morahotell.se\/fr\/wp-json\/wp\/v2\/product_brand?post=17237"},{"taxonomy":"product_cat","embeddable":true,"href":"https:\/\/morahotell.se\/fr\/wp-json\/wp\/v2\/product_cat?post=17237"},{"taxonomy":"product_tag","embeddable":true,"href":"https:\/\/morahotell.se\/fr\/wp-json\/wp\/v2\/product_tag?post=17237"}],"curies":[{"name":"wp","href":"https:\/\/api.w.org\/{rel}","templated":true}]}}