{"id":17230,"date":"2022-04-29T11:44:58","date_gmt":"2022-04-29T09:44:58","guid":{"rendered":"https:\/\/morahotell.se\/produkt\/non%20class\u00e9\/provning-av-champagne-mousserande-vin\/"},"modified":"2023-05-15T10:29:37","modified_gmt":"2023-05-15T08:29:37","slug":"provning-av-champagne-mousserande-vin","status":"publish","type":"product","link":"https:\/\/morahotell.se\/fr\/produkt\/dryck-smak-fr\/provning-av-champagne-mousserande-vin\/","title":{"rendered":"Provning av champagne\/mousserande vin"},"content":{"rendered":"<p>Mettez un peu de bulles dans votre s\u00e9jour ! Cette d\u00e9gustation inclut un cours rapide prodigu\u00e9 par notre sommelier ainsi qu&rsquo;un amuse-bouche l\u00e9ger. Vous d\u00e9gustez cinq sortes de vins diff\u00e9rents.<\/p>\n","protected":false},"excerpt":{"rendered":"<p>Mettez un peu de bulles dans votre s\u00e9jour ! Cette d\u00e9gustation inclut un cours rapide prodigu\u00e9 par notre sommelier ainsi qu&rsquo;un amuse-bouche l\u00e9ger. Vous d\u00e9gustez cinq sortes de vins diff\u00e9rents.<\/p>\n","protected":false},"featured_media":16186,"comment_status":"closed","ping_status":"closed","template":"","meta":{"_acf_changed":false},"product_brand":[],"product_cat":[171],"product_tag":[166],"class_list":{"0":"post-17230","1":"product","2":"type-product","3":"status-publish","4":"has-post-thumbnail","6":"product_cat-dryck-smak-fr","7":"product_tag-forfragningsprodukt-fr","9":"first","10":"instock","11":"virtual","12":"taxable","13":"purchasable","14":"product-type-simple"},"acf":[],"yoast_head":"<!-- This site is optimized with the Yoast SEO plugin v27.5 - https:\/\/yoast.com\/product\/yoast-seo-wordpress\/ -->\n<title>Provning av champagne\/mousserande vin - Mora Hotell &amp; Spa<\/title>\n<meta name=\"description\" content=\"Prova \u00e4dla mousserande drycker. I denna provning ing\u00e5r f\u00f6rel\u00e4sning av sommelier och l\u00e4tt tilltugg. Fem olika sorters dryck provas.\" \/>\n<meta name=\"robots\" content=\"index, follow, max-snippet:-1, max-image-preview:large, max-video-preview:-1\" \/>\n<link rel=\"canonical\" href=\"https:\/\/morahotell.se\/fr\/produkt\/dryck-smak-fr\/provning-av-champagne-mousserande-vin\/\" \/>\n<meta property=\"og:locale\" content=\"fr_FR\" \/>\n<meta property=\"og:type\" content=\"article\" \/>\n<meta property=\"og:title\" content=\"Provning av champagne\/mousserande vin - Mora Hotell &amp; Spa\" \/>\n<meta property=\"og:description\" content=\"Prova \u00e4dla mousserande drycker. I denna provning ing\u00e5r f\u00f6rel\u00e4sning av sommelier och l\u00e4tt tilltugg. Fem olika sorters dryck provas.\" \/>\n<meta property=\"og:url\" content=\"https:\/\/morahotell.se\/fr\/produkt\/dryck-smak-fr\/provning-av-champagne-mousserande-vin\/\" \/>\n<meta property=\"og:site_name\" content=\"Mora Hotell &amp; Spa\" \/>\n<meta property=\"article:modified_time\" content=\"2023-05-15T08:29:37+00:00\" \/>\n<meta property=\"og:image\" content=\"https:\/\/morahotell.se\/wp-content\/uploads\/2022\/04\/Ha\u030all-glaset-ra\u0308tt-vitt-vin.jpg\" \/>\n\t<meta property=\"og:image:width\" content=\"2200\" \/>\n\t<meta property=\"og:image:height\" content=\"1467\" \/>\n\t<meta property=\"og:image:type\" content=\"image\/jpeg\" \/>\n<meta name=\"twitter:card\" content=\"summary_large_image\" \/>\n<meta name=\"twitter:label1\" content=\"Dur\u00e9e de lecture estim\u00e9e\" \/>\n\t<meta name=\"twitter:data1\" content=\"1 minute\" \/>\n<script type=\"application\/ld+json\" class=\"yoast-schema-graph\">{\"@context\":\"https:\\\/\\\/schema.org\",\"@graph\":[{\"@type\":\"WebPage\",\"@id\":\"https:\\\/\\\/morahotell.se\\\/fr\\\/produkt\\\/dryck-smak-fr\\\/provning-av-champagne-mousserande-vin\\\/\",\"url\":\"https:\\\/\\\/morahotell.se\\\/fr\\\/produkt\\\/dryck-smak-fr\\\/provning-av-champagne-mousserande-vin\\\/\",\"name\":\"Provning av champagne\\\/mousserande vin - Mora Hotell &amp; Spa\",\"isPartOf\":{\"@id\":\"https:\\\/\\\/morahotell.se\\\/fr\\\/#website\"},\"primaryImageOfPage\":{\"@id\":\"https:\\\/\\\/morahotell.se\\\/fr\\\/produkt\\\/dryck-smak-fr\\\/provning-av-champagne-mousserande-vin\\\/#primaryimage\"},\"image\":{\"@id\":\"https:\\\/\\\/morahotell.se\\\/fr\\\/produkt\\\/dryck-smak-fr\\\/provning-av-champagne-mousserande-vin\\\/#primaryimage\"},\"thumbnailUrl\":\"https:\\\/\\\/morahotell.se\\\/wp-content\\\/uploads\\\/2022\\\/04\\\/Ha\u030all-glaset-ra\u0308tt-vitt-vin.jpg\",\"datePublished\":\"2022-04-29T09:44:58+00:00\",\"dateModified\":\"2023-05-15T08:29:37+00:00\",\"description\":\"Prova \u00e4dla mousserande drycker. I denna provning ing\u00e5r f\u00f6rel\u00e4sning av sommelier och l\u00e4tt tilltugg. Fem olika sorters dryck provas.\",\"breadcrumb\":{\"@id\":\"https:\\\/\\\/morahotell.se\\\/fr\\\/produkt\\\/dryck-smak-fr\\\/provning-av-champagne-mousserande-vin\\\/#breadcrumb\"},\"inLanguage\":\"fr-FR\",\"potentialAction\":[{\"@type\":\"ReadAction\",\"target\":[\"https:\\\/\\\/morahotell.se\\\/fr\\\/produkt\\\/dryck-smak-fr\\\/provning-av-champagne-mousserande-vin\\\/\"]}]},{\"@type\":\"ImageObject\",\"inLanguage\":\"fr-FR\",\"@id\":\"https:\\\/\\\/morahotell.se\\\/fr\\\/produkt\\\/dryck-smak-fr\\\/provning-av-champagne-mousserande-vin\\\/#primaryimage\",\"url\":\"https:\\\/\\\/morahotell.se\\\/wp-content\\\/uploads\\\/2022\\\/04\\\/Ha\u030all-glaset-ra\u0308tt-vitt-vin.jpg\",\"contentUrl\":\"https:\\\/\\\/morahotell.se\\\/wp-content\\\/uploads\\\/2022\\\/04\\\/Ha\u030all-glaset-ra\u0308tt-vitt-vin.jpg\",\"width\":2200,\"height\":1467,\"caption\":\"glad tjej p\u00e5 Mora hotell\"},{\"@type\":\"BreadcrumbList\",\"@id\":\"https:\\\/\\\/morahotell.se\\\/fr\\\/produkt\\\/dryck-smak-fr\\\/provning-av-champagne-mousserande-vin\\\/#breadcrumb\",\"itemListElement\":[{\"@type\":\"ListItem\",\"position\":1,\"name\":\"Mora hotell\",\"item\":\"https:\\\/\\\/morahotell.se\\\/fr\\\/\"},{\"@type\":\"ListItem\",\"position\":2,\"name\":\"Bokning\",\"item\":\"https:\\\/\\\/morahotell.se\\\/bokning\\\/\"},{\"@type\":\"ListItem\",\"position\":3,\"name\":\"Nos activit\u00e9s\",\"item\":\"https:\\\/\\\/morahotell.se\\\/fr\\\/produkt-kategori\\\/nos-activites\\\/\"},{\"@type\":\"ListItem\",\"position\":4,\"name\":\"Dryck &amp; smak\",\"item\":\"https:\\\/\\\/morahotell.se\\\/fr\\\/produkt-kategori\\\/dryck-smak-fr\\\/\"},{\"@type\":\"ListItem\",\"position\":5,\"name\":\"Provning av champagne\\\/mousserande vin\"}]},{\"@type\":\"WebSite\",\"@id\":\"https:\\\/\\\/morahotell.se\\\/fr\\\/#website\",\"url\":\"https:\\\/\\\/morahotell.se\\\/fr\\\/\",\"name\":\"Mora Hotell &amp; Spa\",\"description\":\"Fyrstj\u00e4rnigt hotell i Mora, n\u00e4ra Siljan\",\"potentialAction\":[{\"@type\":\"SearchAction\",\"target\":{\"@type\":\"EntryPoint\",\"urlTemplate\":\"https:\\\/\\\/morahotell.se\\\/fr\\\/?s={search_term_string}\"},\"query-input\":{\"@type\":\"PropertyValueSpecification\",\"valueRequired\":true,\"valueName\":\"search_term_string\"}}],\"inLanguage\":\"fr-FR\"}]}<\/script>\n<!-- \/ Yoast SEO plugin. -->","yoast_head_json":{"title":"Provning av champagne\/mousserande vin - Mora Hotell &amp; Spa","description":"Prova \u00e4dla mousserande drycker. I denna provning ing\u00e5r f\u00f6rel\u00e4sning av sommelier och l\u00e4tt tilltugg. Fem olika sorters dryck provas.","robots":{"index":"index","follow":"follow","max-snippet":"max-snippet:-1","max-image-preview":"max-image-preview:large","max-video-preview":"max-video-preview:-1"},"canonical":"https:\/\/morahotell.se\/fr\/produkt\/dryck-smak-fr\/provning-av-champagne-mousserande-vin\/","og_locale":"fr_FR","og_type":"article","og_title":"Provning av champagne\/mousserande vin - Mora Hotell &amp; Spa","og_description":"Prova \u00e4dla mousserande drycker. I denna provning ing\u00e5r f\u00f6rel\u00e4sning av sommelier och l\u00e4tt tilltugg. Fem olika sorters dryck provas.","og_url":"https:\/\/morahotell.se\/fr\/produkt\/dryck-smak-fr\/provning-av-champagne-mousserande-vin\/","og_site_name":"Mora Hotell &amp; Spa","article_modified_time":"2023-05-15T08:29:37+00:00","og_image":[{"width":2200,"height":1467,"url":"https:\/\/morahotell.se\/wp-content\/uploads\/2022\/04\/Ha\u030all-glaset-ra\u0308tt-vitt-vin.jpg","type":"image\/jpeg"}],"twitter_card":"summary_large_image","twitter_misc":{"Dur\u00e9e de lecture estim\u00e9e":"1 minute"},"schema":{"@context":"https:\/\/schema.org","@graph":[{"@type":"WebPage","@id":"https:\/\/morahotell.se\/fr\/produkt\/dryck-smak-fr\/provning-av-champagne-mousserande-vin\/","url":"https:\/\/morahotell.se\/fr\/produkt\/dryck-smak-fr\/provning-av-champagne-mousserande-vin\/","name":"Provning av champagne\/mousserande vin - Mora Hotell &amp; Spa","isPartOf":{"@id":"https:\/\/morahotell.se\/fr\/#website"},"primaryImageOfPage":{"@id":"https:\/\/morahotell.se\/fr\/produkt\/dryck-smak-fr\/provning-av-champagne-mousserande-vin\/#primaryimage"},"image":{"@id":"https:\/\/morahotell.se\/fr\/produkt\/dryck-smak-fr\/provning-av-champagne-mousserande-vin\/#primaryimage"},"thumbnailUrl":"https:\/\/morahotell.se\/wp-content\/uploads\/2022\/04\/Ha\u030all-glaset-ra\u0308tt-vitt-vin.jpg","datePublished":"2022-04-29T09:44:58+00:00","dateModified":"2023-05-15T08:29:37+00:00","description":"Prova \u00e4dla mousserande drycker. I denna provning ing\u00e5r f\u00f6rel\u00e4sning av sommelier och l\u00e4tt tilltugg. Fem olika sorters dryck provas.","breadcrumb":{"@id":"https:\/\/morahotell.se\/fr\/produkt\/dryck-smak-fr\/provning-av-champagne-mousserande-vin\/#breadcrumb"},"inLanguage":"fr-FR","potentialAction":[{"@type":"ReadAction","target":["https:\/\/morahotell.se\/fr\/produkt\/dryck-smak-fr\/provning-av-champagne-mousserande-vin\/"]}]},{"@type":"ImageObject","inLanguage":"fr-FR","@id":"https:\/\/morahotell.se\/fr\/produkt\/dryck-smak-fr\/provning-av-champagne-mousserande-vin\/#primaryimage","url":"https:\/\/morahotell.se\/wp-content\/uploads\/2022\/04\/Ha\u030all-glaset-ra\u0308tt-vitt-vin.jpg","contentUrl":"https:\/\/morahotell.se\/wp-content\/uploads\/2022\/04\/Ha\u030all-glaset-ra\u0308tt-vitt-vin.jpg","width":2200,"height":1467,"caption":"glad tjej p\u00e5 Mora hotell"},{"@type":"BreadcrumbList","@id":"https:\/\/morahotell.se\/fr\/produkt\/dryck-smak-fr\/provning-av-champagne-mousserande-vin\/#breadcrumb","itemListElement":[{"@type":"ListItem","position":1,"name":"Mora hotell","item":"https:\/\/morahotell.se\/fr\/"},{"@type":"ListItem","position":2,"name":"Bokning","item":"https:\/\/morahotell.se\/bokning\/"},{"@type":"ListItem","position":3,"name":"Nos activit\u00e9s","item":"https:\/\/morahotell.se\/fr\/produkt-kategori\/nos-activites\/"},{"@type":"ListItem","position":4,"name":"Dryck &amp; smak","item":"https:\/\/morahotell.se\/fr\/produkt-kategori\/dryck-smak-fr\/"},{"@type":"ListItem","position":5,"name":"Provning av champagne\/mousserande vin"}]},{"@type":"WebSite","@id":"https:\/\/morahotell.se\/fr\/#website","url":"https:\/\/morahotell.se\/fr\/","name":"Mora Hotell &amp; Spa","description":"Fyrstj\u00e4rnigt hotell i Mora, n\u00e4ra Siljan","potentialAction":[{"@type":"SearchAction","target":{"@type":"EntryPoint","urlTemplate":"https:\/\/morahotell.se\/fr\/?s={search_term_string}"},"query-input":{"@type":"PropertyValueSpecification","valueRequired":true,"valueName":"search_term_string"}}],"inLanguage":"fr-FR"}]}},"_links":{"self":[{"href":"https:\/\/morahotell.se\/fr\/wp-json\/wp\/v2\/product\/17230","targetHints":{"allow":["GET"]}}],"collection":[{"href":"https:\/\/morahotell.se\/fr\/wp-json\/wp\/v2\/product"}],"about":[{"href":"https:\/\/morahotell.se\/fr\/wp-json\/wp\/v2\/types\/product"}],"replies":[{"embeddable":true,"href":"https:\/\/morahotell.se\/fr\/wp-json\/wp\/v2\/comments?post=17230"}],"wp:featuredmedia":[{"embeddable":true,"href":"https:\/\/morahotell.se\/fr\/wp-json\/wp\/v2\/media\/16186"}],"wp:attachment":[{"href":"https:\/\/morahotell.se\/fr\/wp-json\/wp\/v2\/media?parent=17230"}],"wp:term":[{"taxonomy":"product_brand","embeddable":true,"href":"https:\/\/morahotell.se\/fr\/wp-json\/wp\/v2\/product_brand?post=17230"},{"taxonomy":"product_cat","embeddable":true,"href":"https:\/\/morahotell.se\/fr\/wp-json\/wp\/v2\/product_cat?post=17230"},{"taxonomy":"product_tag","embeddable":true,"href":"https:\/\/morahotell.se\/fr\/wp-json\/wp\/v2\/product_tag?post=17230"}],"curies":[{"name":"wp","href":"https:\/\/api.w.org\/{rel}","templated":true}]}}