{"id":17220,"date":"2022-04-29T11:42:27","date_gmt":"2022-04-29T09:42:27","guid":{"rendered":"https:\/\/morahotell.se\/produkt\/non%20class\u00e9\/olprovning\/"},"modified":"2023-05-15T10:13:01","modified_gmt":"2023-05-15T08:13:01","slug":"degustation-de-bieres","status":"publish","type":"product","link":"https:\/\/morahotell.se\/fr\/produkt\/dryck-smak-fr\/degustation-de-bieres\/","title":{"rendered":"D\u00e9gustation de bi\u00e8res"},"content":{"rendered":"<p>Testez nos diff\u00e9rentes bi\u00e8res locales ! Notre carte en propose une quinzaine et elles proviennent toutes de la Dal\u00e9carlie. Certaines sont disponibles \u00e0 la d\u00e9gustation. Cette activit\u00e9 peut s&rsquo;accompagner d&rsquo;une visite de la brasserie locale Mora Bryggeri.<\/p>\n","protected":false},"excerpt":{"rendered":"<p>D\u00e9gustez des boissons nobles et apprenez-en plus \u00e0 leur sujet. Nous avons deux sommeliers talentueux \u00e0 l&rsquo;h\u00f4tel, qui pr\u00e9sentent les boissons. Vous devez \u00eatre au moins quatre personnes pour r\u00e9server une d\u00e9gustation de boissons. Pr\u00e9-r\u00e9servez une d\u00e9gustation de boissons ici.<\/p>\n","protected":false},"featured_media":15722,"comment_status":"closed","ping_status":"closed","template":"","meta":{"_acf_changed":false},"product_brand":[],"product_cat":[171],"product_tag":[166],"class_list":{"0":"post-17220","1":"product","2":"type-product","3":"status-publish","4":"has-post-thumbnail","6":"product_cat-dryck-smak-fr","7":"product_tag-forfragningsprodukt-fr","9":"first","10":"instock","11":"virtual","12":"taxable","13":"purchasable","14":"product-type-simple"},"acf":[],"yoast_head":"<!-- This site is optimized with the Yoast SEO plugin v26.5 - https:\/\/yoast.com\/wordpress\/plugins\/seo\/ -->\n<title>D\u00e9gustation de bi\u00e8res - Mora Hotell &amp; Spa<\/title>\n<meta name=\"description\" content=\"Testa v\u00e5ra lokala \u00f6lsorter. H\u00e4r finns ca 15 sorter fr\u00e5n Dalarna. Ni provar ett antal sorter ur v\u00e5rat sortiment. F\u00f6rboka dryckesprovning h\u00e4r.\" \/>\n<meta name=\"robots\" content=\"index, follow, max-snippet:-1, max-image-preview:large, max-video-preview:-1\" \/>\n<link rel=\"canonical\" href=\"https:\/\/morahotell.se\/fr\/produkt\/dryck-smak-fr\/degustation-de-bieres\/\" \/>\n<meta property=\"og:locale\" content=\"fr_FR\" \/>\n<meta property=\"og:type\" content=\"article\" \/>\n<meta property=\"og:title\" content=\"D\u00e9gustation de bi\u00e8res - Mora Hotell &amp; Spa\" \/>\n<meta property=\"og:description\" content=\"Testa v\u00e5ra lokala \u00f6lsorter. H\u00e4r finns ca 15 sorter fr\u00e5n Dalarna. Ni provar ett antal sorter ur v\u00e5rat sortiment. F\u00f6rboka dryckesprovning h\u00e4r.\" \/>\n<meta property=\"og:url\" content=\"https:\/\/morahotell.se\/fr\/produkt\/dryck-smak-fr\/degustation-de-bieres\/\" \/>\n<meta property=\"og:site_name\" content=\"Mora Hotell &amp; Spa\" \/>\n<meta property=\"article:modified_time\" content=\"2023-05-15T08:13:01+00:00\" \/>\n<meta property=\"og:image\" content=\"https:\/\/morahotell.se\/wp-content\/uploads\/2022\/04\/Bjo\u0308rka-1.jpg\" \/>\n\t<meta property=\"og:image:width\" content=\"1535\" \/>\n\t<meta property=\"og:image:height\" content=\"1063\" \/>\n\t<meta property=\"og:image:type\" content=\"image\/jpeg\" \/>\n<meta name=\"twitter:card\" content=\"summary_large_image\" \/>\n<script type=\"application\/ld+json\" class=\"yoast-schema-graph\">{\"@context\":\"https:\/\/schema.org\",\"@graph\":[{\"@type\":\"WebPage\",\"@id\":\"https:\/\/morahotell.se\/fr\/produkt\/dryck-smak-fr\/degustation-de-bieres\/\",\"url\":\"https:\/\/morahotell.se\/fr\/produkt\/dryck-smak-fr\/degustation-de-bieres\/\",\"name\":\"D\u00e9gustation de bi\u00e8res - Mora Hotell &amp; Spa\",\"isPartOf\":{\"@id\":\"https:\/\/morahotell.se\/fr\/#website\"},\"primaryImageOfPage\":{\"@id\":\"https:\/\/morahotell.se\/fr\/produkt\/dryck-smak-fr\/degustation-de-bieres\/#primaryimage\"},\"image\":{\"@id\":\"https:\/\/morahotell.se\/fr\/produkt\/dryck-smak-fr\/degustation-de-bieres\/#primaryimage\"},\"thumbnailUrl\":\"https:\/\/morahotell.se\/wp-content\/uploads\/2022\/04\/Bjo\u0308rka-1.jpg\",\"datePublished\":\"2022-04-29T09:42:27+00:00\",\"dateModified\":\"2023-05-15T08:13:01+00:00\",\"description\":\"Testa v\u00e5ra lokala \u00f6lsorter. H\u00e4r finns ca 15 sorter fr\u00e5n Dalarna. Ni provar ett antal sorter ur v\u00e5rat sortiment. F\u00f6rboka dryckesprovning h\u00e4r.\",\"breadcrumb\":{\"@id\":\"https:\/\/morahotell.se\/fr\/produkt\/dryck-smak-fr\/degustation-de-bieres\/#breadcrumb\"},\"inLanguage\":\"fr-FR\",\"potentialAction\":[{\"@type\":\"ReadAction\",\"target\":[\"https:\/\/morahotell.se\/fr\/produkt\/dryck-smak-fr\/degustation-de-bieres\/\"]}]},{\"@type\":\"ImageObject\",\"inLanguage\":\"fr-FR\",\"@id\":\"https:\/\/morahotell.se\/fr\/produkt\/dryck-smak-fr\/degustation-de-bieres\/#primaryimage\",\"url\":\"https:\/\/morahotell.se\/wp-content\/uploads\/2022\/04\/Bjo\u0308rka-1.jpg\",\"contentUrl\":\"https:\/\/morahotell.se\/wp-content\/uploads\/2022\/04\/Bjo\u0308rka-1.jpg\",\"width\":1535,\"height\":1063,\"caption\":\"bj\u00f6rka \u00f6l p\u00e5 mora hotell\"},{\"@type\":\"BreadcrumbList\",\"@id\":\"https:\/\/morahotell.se\/fr\/produkt\/dryck-smak-fr\/degustation-de-bieres\/#breadcrumb\",\"itemListElement\":[{\"@type\":\"ListItem\",\"position\":1,\"name\":\"Mora hotell\",\"item\":\"https:\/\/morahotell.se\/fr\/\"},{\"@type\":\"ListItem\",\"position\":2,\"name\":\"Bokning\",\"item\":\"https:\/\/morahotell.se\/bokning\/\"},{\"@type\":\"ListItem\",\"position\":3,\"name\":\"Nos activit\u00e9s\",\"item\":\"https:\/\/morahotell.se\/fr\/produkt-kategori\/nos-activites\/\"},{\"@type\":\"ListItem\",\"position\":4,\"name\":\"Dryck &amp; smak\",\"item\":\"https:\/\/morahotell.se\/fr\/produkt-kategori\/dryck-smak-fr\/\"},{\"@type\":\"ListItem\",\"position\":5,\"name\":\"D\u00e9gustation de bi\u00e8res\"}]},{\"@type\":\"WebSite\",\"@id\":\"https:\/\/morahotell.se\/fr\/#website\",\"url\":\"https:\/\/morahotell.se\/fr\/\",\"name\":\"Mora Hotell &amp; Spa\",\"description\":\"Fyrstj\u00e4rnigt hotell i Mora, n\u00e4ra Siljan\",\"potentialAction\":[{\"@type\":\"SearchAction\",\"target\":{\"@type\":\"EntryPoint\",\"urlTemplate\":\"https:\/\/morahotell.se\/fr\/?s={search_term_string}\"},\"query-input\":{\"@type\":\"PropertyValueSpecification\",\"valueRequired\":true,\"valueName\":\"search_term_string\"}}],\"inLanguage\":\"fr-FR\"}]}<\/script>\n<!-- \/ Yoast SEO plugin. -->","yoast_head_json":{"title":"D\u00e9gustation de bi\u00e8res - Mora Hotell &amp; Spa","description":"Testa v\u00e5ra lokala \u00f6lsorter. H\u00e4r finns ca 15 sorter fr\u00e5n Dalarna. Ni provar ett antal sorter ur v\u00e5rat sortiment. F\u00f6rboka dryckesprovning h\u00e4r.","robots":{"index":"index","follow":"follow","max-snippet":"max-snippet:-1","max-image-preview":"max-image-preview:large","max-video-preview":"max-video-preview:-1"},"canonical":"https:\/\/morahotell.se\/fr\/produkt\/dryck-smak-fr\/degustation-de-bieres\/","og_locale":"fr_FR","og_type":"article","og_title":"D\u00e9gustation de bi\u00e8res - Mora Hotell &amp; Spa","og_description":"Testa v\u00e5ra lokala \u00f6lsorter. H\u00e4r finns ca 15 sorter fr\u00e5n Dalarna. Ni provar ett antal sorter ur v\u00e5rat sortiment. F\u00f6rboka dryckesprovning h\u00e4r.","og_url":"https:\/\/morahotell.se\/fr\/produkt\/dryck-smak-fr\/degustation-de-bieres\/","og_site_name":"Mora Hotell &amp; Spa","article_modified_time":"2023-05-15T08:13:01+00:00","og_image":[{"width":1535,"height":1063,"url":"https:\/\/morahotell.se\/wp-content\/uploads\/2022\/04\/Bjo\u0308rka-1.jpg","type":"image\/jpeg"}],"twitter_card":"summary_large_image","schema":{"@context":"https:\/\/schema.org","@graph":[{"@type":"WebPage","@id":"https:\/\/morahotell.se\/fr\/produkt\/dryck-smak-fr\/degustation-de-bieres\/","url":"https:\/\/morahotell.se\/fr\/produkt\/dryck-smak-fr\/degustation-de-bieres\/","name":"D\u00e9gustation de bi\u00e8res - Mora Hotell &amp; Spa","isPartOf":{"@id":"https:\/\/morahotell.se\/fr\/#website"},"primaryImageOfPage":{"@id":"https:\/\/morahotell.se\/fr\/produkt\/dryck-smak-fr\/degustation-de-bieres\/#primaryimage"},"image":{"@id":"https:\/\/morahotell.se\/fr\/produkt\/dryck-smak-fr\/degustation-de-bieres\/#primaryimage"},"thumbnailUrl":"https:\/\/morahotell.se\/wp-content\/uploads\/2022\/04\/Bjo\u0308rka-1.jpg","datePublished":"2022-04-29T09:42:27+00:00","dateModified":"2023-05-15T08:13:01+00:00","description":"Testa v\u00e5ra lokala \u00f6lsorter. H\u00e4r finns ca 15 sorter fr\u00e5n Dalarna. Ni provar ett antal sorter ur v\u00e5rat sortiment. F\u00f6rboka dryckesprovning h\u00e4r.","breadcrumb":{"@id":"https:\/\/morahotell.se\/fr\/produkt\/dryck-smak-fr\/degustation-de-bieres\/#breadcrumb"},"inLanguage":"fr-FR","potentialAction":[{"@type":"ReadAction","target":["https:\/\/morahotell.se\/fr\/produkt\/dryck-smak-fr\/degustation-de-bieres\/"]}]},{"@type":"ImageObject","inLanguage":"fr-FR","@id":"https:\/\/morahotell.se\/fr\/produkt\/dryck-smak-fr\/degustation-de-bieres\/#primaryimage","url":"https:\/\/morahotell.se\/wp-content\/uploads\/2022\/04\/Bjo\u0308rka-1.jpg","contentUrl":"https:\/\/morahotell.se\/wp-content\/uploads\/2022\/04\/Bjo\u0308rka-1.jpg","width":1535,"height":1063,"caption":"bj\u00f6rka \u00f6l p\u00e5 mora hotell"},{"@type":"BreadcrumbList","@id":"https:\/\/morahotell.se\/fr\/produkt\/dryck-smak-fr\/degustation-de-bieres\/#breadcrumb","itemListElement":[{"@type":"ListItem","position":1,"name":"Mora hotell","item":"https:\/\/morahotell.se\/fr\/"},{"@type":"ListItem","position":2,"name":"Bokning","item":"https:\/\/morahotell.se\/bokning\/"},{"@type":"ListItem","position":3,"name":"Nos activit\u00e9s","item":"https:\/\/morahotell.se\/fr\/produkt-kategori\/nos-activites\/"},{"@type":"ListItem","position":4,"name":"Dryck &amp; smak","item":"https:\/\/morahotell.se\/fr\/produkt-kategori\/dryck-smak-fr\/"},{"@type":"ListItem","position":5,"name":"D\u00e9gustation de bi\u00e8res"}]},{"@type":"WebSite","@id":"https:\/\/morahotell.se\/fr\/#website","url":"https:\/\/morahotell.se\/fr\/","name":"Mora Hotell &amp; Spa","description":"Fyrstj\u00e4rnigt hotell i Mora, n\u00e4ra Siljan","potentialAction":[{"@type":"SearchAction","target":{"@type":"EntryPoint","urlTemplate":"https:\/\/morahotell.se\/fr\/?s={search_term_string}"},"query-input":{"@type":"PropertyValueSpecification","valueRequired":true,"valueName":"search_term_string"}}],"inLanguage":"fr-FR"}]}},"_links":{"self":[{"href":"https:\/\/morahotell.se\/fr\/wp-json\/wp\/v2\/product\/17220","targetHints":{"allow":["GET"]}}],"collection":[{"href":"https:\/\/morahotell.se\/fr\/wp-json\/wp\/v2\/product"}],"about":[{"href":"https:\/\/morahotell.se\/fr\/wp-json\/wp\/v2\/types\/product"}],"replies":[{"embeddable":true,"href":"https:\/\/morahotell.se\/fr\/wp-json\/wp\/v2\/comments?post=17220"}],"wp:featuredmedia":[{"embeddable":true,"href":"https:\/\/morahotell.se\/fr\/wp-json\/wp\/v2\/media\/15722"}],"wp:attachment":[{"href":"https:\/\/morahotell.se\/fr\/wp-json\/wp\/v2\/media?parent=17220"}],"wp:term":[{"taxonomy":"product_brand","embeddable":true,"href":"https:\/\/morahotell.se\/fr\/wp-json\/wp\/v2\/product_brand?post=17220"},{"taxonomy":"product_cat","embeddable":true,"href":"https:\/\/morahotell.se\/fr\/wp-json\/wp\/v2\/product_cat?post=17220"},{"taxonomy":"product_tag","embeddable":true,"href":"https:\/\/morahotell.se\/fr\/wp-json\/wp\/v2\/product_tag?post=17220"}],"curies":[{"name":"wp","href":"https:\/\/api.w.org\/{rel}","templated":true}]}}