{"id":17209,"date":"2022-04-29T10:55:14","date_gmt":"2022-04-29T08:55:14","guid":{"rendered":"https:\/\/morahotell.se\/produkt\/non%20class\u00e9\/trollstigen-en-hinderbana-for-de-sma\/"},"modified":"2023-05-15T09:59:52","modified_gmt":"2023-05-15T07:59:52","slug":"le-sentier-des-trolls-un-parcours-dobstacles-pour-les-plus-petits","status":"publish","type":"product","link":"https:\/\/morahotell.se\/fr\/produkt\/nos-activites\/le-sentier-des-trolls-un-parcours-dobstacles-pour-les-plus-petits\/","title":{"rendered":"Le sentier des Trolls, un parcours d&rsquo;obstacles pour les plus petits"},"content":{"rendered":"<p>\u00ab\u00a0De l&rsquo;autre c\u00f4t\u00e9 du fleuve Dal\u00e4lven se trouve \u00d6stnor, lieu o\u00f9 l&rsquo;artisanat est roi puisqu&rsquo;on fabrique des horloges, des couteaux et des robinets depuis des temps imm\u00e9moriaux. C&rsquo;est \u00e9galement l\u00e0, \u00e0 seulement quelques minutes de l&rsquo;h\u00f4tel, que serpente un parcours d&rsquo;obstacles \u00e0 destination des enfants.<\/p>\n<p>Il s&rsquo;agit d&rsquo;un parcours inspir\u00e9 par les personnages de contes de f\u00e9es, clowns et autres trolls. Demandez \u00e0 la r\u00e9ception, notre personnel vous indiquera comment vous y rendre \u00e0 v\u00e9lo ou en voiture.<\/p>\n<p>AUCUNE R\u00c9SERVATION N\u00c9CESSAIRE \u2013 vous n&rsquo;avez qu&rsquo;\u00e0 vous y rendre&#8230; et vous amuser ! C&rsquo;est gratuit !\u00a0\u00bb<\/p>\n","protected":false},"excerpt":{"rendered":"<p>\u00c0 \u00d6stnor, de l&rsquo;autre c\u00f4t\u00e9 du Dal\u00e4lven, o\u00f9 les horloges, les couteaux et les grues Mora sont fabriqu\u00e9s depuis des temps imm\u00e9moriaux, \u00e0 quelques minutes de l&rsquo;h\u00f4tel se trouve un parcours d&rsquo;obstacles pour les plus petits.<\/p>\n<p>Une promenade avec des clowns et des sentiers de sorciers &#8211; demandez \u00e0 la r\u00e9ception comment vous y rendre en v\u00e9lo ou en voiture<\/p>\n<p>Aucune r\u00e9servation n\u00e9cessaire &#8211; Jouez et amusez-vous!<\/p>\n","protected":false},"featured_media":15871,"comment_status":"closed","ping_status":"closed","template":"","meta":{"_acf_changed":false},"product_brand":[],"product_cat":[170,163],"product_tag":[],"class_list":{"0":"post-17209","1":"product","2":"type-product","3":"status-publish","4":"has-post-thumbnail","6":"product_cat-fart-och-flakt-fr","7":"product_cat-nos-activites","9":"first","10":"instock","11":"taxable","12":"shipping-taxable","13":"product-type-simple"},"acf":[],"yoast_head":"<!-- This site is optimized with the Yoast SEO plugin v26.5 - https:\/\/yoast.com\/wordpress\/plugins\/seo\/ -->\n<title>Le sentier des Trolls, un parcours d&#039;obstacles pour les plus petits - Mora Hotell &amp; Spa<\/title>\n<meta name=\"description\" content=\"I \u00d6stnor p\u00e5 andra sidan Dal\u00e4lven, d\u00e4r Moraklockor, knivar och kranar tillverkas sedan urminnes tider, finns det en hinderbana f\u00f6r de sm\u00e5.\" \/>\n<meta name=\"robots\" content=\"index, follow, max-snippet:-1, max-image-preview:large, max-video-preview:-1\" \/>\n<link rel=\"canonical\" href=\"https:\/\/morahotell.se\/fr\/produkt\/nos-activites\/le-sentier-des-trolls-un-parcours-dobstacles-pour-les-plus-petits\/\" \/>\n<meta property=\"og:locale\" content=\"fr_FR\" \/>\n<meta property=\"og:type\" content=\"article\" \/>\n<meta property=\"og:title\" content=\"Le sentier des Trolls, un parcours d&#039;obstacles pour les plus petits - Mora Hotell &amp; Spa\" \/>\n<meta property=\"og:description\" content=\"I \u00d6stnor p\u00e5 andra sidan Dal\u00e4lven, d\u00e4r Moraklockor, knivar och kranar tillverkas sedan urminnes tider, finns det en hinderbana f\u00f6r de sm\u00e5.\" \/>\n<meta property=\"og:url\" content=\"https:\/\/morahotell.se\/fr\/produkt\/nos-activites\/le-sentier-des-trolls-un-parcours-dobstacles-pour-les-plus-petits\/\" \/>\n<meta property=\"og:site_name\" content=\"Mora Hotell &amp; Spa\" \/>\n<meta property=\"article:modified_time\" content=\"2023-05-15T07:59:52+00:00\" \/>\n<meta property=\"og:image\" content=\"https:\/\/morahotell.se\/wp-content\/uploads\/2022\/04\/lekande-barn-1.jpg\" \/>\n\t<meta property=\"og:image:width\" content=\"1467\" \/>\n\t<meta property=\"og:image:height\" content=\"2200\" \/>\n\t<meta property=\"og:image:type\" content=\"image\/jpeg\" \/>\n<meta name=\"twitter:card\" content=\"summary_large_image\" \/>\n<script type=\"application\/ld+json\" class=\"yoast-schema-graph\">{\"@context\":\"https:\/\/schema.org\",\"@graph\":[{\"@type\":\"WebPage\",\"@id\":\"https:\/\/morahotell.se\/fr\/produkt\/nos-activites\/le-sentier-des-trolls-un-parcours-dobstacles-pour-les-plus-petits\/\",\"url\":\"https:\/\/morahotell.se\/fr\/produkt\/nos-activites\/le-sentier-des-trolls-un-parcours-dobstacles-pour-les-plus-petits\/\",\"name\":\"Le sentier des Trolls, un parcours d'obstacles pour les plus petits - Mora Hotell &amp; Spa\",\"isPartOf\":{\"@id\":\"https:\/\/morahotell.se\/fr\/#website\"},\"primaryImageOfPage\":{\"@id\":\"https:\/\/morahotell.se\/fr\/produkt\/nos-activites\/le-sentier-des-trolls-un-parcours-dobstacles-pour-les-plus-petits\/#primaryimage\"},\"image\":{\"@id\":\"https:\/\/morahotell.se\/fr\/produkt\/nos-activites\/le-sentier-des-trolls-un-parcours-dobstacles-pour-les-plus-petits\/#primaryimage\"},\"thumbnailUrl\":\"https:\/\/morahotell.se\/wp-content\/uploads\/2022\/04\/lekande-barn-1.jpg\",\"datePublished\":\"2022-04-29T08:55:14+00:00\",\"dateModified\":\"2023-05-15T07:59:52+00:00\",\"description\":\"I \u00d6stnor p\u00e5 andra sidan Dal\u00e4lven, d\u00e4r Moraklockor, knivar och kranar tillverkas sedan urminnes tider, finns det en hinderbana f\u00f6r de sm\u00e5.\",\"breadcrumb\":{\"@id\":\"https:\/\/morahotell.se\/fr\/produkt\/nos-activites\/le-sentier-des-trolls-un-parcours-dobstacles-pour-les-plus-petits\/#breadcrumb\"},\"inLanguage\":\"fr-FR\",\"potentialAction\":[{\"@type\":\"ReadAction\",\"target\":[\"https:\/\/morahotell.se\/fr\/produkt\/nos-activites\/le-sentier-des-trolls-un-parcours-dobstacles-pour-les-plus-petits\/\"]}]},{\"@type\":\"ImageObject\",\"inLanguage\":\"fr-FR\",\"@id\":\"https:\/\/morahotell.se\/fr\/produkt\/nos-activites\/le-sentier-des-trolls-un-parcours-dobstacles-pour-les-plus-petits\/#primaryimage\",\"url\":\"https:\/\/morahotell.se\/wp-content\/uploads\/2022\/04\/lekande-barn-1.jpg\",\"contentUrl\":\"https:\/\/morahotell.se\/wp-content\/uploads\/2022\/04\/lekande-barn-1.jpg\",\"width\":1467,\"height\":2200,\"caption\":\"lekande p\u00e5 i mora\"},{\"@type\":\"BreadcrumbList\",\"@id\":\"https:\/\/morahotell.se\/fr\/produkt\/nos-activites\/le-sentier-des-trolls-un-parcours-dobstacles-pour-les-plus-petits\/#breadcrumb\",\"itemListElement\":[{\"@type\":\"ListItem\",\"position\":1,\"name\":\"Mora hotell\",\"item\":\"https:\/\/morahotell.se\/fr\/\"},{\"@type\":\"ListItem\",\"position\":2,\"name\":\"Bokning\",\"item\":\"https:\/\/morahotell.se\/bokning\/\"},{\"@type\":\"ListItem\",\"position\":3,\"name\":\"Nos activit\u00e9s\",\"item\":\"https:\/\/morahotell.se\/fr\/produkt-kategori\/nos-activites\/\"},{\"@type\":\"ListItem\",\"position\":4,\"name\":\"Le sentier des Trolls, un parcours d&#8217;obstacles pour les plus petits\"}]},{\"@type\":\"WebSite\",\"@id\":\"https:\/\/morahotell.se\/fr\/#website\",\"url\":\"https:\/\/morahotell.se\/fr\/\",\"name\":\"Mora Hotell &amp; Spa\",\"description\":\"Fyrstj\u00e4rnigt hotell i Mora, n\u00e4ra Siljan\",\"potentialAction\":[{\"@type\":\"SearchAction\",\"target\":{\"@type\":\"EntryPoint\",\"urlTemplate\":\"https:\/\/morahotell.se\/fr\/?s={search_term_string}\"},\"query-input\":{\"@type\":\"PropertyValueSpecification\",\"valueRequired\":true,\"valueName\":\"search_term_string\"}}],\"inLanguage\":\"fr-FR\"}]}<\/script>\n<!-- \/ Yoast SEO plugin. -->","yoast_head_json":{"title":"Le sentier des Trolls, un parcours d'obstacles pour les plus petits - Mora Hotell &amp; Spa","description":"I \u00d6stnor p\u00e5 andra sidan Dal\u00e4lven, d\u00e4r Moraklockor, knivar och kranar tillverkas sedan urminnes tider, finns det en hinderbana f\u00f6r de sm\u00e5.","robots":{"index":"index","follow":"follow","max-snippet":"max-snippet:-1","max-image-preview":"max-image-preview:large","max-video-preview":"max-video-preview:-1"},"canonical":"https:\/\/morahotell.se\/fr\/produkt\/nos-activites\/le-sentier-des-trolls-un-parcours-dobstacles-pour-les-plus-petits\/","og_locale":"fr_FR","og_type":"article","og_title":"Le sentier des Trolls, un parcours d'obstacles pour les plus petits - Mora Hotell &amp; Spa","og_description":"I \u00d6stnor p\u00e5 andra sidan Dal\u00e4lven, d\u00e4r Moraklockor, knivar och kranar tillverkas sedan urminnes tider, finns det en hinderbana f\u00f6r de sm\u00e5.","og_url":"https:\/\/morahotell.se\/fr\/produkt\/nos-activites\/le-sentier-des-trolls-un-parcours-dobstacles-pour-les-plus-petits\/","og_site_name":"Mora Hotell &amp; Spa","article_modified_time":"2023-05-15T07:59:52+00:00","og_image":[{"width":1467,"height":2200,"url":"https:\/\/morahotell.se\/wp-content\/uploads\/2022\/04\/lekande-barn-1.jpg","type":"image\/jpeg"}],"twitter_card":"summary_large_image","schema":{"@context":"https:\/\/schema.org","@graph":[{"@type":"WebPage","@id":"https:\/\/morahotell.se\/fr\/produkt\/nos-activites\/le-sentier-des-trolls-un-parcours-dobstacles-pour-les-plus-petits\/","url":"https:\/\/morahotell.se\/fr\/produkt\/nos-activites\/le-sentier-des-trolls-un-parcours-dobstacles-pour-les-plus-petits\/","name":"Le sentier des Trolls, un parcours d'obstacles pour les plus petits - Mora Hotell &amp; Spa","isPartOf":{"@id":"https:\/\/morahotell.se\/fr\/#website"},"primaryImageOfPage":{"@id":"https:\/\/morahotell.se\/fr\/produkt\/nos-activites\/le-sentier-des-trolls-un-parcours-dobstacles-pour-les-plus-petits\/#primaryimage"},"image":{"@id":"https:\/\/morahotell.se\/fr\/produkt\/nos-activites\/le-sentier-des-trolls-un-parcours-dobstacles-pour-les-plus-petits\/#primaryimage"},"thumbnailUrl":"https:\/\/morahotell.se\/wp-content\/uploads\/2022\/04\/lekande-barn-1.jpg","datePublished":"2022-04-29T08:55:14+00:00","dateModified":"2023-05-15T07:59:52+00:00","description":"I \u00d6stnor p\u00e5 andra sidan Dal\u00e4lven, d\u00e4r Moraklockor, knivar och kranar tillverkas sedan urminnes tider, finns det en hinderbana f\u00f6r de sm\u00e5.","breadcrumb":{"@id":"https:\/\/morahotell.se\/fr\/produkt\/nos-activites\/le-sentier-des-trolls-un-parcours-dobstacles-pour-les-plus-petits\/#breadcrumb"},"inLanguage":"fr-FR","potentialAction":[{"@type":"ReadAction","target":["https:\/\/morahotell.se\/fr\/produkt\/nos-activites\/le-sentier-des-trolls-un-parcours-dobstacles-pour-les-plus-petits\/"]}]},{"@type":"ImageObject","inLanguage":"fr-FR","@id":"https:\/\/morahotell.se\/fr\/produkt\/nos-activites\/le-sentier-des-trolls-un-parcours-dobstacles-pour-les-plus-petits\/#primaryimage","url":"https:\/\/morahotell.se\/wp-content\/uploads\/2022\/04\/lekande-barn-1.jpg","contentUrl":"https:\/\/morahotell.se\/wp-content\/uploads\/2022\/04\/lekande-barn-1.jpg","width":1467,"height":2200,"caption":"lekande p\u00e5 i mora"},{"@type":"BreadcrumbList","@id":"https:\/\/morahotell.se\/fr\/produkt\/nos-activites\/le-sentier-des-trolls-un-parcours-dobstacles-pour-les-plus-petits\/#breadcrumb","itemListElement":[{"@type":"ListItem","position":1,"name":"Mora hotell","item":"https:\/\/morahotell.se\/fr\/"},{"@type":"ListItem","position":2,"name":"Bokning","item":"https:\/\/morahotell.se\/bokning\/"},{"@type":"ListItem","position":3,"name":"Nos activit\u00e9s","item":"https:\/\/morahotell.se\/fr\/produkt-kategori\/nos-activites\/"},{"@type":"ListItem","position":4,"name":"Le sentier des Trolls, un parcours d&#8217;obstacles pour les plus petits"}]},{"@type":"WebSite","@id":"https:\/\/morahotell.se\/fr\/#website","url":"https:\/\/morahotell.se\/fr\/","name":"Mora Hotell &amp; Spa","description":"Fyrstj\u00e4rnigt hotell i Mora, n\u00e4ra Siljan","potentialAction":[{"@type":"SearchAction","target":{"@type":"EntryPoint","urlTemplate":"https:\/\/morahotell.se\/fr\/?s={search_term_string}"},"query-input":{"@type":"PropertyValueSpecification","valueRequired":true,"valueName":"search_term_string"}}],"inLanguage":"fr-FR"}]}},"_links":{"self":[{"href":"https:\/\/morahotell.se\/fr\/wp-json\/wp\/v2\/product\/17209","targetHints":{"allow":["GET"]}}],"collection":[{"href":"https:\/\/morahotell.se\/fr\/wp-json\/wp\/v2\/product"}],"about":[{"href":"https:\/\/morahotell.se\/fr\/wp-json\/wp\/v2\/types\/product"}],"replies":[{"embeddable":true,"href":"https:\/\/morahotell.se\/fr\/wp-json\/wp\/v2\/comments?post=17209"}],"wp:featuredmedia":[{"embeddable":true,"href":"https:\/\/morahotell.se\/fr\/wp-json\/wp\/v2\/media\/15871"}],"wp:attachment":[{"href":"https:\/\/morahotell.se\/fr\/wp-json\/wp\/v2\/media?parent=17209"}],"wp:term":[{"taxonomy":"product_brand","embeddable":true,"href":"https:\/\/morahotell.se\/fr\/wp-json\/wp\/v2\/product_brand?post=17209"},{"taxonomy":"product_cat","embeddable":true,"href":"https:\/\/morahotell.se\/fr\/wp-json\/wp\/v2\/product_cat?post=17209"},{"taxonomy":"product_tag","embeddable":true,"href":"https:\/\/morahotell.se\/fr\/wp-json\/wp\/v2\/product_tag?post=17209"}],"curies":[{"name":"wp","href":"https:\/\/api.w.org\/{rel}","templated":true}]}}