{"id":17206,"date":"2022-04-29T10:44:18","date_gmt":"2022-04-29T08:44:18","guid":{"rendered":"https:\/\/morahotell.se\/produkt\/non%20class\u00e9\/siljan-geopark-siljansringen\/"},"modified":"2023-05-15T09:58:17","modified_gmt":"2023-05-15T07:58:17","slug":"geoparc-siljan-cratere-de-siljan","status":"publish","type":"product","link":"https:\/\/morahotell.se\/fr\/produkt\/nos-activites\/geoparc-siljan-cratere-de-siljan\/","title":{"rendered":"G\u00e9oparc Siljan \/ Crat\u00e8re de Siljan"},"content":{"rendered":"<p>\u00ab\u00a0Une activit\u00e9 id\u00e9ale pour les randonneurs amoureux de la nature. Partez \u00e0 la d\u00e9couverte du crat\u00e8re de Siljan depuis le Mora Hotell<\/p>\n<p>Le G\u00e9oparc Siljan a \u00e9t\u00e9 cr\u00e9\u00e9 afin de regrouper plusieurs sites d&rsquo;int\u00e9r\u00eat g\u00e9ologique.<br \/>\nEn savoir plus sur les diff\u00e9rents sites sur Visit Dalarna.<\/p>\n<p>Le lac Siljan est une merveille de la nature. Ses cours d&rsquo;eau et sa g\u00e9ologie vous enchanteront. \u00ab\u00a0<\/p>\n","protected":false},"excerpt":{"rendered":"<p>\u00ab\u00a0Une activit\u00e9 id\u00e9ale pour les randonneurs amoureux de la nature. Partez \u00e0 la d\u00e9couverte du crat\u00e8re de Siljan depuis le Mora Hotell Le G\u00e9oparc Siljan a \u00e9t\u00e9 cr\u00e9\u00e9 afin de regrouper plusieurs sites d&rsquo;int\u00e9r\u00eat g\u00e9ologique. En savoir plus sur les diff\u00e9rents sites sur Visit Dalarna. Le lac Siljan est une merveille de la nature. Ses&hellip;<\/p>\n","protected":false},"featured_media":15636,"comment_status":"closed","ping_status":"closed","template":"","meta":{"_acf_changed":false},"product_brand":[],"product_cat":[168,169,163],"product_tag":[],"class_list":{"0":"post-17206","1":"product","2":"type-product","3":"status-publish","4":"has-post-thumbnail","6":"product_cat-friluftsliv-fr","7":"product_cat-lugna-aktiviteter-fr","8":"product_cat-nos-activites","10":"first","11":"instock","12":"virtual","13":"taxable","14":"purchasable","15":"product-type-simple"},"acf":[],"yoast_head":"<!-- This site is optimized with the Yoast SEO plugin v26.5 - https:\/\/yoast.com\/wordpress\/plugins\/seo\/ -->\n<title>G\u00e9oparc Siljan \/ Crat\u00e8re de Siljan - Mora Hotell &amp; Spa<\/title>\n<meta name=\"description\" content=\"Siljan GEOpark har startat f\u00f6r att skapa flera olika intressanta geologiska bes\u00f6ksm\u00e5l. Njut av milj\u00f6erna, sj\u00f6arna och geologin runt Siljan.\" \/>\n<meta name=\"robots\" content=\"index, follow, max-snippet:-1, max-image-preview:large, max-video-preview:-1\" \/>\n<link rel=\"canonical\" href=\"https:\/\/morahotell.se\/fr\/produkt\/nos-activites\/geoparc-siljan-cratere-de-siljan\/\" \/>\n<meta property=\"og:locale\" content=\"fr_FR\" \/>\n<meta property=\"og:type\" content=\"article\" \/>\n<meta property=\"og:title\" content=\"G\u00e9oparc Siljan \/ Crat\u00e8re de Siljan - Mora Hotell &amp; Spa\" \/>\n<meta property=\"og:description\" content=\"Siljan GEOpark har startat f\u00f6r att skapa flera olika intressanta geologiska bes\u00f6ksm\u00e5l. Njut av milj\u00f6erna, sj\u00f6arna och geologin runt Siljan.\" \/>\n<meta property=\"og:url\" content=\"https:\/\/morahotell.se\/fr\/produkt\/nos-activites\/geoparc-siljan-cratere-de-siljan\/\" \/>\n<meta property=\"og:site_name\" content=\"Mora Hotell &amp; Spa\" \/>\n<meta property=\"article:modified_time\" content=\"2023-05-15T07:58:17+00:00\" \/>\n<meta property=\"og:image\" content=\"https:\/\/morahotell.se\/wp-content\/uploads\/2022\/04\/1259_100_5282-1.jpg\" \/>\n\t<meta property=\"og:image:width\" content=\"1654\" \/>\n\t<meta property=\"og:image:height\" content=\"1103\" \/>\n\t<meta property=\"og:image:type\" content=\"image\/jpeg\" \/>\n<meta name=\"twitter:card\" content=\"summary_large_image\" \/>\n<meta name=\"twitter:label1\" content=\"Dur\u00e9e de lecture estim\u00e9e\" \/>\n\t<meta name=\"twitter:data1\" content=\"1 minute\" \/>\n<script type=\"application\/ld+json\" class=\"yoast-schema-graph\">{\"@context\":\"https:\/\/schema.org\",\"@graph\":[{\"@type\":\"WebPage\",\"@id\":\"https:\/\/morahotell.se\/fr\/produkt\/nos-activites\/geoparc-siljan-cratere-de-siljan\/\",\"url\":\"https:\/\/morahotell.se\/fr\/produkt\/nos-activites\/geoparc-siljan-cratere-de-siljan\/\",\"name\":\"G\u00e9oparc Siljan \/ Crat\u00e8re de Siljan - Mora Hotell &amp; Spa\",\"isPartOf\":{\"@id\":\"https:\/\/morahotell.se\/fr\/#website\"},\"primaryImageOfPage\":{\"@id\":\"https:\/\/morahotell.se\/fr\/produkt\/nos-activites\/geoparc-siljan-cratere-de-siljan\/#primaryimage\"},\"image\":{\"@id\":\"https:\/\/morahotell.se\/fr\/produkt\/nos-activites\/geoparc-siljan-cratere-de-siljan\/#primaryimage\"},\"thumbnailUrl\":\"https:\/\/morahotell.se\/wp-content\/uploads\/2022\/04\/1259_100_5282-1.jpg\",\"datePublished\":\"2022-04-29T08:44:18+00:00\",\"dateModified\":\"2023-05-15T07:58:17+00:00\",\"description\":\"Siljan GEOpark har startat f\u00f6r att skapa flera olika intressanta geologiska bes\u00f6ksm\u00e5l. Njut av milj\u00f6erna, sj\u00f6arna och geologin runt Siljan.\",\"breadcrumb\":{\"@id\":\"https:\/\/morahotell.se\/fr\/produkt\/nos-activites\/geoparc-siljan-cratere-de-siljan\/#breadcrumb\"},\"inLanguage\":\"fr-FR\",\"potentialAction\":[{\"@type\":\"ReadAction\",\"target\":[\"https:\/\/morahotell.se\/fr\/produkt\/nos-activites\/geoparc-siljan-cratere-de-siljan\/\"]}]},{\"@type\":\"ImageObject\",\"inLanguage\":\"fr-FR\",\"@id\":\"https:\/\/morahotell.se\/fr\/produkt\/nos-activites\/geoparc-siljan-cratere-de-siljan\/#primaryimage\",\"url\":\"https:\/\/morahotell.se\/wp-content\/uploads\/2022\/04\/1259_100_5282-1.jpg\",\"contentUrl\":\"https:\/\/morahotell.se\/wp-content\/uploads\/2022\/04\/1259_100_5282-1.jpg\",\"width\":1654,\"height\":1103},{\"@type\":\"BreadcrumbList\",\"@id\":\"https:\/\/morahotell.se\/fr\/produkt\/nos-activites\/geoparc-siljan-cratere-de-siljan\/#breadcrumb\",\"itemListElement\":[{\"@type\":\"ListItem\",\"position\":1,\"name\":\"Mora hotell\",\"item\":\"https:\/\/morahotell.se\/fr\/\"},{\"@type\":\"ListItem\",\"position\":2,\"name\":\"Bokning\",\"item\":\"https:\/\/morahotell.se\/bokning\/\"},{\"@type\":\"ListItem\",\"position\":3,\"name\":\"Nos activit\u00e9s\",\"item\":\"https:\/\/morahotell.se\/fr\/produkt-kategori\/nos-activites\/\"},{\"@type\":\"ListItem\",\"position\":4,\"name\":\"G\u00e9oparc Siljan \/ Crat\u00e8re de Siljan\"}]},{\"@type\":\"WebSite\",\"@id\":\"https:\/\/morahotell.se\/fr\/#website\",\"url\":\"https:\/\/morahotell.se\/fr\/\",\"name\":\"Mora Hotell &amp; Spa\",\"description\":\"Fyrstj\u00e4rnigt hotell i Mora, n\u00e4ra Siljan\",\"potentialAction\":[{\"@type\":\"SearchAction\",\"target\":{\"@type\":\"EntryPoint\",\"urlTemplate\":\"https:\/\/morahotell.se\/fr\/?s={search_term_string}\"},\"query-input\":{\"@type\":\"PropertyValueSpecification\",\"valueRequired\":true,\"valueName\":\"search_term_string\"}}],\"inLanguage\":\"fr-FR\"}]}<\/script>\n<!-- \/ Yoast SEO plugin. -->","yoast_head_json":{"title":"G\u00e9oparc Siljan \/ Crat\u00e8re de Siljan - Mora Hotell &amp; Spa","description":"Siljan GEOpark har startat f\u00f6r att skapa flera olika intressanta geologiska bes\u00f6ksm\u00e5l. Njut av milj\u00f6erna, sj\u00f6arna och geologin runt Siljan.","robots":{"index":"index","follow":"follow","max-snippet":"max-snippet:-1","max-image-preview":"max-image-preview:large","max-video-preview":"max-video-preview:-1"},"canonical":"https:\/\/morahotell.se\/fr\/produkt\/nos-activites\/geoparc-siljan-cratere-de-siljan\/","og_locale":"fr_FR","og_type":"article","og_title":"G\u00e9oparc Siljan \/ Crat\u00e8re de Siljan - Mora Hotell &amp; Spa","og_description":"Siljan GEOpark har startat f\u00f6r att skapa flera olika intressanta geologiska bes\u00f6ksm\u00e5l. Njut av milj\u00f6erna, sj\u00f6arna och geologin runt Siljan.","og_url":"https:\/\/morahotell.se\/fr\/produkt\/nos-activites\/geoparc-siljan-cratere-de-siljan\/","og_site_name":"Mora Hotell &amp; Spa","article_modified_time":"2023-05-15T07:58:17+00:00","og_image":[{"width":1654,"height":1103,"url":"https:\/\/morahotell.se\/wp-content\/uploads\/2022\/04\/1259_100_5282-1.jpg","type":"image\/jpeg"}],"twitter_card":"summary_large_image","twitter_misc":{"Dur\u00e9e de lecture estim\u00e9e":"1 minute"},"schema":{"@context":"https:\/\/schema.org","@graph":[{"@type":"WebPage","@id":"https:\/\/morahotell.se\/fr\/produkt\/nos-activites\/geoparc-siljan-cratere-de-siljan\/","url":"https:\/\/morahotell.se\/fr\/produkt\/nos-activites\/geoparc-siljan-cratere-de-siljan\/","name":"G\u00e9oparc Siljan \/ Crat\u00e8re de Siljan - Mora Hotell &amp; Spa","isPartOf":{"@id":"https:\/\/morahotell.se\/fr\/#website"},"primaryImageOfPage":{"@id":"https:\/\/morahotell.se\/fr\/produkt\/nos-activites\/geoparc-siljan-cratere-de-siljan\/#primaryimage"},"image":{"@id":"https:\/\/morahotell.se\/fr\/produkt\/nos-activites\/geoparc-siljan-cratere-de-siljan\/#primaryimage"},"thumbnailUrl":"https:\/\/morahotell.se\/wp-content\/uploads\/2022\/04\/1259_100_5282-1.jpg","datePublished":"2022-04-29T08:44:18+00:00","dateModified":"2023-05-15T07:58:17+00:00","description":"Siljan GEOpark har startat f\u00f6r att skapa flera olika intressanta geologiska bes\u00f6ksm\u00e5l. Njut av milj\u00f6erna, sj\u00f6arna och geologin runt Siljan.","breadcrumb":{"@id":"https:\/\/morahotell.se\/fr\/produkt\/nos-activites\/geoparc-siljan-cratere-de-siljan\/#breadcrumb"},"inLanguage":"fr-FR","potentialAction":[{"@type":"ReadAction","target":["https:\/\/morahotell.se\/fr\/produkt\/nos-activites\/geoparc-siljan-cratere-de-siljan\/"]}]},{"@type":"ImageObject","inLanguage":"fr-FR","@id":"https:\/\/morahotell.se\/fr\/produkt\/nos-activites\/geoparc-siljan-cratere-de-siljan\/#primaryimage","url":"https:\/\/morahotell.se\/wp-content\/uploads\/2022\/04\/1259_100_5282-1.jpg","contentUrl":"https:\/\/morahotell.se\/wp-content\/uploads\/2022\/04\/1259_100_5282-1.jpg","width":1654,"height":1103},{"@type":"BreadcrumbList","@id":"https:\/\/morahotell.se\/fr\/produkt\/nos-activites\/geoparc-siljan-cratere-de-siljan\/#breadcrumb","itemListElement":[{"@type":"ListItem","position":1,"name":"Mora hotell","item":"https:\/\/morahotell.se\/fr\/"},{"@type":"ListItem","position":2,"name":"Bokning","item":"https:\/\/morahotell.se\/bokning\/"},{"@type":"ListItem","position":3,"name":"Nos activit\u00e9s","item":"https:\/\/morahotell.se\/fr\/produkt-kategori\/nos-activites\/"},{"@type":"ListItem","position":4,"name":"G\u00e9oparc Siljan \/ Crat\u00e8re de Siljan"}]},{"@type":"WebSite","@id":"https:\/\/morahotell.se\/fr\/#website","url":"https:\/\/morahotell.se\/fr\/","name":"Mora Hotell &amp; Spa","description":"Fyrstj\u00e4rnigt hotell i Mora, n\u00e4ra Siljan","potentialAction":[{"@type":"SearchAction","target":{"@type":"EntryPoint","urlTemplate":"https:\/\/morahotell.se\/fr\/?s={search_term_string}"},"query-input":{"@type":"PropertyValueSpecification","valueRequired":true,"valueName":"search_term_string"}}],"inLanguage":"fr-FR"}]}},"_links":{"self":[{"href":"https:\/\/morahotell.se\/fr\/wp-json\/wp\/v2\/product\/17206","targetHints":{"allow":["GET"]}}],"collection":[{"href":"https:\/\/morahotell.se\/fr\/wp-json\/wp\/v2\/product"}],"about":[{"href":"https:\/\/morahotell.se\/fr\/wp-json\/wp\/v2\/types\/product"}],"replies":[{"embeddable":true,"href":"https:\/\/morahotell.se\/fr\/wp-json\/wp\/v2\/comments?post=17206"}],"wp:featuredmedia":[{"embeddable":true,"href":"https:\/\/morahotell.se\/fr\/wp-json\/wp\/v2\/media\/15636"}],"wp:attachment":[{"href":"https:\/\/morahotell.se\/fr\/wp-json\/wp\/v2\/media?parent=17206"}],"wp:term":[{"taxonomy":"product_brand","embeddable":true,"href":"https:\/\/morahotell.se\/fr\/wp-json\/wp\/v2\/product_brand?post=17206"},{"taxonomy":"product_cat","embeddable":true,"href":"https:\/\/morahotell.se\/fr\/wp-json\/wp\/v2\/product_cat?post=17206"},{"taxonomy":"product_tag","embeddable":true,"href":"https:\/\/morahotell.se\/fr\/wp-json\/wp\/v2\/product_tag?post=17206"}],"curies":[{"name":"wp","href":"https:\/\/api.w.org\/{rel}","templated":true}]}}