{"id":17202,"date":"2022-04-29T09:42:25","date_gmt":"2022-04-29T07:42:25","guid":{"rendered":"https:\/\/morahotell.se\/?post_type=product&#038;p=17202"},"modified":"2025-10-16T13:42:15","modified_gmt":"2025-10-16T11:42:15","slug":"pack-mora","status":"publish","type":"product","link":"https:\/\/morahotell.se\/fr\/produkt\/offres-speciales\/pack-mora\/","title":{"rendered":"Pack Mora"},"content":{"rendered":"<p>2 nuit\u00e9es en chambre Double Standard (pour deux personnes), petit d\u00e9jeuner continental inclus<br \/>\nD\u00eener en 2 \u00e9tapes (entr\u00e9e et plat principal) les deux soirs. Notre restaurant renomm\u00e9 et ses c\u00e9l\u00e8bres chefs proposent une exp\u00e9rience gustative unique \u00e0 partir d&rsquo;ingr\u00e9dients locaux : un v\u00e9ritable voyage culinaire \u00e0 travers Mora et la Dal\u00e9carlie, compl\u00e9t\u00e9 par la s\u00e9lection de notre sommelier qualifi\u00e9. Visitez l&rsquo;atelier de fabrication des chevaux de Dal\u00e9carlie \u00e0 Nusn\u00e4s.<\/p>\n<p>Acc\u00e8s \u00e0 l&rsquo;espace Relaxation les deux jours.<\/p>\n<p>Exemples d&rsquo;activit\u00e9s :<\/p>\n<p>Le Menu Gustav Vasa : un d\u00eener inspir\u00e9 de recettes m\u00e9di\u00e9vales<\/p>\n<p>Le Menu Zorn : nous avons retrouv\u00e9 les recettes du temps o\u00f9 Andres Zorn recevait ses invit\u00e9s dans notre restaurant.<\/p>\n<p>D\u00e9gustations : nous vous proposons plusieurs types de breuvages en d\u00e9gustation, des bi\u00e8res locales \u00e0 notre s\u00e9lection de vins rouges ou blancs, en passant par divers spiritueux.<\/p>\n<p>Plusieurs exp\u00e9riences gustatives vous attendent, il vous suffit de r\u00e9server en cliquant ici !<\/p>\n<p>Conseils d&rsquo;activit\u00e9s dans la r\u00e9gion : mus\u00e9e Zorn, la fabrique de chevaux de Dal\u00e9carlie de Nils Olsson, le mus\u00e9e de la Vasaloppet, la coutellerie Morakniv Concept Store, le mus\u00e9e du Porphyre, Le Monument \u00e0 Wasa (la grotte o\u00f9 Gustav Vasa se cacha en 1520), la salle de spectacle Vattn\u00e4s konsertlada, les chutes d&rsquo;eau Storstupet et Helvetesfallet, ou encore le mus\u00e9e de la meule Slipstensmuseet.<\/p>\n<p>Ce pack n&rsquo;est pas disponible pendant les p\u00e9riodes de No\u00ebl, du Nouvel An et de la Vasaloppet<\/p>\n","protected":false},"excerpt":{"rendered":"<p>H\u00e9bergement pour 2 nuits en chambre double standard partag\u00e9e incl. buffet de petit d\u00e9jeuner<br \/>\nD\u00eener 2 services (entr\u00e9e et plat principal) les deux jours, notre cuisine reconnue avec des chefs certifi\u00e9s offre une exp\u00e9rience gustative avec des ingr\u00e9dients locaux comme base. Bienvenue dans un voyage culinaire \u00e0 Mora et Dalarna. Sommelier certifi\u00e9 assiste. Visitez la fabrique de chevaux Dala \u00e0 Nusn\u00e4s.<\/p>\n","protected":false},"featured_media":15897,"comment_status":"closed","ping_status":"closed","template":"","meta":{"_acf_changed":false},"product_brand":[],"product_cat":[162,161,149],"product_tag":[166,150],"class_list":{"0":"post-17202","1":"product","2":"type-product","3":"status-publish","4":"has-post-thumbnail","6":"product_cat-automne-hiver","7":"product_cat-notre-ete","8":"product_cat-offres-speciales","9":"product_tag-forfragningsprodukt-fr","10":"product_tag-paket-startsidan-fr","12":"first","13":"instock","14":"virtual","15":"taxable","16":"product-type-simple"},"acf":[],"yoast_head":"<!-- This site is optimized with the Yoast SEO plugin v26.5 - https:\/\/yoast.com\/wordpress\/plugins\/seo\/ -->\n<title>Pack Mora - Mora Hotell &amp; Spa<\/title>\n<meta name=\"description\" content=\"V\u00e5rt Morapaket bjuder p\u00e5 2 n\u00e4tter i dubbelrum inkl. frukostbuff\u00e9, 2-r\u00e4tters middag med omskrivna kockar som ger en magisk smakupplevelse m.m.\" \/>\n<meta name=\"robots\" content=\"index, follow, max-snippet:-1, max-image-preview:large, max-video-preview:-1\" \/>\n<link rel=\"canonical\" href=\"https:\/\/morahotell.se\/fr\/produkt\/offres-speciales\/pack-mora\/\" \/>\n<meta property=\"og:locale\" content=\"fr_FR\" \/>\n<meta property=\"og:type\" content=\"article\" \/>\n<meta property=\"og:title\" content=\"Pack Mora - Mora Hotell &amp; Spa\" \/>\n<meta property=\"og:description\" content=\"V\u00e5rt Morapaket bjuder p\u00e5 2 n\u00e4tter i dubbelrum inkl. frukostbuff\u00e9, 2-r\u00e4tters middag med omskrivna kockar som ger en magisk smakupplevelse m.m.\" \/>\n<meta property=\"og:url\" content=\"https:\/\/morahotell.se\/fr\/produkt\/offres-speciales\/pack-mora\/\" \/>\n<meta property=\"og:site_name\" content=\"Mora Hotell &amp; Spa\" \/>\n<meta property=\"article:modified_time\" content=\"2025-10-16T11:42:15+00:00\" \/>\n<meta property=\"og:image\" content=\"https:\/\/morahotell.se\/wp-content\/uploads\/2022\/04\/mamma-ma\u030alar-1.jpg\" \/>\n\t<meta property=\"og:image:width\" content=\"1467\" \/>\n\t<meta property=\"og:image:height\" content=\"2200\" \/>\n\t<meta property=\"og:image:type\" content=\"image\/jpeg\" \/>\n<meta name=\"twitter:card\" content=\"summary_large_image\" \/>\n<meta name=\"twitter:label1\" content=\"Dur\u00e9e de lecture estim\u00e9e\" \/>\n\t<meta name=\"twitter:data1\" content=\"1 minute\" \/>\n<script type=\"application\/ld+json\" class=\"yoast-schema-graph\">{\"@context\":\"https:\/\/schema.org\",\"@graph\":[{\"@type\":\"WebPage\",\"@id\":\"https:\/\/morahotell.se\/fr\/produkt\/offres-speciales\/pack-mora\/\",\"url\":\"https:\/\/morahotell.se\/fr\/produkt\/offres-speciales\/pack-mora\/\",\"name\":\"Pack Mora - Mora Hotell &amp; Spa\",\"isPartOf\":{\"@id\":\"https:\/\/morahotell.se\/fr\/#website\"},\"primaryImageOfPage\":{\"@id\":\"https:\/\/morahotell.se\/fr\/produkt\/offres-speciales\/pack-mora\/#primaryimage\"},\"image\":{\"@id\":\"https:\/\/morahotell.se\/fr\/produkt\/offres-speciales\/pack-mora\/#primaryimage\"},\"thumbnailUrl\":\"https:\/\/morahotell.se\/wp-content\/uploads\/2022\/04\/mamma-ma\u030alar-1.jpg\",\"datePublished\":\"2022-04-29T07:42:25+00:00\",\"dateModified\":\"2025-10-16T11:42:15+00:00\",\"description\":\"V\u00e5rt Morapaket bjuder p\u00e5 2 n\u00e4tter i dubbelrum inkl. frukostbuff\u00e9, 2-r\u00e4tters middag med omskrivna kockar som ger en magisk smakupplevelse m.m.\",\"breadcrumb\":{\"@id\":\"https:\/\/morahotell.se\/fr\/produkt\/offres-speciales\/pack-mora\/#breadcrumb\"},\"inLanguage\":\"fr-FR\",\"potentialAction\":[{\"@type\":\"ReadAction\",\"target\":[\"https:\/\/morahotell.se\/fr\/produkt\/offres-speciales\/pack-mora\/\"]}]},{\"@type\":\"ImageObject\",\"inLanguage\":\"fr-FR\",\"@id\":\"https:\/\/morahotell.se\/fr\/produkt\/offres-speciales\/pack-mora\/#primaryimage\",\"url\":\"https:\/\/morahotell.se\/wp-content\/uploads\/2022\/04\/mamma-ma\u030alar-1.jpg\",\"contentUrl\":\"https:\/\/morahotell.se\/wp-content\/uploads\/2022\/04\/mamma-ma\u030alar-1.jpg\",\"width\":1467,\"height\":2200,\"caption\":\"mamma m\u00e5lar dalah\u00e4star i Nusn\u00e4s\"},{\"@type\":\"BreadcrumbList\",\"@id\":\"https:\/\/morahotell.se\/fr\/produkt\/offres-speciales\/pack-mora\/#breadcrumb\",\"itemListElement\":[{\"@type\":\"ListItem\",\"position\":1,\"name\":\"Mora hotell\",\"item\":\"https:\/\/morahotell.se\/fr\/\"},{\"@type\":\"ListItem\",\"position\":2,\"name\":\"Bokning\",\"item\":\"https:\/\/morahotell.se\/bokning\/\"},{\"@type\":\"ListItem\",\"position\":3,\"name\":\"OFFRES SP\u00c9CIALES\",\"item\":\"https:\/\/morahotell.se\/fr\/produkt-kategori\/offres-speciales\/\"},{\"@type\":\"ListItem\",\"position\":4,\"name\":\"Pack Mora\"}]},{\"@type\":\"WebSite\",\"@id\":\"https:\/\/morahotell.se\/fr\/#website\",\"url\":\"https:\/\/morahotell.se\/fr\/\",\"name\":\"Mora Hotell &amp; Spa\",\"description\":\"Fyrstj\u00e4rnigt hotell i Mora, n\u00e4ra Siljan\",\"potentialAction\":[{\"@type\":\"SearchAction\",\"target\":{\"@type\":\"EntryPoint\",\"urlTemplate\":\"https:\/\/morahotell.se\/fr\/?s={search_term_string}\"},\"query-input\":{\"@type\":\"PropertyValueSpecification\",\"valueRequired\":true,\"valueName\":\"search_term_string\"}}],\"inLanguage\":\"fr-FR\"}]}<\/script>\n<!-- \/ Yoast SEO plugin. -->","yoast_head_json":{"title":"Pack Mora - Mora Hotell &amp; Spa","description":"V\u00e5rt Morapaket bjuder p\u00e5 2 n\u00e4tter i dubbelrum inkl. frukostbuff\u00e9, 2-r\u00e4tters middag med omskrivna kockar som ger en magisk smakupplevelse m.m.","robots":{"index":"index","follow":"follow","max-snippet":"max-snippet:-1","max-image-preview":"max-image-preview:large","max-video-preview":"max-video-preview:-1"},"canonical":"https:\/\/morahotell.se\/fr\/produkt\/offres-speciales\/pack-mora\/","og_locale":"fr_FR","og_type":"article","og_title":"Pack Mora - Mora Hotell &amp; Spa","og_description":"V\u00e5rt Morapaket bjuder p\u00e5 2 n\u00e4tter i dubbelrum inkl. frukostbuff\u00e9, 2-r\u00e4tters middag med omskrivna kockar som ger en magisk smakupplevelse m.m.","og_url":"https:\/\/morahotell.se\/fr\/produkt\/offres-speciales\/pack-mora\/","og_site_name":"Mora Hotell &amp; Spa","article_modified_time":"2025-10-16T11:42:15+00:00","og_image":[{"width":1467,"height":2200,"url":"https:\/\/morahotell.se\/wp-content\/uploads\/2022\/04\/mamma-ma\u030alar-1.jpg","type":"image\/jpeg"}],"twitter_card":"summary_large_image","twitter_misc":{"Dur\u00e9e de lecture estim\u00e9e":"1 minute"},"schema":{"@context":"https:\/\/schema.org","@graph":[{"@type":"WebPage","@id":"https:\/\/morahotell.se\/fr\/produkt\/offres-speciales\/pack-mora\/","url":"https:\/\/morahotell.se\/fr\/produkt\/offres-speciales\/pack-mora\/","name":"Pack Mora - Mora Hotell &amp; Spa","isPartOf":{"@id":"https:\/\/morahotell.se\/fr\/#website"},"primaryImageOfPage":{"@id":"https:\/\/morahotell.se\/fr\/produkt\/offres-speciales\/pack-mora\/#primaryimage"},"image":{"@id":"https:\/\/morahotell.se\/fr\/produkt\/offres-speciales\/pack-mora\/#primaryimage"},"thumbnailUrl":"https:\/\/morahotell.se\/wp-content\/uploads\/2022\/04\/mamma-ma\u030alar-1.jpg","datePublished":"2022-04-29T07:42:25+00:00","dateModified":"2025-10-16T11:42:15+00:00","description":"V\u00e5rt Morapaket bjuder p\u00e5 2 n\u00e4tter i dubbelrum inkl. frukostbuff\u00e9, 2-r\u00e4tters middag med omskrivna kockar som ger en magisk smakupplevelse m.m.","breadcrumb":{"@id":"https:\/\/morahotell.se\/fr\/produkt\/offres-speciales\/pack-mora\/#breadcrumb"},"inLanguage":"fr-FR","potentialAction":[{"@type":"ReadAction","target":["https:\/\/morahotell.se\/fr\/produkt\/offres-speciales\/pack-mora\/"]}]},{"@type":"ImageObject","inLanguage":"fr-FR","@id":"https:\/\/morahotell.se\/fr\/produkt\/offres-speciales\/pack-mora\/#primaryimage","url":"https:\/\/morahotell.se\/wp-content\/uploads\/2022\/04\/mamma-ma\u030alar-1.jpg","contentUrl":"https:\/\/morahotell.se\/wp-content\/uploads\/2022\/04\/mamma-ma\u030alar-1.jpg","width":1467,"height":2200,"caption":"mamma m\u00e5lar dalah\u00e4star i Nusn\u00e4s"},{"@type":"BreadcrumbList","@id":"https:\/\/morahotell.se\/fr\/produkt\/offres-speciales\/pack-mora\/#breadcrumb","itemListElement":[{"@type":"ListItem","position":1,"name":"Mora hotell","item":"https:\/\/morahotell.se\/fr\/"},{"@type":"ListItem","position":2,"name":"Bokning","item":"https:\/\/morahotell.se\/bokning\/"},{"@type":"ListItem","position":3,"name":"OFFRES SP\u00c9CIALES","item":"https:\/\/morahotell.se\/fr\/produkt-kategori\/offres-speciales\/"},{"@type":"ListItem","position":4,"name":"Pack Mora"}]},{"@type":"WebSite","@id":"https:\/\/morahotell.se\/fr\/#website","url":"https:\/\/morahotell.se\/fr\/","name":"Mora Hotell &amp; Spa","description":"Fyrstj\u00e4rnigt hotell i Mora, n\u00e4ra Siljan","potentialAction":[{"@type":"SearchAction","target":{"@type":"EntryPoint","urlTemplate":"https:\/\/morahotell.se\/fr\/?s={search_term_string}"},"query-input":{"@type":"PropertyValueSpecification","valueRequired":true,"valueName":"search_term_string"}}],"inLanguage":"fr-FR"}]}},"_links":{"self":[{"href":"https:\/\/morahotell.se\/fr\/wp-json\/wp\/v2\/product\/17202","targetHints":{"allow":["GET"]}}],"collection":[{"href":"https:\/\/morahotell.se\/fr\/wp-json\/wp\/v2\/product"}],"about":[{"href":"https:\/\/morahotell.se\/fr\/wp-json\/wp\/v2\/types\/product"}],"replies":[{"embeddable":true,"href":"https:\/\/morahotell.se\/fr\/wp-json\/wp\/v2\/comments?post=17202"}],"wp:featuredmedia":[{"embeddable":true,"href":"https:\/\/morahotell.se\/fr\/wp-json\/wp\/v2\/media\/15897"}],"wp:attachment":[{"href":"https:\/\/morahotell.se\/fr\/wp-json\/wp\/v2\/media?parent=17202"}],"wp:term":[{"taxonomy":"product_brand","embeddable":true,"href":"https:\/\/morahotell.se\/fr\/wp-json\/wp\/v2\/product_brand?post=17202"},{"taxonomy":"product_cat","embeddable":true,"href":"https:\/\/morahotell.se\/fr\/wp-json\/wp\/v2\/product_cat?post=17202"},{"taxonomy":"product_tag","embeddable":true,"href":"https:\/\/morahotell.se\/fr\/wp-json\/wp\/v2\/product_tag?post=17202"}],"curies":[{"name":"wp","href":"https:\/\/api.w.org\/{rel}","templated":true}]}}