{"id":17197,"date":"2022-04-29T09:01:08","date_gmt":"2022-04-29T07:01:08","guid":{"rendered":"https:\/\/morahotell.se\/produkt\/non%20class\u00e9\/cykel-vandringspaket-i-mora-3-dagarspaket\/"},"modified":"2023-05-15T09:44:52","modified_gmt":"2023-05-15T07:44:52","slug":"pack-rando-velo-a-mora-3-jours","status":"publish","type":"product","link":"https:\/\/morahotell.se\/fr\/produkt\/offres-speciales\/pack-rando-velo-a-mora-3-jours\/","title":{"rendered":"Pack Rando + V\u00e9lo \u00e0 Mora \u2013 3 jours"},"content":{"rendered":"<p>Pack Rando + V\u00e9lo \u00e0 Mora \u2013 3 jours<br \/>\nLes plus beaux sommets de Dal\u00e9carlie, en version Rando-Photo !<br \/>\nExcursion facile o\u00f9 vous d\u00e9cidez vous-m\u00eame de l&rsquo;heure et des missions, dans 3 des plus beaux endroits \u00e0 photographier en Dal\u00e9carlie.<\/p>\n<p>\u00c0 voir : un film qui donne d\u00e9j\u00e0 envie d&rsquo;y \u00eatre<br \/>\nwww.visitdalarna.se\/vandra<\/p>\n<p>Ce pack comprend :<br \/>\n3 jours de ranconn\u00e9e p\u00e9destre et cycliste avec sac de nourriture les deux jours, une carte avec recommandations, 3 d\u00eeners, 1 soin de 50 minutes au choix + les options habituellement comprises. Mora ne pr\u00e9sentant aucun sentier de grande difficult\u00e9, ce pack s&rsquo;adresse davantage aux personnes souhaitant visiter la r\u00e9gion sans se presser mais en faisant du sport tout de m\u00eame.<\/p>\n<p>Si vous venez sans v\u00e9lo, nous pouvons vous aider \u00e0 vous \u00e9quiper. Bien s\u00fbr, vous pouvez choisir entre la marche ou le v\u00e9lo pendant toute la dur\u00e9e de votre s\u00e9jour.<br \/>\nJour 1 v\u00e9lo + d\u00eener en 2 \u00e9tapes<br \/>\nJour 2 marche + d\u00eener en 2 \u00e9tapes<br \/>\nJour 3 Soin spa + d\u00eener en 3 \u00e9tapes; Si vous en avez le temps et l&rsquo;envie, nous vous proposons la visite d&rsquo;un site touristique \u00e0 Mora : l&rsquo;atelier de fabrication des chevaux de Dal\u00e9carlie, les sites li\u00e9s au peintre Anders Zorn, la ligne d&rsquo;arriv\u00e9e de la Vasaloppet, etc<br \/>\nRecherchez un circuit \u00e0 Mora parmi les diff\u00e9rents niveaux de difficult\u00e9 ici<\/p>\n<p>Voir nos diff\u00e9rents sentiers de randonn\u00e9e<\/p>\n<p>Nous avons h\u00e2te de vous montrer les magnifiques environs de Mora<br \/>\n4150 SEK par personne<\/p>\n","protected":false},"excerpt":{"rendered":"<p>Forfait v\u00e9lo et randonn\u00e9e de 3 jours en chambre standard partag\u00e9e avec panier-repas et d\u00eener combin\u00e9s<\/p>\n<p>D\u00e9couvrez les meilleurs et les plus beaux sommets de Dalarna<\/p>\n","protected":false},"featured_media":16445,"comment_status":"closed","ping_status":"closed","template":"","meta":{"_acf_changed":false},"product_brand":[],"product_cat":[161,149],"product_tag":[166],"class_list":{"0":"post-17197","1":"product","2":"type-product","3":"status-publish","4":"has-post-thumbnail","6":"product_cat-notre-ete","7":"product_cat-offres-speciales","8":"product_tag-forfragningsprodukt-fr","10":"first","11":"instock","12":"virtual","13":"taxable","14":"purchasable","15":"product-type-simple"},"acf":[],"yoast_head":"<!-- This site is optimized with the Yoast SEO plugin v26.5 - https:\/\/yoast.com\/wordpress\/plugins\/seo\/ -->\n<title>Forfait combin\u00e9 v\u00e9lo et randonn\u00e9e dans les magnifiques environs de Mora<\/title>\n<meta name=\"description\" content=\"Forfait v\u00e9lo et randonn\u00e9e de 3 jours en chambre standard partag\u00e9e avec panier-repas et d\u00eener combin\u00e9s. D\u00e9couvrez les meilleurs et les plus beaux sommets de Dal\u00e9carlie depuis le Mora Hotell &amp; Spa\" \/>\n<meta name=\"robots\" content=\"index, follow, max-snippet:-1, max-image-preview:large, max-video-preview:-1\" \/>\n<link rel=\"canonical\" href=\"https:\/\/morahotell.se\/fr\/produkt\/offres-speciales\/pack-rando-velo-a-mora-3-jours\/\" \/>\n<meta property=\"og:locale\" content=\"fr_FR\" \/>\n<meta property=\"og:type\" content=\"article\" \/>\n<meta property=\"og:title\" content=\"Forfait combin\u00e9 v\u00e9lo et randonn\u00e9e dans les magnifiques environs de Mora\" \/>\n<meta property=\"og:description\" content=\"Forfait v\u00e9lo et randonn\u00e9e de 3 jours en chambre standard partag\u00e9e avec panier-repas et d\u00eener combin\u00e9s. D\u00e9couvrez les meilleurs et les plus beaux sommets de Dal\u00e9carlie depuis le Mora Hotell &amp; Spa\" \/>\n<meta property=\"og:url\" content=\"https:\/\/morahotell.se\/fr\/produkt\/offres-speciales\/pack-rando-velo-a-mora-3-jours\/\" \/>\n<meta property=\"og:site_name\" content=\"Mora Hotell &amp; Spa\" \/>\n<meta property=\"article:modified_time\" content=\"2023-05-15T07:44:52+00:00\" \/>\n<meta property=\"og:image\" content=\"https:\/\/morahotell.se\/wp-content\/uploads\/2023\/03\/fulufjallet-180822-017-scaled.jpg\" \/>\n\t<meta property=\"og:image:width\" content=\"2560\" \/>\n\t<meta property=\"og:image:height\" content=\"1707\" \/>\n\t<meta property=\"og:image:type\" content=\"image\/jpeg\" \/>\n<meta name=\"twitter:card\" content=\"summary_large_image\" \/>\n<meta name=\"twitter:label1\" content=\"Dur\u00e9e de lecture estim\u00e9e\" \/>\n\t<meta name=\"twitter:data1\" content=\"1 minute\" \/>\n<script type=\"application\/ld+json\" class=\"yoast-schema-graph\">{\"@context\":\"https:\/\/schema.org\",\"@graph\":[{\"@type\":\"WebPage\",\"@id\":\"https:\/\/morahotell.se\/fr\/produkt\/offres-speciales\/pack-rando-velo-a-mora-3-jours\/\",\"url\":\"https:\/\/morahotell.se\/fr\/produkt\/offres-speciales\/pack-rando-velo-a-mora-3-jours\/\",\"name\":\"Forfait combin\u00e9 v\u00e9lo et randonn\u00e9e dans les magnifiques environs de Mora\",\"isPartOf\":{\"@id\":\"https:\/\/morahotell.se\/fr\/#website\"},\"primaryImageOfPage\":{\"@id\":\"https:\/\/morahotell.se\/fr\/produkt\/offres-speciales\/pack-rando-velo-a-mora-3-jours\/#primaryimage\"},\"image\":{\"@id\":\"https:\/\/morahotell.se\/fr\/produkt\/offres-speciales\/pack-rando-velo-a-mora-3-jours\/#primaryimage\"},\"thumbnailUrl\":\"https:\/\/morahotell.se\/wp-content\/uploads\/2023\/03\/fulufjallet-180822-017-scaled.jpg\",\"datePublished\":\"2022-04-29T07:01:08+00:00\",\"dateModified\":\"2023-05-15T07:44:52+00:00\",\"description\":\"Forfait v\u00e9lo et randonn\u00e9e de 3 jours en chambre standard partag\u00e9e avec panier-repas et d\u00eener combin\u00e9s. D\u00e9couvrez les meilleurs et les plus beaux sommets de Dal\u00e9carlie depuis le Mora Hotell & Spa\",\"breadcrumb\":{\"@id\":\"https:\/\/morahotell.se\/fr\/produkt\/offres-speciales\/pack-rando-velo-a-mora-3-jours\/#breadcrumb\"},\"inLanguage\":\"fr-FR\",\"potentialAction\":[{\"@type\":\"ReadAction\",\"target\":[\"https:\/\/morahotell.se\/fr\/produkt\/offres-speciales\/pack-rando-velo-a-mora-3-jours\/\"]}]},{\"@type\":\"ImageObject\",\"inLanguage\":\"fr-FR\",\"@id\":\"https:\/\/morahotell.se\/fr\/produkt\/offres-speciales\/pack-rando-velo-a-mora-3-jours\/#primaryimage\",\"url\":\"https:\/\/morahotell.se\/wp-content\/uploads\/2023\/03\/fulufjallet-180822-017-scaled.jpg\",\"contentUrl\":\"https:\/\/morahotell.se\/wp-content\/uploads\/2023\/03\/fulufjallet-180822-017-scaled.jpg\",\"width\":2560,\"height\":1707},{\"@type\":\"BreadcrumbList\",\"@id\":\"https:\/\/morahotell.se\/fr\/produkt\/offres-speciales\/pack-rando-velo-a-mora-3-jours\/#breadcrumb\",\"itemListElement\":[{\"@type\":\"ListItem\",\"position\":1,\"name\":\"Mora hotell\",\"item\":\"https:\/\/morahotell.se\/fr\/\"},{\"@type\":\"ListItem\",\"position\":2,\"name\":\"Bokning\",\"item\":\"https:\/\/morahotell.se\/bokning\/\"},{\"@type\":\"ListItem\",\"position\":3,\"name\":\"OFFRES SP\u00c9CIALES\",\"item\":\"https:\/\/morahotell.se\/fr\/produkt-kategori\/offres-speciales\/\"},{\"@type\":\"ListItem\",\"position\":4,\"name\":\"Pack Rando + V\u00e9lo \u00e0 Mora \u2013 3 jours\"}]},{\"@type\":\"WebSite\",\"@id\":\"https:\/\/morahotell.se\/fr\/#website\",\"url\":\"https:\/\/morahotell.se\/fr\/\",\"name\":\"Mora Hotell &amp; Spa\",\"description\":\"Fyrstj\u00e4rnigt hotell i Mora, n\u00e4ra Siljan\",\"potentialAction\":[{\"@type\":\"SearchAction\",\"target\":{\"@type\":\"EntryPoint\",\"urlTemplate\":\"https:\/\/morahotell.se\/fr\/?s={search_term_string}\"},\"query-input\":{\"@type\":\"PropertyValueSpecification\",\"valueRequired\":true,\"valueName\":\"search_term_string\"}}],\"inLanguage\":\"fr-FR\"}]}<\/script>\n<!-- \/ Yoast SEO plugin. -->","yoast_head_json":{"title":"Forfait combin\u00e9 v\u00e9lo et randonn\u00e9e dans les magnifiques environs de Mora","description":"Forfait v\u00e9lo et randonn\u00e9e de 3 jours en chambre standard partag\u00e9e avec panier-repas et d\u00eener combin\u00e9s. D\u00e9couvrez les meilleurs et les plus beaux sommets de Dal\u00e9carlie depuis le Mora Hotell & Spa","robots":{"index":"index","follow":"follow","max-snippet":"max-snippet:-1","max-image-preview":"max-image-preview:large","max-video-preview":"max-video-preview:-1"},"canonical":"https:\/\/morahotell.se\/fr\/produkt\/offres-speciales\/pack-rando-velo-a-mora-3-jours\/","og_locale":"fr_FR","og_type":"article","og_title":"Forfait combin\u00e9 v\u00e9lo et randonn\u00e9e dans les magnifiques environs de Mora","og_description":"Forfait v\u00e9lo et randonn\u00e9e de 3 jours en chambre standard partag\u00e9e avec panier-repas et d\u00eener combin\u00e9s. D\u00e9couvrez les meilleurs et les plus beaux sommets de Dal\u00e9carlie depuis le Mora Hotell & Spa","og_url":"https:\/\/morahotell.se\/fr\/produkt\/offres-speciales\/pack-rando-velo-a-mora-3-jours\/","og_site_name":"Mora Hotell &amp; Spa","article_modified_time":"2023-05-15T07:44:52+00:00","og_image":[{"width":2560,"height":1707,"url":"https:\/\/morahotell.se\/wp-content\/uploads\/2023\/03\/fulufjallet-180822-017-scaled.jpg","type":"image\/jpeg"}],"twitter_card":"summary_large_image","twitter_misc":{"Dur\u00e9e de lecture estim\u00e9e":"1 minute"},"schema":{"@context":"https:\/\/schema.org","@graph":[{"@type":"WebPage","@id":"https:\/\/morahotell.se\/fr\/produkt\/offres-speciales\/pack-rando-velo-a-mora-3-jours\/","url":"https:\/\/morahotell.se\/fr\/produkt\/offres-speciales\/pack-rando-velo-a-mora-3-jours\/","name":"Forfait combin\u00e9 v\u00e9lo et randonn\u00e9e dans les magnifiques environs de Mora","isPartOf":{"@id":"https:\/\/morahotell.se\/fr\/#website"},"primaryImageOfPage":{"@id":"https:\/\/morahotell.se\/fr\/produkt\/offres-speciales\/pack-rando-velo-a-mora-3-jours\/#primaryimage"},"image":{"@id":"https:\/\/morahotell.se\/fr\/produkt\/offres-speciales\/pack-rando-velo-a-mora-3-jours\/#primaryimage"},"thumbnailUrl":"https:\/\/morahotell.se\/wp-content\/uploads\/2023\/03\/fulufjallet-180822-017-scaled.jpg","datePublished":"2022-04-29T07:01:08+00:00","dateModified":"2023-05-15T07:44:52+00:00","description":"Forfait v\u00e9lo et randonn\u00e9e de 3 jours en chambre standard partag\u00e9e avec panier-repas et d\u00eener combin\u00e9s. D\u00e9couvrez les meilleurs et les plus beaux sommets de Dal\u00e9carlie depuis le Mora Hotell & Spa","breadcrumb":{"@id":"https:\/\/morahotell.se\/fr\/produkt\/offres-speciales\/pack-rando-velo-a-mora-3-jours\/#breadcrumb"},"inLanguage":"fr-FR","potentialAction":[{"@type":"ReadAction","target":["https:\/\/morahotell.se\/fr\/produkt\/offres-speciales\/pack-rando-velo-a-mora-3-jours\/"]}]},{"@type":"ImageObject","inLanguage":"fr-FR","@id":"https:\/\/morahotell.se\/fr\/produkt\/offres-speciales\/pack-rando-velo-a-mora-3-jours\/#primaryimage","url":"https:\/\/morahotell.se\/wp-content\/uploads\/2023\/03\/fulufjallet-180822-017-scaled.jpg","contentUrl":"https:\/\/morahotell.se\/wp-content\/uploads\/2023\/03\/fulufjallet-180822-017-scaled.jpg","width":2560,"height":1707},{"@type":"BreadcrumbList","@id":"https:\/\/morahotell.se\/fr\/produkt\/offres-speciales\/pack-rando-velo-a-mora-3-jours\/#breadcrumb","itemListElement":[{"@type":"ListItem","position":1,"name":"Mora hotell","item":"https:\/\/morahotell.se\/fr\/"},{"@type":"ListItem","position":2,"name":"Bokning","item":"https:\/\/morahotell.se\/bokning\/"},{"@type":"ListItem","position":3,"name":"OFFRES SP\u00c9CIALES","item":"https:\/\/morahotell.se\/fr\/produkt-kategori\/offres-speciales\/"},{"@type":"ListItem","position":4,"name":"Pack Rando + V\u00e9lo \u00e0 Mora \u2013 3 jours"}]},{"@type":"WebSite","@id":"https:\/\/morahotell.se\/fr\/#website","url":"https:\/\/morahotell.se\/fr\/","name":"Mora Hotell &amp; Spa","description":"Fyrstj\u00e4rnigt hotell i Mora, n\u00e4ra Siljan","potentialAction":[{"@type":"SearchAction","target":{"@type":"EntryPoint","urlTemplate":"https:\/\/morahotell.se\/fr\/?s={search_term_string}"},"query-input":{"@type":"PropertyValueSpecification","valueRequired":true,"valueName":"search_term_string"}}],"inLanguage":"fr-FR"}]}},"_links":{"self":[{"href":"https:\/\/morahotell.se\/fr\/wp-json\/wp\/v2\/product\/17197","targetHints":{"allow":["GET"]}}],"collection":[{"href":"https:\/\/morahotell.se\/fr\/wp-json\/wp\/v2\/product"}],"about":[{"href":"https:\/\/morahotell.se\/fr\/wp-json\/wp\/v2\/types\/product"}],"replies":[{"embeddable":true,"href":"https:\/\/morahotell.se\/fr\/wp-json\/wp\/v2\/comments?post=17197"}],"wp:featuredmedia":[{"embeddable":true,"href":"https:\/\/morahotell.se\/fr\/wp-json\/wp\/v2\/media\/16445"}],"wp:attachment":[{"href":"https:\/\/morahotell.se\/fr\/wp-json\/wp\/v2\/media?parent=17197"}],"wp:term":[{"taxonomy":"product_brand","embeddable":true,"href":"https:\/\/morahotell.se\/fr\/wp-json\/wp\/v2\/product_brand?post=17197"},{"taxonomy":"product_cat","embeddable":true,"href":"https:\/\/morahotell.se\/fr\/wp-json\/wp\/v2\/product_cat?post=17197"},{"taxonomy":"product_tag","embeddable":true,"href":"https:\/\/morahotell.se\/fr\/wp-json\/wp\/v2\/product_tag?post=17197"}],"curies":[{"name":"wp","href":"https:\/\/api.w.org\/{rel}","templated":true}]}}