{"id":16994,"date":"2022-04-29T08:53:37","date_gmt":"2022-04-29T06:53:37","guid":{"rendered":"https:\/\/morahotell.se\/produkt\/non%20class\u00e9\/matsafari-runt-mora\/"},"modified":"2023-05-15T09:26:20","modified_gmt":"2023-05-15T07:26:20","slug":"safari-gastronomique-autour-de-mora","status":"publish","type":"product","link":"https:\/\/morahotell.se\/fr\/produkt\/offres-speciales\/safari-gastronomique-autour-de-mora\/","title":{"rendered":"Safari gastronomique autour de Mora"},"content":{"rendered":"<p><span data-sheets-value=\"{&quot;1&quot;:2,&quot;2&quot;:&quot;Safari culinaire \u00e0 travers Mora\\nSafari culinaire \u00e0 travers Mora\\n\\nVisitez la chocolaterie de Mora, la fromagerie et vente \u00e0 la ferme d'Hansj\u00f6, puis la halle de march\u00e9 d'Orsa. Les producteurs locaux sont \u00e9galement bien repr\u00e9sent\u00e9s \u00e0 l'\u00e9picerie fine Mora Salt &amp; R\u00f6k et \u00e0 la brasserie de Mora.\\n\\nNous recommandons un s\u00e9jour du jeudi au samedi pour bien profiter de toutes ces activit\u00e9s.\\n\\nNous vous convions \u00e0 un v\u00e9ritable voyage culinaire \u00e0 travers Mora et la Dal\u00e9carlie, \u00e0 effectuer avec une carte des diff\u00e9rents producteurs de la r\u00e9gion ou avec un guide (\u00e0 r\u00e9server).\\n\\nNos sommeliers qualifi\u00e9s sont pr\u00eats \u00e0 vous conseiller ou vous proposer des d\u00e9gustations.\\n\\n2 nuit\u00e9es en chambre Double Premium avec peignoir, pantoufles, produits cosm\u00e9tiques Kerstin Florian, machine \u00e0 caf\u00e9 et minibar. Le tarif inclut le petit d\u00e9jeuner et le d\u00eener en deux \u00e9tapes (entr\u00e9e et plat principal) les deux soirs, ainsi que l'acc\u00e8s \u00e0 l'espace Relaxation pendant les deux jours.\\n\\n\\n\\n\\n\u00c0 partir de 2625 SEK par personne&quot;}\" data-sheets-userformat=\"{&quot;2&quot;:14655,&quot;3&quot;:{&quot;1&quot;:0,&quot;3&quot;:1},&quot;4&quot;:{&quot;1&quot;:2,&quot;2&quot;:16777215},&quot;5&quot;:{&quot;1&quot;:[{&quot;1&quot;:2,&quot;2&quot;:0,&quot;5&quot;:{&quot;1&quot;:2,&quot;2&quot;:11184810}},{&quot;1&quot;:0,&quot;2&quot;:0,&quot;3&quot;:3},{&quot;1&quot;:1,&quot;2&quot;:0,&quot;4&quot;:1}]},&quot;6&quot;:{&quot;1&quot;:[{&quot;1&quot;:2,&quot;2&quot;:0,&quot;5&quot;:{&quot;1&quot;:2,&quot;2&quot;:11184810}},{&quot;1&quot;:0,&quot;2&quot;:0,&quot;3&quot;:3},{&quot;1&quot;:1,&quot;2&quot;:0,&quot;4&quot;:1}]},&quot;7&quot;:{&quot;1&quot;:[{&quot;1&quot;:2,&quot;2&quot;:0,&quot;5&quot;:{&quot;1&quot;:2,&quot;2&quot;:11184810}},{&quot;1&quot;:0,&quot;2&quot;:0,&quot;3&quot;:3},{&quot;1&quot;:1,&quot;2&quot;:0,&quot;4&quot;:1}]},&quot;8&quot;:{&quot;1&quot;:[{&quot;1&quot;:2,&quot;2&quot;:0,&quot;5&quot;:{&quot;1&quot;:2,&quot;2&quot;:11184810}},{&quot;1&quot;:0,&quot;2&quot;:0,&quot;3&quot;:3},{&quot;1&quot;:1,&quot;2&quot;:0,&quot;4&quot;:1}]},&quot;11&quot;:4,&quot;14&quot;:{&quot;1&quot;:2,&quot;2&quot;:0},&quot;15&quot;:&quot;IBM Plex Sans&quot;,&quot;16&quot;:10}\">Safari culinaire \u00e0 travers Mora<\/span><\/p>\n<p>Visitez la chocolaterie de Mora, la fromagerie et vente \u00e0 la ferme d&rsquo;Hansj\u00f6, puis la halle de march\u00e9 d&rsquo;Orsa. Les producteurs locaux sont \u00e9galement bien repr\u00e9sent\u00e9s \u00e0 l&rsquo;\u00e9picerie fine Mora Salt &amp; R\u00f6k et \u00e0 la brasserie de Mora.<\/p>\n<p>Nous recommandons un s\u00e9jour du jeudi au samedi pour bien profiter de toutes ces activit\u00e9s.<\/p>\n<p>Nous vous convions \u00e0 un v\u00e9ritable voyage culinaire \u00e0 travers Mora et la Dal\u00e9carlie, \u00e0 effectuer avec une carte des diff\u00e9rents producteurs de la r\u00e9gion ou avec un guide (\u00e0 r\u00e9server).<\/p>\n<p>Nos sommeliers qualifi\u00e9s sont pr\u00eats \u00e0 vous conseiller ou vous proposer des d\u00e9gustations.<\/p>\n<p>2 nuit\u00e9es en chambre Double Premium avec peignoir, pantoufles, produits cosm\u00e9tiques Kerstin Florian, machine \u00e0 caf\u00e9 et minibar. Le tarif inclut le petit d\u00e9jeuner et le d\u00eener en deux \u00e9tapes (entr\u00e9e et plat principal) les deux soirs, ainsi que l&rsquo;acc\u00e8s \u00e0 l&rsquo;espace Relaxation pendant les deux jours.<\/p>\n","protected":false},"excerpt":{"rendered":"<p>Bienvenue dans un voyage culinaire \u00e0 Mora et Dalarna. Une carte de visite des diff\u00e9rents producteurs est pr\u00e9sent\u00e9e dans la r\u00e9gion ou nous organisons un guide (r\u00e9serv\u00e9 \u00e0 l&rsquo;avance).<\/p>\n","protected":false},"featured_media":16414,"comment_status":"closed","ping_status":"closed","template":"","meta":{"_acf_changed":false},"product_brand":[],"product_cat":[149],"product_tag":[166],"class_list":{"0":"post-16994","1":"product","2":"type-product","3":"status-publish","4":"has-post-thumbnail","6":"product_cat-offres-speciales","7":"product_tag-forfragningsprodukt-fr","9":"first","10":"instock","11":"virtual","12":"taxable","13":"purchasable","14":"product-type-simple"},"acf":[],"yoast_head":"<!-- This site is optimized with the Yoast SEO plugin v26.5 - https:\/\/yoast.com\/wordpress\/plugins\/seo\/ -->\n<title>Safari gastronomique autour de Mora - Mora Hotell &amp; Spa<\/title>\n<meta name=\"description\" content=\"Bienvenue dans un voyage culinaire \u00e0 Mora et Dalarna. Une carte de visite des diff\u00e9rents producteurs est pr\u00e9sent\u00e9e dans les environs imm\u00e9diats. Nous pouvons \u00e9galement organiser un guide\" \/>\n<meta name=\"robots\" content=\"index, follow, max-snippet:-1, max-image-preview:large, max-video-preview:-1\" \/>\n<link rel=\"canonical\" href=\"https:\/\/morahotell.se\/fr\/produkt\/offres-speciales\/safari-gastronomique-autour-de-mora\/\" \/>\n<meta property=\"og:locale\" content=\"fr_FR\" \/>\n<meta property=\"og:type\" content=\"article\" \/>\n<meta property=\"og:title\" content=\"Safari gastronomique autour de Mora - Mora Hotell &amp; Spa\" \/>\n<meta property=\"og:description\" content=\"Bienvenue dans un voyage culinaire \u00e0 Mora et Dalarna. Une carte de visite des diff\u00e9rents producteurs est pr\u00e9sent\u00e9e dans les environs imm\u00e9diats. Nous pouvons \u00e9galement organiser un guide\" \/>\n<meta property=\"og:url\" content=\"https:\/\/morahotell.se\/fr\/produkt\/offres-speciales\/safari-gastronomique-autour-de-mora\/\" \/>\n<meta property=\"og:site_name\" content=\"Mora Hotell &amp; Spa\" \/>\n<meta property=\"article:modified_time\" content=\"2023-05-15T07:26:20+00:00\" \/>\n<meta property=\"og:image\" content=\"https:\/\/morahotell.se\/wp-content\/uploads\/2023\/03\/lz9a9049_hansjo_mejeri.jpg\" \/>\n\t<meta property=\"og:image:width\" content=\"1920\" \/>\n\t<meta property=\"og:image:height\" content=\"1080\" \/>\n\t<meta property=\"og:image:type\" content=\"image\/jpeg\" \/>\n<meta name=\"twitter:card\" content=\"summary_large_image\" \/>\n<meta name=\"twitter:label1\" content=\"Dur\u00e9e de lecture estim\u00e9e\" \/>\n\t<meta name=\"twitter:data1\" content=\"1 minute\" \/>\n<script type=\"application\/ld+json\" class=\"yoast-schema-graph\">{\"@context\":\"https:\/\/schema.org\",\"@graph\":[{\"@type\":\"WebPage\",\"@id\":\"https:\/\/morahotell.se\/fr\/produkt\/offres-speciales\/safari-gastronomique-autour-de-mora\/\",\"url\":\"https:\/\/morahotell.se\/fr\/produkt\/offres-speciales\/safari-gastronomique-autour-de-mora\/\",\"name\":\"Safari gastronomique autour de Mora - Mora Hotell &amp; Spa\",\"isPartOf\":{\"@id\":\"https:\/\/morahotell.se\/fr\/#website\"},\"primaryImageOfPage\":{\"@id\":\"https:\/\/morahotell.se\/fr\/produkt\/offres-speciales\/safari-gastronomique-autour-de-mora\/#primaryimage\"},\"image\":{\"@id\":\"https:\/\/morahotell.se\/fr\/produkt\/offres-speciales\/safari-gastronomique-autour-de-mora\/#primaryimage\"},\"thumbnailUrl\":\"https:\/\/morahotell.se\/wp-content\/uploads\/2023\/03\/lz9a9049_hansjo_mejeri.jpg\",\"datePublished\":\"2022-04-29T06:53:37+00:00\",\"dateModified\":\"2023-05-15T07:26:20+00:00\",\"description\":\"Bienvenue dans un voyage culinaire \u00e0 Mora et Dalarna. Une carte de visite des diff\u00e9rents producteurs est pr\u00e9sent\u00e9e dans les environs imm\u00e9diats. Nous pouvons \u00e9galement organiser un guide\",\"breadcrumb\":{\"@id\":\"https:\/\/morahotell.se\/fr\/produkt\/offres-speciales\/safari-gastronomique-autour-de-mora\/#breadcrumb\"},\"inLanguage\":\"fr-FR\",\"potentialAction\":[{\"@type\":\"ReadAction\",\"target\":[\"https:\/\/morahotell.se\/fr\/produkt\/offres-speciales\/safari-gastronomique-autour-de-mora\/\"]}]},{\"@type\":\"ImageObject\",\"inLanguage\":\"fr-FR\",\"@id\":\"https:\/\/morahotell.se\/fr\/produkt\/offres-speciales\/safari-gastronomique-autour-de-mora\/#primaryimage\",\"url\":\"https:\/\/morahotell.se\/wp-content\/uploads\/2023\/03\/lz9a9049_hansjo_mejeri.jpg\",\"contentUrl\":\"https:\/\/morahotell.se\/wp-content\/uploads\/2023\/03\/lz9a9049_hansjo_mejeri.jpg\",\"width\":1920,\"height\":1080,\"caption\":\"hansj\u00f6 mejeri fantastisk god smak\"},{\"@type\":\"BreadcrumbList\",\"@id\":\"https:\/\/morahotell.se\/fr\/produkt\/offres-speciales\/safari-gastronomique-autour-de-mora\/#breadcrumb\",\"itemListElement\":[{\"@type\":\"ListItem\",\"position\":1,\"name\":\"Mora hotell\",\"item\":\"https:\/\/morahotell.se\/fr\/\"},{\"@type\":\"ListItem\",\"position\":2,\"name\":\"Bokning\",\"item\":\"https:\/\/morahotell.se\/bokning\/\"},{\"@type\":\"ListItem\",\"position\":3,\"name\":\"OFFRES SP\u00c9CIALES\",\"item\":\"https:\/\/morahotell.se\/fr\/produkt-kategori\/offres-speciales\/\"},{\"@type\":\"ListItem\",\"position\":4,\"name\":\"Safari gastronomique autour de Mora\"}]},{\"@type\":\"WebSite\",\"@id\":\"https:\/\/morahotell.se\/fr\/#website\",\"url\":\"https:\/\/morahotell.se\/fr\/\",\"name\":\"Mora Hotell &amp; Spa\",\"description\":\"Fyrstj\u00e4rnigt hotell i Mora, n\u00e4ra Siljan\",\"potentialAction\":[{\"@type\":\"SearchAction\",\"target\":{\"@type\":\"EntryPoint\",\"urlTemplate\":\"https:\/\/morahotell.se\/fr\/?s={search_term_string}\"},\"query-input\":{\"@type\":\"PropertyValueSpecification\",\"valueRequired\":true,\"valueName\":\"search_term_string\"}}],\"inLanguage\":\"fr-FR\"}]}<\/script>\n<!-- \/ Yoast SEO plugin. -->","yoast_head_json":{"title":"Safari gastronomique autour de Mora - Mora Hotell &amp; Spa","description":"Bienvenue dans un voyage culinaire \u00e0 Mora et Dalarna. Une carte de visite des diff\u00e9rents producteurs est pr\u00e9sent\u00e9e dans les environs imm\u00e9diats. Nous pouvons \u00e9galement organiser un guide","robots":{"index":"index","follow":"follow","max-snippet":"max-snippet:-1","max-image-preview":"max-image-preview:large","max-video-preview":"max-video-preview:-1"},"canonical":"https:\/\/morahotell.se\/fr\/produkt\/offres-speciales\/safari-gastronomique-autour-de-mora\/","og_locale":"fr_FR","og_type":"article","og_title":"Safari gastronomique autour de Mora - Mora Hotell &amp; Spa","og_description":"Bienvenue dans un voyage culinaire \u00e0 Mora et Dalarna. Une carte de visite des diff\u00e9rents producteurs est pr\u00e9sent\u00e9e dans les environs imm\u00e9diats. Nous pouvons \u00e9galement organiser un guide","og_url":"https:\/\/morahotell.se\/fr\/produkt\/offres-speciales\/safari-gastronomique-autour-de-mora\/","og_site_name":"Mora Hotell &amp; Spa","article_modified_time":"2023-05-15T07:26:20+00:00","og_image":[{"width":1920,"height":1080,"url":"https:\/\/morahotell.se\/wp-content\/uploads\/2023\/03\/lz9a9049_hansjo_mejeri.jpg","type":"image\/jpeg"}],"twitter_card":"summary_large_image","twitter_misc":{"Dur\u00e9e de lecture estim\u00e9e":"1 minute"},"schema":{"@context":"https:\/\/schema.org","@graph":[{"@type":"WebPage","@id":"https:\/\/morahotell.se\/fr\/produkt\/offres-speciales\/safari-gastronomique-autour-de-mora\/","url":"https:\/\/morahotell.se\/fr\/produkt\/offres-speciales\/safari-gastronomique-autour-de-mora\/","name":"Safari gastronomique autour de Mora - Mora Hotell &amp; Spa","isPartOf":{"@id":"https:\/\/morahotell.se\/fr\/#website"},"primaryImageOfPage":{"@id":"https:\/\/morahotell.se\/fr\/produkt\/offres-speciales\/safari-gastronomique-autour-de-mora\/#primaryimage"},"image":{"@id":"https:\/\/morahotell.se\/fr\/produkt\/offres-speciales\/safari-gastronomique-autour-de-mora\/#primaryimage"},"thumbnailUrl":"https:\/\/morahotell.se\/wp-content\/uploads\/2023\/03\/lz9a9049_hansjo_mejeri.jpg","datePublished":"2022-04-29T06:53:37+00:00","dateModified":"2023-05-15T07:26:20+00:00","description":"Bienvenue dans un voyage culinaire \u00e0 Mora et Dalarna. Une carte de visite des diff\u00e9rents producteurs est pr\u00e9sent\u00e9e dans les environs imm\u00e9diats. Nous pouvons \u00e9galement organiser un guide","breadcrumb":{"@id":"https:\/\/morahotell.se\/fr\/produkt\/offres-speciales\/safari-gastronomique-autour-de-mora\/#breadcrumb"},"inLanguage":"fr-FR","potentialAction":[{"@type":"ReadAction","target":["https:\/\/morahotell.se\/fr\/produkt\/offres-speciales\/safari-gastronomique-autour-de-mora\/"]}]},{"@type":"ImageObject","inLanguage":"fr-FR","@id":"https:\/\/morahotell.se\/fr\/produkt\/offres-speciales\/safari-gastronomique-autour-de-mora\/#primaryimage","url":"https:\/\/morahotell.se\/wp-content\/uploads\/2023\/03\/lz9a9049_hansjo_mejeri.jpg","contentUrl":"https:\/\/morahotell.se\/wp-content\/uploads\/2023\/03\/lz9a9049_hansjo_mejeri.jpg","width":1920,"height":1080,"caption":"hansj\u00f6 mejeri fantastisk god smak"},{"@type":"BreadcrumbList","@id":"https:\/\/morahotell.se\/fr\/produkt\/offres-speciales\/safari-gastronomique-autour-de-mora\/#breadcrumb","itemListElement":[{"@type":"ListItem","position":1,"name":"Mora hotell","item":"https:\/\/morahotell.se\/fr\/"},{"@type":"ListItem","position":2,"name":"Bokning","item":"https:\/\/morahotell.se\/bokning\/"},{"@type":"ListItem","position":3,"name":"OFFRES SP\u00c9CIALES","item":"https:\/\/morahotell.se\/fr\/produkt-kategori\/offres-speciales\/"},{"@type":"ListItem","position":4,"name":"Safari gastronomique autour de Mora"}]},{"@type":"WebSite","@id":"https:\/\/morahotell.se\/fr\/#website","url":"https:\/\/morahotell.se\/fr\/","name":"Mora Hotell &amp; Spa","description":"Fyrstj\u00e4rnigt hotell i Mora, n\u00e4ra Siljan","potentialAction":[{"@type":"SearchAction","target":{"@type":"EntryPoint","urlTemplate":"https:\/\/morahotell.se\/fr\/?s={search_term_string}"},"query-input":{"@type":"PropertyValueSpecification","valueRequired":true,"valueName":"search_term_string"}}],"inLanguage":"fr-FR"}]}},"_links":{"self":[{"href":"https:\/\/morahotell.se\/fr\/wp-json\/wp\/v2\/product\/16994","targetHints":{"allow":["GET"]}}],"collection":[{"href":"https:\/\/morahotell.se\/fr\/wp-json\/wp\/v2\/product"}],"about":[{"href":"https:\/\/morahotell.se\/fr\/wp-json\/wp\/v2\/types\/product"}],"replies":[{"embeddable":true,"href":"https:\/\/morahotell.se\/fr\/wp-json\/wp\/v2\/comments?post=16994"}],"wp:featuredmedia":[{"embeddable":true,"href":"https:\/\/morahotell.se\/fr\/wp-json\/wp\/v2\/media\/16414"}],"wp:attachment":[{"href":"https:\/\/morahotell.se\/fr\/wp-json\/wp\/v2\/media?parent=16994"}],"wp:term":[{"taxonomy":"product_brand","embeddable":true,"href":"https:\/\/morahotell.se\/fr\/wp-json\/wp\/v2\/product_brand?post=16994"},{"taxonomy":"product_cat","embeddable":true,"href":"https:\/\/morahotell.se\/fr\/wp-json\/wp\/v2\/product_cat?post=16994"},{"taxonomy":"product_tag","embeddable":true,"href":"https:\/\/morahotell.se\/fr\/wp-json\/wp\/v2\/product_tag?post=16994"}],"curies":[{"name":"wp","href":"https:\/\/api.w.org\/{rel}","templated":true}]}}