{"id":16991,"date":"2022-04-29T08:47:54","date_gmt":"2022-04-29T06:47:54","guid":{"rendered":"https:\/\/morahotell.se\/produkt\/non%20class\u00e9\/mora-weekend\/"},"modified":"2025-10-16T11:02:20","modified_gmt":"2025-10-16T09:02:20","slug":"mora-weekend","status":"publish","type":"product","link":"https:\/\/morahotell.se\/fr\/produkt\/offres-speciales\/mora-weekend\/","title":{"rendered":"Mora Weekend"},"content":{"rendered":"<p><span data-sheets-value=\"{&quot;1&quot;:2,&quot;2&quot;:&quot;Week-end \u00e0 Mora\\nUn week-end bien rempli pour les amateurs de culture, de shopping et de gastronomie.\\nAccordez-vous un week-end hors du temps qui inclut un d\u00e9licieux d\u00eener en trois \u00e9tapes dans notre restaurant.\\n\\nNotre \u00e9tablissement est situ\u00e9 en plein centre-ville, face au lac Siljan et \u00e0 proximit\u00e9 de sites tels que le mus\u00e9e Zorn ou la maison du couple Zorn (Zorng\u00e5rden), la maison d'artiste la plus c\u00e9l\u00e8bre de Su\u00e8de. Plus d'informations sur Anders Zorn ici.\\n\\nVous pouvez \u00e9galement faire une excursion \u00e0 Nusn\u00e4s pour d\u00e9couvrir comment les v\u00e9ritables chevaux de Dal\u00e9carlie sont fabriqu\u00e9s.\\n\\nCette pack vous donne acc\u00e8s \u00e0 notre espace Relaxation. Imaginez-vous, confortablement install\u00e9 devant le feu de la chemin\u00e9e, sirotant un excellent ap\u00e9ritif en attendant votre d\u00eener en trois \u00e9tapes !\\n\\nNotre menu est \u00e9labor\u00e9 \u00e0 partir d'ingr\u00e9dients locaux par un chef renomm\u00e9, et nos vins et spiritueux sont savamment s\u00e9lectionn\u00e9s par des sommeliers qualifi\u00e9s.\\n\\nCette offre n'est pas disponible pendant les p\u00e9riodes de No\u00ebl, du Nouvel An et des comp\u00e9titions de la Vasaloppet.\\n\\nLe tarif indiqu\u00e9 correspond au prix par personne et par nuit\\n\\n\u00c0 partir de 1660 SEK par personne&quot;}\" data-sheets-userformat=\"{&quot;2&quot;:14655,&quot;3&quot;:{&quot;1&quot;:0,&quot;3&quot;:1},&quot;4&quot;:{&quot;1&quot;:2,&quot;2&quot;:16777215},&quot;5&quot;:{&quot;1&quot;:[{&quot;1&quot;:2,&quot;2&quot;:0,&quot;5&quot;:{&quot;1&quot;:2,&quot;2&quot;:11184810}},{&quot;1&quot;:0,&quot;2&quot;:0,&quot;3&quot;:3},{&quot;1&quot;:1,&quot;2&quot;:0,&quot;4&quot;:1}]},&quot;6&quot;:{&quot;1&quot;:[{&quot;1&quot;:2,&quot;2&quot;:0,&quot;5&quot;:{&quot;1&quot;:2,&quot;2&quot;:11184810}},{&quot;1&quot;:0,&quot;2&quot;:0,&quot;3&quot;:3},{&quot;1&quot;:1,&quot;2&quot;:0,&quot;4&quot;:1}]},&quot;7&quot;:{&quot;1&quot;:[{&quot;1&quot;:2,&quot;2&quot;:0,&quot;5&quot;:{&quot;1&quot;:2,&quot;2&quot;:11184810}},{&quot;1&quot;:0,&quot;2&quot;:0,&quot;3&quot;:3},{&quot;1&quot;:1,&quot;2&quot;:0,&quot;4&quot;:1}]},&quot;8&quot;:{&quot;1&quot;:[{&quot;1&quot;:2,&quot;2&quot;:0,&quot;5&quot;:{&quot;1&quot;:2,&quot;2&quot;:11184810}},{&quot;1&quot;:0,&quot;2&quot;:0,&quot;3&quot;:3},{&quot;1&quot;:1,&quot;2&quot;:0,&quot;4&quot;:1}]},&quot;11&quot;:4,&quot;14&quot;:{&quot;1&quot;:2,&quot;2&quot;:0},&quot;15&quot;:&quot;IBM Plex Sans&quot;,&quot;16&quot;:10}\">Week-end \u00e0 Mora<br \/>\nUn week-end bien rempli pour les amateurs de culture, de shopping et de gastronomie.<br \/>\nAccordez-vous un week-end hors du temps qui inclut un d\u00e9licieux d\u00eener en trois \u00e9tapes dans notre restaurant.<\/span><\/p>\n<p>Notre \u00e9tablissement est situ\u00e9 en plein centre-ville, face au lac Siljan et \u00e0 proximit\u00e9 de sites tels que le mus\u00e9e Zorn ou la maison du couple Zorn (Zorng\u00e5rden), la maison d&rsquo;artiste la plus c\u00e9l\u00e8bre de Su\u00e8de. Plus d&rsquo;informations sur Anders Zorn ici.<\/p>\n<p>Vous pouvez \u00e9galement faire une excursion \u00e0 Nusn\u00e4s pour d\u00e9couvrir comment les v\u00e9ritables chevaux de Dal\u00e9carlie sont fabriqu\u00e9s.<\/p>\n<p>Cette pack vous donne acc\u00e8s \u00e0 notre espace Relaxation. Imaginez-vous, confortablement install\u00e9 devant le feu de la chemin\u00e9e, sirotant un excellent ap\u00e9ritif en attendant votre d\u00eener en trois \u00e9tapes !<\/p>\n<p>Notre menu est \u00e9labor\u00e9 \u00e0 partir d&rsquo;ingr\u00e9dients locaux par un chef renomm\u00e9, et nos vins et spiritueux sont savamment s\u00e9lectionn\u00e9s par des sommeliers qualifi\u00e9s.<\/p>\n<p>Cette offre n&rsquo;est pas disponible pendant les p\u00e9riodes de No\u00ebl, du Nouvel An et des comp\u00e9titions de la Vasaloppet.<\/p>\n<p>Le tarif indiqu\u00e9 correspond au prix par personne et par nuit.<\/p>\n","protected":false},"excerpt":{"rendered":"<h1>Mora Week-end<\/h1>\n<h3>Un beau week-end sous le signe de la culture, du shopping et d&rsquo;un d\u00e9licieux d\u00eener 3 services !<\/h3>\n<p>Offrez-vous un week-end agr\u00e9able et relaxant avec de nombreuses exp\u00e9riences passionnantes et un d\u00e9licieux d\u00eener \u00e0 3 plats.<\/p>\n","protected":false},"featured_media":15915,"comment_status":"closed","ping_status":"closed","template":"","meta":{"_acf_changed":false},"product_brand":[],"product_cat":[162,161,149,165],"product_tag":[166,150],"class_list":{"0":"post-16991","1":"product","2":"type-product","3":"status-publish","4":"has-post-thumbnail","6":"product_cat-automne-hiver","7":"product_cat-notre-ete","8":"product_cat-offres-speciales","9":"product_cat-uppleva-mora-fr","10":"product_tag-forfragningsprodukt-fr","11":"product_tag-paket-startsidan-fr","13":"first","14":"instock","15":"virtual","16":"taxable","17":"purchasable","18":"product-type-simple"},"acf":[],"yoast_head":"<!-- This site is optimized with the Yoast SEO plugin v26.5 - https:\/\/yoast.com\/wordpress\/plugins\/seo\/ -->\n<title>Mora Weekend - Mora Hotell &amp; Spa<\/title>\n<meta name=\"description\" content=\"Offrez-vous un week-end agr\u00e9able et relaxant avec de nombreuses exp\u00e9riences passionnantes et un d\u00e9licieux d\u00eener \u00e0 3 plats. Contactez-nous pour r\u00e9server.\" \/>\n<meta name=\"robots\" content=\"index, follow, max-snippet:-1, max-image-preview:large, max-video-preview:-1\" \/>\n<link rel=\"canonical\" href=\"https:\/\/morahotell.se\/fr\/produkt\/offres-speciales\/mora-weekend\/\" \/>\n<meta property=\"og:locale\" content=\"fr_FR\" \/>\n<meta property=\"og:type\" content=\"article\" \/>\n<meta property=\"og:title\" content=\"Mora Weekend - Mora Hotell &amp; Spa\" \/>\n<meta property=\"og:description\" content=\"Offrez-vous un week-end agr\u00e9able et relaxant avec de nombreuses exp\u00e9riences passionnantes et un d\u00e9licieux d\u00eener \u00e0 3 plats. Contactez-nous pour r\u00e9server.\" \/>\n<meta property=\"og:url\" content=\"https:\/\/morahotell.se\/fr\/produkt\/offres-speciales\/mora-weekend\/\" \/>\n<meta property=\"og:site_name\" content=\"Mora Hotell &amp; Spa\" \/>\n<meta property=\"article:modified_time\" content=\"2025-10-16T09:02:20+00:00\" \/>\n<meta property=\"og:image\" content=\"https:\/\/morahotell.se\/wp-content\/uploads\/2022\/04\/mat-pa\u030a-va\u0308g-1.jpg\" \/>\n\t<meta property=\"og:image:width\" content=\"1467\" \/>\n\t<meta property=\"og:image:height\" content=\"2200\" \/>\n\t<meta property=\"og:image:type\" content=\"image\/jpeg\" \/>\n<meta name=\"twitter:card\" content=\"summary_large_image\" \/>\n<meta name=\"twitter:label1\" content=\"Dur\u00e9e de lecture estim\u00e9e\" \/>\n\t<meta name=\"twitter:data1\" content=\"1 minute\" \/>\n<script type=\"application\/ld+json\" class=\"yoast-schema-graph\">{\"@context\":\"https:\/\/schema.org\",\"@graph\":[{\"@type\":\"WebPage\",\"@id\":\"https:\/\/morahotell.se\/fr\/produkt\/offres-speciales\/mora-weekend\/\",\"url\":\"https:\/\/morahotell.se\/fr\/produkt\/offres-speciales\/mora-weekend\/\",\"name\":\"Mora Weekend - Mora Hotell &amp; Spa\",\"isPartOf\":{\"@id\":\"https:\/\/morahotell.se\/fr\/#website\"},\"primaryImageOfPage\":{\"@id\":\"https:\/\/morahotell.se\/fr\/produkt\/offres-speciales\/mora-weekend\/#primaryimage\"},\"image\":{\"@id\":\"https:\/\/morahotell.se\/fr\/produkt\/offres-speciales\/mora-weekend\/#primaryimage\"},\"thumbnailUrl\":\"https:\/\/morahotell.se\/wp-content\/uploads\/2022\/04\/mat-pa\u030a-va\u0308g-1.jpg\",\"datePublished\":\"2022-04-29T06:47:54+00:00\",\"dateModified\":\"2025-10-16T09:02:20+00:00\",\"description\":\"Offrez-vous un week-end agr\u00e9able et relaxant avec de nombreuses exp\u00e9riences passionnantes et un d\u00e9licieux d\u00eener \u00e0 3 plats. Contactez-nous pour r\u00e9server.\",\"breadcrumb\":{\"@id\":\"https:\/\/morahotell.se\/fr\/produkt\/offres-speciales\/mora-weekend\/#breadcrumb\"},\"inLanguage\":\"fr-FR\",\"potentialAction\":[{\"@type\":\"ReadAction\",\"target\":[\"https:\/\/morahotell.se\/fr\/produkt\/offres-speciales\/mora-weekend\/\"]}]},{\"@type\":\"ImageObject\",\"inLanguage\":\"fr-FR\",\"@id\":\"https:\/\/morahotell.se\/fr\/produkt\/offres-speciales\/mora-weekend\/#primaryimage\",\"url\":\"https:\/\/morahotell.se\/wp-content\/uploads\/2022\/04\/mat-pa\u030a-va\u0308g-1.jpg\",\"contentUrl\":\"https:\/\/morahotell.se\/wp-content\/uploads\/2022\/04\/mat-pa\u030a-va\u0308g-1.jpg\",\"width\":1467,\"height\":2200,\"caption\":\"carpaccio p\u00e5 mora hotell\"},{\"@type\":\"BreadcrumbList\",\"@id\":\"https:\/\/morahotell.se\/fr\/produkt\/offres-speciales\/mora-weekend\/#breadcrumb\",\"itemListElement\":[{\"@type\":\"ListItem\",\"position\":1,\"name\":\"Mora hotell\",\"item\":\"https:\/\/morahotell.se\/fr\/\"},{\"@type\":\"ListItem\",\"position\":2,\"name\":\"Bokning\",\"item\":\"https:\/\/morahotell.se\/bokning\/\"},{\"@type\":\"ListItem\",\"position\":3,\"name\":\"OFFRES SP\u00c9CIALES\",\"item\":\"https:\/\/morahotell.se\/fr\/produkt-kategori\/offres-speciales\/\"},{\"@type\":\"ListItem\",\"position\":4,\"name\":\"Mora Weekend\"}]},{\"@type\":\"WebSite\",\"@id\":\"https:\/\/morahotell.se\/fr\/#website\",\"url\":\"https:\/\/morahotell.se\/fr\/\",\"name\":\"Mora Hotell &amp; Spa\",\"description\":\"Fyrstj\u00e4rnigt hotell i Mora, n\u00e4ra Siljan\",\"potentialAction\":[{\"@type\":\"SearchAction\",\"target\":{\"@type\":\"EntryPoint\",\"urlTemplate\":\"https:\/\/morahotell.se\/fr\/?s={search_term_string}\"},\"query-input\":{\"@type\":\"PropertyValueSpecification\",\"valueRequired\":true,\"valueName\":\"search_term_string\"}}],\"inLanguage\":\"fr-FR\"}]}<\/script>\n<!-- \/ Yoast SEO plugin. -->","yoast_head_json":{"title":"Mora Weekend - Mora Hotell &amp; Spa","description":"Offrez-vous un week-end agr\u00e9able et relaxant avec de nombreuses exp\u00e9riences passionnantes et un d\u00e9licieux d\u00eener \u00e0 3 plats. Contactez-nous pour r\u00e9server.","robots":{"index":"index","follow":"follow","max-snippet":"max-snippet:-1","max-image-preview":"max-image-preview:large","max-video-preview":"max-video-preview:-1"},"canonical":"https:\/\/morahotell.se\/fr\/produkt\/offres-speciales\/mora-weekend\/","og_locale":"fr_FR","og_type":"article","og_title":"Mora Weekend - Mora Hotell &amp; Spa","og_description":"Offrez-vous un week-end agr\u00e9able et relaxant avec de nombreuses exp\u00e9riences passionnantes et un d\u00e9licieux d\u00eener \u00e0 3 plats. Contactez-nous pour r\u00e9server.","og_url":"https:\/\/morahotell.se\/fr\/produkt\/offres-speciales\/mora-weekend\/","og_site_name":"Mora Hotell &amp; Spa","article_modified_time":"2025-10-16T09:02:20+00:00","og_image":[{"width":1467,"height":2200,"url":"https:\/\/morahotell.se\/wp-content\/uploads\/2022\/04\/mat-pa\u030a-va\u0308g-1.jpg","type":"image\/jpeg"}],"twitter_card":"summary_large_image","twitter_misc":{"Dur\u00e9e de lecture estim\u00e9e":"1 minute"},"schema":{"@context":"https:\/\/schema.org","@graph":[{"@type":"WebPage","@id":"https:\/\/morahotell.se\/fr\/produkt\/offres-speciales\/mora-weekend\/","url":"https:\/\/morahotell.se\/fr\/produkt\/offres-speciales\/mora-weekend\/","name":"Mora Weekend - Mora Hotell &amp; Spa","isPartOf":{"@id":"https:\/\/morahotell.se\/fr\/#website"},"primaryImageOfPage":{"@id":"https:\/\/morahotell.se\/fr\/produkt\/offres-speciales\/mora-weekend\/#primaryimage"},"image":{"@id":"https:\/\/morahotell.se\/fr\/produkt\/offres-speciales\/mora-weekend\/#primaryimage"},"thumbnailUrl":"https:\/\/morahotell.se\/wp-content\/uploads\/2022\/04\/mat-pa\u030a-va\u0308g-1.jpg","datePublished":"2022-04-29T06:47:54+00:00","dateModified":"2025-10-16T09:02:20+00:00","description":"Offrez-vous un week-end agr\u00e9able et relaxant avec de nombreuses exp\u00e9riences passionnantes et un d\u00e9licieux d\u00eener \u00e0 3 plats. Contactez-nous pour r\u00e9server.","breadcrumb":{"@id":"https:\/\/morahotell.se\/fr\/produkt\/offres-speciales\/mora-weekend\/#breadcrumb"},"inLanguage":"fr-FR","potentialAction":[{"@type":"ReadAction","target":["https:\/\/morahotell.se\/fr\/produkt\/offres-speciales\/mora-weekend\/"]}]},{"@type":"ImageObject","inLanguage":"fr-FR","@id":"https:\/\/morahotell.se\/fr\/produkt\/offres-speciales\/mora-weekend\/#primaryimage","url":"https:\/\/morahotell.se\/wp-content\/uploads\/2022\/04\/mat-pa\u030a-va\u0308g-1.jpg","contentUrl":"https:\/\/morahotell.se\/wp-content\/uploads\/2022\/04\/mat-pa\u030a-va\u0308g-1.jpg","width":1467,"height":2200,"caption":"carpaccio p\u00e5 mora hotell"},{"@type":"BreadcrumbList","@id":"https:\/\/morahotell.se\/fr\/produkt\/offres-speciales\/mora-weekend\/#breadcrumb","itemListElement":[{"@type":"ListItem","position":1,"name":"Mora hotell","item":"https:\/\/morahotell.se\/fr\/"},{"@type":"ListItem","position":2,"name":"Bokning","item":"https:\/\/morahotell.se\/bokning\/"},{"@type":"ListItem","position":3,"name":"OFFRES SP\u00c9CIALES","item":"https:\/\/morahotell.se\/fr\/produkt-kategori\/offres-speciales\/"},{"@type":"ListItem","position":4,"name":"Mora Weekend"}]},{"@type":"WebSite","@id":"https:\/\/morahotell.se\/fr\/#website","url":"https:\/\/morahotell.se\/fr\/","name":"Mora Hotell &amp; Spa","description":"Fyrstj\u00e4rnigt hotell i Mora, n\u00e4ra Siljan","potentialAction":[{"@type":"SearchAction","target":{"@type":"EntryPoint","urlTemplate":"https:\/\/morahotell.se\/fr\/?s={search_term_string}"},"query-input":{"@type":"PropertyValueSpecification","valueRequired":true,"valueName":"search_term_string"}}],"inLanguage":"fr-FR"}]}},"_links":{"self":[{"href":"https:\/\/morahotell.se\/fr\/wp-json\/wp\/v2\/product\/16991","targetHints":{"allow":["GET"]}}],"collection":[{"href":"https:\/\/morahotell.se\/fr\/wp-json\/wp\/v2\/product"}],"about":[{"href":"https:\/\/morahotell.se\/fr\/wp-json\/wp\/v2\/types\/product"}],"replies":[{"embeddable":true,"href":"https:\/\/morahotell.se\/fr\/wp-json\/wp\/v2\/comments?post=16991"}],"wp:featuredmedia":[{"embeddable":true,"href":"https:\/\/morahotell.se\/fr\/wp-json\/wp\/v2\/media\/15915"}],"wp:attachment":[{"href":"https:\/\/morahotell.se\/fr\/wp-json\/wp\/v2\/media?parent=16991"}],"wp:term":[{"taxonomy":"product_brand","embeddable":true,"href":"https:\/\/morahotell.se\/fr\/wp-json\/wp\/v2\/product_brand?post=16991"},{"taxonomy":"product_cat","embeddable":true,"href":"https:\/\/morahotell.se\/fr\/wp-json\/wp\/v2\/product_cat?post=16991"},{"taxonomy":"product_tag","embeddable":true,"href":"https:\/\/morahotell.se\/fr\/wp-json\/wp\/v2\/product_tag?post=16991"}],"curies":[{"name":"wp","href":"https:\/\/api.w.org\/{rel}","templated":true}]}}