{"id":28839,"date":"2022-05-09T16:31:54","date_gmt":"2022-05-09T14:31:54","guid":{"rendered":"https:\/\/morahotell.se\/?page_id=28839"},"modified":"2025-10-09T15:29:13","modified_gmt":"2025-10-09T13:29:13","slug":"acheter-des-cheques-cadeaux","status":"publish","type":"page","link":"https:\/\/morahotell.se\/fr\/a-propos-de-nousom-oss\/acheter-des-cheques-cadeaux\/","title":{"rendered":"Acheter des ch\u00e8ques-cadeaux"},"content":{"rendered":"\n\n\t<h1>Acheter des ch\u00e8ques-cadeaux<\/h1>\n\t<p>Carte cadeau \u00e0 Mora Hotell &amp; Spa &#8211; le cadeau id\u00e9al. Offrez une exp\u00e9rience luxueuse \u00e0 une personne qui vous est ch\u00e8re.<\/p>\n\t<h2>La carte s&rsquo;applique \u00e0 l&rsquo;ensemble de notre offre<\/h2>\n<p>Lorsque vous offrez une carte-cadeau de Mora Hotell &amp; Spa, elle s&rsquo;applique \u00e0 l&rsquo;ensemble de notre offre &#8211; y compris l&rsquo;h\u00e9bergement, le spa, le restaurant ou l&rsquo;une de nos activit\u00e9s. Il n&rsquo;est pas n\u00e9cessaire de pr\u00e9ciser ce qui doit \u00eatre inclus. Laissez le b\u00e9n\u00e9ficiaire choisir lui-m\u00eame.<\/p>\n\t<h3>Quels sont les diff\u00e9rents niveaux de cartes-cadeaux ?<\/h3>\n<p>Vous d\u00e9cidez vous-m\u00eame du montant qui doit figurer sur la carte.<\/p>\n<p>A noter : la carte ne peut pas \u00eatre \u00e9chang\u00e9e contre de l&rsquo;argent. La carte ne peut pas \u00eatre \u00e9chang\u00e9e contre de l&rsquo;argent liquide.<\/p>\n\t\t\t<a href=\"https:\/\/book.morahotell.se\/voucher?langid=2\" target=\"_self\">\n\t\t\t\t\t\t\tR\u00e9server une carte cadeau\n\t\t\t\t\t<\/a>\n\n","protected":false},"excerpt":{"rendered":"<p>Acheter des ch\u00e8ques-cadeaux Carte cadeau \u00e0 Mora Hotell &amp; Spa &#8211; le cadeau id\u00e9al. Offrez une exp\u00e9rience luxueuse \u00e0 une personne qui vous est ch\u00e8re. La carte s&rsquo;applique \u00e0 l&rsquo;ensemble de notre offre Lorsque vous offrez une carte-cadeau de Mora Hotell &amp; Spa, elle s&rsquo;applique \u00e0 l&rsquo;ensemble de notre offre &#8211; y compris l&rsquo;h\u00e9bergement, le&hellip;<\/p>\n","protected":false},"author":1,"featured_media":0,"parent":17260,"menu_order":57,"comment_status":"closed","ping_status":"closed","template":"","meta":{"_acf_changed":false,"footnotes":""},"pa-gang-just-nu":[],"class_list":["post-28839","page","type-page","status-publish","hentry"],"acf":[],"yoast_head":"<!-- This site is optimized with the Yoast SEO plugin v26.5 - https:\/\/yoast.com\/wordpress\/plugins\/seo\/ -->\n<title>Acheter des ch\u00e8ques-cadeaux - Mora Hotell &amp; Spa<\/title>\n<meta name=\"robots\" content=\"index, follow, max-snippet:-1, max-image-preview:large, max-video-preview:-1\" \/>\n<link rel=\"canonical\" href=\"https:\/\/morahotell.se\/fr\/a-propos-de-nousom-oss\/acheter-des-cheques-cadeaux\/\" \/>\n<meta property=\"og:locale\" content=\"fr_FR\" \/>\n<meta property=\"og:type\" content=\"article\" \/>\n<meta property=\"og:title\" content=\"Acheter des ch\u00e8ques-cadeaux - Mora Hotell &amp; Spa\" \/>\n<meta property=\"og:description\" content=\"Acheter des ch\u00e8ques-cadeaux Carte cadeau \u00e0 Mora Hotell &amp; Spa &#8211; le cadeau id\u00e9al. Offrez une exp\u00e9rience luxueuse \u00e0 une personne qui vous est ch\u00e8re. La carte s&rsquo;applique \u00e0 l&rsquo;ensemble de notre offre Lorsque vous offrez une carte-cadeau de Mora Hotell &amp; Spa, elle s&rsquo;applique \u00e0 l&rsquo;ensemble de notre offre &#8211; y compris l&rsquo;h\u00e9bergement, le&hellip;\" \/>\n<meta property=\"og:url\" content=\"https:\/\/morahotell.se\/fr\/a-propos-de-nousom-oss\/acheter-des-cheques-cadeaux\/\" \/>\n<meta property=\"og:site_name\" content=\"Mora Hotell &amp; Spa\" \/>\n<meta property=\"article:modified_time\" content=\"2025-10-09T13:29:13+00:00\" \/>\n<meta name=\"twitter:card\" content=\"summary_large_image\" \/>\n<meta name=\"twitter:label1\" content=\"Dur\u00e9e de lecture estim\u00e9e\" \/>\n\t<meta name=\"twitter:data1\" content=\"1 minute\" \/>\n<script type=\"application\/ld+json\" class=\"yoast-schema-graph\">{\"@context\":\"https:\/\/schema.org\",\"@graph\":[{\"@type\":\"WebPage\",\"@id\":\"https:\/\/morahotell.se\/fr\/a-propos-de-nousom-oss\/acheter-des-cheques-cadeaux\/\",\"url\":\"https:\/\/morahotell.se\/fr\/a-propos-de-nousom-oss\/acheter-des-cheques-cadeaux\/\",\"name\":\"Acheter des ch\u00e8ques-cadeaux - Mora Hotell &amp; Spa\",\"isPartOf\":{\"@id\":\"https:\/\/morahotell.se\/fr\/#website\"},\"datePublished\":\"2022-05-09T14:31:54+00:00\",\"dateModified\":\"2025-10-09T13:29:13+00:00\",\"breadcrumb\":{\"@id\":\"https:\/\/morahotell.se\/fr\/a-propos-de-nousom-oss\/acheter-des-cheques-cadeaux\/#breadcrumb\"},\"inLanguage\":\"fr-FR\",\"potentialAction\":[{\"@type\":\"ReadAction\",\"target\":[\"https:\/\/morahotell.se\/fr\/a-propos-de-nousom-oss\/acheter-des-cheques-cadeaux\/\"]}]},{\"@type\":\"BreadcrumbList\",\"@id\":\"https:\/\/morahotell.se\/fr\/a-propos-de-nousom-oss\/acheter-des-cheques-cadeaux\/#breadcrumb\",\"itemListElement\":[{\"@type\":\"ListItem\",\"position\":1,\"name\":\"Mora hotell\",\"item\":\"https:\/\/morahotell.se\/fr\/\"},{\"@type\":\"ListItem\",\"position\":2,\"name\":\"\u00c0 propos de nous\",\"item\":\"https:\/\/morahotell.se\/fr\/a-propos-de-nousom-oss\/\"},{\"@type\":\"ListItem\",\"position\":3,\"name\":\"Acheter des ch\u00e8ques-cadeaux\"}]},{\"@type\":\"WebSite\",\"@id\":\"https:\/\/morahotell.se\/fr\/#website\",\"url\":\"https:\/\/morahotell.se\/fr\/\",\"name\":\"Mora Hotell &amp; Spa\",\"description\":\"Fyrstj\u00e4rnigt hotell i Mora, n\u00e4ra Siljan\",\"potentialAction\":[{\"@type\":\"SearchAction\",\"target\":{\"@type\":\"EntryPoint\",\"urlTemplate\":\"https:\/\/morahotell.se\/fr\/?s={search_term_string}\"},\"query-input\":{\"@type\":\"PropertyValueSpecification\",\"valueRequired\":true,\"valueName\":\"search_term_string\"}}],\"inLanguage\":\"fr-FR\"}]}<\/script>\n<!-- \/ Yoast SEO plugin. -->","yoast_head_json":{"title":"Acheter des ch\u00e8ques-cadeaux - Mora Hotell &amp; Spa","robots":{"index":"index","follow":"follow","max-snippet":"max-snippet:-1","max-image-preview":"max-image-preview:large","max-video-preview":"max-video-preview:-1"},"canonical":"https:\/\/morahotell.se\/fr\/a-propos-de-nousom-oss\/acheter-des-cheques-cadeaux\/","og_locale":"fr_FR","og_type":"article","og_title":"Acheter des ch\u00e8ques-cadeaux - Mora Hotell &amp; Spa","og_description":"Acheter des ch\u00e8ques-cadeaux Carte cadeau \u00e0 Mora Hotell &amp; Spa &#8211; le cadeau id\u00e9al. Offrez une exp\u00e9rience luxueuse \u00e0 une personne qui vous est ch\u00e8re. La carte s&rsquo;applique \u00e0 l&rsquo;ensemble de notre offre Lorsque vous offrez une carte-cadeau de Mora Hotell &amp; Spa, elle s&rsquo;applique \u00e0 l&rsquo;ensemble de notre offre &#8211; y compris l&rsquo;h\u00e9bergement, le&hellip;","og_url":"https:\/\/morahotell.se\/fr\/a-propos-de-nousom-oss\/acheter-des-cheques-cadeaux\/","og_site_name":"Mora Hotell &amp; Spa","article_modified_time":"2025-10-09T13:29:13+00:00","twitter_card":"summary_large_image","twitter_misc":{"Dur\u00e9e de lecture estim\u00e9e":"1 minute"},"schema":{"@context":"https:\/\/schema.org","@graph":[{"@type":"WebPage","@id":"https:\/\/morahotell.se\/fr\/a-propos-de-nousom-oss\/acheter-des-cheques-cadeaux\/","url":"https:\/\/morahotell.se\/fr\/a-propos-de-nousom-oss\/acheter-des-cheques-cadeaux\/","name":"Acheter des ch\u00e8ques-cadeaux - Mora Hotell &amp; Spa","isPartOf":{"@id":"https:\/\/morahotell.se\/fr\/#website"},"datePublished":"2022-05-09T14:31:54+00:00","dateModified":"2025-10-09T13:29:13+00:00","breadcrumb":{"@id":"https:\/\/morahotell.se\/fr\/a-propos-de-nousom-oss\/acheter-des-cheques-cadeaux\/#breadcrumb"},"inLanguage":"fr-FR","potentialAction":[{"@type":"ReadAction","target":["https:\/\/morahotell.se\/fr\/a-propos-de-nousom-oss\/acheter-des-cheques-cadeaux\/"]}]},{"@type":"BreadcrumbList","@id":"https:\/\/morahotell.se\/fr\/a-propos-de-nousom-oss\/acheter-des-cheques-cadeaux\/#breadcrumb","itemListElement":[{"@type":"ListItem","position":1,"name":"Mora hotell","item":"https:\/\/morahotell.se\/fr\/"},{"@type":"ListItem","position":2,"name":"\u00c0 propos de nous","item":"https:\/\/morahotell.se\/fr\/a-propos-de-nousom-oss\/"},{"@type":"ListItem","position":3,"name":"Acheter des ch\u00e8ques-cadeaux"}]},{"@type":"WebSite","@id":"https:\/\/morahotell.se\/fr\/#website","url":"https:\/\/morahotell.se\/fr\/","name":"Mora Hotell &amp; Spa","description":"Fyrstj\u00e4rnigt hotell i Mora, n\u00e4ra Siljan","potentialAction":[{"@type":"SearchAction","target":{"@type":"EntryPoint","urlTemplate":"https:\/\/morahotell.se\/fr\/?s={search_term_string}"},"query-input":{"@type":"PropertyValueSpecification","valueRequired":true,"valueName":"search_term_string"}}],"inLanguage":"fr-FR"}]}},"_links":{"self":[{"href":"https:\/\/morahotell.se\/fr\/wp-json\/wp\/v2\/pages\/28839","targetHints":{"allow":["GET"]}}],"collection":[{"href":"https:\/\/morahotell.se\/fr\/wp-json\/wp\/v2\/pages"}],"about":[{"href":"https:\/\/morahotell.se\/fr\/wp-json\/wp\/v2\/types\/page"}],"author":[{"embeddable":true,"href":"https:\/\/morahotell.se\/fr\/wp-json\/wp\/v2\/users\/1"}],"replies":[{"embeddable":true,"href":"https:\/\/morahotell.se\/fr\/wp-json\/wp\/v2\/comments?post=28839"}],"version-history":[{"count":0,"href":"https:\/\/morahotell.se\/fr\/wp-json\/wp\/v2\/pages\/28839\/revisions"}],"up":[{"embeddable":true,"href":"https:\/\/morahotell.se\/fr\/wp-json\/wp\/v2\/pages\/17260"}],"wp:attachment":[{"href":"https:\/\/morahotell.se\/fr\/wp-json\/wp\/v2\/media?parent=28839"}],"wp:term":[{"taxonomy":"pa-gang-just-nu","embeddable":true,"href":"https:\/\/morahotell.se\/fr\/wp-json\/wp\/v2\/pa-gang-just-nu?post=28839"}],"curies":[{"name":"wp","href":"https:\/\/api.w.org\/{rel}","templated":true}]}}