{"id":28831,"date":"2022-05-09T16:32:04","date_gmt":"2022-05-09T14:32:04","guid":{"rendered":"https:\/\/morahotell.se\/?page_id=28831"},"modified":"2025-10-09T15:23:45","modified_gmt":"2025-10-09T13:23:45","slug":"travailler-avec-nous","status":"publish","type":"page","link":"https:\/\/morahotell.se\/fr\/a-propos-de-nousom-oss\/travailler-avec-nous\/","title":{"rendered":"Travailler avec nous"},"content":{"rendered":"\n\n\t<h1>Travailler avec nous<\/h1>\n\t<p>Nous sommes constamment \u00e0 la recherche de bons collaborateurs. N&rsquo;h\u00e9sitez pas \u00e0 nous contacter.<\/p>\n\t<h2>Travailler \u00e0 Mora Hotel &amp; Spa<\/h2>\n<p><strong>CHEF DE CUISINE MORA HOTEL<\/strong><\/p>\n<p>Nous recherchons aujourd&rsquo;hui des personnes qui souhaitent faire partie de notre \u00e9quipe.<\/p>\n<p>Les candidats n&rsquo;ont pas peur des nouveaux d\u00e9fis et ont d\u00e9j\u00e0 une exp\u00e9rience dans des t\u00e2ches similaires. Le restaurant est actuellement ouvert 6 jours par semaine, midi et soir. En haute saison, il est ouvert 7 jours par semaine.<\/p>\n<p>Le poste comprend les t\u00e2ches habituelles d&rsquo;un chef, telles que la planification des menus et le calcul des mati\u00e8res premi\u00e8res, l&rsquo;entreposage et les inventaires. Suivi des chiffres cl\u00e9s, de l&rsquo;auto-inspection et des commandes. Vous \u00eates responsable du budget de la cuisine et le poste budg\u00e9taire est plac\u00e9 pour un mois en automne. Vous aidez au recrutement et \u00eates responsable de la dotation en personnel et de l&rsquo;\u00e9tablissement des horaires en fonction des besoins de l&rsquo;entreprise.<\/p>\nVous avez des connaissances et l&rsquo;habitude de diriger du personnel et vous assumez de grandes responsabilit\u00e9s dans la cuisine. Votre r\u00f4le exige<br \/>\nde l&rsquo;humilit\u00e9, du courage et un grand engagement, ainsi qu&rsquo;une attitude innovante et ax\u00e9e sur la recherche de solutions. En outre, vous \u00eates cr\u00e9atif, engag\u00e9 et sans pr\u00e9tention, et vous avez un tr\u00e8s bon esprit d&rsquo;\u00e9quipe. En tant que leader, vous \u00eates clair, pr\u00e9sent et empathique et vous aimez inspirer et d\u00e9velopper les autres.\n<p>Il s&rsquo;agit d&rsquo;un service permanent \u00e0 100 % avec 6 mois de stage en accord. Salaire selon accord et allocation de bien-\u00eatre.<\/p>\n<p>Nous offrons un lieu de travail passionnant o\u00f9 aucun jour ne se ressemble et o\u00f9, en tant que responsable, vous avez la possibilit\u00e9 de vous impliquer, d&rsquo;influencer et de d\u00e9velopper l&rsquo;entreprise.<\/p>\n<p><strong>Les entretiens sont en cours.<\/strong><\/p>\n<p>Si vous souhaitez faire partie de cet h\u00f4tel familial et de ce que Mora offre, n&rsquo;h\u00e9sitez pas \u00e0 postuler pour ce service !<\/p>\nEmma Wikholm 073-026 62 04<br \/>\nemma.wikholm@morahotell.se\n<p><strong>Autres :<\/strong><\/p>\nNous sommes constamment \u00e0 la recherche de bons employ\u00e9s. N&rsquo;h\u00e9sitez pas \u00e0 nous contacter.<br \/>\nBienvenue avec votre candidature \u00e0 emma.wikholm@morahotell.se\n<p>Nous suivons les accords et l&rsquo;agenda 2030 de l&rsquo;ONU : lisez-en plus sur nos valeurs et ce que vous pouvez attendre de nous et vice versa : Nos valeurs<\/p>\n<p>Les questions sont r\u00e9pondues par Emma responsable RH\/Finances : 073-026 62 04<\/p>\nResponsable du site : petter.lund@morahotell.se<br \/>\nMarketing &amp; communication : patrick.lund@morahotell.se\n\n","protected":false},"excerpt":{"rendered":"<p>Travailler avec nous Nous sommes constamment \u00e0 la recherche de bons collaborateurs. N&rsquo;h\u00e9sitez pas \u00e0 nous contacter. Travailler \u00e0 Mora Hotel &amp; Spa CHEF DE CUISINE MORA HOTEL Nous recherchons aujourd&rsquo;hui des personnes qui souhaitent faire partie de notre \u00e9quipe. Les candidats n&rsquo;ont pas peur des nouveaux d\u00e9fis et ont d\u00e9j\u00e0 une exp\u00e9rience dans des&hellip;<\/p>\n","protected":false},"author":1,"featured_media":0,"parent":17260,"menu_order":41,"comment_status":"closed","ping_status":"closed","template":"","meta":{"_acf_changed":false,"footnotes":""},"pa-gang-just-nu":[],"class_list":["post-28831","page","type-page","status-publish","hentry"],"acf":[],"yoast_head":"<!-- This site is optimized with the Yoast SEO plugin v26.5 - https:\/\/yoast.com\/wordpress\/plugins\/seo\/ -->\n<title>Travailler avec nous - Mora Hotell &amp; Spa<\/title>\n<meta name=\"robots\" content=\"index, follow, max-snippet:-1, max-image-preview:large, max-video-preview:-1\" \/>\n<link rel=\"canonical\" href=\"https:\/\/morahotell.se\/fr\/a-propos-de-nousom-oss\/travailler-avec-nous\/\" \/>\n<meta property=\"og:locale\" content=\"fr_FR\" \/>\n<meta property=\"og:type\" content=\"article\" \/>\n<meta property=\"og:title\" content=\"Travailler avec nous - Mora Hotell &amp; Spa\" \/>\n<meta property=\"og:description\" content=\"Travailler avec nous Nous sommes constamment \u00e0 la recherche de bons collaborateurs. N&rsquo;h\u00e9sitez pas \u00e0 nous contacter. Travailler \u00e0 Mora Hotel &amp; Spa CHEF DE CUISINE MORA HOTEL Nous recherchons aujourd&rsquo;hui des personnes qui souhaitent faire partie de notre \u00e9quipe. Les candidats n&rsquo;ont pas peur des nouveaux d\u00e9fis et ont d\u00e9j\u00e0 une exp\u00e9rience dans des&hellip;\" \/>\n<meta property=\"og:url\" content=\"https:\/\/morahotell.se\/fr\/a-propos-de-nousom-oss\/travailler-avec-nous\/\" \/>\n<meta property=\"og:site_name\" content=\"Mora Hotell &amp; Spa\" \/>\n<meta property=\"article:modified_time\" content=\"2025-10-09T13:23:45+00:00\" \/>\n<meta name=\"twitter:card\" content=\"summary_large_image\" \/>\n<meta name=\"twitter:label1\" content=\"Dur\u00e9e de lecture estim\u00e9e\" \/>\n\t<meta name=\"twitter:data1\" content=\"2 minutes\" \/>\n<script type=\"application\/ld+json\" class=\"yoast-schema-graph\">{\"@context\":\"https:\/\/schema.org\",\"@graph\":[{\"@type\":\"WebPage\",\"@id\":\"https:\/\/morahotell.se\/fr\/a-propos-de-nousom-oss\/travailler-avec-nous\/\",\"url\":\"https:\/\/morahotell.se\/fr\/a-propos-de-nousom-oss\/travailler-avec-nous\/\",\"name\":\"Travailler avec nous - Mora Hotell &amp; Spa\",\"isPartOf\":{\"@id\":\"https:\/\/morahotell.se\/fr\/#website\"},\"datePublished\":\"2022-05-09T14:32:04+00:00\",\"dateModified\":\"2025-10-09T13:23:45+00:00\",\"breadcrumb\":{\"@id\":\"https:\/\/morahotell.se\/fr\/a-propos-de-nousom-oss\/travailler-avec-nous\/#breadcrumb\"},\"inLanguage\":\"fr-FR\",\"potentialAction\":[{\"@type\":\"ReadAction\",\"target\":[\"https:\/\/morahotell.se\/fr\/a-propos-de-nousom-oss\/travailler-avec-nous\/\"]}]},{\"@type\":\"BreadcrumbList\",\"@id\":\"https:\/\/morahotell.se\/fr\/a-propos-de-nousom-oss\/travailler-avec-nous\/#breadcrumb\",\"itemListElement\":[{\"@type\":\"ListItem\",\"position\":1,\"name\":\"Mora hotell\",\"item\":\"https:\/\/morahotell.se\/fr\/\"},{\"@type\":\"ListItem\",\"position\":2,\"name\":\"\u00c0 propos de nous\",\"item\":\"https:\/\/morahotell.se\/fr\/a-propos-de-nousom-oss\/\"},{\"@type\":\"ListItem\",\"position\":3,\"name\":\"Travailler avec nous\"}]},{\"@type\":\"WebSite\",\"@id\":\"https:\/\/morahotell.se\/fr\/#website\",\"url\":\"https:\/\/morahotell.se\/fr\/\",\"name\":\"Mora Hotell &amp; Spa\",\"description\":\"Fyrstj\u00e4rnigt hotell i Mora, n\u00e4ra Siljan\",\"potentialAction\":[{\"@type\":\"SearchAction\",\"target\":{\"@type\":\"EntryPoint\",\"urlTemplate\":\"https:\/\/morahotell.se\/fr\/?s={search_term_string}\"},\"query-input\":{\"@type\":\"PropertyValueSpecification\",\"valueRequired\":true,\"valueName\":\"search_term_string\"}}],\"inLanguage\":\"fr-FR\"}]}<\/script>\n<!-- \/ Yoast SEO plugin. -->","yoast_head_json":{"title":"Travailler avec nous - Mora Hotell &amp; Spa","robots":{"index":"index","follow":"follow","max-snippet":"max-snippet:-1","max-image-preview":"max-image-preview:large","max-video-preview":"max-video-preview:-1"},"canonical":"https:\/\/morahotell.se\/fr\/a-propos-de-nousom-oss\/travailler-avec-nous\/","og_locale":"fr_FR","og_type":"article","og_title":"Travailler avec nous - Mora Hotell &amp; Spa","og_description":"Travailler avec nous Nous sommes constamment \u00e0 la recherche de bons collaborateurs. N&rsquo;h\u00e9sitez pas \u00e0 nous contacter. Travailler \u00e0 Mora Hotel &amp; Spa CHEF DE CUISINE MORA HOTEL Nous recherchons aujourd&rsquo;hui des personnes qui souhaitent faire partie de notre \u00e9quipe. Les candidats n&rsquo;ont pas peur des nouveaux d\u00e9fis et ont d\u00e9j\u00e0 une exp\u00e9rience dans des&hellip;","og_url":"https:\/\/morahotell.se\/fr\/a-propos-de-nousom-oss\/travailler-avec-nous\/","og_site_name":"Mora Hotell &amp; Spa","article_modified_time":"2025-10-09T13:23:45+00:00","twitter_card":"summary_large_image","twitter_misc":{"Dur\u00e9e de lecture estim\u00e9e":"2 minutes"},"schema":{"@context":"https:\/\/schema.org","@graph":[{"@type":"WebPage","@id":"https:\/\/morahotell.se\/fr\/a-propos-de-nousom-oss\/travailler-avec-nous\/","url":"https:\/\/morahotell.se\/fr\/a-propos-de-nousom-oss\/travailler-avec-nous\/","name":"Travailler avec nous - Mora Hotell &amp; Spa","isPartOf":{"@id":"https:\/\/morahotell.se\/fr\/#website"},"datePublished":"2022-05-09T14:32:04+00:00","dateModified":"2025-10-09T13:23:45+00:00","breadcrumb":{"@id":"https:\/\/morahotell.se\/fr\/a-propos-de-nousom-oss\/travailler-avec-nous\/#breadcrumb"},"inLanguage":"fr-FR","potentialAction":[{"@type":"ReadAction","target":["https:\/\/morahotell.se\/fr\/a-propos-de-nousom-oss\/travailler-avec-nous\/"]}]},{"@type":"BreadcrumbList","@id":"https:\/\/morahotell.se\/fr\/a-propos-de-nousom-oss\/travailler-avec-nous\/#breadcrumb","itemListElement":[{"@type":"ListItem","position":1,"name":"Mora hotell","item":"https:\/\/morahotell.se\/fr\/"},{"@type":"ListItem","position":2,"name":"\u00c0 propos de nous","item":"https:\/\/morahotell.se\/fr\/a-propos-de-nousom-oss\/"},{"@type":"ListItem","position":3,"name":"Travailler avec nous"}]},{"@type":"WebSite","@id":"https:\/\/morahotell.se\/fr\/#website","url":"https:\/\/morahotell.se\/fr\/","name":"Mora Hotell &amp; Spa","description":"Fyrstj\u00e4rnigt hotell i Mora, n\u00e4ra Siljan","potentialAction":[{"@type":"SearchAction","target":{"@type":"EntryPoint","urlTemplate":"https:\/\/morahotell.se\/fr\/?s={search_term_string}"},"query-input":{"@type":"PropertyValueSpecification","valueRequired":true,"valueName":"search_term_string"}}],"inLanguage":"fr-FR"}]}},"_links":{"self":[{"href":"https:\/\/morahotell.se\/fr\/wp-json\/wp\/v2\/pages\/28831","targetHints":{"allow":["GET"]}}],"collection":[{"href":"https:\/\/morahotell.se\/fr\/wp-json\/wp\/v2\/pages"}],"about":[{"href":"https:\/\/morahotell.se\/fr\/wp-json\/wp\/v2\/types\/page"}],"author":[{"embeddable":true,"href":"https:\/\/morahotell.se\/fr\/wp-json\/wp\/v2\/users\/1"}],"replies":[{"embeddable":true,"href":"https:\/\/morahotell.se\/fr\/wp-json\/wp\/v2\/comments?post=28831"}],"version-history":[{"count":0,"href":"https:\/\/morahotell.se\/fr\/wp-json\/wp\/v2\/pages\/28831\/revisions"}],"up":[{"embeddable":true,"href":"https:\/\/morahotell.se\/fr\/wp-json\/wp\/v2\/pages\/17260"}],"wp:attachment":[{"href":"https:\/\/morahotell.se\/fr\/wp-json\/wp\/v2\/media?parent=28831"}],"wp:term":[{"taxonomy":"pa-gang-just-nu","embeddable":true,"href":"https:\/\/morahotell.se\/fr\/wp-json\/wp\/v2\/pa-gang-just-nu?post=28831"}],"curies":[{"name":"wp","href":"https:\/\/api.w.org\/{rel}","templated":true}]}}