{"id":17561,"date":"2022-04-12T11:13:28","date_gmt":"2022-04-12T09:13:28","guid":{"rendered":"https:\/\/morahotell.se\/varukorg\/"},"modified":"2023-05-22T10:01:03","modified_gmt":"2023-05-22T08:01:03","slug":"panier","status":"publish","type":"page","link":"https:\/\/morahotell.se\/fr\/panier\/","title":{"rendered":"Panier"},"content":{"rendered":"\n\n\t\tHar du en presentkortskod? <a href=\"#\">Klicka h\u00e4r f\u00f6r att anv\u00e4nda den.<\/a> \t\n\t\t<p>Ange presentkortskoden i nedanst\u00e5ende f\u00e4lt.<br \/><i>Gl\u00f6m inte att \u00e4ven ange bindestrecken (-)<\/i><\/p>\n\t\t\n\t\t\t\t\t\t<input type=\"text\" name=\"gift_card_code\" placeholder=\"Code de la carte cadeau\" id=\"giftcard_code\" value=\"\" \/>\n\t\t\n\t\t\n\t\t\t<button type=\"submit\" name=\"ywgc_apply_gift_card\" value=\"Aktivera presentkort\">Aktivera presentkort<\/button>\n\t\t\t<input type=\"hidden\" name=\"is_gift_card\" value=\"1\" \/>\n\t\t\n<form action=\"https:\/\/morahotell.se\/fr\/panier\/\" method=\"post\">\n\t<table cellspacing=\"0\">\n\t\t<thead>\n\t\t\t<tr>\n\t\t\t\t<th>Supprimer l&rsquo;\u00e9l\u00e9ment<\/th>\n\t\t\t\t<th>Miniature<\/th>\n\t\t\t\t<th>Produit<\/th>\n\t\t\t\t<th>Prix<\/th>\n\t\t\t\t<th>Quantit\u00e9<\/th>\n\t\t\t\t<th>Sous-total<\/th>\n\t\t\t<\/tr>\n\t\t<\/thead>\n\t\t<tbody>\n\t\t\t\t\t\t\t\t<tr>\n\t\t\t\t\t\t<td>\n\t\t\t\t\t\t\t<a href=\"https:\/\/morahotell.se\/fr\/panier\/?remove_item=48ece8ac5796c130873b3f4937c553bc&#038;_wpnonce=8f19d0d7f9\" aria-label=\"Enlever cet \u00e9l\u00e9ment\" data-product_id=\"17219\" data-product_sku=\"\">&times;<\/a>\t\t\t\t\t\t<\/td>\n\t\t\t\t\t\t<td>\n\t\t\t\t\t\t<a href=\"https:\/\/morahotell.se\/fr\/produkt\/dryck-smak-fr\/degustation-de-gins\/\"><img width=\"300\" height=\"300\" src=\"https:\/\/morahotell.se\/wp-content\/uploads\/2022\/05\/Ginsamling-300x300.jpg\" alt=\"\" decoding=\"async\" loading=\"lazy\" srcset=\"https:\/\/morahotell.se\/wp-content\/uploads\/2022\/05\/Ginsamling-300x300.jpg 300w, https:\/\/morahotell.se\/wp-content\/uploads\/2022\/05\/Ginsamling-150x150.jpg 150w, https:\/\/morahotell.se\/wp-content\/uploads\/2022\/05\/Ginsamling-100x100.jpg 100w\" sizes=\"auto, (max-width: 300px) 100vw, 300px\" \/><\/a>\t\t\t\t\t\t<\/td>\n\t\t\t\t\t\t<td data-title=\"Produit\">\n\t\t\t\t\t\t<a href=\"https:\/\/morahotell.se\/fr\/produkt\/dryck-smak-fr\/degustation-de-gins\/\">D\u00e9gustation de gins<\/a><dl>\n\t\t\t<dt>Date:<\/dt>\n\t\t<dd><p>25\/05\/2023<\/p>\n<\/dd>\n\t\t\t<dt>Heure:<\/dt>\n\t\t<dd><p>14:00<\/p>\n<\/dd>\n\t\t\t<dt>Dur\u00e9e:<\/dt>\n\t\t<dd><p>2 heures<\/p>\n<\/dd>\n\t\t\t<dt>Prestataires:<\/dt>\n\t\t<dd><p>Dryckes Provning<\/p>\n<\/dd>\n\t<\/dl>\n\t\t\t\t\t\t<\/td>\n\t\t\t\t\t\t<td data-title=\"Prix\">\n\t\t\t\t\t\t\t<bdi>450,00&nbsp;&#107;&#114;<\/bdi>\t\t\t\t\t\t<\/td>\n\t\t\t\t\t\t<td data-title=\"Quantit\u00e9\">\n\t\t\t\t\t\t4 <input type=\"hidden\" name=\"cart[48ece8ac5796c130873b3f4937c553bc][qty]\" value=\"4\" \/>\t\t\t\t\t\t<\/td>\n\t\t\t\t\t\t<td data-title=\"Sous-total\">\n\t\t\t\t\t\t\t<bdi>1800,00&nbsp;&#107;&#114;<\/bdi>\t\t\t\t\t\t<\/td>\n\t\t\t\t\t<\/tr>\n\t\t\t\t\t\t\t\t\t\t<tr>\n\t\t\t\t\t\t<td>\n\t\t\t\t\t\t\t<a href=\"https:\/\/morahotell.se\/fr\/panier\/?remove_item=d54e3a00d339a135a2e6b33abc58baa3&#038;_wpnonce=8f19d0d7f9\" aria-label=\"Enlever cet \u00e9l\u00e9ment\" data-product_id=\"17245\" data-product_sku=\"\">&times;<\/a>\t\t\t\t\t\t<\/td>\n\t\t\t\t\t\t<td>\n\t\t\t\t\t\t<a href=\"https:\/\/morahotell.se\/fr\/produkt\/offres-speciales\/early-weekend-spa-lyx-paket-torsdag-lordag\/\"><img width=\"300\" height=\"300\" src=\"https:\/\/morahotell.se\/wp-content\/uploads\/2022\/05\/massage7-300x300.jpg\" alt=\"\" decoding=\"async\" loading=\"lazy\" srcset=\"https:\/\/morahotell.se\/wp-content\/uploads\/2022\/05\/massage7-300x300.jpg 300w, https:\/\/morahotell.se\/wp-content\/uploads\/2022\/05\/massage7-1024x1024.jpg 1024w, https:\/\/morahotell.se\/wp-content\/uploads\/2022\/05\/massage7-150x150.jpg 150w, https:\/\/morahotell.se\/wp-content\/uploads\/2022\/05\/massage7-768x768.jpg 768w, https:\/\/morahotell.se\/wp-content\/uploads\/2022\/05\/massage7-600x600.jpg 600w, https:\/\/morahotell.se\/wp-content\/uploads\/2022\/05\/massage7-100x100.jpg 100w, https:\/\/morahotell.se\/wp-content\/uploads\/2022\/05\/massage7.jpg 1360w\" sizes=\"auto, (max-width: 300px) 100vw, 300px\" \/><\/a>\t\t\t\t\t\t<\/td>\n\t\t\t\t\t\t<td data-title=\"Produit\">\n\t\t\t\t\t\t<a href=\"https:\/\/morahotell.se\/fr\/produkt\/offres-speciales\/early-weekend-spa-lyx-paket-torsdag-lordag\/\">Early Weekend, Spa-Lyx paket torsdag-l\u00f6rdag<\/a><dl>\n\t\t\t<dt>Date:<\/dt>\n\t\t<dd><p>25\/05\/2023<\/p>\n<\/dd>\n\t\t\t<dt>Dur\u00e9e:<\/dt>\n\t\t<dd><p>3 jours<\/p>\n<\/dd>\n\t<\/dl>\n\t\t\t\t\t\t<\/td>\n\t\t\t\t\t\t<td data-title=\"Prix\">\n\t\t\t\t\t\t\t<bdi>3425,00&nbsp;&#107;&#114;<\/bdi>\t\t\t\t\t\t<\/td>\n\t\t\t\t\t\t<td data-title=\"Quantit\u00e9\">\n\t\t\t\t\t\t1 <input type=\"hidden\" name=\"cart[d54e3a00d339a135a2e6b33abc58baa3][qty]\" value=\"1\" \/>\t\t\t\t\t\t<\/td>\n\t\t\t\t\t\t<td data-title=\"Sous-total\">\n\t\t\t\t\t\t\t<bdi>3425,00&nbsp;&#107;&#114;<\/bdi>\t\t\t\t\t\t<\/td>\n\t\t\t\t\t<\/tr>\n\t\t\t<tr>\n\t\t\t\t<td colspan=\"6\">\n\t\t\t\t\t\t\t<label for=\"coupon_code\">Code promo\u00a0:<\/label> <input type=\"text\" name=\"coupon_code\" id=\"coupon_code\" value=\"\" placeholder=\"Code promo\" \/> <button type=\"submit\" name=\"apply_coupon\" value=\"Appliquer le code promo\">Appliquer le code promo<\/button>\n\t\t\t\t\t<button type=\"submit\" name=\"update_cart\" value=\"Mettre \u00e0 jour le panier\">Mettre \u00e0 jour le panier<\/button>\n\t\t\t\t\t<input type=\"hidden\" id=\"woocommerce-cart-nonce\" name=\"woocommerce-cart-nonce\" value=\"8f19d0d7f9\" \/><input type=\"hidden\" name=\"_wp_http_referer\" value=\"\/fr\/?page_id=17561&#038;fl_builder\" \/>\t\t\t\t<\/td>\n\t\t\t<\/tr>\n\t\t\t\t\t<\/tbody>\n\t<\/table>\n\t<\/form>\n\t<h2>Total panier<\/h2>\n\t<table cellspacing=\"0\">\n\t\t<tr>\n\t\t\t<th>Sous-total<\/th>\n\t\t\t<td data-title=\"Sous-total\"><bdi>5225,00&nbsp;&#107;&#114;<\/bdi><\/td>\n\t\t<\/tr>\n\t\t<tr>\n\t\t\t<th>Total<\/th>\n\t\t\t<td data-title=\"Total\"><strong><bdi>5225,00&nbsp;&#107;&#114;<\/bdi><\/strong> <\/td>\n\t\t<\/tr>\n\t<\/table>\n<a href=\"https:\/\/morahotell.se\/fr\/la-caisse\/\">\n\tValider la commande<\/a>\n\n","protected":false},"excerpt":{"rendered":"<p>Har du en presentkortskod? Klicka h\u00e4r f\u00f6r att anv\u00e4nda den. Ange presentkortskoden i nedanst\u00e5ende f\u00e4lt.Gl\u00f6m inte att \u00e4ven ange bindestrecken (-) Aktivera presentkort Supprimer l&rsquo;\u00e9l\u00e9ment Miniature Produit Prix Quantit\u00e9 Sous-total &times; D\u00e9gustation de gins Date: 25\/05\/2023 Heure: 14:00 Dur\u00e9e: 2 heures Prestataires: Dryckes Provning 450,00&nbsp;&#107;&#114; 4 1800,00&nbsp;&#107;&#114; &times; Early Weekend, Spa-Lyx paket torsdag-l\u00f6rdag Date: 25\/05\/2023&hellip;<\/p>\n","protected":false},"author":1,"featured_media":0,"parent":0,"menu_order":69,"comment_status":"closed","ping_status":"closed","template":"","meta":{"_acf_changed":false,"footnotes":""},"pa-gang-just-nu":[],"class_list":["post-17561","page","type-page","status-publish","hentry"],"acf":[],"yoast_head":"<!-- This site is optimized with the Yoast SEO plugin v26.5 - https:\/\/yoast.com\/wordpress\/plugins\/seo\/ -->\n<title>Panier - Mora Hotell &amp; Spa<\/title>\n<meta name=\"robots\" content=\"index, follow, max-snippet:-1, max-image-preview:large, max-video-preview:-1\" \/>\n<link rel=\"canonical\" href=\"https:\/\/morahotell.se\/fr\/panier\/\" \/>\n<meta property=\"og:locale\" content=\"fr_FR\" \/>\n<meta property=\"og:type\" content=\"article\" \/>\n<meta property=\"og:title\" content=\"Panier - Mora Hotell &amp; Spa\" \/>\n<meta property=\"og:description\" content=\"Har du en presentkortskod? Klicka h\u00e4r f\u00f6r att anv\u00e4nda den. Ange presentkortskoden i nedanst\u00e5ende f\u00e4lt.Gl\u00f6m inte att \u00e4ven ange bindestrecken (-) Aktivera presentkort Supprimer l&rsquo;\u00e9l\u00e9ment Miniature Produit Prix Quantit\u00e9 Sous-total &times; D\u00e9gustation de gins Date: 25\/05\/2023 Heure: 14:00 Dur\u00e9e: 2 heures Prestataires: Dryckes Provning 450,00&nbsp;&#107;&#114; 4 1800,00&nbsp;&#107;&#114; &times; Early Weekend, Spa-Lyx paket torsdag-l\u00f6rdag Date: 25\/05\/2023&hellip;\" \/>\n<meta property=\"og:url\" content=\"https:\/\/morahotell.se\/fr\/panier\/\" \/>\n<meta property=\"og:site_name\" content=\"Mora Hotell &amp; Spa\" \/>\n<meta property=\"article:modified_time\" content=\"2023-05-22T08:01:03+00:00\" \/>\n<meta property=\"og:image\" content=\"https:\/\/morahotell.se\/wp-content\/uploads\/2022\/05\/Ginsamling-300x300.jpg\" \/>\n<meta name=\"twitter:card\" content=\"summary_large_image\" \/>\n<script type=\"application\/ld+json\" class=\"yoast-schema-graph\">{\"@context\":\"https:\/\/schema.org\",\"@graph\":[{\"@type\":\"WebPage\",\"@id\":\"https:\/\/morahotell.se\/fr\/panier\/\",\"url\":\"https:\/\/morahotell.se\/fr\/panier\/\",\"name\":\"Panier - Mora Hotell &amp; Spa\",\"isPartOf\":{\"@id\":\"https:\/\/morahotell.se\/fr\/#website\"},\"primaryImageOfPage\":{\"@id\":\"https:\/\/morahotell.se\/fr\/panier\/#primaryimage\"},\"image\":{\"@id\":\"https:\/\/morahotell.se\/fr\/panier\/#primaryimage\"},\"thumbnailUrl\":\"https:\/\/morahotell.se\/wp-content\/uploads\/2022\/05\/Ginsamling-300x300.jpg\",\"datePublished\":\"2022-04-12T09:13:28+00:00\",\"dateModified\":\"2023-05-22T08:01:03+00:00\",\"breadcrumb\":{\"@id\":\"https:\/\/morahotell.se\/fr\/panier\/#breadcrumb\"},\"inLanguage\":\"fr-FR\",\"potentialAction\":[{\"@type\":\"ReadAction\",\"target\":[\"https:\/\/morahotell.se\/fr\/panier\/\"]}]},{\"@type\":\"ImageObject\",\"inLanguage\":\"fr-FR\",\"@id\":\"https:\/\/morahotell.se\/fr\/panier\/#primaryimage\",\"url\":\"https:\/\/morahotell.se\/wp-content\/uploads\/2022\/05\/Ginsamling-300x300.jpg\",\"contentUrl\":\"https:\/\/morahotell.se\/wp-content\/uploads\/2022\/05\/Ginsamling-300x300.jpg\"},{\"@type\":\"BreadcrumbList\",\"@id\":\"https:\/\/morahotell.se\/fr\/panier\/#breadcrumb\",\"itemListElement\":[{\"@type\":\"ListItem\",\"position\":1,\"name\":\"Mora hotell\",\"item\":\"https:\/\/morahotell.se\/fr\/\"},{\"@type\":\"ListItem\",\"position\":2,\"name\":\"Panier\"}]},{\"@type\":\"WebSite\",\"@id\":\"https:\/\/morahotell.se\/fr\/#website\",\"url\":\"https:\/\/morahotell.se\/fr\/\",\"name\":\"Mora Hotell &amp; Spa\",\"description\":\"Fyrstj\u00e4rnigt hotell i Mora, n\u00e4ra Siljan\",\"potentialAction\":[{\"@type\":\"SearchAction\",\"target\":{\"@type\":\"EntryPoint\",\"urlTemplate\":\"https:\/\/morahotell.se\/fr\/?s={search_term_string}\"},\"query-input\":{\"@type\":\"PropertyValueSpecification\",\"valueRequired\":true,\"valueName\":\"search_term_string\"}}],\"inLanguage\":\"fr-FR\"}]}<\/script>\n<!-- \/ Yoast SEO plugin. -->","yoast_head_json":{"title":"Panier - Mora Hotell &amp; Spa","robots":{"index":"index","follow":"follow","max-snippet":"max-snippet:-1","max-image-preview":"max-image-preview:large","max-video-preview":"max-video-preview:-1"},"canonical":"https:\/\/morahotell.se\/fr\/panier\/","og_locale":"fr_FR","og_type":"article","og_title":"Panier - Mora Hotell &amp; Spa","og_description":"Har du en presentkortskod? Klicka h\u00e4r f\u00f6r att anv\u00e4nda den. Ange presentkortskoden i nedanst\u00e5ende f\u00e4lt.Gl\u00f6m inte att \u00e4ven ange bindestrecken (-) Aktivera presentkort Supprimer l&rsquo;\u00e9l\u00e9ment Miniature Produit Prix Quantit\u00e9 Sous-total &times; D\u00e9gustation de gins Date: 25\/05\/2023 Heure: 14:00 Dur\u00e9e: 2 heures Prestataires: Dryckes Provning 450,00&nbsp;&#107;&#114; 4 1800,00&nbsp;&#107;&#114; &times; Early Weekend, Spa-Lyx paket torsdag-l\u00f6rdag Date: 25\/05\/2023&hellip;","og_url":"https:\/\/morahotell.se\/fr\/panier\/","og_site_name":"Mora Hotell &amp; Spa","article_modified_time":"2023-05-22T08:01:03+00:00","og_image":[{"url":"https:\/\/morahotell.se\/wp-content\/uploads\/2022\/05\/Ginsamling-300x300.jpg","type":"","width":"","height":""}],"twitter_card":"summary_large_image","schema":{"@context":"https:\/\/schema.org","@graph":[{"@type":"WebPage","@id":"https:\/\/morahotell.se\/fr\/panier\/","url":"https:\/\/morahotell.se\/fr\/panier\/","name":"Panier - Mora Hotell &amp; Spa","isPartOf":{"@id":"https:\/\/morahotell.se\/fr\/#website"},"primaryImageOfPage":{"@id":"https:\/\/morahotell.se\/fr\/panier\/#primaryimage"},"image":{"@id":"https:\/\/morahotell.se\/fr\/panier\/#primaryimage"},"thumbnailUrl":"https:\/\/morahotell.se\/wp-content\/uploads\/2022\/05\/Ginsamling-300x300.jpg","datePublished":"2022-04-12T09:13:28+00:00","dateModified":"2023-05-22T08:01:03+00:00","breadcrumb":{"@id":"https:\/\/morahotell.se\/fr\/panier\/#breadcrumb"},"inLanguage":"fr-FR","potentialAction":[{"@type":"ReadAction","target":["https:\/\/morahotell.se\/fr\/panier\/"]}]},{"@type":"ImageObject","inLanguage":"fr-FR","@id":"https:\/\/morahotell.se\/fr\/panier\/#primaryimage","url":"https:\/\/morahotell.se\/wp-content\/uploads\/2022\/05\/Ginsamling-300x300.jpg","contentUrl":"https:\/\/morahotell.se\/wp-content\/uploads\/2022\/05\/Ginsamling-300x300.jpg"},{"@type":"BreadcrumbList","@id":"https:\/\/morahotell.se\/fr\/panier\/#breadcrumb","itemListElement":[{"@type":"ListItem","position":1,"name":"Mora hotell","item":"https:\/\/morahotell.se\/fr\/"},{"@type":"ListItem","position":2,"name":"Panier"}]},{"@type":"WebSite","@id":"https:\/\/morahotell.se\/fr\/#website","url":"https:\/\/morahotell.se\/fr\/","name":"Mora Hotell &amp; Spa","description":"Fyrstj\u00e4rnigt hotell i Mora, n\u00e4ra Siljan","potentialAction":[{"@type":"SearchAction","target":{"@type":"EntryPoint","urlTemplate":"https:\/\/morahotell.se\/fr\/?s={search_term_string}"},"query-input":{"@type":"PropertyValueSpecification","valueRequired":true,"valueName":"search_term_string"}}],"inLanguage":"fr-FR"}]}},"_links":{"self":[{"href":"https:\/\/morahotell.se\/fr\/wp-json\/wp\/v2\/pages\/17561","targetHints":{"allow":["GET"]}}],"collection":[{"href":"https:\/\/morahotell.se\/fr\/wp-json\/wp\/v2\/pages"}],"about":[{"href":"https:\/\/morahotell.se\/fr\/wp-json\/wp\/v2\/types\/page"}],"author":[{"embeddable":true,"href":"https:\/\/morahotell.se\/fr\/wp-json\/wp\/v2\/users\/1"}],"replies":[{"embeddable":true,"href":"https:\/\/morahotell.se\/fr\/wp-json\/wp\/v2\/comments?post=17561"}],"version-history":[{"count":0,"href":"https:\/\/morahotell.se\/fr\/wp-json\/wp\/v2\/pages\/17561\/revisions"}],"wp:attachment":[{"href":"https:\/\/morahotell.se\/fr\/wp-json\/wp\/v2\/media?parent=17561"}],"wp:term":[{"taxonomy":"pa-gang-just-nu","embeddable":true,"href":"https:\/\/morahotell.se\/fr\/wp-json\/wp\/v2\/pa-gang-just-nu?post=17561"}],"curies":[{"name":"wp","href":"https:\/\/api.w.org\/{rel}","templated":true}]}}