{"id":17278,"date":"2022-08-23T10:06:27","date_gmt":"2022-08-23T08:06:27","guid":{"rendered":"https:\/\/morahotell.se\/information\/"},"modified":"2023-05-15T11:32:55","modified_gmt":"2023-05-15T09:32:55","slug":"information","status":"publish","type":"page","link":"https:\/\/morahotell.se\/fr\/information\/","title":{"rendered":"Information"},"content":{"rendered":"\n\n\t<h1>Information<\/h1>\n\t<p>HOTEL-INFORMATION<\/p>\nMORA HOTELL &amp; SPA<br \/>\nEst. 1830 ****<br \/>\n________\n<p>DALARNA<\/p>\n<h2>HOTELLINFORMATION<\/h2>\n<strong>AKTIVITETER<\/strong><br \/>\nHotellet har en rad olika aktiviteter &#8211; fr\u00e5ga om dem i receptionen eller l\u00e4s i lugn och ro vad du kan g\u00f6ra p\u00e5 v\u00e5r webbsida:<br \/>\n<a href=\"https:\/\/morahotell.se\/produkt-kategori\/aktiviteter\/\">https:\/\/morahotell.se\/produkt-kategori\/aktiviteter\/<\/a>\n<strong>APOTEK<\/strong><br \/>\nKronans Apotek, Kyrkogatan 27 (g\u00e5gatan, andra tv\u00e4rgatan till v\u00e4nster) \u00e4r \u00f6ppet m\u00e5ndag &#8211; fredag mellan 08.00-18.00 och l\u00f6rdag 09.00-14.00.\n<p>Apotek Hj\u00e4rtat, Siljanss\u00e5gsv\u00e4gen 15, \u00f6ppet alla dagar mellan 08.00-22.00.<\/p>\n<p>Det finns ocks\u00e5 ett litet husapotek i receptionen.<\/p>\n<strong>BADROCK &amp; TOFFLOR<\/strong><br \/>\nBadrock och tofflor ing\u00e5r p\u00e5 rumskategorier premium, superior och sviter. \u00d6vriga rum kan hyra badrock &amp; tofflor f\u00f6r vuxna och barn i receptionen.\n<strong>BAGAGERUM<\/strong><br \/>\nP\u00e5 entr\u00e9plan finns ett l\u00e5st bagagerum d\u00e4r kan du st\u00e4lla in bagage mot kvitto. Be receptionspersonalen om hj\u00e4lp och assistans.\n<strong>BAGAGESERVICE<\/strong><br \/>\nBagageservice erbjuds p\u00e5 f\u00f6rfr\u00e5gan minst 48 timmar i f\u00f6rv\u00e4g. Kontakta oss f\u00f6r information om priser.\n<strong>BANKER OCH BANKOMAT<\/strong><br \/>\nFinns p\u00e5 g\u00e5gatan, andra tv\u00e4rgatan till v\u00e4nster.\n<strong>BAR<\/strong><br \/>\nProva v\u00e5rt breda utbud p\u00e5 dryck, \u00e4ven champagne p\u00e5 glas.\n<strong>BARNS\u00c4NG<\/strong><br \/>\nKontakta receptionen\n<strong>BASTU &amp; POOL<\/strong><br \/>\nFinns i v\u00e5r spa- och relaxavdelning. F\u00f6r \u00f6ppettider kontakta receptionen eller se v\u00e5r hemsida.\n<strong>BEKV\u00c4MLIGHETER<br \/>\n<\/strong>Om ni saknar toalettartiklar etc. v\u00e4nligen kontakta receptionen.\n<strong>BILUTHYRNING<\/strong><br \/>\nRing Hertz 0250-288 85 eller Avis 0250-167 11.\n<strong>BRAND<\/strong><br \/>\nSe separat instruktion i p\u00e4rmen.\n<strong>CYKEL<\/strong><br \/>\nHotellet har cyklar att hyra under sommarhalv\u00e5ret, fr\u00e5ga i receptionen.\n<strong>DRYCKER<br \/>\n<\/strong> Drycker och snacks finns att k\u00f6pa i receptionen.\n<strong>ELEKTRICITET<\/strong><br \/>\nHotellets huvudsystem \u00e4r 220 volt.\n<strong>FLYGPLATS<br \/>\n<\/strong>Mora Siljan flygplats \u00e4r bel\u00e4gen 7 km fr\u00e5n hotellet.\n<strong>FRUKOSTBUFF\u00c9<\/strong><br \/>\nServeras i restaurangen bredvid receptionen.\n<strong>F\u00d6RS\u00c4LJNINGSAVDELNING<\/strong><br \/>\nV\u00e5r f\u00f6rs\u00e4ljningsavdelning st\u00e5r g\u00e4rna till tj\u00e4nst med samarbetsavtal mm. Kontakta receptionen f\u00f6r information.\n<strong>GARAGE<\/strong><br \/>\nTv\u00e5 bevakade garage finns f\u00f6r bilar, MC och cyklar.\n<strong>GYM<\/strong><br \/>\nVi samarbetar med ACTIC bel\u00e4get p\u00e5 g\u00e5gatan. Uppge ert rumsnummer i tr\u00e4ningslokalens reception, s\u00e5 \u00e4r det kostnadsfritt. \u00d6ppet varje dag. Se hemsida f\u00f6r \u00f6ppettider:<br \/>\n<a href=\"https:\/\/www.actic.se\/hitta-gym\/gym-i-mora\/mora\/\">www.actic.se\/hitta-gym\/gym-i-mora\/mora<\/a>\n<strong>G\u00c4STDATOR<\/strong><br \/>\nVid lilla biblioteket finns g\u00e4stdator med skrivarm\u00f6jlighet och internet.\n<strong>H\u00c5RTORK<\/strong><br \/>\nFinns i garderoben p\u00e5 \u00f6versta hyllan.\n<strong>INTERNET<\/strong><br \/>\nUne connection WIFI est disponible dans tout l&rsquo;\u00e9tablissement\n<strong>GLA\u00c7ONS<\/strong><br \/>\nDisponibles \u00e0 la r\u00e9ception.\n<strong>KAYAK<\/strong><br \/>\nVoir www.outdoorevents.se pour les possibilit\u00e9s de location de kayak.\n<strong>CAF\u00c9 \/ TH\u00c9 <\/strong><br \/>\nUne machine \u00e0 espresso, une bouilloire, du caf\u00e9 et du th\u00e9 sont \u00e0 votre disposition dans les chambres Premium et les Suites.<br \/>\nDans les autres chambres, vous avez la possibilit\u00e9 d&#8217;empruntez une bouilloire. Adressez-vous \u00e0 la r\u00e9ception.\n<strong>PLANS<\/strong><br \/>\nDes cartes et plans sont disponibles \u00e0 la r\u00e9ception.\n<strong>S\u00c9MINAIRES<\/strong><br \/>\nNous disposons de quatre salles de conf\u00e9rences \u00e9quip\u00e9es de mat\u00e9riel audio et vid\u00e9o dernier cri, d&rsquo;une capacit\u00e9 allant de 5 \u00e0 200 personnes. Contactez la r\u00e9ception pour plus d&rsquo;informations.\n<strong>PHOTOCOPIES<\/strong><br \/>\nAdressez-vous \u00e0 la r\u00e9ception, qui se fera un plaisir de vous aider.\n<strong>CARTES DE PAIEMENT <\/strong><br \/>\nNous acceptons la plupart des cartes bancaires et de cr\u00e9dit.\n<strong>ACTIVIT\u00c9S CULTURELLES <\/strong><br \/>\nLa r\u00e9gion est riche de plusieurs mus\u00e9es, cin\u00e9mas et \u00e9v\u00e8nements culturels r\u00e9currents. Le personnel de r\u00e9ception sera ravi de partager avec vous ses recommandations.\n<strong>BAR DE L&rsquo;H\u00d4TEL<\/strong><br \/>\nOuvert 24\/24, notre bar vous propose th\u00e9 \/ caf\u00e9, boissons froides et petite restauration.\n<strong>M\u00c9DECIN<\/strong><br \/>\nLa clinique de Mora est joignable au +46 250-49 30 00. En cas d&rsquo;accident, composez le 112\n<strong>MASSAGE<\/strong><br \/>\nPrenez contact avec la r\u00e9ception pour r\u00e9server ou demander plus d&rsquo;informations, ou consultez notre site Internet.\n<strong>PERFORMANCE ENVIRONNEMENTALE <\/strong><br \/>\nLA CLEF VERTE\n<strong>MINIBAR<\/strong><br \/>\nVous trouverez dans toutes les chambres de type Premium et Suite un minibar garni accompagn\u00e9 de sa liste de prix actualis\u00e9e. Vous pouvez demander un r\u00e9assort : adressez-vous \u00e0 la r\u00e9ception.\n<strong>SORTIES DE SECOURS<\/strong><br \/>\n\u00c9tudiez le plan d&rsquo;\u00e9vacuation pr\u00e9sent dans votre chambre. Les sorties de secours communes sont marqu\u00e9es en vert. Lisez \u00e9galement la brochure Hotel Safety.\n<strong>PARAPLUIE<\/strong><br \/>\nVous pouvez emprunter un parapluie \u00e0 la r\u00e9ception.\n<strong>PARKING<\/strong><br \/>\nIl existe une quarantaine de places de parking gratuit autour de l&rsquo;h\u00f4tel. Demandez votre autorisation de parking \u00e0 la r\u00e9ception.\n<strong>COURRIER<\/strong><br \/>\nVous pouvez d\u00e9poser votre courrier partant \u00e0 la r\u00e9ception. Le courrier entrant sera d\u00e9pos\u00e9 directement dans votre chambre.\n<strong>D\u00c9PLACEMENT \u00c0 PIED OU \u00c0 V\u00c9LO <\/strong><br \/>\nAdressez-vous \u00e0 la r\u00e9ception pour plus d&rsquo;informations concernant les pistes cyclables et all\u00e9es pi\u00e9tonnes.\n<strong>JOGGING<br \/>\n<\/strong>Plus d&rsquo;informations sur les parcours de jogging sur http:\/\/www.moraoutdoor.se\n<strong>R\u00c9CEPTION<br \/>\n<\/strong>La r\u00e9ception est ouverte 24\/24. La porte d&rsquo;entr\u00e9e de l&rsquo;h\u00f4tel est verrouill\u00e9e pendant la nuit, mais une sonnette se trouve \u00e0 sa gauche. T\u00e9l. : +46 250-59 26 50.\n<strong>RESTAURANG \/ BAR<br \/>\n<\/strong>Pour conna\u00eetre les horaires d&rsquo;ouverture, consultez l&rsquo;affiche dans l&rsquo;ascenseur ou contactez la r\u00e9ception. Notre restaurant est l&rsquo;un des repr\u00e9sentants de \u00ab\u00a0Taste of Dalarna\u00a0\u00bb. Il utilise des ingr\u00e9dients locaux et biologiques. R\u00e9servez votre table \u00e0 la r\u00e9ception ou sur notre site Internet.\n<strong>ROOM SERVICE <\/strong><br \/>\nPour un room service, contactez la r\u00e9ception. Le service est factur\u00e9 125 SEK.\n<strong>\u00c9TABLISSEMENT NON-FUMEUR<\/strong><br \/>\nL&rsquo;h\u00f4tel est non-fumeur et des alarmes incendie ont \u00e9t\u00e9 install\u00e9es dans tout l&rsquo;\u00e9tablissement. Pour les fumeurs, un banc et des cendriers ont \u00e9t\u00e9 install\u00e9s devant l&rsquo;entr\u00e9e de l&rsquo;h\u00f4tel, \u00e0 c\u00f4t\u00e9 des m\u00e2ts \u00e0 drapeau.\n<strong>SERVICE<\/strong><br \/>\nSi besoin, vous pouvez nous demander des \u00e9quipements suppl\u00e9mentaires : serviettes, oreiller, ventilateur, couette, etc. Adressez-vous \u00e0 la r\u00e9ception.\n<strong>SHOPPING<\/strong><br \/>\nMora est une ville commer\u00e7ante et vous trouverez de nombreuses boutiques dans un rayon d&rsquo;\u00e0 peine deux minutes de marche. \u00c0 cinq minutes de voiture ou de bus se trouve le quartier Noret et ses grandes enseignes.\n<strong>TOURISME<br \/>\n<\/strong>Notre personnel de r\u00e9ception se fera une joie de vous orienter \u00e0 travers l&rsquo;offre touristique de la r\u00e9gion et vous aider \u00e0 r\u00e9server des billets.\n<strong>CIRAGE DES CHAUSSURES<\/strong><br \/>\nUne cireuse \u00e0 chaussures est \u00e0 votre disposition dans le hall et vous pouvez \u00e9galement demander un kit de cirage \u00e0 la r\u00e9ception.\n<strong>RACKS \u00c0 SKIS<\/strong><br \/>\nVous en trouverez dans le hall principal ainsi que dans le garage de l&rsquo;h\u00f4tel.\n<strong>SOINS SPA <\/strong><br \/>\nContactez la r\u00e9ception pour votre demande d&rsquo;information ou de r\u00e9servation, ou consultez directement notre site Internet.\n<strong>SPORT &amp; VIE ASSOCIATIVE <\/strong><br \/>\nMora a \u00e9t\u00e9 \u00e9lue meilleure commune du pays pour les sports d&rsquo;\u00e9lite pour la deuxi\u00e8me ann\u00e9e cons\u00e9cutive. Que vous souhaitiez pratiquer un sport ou assister \u00e0 un \u00e9v\u00e9nement sportif, adressez-vous \u00e0 la r\u00e9ception pour plus d&rsquo;informations.\n<strong>LATE CHECK-OUT <\/strong><br \/>\nSi besoin, vous pouvez demander un \u00ab\u00a0late check-out\u00a0\u00bb \u00e0 la r\u00e9ception (possible pour les r\u00e9servations en lien avec des week-ends prolong\u00e9s, des \u00e9v\u00e9nements ou des vacances scolaires ou autres).\n<strong>CADEAUX &amp; SOUVENIRS <\/strong><br \/>\nSouhaitez-vous rapporter des cadeaux ou des souvenirs de Mora ?<br \/>\nVous trouverez des vitrines d&rsquo;objets divers dans l&rsquo;espace Spa et \u00e0 la r\u00e9ception.\n<strong>FER &amp; TABLE \u00c0 REPASSER <\/strong><br \/>\nVous les trouverez dans la penderie.\n<strong>M\u00c9NAGE<\/strong><br \/>\nSi vous souhaitez que le m\u00e9nage soit fait pendant votre s\u00e9jour, accrochez la fiche re\u00e7ue lors du check-in \u00e0 votre porte entre 09:00 et 14:00. Les draps sont chang\u00e9s toutes les trois nuits, mais si vous souhaitez qu&rsquo;il en soit autrement, n&rsquo;h\u00e9sitez pas \u00e0 nous le signaler. Les draps et les serviettes ne seront chang\u00e9s que s&rsquo;ils sont plac\u00e9s au sol\n<strong>KIT DE COUTURE <\/strong><br \/>\n\u00c0 demander \u00e0 la r\u00e9ception.\n<strong>TAXI<\/strong><br \/>\nAppelez Mora Taxi au +46 250 15 000 ou demandez \u00e0 la r\u00e9ception\n<strong>T\u00c9L\u00c9PHONE<\/strong><br \/>\nNum\u00e9ro de t\u00e9l\u00e9phone du Mora Hotell &amp; Spa : +46 250-59 26 50\n<strong>JOURNAUX<\/strong><br \/>\nUne s\u00e9lection de quotidiens est disponible chaque jour dans le hall de l&rsquo;h\u00f4tel ainsi que dans la salle \u00e0 manger o\u00f9 le petit d\u00e9jeuner est servi. &lsquo;autres journaux sont en vente \u00e0 la r\u00e9ception.\n<strong>ARTICLES DE TOILETTE <\/strong><br \/>\nLa r\u00e9ception peut vous fournir des articles d&rsquo;hygi\u00e8ne suppl\u00e9mentaires tels que du savon, du shampooing, des rasoirs jetables, de la mousse \u00e0 raser, des brosses \u00e0 dents, du dentifrice, etc.\n<strong>OFFICE DU TOURSIME <\/strong><br \/>\nL&rsquo;h\u00f4tel est l&rsquo;un des INFOPOINT de Visit Dalarna, nous sommes donc l\u00e0 pour vous aider.\n<strong>TV<\/strong><br \/>\nVous avez acc\u00e8s aux cha\u00eenes 1-4, 6-8, 10, 12, Barnkanalen, Bloomberg et SVT 24.\n<strong>SERVICE DE BLANCHISSERIE <\/strong><br \/>\nConfiez votre linge \u00e0 laver \u00e0 la r\u00e9ception. Il vous sera remis nettoy\u00e9 au plus tard 12 heures apr\u00e8s d\u00e9p\u00f4t. Les tarifs sont indiqu\u00e9s \u00e0 la r\u00e9ception.\n<strong>TRAIN<\/strong><br \/>\nLa gare Mora Strand est \u00e0 une minute de l&rsquo;h\u00f4tel. La gare routi\u00e8re de Mora est \u00e0 environ 2 km. Il existe une liaison directe depuis l&rsquo;a\u00e9roport d&rsquo;Arlanda.\n<strong>CHECK-OUT<\/strong><br \/>\nLa chambre est \u00e0 votre disposition jusqu&rsquo;\u00e0 11:00 le jour de votre d\u00e9part. Merci de contacter la r\u00e9ception si vous souhaitez l&rsquo;occuper plus longtemps.\n<strong>GRAISSE \u00c0 SKIS<br \/>\n<\/strong>De la graisse \u00e0 skis est \u00e0 votre disposition dans le garage de l&rsquo;h\u00f4tel ou dans le sous-sol via l&rsquo;escalier secondaire. Adressez-vous \u00e0 la r\u00e9ception pour toute question.\n<strong>R\u00c9VEIL<\/strong><br \/>\nVous pouvez emprunter un radio-r\u00e9veil ou un t\u00e9l\u00e9phone \u00e0 la r\u00e9ception.\n<strong>OBJETS DE VALEUR <\/strong><br \/>\nL&rsquo;h\u00f4tel n&rsquo;est pas responsable des \u00e9ventuels objets de valeur laiss\u00e9s dans votre chambre, dans le local \u00e0 bagages ou dans les parties communes. Un coffre-fort se trouve \u00e0 la r\u00e9ception.\n<strong>WIFI<\/strong><br \/>\nLe WIFI est disponible dans tout l&rsquo;h\u00f4tel. Connectez-vous \u00e0 \u00ab\u00a0Mora Hotell &amp; Spa\u00a0\u00bb. Service gratuit.\n<strong>BOUCHONS D&rsquo;OREILLE ET MASQUE OCULAIRE<\/strong><br \/>\nPeuvent \u00eatre demand\u00e9s \u00e0 la r\u00e9ception.\n<p>&nbsp;<\/p>\n\t\t\t\t<img loading=\"lazy\" decoding=\"async\" src=\"https:\/\/morahotell.se\/wp-content\/uploads\/2022\/04\/vinprov2.jpg\" alt=\"vinprovning p\u00e5 mora hotell\" itemprop=\"image\" height=\"1467\" width=\"2200\" title=\"vinprov2\" onerror=\"this.style.display='none'\"  \/>\n\t<h2><strong>MAT &amp; DRYCK<\/strong><\/h2>\n<p><strong>FRUKOST<\/strong><\/p>\n<p>Frukost serveras i restaurangen bredvid receptionen<\/p>\nm\u00e5ndag-fredag: 06.30-09.00<br \/>\nl\u00f6rdag-s\u00f6ndag: 07.30-10.00\nF\u00f6r att best\u00e4lla frukost p\u00e5 rummet v\u00e4nligen kontakta receptionen.<br \/>\nEn serviceavgift p\u00e5 125 kr tillkommer.\n<p><strong>TERRASSEN<\/strong><\/p>\n<p>V\u00e4lkommen till hotellets restaurang Terrassen, vi f\u00f6ljer \u00e5rstider och satsar p\u00e5 lokala r\u00e5varor. Till v\u00e4lrenommerade Terrassen kan du komma f\u00f6r att \u00e4ta lunch och middag.<\/p>\n<p>P\u00e5 sommaren \u00e4r uteserveringen p\u00e5 verandan \u00f6ppen med utsikt \u00f6ver Saxviken.<\/p>\n<p><strong>ROOM SERVICE<\/strong><\/p>\nI p\u00e4rmen finns v\u00e5r meny. V\u00e4nligen ring restaurangen f\u00f6r best\u00e4llning.<br \/>\nEn serviceavgift p\u00e5 125 kr tillkommer.\n<p><strong>BARER<\/strong><\/p>\n<p>I anslutning till matsalen finns huvudbaren, olika lounger samt sittytor b\u00e5de inom- och utomhus.<\/p>\nSommartid finns baren utomhus. H\u00e4r erbjuds ett brett sortiment av lokala och internationella drycker. Vi kan ocks\u00e5 h\u00e5lla diverse olika dryckesprovningar &#8211; se v\u00e5r hemsida f\u00f6r detaljer:<br \/>\n<a href=\"https:\/\/morahotell.se\/produkt-kategori\/aktiviteter\/\">https:\/\/morahotell.se\/produkt-kategori\/aktiviteter\/<\/a>\n\t\t\t\t\t\t\t\t\t\t\t\t\t\t\t\t\t<a href=\"https:\/\/morahotell.se\/wp-content\/uploads\/2022\/04\/Patrick_Petter_IMG_2024-kopia-1024x682.jpg\" target=\"_self\" data-caption=\"Patrick &amp; Petter Lund\" rel=\"noopener\">\n\t\t\t\t\t\t\t\t\t\t<\/a>\n\t\t\t\t\t\t\t\t\t\t\t\t\t\t\t\t\t<a href=\"https:\/\/morahotell.se\/wp-content\/uploads\/2022\/04\/Marit--1024x683.jpg\" target=\"_self\" data-caption=\"marit p\u00e5 spa\" rel=\"noopener\">\n\t\t\t\t\t\t\t\t\t\t<\/a>\n\t\t\t\t\t\t\t\t\t\t\t\t\t\t\t\t\t<a href=\"https:\/\/morahotell.se\/wp-content\/uploads\/2022\/04\/Glad-Kung--1024x683.jpg\" target=\"_self\" data-caption=\"vakm\u00e4stare\" rel=\"noopener\">\n\t\t\t\t\t\t\t\t\t\t<\/a>\n\t\t\t\t\t\t\t\t\t\t\t\t\t\t\t\t\t<a href=\"https:\/\/morahotell.se\/wp-content\/uploads\/2022\/04\/Proffsiga-Jenny-1024x683.jpg\" target=\"_self\" data-caption=\"g\u00f6r fint p\u00e5 rummen\" rel=\"noopener\">\n\t\t\t\t\t\t\t\t\t\t<\/a>\n\t\t\t\t\t\t\t\t\t\t\t\t\t\t\t\t\t<a href=\"https:\/\/morahotell.se\/wp-content\/uploads\/2022\/04\/Ha\u030all-glaset-ra\u0308tt-vitt-vin-1024x683.jpg\" target=\"_self\" data-caption=\"glad tjej p\u00e5 Mora hotell\" rel=\"noopener\">\n\t\t\t\t\t\t\t\t\t\t<\/a>\n\t\t\t\t\t\t\t\t\t\t\t\t\t\t\t\t\t<a href=\"https:\/\/morahotell.se\/wp-content\/uploads\/2022\/04\/olle3-1024x683.jpg\" target=\"_self\" data-caption=\"olle som serverar maten\" rel=\"noopener\">\n\t\t\t\t\t\t\t\t\t\t<\/a>\n\t\t\t\t\t\t\t\t\t\t\t\t\t\t\t\t\t<a href=\"https:\/\/morahotell.se\/wp-content\/uploads\/2022\/04\/FR-2-1024x683.jpg\" target=\"_self\" data-caption=\"receptionist p\u00e5 Mora hotell\" rel=\"noopener\">\n\t\t\t\t\t\t\t\t\t\t<\/a>\n\t\t\t\t\t\t\t\t\t\t\t\t\t\t\t\t\t<a href=\"https:\/\/morahotell.se\/wp-content\/uploads\/2022\/04\/nightmare-1024x683.jpg\" target=\"_self\" data-caption=\"drink i baren\" rel=\"noopener\">\n\t\t\t\t\t\t\t\t\t\t<\/a>\n\t\t\t\t\t\t\t\t\t\t\t\t\t\t\t\t\t<a href=\"https:\/\/morahotell.se\/wp-content\/uploads\/2022\/04\/bar-2-1-1024x682.jpg\" target=\"_self\" data-caption=\"petter serverar en \u00f6l\" rel=\"noopener\">\n\t\t\t\t\t\t\t\t\t\t<\/a>\n\t\t\t\t\t\t\t\t<!-- navigation arrows -->\n\t\t\t<button aria-label=\"F\u00f6reg\u00e5ende\" role=\"button\" tabindex=\"0\">\n\t\t\t<\/button>\n\t\t\t<button aria-label=\"N\u00e4sta\" role=\"button\" tabindex=\"0\">\n\t\t\t<\/button>\n\t\t\t\t\t\t<!-- pagination -->\n\t\n","protected":false},"excerpt":{"rendered":"<p>Information HOTEL-INFORMATION MORA HOTELL &amp; SPA Est. 1830 **** ________ DALARNA HOTELLINFORMATION AKTIVITETER Hotellet har en rad olika aktiviteter &#8211; fr\u00e5ga om dem i receptionen eller l\u00e4s i lugn och ro vad du kan g\u00f6ra p\u00e5 v\u00e5r webbsida: https:\/\/morahotell.se\/produkt-kategori\/aktiviteter\/ APOTEK Kronans Apotek, Kyrkogatan 27 (g\u00e5gatan, andra tv\u00e4rgatan till v\u00e4nster) \u00e4r \u00f6ppet m\u00e5ndag &#8211; fredag mellan&hellip;<\/p>\n","protected":false},"author":1,"featured_media":0,"parent":0,"menu_order":33,"comment_status":"closed","ping_status":"closed","template":"","meta":{"_acf_changed":false,"footnotes":""},"pa-gang-just-nu":[],"class_list":["post-17278","page","type-page","status-publish","hentry"],"acf":[],"yoast_head":"<!-- This site is optimized with the Yoast SEO plugin v26.5 - https:\/\/yoast.com\/wordpress\/plugins\/seo\/ -->\n<title>Information - Mora Hotell &amp; Spa<\/title>\n<meta name=\"description\" content=\"Anl\u00e4ggningen \u00e4r till f\u00f6r g\u00e4ster som vill bes\u00f6ka Mora och d\u00e5 bo och \u00e4ta fyrstj\u00e4rnigt. Stor vikt l\u00e4ggs vid att gynna bygden och dess inv\u00e5nare.\" \/>\n<meta name=\"robots\" content=\"index, follow, max-snippet:-1, max-image-preview:large, max-video-preview:-1\" \/>\n<link rel=\"canonical\" href=\"https:\/\/morahotell.se\/fr\/information\/\" \/>\n<meta property=\"og:locale\" content=\"fr_FR\" \/>\n<meta property=\"og:type\" content=\"article\" \/>\n<meta property=\"og:title\" content=\"Information - Mora Hotell &amp; Spa\" \/>\n<meta property=\"og:description\" content=\"Anl\u00e4ggningen \u00e4r till f\u00f6r g\u00e4ster som vill bes\u00f6ka Mora och d\u00e5 bo och \u00e4ta fyrstj\u00e4rnigt. Stor vikt l\u00e4ggs vid att gynna bygden och dess inv\u00e5nare.\" \/>\n<meta property=\"og:url\" content=\"https:\/\/morahotell.se\/fr\/information\/\" \/>\n<meta property=\"og:site_name\" content=\"Mora Hotell &amp; Spa\" \/>\n<meta property=\"article:modified_time\" content=\"2023-05-15T09:32:55+00:00\" \/>\n<meta property=\"og:image\" content=\"https:\/\/morahotell.se\/wp-content\/uploads\/2022\/04\/vinprov2.jpg\" \/>\n<meta name=\"twitter:card\" content=\"summary_large_image\" \/>\n<meta name=\"twitter:label1\" content=\"Dur\u00e9e de lecture estim\u00e9e\" \/>\n\t<meta name=\"twitter:data1\" content=\"8 minutes\" \/>\n<script type=\"application\/ld+json\" class=\"yoast-schema-graph\">{\"@context\":\"https:\/\/schema.org\",\"@graph\":[{\"@type\":\"WebPage\",\"@id\":\"https:\/\/morahotell.se\/fr\/information\/\",\"url\":\"https:\/\/morahotell.se\/fr\/information\/\",\"name\":\"Information - Mora Hotell &amp; Spa\",\"isPartOf\":{\"@id\":\"https:\/\/morahotell.se\/fr\/#website\"},\"primaryImageOfPage\":{\"@id\":\"https:\/\/morahotell.se\/fr\/information\/#primaryimage\"},\"image\":{\"@id\":\"https:\/\/morahotell.se\/fr\/information\/#primaryimage\"},\"thumbnailUrl\":\"https:\/\/morahotell.se\/wp-content\/uploads\/2022\/04\/vinprov2.jpg\",\"datePublished\":\"2022-08-23T08:06:27+00:00\",\"dateModified\":\"2023-05-15T09:32:55+00:00\",\"description\":\"Anl\u00e4ggningen \u00e4r till f\u00f6r g\u00e4ster som vill bes\u00f6ka Mora och d\u00e5 bo och \u00e4ta fyrstj\u00e4rnigt. Stor vikt l\u00e4ggs vid att gynna bygden och dess inv\u00e5nare.\",\"breadcrumb\":{\"@id\":\"https:\/\/morahotell.se\/fr\/information\/#breadcrumb\"},\"inLanguage\":\"fr-FR\",\"potentialAction\":[{\"@type\":\"ReadAction\",\"target\":[\"https:\/\/morahotell.se\/fr\/information\/\"]}]},{\"@type\":\"ImageObject\",\"inLanguage\":\"fr-FR\",\"@id\":\"https:\/\/morahotell.se\/fr\/information\/#primaryimage\",\"url\":\"https:\/\/morahotell.se\/wp-content\/uploads\/2022\/04\/vinprov2.jpg\",\"contentUrl\":\"https:\/\/morahotell.se\/wp-content\/uploads\/2022\/04\/vinprov2.jpg\"},{\"@type\":\"BreadcrumbList\",\"@id\":\"https:\/\/morahotell.se\/fr\/information\/#breadcrumb\",\"itemListElement\":[{\"@type\":\"ListItem\",\"position\":1,\"name\":\"Mora hotell\",\"item\":\"https:\/\/morahotell.se\/fr\/\"},{\"@type\":\"ListItem\",\"position\":2,\"name\":\"Information\"}]},{\"@type\":\"WebSite\",\"@id\":\"https:\/\/morahotell.se\/fr\/#website\",\"url\":\"https:\/\/morahotell.se\/fr\/\",\"name\":\"Mora Hotell &amp; Spa\",\"description\":\"Fyrstj\u00e4rnigt hotell i Mora, n\u00e4ra Siljan\",\"potentialAction\":[{\"@type\":\"SearchAction\",\"target\":{\"@type\":\"EntryPoint\",\"urlTemplate\":\"https:\/\/morahotell.se\/fr\/?s={search_term_string}\"},\"query-input\":{\"@type\":\"PropertyValueSpecification\",\"valueRequired\":true,\"valueName\":\"search_term_string\"}}],\"inLanguage\":\"fr-FR\"}]}<\/script>\n<!-- \/ Yoast SEO plugin. -->","yoast_head_json":{"title":"Information - Mora Hotell &amp; Spa","description":"Anl\u00e4ggningen \u00e4r till f\u00f6r g\u00e4ster som vill bes\u00f6ka Mora och d\u00e5 bo och \u00e4ta fyrstj\u00e4rnigt. Stor vikt l\u00e4ggs vid att gynna bygden och dess inv\u00e5nare.","robots":{"index":"index","follow":"follow","max-snippet":"max-snippet:-1","max-image-preview":"max-image-preview:large","max-video-preview":"max-video-preview:-1"},"canonical":"https:\/\/morahotell.se\/fr\/information\/","og_locale":"fr_FR","og_type":"article","og_title":"Information - Mora Hotell &amp; Spa","og_description":"Anl\u00e4ggningen \u00e4r till f\u00f6r g\u00e4ster som vill bes\u00f6ka Mora och d\u00e5 bo och \u00e4ta fyrstj\u00e4rnigt. Stor vikt l\u00e4ggs vid att gynna bygden och dess inv\u00e5nare.","og_url":"https:\/\/morahotell.se\/fr\/information\/","og_site_name":"Mora Hotell &amp; Spa","article_modified_time":"2023-05-15T09:32:55+00:00","og_image":[{"url":"https:\/\/morahotell.se\/wp-content\/uploads\/2022\/04\/vinprov2.jpg","type":"","width":"","height":""}],"twitter_card":"summary_large_image","twitter_misc":{"Dur\u00e9e de lecture estim\u00e9e":"8 minutes"},"schema":{"@context":"https:\/\/schema.org","@graph":[{"@type":"WebPage","@id":"https:\/\/morahotell.se\/fr\/information\/","url":"https:\/\/morahotell.se\/fr\/information\/","name":"Information - Mora Hotell &amp; Spa","isPartOf":{"@id":"https:\/\/morahotell.se\/fr\/#website"},"primaryImageOfPage":{"@id":"https:\/\/morahotell.se\/fr\/information\/#primaryimage"},"image":{"@id":"https:\/\/morahotell.se\/fr\/information\/#primaryimage"},"thumbnailUrl":"https:\/\/morahotell.se\/wp-content\/uploads\/2022\/04\/vinprov2.jpg","datePublished":"2022-08-23T08:06:27+00:00","dateModified":"2023-05-15T09:32:55+00:00","description":"Anl\u00e4ggningen \u00e4r till f\u00f6r g\u00e4ster som vill bes\u00f6ka Mora och d\u00e5 bo och \u00e4ta fyrstj\u00e4rnigt. Stor vikt l\u00e4ggs vid att gynna bygden och dess inv\u00e5nare.","breadcrumb":{"@id":"https:\/\/morahotell.se\/fr\/information\/#breadcrumb"},"inLanguage":"fr-FR","potentialAction":[{"@type":"ReadAction","target":["https:\/\/morahotell.se\/fr\/information\/"]}]},{"@type":"ImageObject","inLanguage":"fr-FR","@id":"https:\/\/morahotell.se\/fr\/information\/#primaryimage","url":"https:\/\/morahotell.se\/wp-content\/uploads\/2022\/04\/vinprov2.jpg","contentUrl":"https:\/\/morahotell.se\/wp-content\/uploads\/2022\/04\/vinprov2.jpg"},{"@type":"BreadcrumbList","@id":"https:\/\/morahotell.se\/fr\/information\/#breadcrumb","itemListElement":[{"@type":"ListItem","position":1,"name":"Mora hotell","item":"https:\/\/morahotell.se\/fr\/"},{"@type":"ListItem","position":2,"name":"Information"}]},{"@type":"WebSite","@id":"https:\/\/morahotell.se\/fr\/#website","url":"https:\/\/morahotell.se\/fr\/","name":"Mora Hotell &amp; Spa","description":"Fyrstj\u00e4rnigt hotell i Mora, n\u00e4ra Siljan","potentialAction":[{"@type":"SearchAction","target":{"@type":"EntryPoint","urlTemplate":"https:\/\/morahotell.se\/fr\/?s={search_term_string}"},"query-input":{"@type":"PropertyValueSpecification","valueRequired":true,"valueName":"search_term_string"}}],"inLanguage":"fr-FR"}]}},"_links":{"self":[{"href":"https:\/\/morahotell.se\/fr\/wp-json\/wp\/v2\/pages\/17278","targetHints":{"allow":["GET"]}}],"collection":[{"href":"https:\/\/morahotell.se\/fr\/wp-json\/wp\/v2\/pages"}],"about":[{"href":"https:\/\/morahotell.se\/fr\/wp-json\/wp\/v2\/types\/page"}],"author":[{"embeddable":true,"href":"https:\/\/morahotell.se\/fr\/wp-json\/wp\/v2\/users\/1"}],"replies":[{"embeddable":true,"href":"https:\/\/morahotell.se\/fr\/wp-json\/wp\/v2\/comments?post=17278"}],"version-history":[{"count":0,"href":"https:\/\/morahotell.se\/fr\/wp-json\/wp\/v2\/pages\/17278\/revisions"}],"wp:attachment":[{"href":"https:\/\/morahotell.se\/fr\/wp-json\/wp\/v2\/media?parent=17278"}],"wp:term":[{"taxonomy":"pa-gang-just-nu","embeddable":true,"href":"https:\/\/morahotell.se\/fr\/wp-json\/wp\/v2\/pa-gang-just-nu?post=17278"}],"curies":[{"name":"wp","href":"https:\/\/api.w.org\/{rel}","templated":true}]}}