{"id":17269,"date":"2022-05-09T16:31:43","date_gmt":"2022-05-09T14:31:43","guid":{"rendered":"https:\/\/morahotell.se\/a-propos-de-nousom-oss\/kontakta-oss\/"},"modified":"2025-11-07T15:36:37","modified_gmt":"2025-11-07T14:36:37","slug":"contactez-nous","status":"publish","type":"page","link":"https:\/\/morahotell.se\/fr\/a-propos-de-nousom-oss\/contactez-nous\/","title":{"rendered":"Contactez-nous"},"content":{"rendered":"\n\n\t<h1>Contactez-nous<\/h1>\n\t<p>Bienvenue ici!<\/p>\n\t<h2>Contactez-nous au Mora Hotell &amp; Spa<\/h2>\n<p>Faites-nous part de vos demandes et questions. Le Mora Hotell &amp; Spa est ouvert 24\/24, 7\/7 et 365 jours par an. Nous nous ferons un plaisir de r\u00e9pondre \u00e0 vos questions sur votre r\u00e9servation, nos chambres ou encore notre spa. Mais vous pouvez \u00e9galement nous demander conseil sur les visites et activit\u00e9s \u00e0 faire \u00e0 Mora et dans ses environs !<\/p>\n\t<h3>Adresse<\/h3>\nStrandgatan 12<br \/>\n792 30 Mora\n\t<h3>Envoyer un message<\/h3>\n<p><a href=\"mailto:info@morahotell.se\">info@morahotell.se<\/a><\/p>\n<p>Nous vous r\u00e9pondrons d\u00e8s que possible !<\/p>\n\t<h3>T\u00e9l\u00e9phone<\/h3>\n<p><a href=\"tel:0250592650\">0250-59 26 50<\/a><\/p>\n\t<h2>Le reste du monde a de bonnes communications avec Mora!<br \/>\nComment arriver:<\/h2>\n<h3>En voiture<\/h3>\n<p>Il est facile de nous rejoindre. Mora est magnifiquement situ\u00e9 \u00e0 la limite de Saxviken, la partie nord de Siljan. Mora Hotell &amp; Spa se trouve au centre de la ville, juste \u00e0 c\u00f4t\u00e9 de l&rsquo;\u00e9glise et de la ligne d&rsquo;arriv\u00e9e du Vasalopp.<\/p>\n<p>Le nombre de places de parking est limit\u00e9, mais celles qui sont disponibles sont incluses pour nos clients, c&rsquo;est pourquoi nous offrons un parking gratuit sous r\u00e9serve de disponibilit\u00e9.<\/p>\n<p>Nous disposons d&rsquo;environ <strong>50 places de parking ext\u00e9rieures<\/strong> et de <strong>5 places de garage<\/strong>, qui peuvent \u00eatre r\u00e9serv\u00e9es et pay\u00e9es sur place via Pairgo au tarif de 90 SEK\/jour pour les places ext\u00e9rieures et 150 SEK\/jour pour les places de garage, 60 SEK pour les motos dans le garage. Votre v\u00e9hicule est surveill\u00e9 par Securitas.<\/p>\n<p>Nous disposons \u00e9galement de <strong>34 bornes de recharge<\/strong> juste en face de l&rsquo;h\u00f4tel, o\u00f9 vous pouvez facilement recharger votre voiture \u00e9lectrique.<\/p>\n<h3>En train<\/h3>\n<p>Il faut compter environ 4 heures depuis Stockholm. Il y a six services quotidiens en semaine, un peu moins le week-end.<\/p>\n<h3>En avion<\/h3>\n<p>L&rsquo;a\u00e9roport de Mora se trouve \u00e0 10 km. Le moyen le plus simple de se rendre \u00e0 l&rsquo;h\u00f4tel est de prendre un taxi, que vous pouvez joindre au 0250-15000.<\/p>\n\t<h3>En chemin de fer int\u00e9rieur<\/h3>\n<p>Vous pouvez voyager dans un environnement pittoresque jusqu&rsquo;\u00e0 G\u00e4llivare en passant par \u00d6stersund. Si vous choisissez plut\u00f4t de voyager vers le sud, vous arriverez \u00e0 Kristinehamn, mais devrez ensuite prendre un bus sur le tron\u00e7on Mora &#8211; Filipstad.<\/p>\n<h3>En bus<\/h3>\nIl existe des liaisons quotidiennes en bus entre Stockholm et Mora. Le trajet dure 4,5 heures.<br \/>\nLe service est assur\u00e9 par Swebus Express et MasExpressen, au d\u00e9part de la gare de Mora.\n<h3>Autres transports<\/h3>\n<p>Au sein de la municipalit\u00e9 et entre les municipalit\u00e9s du comt\u00e9, Dalatrafik g\u00e8re les liaisons de bus.<\/p>\n\n","protected":false},"excerpt":{"rendered":"<p>Contactez-nous Bienvenue ici! Contactez-nous au Mora Hotell &amp; Spa Faites-nous part de vos demandes et questions. Le Mora Hotell &amp; Spa est ouvert 24\/24, 7\/7 et 365 jours par an. Nous nous ferons un plaisir de r\u00e9pondre \u00e0 vos questions sur votre r\u00e9servation, nos chambres ou encore notre spa. Mais vous pouvez \u00e9galement nous demander&hellip;<\/p>\n","protected":false},"author":33,"featured_media":0,"parent":17260,"menu_order":50,"comment_status":"closed","ping_status":"closed","template":"","meta":{"_acf_changed":false,"footnotes":""},"pa-gang-just-nu":[],"class_list":["post-17269","page","type-page","status-publish","hentry"],"acf":[],"_links":{"self":[{"href":"https:\/\/morahotell.se\/fr\/wp-json\/wp\/v2\/pages\/17269","targetHints":{"allow":["GET"]}}],"collection":[{"href":"https:\/\/morahotell.se\/fr\/wp-json\/wp\/v2\/pages"}],"about":[{"href":"https:\/\/morahotell.se\/fr\/wp-json\/wp\/v2\/types\/page"}],"author":[{"embeddable":true,"href":"https:\/\/morahotell.se\/fr\/wp-json\/wp\/v2\/users\/33"}],"replies":[{"embeddable":true,"href":"https:\/\/morahotell.se\/fr\/wp-json\/wp\/v2\/comments?post=17269"}],"version-history":[{"count":0,"href":"https:\/\/morahotell.se\/fr\/wp-json\/wp\/v2\/pages\/17269\/revisions"}],"up":[{"embeddable":true,"href":"https:\/\/morahotell.se\/fr\/wp-json\/wp\/v2\/pages\/17260"}],"wp:attachment":[{"href":"https:\/\/morahotell.se\/fr\/wp-json\/wp\/v2\/media?parent=17269"}],"wp:term":[{"taxonomy":"pa-gang-just-nu","embeddable":true,"href":"https:\/\/morahotell.se\/fr\/wp-json\/wp\/v2\/pa-gang-just-nu?post=17269"}],"curies":[{"name":"wp","href":"https:\/\/api.w.org\/{rel}","templated":true}]}}