{"id":17265,"date":"2022-05-09T16:32:31","date_gmt":"2022-05-09T14:32:31","guid":{"rendered":"https:\/\/morahotell.se\/a-propos-de-nousom-oss\/hallbarhet\/"},"modified":"2025-10-09T15:19:28","modified_gmt":"2025-10-09T13:19:28","slug":"durabilite","status":"publish","type":"page","link":"https:\/\/morahotell.se\/fr\/a-propos-de-nousom-oss\/durabilite\/","title":{"rendered":"Durabilit\u00e9"},"content":{"rendered":"\n\n\t<h1>Durabilit\u00e9 &#8211; Green Key<\/h1>\n\t<h1>Durabilit\u00e9 chez Mora Hotell<\/h1>\nLe Mora Hotell &amp; Spa souhaite offrir \u00e0 sa client\u00e8le une exp\u00e9rience o\u00f9 la durabilit\u00e9 occupe une place centrale, faisant naturellement partie de notre travail quotidien.<br \/>\nNous nous effor\u00e7ons sans cesse d&rsquo;am\u00e9liorer nos comportements afin de r\u00e9duire notre impact sur notre environnement. Nous y travaillons activement en fixant chaque ann\u00e9e de nouveaux objectifs \u00e0 atteindre en mati\u00e8re de durabilit\u00e9.<br \/>\nEn formant et informant notre personnel et en sensiblisant notre client\u00e8le aux probl\u00e9matiques environnementales, nous esp\u00e9rons contribuer \u00e0 une plus grande prise de conscience et \u00e0 g\u00e9n\u00e9rer de l&rsquo;engagement pour cette cause qui nous tient tant \u00e0 c\u0153ur.\n\t\t\t\t<img decoding=\"async\" src=\"https:\/\/morahotell.se\/wp-content\/uploads\/2022\/04\/Green-Key-certifikat-2021-Mora-Hotell-Spa-1.jpg\" alt=\"Green-Key-certifikat-2021-Mora-Hotell-Spa\" itemprop=\"image\" height=\"842\" width=\"596\" title=\"Green-Key-certifikat-2021-Mora-Hotell-Spa\" onerror=\"this.style.display='none'\" loading=\"lazy\" \/>\n\tNotre impact le plus grand et le plus direct sur l&rsquo;environnement provient de l&rsquo;utilisation des ressources telles que l&rsquo;\u00e9nergie, l&rsquo;eau et nos d\u00e9chets.<br \/>\nNous travaillons activement \u00e0 r\u00e9duire tant notre consommation d&rsquo;\u00e9nergie et d&rsquo;eau que notre production de d\u00e9chets, sur laquelle nous pratiquons par ailleurs le tri s\u00e9lectif.<br \/>\nL&rsquo;\u00e9lectricit\u00e9 que nous utilisons provient \u00e0 100% de sources d&rsquo;\u00e9nergie renouvelable telles que le solaire, l&rsquo;\u00e9olien et l&rsquo;hydraulique, et fait l&rsquo;objet de techniques d&rsquo;optimisation d&rsquo;\u00e9nergie.<br \/>\nNous \u00e9valuons et surveillons r\u00e9guli\u00e8rement notre performance environnementale, notamment notre consommation d&rsquo;eau, d&rsquo;\u00e9lectricit\u00e9 et d&rsquo;\u00e9nergie en g\u00e9n\u00e9ral.\nMais il ne faut pas oublier l&rsquo;impact environnemental indirect, qui r\u00e9sulte des choix des fournisseurs avec lesquels nous choisissons de travailler.<br \/>\nDans notre restaurant, nous privil\u00e9gions les ingr\u00e9dients locaux, de saison et \u00e0 faible impact environnemental et veillons \u00e0 limiter au maximum le gaspillage alimentaire. Les produits d&rsquo;entretien que nous utilisons sont certifi\u00e9s \u00e9cologiques.\n<p>Nous veillons \u00e9galement \u00e0 garantir la durabilit\u00e9 sociale de l&rsquo;\u00e9cosyst\u00e8me dans lequel nous nous ins\u00e9rons, en incitant notre personnel et notre client\u00e8le \u00e0 travailler main dans la main avec les partenaires locaux.<\/p>\n<p>Nous nous engageons \u00e0 suivre les lois et accomplir nos devoirs d\u00e9finis par la certification La Clef Verte et encourageaons nos prestataires et notre client\u00e8le \u00e0 suivre notre exemple.<\/p>\n<p>Nous souhaitons cr\u00e9er un espace o\u00f9 le tourisme est durable et inciter les autres acteurs de l&rsquo;industrie, mais aussi nos prestataires, nos clients et nos employ\u00e9s \u00e0 s&rsquo;engager \u00e0 leur tour en faveur des questions environnementales. Telle est la philosophie du Mora Hotell &#038; Spa.<\/p>\n<p>La Clef Verte est le premier \u00e9colabel international pour l&rsquo;h\u00e9bergement touristique.<\/p>\n<p>La Clef Verte aide les acteurs du tourisme \u00e0 appr\u00e9hender les probl\u00e9matiques li\u00e9es \u00e0 la durabilit\u00e9 et  r\u00e9duire leur impact environnemental gr\u00e2ce \u00e0 un panel d&rsquo;outils et de formations.<\/p>\n\n","protected":false},"excerpt":{"rendered":"<p>Durabilit\u00e9 &#8211; Green Key Durabilit\u00e9 chez Mora Hotell Le Mora Hotell &amp; Spa souhaite offrir \u00e0 sa client\u00e8le une exp\u00e9rience o\u00f9 la durabilit\u00e9 occupe une place centrale, faisant naturellement partie de notre travail quotidien. Nous nous effor\u00e7ons sans cesse d&rsquo;am\u00e9liorer nos comportements afin de r\u00e9duire notre impact sur notre environnement. Nous y travaillons activement en&hellip;<\/p>\n","protected":false},"author":33,"featured_media":29688,"parent":17260,"menu_order":26,"comment_status":"closed","ping_status":"closed","template":"","meta":{"_acf_changed":false,"footnotes":""},"pa-gang-just-nu":[],"class_list":["post-17265","page","type-page","status-publish","has-post-thumbnail","hentry"],"acf":[],"_links":{"self":[{"href":"https:\/\/morahotell.se\/fr\/wp-json\/wp\/v2\/pages\/17265","targetHints":{"allow":["GET"]}}],"collection":[{"href":"https:\/\/morahotell.se\/fr\/wp-json\/wp\/v2\/pages"}],"about":[{"href":"https:\/\/morahotell.se\/fr\/wp-json\/wp\/v2\/types\/page"}],"author":[{"embeddable":true,"href":"https:\/\/morahotell.se\/fr\/wp-json\/wp\/v2\/users\/33"}],"replies":[{"embeddable":true,"href":"https:\/\/morahotell.se\/fr\/wp-json\/wp\/v2\/comments?post=17265"}],"version-history":[{"count":0,"href":"https:\/\/morahotell.se\/fr\/wp-json\/wp\/v2\/pages\/17265\/revisions"}],"up":[{"embeddable":true,"href":"https:\/\/morahotell.se\/fr\/wp-json\/wp\/v2\/pages\/17260"}],"wp:featuredmedia":[{"embeddable":true,"href":"https:\/\/morahotell.se\/fr\/wp-json\/wp\/v2\/media\/29688"}],"wp:attachment":[{"href":"https:\/\/morahotell.se\/fr\/wp-json\/wp\/v2\/media?parent=17265"}],"wp:term":[{"taxonomy":"pa-gang-just-nu","embeddable":true,"href":"https:\/\/morahotell.se\/fr\/wp-json\/wp\/v2\/pa-gang-just-nu?post=17265"}],"curies":[{"name":"wp","href":"https:\/\/api.w.org\/{rel}","templated":true}]}}