{"id":17260,"date":"2022-05-09T16:28:10","date_gmt":"2022-05-09T14:28:10","guid":{"rendered":"https:\/\/morahotell.se\/om-oss\/"},"modified":"2025-10-09T14:36:15","modified_gmt":"2025-10-09T12:36:15","slug":"a-propos-de-nousom-oss","status":"publish","type":"page","link":"https:\/\/morahotell.se\/fr\/a-propos-de-nousom-oss\/","title":{"rendered":"\u00c0 propos de nous"},"content":{"rendered":"\n\n\t<h1>\u00c0 propos de Mora H\u00f4tel &amp; Spa<\/h1>\n\t<h2>\u00c0 propos de nous<\/h2>\n<p>Le Mora Hotell &amp; Spa est dirig\u00e9 par la famille Lund depuis 2018. Nous avons v\u00e9cu et travaill\u00e9 dans toute l&rsquo;Europe, mais avons d\u00e9cid\u00e9 de renouer avec nos racines en revenant nous installer dans nos contr\u00e9es natales \u00e0 Mora, dans cette r\u00e9gion magique qu&rsquo;est la Dal\u00e9carlie. En bons vivants, nous avons rapport\u00e9 dans nos bagages nos d\u00e9couvertes en mati\u00e8re de cuisine, de vins et d&rsquo;art de vivre, et les avons combin\u00e9s \u00e0 notre passion pour notre r\u00e9gion d&rsquo;origine, qui est \u00e0 notre sens le plus bel endroit au monde.<\/p>\n<p>Notre complexe h\u00f4telier s&rsquo;adresse aux voyageurs souhaitant visiter Mora en s&rsquo;offrant les plaisirs d&rsquo;un \u00e9tablissement haut de gamme. Plus que toute chose, nous souhaitons rendre hommage \u00e0 la r\u00e9gion et \u00e0 ses habitants, et voulons que ceux-ci soient fiers du Mora Hotell &amp; Spa, de sa beaut\u00e9 et de son h\u00e9ritage.<\/p>\n<p>Nos places de parking sont limit\u00e9es en nombre, mais elles sont gratuites pour notre client\u00e8le. Nous avons de surcro\u00eet plusieurs places de parking disponibles dans notre garage, avec acc\u00e8s direct aux chambres et aux \u00e9quipements de l&rsquo;h\u00f4tel.<\/p>\n\t<h2>Histoire de l&rsquo;h\u00f4tel<\/h2>\n<p>Les premi\u00e8res pierres de l&rsquo;\u00e9difice remontent \u00e0 1830 lorsque Herr Sedwallsson ouvrit la Mora G\u00e4stgiveri (\u00ab\u00a0Auberge de Mora\u00a0\u00bb). \u00c0 l&rsquo;\u00e9poque, l&rsquo;\u00e9tablissement comptait cinq grandes pi\u00e8ces, une salle \u00e0 manger, un salon, ainsi que deux chambres d&rsquo;h\u00f4tel avec lits. Il disposait \u00e9galement d&rsquo;une \u00e9curie pour les cal\u00e8ches et leurs chevaux et d&rsquo;une cave \u00e0 br\u00e4nnvin, le spiritueux su\u00e9dois. Plus tard, le g\u00eete devint le Mora Hotell, proposant un total de 17 chambres. Au fil des ann\u00e9es, l&rsquo;\u00e9tablissement connut plusieurs travaux de r\u00e9novation et d&rsquo;agrandissement pour devenir l&rsquo;h\u00f4tel de premi\u00e8re classe de 141 chambres que nous connaissons aujourd&rsquo;hui.<\/p>\n<p>L&rsquo;\u00e9difice d&rsquo;origine est toujours visible parmi les murs du complexe actuel. Herr Sedwallson \u00e9tait un homme d&rsquo;affaires \u00e9tabli \u00e0 \u00c4lvdalen. Il fut surtout connu pour avoir organis\u00e9 le transport du sarcophage command\u00e9 \u00e0 la fabrique de porphyre d&rsquo;\u00c4lvdalen pour l&rsquo;enterrement du roi Charles XIV Jean de Su\u00e8de en 1844.<\/p>\n<p>L&rsquo;occupant le plus c\u00e9l\u00e8bre du g\u00eete fut sans conteste Julius Blomberg, p\u00e8re du non moins c\u00e9l\u00e8bre capitaine Carl Hugo Blomberg, qui servit sous la bani\u00e8re am\u00e9ricaine lors de la guerre hispano-am\u00e9ricaine de 1898. L&rsquo;artiste Anders Zorn et son \u00e9pouse Emma, ainsi que leurs amis Carl Larsson, Selma Lagerl\u00f6f, le prince Eug\u00e8ne de Su\u00e8de et August Strindberg viennent compl\u00e9ter la liste des personnalit\u00e9s ayant fr\u00e9quent\u00e9 le Mora Hotell.<\/p>\n<p>Photo : archives de la commune de Mora<\/p>\n<p>Prendre contact avec le Mora Hotell &amp; Spa ici<\/p>\n\t<h2>Nos valeurs<\/h2>\n<p>En savoir plus sur nos valeurs dans notre brochure.<\/p>\n\t\t\t<a href=\"https:\/\/morahotell.se\/wp-content\/uploads\/2022\/04\/Vara_varderingar_A5_220321-komprimerad_ny.pdf\" target=\"_blank\" rel=\"noopener\">\n\t\t\t\t\t\t\tT\u00e9l\u00e9chargez nos valeurs au format pdf (en su\u00e9dois)\n\t\t\t\t\t<\/a>\n\t\t\t\t\t\t\t\t\t\t\t\t\t\t\t\t\t<a href=\"https:\/\/morahotell.se\/wp-content\/uploads\/2022\/04\/Patrick_Petter_IMG_2024-kopia-1024x682.jpg\" target=\"_self\" data-caption=\"Patrick &amp; Petter Lund\" aria-label=\"Patrick &amp; Petter Lund\">\n\t\t\t\t\t\t<figure>\n\t\t\t\t\t\t\t<img loading=\"lazy\" decoding=\"async\" src=\"https:\/\/morahotell.se\/wp-content\/uploads\/2022\/04\/Patrick_Petter_IMG_2024-kopia-1024x682.jpg\" alt=\"patrick och Petter\" srcset=\"https:\/\/morahotell.se\/wp-content\/uploads\/2022\/04\/Patrick_Petter_IMG_2024-kopia-1024x682.jpg 1024w, https:\/\/morahotell.se\/wp-content\/uploads\/2022\/04\/Patrick_Petter_IMG_2024-kopia-300x200.jpg 300w, https:\/\/morahotell.se\/wp-content\/uploads\/2022\/04\/Patrick_Petter_IMG_2024-kopia-768x512.jpg 768w, https:\/\/morahotell.se\/wp-content\/uploads\/2022\/04\/Patrick_Petter_IMG_2024-kopia-1536x1023.jpg 1536w, https:\/\/morahotell.se\/wp-content\/uploads\/2022\/04\/Patrick_Petter_IMG_2024-kopia-600x400.jpg 600w, https:\/\/morahotell.se\/wp-content\/uploads\/2022\/04\/Patrick_Petter_IMG_2024-kopia.jpg 1600w\" width=\"1024\" height=\"682\" \/>\n\t\t\t\t\t\t\t\t\t\t\t\t\t<\/figure>\n\t\t\t\t\t\t\t\t\t\t<\/a>\n\t\t\t\t\t\t\t\t\t\t\t\t\t\t\t\t\t<a href=\"https:\/\/morahotell.se\/wp-content\/uploads\/2022\/04\/Marit--1024x683.jpg\" target=\"_self\" data-caption=\"marit p\u00e5 spa\" aria-label=\"marit p\u00e5 spa\">\n\t\t\t\t\t\t<figure>\n\t\t\t\t\t\t\t<img loading=\"lazy\" decoding=\"async\" src=\"https:\/\/morahotell.se\/wp-content\/uploads\/2022\/04\/Marit--1024x683.jpg\" alt=\"\" srcset=\"https:\/\/morahotell.se\/wp-content\/uploads\/2022\/04\/Marit--1024x683.jpg 1024w, https:\/\/morahotell.se\/wp-content\/uploads\/2022\/04\/Marit--300x200.jpg 300w, https:\/\/morahotell.se\/wp-content\/uploads\/2022\/04\/Marit--768x512.jpg 768w, https:\/\/morahotell.se\/wp-content\/uploads\/2022\/04\/Marit--1536x1024.jpg 1536w, https:\/\/morahotell.se\/wp-content\/uploads\/2022\/04\/Marit--2048x1366.jpg 2048w, https:\/\/morahotell.se\/wp-content\/uploads\/2022\/04\/Marit--600x400.jpg 600w\" width=\"1024\" height=\"683\" \/>\n\t\t\t\t\t\t\t\t\t\t\t\t\t<\/figure>\n\t\t\t\t\t\t\t\t\t\t<\/a>\n\t\t\t\t\t\t\t\t\t\t\t\t\t\t\t\t\t<a href=\"https:\/\/morahotell.se\/wp-content\/uploads\/2022\/04\/Glad-Kung--1024x683.jpg\" target=\"_self\" data-caption=\"vakm\u00e4stare\" aria-label=\"vakm\u00e4stare\">\n\t\t\t\t\t\t<figure>\n\t\t\t\t\t\t\t<img loading=\"lazy\" decoding=\"async\" src=\"https:\/\/morahotell.se\/wp-content\/uploads\/2022\/04\/Glad-Kung--1024x683.jpg\" alt=\"\" srcset=\"https:\/\/morahotell.se\/wp-content\/uploads\/2022\/04\/Glad-Kung--1024x683.jpg 1024w, https:\/\/morahotell.se\/wp-content\/uploads\/2022\/04\/Glad-Kung--300x200.jpg 300w, https:\/\/morahotell.se\/wp-content\/uploads\/2022\/04\/Glad-Kung--768x512.jpg 768w, https:\/\/morahotell.se\/wp-content\/uploads\/2022\/04\/Glad-Kung--1536x1024.jpg 1536w, https:\/\/morahotell.se\/wp-content\/uploads\/2022\/04\/Glad-Kung--2048x1366.jpg 2048w, https:\/\/morahotell.se\/wp-content\/uploads\/2022\/04\/Glad-Kung--600x400.jpg 600w\" width=\"1024\" height=\"683\" \/>\n\t\t\t\t\t\t\t\t\t\t\t\t\t<\/figure>\n\t\t\t\t\t\t\t\t\t\t<\/a>\n\t\t\t\t\t\t\t\t\t\t\t\t\t\t\t\t\t<a href=\"https:\/\/morahotell.se\/wp-content\/uploads\/2022\/04\/Proffsiga-Jenny-1024x683.jpg\" target=\"_self\" data-caption=\"g\u00f6r fint p\u00e5 rummen\" aria-label=\"g\u00f6r fint p\u00e5 rummen\">\n\t\t\t\t\t\t<figure>\n\t\t\t\t\t\t\t<img loading=\"lazy\" decoding=\"async\" src=\"https:\/\/morahotell.se\/wp-content\/uploads\/2022\/04\/Proffsiga-Jenny-1024x683.jpg\" alt=\"\" srcset=\"https:\/\/morahotell.se\/wp-content\/uploads\/2022\/04\/Proffsiga-Jenny-1024x683.jpg 1024w, https:\/\/morahotell.se\/wp-content\/uploads\/2022\/04\/Proffsiga-Jenny-300x200.jpg 300w, https:\/\/morahotell.se\/wp-content\/uploads\/2022\/04\/Proffsiga-Jenny-768x512.jpg 768w, https:\/\/morahotell.se\/wp-content\/uploads\/2022\/04\/Proffsiga-Jenny-1536x1024.jpg 1536w, https:\/\/morahotell.se\/wp-content\/uploads\/2022\/04\/Proffsiga-Jenny-2048x1366.jpg 2048w, https:\/\/morahotell.se\/wp-content\/uploads\/2022\/04\/Proffsiga-Jenny-600x400.jpg 600w\" width=\"1024\" height=\"683\" \/>\n\t\t\t\t\t\t\t\t\t\t\t\t\t<\/figure>\n\t\t\t\t\t\t\t\t\t\t<\/a>\n\t\t\t\t\t\t\t\t\t\t\t\t\t\t\t\t\t<a href=\"https:\/\/morahotell.se\/wp-content\/uploads\/2022\/04\/Ha\u030all-glaset-ra\u0308tt-vitt-vin-1024x683.jpg\" target=\"_self\" data-caption=\"glad tjej p\u00e5 Mora hotell\" aria-label=\"glad tjej p\u00e5 Mora hotell\">\n\t\t\t\t\t\t<figure>\n\t\t\t\t\t\t\t<img loading=\"lazy\" decoding=\"async\" src=\"https:\/\/morahotell.se\/wp-content\/uploads\/2022\/04\/Ha\u030all-glaset-ra\u0308tt-vitt-vin-1024x683.jpg\" alt=\"glad-tjej\" srcset=\"https:\/\/morahotell.se\/wp-content\/uploads\/2022\/04\/Ha\u030all-glaset-ra\u0308tt-vitt-vin-1024x683.jpg 1024w, https:\/\/morahotell.se\/wp-content\/uploads\/2022\/04\/Ha\u030all-glaset-ra\u0308tt-vitt-vin-300x200.jpg 300w, https:\/\/morahotell.se\/wp-content\/uploads\/2022\/04\/Ha\u030all-glaset-ra\u0308tt-vitt-vin-768x512.jpg 768w, https:\/\/morahotell.se\/wp-content\/uploads\/2022\/04\/Ha\u030all-glaset-ra\u0308tt-vitt-vin-1536x1024.jpg 1536w, https:\/\/morahotell.se\/wp-content\/uploads\/2022\/04\/Ha\u030all-glaset-ra\u0308tt-vitt-vin-2048x1366.jpg 2048w, https:\/\/morahotell.se\/wp-content\/uploads\/2022\/04\/Ha\u030all-glaset-ra\u0308tt-vitt-vin-600x400.jpg 600w\" width=\"1024\" height=\"683\" \/>\n\t\t\t\t\t\t\t\t\t\t\t\t\t<\/figure>\n\t\t\t\t\t\t\t\t\t\t<\/a>\n\t\t\t\t\t\t\t\t\t\t\t\t\t\t\t\t\t<a href=\"https:\/\/morahotell.se\/wp-content\/uploads\/2022\/04\/olle3-1024x683.jpg\" target=\"_self\" data-caption=\"olle som serverar maten\" aria-label=\"olle som serverar maten\">\n\t\t\t\t\t\t<figure>\n\t\t\t\t\t\t\t<img loading=\"lazy\" decoding=\"async\" src=\"https:\/\/morahotell.se\/wp-content\/uploads\/2022\/04\/olle3-1024x683.jpg\" alt=\"\" srcset=\"https:\/\/morahotell.se\/wp-content\/uploads\/2022\/04\/olle3-1024x683.jpg 1024w, https:\/\/morahotell.se\/wp-content\/uploads\/2022\/04\/olle3-300x200.jpg 300w, https:\/\/morahotell.se\/wp-content\/uploads\/2022\/04\/olle3-768x512.jpg 768w, https:\/\/morahotell.se\/wp-content\/uploads\/2022\/04\/olle3-1536x1024.jpg 1536w, https:\/\/morahotell.se\/wp-content\/uploads\/2022\/04\/olle3-2048x1366.jpg 2048w, https:\/\/morahotell.se\/wp-content\/uploads\/2022\/04\/olle3-600x400.jpg 600w\" width=\"1024\" height=\"683\" \/>\n\t\t\t\t\t\t\t\t\t\t\t\t\t<\/figure>\n\t\t\t\t\t\t\t\t\t\t<\/a>\n\t\t\t\t\t\t\t\t\t\t\t\t\t\t\t\t\t<a href=\"https:\/\/morahotell.se\/wp-content\/uploads\/2022\/04\/FR-2-1024x683.jpg\" target=\"_self\" data-caption=\"receptionist p\u00e5 Mora hotell\" aria-label=\"receptionist p\u00e5 Mora hotell\">\n\t\t\t\t\t\t<figure>\n\t\t\t\t\t\t\t<img loading=\"lazy\" decoding=\"async\" src=\"https:\/\/morahotell.se\/wp-content\/uploads\/2022\/04\/FR-2-1024x683.jpg\" alt=\"receptionist\" srcset=\"https:\/\/morahotell.se\/wp-content\/uploads\/2022\/04\/FR-2-1024x683.jpg 1024w, https:\/\/morahotell.se\/wp-content\/uploads\/2022\/04\/FR-2-300x200.jpg 300w, https:\/\/morahotell.se\/wp-content\/uploads\/2022\/04\/FR-2-768x512.jpg 768w, https:\/\/morahotell.se\/wp-content\/uploads\/2022\/04\/FR-2-1536x1024.jpg 1536w, https:\/\/morahotell.se\/wp-content\/uploads\/2022\/04\/FR-2-2048x1366.jpg 2048w, https:\/\/morahotell.se\/wp-content\/uploads\/2022\/04\/FR-2-600x400.jpg 600w\" width=\"1024\" height=\"683\" \/>\n\t\t\t\t\t\t\t\t\t\t\t\t\t<\/figure>\n\t\t\t\t\t\t\t\t\t\t<\/a>\n\t\t\t\t\t\t\t\t\t\t\t\t\t\t\t\t\t<a href=\"https:\/\/morahotell.se\/wp-content\/uploads\/2022\/04\/nightmare-1024x683.jpg\" target=\"_self\" data-caption=\"drink i baren\" aria-label=\"drink i baren\">\n\t\t\t\t\t\t<figure>\n\t\t\t\t\t\t\t<img loading=\"lazy\" decoding=\"async\" src=\"https:\/\/morahotell.se\/wp-content\/uploads\/2022\/04\/nightmare-1024x683.jpg\" alt=\"\" srcset=\"https:\/\/morahotell.se\/wp-content\/uploads\/2022\/04\/nightmare-1024x683.jpg 1024w, https:\/\/morahotell.se\/wp-content\/uploads\/2022\/04\/nightmare-300x200.jpg 300w, https:\/\/morahotell.se\/wp-content\/uploads\/2022\/04\/nightmare-768x512.jpg 768w, https:\/\/morahotell.se\/wp-content\/uploads\/2022\/04\/nightmare-1536x1024.jpg 1536w, https:\/\/morahotell.se\/wp-content\/uploads\/2022\/04\/nightmare-2048x1366.jpg 2048w, https:\/\/morahotell.se\/wp-content\/uploads\/2022\/04\/nightmare-600x400.jpg 600w\" width=\"1024\" height=\"683\" \/>\n\t\t\t\t\t\t\t\t\t\t\t\t\t<\/figure>\n\t\t\t\t\t\t\t\t\t\t<\/a>\n\t\t\t\t\t\t\t\t\t\t\t\t\t\t\t\t\t<a href=\"https:\/\/morahotell.se\/wp-content\/uploads\/2022\/04\/bar-2-1-1024x682.jpg\" target=\"_self\" data-caption=\"petter serverar en \u00f6l\" aria-label=\"petter serverar en \u00f6l\">\n\t\t\t\t\t\t<figure>\n\t\t\t\t\t\t\t<img loading=\"lazy\" decoding=\"async\" src=\"https:\/\/morahotell.se\/wp-content\/uploads\/2022\/04\/bar-2-1-1024x682.jpg\" alt=\"petter severar\" srcset=\"https:\/\/morahotell.se\/wp-content\/uploads\/2022\/04\/bar-2-1-1024x682.jpg 1024w, https:\/\/morahotell.se\/wp-content\/uploads\/2022\/04\/bar-2-1-300x200.jpg 300w, https:\/\/morahotell.se\/wp-content\/uploads\/2022\/04\/bar-2-1-768x512.jpg 768w, https:\/\/morahotell.se\/wp-content\/uploads\/2022\/04\/bar-2-1-1536x1024.jpg 1536w, https:\/\/morahotell.se\/wp-content\/uploads\/2022\/04\/bar-2-1-600x400.jpg 600w, https:\/\/morahotell.se\/wp-content\/uploads\/2022\/04\/bar-2-1.jpg 2000w\" width=\"1024\" height=\"682\" \/>\n\t\t\t\t\t\t\t\t\t\t\t\t\t<\/figure>\n\t\t\t\t\t\t\t\t\t\t<\/a>\n\t\t\t\t\t<!-- navigation arrows -->\n\t\t<button aria-label=\"F\u00f6reg\u00e5ende\" role=\"button\" tabindex=\"0\">\n\t\t\t\t\t<\/button>\n\t\t<button aria-label=\"N\u00e4sta\" role=\"button\" tabindex=\"0\">\n\t\t\t\t\t<\/button>\n\t\t\t\t\n","protected":false},"excerpt":{"rendered":"<p>\u00c0 propos de Mora H\u00f4tel &amp; Spa \u00c0 propos de nous Le Mora Hotell &amp; Spa est dirig\u00e9 par la famille Lund depuis 2018. Nous avons v\u00e9cu et travaill\u00e9 dans toute l&rsquo;Europe, mais avons d\u00e9cid\u00e9 de renouer avec nos racines en revenant nous installer dans nos contr\u00e9es natales \u00e0 Mora, dans cette r\u00e9gion magique qu&rsquo;est&hellip;<\/p>\n","protected":false},"author":1,"featured_media":0,"parent":0,"menu_order":68,"comment_status":"closed","ping_status":"closed","template":"","meta":{"_acf_changed":false,"footnotes":""},"pa-gang-just-nu":[],"class_list":["post-17260","page","type-page","status-publish","hentry"],"acf":[],"yoast_head":"<!-- This site is optimized with the Yoast SEO plugin v26.5 - https:\/\/yoast.com\/wordpress\/plugins\/seo\/ -->\n<title>\u00c0 propos de nous - Mora Hotell &amp; Spa<\/title>\n<meta name=\"description\" content=\"Anl\u00e4ggningen \u00e4r till f\u00f6r g\u00e4ster som vill bes\u00f6ka Mora och d\u00e5 bo och \u00e4ta fyrstj\u00e4rnigt. Stor vikt l\u00e4ggs vid att gynna bygden och dess inv\u00e5nare.\" \/>\n<meta name=\"robots\" content=\"index, follow, max-snippet:-1, max-image-preview:large, max-video-preview:-1\" \/>\n<link rel=\"canonical\" href=\"https:\/\/morahotell.se\/fr\/a-propos-de-nousom-oss\/\" \/>\n<meta property=\"og:locale\" content=\"fr_FR\" \/>\n<meta property=\"og:type\" content=\"article\" \/>\n<meta property=\"og:title\" content=\"\u00c0 propos de nous - Mora Hotell &amp; Spa\" \/>\n<meta property=\"og:description\" content=\"Anl\u00e4ggningen \u00e4r till f\u00f6r g\u00e4ster som vill bes\u00f6ka Mora och d\u00e5 bo och \u00e4ta fyrstj\u00e4rnigt. Stor vikt l\u00e4ggs vid att gynna bygden och dess inv\u00e5nare.\" \/>\n<meta property=\"og:url\" content=\"https:\/\/morahotell.se\/fr\/a-propos-de-nousom-oss\/\" \/>\n<meta property=\"og:site_name\" content=\"Mora Hotell &amp; Spa\" \/>\n<meta property=\"article:modified_time\" content=\"2025-10-09T12:36:15+00:00\" \/>\n<meta property=\"og:image\" content=\"https:\/\/morahotell.se\/wp-content\/uploads\/2022\/04\/Patrick_Petter_IMG_2024-kopia-1024x682.jpg\" \/>\n<meta name=\"twitter:card\" content=\"summary_large_image\" \/>\n<meta name=\"twitter:label1\" content=\"Dur\u00e9e de lecture estim\u00e9e\" \/>\n\t<meta name=\"twitter:data1\" content=\"2 minutes\" \/>\n<script type=\"application\/ld+json\" class=\"yoast-schema-graph\">{\"@context\":\"https:\/\/schema.org\",\"@graph\":[{\"@type\":\"WebPage\",\"@id\":\"https:\/\/morahotell.se\/fr\/a-propos-de-nousom-oss\/\",\"url\":\"https:\/\/morahotell.se\/fr\/a-propos-de-nousom-oss\/\",\"name\":\"\u00c0 propos de nous - Mora Hotell &amp; Spa\",\"isPartOf\":{\"@id\":\"https:\/\/morahotell.se\/fr\/#website\"},\"primaryImageOfPage\":{\"@id\":\"https:\/\/morahotell.se\/fr\/a-propos-de-nousom-oss\/#primaryimage\"},\"image\":{\"@id\":\"https:\/\/morahotell.se\/fr\/a-propos-de-nousom-oss\/#primaryimage\"},\"thumbnailUrl\":\"https:\/\/morahotell.se\/wp-content\/uploads\/2022\/04\/Patrick_Petter_IMG_2024-kopia-1024x682.jpg\",\"datePublished\":\"2022-05-09T14:28:10+00:00\",\"dateModified\":\"2025-10-09T12:36:15+00:00\",\"description\":\"Anl\u00e4ggningen \u00e4r till f\u00f6r g\u00e4ster som vill bes\u00f6ka Mora och d\u00e5 bo och \u00e4ta fyrstj\u00e4rnigt. Stor vikt l\u00e4ggs vid att gynna bygden och dess inv\u00e5nare.\",\"breadcrumb\":{\"@id\":\"https:\/\/morahotell.se\/fr\/a-propos-de-nousom-oss\/#breadcrumb\"},\"inLanguage\":\"fr-FR\",\"potentialAction\":[{\"@type\":\"ReadAction\",\"target\":[\"https:\/\/morahotell.se\/fr\/a-propos-de-nousom-oss\/\"]}]},{\"@type\":\"ImageObject\",\"inLanguage\":\"fr-FR\",\"@id\":\"https:\/\/morahotell.se\/fr\/a-propos-de-nousom-oss\/#primaryimage\",\"url\":\"https:\/\/morahotell.se\/wp-content\/uploads\/2022\/04\/Patrick_Petter_IMG_2024-kopia-1024x682.jpg\",\"contentUrl\":\"https:\/\/morahotell.se\/wp-content\/uploads\/2022\/04\/Patrick_Petter_IMG_2024-kopia-1024x682.jpg\"},{\"@type\":\"BreadcrumbList\",\"@id\":\"https:\/\/morahotell.se\/fr\/a-propos-de-nousom-oss\/#breadcrumb\",\"itemListElement\":[{\"@type\":\"ListItem\",\"position\":1,\"name\":\"Mora hotell\",\"item\":\"https:\/\/morahotell.se\/fr\/\"},{\"@type\":\"ListItem\",\"position\":2,\"name\":\"\u00c0 propos de nous\"}]},{\"@type\":\"WebSite\",\"@id\":\"https:\/\/morahotell.se\/fr\/#website\",\"url\":\"https:\/\/morahotell.se\/fr\/\",\"name\":\"Mora Hotell &amp; Spa\",\"description\":\"Fyrstj\u00e4rnigt hotell i Mora, n\u00e4ra Siljan\",\"potentialAction\":[{\"@type\":\"SearchAction\",\"target\":{\"@type\":\"EntryPoint\",\"urlTemplate\":\"https:\/\/morahotell.se\/fr\/?s={search_term_string}\"},\"query-input\":{\"@type\":\"PropertyValueSpecification\",\"valueRequired\":true,\"valueName\":\"search_term_string\"}}],\"inLanguage\":\"fr-FR\"}]}<\/script>\n<!-- \/ Yoast SEO plugin. -->","yoast_head_json":{"title":"\u00c0 propos de nous - Mora Hotell &amp; Spa","description":"Anl\u00e4ggningen \u00e4r till f\u00f6r g\u00e4ster som vill bes\u00f6ka Mora och d\u00e5 bo och \u00e4ta fyrstj\u00e4rnigt. Stor vikt l\u00e4ggs vid att gynna bygden och dess inv\u00e5nare.","robots":{"index":"index","follow":"follow","max-snippet":"max-snippet:-1","max-image-preview":"max-image-preview:large","max-video-preview":"max-video-preview:-1"},"canonical":"https:\/\/morahotell.se\/fr\/a-propos-de-nousom-oss\/","og_locale":"fr_FR","og_type":"article","og_title":"\u00c0 propos de nous - Mora Hotell &amp; Spa","og_description":"Anl\u00e4ggningen \u00e4r till f\u00f6r g\u00e4ster som vill bes\u00f6ka Mora och d\u00e5 bo och \u00e4ta fyrstj\u00e4rnigt. Stor vikt l\u00e4ggs vid att gynna bygden och dess inv\u00e5nare.","og_url":"https:\/\/morahotell.se\/fr\/a-propos-de-nousom-oss\/","og_site_name":"Mora Hotell &amp; Spa","article_modified_time":"2025-10-09T12:36:15+00:00","og_image":[{"url":"https:\/\/morahotell.se\/wp-content\/uploads\/2022\/04\/Patrick_Petter_IMG_2024-kopia-1024x682.jpg","type":"","width":"","height":""}],"twitter_card":"summary_large_image","twitter_misc":{"Dur\u00e9e de lecture estim\u00e9e":"2 minutes"},"schema":{"@context":"https:\/\/schema.org","@graph":[{"@type":"WebPage","@id":"https:\/\/morahotell.se\/fr\/a-propos-de-nousom-oss\/","url":"https:\/\/morahotell.se\/fr\/a-propos-de-nousom-oss\/","name":"\u00c0 propos de nous - Mora Hotell &amp; Spa","isPartOf":{"@id":"https:\/\/morahotell.se\/fr\/#website"},"primaryImageOfPage":{"@id":"https:\/\/morahotell.se\/fr\/a-propos-de-nousom-oss\/#primaryimage"},"image":{"@id":"https:\/\/morahotell.se\/fr\/a-propos-de-nousom-oss\/#primaryimage"},"thumbnailUrl":"https:\/\/morahotell.se\/wp-content\/uploads\/2022\/04\/Patrick_Petter_IMG_2024-kopia-1024x682.jpg","datePublished":"2022-05-09T14:28:10+00:00","dateModified":"2025-10-09T12:36:15+00:00","description":"Anl\u00e4ggningen \u00e4r till f\u00f6r g\u00e4ster som vill bes\u00f6ka Mora och d\u00e5 bo och \u00e4ta fyrstj\u00e4rnigt. Stor vikt l\u00e4ggs vid att gynna bygden och dess inv\u00e5nare.","breadcrumb":{"@id":"https:\/\/morahotell.se\/fr\/a-propos-de-nousom-oss\/#breadcrumb"},"inLanguage":"fr-FR","potentialAction":[{"@type":"ReadAction","target":["https:\/\/morahotell.se\/fr\/a-propos-de-nousom-oss\/"]}]},{"@type":"ImageObject","inLanguage":"fr-FR","@id":"https:\/\/morahotell.se\/fr\/a-propos-de-nousom-oss\/#primaryimage","url":"https:\/\/morahotell.se\/wp-content\/uploads\/2022\/04\/Patrick_Petter_IMG_2024-kopia-1024x682.jpg","contentUrl":"https:\/\/morahotell.se\/wp-content\/uploads\/2022\/04\/Patrick_Petter_IMG_2024-kopia-1024x682.jpg"},{"@type":"BreadcrumbList","@id":"https:\/\/morahotell.se\/fr\/a-propos-de-nousom-oss\/#breadcrumb","itemListElement":[{"@type":"ListItem","position":1,"name":"Mora hotell","item":"https:\/\/morahotell.se\/fr\/"},{"@type":"ListItem","position":2,"name":"\u00c0 propos de nous"}]},{"@type":"WebSite","@id":"https:\/\/morahotell.se\/fr\/#website","url":"https:\/\/morahotell.se\/fr\/","name":"Mora Hotell &amp; Spa","description":"Fyrstj\u00e4rnigt hotell i Mora, n\u00e4ra Siljan","potentialAction":[{"@type":"SearchAction","target":{"@type":"EntryPoint","urlTemplate":"https:\/\/morahotell.se\/fr\/?s={search_term_string}"},"query-input":{"@type":"PropertyValueSpecification","valueRequired":true,"valueName":"search_term_string"}}],"inLanguage":"fr-FR"}]}},"_links":{"self":[{"href":"https:\/\/morahotell.se\/fr\/wp-json\/wp\/v2\/pages\/17260","targetHints":{"allow":["GET"]}}],"collection":[{"href":"https:\/\/morahotell.se\/fr\/wp-json\/wp\/v2\/pages"}],"about":[{"href":"https:\/\/morahotell.se\/fr\/wp-json\/wp\/v2\/types\/page"}],"author":[{"embeddable":true,"href":"https:\/\/morahotell.se\/fr\/wp-json\/wp\/v2\/users\/1"}],"replies":[{"embeddable":true,"href":"https:\/\/morahotell.se\/fr\/wp-json\/wp\/v2\/comments?post=17260"}],"version-history":[{"count":0,"href":"https:\/\/morahotell.se\/fr\/wp-json\/wp\/v2\/pages\/17260\/revisions"}],"wp:attachment":[{"href":"https:\/\/morahotell.se\/fr\/wp-json\/wp\/v2\/media?parent=17260"}],"wp:term":[{"taxonomy":"pa-gang-just-nu","embeddable":true,"href":"https:\/\/morahotell.se\/fr\/wp-json\/wp\/v2\/pa-gang-just-nu?post=17260"}],"curies":[{"name":"wp","href":"https:\/\/api.w.org\/{rel}","templated":true}]}}