{"id":17255,"date":"2022-05-09T16:47:52","date_gmt":"2022-05-09T14:47:52","guid":{"rendered":"https:\/\/morahotell.se\/konferens\/"},"modified":"2025-10-16T10:38:45","modified_gmt":"2025-10-16T08:38:45","slug":"conference","status":"publish","type":"page","link":"https:\/\/morahotell.se\/fr\/conference\/","title":{"rendered":"Conf\u00e9rence"},"content":{"rendered":"\n\n\t<h1>Un s\u00e9minaire en Dal\u00e9carlie<\/h1>\n\t<p>Laissez-nous prendre soin de vous et de votre entreprise !<\/p>\n\t<h2>Conf\u00e9rence \u00e0 Dal\u00e9carlie<\/h2>\n<p>Vous souhaitez organiser un s\u00e9minaire en Dal\u00e9carlie et cherchez un lieu r\u00e9unissant salles de r\u00e9union, chambres, restaurant et spa ? Peut-\u00eatre m\u00eame cherchez-vous un lieu qui puisse accueillir une conf\u00e9rence en ext\u00e9rieur, depuis que la pand\u00e9mie de Covid-19 nous a contraints \u00e0 envisager autrement notre mani\u00e8re de travailler en groupe?<\/p>\n<br \/>\nLe Mora Hotell &amp; Spa vous propose un pack S\u00e9minaire id\u00e9al pour renforcer les liens entre coll\u00e8gues et assurer l&rsquo;efficacit\u00e9 de votre sortie d&rsquo;entreprise. En int\u00e9rieur ou en ext\u00e9rieur, nous vous procurons la technique, la nature, la nourriture et le logement n\u00e9cessaires \u00e0 la r\u00e9ussite de cette exp\u00e9rience qui resserrera sans aucun doute vos liens en tant que groupe. Alors pour un s\u00e9minaire r\u00e9solument moderne dans un cadre traditionnel \u00e0 haute valeur culturelle, ne cherchez pas plus loin !\n\t<h2>D\u00e9but de la journ\u00e9e pour votre conf\u00e9rence<\/h2>\n<p>Nos conf\u00e9rences ou kick-offs commencent g\u00e9n\u00e9ralement par un petit-d\u00e9jeuner buffet et un d\u00e9part l\u00e9ger dans la matin\u00e9e, puis vous \u00eates guid\u00e9s vers l&rsquo;une des salles de conf\u00e9rence disponibles \u00e0 l&rsquo;h\u00f4tel.<\/p>\n<p>Nous disposons de salles plus grandes et de plusieurs salles plus petites, ce qui vous permet de diviser vos groupes en sous-groupes pour les travaux de groupe, etc. Nous avons particuli\u00e8rement investi dans la ventilation de nos salles et cette solution de ventilation est disponible dans toutes les salles de conf\u00e9rence.<\/p>\n\t<h2>Terminez la conf\u00e9rence par des exp\u00e9riences dans la nature au bord du lac Siljan<\/h2>\n<p>Une conf\u00e9rence chez nous se termine g\u00e9n\u00e9ralement par une ou plusieurs activit\u00e9s au bord du lac Siljan, que vous pouvez voir depuis l&rsquo;h\u00f4tel. Nous y avons am\u00e9nag\u00e9 une petite ar\u00e8ne pour les conf\u00e9rences en plein air.<\/p>\n<p>Bien entendu, les participants ont acc\u00e8s aux derni\u00e8res technologies de conf\u00e9rence, m\u00eame en plein air. Un camion-restaurant roulant ou des plats pr\u00e9par\u00e9s sur un feu ouvert avec une plaque de cuisson sont disponibles, o\u00f9 notre chef pr\u00e9pare le d\u00eener final. Nous pouvons garantir une exp\u00e9rience de la nature hors du commun &#8211; s&rsquo;asseoir et terminer une journ\u00e9e de conf\u00e9rence enrichissante avec une vue sur le lac Siljan.<\/p>\n<p>L&rsquo;acc\u00e8s \u00e0 notre espace spa avec piscine, hammam, divers traitements et bain \u00e0 remous est inclus.<\/p>\n\t<h2>Outdoor et v\u00e9lo en Dal\u00e9carlie<\/h2>\n<p>Nous sommes certifi\u00e9s Outdoor et disposons d&rsquo;un responsable Outdoor qui vous aidera \u00e0 vous orienter dans nos installations pour prendre soin de vous et de votre \u00e9quipement (lavage de v\u00e9los, outils, s\u00e9choir \u00e0 v\u00eatements\/bottes, spa, cartes des sentiers, chemins et r\u00e9serves naturelles (3 \u00e0 5 minutes), etc.)<\/p>\n\t<h2>Conf\u00e9rence en plein air : promenade et discussion et bain de for\u00eat<\/h2>\n<p>Apr\u00e8s le d\u00e9but de la conf\u00e9rence commune \u00e0 l&rsquo;h\u00f4tel, les participants sont divis\u00e9s en groupes pour une \u00ab promenade et discussion \u00bb.<\/p>\n<p>Par petites constellations, vous marchez le long d&rsquo;un beau sentier et apprenez l&rsquo;histoire de la r\u00e9gion tout en discutant &#8211; vous changez \u00e0 intervalles r\u00e9guliers et avez ainsi l&rsquo;occasion de parler \u00e0 la plupart des membres du groupe. La destination finale est une \u00ab salle de conf\u00e9rence \u00bb dans la for\u00eat. Des chaises longues sont dispos\u00e9es autour d&rsquo;un feu de camp sur lequel mijote du caf\u00e9. Si un projecteur est n\u00e9cessaire, il peut \u00eatre arrang\u00e9.<\/p>\n\t<p>\u00c0 l&rsquo;heure du d\u00e9jeuner, une cuisine mobile en plein air ou une po\u00eale \u00e0 frire est chauff\u00e9e et notre chef pr\u00e9pare un repas d\u00e9licieux et chaleureux sur un feu ouvert.<\/p>\n<p>Sculpter son propre cheval Dala peut \u00eatre une activit\u00e9 tranquille et chaleureuse qui a un lien avec la r\u00e9gion.<\/p>\n<p>Une activit\u00e9 tr\u00e8s en vogue est le bain de for\u00eat. Les h\u00f4tes se rendent dans la for\u00eat avec un guide et vivent un moment de paix inspir\u00e9 de la philosophie japonaise. Les exercices stimulent la cr\u00e9ativit\u00e9 et le travail d&rsquo;\u00e9quipe.<\/p>\n<p>Laissez-nous personnaliser cette conf\u00e9rence en plein air !<\/p>\n\t<h2>Une conf\u00e9rence d&rsquo;une journ\u00e9e ?<\/h2>\n<p>Nos forfaits de conf\u00e9rence d&rsquo;une journ\u00e9e peuvent \u00eatre r\u00e9serv\u00e9s pour de grands ou de petits groupes. C&rsquo;est vous qui d\u00e9cidez s&rsquo;il faut combiner l&rsquo;environnement int\u00e9rieur et ext\u00e9rieur ou seulement l&rsquo;un des deux. Dans l&rsquo;ensemble de nos installations, l&rsquo;accent est mis sur la nourriture locale. Consultez notre menu d&rsquo;automne pour vous inspirer. Si vous souhaitez un th\u00e8me autour des figures culturelles de Mora, comme Anders Zorn ou Gustav Vasa, nous pouvons organiser un d\u00eener Zorn et un d\u00eener Gustav Vasa pour les plus aventureux. Laissez-nous vous en dire plus sur cette exp\u00e9rience. Nourriture et culture en m\u00eame temps.<\/p>\n\t<p>Mora Hotell dispose de 4 salles de conf\u00e9rence lumineuses, bien \u00e9quip\u00e9es et modernes, d&rsquo;une capacit\u00e9 de 12 \u00e0 180 personnes, dont plusieurs ont une vue sur le lac Siljan. Nous disposons d&rsquo;environ 50 salles pour les conversations personnelles (salles d&rsquo;affaires), d&rsquo;une salle pour les groupes de gestion pour 4 \u00e0 12 personnes, de 2 salles pour les groupes de 20 \u00e0 30 personnes et d&rsquo;une grande salle pour 100 personnes. Toutes ces salles sont \u00e9quip\u00e9es du mat\u00e9riel audio et vid\u00e9o le plus r\u00e9cent et de notre propre fibre optique jusqu&rsquo;\u00e0 la propri\u00e9t\u00e9.<\/p>\n<p>Nos activit\u00e9s et destinations les plus populaires sont : la peinture sur cheval Dala, les visites \u00e0 Zorng\u00e5rden et nos traitements SPA.<\/p>\n\t\t\t\t\t\t<figure>\n\t\t\t\t\t\t\t<img loading=\"lazy\" decoding=\"async\" src=\"https:\/\/morahotell.se\/wp-content\/uploads\/2022\/04\/vinprovning-1536x864.jpg\" alt=\"\" srcset=\"https:\/\/morahotell.se\/wp-content\/uploads\/2022\/04\/vinprovning-1536x864.jpg 1536w, https:\/\/morahotell.se\/wp-content\/uploads\/2022\/04\/vinprovning-300x169.jpg 300w, https:\/\/morahotell.se\/wp-content\/uploads\/2022\/04\/vinprovning-1024x576.jpg 1024w, https:\/\/morahotell.se\/wp-content\/uploads\/2022\/04\/vinprovning-768x432.jpg 768w, https:\/\/morahotell.se\/wp-content\/uploads\/2022\/04\/vinprovning-600x338.jpg 600w, https:\/\/morahotell.se\/wp-content\/uploads\/2022\/04\/vinprovning.jpg 1920w\" width=\"1536\" height=\"864\" \/>\n\t\t\t\t\t\t\t\t\t\t\t\t\t<\/figure>\n\t\t\t\t\t\t<figure>\n\t\t\t\t\t\t\t<img loading=\"lazy\" decoding=\"async\" src=\"https:\/\/morahotell.se\/wp-content\/uploads\/2022\/04\/Kopia-av-DSC_0317-1536x1024.jpg\" alt=\"\" srcset=\"https:\/\/morahotell.se\/wp-content\/uploads\/2022\/04\/Kopia-av-DSC_0317-1536x1024.jpg 1536w, https:\/\/morahotell.se\/wp-content\/uploads\/2022\/04\/Kopia-av-DSC_0317-300x200.jpg 300w, https:\/\/morahotell.se\/wp-content\/uploads\/2022\/04\/Kopia-av-DSC_0317-1024x683.jpg 1024w, https:\/\/morahotell.se\/wp-content\/uploads\/2022\/04\/Kopia-av-DSC_0317-768x512.jpg 768w, https:\/\/morahotell.se\/wp-content\/uploads\/2022\/04\/Kopia-av-DSC_0317-2048x1366.jpg 2048w, https:\/\/morahotell.se\/wp-content\/uploads\/2022\/04\/Kopia-av-DSC_0317-600x400.jpg 600w\" width=\"1536\" height=\"1024\" \/>\n\t\t\t\t\t\t\t\t\t\t\t\t\t<\/figure>\n\t\t\t\t\t\t<figure>\n\t\t\t\t\t\t\t<img loading=\"lazy\" decoding=\"async\" src=\"https:\/\/morahotell.se\/wp-content\/uploads\/2022\/04\/vinprov2-1536x1024.jpg\" alt=\"petter h\u00e4ller upp vin\" srcset=\"https:\/\/morahotell.se\/wp-content\/uploads\/2022\/04\/vinprov2-1536x1024.jpg 1536w, https:\/\/morahotell.se\/wp-content\/uploads\/2022\/04\/vinprov2-300x200.jpg 300w, https:\/\/morahotell.se\/wp-content\/uploads\/2022\/04\/vinprov2-1024x683.jpg 1024w, https:\/\/morahotell.se\/wp-content\/uploads\/2022\/04\/vinprov2-768x512.jpg 768w, https:\/\/morahotell.se\/wp-content\/uploads\/2022\/04\/vinprov2-2048x1366.jpg 2048w, https:\/\/morahotell.se\/wp-content\/uploads\/2022\/04\/vinprov2-600x400.jpg 600w\" width=\"1536\" height=\"1024\" \/>\n\t\t\t\t\t\t\t\t\t\t\t\t\t<\/figure>\n\t\t\t\t\t\t<figure>\n\t\t\t\t\t\t\t<img loading=\"lazy\" decoding=\"async\" src=\"https:\/\/morahotell.se\/wp-content\/uploads\/2022\/04\/basic-hast-1024x1536.jpg\" alt=\"\" srcset=\"https:\/\/morahotell.se\/wp-content\/uploads\/2022\/04\/basic-hast-1024x1536.jpg 1024w, https:\/\/morahotell.se\/wp-content\/uploads\/2022\/04\/basic-hast-200x300.jpg 200w, https:\/\/morahotell.se\/wp-content\/uploads\/2022\/04\/basic-hast-683x1024.jpg 683w, https:\/\/morahotell.se\/wp-content\/uploads\/2022\/04\/basic-hast-768x1152.jpg 768w, https:\/\/morahotell.se\/wp-content\/uploads\/2022\/04\/basic-hast-1366x2048.jpg 1366w, https:\/\/morahotell.se\/wp-content\/uploads\/2022\/04\/basic-hast-600x900.jpg 600w, https:\/\/morahotell.se\/wp-content\/uploads\/2022\/04\/basic-hast.jpg 1467w\" width=\"1024\" height=\"1536\" \/>\n\t\t\t\t\t\t\t\t\t\t\t\t\t<\/figure>\n\t\t\t\t\t\t<figure>\n\t\t\t\t\t\t\t<img loading=\"lazy\" decoding=\"async\" src=\"https:\/\/morahotell.se\/wp-content\/uploads\/2022\/04\/carpaccio-9-1536x1024.jpg\" alt=\"uppdukat f\u00f6r a la carte\" srcset=\"https:\/\/morahotell.se\/wp-content\/uploads\/2022\/04\/carpaccio-9-1536x1024.jpg 1536w, https:\/\/morahotell.se\/wp-content\/uploads\/2022\/04\/carpaccio-9-300x200.jpg 300w, https:\/\/morahotell.se\/wp-content\/uploads\/2022\/04\/carpaccio-9-1024x683.jpg 1024w, https:\/\/morahotell.se\/wp-content\/uploads\/2022\/04\/carpaccio-9-768x512.jpg 768w, https:\/\/morahotell.se\/wp-content\/uploads\/2022\/04\/carpaccio-9-2048x1366.jpg 2048w, https:\/\/morahotell.se\/wp-content\/uploads\/2022\/04\/carpaccio-9-600x400.jpg 600w\" width=\"1536\" height=\"1024\" \/>\n\t\t\t\t\t\t\t\t\t\t\t\t\t<\/figure>\n\t\t\t\t\t\t<figure>\n\t\t\t\t\t\t\t<img loading=\"lazy\" decoding=\"async\" src=\"https:\/\/morahotell.se\/wp-content\/uploads\/2022\/04\/full-fart-framat-1536x1024.jpg\" alt=\"\" srcset=\"https:\/\/morahotell.se\/wp-content\/uploads\/2022\/04\/full-fart-framat-1536x1024.jpg 1536w, https:\/\/morahotell.se\/wp-content\/uploads\/2022\/04\/full-fart-framat-300x200.jpg 300w, https:\/\/morahotell.se\/wp-content\/uploads\/2022\/04\/full-fart-framat-1024x683.jpg 1024w, https:\/\/morahotell.se\/wp-content\/uploads\/2022\/04\/full-fart-framat-768x512.jpg 768w, https:\/\/morahotell.se\/wp-content\/uploads\/2022\/04\/full-fart-framat-2048x1366.jpg 2048w, https:\/\/morahotell.se\/wp-content\/uploads\/2022\/04\/full-fart-framat-600x400.jpg 600w\" width=\"1536\" height=\"1024\" \/>\n\t\t\t\t\t\t\t\t\t\t\t\t\t<\/figure>\n\t\t\t\t\t\t<figure>\n\t\t\t\t\t\t\t<img loading=\"lazy\" decoding=\"async\" src=\"https:\/\/morahotell.se\/wp-content\/uploads\/2022\/04\/kokkaffe-vid-siljan-1536x1024.jpg\" alt=\"\" srcset=\"https:\/\/morahotell.se\/wp-content\/uploads\/2022\/04\/kokkaffe-vid-siljan-1536x1024.jpg 1536w, https:\/\/morahotell.se\/wp-content\/uploads\/2022\/04\/kokkaffe-vid-siljan-300x200.jpg 300w, https:\/\/morahotell.se\/wp-content\/uploads\/2022\/04\/kokkaffe-vid-siljan-1024x683.jpg 1024w, https:\/\/morahotell.se\/wp-content\/uploads\/2022\/04\/kokkaffe-vid-siljan-768x512.jpg 768w, https:\/\/morahotell.se\/wp-content\/uploads\/2022\/04\/kokkaffe-vid-siljan-2048x1366.jpg 2048w, https:\/\/morahotell.se\/wp-content\/uploads\/2022\/04\/kokkaffe-vid-siljan-600x400.jpg 600w\" width=\"1536\" height=\"1024\" \/>\n\t\t\t\t\t\t\t\t\t\t\t\t\t<\/figure>\n\t\t\t\t\t\t<figure>\n\t\t\t\t\t\t\t<img loading=\"lazy\" decoding=\"async\" src=\"https:\/\/morahotell.se\/wp-content\/uploads\/2022\/04\/konferensmacka.jpg\" alt=\"\" srcset=\"https:\/\/morahotell.se\/wp-content\/uploads\/2022\/04\/konferensmacka.jpg 960w, https:\/\/morahotell.se\/wp-content\/uploads\/2022\/04\/konferensmacka-225x300.jpg 225w, https:\/\/morahotell.se\/wp-content\/uploads\/2022\/04\/konferensmacka-768x1024.jpg 768w, https:\/\/morahotell.se\/wp-content\/uploads\/2022\/04\/konferensmacka-600x800.jpg 600w\" width=\"960\" height=\"1280\" \/>\n\t\t\t\t\t\t\t\t\t\t\t\t\t<\/figure>\n\t\t\t\t\t\t<figure>\n\t\t\t\t\t\t\t<img loading=\"lazy\" decoding=\"async\" src=\"https:\/\/morahotell.se\/wp-content\/uploads\/2022\/04\/Cerials-1024x1536.jpg\" alt=\"\" srcset=\"https:\/\/morahotell.se\/wp-content\/uploads\/2022\/04\/Cerials-1024x1536.jpg 1024w, https:\/\/morahotell.se\/wp-content\/uploads\/2022\/04\/Cerials-200x300.jpg 200w, https:\/\/morahotell.se\/wp-content\/uploads\/2022\/04\/Cerials-683x1024.jpg 683w, https:\/\/morahotell.se\/wp-content\/uploads\/2022\/04\/Cerials-768x1152.jpg 768w, https:\/\/morahotell.se\/wp-content\/uploads\/2022\/04\/Cerials-1366x2048.jpg 1366w, https:\/\/morahotell.se\/wp-content\/uploads\/2022\/04\/Cerials-600x900.jpg 600w, https:\/\/morahotell.se\/wp-content\/uploads\/2022\/04\/Cerials.jpg 1467w\" width=\"1024\" height=\"1536\" \/>\n\t\t\t\t\t\t\t\t\t\t\t\t\t<\/figure>\n\t\t\t\t\t<!-- navigation arrows -->\n\t\t<button aria-label=\"F\u00f6reg\u00e5ende\" role=\"button\" tabindex=\"0\">\n\t\t\t\t\t<\/button>\n\t\t<button aria-label=\"N\u00e4sta\" role=\"button\" tabindex=\"0\">\n\t\t\t\t\t<\/button>\n\t\t\t\t\n","protected":false},"excerpt":{"rendered":"<p>Un s\u00e9minaire en Dal\u00e9carlie Laissez-nous prendre soin de vous et de votre entreprise ! Conf\u00e9rence \u00e0 Dal\u00e9carlie Vous souhaitez organiser un s\u00e9minaire en Dal\u00e9carlie et cherchez un lieu r\u00e9unissant salles de r\u00e9union, chambres, restaurant et spa ? Peut-\u00eatre m\u00eame cherchez-vous un lieu qui puisse accueillir une conf\u00e9rence en ext\u00e9rieur, depuis que la pand\u00e9mie de Covid-19&hellip;<\/p>\n","protected":false},"author":1,"featured_media":0,"parent":0,"menu_order":49,"comment_status":"closed","ping_status":"closed","template":"","meta":{"_acf_changed":false,"footnotes":""},"pa-gang-just-nu":[],"class_list":["post-17255","page","type-page","status-publish","hentry"],"acf":[],"yoast_head":"<!-- This site is optimized with the Yoast SEO plugin v26.5 - https:\/\/yoast.com\/wordpress\/plugins\/seo\/ -->\n<title>Boka konferens i Dalarna - F\u00f6retagskonferens i Mora<\/title>\n<meta name=\"description\" content=\"Kom till vackra Mora p\u00e5 konferens. N\u00e4ra till naturen samtidigt som vi ligger centralt. Fyrstj\u00e4rnig standard med restaurang och spa. V\u00e4lkommen!\" \/>\n<meta name=\"robots\" content=\"index, follow, max-snippet:-1, max-image-preview:large, max-video-preview:-1\" \/>\n<link rel=\"canonical\" href=\"https:\/\/morahotell.se\/fr\/conference\/\" \/>\n<meta property=\"og:locale\" content=\"fr_FR\" \/>\n<meta property=\"og:type\" content=\"article\" \/>\n<meta property=\"og:title\" content=\"Boka konferens i Dalarna - F\u00f6retagskonferens i Mora\" \/>\n<meta property=\"og:description\" content=\"Kom till vackra Mora p\u00e5 konferens. N\u00e4ra till naturen samtidigt som vi ligger centralt. Fyrstj\u00e4rnig standard med restaurang och spa. V\u00e4lkommen!\" \/>\n<meta property=\"og:url\" content=\"https:\/\/morahotell.se\/fr\/conference\/\" \/>\n<meta property=\"og:site_name\" content=\"Mora Hotell &amp; Spa\" \/>\n<meta property=\"article:modified_time\" content=\"2025-10-16T08:38:45+00:00\" \/>\n<meta property=\"og:image\" content=\"https:\/\/morahotell.se\/wp-content\/uploads\/2022\/04\/vinprovning-1536x864.jpg\" \/>\n<meta name=\"twitter:card\" content=\"summary_large_image\" \/>\n<meta name=\"twitter:label1\" content=\"Dur\u00e9e de lecture estim\u00e9e\" \/>\n\t<meta name=\"twitter:data1\" content=\"5 minutes\" \/>\n<script type=\"application\/ld+json\" class=\"yoast-schema-graph\">{\"@context\":\"https:\/\/schema.org\",\"@graph\":[{\"@type\":\"WebPage\",\"@id\":\"https:\/\/morahotell.se\/fr\/conference\/\",\"url\":\"https:\/\/morahotell.se\/fr\/conference\/\",\"name\":\"Boka konferens i Dalarna - F\u00f6retagskonferens i Mora\",\"isPartOf\":{\"@id\":\"https:\/\/morahotell.se\/fr\/#website\"},\"primaryImageOfPage\":{\"@id\":\"https:\/\/morahotell.se\/fr\/conference\/#primaryimage\"},\"image\":{\"@id\":\"https:\/\/morahotell.se\/fr\/conference\/#primaryimage\"},\"thumbnailUrl\":\"https:\/\/morahotell.se\/wp-content\/uploads\/2022\/04\/vinprovning-1536x864.jpg\",\"datePublished\":\"2022-05-09T14:47:52+00:00\",\"dateModified\":\"2025-10-16T08:38:45+00:00\",\"description\":\"Kom till vackra Mora p\u00e5 konferens. N\u00e4ra till naturen samtidigt som vi ligger centralt. Fyrstj\u00e4rnig standard med restaurang och spa. V\u00e4lkommen!\",\"breadcrumb\":{\"@id\":\"https:\/\/morahotell.se\/fr\/conference\/#breadcrumb\"},\"inLanguage\":\"fr-FR\",\"potentialAction\":[{\"@type\":\"ReadAction\",\"target\":[\"https:\/\/morahotell.se\/fr\/conference\/\"]}]},{\"@type\":\"ImageObject\",\"inLanguage\":\"fr-FR\",\"@id\":\"https:\/\/morahotell.se\/fr\/conference\/#primaryimage\",\"url\":\"https:\/\/morahotell.se\/wp-content\/uploads\/2022\/04\/vinprovning-1536x864.jpg\",\"contentUrl\":\"https:\/\/morahotell.se\/wp-content\/uploads\/2022\/04\/vinprovning-1536x864.jpg\"},{\"@type\":\"BreadcrumbList\",\"@id\":\"https:\/\/morahotell.se\/fr\/conference\/#breadcrumb\",\"itemListElement\":[{\"@type\":\"ListItem\",\"position\":1,\"name\":\"Mora hotell\",\"item\":\"https:\/\/morahotell.se\/fr\/\"},{\"@type\":\"ListItem\",\"position\":2,\"name\":\"Conf\u00e9rence\"}]},{\"@type\":\"WebSite\",\"@id\":\"https:\/\/morahotell.se\/fr\/#website\",\"url\":\"https:\/\/morahotell.se\/fr\/\",\"name\":\"Mora Hotell &amp; Spa\",\"description\":\"Fyrstj\u00e4rnigt hotell i Mora, n\u00e4ra Siljan\",\"potentialAction\":[{\"@type\":\"SearchAction\",\"target\":{\"@type\":\"EntryPoint\",\"urlTemplate\":\"https:\/\/morahotell.se\/fr\/?s={search_term_string}\"},\"query-input\":{\"@type\":\"PropertyValueSpecification\",\"valueRequired\":true,\"valueName\":\"search_term_string\"}}],\"inLanguage\":\"fr-FR\"}]}<\/script>\n<!-- \/ Yoast SEO plugin. -->","yoast_head_json":{"title":"Boka konferens i Dalarna - F\u00f6retagskonferens i Mora","description":"Kom till vackra Mora p\u00e5 konferens. N\u00e4ra till naturen samtidigt som vi ligger centralt. Fyrstj\u00e4rnig standard med restaurang och spa. V\u00e4lkommen!","robots":{"index":"index","follow":"follow","max-snippet":"max-snippet:-1","max-image-preview":"max-image-preview:large","max-video-preview":"max-video-preview:-1"},"canonical":"https:\/\/morahotell.se\/fr\/conference\/","og_locale":"fr_FR","og_type":"article","og_title":"Boka konferens i Dalarna - F\u00f6retagskonferens i Mora","og_description":"Kom till vackra Mora p\u00e5 konferens. N\u00e4ra till naturen samtidigt som vi ligger centralt. Fyrstj\u00e4rnig standard med restaurang och spa. V\u00e4lkommen!","og_url":"https:\/\/morahotell.se\/fr\/conference\/","og_site_name":"Mora Hotell &amp; Spa","article_modified_time":"2025-10-16T08:38:45+00:00","og_image":[{"url":"https:\/\/morahotell.se\/wp-content\/uploads\/2022\/04\/vinprovning-1536x864.jpg","type":"","width":"","height":""}],"twitter_card":"summary_large_image","twitter_misc":{"Dur\u00e9e de lecture estim\u00e9e":"5 minutes"},"schema":{"@context":"https:\/\/schema.org","@graph":[{"@type":"WebPage","@id":"https:\/\/morahotell.se\/fr\/conference\/","url":"https:\/\/morahotell.se\/fr\/conference\/","name":"Boka konferens i Dalarna - F\u00f6retagskonferens i Mora","isPartOf":{"@id":"https:\/\/morahotell.se\/fr\/#website"},"primaryImageOfPage":{"@id":"https:\/\/morahotell.se\/fr\/conference\/#primaryimage"},"image":{"@id":"https:\/\/morahotell.se\/fr\/conference\/#primaryimage"},"thumbnailUrl":"https:\/\/morahotell.se\/wp-content\/uploads\/2022\/04\/vinprovning-1536x864.jpg","datePublished":"2022-05-09T14:47:52+00:00","dateModified":"2025-10-16T08:38:45+00:00","description":"Kom till vackra Mora p\u00e5 konferens. N\u00e4ra till naturen samtidigt som vi ligger centralt. Fyrstj\u00e4rnig standard med restaurang och spa. V\u00e4lkommen!","breadcrumb":{"@id":"https:\/\/morahotell.se\/fr\/conference\/#breadcrumb"},"inLanguage":"fr-FR","potentialAction":[{"@type":"ReadAction","target":["https:\/\/morahotell.se\/fr\/conference\/"]}]},{"@type":"ImageObject","inLanguage":"fr-FR","@id":"https:\/\/morahotell.se\/fr\/conference\/#primaryimage","url":"https:\/\/morahotell.se\/wp-content\/uploads\/2022\/04\/vinprovning-1536x864.jpg","contentUrl":"https:\/\/morahotell.se\/wp-content\/uploads\/2022\/04\/vinprovning-1536x864.jpg"},{"@type":"BreadcrumbList","@id":"https:\/\/morahotell.se\/fr\/conference\/#breadcrumb","itemListElement":[{"@type":"ListItem","position":1,"name":"Mora hotell","item":"https:\/\/morahotell.se\/fr\/"},{"@type":"ListItem","position":2,"name":"Conf\u00e9rence"}]},{"@type":"WebSite","@id":"https:\/\/morahotell.se\/fr\/#website","url":"https:\/\/morahotell.se\/fr\/","name":"Mora Hotell &amp; Spa","description":"Fyrstj\u00e4rnigt hotell i Mora, n\u00e4ra Siljan","potentialAction":[{"@type":"SearchAction","target":{"@type":"EntryPoint","urlTemplate":"https:\/\/morahotell.se\/fr\/?s={search_term_string}"},"query-input":{"@type":"PropertyValueSpecification","valueRequired":true,"valueName":"search_term_string"}}],"inLanguage":"fr-FR"}]}},"_links":{"self":[{"href":"https:\/\/morahotell.se\/fr\/wp-json\/wp\/v2\/pages\/17255","targetHints":{"allow":["GET"]}}],"collection":[{"href":"https:\/\/morahotell.se\/fr\/wp-json\/wp\/v2\/pages"}],"about":[{"href":"https:\/\/morahotell.se\/fr\/wp-json\/wp\/v2\/types\/page"}],"author":[{"embeddable":true,"href":"https:\/\/morahotell.se\/fr\/wp-json\/wp\/v2\/users\/1"}],"replies":[{"embeddable":true,"href":"https:\/\/morahotell.se\/fr\/wp-json\/wp\/v2\/comments?post=17255"}],"version-history":[{"count":0,"href":"https:\/\/morahotell.se\/fr\/wp-json\/wp\/v2\/pages\/17255\/revisions"}],"wp:attachment":[{"href":"https:\/\/morahotell.se\/fr\/wp-json\/wp\/v2\/media?parent=17255"}],"wp:term":[{"taxonomy":"pa-gang-just-nu","embeddable":true,"href":"https:\/\/morahotell.se\/fr\/wp-json\/wp\/v2\/pa-gang-just-nu?post=17255"}],"curies":[{"name":"wp","href":"https:\/\/api.w.org\/{rel}","templated":true}]}}