{"id":17251,"date":"2022-05-09T16:25:12","date_gmt":"2022-05-09T14:25:12","guid":{"rendered":"https:\/\/morahotell.se\/restaurang\/"},"modified":"2026-04-10T17:21:31","modified_gmt":"2026-04-10T15:21:31","slug":"le-restaurant","status":"publish","type":"page","link":"https:\/\/morahotell.se\/fr\/le-restaurant\/","title":{"rendered":"Le restaurant"},"content":{"rendered":"\n\n\t<h1>Le restaurant Terrassen \u00e0 Mora<\/h1>\n\t<p>Vous cherchez un restaurant \u00e0 Mora ? Venez nous rendre visite si vous souhaitez d\u00e9guster un petit-d\u00e9jeuner luxueux, un d\u00e9jeuner du jour ou un d\u00e9licieux d\u00eener pr\u00e9par\u00e9 \u00e0 partir de produits locaux. Au restaurant Terrassen, vous d\u00e9gusterez un repas de premi\u00e8re classe dans un cadre paisible et harmonieux, avec vue sur le lac Siljan.<\/p>\n<button id=\"table-reservation-en\">Table reservation<\/button>\n\t<p>Vous pouvez \u00e9galement r\u00e9server une table via <a href=\"mailto:matsalen@morahotell.se\"><strong>matsalen@morahotell.se<\/strong><\/a> ou en appelant la r\u00e9ception au <a href=\"tel:0250592650\"><strong>0250-59 26 50<\/strong><\/a>.<\/p>\n<p>Vous pouvez \u00e9galement nous rendre visite et vous adresser directement au ma\u00eetre d&rsquo;h\u00f4tel du restaurant.<\/p>\n<p>&nbsp;<\/p>\n\t\t\t<a href=\"https:\/\/morahotell.se\/wp-content\/uploads\/2026\/04\/Kopia-av-Lunchmeny-v16-1.pdf\" target=\"_blank\" rel=\"noopener\">\n\t\t\t\t\t\t\tMenu d\u00e9jeuner\n\t\t\t\t\t<\/a>\n\t\t\t<a href=\"https:\/\/morahotell.se\/wp-content\/uploads\/2026\/01\/dryckeslista.pdf\" target=\"_blank\" rel=\"noopener\">\n\t\t\t\t\t\t\tCarte des boissons\n\t\t\t\t\t<\/a>\n\t\t\t<a href=\"https:\/\/morahotell.se\/wp-content\/uploads\/2026\/03\/Meny-webb-mars-1.pdf\" target=\"_blank\" rel=\"noopener\">\n\t\t\t\t\t\t\t\u00c0 la carte\n\t\t\t\t\t<\/a>\n\t\t\t<a href=\"https:\/\/morahotell.se\/wp-content\/uploads\/2025\/11\/Avsmakningsmeny-Mora-H-1.pdf\" target=\"_blank\" rel=\"noopener\">\n\t\t\t\t\t\t\tMenu d\u00e9gustation\n\t\t\t\t\t<\/a>\n\t\t\t<a href=\"https:\/\/morahotell.se\/wp-content\/uploads\/2026\/01\/drinkmeny-a5.pdf\" target=\"_blank\" rel=\"noopener\">\n\t\t\t\t\t\t\tCocktails\n\t\t\t\t\t<\/a>\n\t\t\t<a href=\"https:\/\/morahotell.se\/wp-content\/uploads\/2026\/03\/a5-paketmeny.pdf\" target=\"_blank\" rel=\"noopener\">\n\t\t\t\t\t\t\tMenu des forfaits\n\t\t\t\t\t<\/a>\n\t<h2>Notre restaurant \u00e0 Mora investit dans des produits locaux<\/h2>\n<p>Attention : pendant les week-ends et en haute saison, notre \u00e9tablissement est rapidement pris d&rsquo;assaut, tant il est appr\u00e9ci\u00e9 par notre client\u00e8le, les touristes et les locaux. Par cons\u00e9quent, la r\u00e9servation est conseill\u00e9e : contactez-nous au +46 250 59 26 50<\/p>\n<p>La r\u00e9ception est ouverte \u00e0 toute heure et propose des snacks et des boissons. Le petit d\u00e9jeuner est servi tous les jours.<\/p>\n<button id=\"table-reservation-en\">Table reservation<\/button>\n<h2>\n\t\t\tR\u00e9server une table\t<\/h2>\n\t\t\t<ul>\n\t\t\t\t<li id=\"woopack-product-17387\"  data-product-id=\"17387\">\n\t<a href=\"https:\/\/morahotell.se\/fr\/produkt\/reservation-de-table\/reservation-de-table-dejeuner\/\">\n   <img width=\"2000\" height=\"1333\" src=\"https:\/\/morahotell.se\/wp-content\/uploads\/2022\/04\/mat-3-1.jpg\" alt=\"\" itemprop=\"image\" decoding=\"async\" loading=\"lazy\" srcset=\"https:\/\/morahotell.se\/wp-content\/uploads\/2022\/04\/mat-3-1.jpg 2000w, https:\/\/morahotell.se\/wp-content\/uploads\/2022\/04\/mat-3-1-300x200.jpg 300w, https:\/\/morahotell.se\/wp-content\/uploads\/2022\/04\/mat-3-1-1024x682.jpg 1024w, https:\/\/morahotell.se\/wp-content\/uploads\/2022\/04\/mat-3-1-768x512.jpg 768w, https:\/\/morahotell.se\/wp-content\/uploads\/2022\/04\/mat-3-1-1536x1024.jpg 1536w, https:\/\/morahotell.se\/wp-content\/uploads\/2022\/04\/mat-3-1-600x400.jpg 600w\" sizes=\"auto, (max-width: 2000px) 100vw, 2000px\" \/>\n  <h3>R\u00e9servation de table D\u00e9jeuner<\/h3>\n<\/a>\n<\/li><li id=\"woopack-product-17388\"  data-product-id=\"17388\">\n\t<a href=\"https:\/\/morahotell.se\/fr\/produkt\/reservation-de-table\/bordsbokning-a-la-carte\/\">\n   <img width=\"2200\" height=\"1467\" src=\"https:\/\/morahotell.se\/wp-content\/uploads\/2022\/04\/carpaccio-9.jpg\" alt=\"\" itemprop=\"image\" decoding=\"async\" loading=\"lazy\" srcset=\"https:\/\/morahotell.se\/wp-content\/uploads\/2022\/04\/carpaccio-9.jpg 2200w, https:\/\/morahotell.se\/wp-content\/uploads\/2022\/04\/carpaccio-9-300x200.jpg 300w, https:\/\/morahotell.se\/wp-content\/uploads\/2022\/04\/carpaccio-9-1024x683.jpg 1024w, https:\/\/morahotell.se\/wp-content\/uploads\/2022\/04\/carpaccio-9-768x512.jpg 768w, https:\/\/morahotell.se\/wp-content\/uploads\/2022\/04\/carpaccio-9-1536x1024.jpg 1536w, https:\/\/morahotell.se\/wp-content\/uploads\/2022\/04\/carpaccio-9-2048x1366.jpg 2048w, https:\/\/morahotell.se\/wp-content\/uploads\/2022\/04\/carpaccio-9-600x400.jpg 600w\" sizes=\"auto, (max-width: 2200px) 100vw, 2200px\" \/>\n  <h3>R\u00e9servez votre table du soir ici.<\/h3>\n<\/a>\n<\/li>\t\t\t\t\n\t\t\t<\/ul>\n\t<h2>\n\t\t\tV\u00e5ra restaurangpaket\t<\/h2>\n\t\t<p>Tyv\u00e4rr, vi kunde inte hitta n\u00e5got p\u00e5 detta datum. F\u00f6rs\u00f6k med en annan s\u00f6kning eller <a href=\"\/om-oss\/kontakta-oss\/\">kontakta g\u00e4rna oss med en f\u00f6rfr\u00e5gan om bokning.<\/a><\/p>\n\t\t\t<form aria-label=\"Recherche\" method=\"get\" role=\"search\" action=\"https:\/\/morahotell.se\/fr\/\" title=\"Entrez mot(s) cl\u00e9 pour rechercher.\">\n\t<input aria-label=\"Recherche\" type=\"search\" name=\"s\" placeholder=\"Recherche\"  value=\"\" onfocus=\"if (this.value === 'Recherche') { this.value = ''; }\" onblur=\"if (this.value === '') this.value='Recherche';\" \/>\n<\/form>\n\t<h3>R\u00e9server une table<\/h3>\n<p>Pour garantir une place, il est pr\u00e9f\u00e9rable de r\u00e9server une table, car le restaurant est tr\u00e8s fr\u00e9quent\u00e9 pendant les week-ends et la haute saison, tant par les clients de l&rsquo;h\u00f4tel que par les habitants de la r\u00e9gion et les passants.<\/p>\n<button id=\"table-reservation-en\">Table reservation<\/button>\n\t<h3>Heures d&rsquo;ouverture<\/h3>\n<p>Restaurant Terrasse avec vue sur le lac \u00e0 l&rsquo;int\u00e9rieur, \u00e0 l&rsquo;ext\u00e9rieur ou entre les deux (toit\/chauffage infrarouge)<\/p>\n<p><strong>Petit-d\u00e9jeuner<\/strong><\/p>\n<p>Du lundi au vendredi 06.30-09.00<\/p>\n<p>Samedi et dimanche 07.00-10.00<\/p>\n<p><strong>D\u00e9jeuner<\/strong><\/p>\n<p>Du lundi au vendredi 11.30-14.00<\/p>\n<p>Samedi 12.00-15.00<\/p>\n<p><strong>D\u00eener<\/strong> \u00e0 partir de 17.00<\/p>\n<p>Du lundi au vendredi cuisine proche 21.00, \u00a0samedi 22.00<\/p>\n<p>&nbsp;<\/p>\n<p>Bar ouvert de 17.00 \u00e0 tard<\/p>\n<ul>\n<li>\n<ul>\n\n<\/ul>\n<\/li>\n<\/ul>\n\t<p>La r\u00e9ception est ouverte 24 heures sur 24 pour des collations l\u00e9g\u00e8res et des boissons. Le petit d\u00e9jeuner de l&rsquo;h\u00f4tel est servi tous les jours.<\/p>\n<p>&nbsp;<\/p>\n\t\t\t\t\t\t<figure>\n\t\t\t\t\t\t\t<img loading=\"lazy\" decoding=\"async\" src=\"https:\/\/morahotell.se\/wp-content\/uploads\/2022\/04\/ceasar-1024x1536.jpg\" alt=\"\" srcset=\"https:\/\/morahotell.se\/wp-content\/uploads\/2022\/04\/ceasar-1024x1536.jpg 1024w, https:\/\/morahotell.se\/wp-content\/uploads\/2022\/04\/ceasar-200x300.jpg 200w, https:\/\/morahotell.se\/wp-content\/uploads\/2022\/04\/ceasar-683x1024.jpg 683w, https:\/\/morahotell.se\/wp-content\/uploads\/2022\/04\/ceasar-768x1152.jpg 768w, https:\/\/morahotell.se\/wp-content\/uploads\/2022\/04\/ceasar-1366x2048.jpg 1366w, https:\/\/morahotell.se\/wp-content\/uploads\/2022\/04\/ceasar-600x900.jpg 600w, https:\/\/morahotell.se\/wp-content\/uploads\/2022\/04\/ceasar.jpg 1467w\" width=\"1024\" height=\"1536\" \/>\n\t\t\t\t\t\t\t\t\t\t\t\t\t<\/figure>\n\t\t\t\t\t\t<figure>\n\t\t\t\t\t\t\t<img loading=\"lazy\" decoding=\"async\" src=\"https:\/\/morahotell.se\/wp-content\/uploads\/2022\/04\/Madde-in-service-1536x1024.jpg\" alt=\"\" srcset=\"https:\/\/morahotell.se\/wp-content\/uploads\/2022\/04\/Madde-in-service-1536x1024.jpg 1536w, https:\/\/morahotell.se\/wp-content\/uploads\/2022\/04\/Madde-in-service-300x200.jpg 300w, https:\/\/morahotell.se\/wp-content\/uploads\/2022\/04\/Madde-in-service-1024x683.jpg 1024w, https:\/\/morahotell.se\/wp-content\/uploads\/2022\/04\/Madde-in-service-768x512.jpg 768w, https:\/\/morahotell.se\/wp-content\/uploads\/2022\/04\/Madde-in-service-2048x1366.jpg 2048w, https:\/\/morahotell.se\/wp-content\/uploads\/2022\/04\/Madde-in-service-600x400.jpg 600w\" width=\"1536\" height=\"1024\" \/>\n\t\t\t\t\t\t\t\t\t\t\t\t\t<\/figure>\n\t\t\t\t\t\t<figure>\n\t\t\t\t\t\t\t<img loading=\"lazy\" decoding=\"async\" src=\"https:\/\/morahotell.se\/wp-content\/uploads\/2022\/04\/Mora_Placeholder_1200x1200.jpg\" alt=\"\" srcset=\"https:\/\/morahotell.se\/wp-content\/uploads\/2022\/04\/Mora_Placeholder_1200x1200.jpg 1200w, https:\/\/morahotell.se\/wp-content\/uploads\/2022\/04\/Mora_Placeholder_1200x1200-300x300.jpg 300w, https:\/\/morahotell.se\/wp-content\/uploads\/2022\/04\/Mora_Placeholder_1200x1200-1024x1024.jpg 1024w, https:\/\/morahotell.se\/wp-content\/uploads\/2022\/04\/Mora_Placeholder_1200x1200-150x150.jpg 150w, https:\/\/morahotell.se\/wp-content\/uploads\/2022\/04\/Mora_Placeholder_1200x1200-768x768.jpg 768w, https:\/\/morahotell.se\/wp-content\/uploads\/2022\/04\/Mora_Placeholder_1200x1200-600x600.jpg 600w, https:\/\/morahotell.se\/wp-content\/uploads\/2022\/04\/Mora_Placeholder_1200x1200-100x100.jpg 100w\" width=\"1200\" height=\"1200\" \/>\n\t\t\t\t\t\t\t\t\t\t\t\t\t<\/figure>\n\t\t\t\t\t\t<figure>\n\t\t\t\t\t\t\t<img loading=\"lazy\" decoding=\"async\" src=\"https:\/\/morahotell.se\/wp-content\/uploads\/2022\/04\/PC-eld-2-1536x1024.jpg\" alt=\"\" srcset=\"https:\/\/morahotell.se\/wp-content\/uploads\/2022\/04\/PC-eld-2-1536x1024.jpg 1536w, https:\/\/morahotell.se\/wp-content\/uploads\/2022\/04\/PC-eld-2-300x200.jpg 300w, https:\/\/morahotell.se\/wp-content\/uploads\/2022\/04\/PC-eld-2-1024x683.jpg 1024w, https:\/\/morahotell.se\/wp-content\/uploads\/2022\/04\/PC-eld-2-768x512.jpg 768w, https:\/\/morahotell.se\/wp-content\/uploads\/2022\/04\/PC-eld-2-2048x1366.jpg 2048w, https:\/\/morahotell.se\/wp-content\/uploads\/2022\/04\/PC-eld-2-600x400.jpg 600w\" width=\"1536\" height=\"1024\" \/>\n\t\t\t\t\t\t\t\t\t\t\t\t\t<\/figure>\n\t\t\t\t\t\t<figure>\n\t\t\t\t\t\t\t<img loading=\"lazy\" decoding=\"async\" src=\"https:\/\/morahotell.se\/wp-content\/uploads\/2022\/04\/rakmacka-1024x1536.jpg\" alt=\"\" srcset=\"https:\/\/morahotell.se\/wp-content\/uploads\/2022\/04\/rakmacka-1024x1536.jpg 1024w, https:\/\/morahotell.se\/wp-content\/uploads\/2022\/04\/rakmacka-200x300.jpg 200w, https:\/\/morahotell.se\/wp-content\/uploads\/2022\/04\/rakmacka-683x1024.jpg 683w, https:\/\/morahotell.se\/wp-content\/uploads\/2022\/04\/rakmacka-768x1152.jpg 768w, https:\/\/morahotell.se\/wp-content\/uploads\/2022\/04\/rakmacka-1366x2048.jpg 1366w, https:\/\/morahotell.se\/wp-content\/uploads\/2022\/04\/rakmacka-600x900.jpg 600w, https:\/\/morahotell.se\/wp-content\/uploads\/2022\/04\/rakmacka.jpg 1467w\" width=\"1024\" height=\"1536\" \/>\n\t\t\t\t\t\t\t\t\t\t\t\t\t<\/figure>\n\t\t\t\t\t\t<figure>\n\t\t\t\t\t\t\t<img loading=\"lazy\" decoding=\"async\" src=\"https:\/\/morahotell.se\/wp-content\/uploads\/2022\/04\/skagen-8-1536x1024.jpg\" alt=\"\" srcset=\"https:\/\/morahotell.se\/wp-content\/uploads\/2022\/04\/skagen-8-1536x1024.jpg 1536w, https:\/\/morahotell.se\/wp-content\/uploads\/2022\/04\/skagen-8-300x200.jpg 300w, https:\/\/morahotell.se\/wp-content\/uploads\/2022\/04\/skagen-8-1024x683.jpg 1024w, https:\/\/morahotell.se\/wp-content\/uploads\/2022\/04\/skagen-8-768x512.jpg 768w, https:\/\/morahotell.se\/wp-content\/uploads\/2022\/04\/skagen-8-2048x1366.jpg 2048w, https:\/\/morahotell.se\/wp-content\/uploads\/2022\/04\/skagen-8-600x400.jpg 600w\" width=\"1536\" height=\"1024\" \/>\n\t\t\t\t\t\t\t\t\t\t\t\t\t<\/figure>\n\t\t\t\t\t\t<figure>\n\t\t\t\t\t\t\t<img loading=\"lazy\" decoding=\"async\" src=\"https:\/\/morahotell.se\/wp-content\/uploads\/2022\/04\/carpaccio-9-1536x1024.jpg\" alt=\"\" srcset=\"https:\/\/morahotell.se\/wp-content\/uploads\/2022\/04\/carpaccio-9-1536x1024.jpg 1536w, https:\/\/morahotell.se\/wp-content\/uploads\/2022\/04\/carpaccio-9-300x200.jpg 300w, https:\/\/morahotell.se\/wp-content\/uploads\/2022\/04\/carpaccio-9-1024x683.jpg 1024w, https:\/\/morahotell.se\/wp-content\/uploads\/2022\/04\/carpaccio-9-768x512.jpg 768w, https:\/\/morahotell.se\/wp-content\/uploads\/2022\/04\/carpaccio-9-2048x1366.jpg 2048w, https:\/\/morahotell.se\/wp-content\/uploads\/2022\/04\/carpaccio-9-600x400.jpg 600w\" width=\"1536\" height=\"1024\" \/>\n\t\t\t\t\t\t\t\t\t\t\t\t\t<\/figure>\n\t\t\t\t\t<!-- navigation arrows -->\n\t\t<button aria-label=\"F\u00f6reg\u00e5ende\" role=\"button\" tabindex=\"0\">\n\t\t\t\t\t<\/button>\n\t\t<button aria-label=\"N\u00e4sta\" role=\"button\" tabindex=\"0\">\n\t\t\t\t\t<\/button>\n\t\t\t\t\n","protected":false},"excerpt":{"rendered":"<p>Le restaurant Terrassen \u00e0 Mora Vous cherchez un restaurant \u00e0 Mora ? Venez nous rendre visite si vous souhaitez d\u00e9guster un petit-d\u00e9jeuner luxueux, un d\u00e9jeuner du jour ou un d\u00e9licieux d\u00eener pr\u00e9par\u00e9 \u00e0 partir de produits locaux. Au restaurant Terrassen, vous d\u00e9gusterez un repas de premi\u00e8re classe dans un cadre paisible et harmonieux, avec vue&hellip;<\/p>\n","protected":false},"author":1,"featured_media":0,"parent":0,"menu_order":74,"comment_status":"closed","ping_status":"closed","template":"","meta":{"_acf_changed":false,"footnotes":""},"pa-gang-just-nu":[],"class_list":["post-17251","page","type-page","status-publish","hentry"],"acf":[],"yoast_head":"<!-- This site is optimized with the Yoast SEO plugin v26.5 - https:\/\/yoast.com\/wordpress\/plugins\/seo\/ -->\n<title>Le restaurant och lunchrestaurang i Mora - Mora Hotell &amp; Spa<\/title>\n<meta name=\"description\" content=\"Lyxig hotellfrukost. M\u00e4ttande dagens lunch. Festlig middag tillagad p\u00e5 n\u00e4rproducerade r\u00e5varor. \u00c4t en f\u00f6rstklassig m\u00e5ltid i harmonisk milj\u00f6.\" \/>\n<meta name=\"robots\" content=\"index, follow, max-snippet:-1, max-image-preview:large, max-video-preview:-1\" \/>\n<link rel=\"canonical\" href=\"https:\/\/morahotell.se\/fr\/le-restaurant\/\" \/>\n<meta property=\"og:locale\" content=\"fr_FR\" \/>\n<meta property=\"og:type\" content=\"article\" \/>\n<meta property=\"og:title\" content=\"Le restaurant och lunchrestaurang i Mora - Mora Hotell &amp; Spa\" \/>\n<meta property=\"og:description\" content=\"Lyxig hotellfrukost. M\u00e4ttande dagens lunch. Festlig middag tillagad p\u00e5 n\u00e4rproducerade r\u00e5varor. \u00c4t en f\u00f6rstklassig m\u00e5ltid i harmonisk milj\u00f6.\" \/>\n<meta property=\"og:url\" content=\"https:\/\/morahotell.se\/fr\/le-restaurant\/\" \/>\n<meta property=\"og:site_name\" content=\"Mora Hotell &amp; Spa\" \/>\n<meta property=\"article:modified_time\" content=\"2026-04-10T15:21:31+00:00\" \/>\n<meta property=\"og:image\" content=\"https:\/\/morahotell.se\/wp-content\/uploads\/2022\/04\/mat-3-1.jpg\" \/>\n<meta name=\"twitter:card\" content=\"summary_large_image\" \/>\n<meta name=\"twitter:label1\" content=\"Dur\u00e9e de lecture estim\u00e9e\" \/>\n\t<meta name=\"twitter:data1\" content=\"2 minutes\" \/>\n<script type=\"application\/ld+json\" class=\"yoast-schema-graph\">{\"@context\":\"https:\/\/schema.org\",\"@graph\":[{\"@type\":\"WebPage\",\"@id\":\"https:\/\/morahotell.se\/fr\/le-restaurant\/\",\"url\":\"https:\/\/morahotell.se\/fr\/le-restaurant\/\",\"name\":\"Le restaurant och lunchrestaurang i Mora - Mora Hotell &amp; Spa\",\"isPartOf\":{\"@id\":\"https:\/\/morahotell.se\/fr\/#website\"},\"primaryImageOfPage\":{\"@id\":\"https:\/\/morahotell.se\/fr\/le-restaurant\/#primaryimage\"},\"image\":{\"@id\":\"https:\/\/morahotell.se\/fr\/le-restaurant\/#primaryimage\"},\"thumbnailUrl\":\"https:\/\/morahotell.se\/wp-content\/uploads\/2022\/04\/mat-3-1.jpg\",\"datePublished\":\"2022-05-09T14:25:12+00:00\",\"dateModified\":\"2026-04-10T15:21:31+00:00\",\"description\":\"Lyxig hotellfrukost. M\u00e4ttande dagens lunch. Festlig middag tillagad p\u00e5 n\u00e4rproducerade r\u00e5varor. \u00c4t en f\u00f6rstklassig m\u00e5ltid i harmonisk milj\u00f6.\",\"breadcrumb\":{\"@id\":\"https:\/\/morahotell.se\/fr\/le-restaurant\/#breadcrumb\"},\"inLanguage\":\"fr-FR\",\"potentialAction\":[{\"@type\":\"ReadAction\",\"target\":[\"https:\/\/morahotell.se\/fr\/le-restaurant\/\"]}]},{\"@type\":\"ImageObject\",\"inLanguage\":\"fr-FR\",\"@id\":\"https:\/\/morahotell.se\/fr\/le-restaurant\/#primaryimage\",\"url\":\"https:\/\/morahotell.se\/wp-content\/uploads\/2022\/04\/mat-3-1.jpg\",\"contentUrl\":\"https:\/\/morahotell.se\/wp-content\/uploads\/2022\/04\/mat-3-1.jpg\"},{\"@type\":\"BreadcrumbList\",\"@id\":\"https:\/\/morahotell.se\/fr\/le-restaurant\/#breadcrumb\",\"itemListElement\":[{\"@type\":\"ListItem\",\"position\":1,\"name\":\"Mora hotell\",\"item\":\"https:\/\/morahotell.se\/fr\/\"},{\"@type\":\"ListItem\",\"position\":2,\"name\":\"Le restaurant\"}]},{\"@type\":\"WebSite\",\"@id\":\"https:\/\/morahotell.se\/fr\/#website\",\"url\":\"https:\/\/morahotell.se\/fr\/\",\"name\":\"Mora Hotell &amp; Spa\",\"description\":\"Fyrstj\u00e4rnigt hotell i Mora, n\u00e4ra Siljan\",\"potentialAction\":[{\"@type\":\"SearchAction\",\"target\":{\"@type\":\"EntryPoint\",\"urlTemplate\":\"https:\/\/morahotell.se\/fr\/?s={search_term_string}\"},\"query-input\":{\"@type\":\"PropertyValueSpecification\",\"valueRequired\":true,\"valueName\":\"search_term_string\"}}],\"inLanguage\":\"fr-FR\"}]}<\/script>\n<!-- \/ Yoast SEO plugin. -->","yoast_head_json":{"title":"Le restaurant och lunchrestaurang i Mora - Mora Hotell &amp; Spa","description":"Lyxig hotellfrukost. M\u00e4ttande dagens lunch. Festlig middag tillagad p\u00e5 n\u00e4rproducerade r\u00e5varor. \u00c4t en f\u00f6rstklassig m\u00e5ltid i harmonisk milj\u00f6.","robots":{"index":"index","follow":"follow","max-snippet":"max-snippet:-1","max-image-preview":"max-image-preview:large","max-video-preview":"max-video-preview:-1"},"canonical":"https:\/\/morahotell.se\/fr\/le-restaurant\/","og_locale":"fr_FR","og_type":"article","og_title":"Le restaurant och lunchrestaurang i Mora - Mora Hotell &amp; Spa","og_description":"Lyxig hotellfrukost. M\u00e4ttande dagens lunch. Festlig middag tillagad p\u00e5 n\u00e4rproducerade r\u00e5varor. \u00c4t en f\u00f6rstklassig m\u00e5ltid i harmonisk milj\u00f6.","og_url":"https:\/\/morahotell.se\/fr\/le-restaurant\/","og_site_name":"Mora Hotell &amp; Spa","article_modified_time":"2026-04-10T15:21:31+00:00","og_image":[{"url":"https:\/\/morahotell.se\/wp-content\/uploads\/2022\/04\/mat-3-1.jpg","type":"","width":"","height":""}],"twitter_card":"summary_large_image","twitter_misc":{"Dur\u00e9e de lecture estim\u00e9e":"2 minutes"},"schema":{"@context":"https:\/\/schema.org","@graph":[{"@type":"WebPage","@id":"https:\/\/morahotell.se\/fr\/le-restaurant\/","url":"https:\/\/morahotell.se\/fr\/le-restaurant\/","name":"Le restaurant och lunchrestaurang i Mora - Mora Hotell &amp; Spa","isPartOf":{"@id":"https:\/\/morahotell.se\/fr\/#website"},"primaryImageOfPage":{"@id":"https:\/\/morahotell.se\/fr\/le-restaurant\/#primaryimage"},"image":{"@id":"https:\/\/morahotell.se\/fr\/le-restaurant\/#primaryimage"},"thumbnailUrl":"https:\/\/morahotell.se\/wp-content\/uploads\/2022\/04\/mat-3-1.jpg","datePublished":"2022-05-09T14:25:12+00:00","dateModified":"2026-04-10T15:21:31+00:00","description":"Lyxig hotellfrukost. M\u00e4ttande dagens lunch. Festlig middag tillagad p\u00e5 n\u00e4rproducerade r\u00e5varor. \u00c4t en f\u00f6rstklassig m\u00e5ltid i harmonisk milj\u00f6.","breadcrumb":{"@id":"https:\/\/morahotell.se\/fr\/le-restaurant\/#breadcrumb"},"inLanguage":"fr-FR","potentialAction":[{"@type":"ReadAction","target":["https:\/\/morahotell.se\/fr\/le-restaurant\/"]}]},{"@type":"ImageObject","inLanguage":"fr-FR","@id":"https:\/\/morahotell.se\/fr\/le-restaurant\/#primaryimage","url":"https:\/\/morahotell.se\/wp-content\/uploads\/2022\/04\/mat-3-1.jpg","contentUrl":"https:\/\/morahotell.se\/wp-content\/uploads\/2022\/04\/mat-3-1.jpg"},{"@type":"BreadcrumbList","@id":"https:\/\/morahotell.se\/fr\/le-restaurant\/#breadcrumb","itemListElement":[{"@type":"ListItem","position":1,"name":"Mora hotell","item":"https:\/\/morahotell.se\/fr\/"},{"@type":"ListItem","position":2,"name":"Le restaurant"}]},{"@type":"WebSite","@id":"https:\/\/morahotell.se\/fr\/#website","url":"https:\/\/morahotell.se\/fr\/","name":"Mora Hotell &amp; Spa","description":"Fyrstj\u00e4rnigt hotell i Mora, n\u00e4ra Siljan","potentialAction":[{"@type":"SearchAction","target":{"@type":"EntryPoint","urlTemplate":"https:\/\/morahotell.se\/fr\/?s={search_term_string}"},"query-input":{"@type":"PropertyValueSpecification","valueRequired":true,"valueName":"search_term_string"}}],"inLanguage":"fr-FR"}]}},"_links":{"self":[{"href":"https:\/\/morahotell.se\/fr\/wp-json\/wp\/v2\/pages\/17251","targetHints":{"allow":["GET"]}}],"collection":[{"href":"https:\/\/morahotell.se\/fr\/wp-json\/wp\/v2\/pages"}],"about":[{"href":"https:\/\/morahotell.se\/fr\/wp-json\/wp\/v2\/types\/page"}],"author":[{"embeddable":true,"href":"https:\/\/morahotell.se\/fr\/wp-json\/wp\/v2\/users\/1"}],"replies":[{"embeddable":true,"href":"https:\/\/morahotell.se\/fr\/wp-json\/wp\/v2\/comments?post=17251"}],"version-history":[{"count":11,"href":"https:\/\/morahotell.se\/fr\/wp-json\/wp\/v2\/pages\/17251\/revisions"}],"predecessor-version":[{"id":31438,"href":"https:\/\/morahotell.se\/fr\/wp-json\/wp\/v2\/pages\/17251\/revisions\/31438"}],"wp:attachment":[{"href":"https:\/\/morahotell.se\/fr\/wp-json\/wp\/v2\/media?parent=17251"}],"wp:term":[{"taxonomy":"pa-gang-just-nu","embeddable":true,"href":"https:\/\/morahotell.se\/fr\/wp-json\/wp\/v2\/pa-gang-just-nu?post=17251"}],"curies":[{"name":"wp","href":"https:\/\/api.w.org\/{rel}","templated":true}]}}