{"id":16546,"date":"2022-05-09T16:41:44","date_gmt":"2022-05-09T14:41:44","guid":{"rendered":"https:\/\/morahotell.se\/upptack-mora\/"},"modified":"2025-10-09T14:56:18","modified_gmt":"2025-10-09T12:56:18","slug":"upptack-mora","status":"publish","type":"page","link":"https:\/\/morahotell.se\/fr\/upptack-mora\/","title":{"rendered":"Mora"},"content":{"rendered":"\n\n\t<h1>D\u00e9couvrez Mora avec nous !<\/h1>\n\t<h4>Activit\u00e9s \u00e0 Mora et aux alentours<\/h4>\n<h2>Que faire en Dal\u00e9carlie?<\/h2>\n<p>La Dal\u00e9carlie est une r\u00e9gion riche en attractions touristiques pour les familles, les passionn\u00e9s d&rsquo;art ou les amateurs de sport de plein air. Vous trouverez ci-dessous une liste de nos bons plans d&rsquo;activit\u00e9s \u00e0 Mora et aux alentours. N&rsquo;h\u00e9sitez pas \u00e0 vous adresser au personnel de l&rsquo;h\u00f4tel pour plus amples conseils.<\/p>\n\t<meta itemscope itemprop=\"mainEntityOfPage\" itemtype=\"https:\/\/schema.org\/WebPage\" itemid=\"http:\/\/16869\" content=\"Tomteland - une exp\u00e9rience f\u00e9\u00e9rique \u00e0 vivre en famille\" \/><meta itemprop=\"datePublished\" content=\"2022-05-11\" \/><meta itemprop=\"dateModified\" content=\"2023-04-27\" \/><meta itemprop=\"name\" content=\"Mora Hotell &amp; Spa\"\/><meta itemprop=\"url\" content=\"https:\/\/morahotell.se\/fr\/author\/_superadmin\/\" \/><meta itemprop=\"name\" content=\"_superadmin\" \/><meta itemprop=\"url\" content=\"https:\/\/morahotell.se\/wp-content\/uploads\/2022\/04\/teatertomte-2-1.jpg\" \/><meta itemprop=\"width\" content=\"1760\" \/><meta itemprop=\"height\" content=\"2200\" \/><meta itemprop=\"interactionType\" content=\"https:\/\/schema.org\/CommentAction\" \/><meta itemprop=\"userInteractionCount\" content=\"0\" \/><a href=\"https:\/\/morahotell.se\/fr\/mora\/tomteland\/\">\n   <img width=\"240\" height=\"300\" src=\"https:\/\/morahotell.se\/wp-content\/uploads\/2022\/04\/teatertomte-2-1-240x300.jpg\" alt=\"\" itemprop=\"image\" decoding=\"async\" loading=\"lazy\" srcset=\"https:\/\/morahotell.se\/wp-content\/uploads\/2022\/04\/teatertomte-2-1-240x300.jpg 240w, https:\/\/morahotell.se\/wp-content\/uploads\/2022\/04\/teatertomte-2-1-819x1024.jpg 819w, https:\/\/morahotell.se\/wp-content\/uploads\/2022\/04\/teatertomte-2-1-768x960.jpg 768w, https:\/\/morahotell.se\/wp-content\/uploads\/2022\/04\/teatertomte-2-1-1229x1536.jpg 1229w, https:\/\/morahotell.se\/wp-content\/uploads\/2022\/04\/teatertomte-2-1-1638x2048.jpg 1638w, https:\/\/morahotell.se\/wp-content\/uploads\/2022\/04\/teatertomte-2-1-600x750.jpg 600w, https:\/\/morahotell.se\/wp-content\/uploads\/2022\/04\/teatertomte-2-1.jpg 1760w\" sizes=\"auto, (max-width: 240px) 100vw, 240px\" \/>\n  <h3>Tomteland &#8211; une exp\u00e9rience f\u00e9\u00e9rique \u00e0 vivre en famille<\/h3>\n<\/a>\n\t<meta itemscope itemprop=\"mainEntityOfPage\" itemtype=\"https:\/\/schema.org\/WebPage\" itemid=\"http:\/\/16865\" content=\"Dalah\u00e4stm\u00e5lning i Nusn\u00e4s\" \/><meta itemprop=\"datePublished\" content=\"2022-05-11\" \/><meta itemprop=\"dateModified\" content=\"2023-04-27\" \/><meta itemprop=\"name\" content=\"Mora Hotell &amp; Spa\"\/><meta itemprop=\"url\" content=\"https:\/\/morahotell.se\/fr\/author\/_superadmin\/\" \/><meta itemprop=\"name\" content=\"_superadmin\" \/><meta itemprop=\"url\" content=\"https:\/\/morahotell.se\/wp-content\/uploads\/2022\/04\/mamma-ma\u030alar-1.jpg\" \/><meta itemprop=\"width\" content=\"1467\" \/><meta itemprop=\"height\" content=\"2200\" \/><meta itemprop=\"interactionType\" content=\"https:\/\/schema.org\/CommentAction\" \/><meta itemprop=\"userInteractionCount\" content=\"0\" \/><a href=\"https:\/\/morahotell.se\/fr\/mora\/boende-nara-nusnas-dalahastmalning\/\">\n   <img width=\"200\" height=\"300\" src=\"https:\/\/morahotell.se\/wp-content\/uploads\/2022\/04\/mamma-ma\u030alar-1-200x300.jpg\" alt=\"\" itemprop=\"image\" decoding=\"async\" loading=\"lazy\" srcset=\"https:\/\/morahotell.se\/wp-content\/uploads\/2022\/04\/mamma-ma\u030alar-1-200x300.jpg 200w, https:\/\/morahotell.se\/wp-content\/uploads\/2022\/04\/mamma-ma\u030alar-1-683x1024.jpg 683w, https:\/\/morahotell.se\/wp-content\/uploads\/2022\/04\/mamma-ma\u030alar-1-768x1152.jpg 768w, https:\/\/morahotell.se\/wp-content\/uploads\/2022\/04\/mamma-ma\u030alar-1-1024x1536.jpg 1024w, https:\/\/morahotell.se\/wp-content\/uploads\/2022\/04\/mamma-ma\u030alar-1-1366x2048.jpg 1366w, https:\/\/morahotell.se\/wp-content\/uploads\/2022\/04\/mamma-ma\u030alar-1-600x900.jpg 600w, https:\/\/morahotell.se\/wp-content\/uploads\/2022\/04\/mamma-ma\u030alar-1.jpg 1467w\" sizes=\"auto, (max-width: 200px) 100vw, 200px\" \/>\n  <h3>Dalah\u00e4stm\u00e5lning i Nusn\u00e4s<\/h3>\n<\/a>\n\t<meta itemscope itemprop=\"mainEntityOfPage\" itemtype=\"https:\/\/schema.org\/WebPage\" itemid=\"http:\/\/16873\" content=\"Outdoor och utomhusaktiviteter\" \/><meta itemprop=\"datePublished\" content=\"2022-05-11\" \/><meta itemprop=\"dateModified\" content=\"2023-04-27\" \/><meta itemprop=\"name\" content=\"Mora Hotell &amp; Spa\"\/><meta itemprop=\"url\" content=\"https:\/\/morahotell.se\/fr\/author\/_superadmin\/\" \/><meta itemprop=\"name\" content=\"_superadmin\" \/><meta itemprop=\"url\" content=\"https:\/\/morahotell.se\/wp-content\/uploads\/2022\/04\/Skogstur-1.jpg\" \/><meta itemprop=\"width\" content=\"2200\" \/><meta itemprop=\"height\" content=\"1467\" \/><meta itemprop=\"interactionType\" content=\"https:\/\/schema.org\/CommentAction\" \/><meta itemprop=\"userInteractionCount\" content=\"0\" \/><a href=\"https:\/\/morahotell.se\/fr\/mora\/outdoor\/\">\n   <img width=\"300\" height=\"200\" src=\"https:\/\/morahotell.se\/wp-content\/uploads\/2022\/04\/Skogstur-1-300x200.jpg\" alt=\"\" itemprop=\"image\" decoding=\"async\" loading=\"lazy\" srcset=\"https:\/\/morahotell.se\/wp-content\/uploads\/2022\/04\/Skogstur-1-300x200.jpg 300w, https:\/\/morahotell.se\/wp-content\/uploads\/2022\/04\/Skogstur-1-1024x683.jpg 1024w, https:\/\/morahotell.se\/wp-content\/uploads\/2022\/04\/Skogstur-1-768x512.jpg 768w, https:\/\/morahotell.se\/wp-content\/uploads\/2022\/04\/Skogstur-1-1536x1024.jpg 1536w, https:\/\/morahotell.se\/wp-content\/uploads\/2022\/04\/Skogstur-1-2048x1366.jpg 2048w, https:\/\/morahotell.se\/wp-content\/uploads\/2022\/04\/Skogstur-1-600x400.jpg 600w\" sizes=\"auto, (max-width: 300px) 100vw, 300px\" \/>\n  <h3>Outdoor och utomhusaktiviteter<\/h3>\n<\/a>\n\t<meta itemscope itemprop=\"mainEntityOfPage\" itemtype=\"https:\/\/schema.org\/WebPage\" itemid=\"http:\/\/16552\" content=\"F\u00eatez la Midsommar \u00e0 Mora en Dal\u00e9carlie\" \/><meta itemprop=\"datePublished\" content=\"2022-05-11\" \/><meta itemprop=\"dateModified\" content=\"2023-04-17\" \/><meta itemprop=\"name\" content=\"Mora Hotell &amp; Spa\"\/><meta itemprop=\"url\" content=\"https:\/\/morahotell.se\/fr\/author\/_superadmin\/\" \/><meta itemprop=\"name\" content=\"_superadmin\" \/><meta itemprop=\"url\" content=\"https:\/\/morahotell.se\/wp-content\/uploads\/2022\/04\/Midsommarkrans-1-1.jpg\" \/><meta itemprop=\"width\" content=\"1920\" \/><meta itemprop=\"height\" content=\"1355\" \/><meta itemprop=\"interactionType\" content=\"https:\/\/schema.org\/CommentAction\" \/><meta itemprop=\"userInteractionCount\" content=\"0\" \/><a href=\"https:\/\/morahotell.se\/fr\/mora\/fetez-la-midsommar-a-mora-en-dalecarlie\/\">\n   <img width=\"300\" height=\"212\" src=\"https:\/\/morahotell.se\/wp-content\/uploads\/2022\/04\/Midsommarkrans-1-1-300x212.jpg\" alt=\"\" itemprop=\"image\" decoding=\"async\" loading=\"lazy\" srcset=\"https:\/\/morahotell.se\/wp-content\/uploads\/2022\/04\/Midsommarkrans-1-1-300x212.jpg 300w, https:\/\/morahotell.se\/wp-content\/uploads\/2022\/04\/Midsommarkrans-1-1-1024x723.jpg 1024w, https:\/\/morahotell.se\/wp-content\/uploads\/2022\/04\/Midsommarkrans-1-1-768x542.jpg 768w, https:\/\/morahotell.se\/wp-content\/uploads\/2022\/04\/Midsommarkrans-1-1-1536x1084.jpg 1536w, https:\/\/morahotell.se\/wp-content\/uploads\/2022\/04\/Midsommarkrans-1-1-600x423.jpg 600w, https:\/\/morahotell.se\/wp-content\/uploads\/2022\/04\/Midsommarkrans-1-1.jpg 1920w\" sizes=\"auto, (max-width: 300px) 100vw, 300px\" \/>\n  <h3>F\u00eatez la Midsommar \u00e0 Mora en Dal\u00e9carlie<\/h3>\n<\/a>\n\t<meta itemscope itemprop=\"mainEntityOfPage\" itemtype=\"https:\/\/schema.org\/WebPage\" itemid=\"http:\/\/16550\" content=\"D\u00e9couvrez l&rsquo;art d&rsquo;Anders Zorn &#8211; Mora Hotell &#038; Spa\" \/><meta itemprop=\"datePublished\" content=\"2022-05-11\" \/><meta itemprop=\"dateModified\" content=\"2023-04-17\" \/><meta itemprop=\"name\" content=\"Mora Hotell &amp; Spa\"\/><meta itemprop=\"url\" content=\"https:\/\/morahotell.se\/fr\/author\/_superadmin\/\" \/><meta itemprop=\"name\" content=\"_superadmin\" \/><meta itemprop=\"url\" content=\"https:\/\/morahotell.se\/wp-content\/uploads\/2022\/04\/Karusell-Zorns-garderob-utan-text-800x339-1.png\" \/><meta itemprop=\"width\" content=\"500\" \/><meta itemprop=\"height\" content=\"339\" \/><meta itemprop=\"interactionType\" content=\"https:\/\/schema.org\/CommentAction\" \/><meta itemprop=\"userInteractionCount\" content=\"0\" \/><a href=\"https:\/\/morahotell.se\/fr\/mora\/anders-zorn\/\">\n   <img width=\"300\" height=\"203\" src=\"https:\/\/morahotell.se\/wp-content\/uploads\/2022\/04\/Karusell-Zorns-garderob-utan-text-800x339-1-300x203.png\" alt=\"\" itemprop=\"image\" decoding=\"async\" loading=\"lazy\" srcset=\"https:\/\/morahotell.se\/wp-content\/uploads\/2022\/04\/Karusell-Zorns-garderob-utan-text-800x339-1-300x203.png 300w, https:\/\/morahotell.se\/wp-content\/uploads\/2022\/04\/Karusell-Zorns-garderob-utan-text-800x339-1.png 500w\" sizes=\"auto, (max-width: 300px) 100vw, 300px\" \/>\n  <h3>D\u00e9couvrez l&rsquo;art d&rsquo;Anders Zorn &#8211; Mora Hotell &#038; Spa<\/h3>\n<\/a>\n\t<meta itemscope itemprop=\"mainEntityOfPage\" itemtype=\"https:\/\/schema.org\/WebPage\" itemid=\"http:\/\/16554\" content=\"La Vasaloppet, une tradition locale d&rsquo;origine royale\" \/><meta itemprop=\"datePublished\" content=\"2022-05-10\" \/><meta itemprop=\"dateModified\" content=\"2023-04-27\" \/><meta itemprop=\"name\" content=\"Mora Hotell &amp; Spa\"\/><meta itemprop=\"url\" content=\"https:\/\/morahotell.se\/fr\/author\/_superadmin\/\" \/><meta itemprop=\"name\" content=\"_superadmin\" \/><meta itemprop=\"url\" content=\"https:\/\/morahotell.se\/wp-content\/uploads\/2022\/04\/lopp_vinter_vasaloppet2_1350x690-1.jpg\" \/><meta itemprop=\"width\" content=\"1350\" \/><meta itemprop=\"height\" content=\"690\" \/><meta itemprop=\"interactionType\" content=\"https:\/\/schema.org\/CommentAction\" \/><meta itemprop=\"userInteractionCount\" content=\"0\" \/><a href=\"https:\/\/morahotell.se\/fr\/mora\/la-vasaloppet-une-tradition-locale-dorigine-royale\/\">\n   <img width=\"300\" height=\"153\" src=\"https:\/\/morahotell.se\/wp-content\/uploads\/2022\/04\/lopp_vinter_vasaloppet2_1350x690-1-300x153.jpg\" alt=\"\" itemprop=\"image\" decoding=\"async\" loading=\"lazy\" srcset=\"https:\/\/morahotell.se\/wp-content\/uploads\/2022\/04\/lopp_vinter_vasaloppet2_1350x690-1-300x153.jpg 300w, https:\/\/morahotell.se\/wp-content\/uploads\/2022\/04\/lopp_vinter_vasaloppet2_1350x690-1-1024x523.jpg 1024w, https:\/\/morahotell.se\/wp-content\/uploads\/2022\/04\/lopp_vinter_vasaloppet2_1350x690-1-768x393.jpg 768w, https:\/\/morahotell.se\/wp-content\/uploads\/2022\/04\/lopp_vinter_vasaloppet2_1350x690-1-600x307.jpg 600w, https:\/\/morahotell.se\/wp-content\/uploads\/2022\/04\/lopp_vinter_vasaloppet2_1350x690-1.jpg 1350w\" sizes=\"auto, (max-width: 300px) 100vw, 300px\" \/>\n  <h3>La Vasaloppet, une tradition locale d&rsquo;origine royale<\/h3>\n<\/a>\n\t\t<!-- .pp-content-posts -->\n\t<h2>R\u00e9servez votre chambre au Mora Hotell &#8211; le point de d\u00e9part de vos activit\u00e9s autour du lac Siljan<\/h2>\n<p>Au Mora Hotell, vous b\u00e9n\u00e9ficiez de tout le confort d&rsquo;un \u00e9tablissement haut de gamme. Tout ce que la Dal\u00e9carlie a \u00e0 offrir se trouve \u00e0 une distance permettant de faire l&rsquo;aller-retour en voiture dans la m\u00eame journ\u00e9e. La r\u00e9gion est par ailleurs dot\u00e9e d&rsquo;un bon r\u00e9seau de transports publics ferroviaire et routier et vous n&rsquo;\u00eates \u00e0 qu&rsquo;\u00e0 quelques minutes \u00e0 pied de la gare de Mora.<\/p>\n<p>Parmi toutes les activit\u00e9s possibles, nous pouvons vous conseiller divers lieux de promenade absolument magiques, comme des hameaux de chalets typiques ou des chutes d&rsquo;eau spectaculaires. Parmi les autres joyaux de la r\u00e9gion figurent Tomteland &#8211; maison du P\u00e8re No\u00ebl et village f\u00e9\u00e9rique, la salle de concert en plein air Dalhalla, le parc animalier d\u00e9di\u00e9 aux pr\u00e9dateurs d&rsquo;Orsa ainsi que les merveilles g\u00e9ologiques du pourtour du lac Siljan. La musique traditionnelle rev\u00eat aussi une grande importance dans la r\u00e9gion, en t\u00e9moignent la popularit\u00e9 des festivals tels que Bingsj\u00f6st\u00e4mman.<\/p>\n\t<h2>Vasaloppet<\/h2>\n<h3>La Vasaloppet, \u00e9dition d&rsquo;\u00e9t\u00e9 ou d&rsquo;hiver<\/h3>\n<p>Nombreux sont nos clients venant \u00e0 l&rsquo;occasion de la Vasaloppet, en \u00e9t\u00e9 comme en hiver. En \u00e9t\u00e9, c&rsquo;est plut\u00f4t la course cycliste qui attire les foules, tandis qu&rsquo;en hiver, la traditionnelle course de ski de fond rassemble les sportifs du monde entier. Nos chambres se remplissent \u00e9galement \u00e0 l&rsquo;occasion de la Tjejvasan, les bus sp\u00e9ciaux facilitant l&rsquo;acc\u00e8s depuis l&rsquo;h\u00f4tel jusqu&rsquo;au point de d\u00e9part de la course.<\/p>\n\t<h2>Art et activit\u00e9s culturelles en Dal\u00e9carlie<\/h2>\n<h3>Ici \u00e0 Dal\u00e9carlie<\/h3>\n<p>La Dal\u00e9carlie est le berceau de nombreux artistes. A Mora, un mus\u00e9e est enti\u00e8rement consacr\u00e9 au peintre Anders Zorn, c\u00e9l\u00e8bre pour ses portraits de femmes de Dal\u00e9carlie. Il est tr\u00e8s pris\u00e9 des touristes su\u00e9dois et internationaux. Un peu plus loin, \u00e0 Falun, se trouve le mus\u00e9e Carl Larsson-g\u00e5rden, am\u00e9nag\u00e9 dans la maison qu&rsquo;occupaient jadis le couple d&rsquo;artiste Karin et Carl Larsson.<\/p>\n\t<h2>Ski alpin et mountain bike \u00e0 Gesunda<\/h2>\n<h3>Pour les amateurs d&rsquo;action<\/h3>\n<p>Que vous soyez plut\u00f4t slalom, snowboard ou encore moutain bike l&rsquo;\u00e9t\u00e9, les magnifiques pistes de Gesunda sont faites pour vous. Vous pouvez \u00e9galement pratiquer le ski de fond \u00e0 la station de Gr\u00f6nklitt \u00e0 Orsa ou dans le domaine de Romme Alpine \u00e0 Borl\u00e4nge. Et si cela ne vous suffisait pas, l&rsquo;ensemble de la commune de S\u00e4len est \u00e9galement parcourue de nombreuses pistes de ski.<\/p>\n\n","protected":false},"excerpt":{"rendered":"<p>D\u00e9couvrez Mora avec nous ! Activit\u00e9s \u00e0 Mora et aux alentours Que faire en Dal\u00e9carlie? La Dal\u00e9carlie est une r\u00e9gion riche en attractions touristiques pour les familles, les passionn\u00e9s d&rsquo;art ou les amateurs de sport de plein air. Vous trouverez ci-dessous une liste de nos bons plans d&rsquo;activit\u00e9s \u00e0 Mora et aux alentours. N&rsquo;h\u00e9sitez pas&hellip;<\/p>\n","protected":false},"author":1,"featured_media":0,"parent":0,"menu_order":64,"comment_status":"closed","ping_status":"closed","template":"","meta":{"_acf_changed":false,"footnotes":""},"pa-gang-just-nu":[],"class_list":["post-16546","page","type-page","status-publish","hentry"],"acf":[],"yoast_head":"<!-- This site is optimized with the Yoast SEO plugin v26.5 - https:\/\/yoast.com\/wordpress\/plugins\/seo\/ -->\n<title>Uppt\u00e4ck Mora - Mora Hotell &amp; Spa<\/title>\n<meta name=\"description\" content=\"Dalarna \u00e4r ett rikt turistl\u00e4n. H\u00e4r under tipsar vi om roliga och sp\u00e4nnande aktiviteter i och runt Mora. Kontakta hotellet om du vill ha tips.\" \/>\n<meta name=\"robots\" content=\"index, follow, max-snippet:-1, max-image-preview:large, max-video-preview:-1\" \/>\n<link rel=\"canonical\" href=\"https:\/\/morahotell.se\/fr\/upptack-mora\/\" \/>\n<meta property=\"og:locale\" content=\"fr_FR\" \/>\n<meta property=\"og:type\" content=\"article\" \/>\n<meta property=\"og:title\" content=\"Uppt\u00e4ck Mora - Mora Hotell &amp; Spa\" \/>\n<meta property=\"og:description\" content=\"Dalarna \u00e4r ett rikt turistl\u00e4n. H\u00e4r under tipsar vi om roliga och sp\u00e4nnande aktiviteter i och runt Mora. Kontakta hotellet om du vill ha tips.\" \/>\n<meta property=\"og:url\" content=\"https:\/\/morahotell.se\/fr\/upptack-mora\/\" \/>\n<meta property=\"og:site_name\" content=\"Mora Hotell &amp; Spa\" \/>\n<meta property=\"article:modified_time\" content=\"2025-10-09T12:56:18+00:00\" \/>\n<meta property=\"og:image\" content=\"https:\/\/morahotell.se\/wp-content\/uploads\/2022\/04\/teatertomte-2-1-240x300.jpg\" \/>\n<meta name=\"twitter:card\" content=\"summary_large_image\" \/>\n<meta name=\"twitter:label1\" content=\"Dur\u00e9e de lecture estim\u00e9e\" \/>\n\t<meta name=\"twitter:data1\" content=\"3 minutes\" \/>\n<script type=\"application\/ld+json\" class=\"yoast-schema-graph\">{\"@context\":\"https:\/\/schema.org\",\"@graph\":[{\"@type\":\"WebPage\",\"@id\":\"https:\/\/morahotell.se\/fr\/upptack-mora\/\",\"url\":\"https:\/\/morahotell.se\/fr\/upptack-mora\/\",\"name\":\"Uppt\u00e4ck Mora - Mora Hotell &amp; Spa\",\"isPartOf\":{\"@id\":\"https:\/\/morahotell.se\/fr\/#website\"},\"primaryImageOfPage\":{\"@id\":\"https:\/\/morahotell.se\/fr\/upptack-mora\/#primaryimage\"},\"image\":{\"@id\":\"https:\/\/morahotell.se\/fr\/upptack-mora\/#primaryimage\"},\"thumbnailUrl\":\"https:\/\/morahotell.se\/wp-content\/uploads\/2022\/04\/teatertomte-2-1-240x300.jpg\",\"datePublished\":\"2022-05-09T14:41:44+00:00\",\"dateModified\":\"2025-10-09T12:56:18+00:00\",\"description\":\"Dalarna \u00e4r ett rikt turistl\u00e4n. H\u00e4r under tipsar vi om roliga och sp\u00e4nnande aktiviteter i och runt Mora. Kontakta hotellet om du vill ha tips.\",\"breadcrumb\":{\"@id\":\"https:\/\/morahotell.se\/fr\/upptack-mora\/#breadcrumb\"},\"inLanguage\":\"fr-FR\",\"potentialAction\":[{\"@type\":\"ReadAction\",\"target\":[\"https:\/\/morahotell.se\/fr\/upptack-mora\/\"]}]},{\"@type\":\"ImageObject\",\"inLanguage\":\"fr-FR\",\"@id\":\"https:\/\/morahotell.se\/fr\/upptack-mora\/#primaryimage\",\"url\":\"https:\/\/morahotell.se\/wp-content\/uploads\/2022\/04\/teatertomte-2-1-240x300.jpg\",\"contentUrl\":\"https:\/\/morahotell.se\/wp-content\/uploads\/2022\/04\/teatertomte-2-1-240x300.jpg\"},{\"@type\":\"BreadcrumbList\",\"@id\":\"https:\/\/morahotell.se\/fr\/upptack-mora\/#breadcrumb\",\"itemListElement\":[{\"@type\":\"ListItem\",\"position\":1,\"name\":\"Mora hotell\",\"item\":\"https:\/\/morahotell.se\/fr\/\"},{\"@type\":\"ListItem\",\"position\":2,\"name\":\"Mora\"}]},{\"@type\":\"WebSite\",\"@id\":\"https:\/\/morahotell.se\/fr\/#website\",\"url\":\"https:\/\/morahotell.se\/fr\/\",\"name\":\"Mora Hotell &amp; Spa\",\"description\":\"Fyrstj\u00e4rnigt hotell i Mora, n\u00e4ra Siljan\",\"potentialAction\":[{\"@type\":\"SearchAction\",\"target\":{\"@type\":\"EntryPoint\",\"urlTemplate\":\"https:\/\/morahotell.se\/fr\/?s={search_term_string}\"},\"query-input\":{\"@type\":\"PropertyValueSpecification\",\"valueRequired\":true,\"valueName\":\"search_term_string\"}}],\"inLanguage\":\"fr-FR\"}]}<\/script>\n<!-- \/ Yoast SEO plugin. -->","yoast_head_json":{"title":"Uppt\u00e4ck Mora - Mora Hotell &amp; Spa","description":"Dalarna \u00e4r ett rikt turistl\u00e4n. H\u00e4r under tipsar vi om roliga och sp\u00e4nnande aktiviteter i och runt Mora. Kontakta hotellet om du vill ha tips.","robots":{"index":"index","follow":"follow","max-snippet":"max-snippet:-1","max-image-preview":"max-image-preview:large","max-video-preview":"max-video-preview:-1"},"canonical":"https:\/\/morahotell.se\/fr\/upptack-mora\/","og_locale":"fr_FR","og_type":"article","og_title":"Uppt\u00e4ck Mora - Mora Hotell &amp; Spa","og_description":"Dalarna \u00e4r ett rikt turistl\u00e4n. H\u00e4r under tipsar vi om roliga och sp\u00e4nnande aktiviteter i och runt Mora. Kontakta hotellet om du vill ha tips.","og_url":"https:\/\/morahotell.se\/fr\/upptack-mora\/","og_site_name":"Mora Hotell &amp; Spa","article_modified_time":"2025-10-09T12:56:18+00:00","og_image":[{"url":"https:\/\/morahotell.se\/wp-content\/uploads\/2022\/04\/teatertomte-2-1-240x300.jpg","type":"","width":"","height":""}],"twitter_card":"summary_large_image","twitter_misc":{"Dur\u00e9e de lecture estim\u00e9e":"3 minutes"},"schema":{"@context":"https:\/\/schema.org","@graph":[{"@type":"WebPage","@id":"https:\/\/morahotell.se\/fr\/upptack-mora\/","url":"https:\/\/morahotell.se\/fr\/upptack-mora\/","name":"Uppt\u00e4ck Mora - Mora Hotell &amp; Spa","isPartOf":{"@id":"https:\/\/morahotell.se\/fr\/#website"},"primaryImageOfPage":{"@id":"https:\/\/morahotell.se\/fr\/upptack-mora\/#primaryimage"},"image":{"@id":"https:\/\/morahotell.se\/fr\/upptack-mora\/#primaryimage"},"thumbnailUrl":"https:\/\/morahotell.se\/wp-content\/uploads\/2022\/04\/teatertomte-2-1-240x300.jpg","datePublished":"2022-05-09T14:41:44+00:00","dateModified":"2025-10-09T12:56:18+00:00","description":"Dalarna \u00e4r ett rikt turistl\u00e4n. H\u00e4r under tipsar vi om roliga och sp\u00e4nnande aktiviteter i och runt Mora. Kontakta hotellet om du vill ha tips.","breadcrumb":{"@id":"https:\/\/morahotell.se\/fr\/upptack-mora\/#breadcrumb"},"inLanguage":"fr-FR","potentialAction":[{"@type":"ReadAction","target":["https:\/\/morahotell.se\/fr\/upptack-mora\/"]}]},{"@type":"ImageObject","inLanguage":"fr-FR","@id":"https:\/\/morahotell.se\/fr\/upptack-mora\/#primaryimage","url":"https:\/\/morahotell.se\/wp-content\/uploads\/2022\/04\/teatertomte-2-1-240x300.jpg","contentUrl":"https:\/\/morahotell.se\/wp-content\/uploads\/2022\/04\/teatertomte-2-1-240x300.jpg"},{"@type":"BreadcrumbList","@id":"https:\/\/morahotell.se\/fr\/upptack-mora\/#breadcrumb","itemListElement":[{"@type":"ListItem","position":1,"name":"Mora hotell","item":"https:\/\/morahotell.se\/fr\/"},{"@type":"ListItem","position":2,"name":"Mora"}]},{"@type":"WebSite","@id":"https:\/\/morahotell.se\/fr\/#website","url":"https:\/\/morahotell.se\/fr\/","name":"Mora Hotell &amp; Spa","description":"Fyrstj\u00e4rnigt hotell i Mora, n\u00e4ra Siljan","potentialAction":[{"@type":"SearchAction","target":{"@type":"EntryPoint","urlTemplate":"https:\/\/morahotell.se\/fr\/?s={search_term_string}"},"query-input":{"@type":"PropertyValueSpecification","valueRequired":true,"valueName":"search_term_string"}}],"inLanguage":"fr-FR"}]}},"_links":{"self":[{"href":"https:\/\/morahotell.se\/fr\/wp-json\/wp\/v2\/pages\/16546","targetHints":{"allow":["GET"]}}],"collection":[{"href":"https:\/\/morahotell.se\/fr\/wp-json\/wp\/v2\/pages"}],"about":[{"href":"https:\/\/morahotell.se\/fr\/wp-json\/wp\/v2\/types\/page"}],"author":[{"embeddable":true,"href":"https:\/\/morahotell.se\/fr\/wp-json\/wp\/v2\/users\/1"}],"replies":[{"embeddable":true,"href":"https:\/\/morahotell.se\/fr\/wp-json\/wp\/v2\/comments?post=16546"}],"version-history":[{"count":0,"href":"https:\/\/morahotell.se\/fr\/wp-json\/wp\/v2\/pages\/16546\/revisions"}],"wp:attachment":[{"href":"https:\/\/morahotell.se\/fr\/wp-json\/wp\/v2\/media?parent=16546"}],"wp:term":[{"taxonomy":"pa-gang-just-nu","embeddable":true,"href":"https:\/\/morahotell.se\/fr\/wp-json\/wp\/v2\/pa-gang-just-nu?post=16546"}],"curies":[{"name":"wp","href":"https:\/\/api.w.org\/{rel}","templated":true}]}}