{"id":16504,"date":"2022-05-09T14:46:03","date_gmt":"2022-05-09T12:46:03","guid":{"rendered":"https:\/\/morahotell.se\/hem\/"},"modified":"2026-02-19T14:36:24","modified_gmt":"2026-02-19T13:36:24","slug":"hem","status":"publish","type":"page","link":"https:\/\/morahotell.se\/fr\/","title":{"rendered":"Hem"},"content":{"rendered":"\n\n\t<h1>Mora Hotell &amp; Spa &#8211; bienvenue pour un s\u00e9jour fantastique !<\/h1>\n\t\t\t<a href=\"https:\/\/book.morahotell.se\/accommodation?channelid=0213a5b6-371a-4a15-9a1f-be2076b7b7c3&#038;langid=2\" target=\"_self\">\n\t\t\t\t\t\t\tR\u00e9server chambre\n\t\t\t\t\t<\/a>\n\t\t\t<a href=\"\/fr\/produkt-kategori\/offres-speciales\/\" target=\"_self\">\n\t\t\t\t\t\t\tR\u00e9server des forfaits\n\t\t\t\t\t<\/a>\n\t\t\t<a href=\"\/fr\/produkt-kategori\/nos-activites\/\" target=\"_self\">\n\t\t\t\t\t\t\tR\u00e9server activit\u00e9\n\t\t\t\t\t<\/a>\n\t\t\t<a href=\"https:\/\/morahotell.se\/fr\/le-restaurant\/\" target=\"_self\">\n\t\t\t\t\t\t\tR\u00e9server table\n\t\t\t\t\t<\/a>\n\t\t\t<a href=\"https:\/\/morahotell.se\/fr\/produkt-kategori\/spa-fr\/\" target=\"_self\">\n\t\t\t\t\t\t\tR\u00e9servez spa\n\t\t\t\t\t<\/a>\n\t\t\t<a href=\"https:\/\/morahotell.se\/fr\/conference\/\" target=\"_self\">\n\t\t\t\t\t\t\tR\u00e9servez conf\u00e9rence\n\t\t\t\t\t<\/a>\n<h2>\n\t\t\tNos chambres\t<\/h2>\n\t<p>Dormez au calme \u00e0 Mora en Dal\u00e9carlie, comme ses habitants depuis 1830. Nos 140 chambres sont non-fumeur et de tailles diverses, ce qui fait qu&rsquo;elles sont adapt\u00e9es tant aux familles qu&rsquo;aux sportifs venus pour la Vasaloppet.<\/p>\n\t\t\t<a href=\"https:\/\/morahotell.se\/fr\/chambre\/\" target=\"_self\">\n\t\t\t\t\t\t\tVoir tous nos types de chambres\n\t\t\t\t\t<\/a>\n\t\t\t<a href=\"https:\/\/book.morahotell.se\/accommodation?channelid=0213a5b6-371a-4a15-9a1f-be2076b7b7c3&#038;langid=2\" target=\"_self\">\n\t\t\t\t\t\t\tR\u00e9servez directement\n\t\t\t\t\t<\/a>\n<h2>\n\t\t\tTout le confort d&rsquo;un spa avec h\u00f4tel au centre de Mora\t<\/h2>\n\t<p>\u00c9vadez-vous le temps d&rsquo;une s\u00e9ance de spa en plein Mora. D\u00e9tendez-vous en famille, entre amis ou entre coll\u00e8gues dans notre \u00e9tablissement harmonieusement d\u00e9cor\u00e9. Vous y trouverez une piscine, un jacuzzi, un hammam et un sauna.<\/p>\n\t\t\t<a href=\"https:\/\/morahotell.se\/fr\/produkt-kategori\/spa-fr\/\" target=\"_self\">\n\t\t\t\t\t\t\tVoir tous nos soins spa\n\t\t\t\t\t<\/a>\n<h2>\n\t\t\tQue se passe-t-il en ce moment ?\t<\/h2>\n\t<p>C&rsquo;est autour du lac Siljan que se concentre tout ce ce qui a fa\u00e7onn\u00e9 la culture unique de la Dal\u00e9carlie depuis des si\u00e8cles : sa fabrique de chevaux de Dal\u00e9carlie, ses chalets, ses c\u00e9l\u00e8bres artistes et ses musiques traditionnelles, sans oublier la fameuse course de ski de fond Vasaloppet et les nombreux autres \u00e9v\u00e9nements qui attirent les visiteurs du monde entier.<\/p>\n<p>Les enfants ne sont pas en reste, puisqu&rsquo;\u00e0 quelques kilom\u00e8tres de l\u00e0 se trouve Tomteland &#8211; maison du P\u00e8re No\u00ebl et Village f\u00e9\u00e9rique. Avec son petit monde miniature, c&rsquo;est un v\u00e9ritable Disneyland su\u00e9dois. Enfin, le village voisin d&rsquo;Orsa vous offre la possibilit\u00e9 d&rsquo;apercevoir, entre autres cr\u00e9atures majestueuses, des ours du Kamtchatka, des ours polaires ainsi que des tigres, vivants et en libert\u00e9!<\/p>\n<p>Ici, vous pouvez voir certaines choses qui sont sur le point de se produire \u00e0 Mora dans un avenir proche !<\/p>\n<h2>\n\t\t\tUn h\u00f4tel en Dal\u00e9carlie parfaitement situ\u00e9\t<\/h2>\n\t<p>Avec sa vue imprenable sur le lac Siljan et sa situation \u00e0 100 m\u00e8tres \u00e0 peine de plusieurs points d&rsquo;int\u00e9r\u00eat tels que la ligne d&rsquo;arriv\u00e9e de la Vasaloppet, le mus\u00e9e Zorn et la maison du couple Zorn (Zorng\u00e5rden), le Mora Hotell &amp; Spa est au c\u0153ur de tout ce qui a fait la r\u00e9putation de la Dal\u00e9carlie : la nature, la culture et l&rsquo;aventure !<\/p>\n<p>C&rsquo;est aussi un h\u00f4tel central et de grand standing, dot\u00e9 d&rsquo;un espace spa et d\u00e9tente et d&rsquo;un restaurant dont la cuisine de haute vol\u00e9e est \u00e9labor\u00e9e \u00e0 partir d&rsquo;ingr\u00e9dients locaux.<\/p>\n\t\t\t<a href=\"https:\/\/morahotell.se\/fr\/produkt-kategori\/offres-speciales\/\" target=\"_self\">\n\t\t\t\t\t\t\tVoir plus de forfaits\n\t\t\t\t\t<\/a>\n<h2>\n\t\t\tIl y a des activit\u00e9s pour toute la famille\t<\/h2>\n\t<p>Au Mora Spa &amp; Hotel, vous trouverez de nombreuses activit\u00e9s et options amusantes, rapides ou calmes, \u00e0 choisir par vous-m\u00eame. En \u00e9t\u00e9, il est magique de profiter de Saxviken en kayak ou de sortir par une journ\u00e9e tranquille avec un bateau pour p\u00eacher. Si vous voulez manger des d\u00eeners passionnants comme Anders Zorn ou Gustav Vasa, nous avons \u00e9labor\u00e9 un menu pour cela. Sinon, profitez de la merveilleuse nature autour de l&rsquo;h\u00f4tel, la belle Dalarna est juste \u00e0 la sortie du hall.<\/p>\n\t\t\t<a href=\"https:\/\/morahotell.se\/fr\/produkt-kategori\/nos-activites\/\" target=\"_self\">\n\t\t\t\t\t\t\tVoir plus d&rsquo;activit\u00e9s\n\t\t\t\t\t<\/a>\n\t<h4>Votre restaurant \u00e0 Mora<\/h4>\n<h2>\n\t\t\tBienvenue \u00e0 Terassen\t<\/h2>\n\t<p>Que vous cherchiez un endroit agr\u00e9able o\u00f9 d\u00e9jeuner \u00e0 Mora ou que vous souhaitiez vous offrir un d\u00eener haut de gamme \u00e9labor\u00e9 \u00e0 partir d&rsquo;ingr\u00e9dients locaux, Terassen est fait pour vous. Nous vous y proposons un menu de premi\u00e8re classe dans un environnement unique avec vue sur le lac Siljan. N&rsquo;oubliez pas de r\u00e9servez votre table, surtout le week-end. Le restaurant est tr\u00e8s appr\u00e9ci\u00e9, tant par les r\u00e9sidents de l&rsquo;h\u00f4tel que par les passants.<\/p>\n\t\t\t<a href=\"https:\/\/morahotell.se\/fr\/le-restaurant\/\" target=\"_self\">\n\t\t\t\t\t\t\tR\u00e9server table\n\t\t\t\t\t<\/a>\n\t<h4>Un s\u00e9minaire en Dal\u00e9carlie<\/h4>\n<h2>\n\t\t\tLaissez-nous prendre soin de vous et de votre entreprise!\t<\/h2>\n\t<p>Le Mora Hotell &amp; Spa vous propose un pack S\u00e9minaire id\u00e9al pour renforcer les liens entre coll\u00e8gues et assurer l&rsquo;efficacit\u00e9 de votre sortie d&rsquo;entreprise. En int\u00e9rieur ou en ext\u00e9rieur, nous vous procurons la technique, la nature, la nourriture et le logement n\u00e9cessaires \u00e0 la r\u00e9ussite de cette exp\u00e9rience qui resserrera sans aucun doute vos liens en tant que groupe. Alors pour un s\u00e9minaire r\u00e9solument moderne dans un cadre traditionnel \u00e0 haute valeur culturelle, ne cherchez pas plus loin !<\/p>\n\t\t\t<a href=\"https:\/\/morahotell.se\/fr\/conference\/\" target=\"_self\">\n\t\t\t\t\t\t\tR\u00e9server conf\u00e9rence\n\t\t\t\t\t<\/a>\n\n","protected":false},"excerpt":{"rendered":"<p>Mora Hotell &amp; Spa &#8211; bienvenue pour un s\u00e9jour fantastique ! R\u00e9server chambre R\u00e9server des forfaits R\u00e9server activit\u00e9 R\u00e9server table R\u00e9servez spa R\u00e9servez conf\u00e9rence Nos chambres Dormez au calme \u00e0 Mora en Dal\u00e9carlie, comme ses habitants depuis 1830. Nos 140 chambres sont non-fumeur et de tailles diverses, ce qui fait qu&rsquo;elles sont adapt\u00e9es tant aux&hellip;<\/p>\n","protected":false},"author":1,"featured_media":0,"parent":0,"menu_order":30,"comment_status":"closed","ping_status":"closed","template":"","meta":{"_acf_changed":false,"footnotes":""},"pa-gang-just-nu":[],"class_list":["post-16504","page","type-page","status-publish","hentry"],"acf":[],"yoast_head":"<!-- This site is optimized with the Yoast SEO plugin v26.5 - https:\/\/yoast.com\/wordpress\/plugins\/seo\/ -->\n<title>Mora Hotell &amp; Spa - fyrstj\u00e4rnigt boende vid Siljan \u2b50\u2b50\u2b50\u2b50<\/title>\n<meta name=\"description\" content=\"Bo avkopplande med klass i centrala Mora utan att f\u00f6rlora k\u00e4nslan av Dalarna. N\u00e4ra till t\u00e5g, Zornmuseet och m\u00e5lg\u00e5ngen i Vasaloppet.\" \/>\n<meta name=\"robots\" content=\"index, follow, max-snippet:-1, max-image-preview:large, max-video-preview:-1\" \/>\n<link rel=\"canonical\" href=\"https:\/\/morahotell.se\/fr\/\" \/>\n<meta property=\"og:locale\" content=\"fr_FR\" \/>\n<meta property=\"og:type\" content=\"article\" \/>\n<meta property=\"og:title\" content=\"Mora Hotell &amp; Spa - fyrstj\u00e4rnigt boende vid Siljan \u2b50\u2b50\u2b50\u2b50\" \/>\n<meta property=\"og:description\" content=\"Bo avkopplande med klass i centrala Mora utan att f\u00f6rlora k\u00e4nslan av Dalarna. N\u00e4ra till t\u00e5g, Zornmuseet och m\u00e5lg\u00e5ngen i Vasaloppet.\" \/>\n<meta property=\"og:url\" content=\"https:\/\/morahotell.se\/fr\/\" \/>\n<meta property=\"og:site_name\" content=\"Mora Hotell &amp; Spa\" \/>\n<meta property=\"article:modified_time\" content=\"2026-02-19T13:36:24+00:00\" \/>\n<meta name=\"twitter:card\" content=\"summary_large_image\" \/>\n<meta name=\"twitter:label1\" content=\"Dur\u00e9e de lecture estim\u00e9e\" \/>\n\t<meta name=\"twitter:data1\" content=\"4 minutes\" \/>\n<script type=\"application\/ld+json\" class=\"yoast-schema-graph\">{\"@context\":\"https:\/\/schema.org\",\"@graph\":[{\"@type\":\"WebPage\",\"@id\":\"https:\/\/morahotell.se\/fr\/\",\"url\":\"https:\/\/morahotell.se\/fr\/\",\"name\":\"Mora Hotell &amp; Spa - fyrstj\u00e4rnigt boende vid Siljan \u2b50\u2b50\u2b50\u2b50\",\"isPartOf\":{\"@id\":\"https:\/\/morahotell.se\/fr\/#website\"},\"datePublished\":\"2022-05-09T12:46:03+00:00\",\"dateModified\":\"2026-02-19T13:36:24+00:00\",\"description\":\"Bo avkopplande med klass i centrala Mora utan att f\u00f6rlora k\u00e4nslan av Dalarna. N\u00e4ra till t\u00e5g, Zornmuseet och m\u00e5lg\u00e5ngen i Vasaloppet.\",\"breadcrumb\":{\"@id\":\"https:\/\/morahotell.se\/fr\/#breadcrumb\"},\"inLanguage\":\"fr-FR\",\"potentialAction\":[{\"@type\":\"ReadAction\",\"target\":[\"https:\/\/morahotell.se\/fr\/\"]}]},{\"@type\":\"BreadcrumbList\",\"@id\":\"https:\/\/morahotell.se\/fr\/#breadcrumb\",\"itemListElement\":[{\"@type\":\"ListItem\",\"position\":1,\"name\":\"Mora hotell\",\"item\":\"https:\/\/morahotell.se\/fr\/\"},{\"@type\":\"ListItem\",\"position\":2,\"name\":\"Hem\"}]},{\"@type\":\"WebSite\",\"@id\":\"https:\/\/morahotell.se\/fr\/#website\",\"url\":\"https:\/\/morahotell.se\/fr\/\",\"name\":\"Mora Hotell &amp; Spa\",\"description\":\"Fyrstj\u00e4rnigt hotell i Mora, n\u00e4ra Siljan\",\"potentialAction\":[{\"@type\":\"SearchAction\",\"target\":{\"@type\":\"EntryPoint\",\"urlTemplate\":\"https:\/\/morahotell.se\/fr\/?s={search_term_string}\"},\"query-input\":{\"@type\":\"PropertyValueSpecification\",\"valueRequired\":true,\"valueName\":\"search_term_string\"}}],\"inLanguage\":\"fr-FR\"}]}<\/script>\n<!-- \/ Yoast SEO plugin. -->","yoast_head_json":{"title":"Mora Hotell &amp; Spa - fyrstj\u00e4rnigt boende vid Siljan \u2b50\u2b50\u2b50\u2b50","description":"Bo avkopplande med klass i centrala Mora utan att f\u00f6rlora k\u00e4nslan av Dalarna. N\u00e4ra till t\u00e5g, Zornmuseet och m\u00e5lg\u00e5ngen i Vasaloppet.","robots":{"index":"index","follow":"follow","max-snippet":"max-snippet:-1","max-image-preview":"max-image-preview:large","max-video-preview":"max-video-preview:-1"},"canonical":"https:\/\/morahotell.se\/fr\/","og_locale":"fr_FR","og_type":"article","og_title":"Mora Hotell &amp; Spa - fyrstj\u00e4rnigt boende vid Siljan \u2b50\u2b50\u2b50\u2b50","og_description":"Bo avkopplande med klass i centrala Mora utan att f\u00f6rlora k\u00e4nslan av Dalarna. N\u00e4ra till t\u00e5g, Zornmuseet och m\u00e5lg\u00e5ngen i Vasaloppet.","og_url":"https:\/\/morahotell.se\/fr\/","og_site_name":"Mora Hotell &amp; Spa","article_modified_time":"2026-02-19T13:36:24+00:00","twitter_card":"summary_large_image","twitter_misc":{"Dur\u00e9e de lecture estim\u00e9e":"4 minutes"},"schema":{"@context":"https:\/\/schema.org","@graph":[{"@type":"WebPage","@id":"https:\/\/morahotell.se\/fr\/","url":"https:\/\/morahotell.se\/fr\/","name":"Mora Hotell &amp; Spa - fyrstj\u00e4rnigt boende vid Siljan \u2b50\u2b50\u2b50\u2b50","isPartOf":{"@id":"https:\/\/morahotell.se\/fr\/#website"},"datePublished":"2022-05-09T12:46:03+00:00","dateModified":"2026-02-19T13:36:24+00:00","description":"Bo avkopplande med klass i centrala Mora utan att f\u00f6rlora k\u00e4nslan av Dalarna. N\u00e4ra till t\u00e5g, Zornmuseet och m\u00e5lg\u00e5ngen i Vasaloppet.","breadcrumb":{"@id":"https:\/\/morahotell.se\/fr\/#breadcrumb"},"inLanguage":"fr-FR","potentialAction":[{"@type":"ReadAction","target":["https:\/\/morahotell.se\/fr\/"]}]},{"@type":"BreadcrumbList","@id":"https:\/\/morahotell.se\/fr\/#breadcrumb","itemListElement":[{"@type":"ListItem","position":1,"name":"Mora hotell","item":"https:\/\/morahotell.se\/fr\/"},{"@type":"ListItem","position":2,"name":"Hem"}]},{"@type":"WebSite","@id":"https:\/\/morahotell.se\/fr\/#website","url":"https:\/\/morahotell.se\/fr\/","name":"Mora Hotell &amp; Spa","description":"Fyrstj\u00e4rnigt hotell i Mora, n\u00e4ra Siljan","potentialAction":[{"@type":"SearchAction","target":{"@type":"EntryPoint","urlTemplate":"https:\/\/morahotell.se\/fr\/?s={search_term_string}"},"query-input":{"@type":"PropertyValueSpecification","valueRequired":true,"valueName":"search_term_string"}}],"inLanguage":"fr-FR"}]}},"_links":{"self":[{"href":"https:\/\/morahotell.se\/fr\/wp-json\/wp\/v2\/pages\/16504","targetHints":{"allow":["GET"]}}],"collection":[{"href":"https:\/\/morahotell.se\/fr\/wp-json\/wp\/v2\/pages"}],"about":[{"href":"https:\/\/morahotell.se\/fr\/wp-json\/wp\/v2\/types\/page"}],"author":[{"embeddable":true,"href":"https:\/\/morahotell.se\/fr\/wp-json\/wp\/v2\/users\/1"}],"replies":[{"embeddable":true,"href":"https:\/\/morahotell.se\/fr\/wp-json\/wp\/v2\/comments?post=16504"}],"version-history":[{"count":3,"href":"https:\/\/morahotell.se\/fr\/wp-json\/wp\/v2\/pages\/16504\/revisions"}],"predecessor-version":[{"id":31146,"href":"https:\/\/morahotell.se\/fr\/wp-json\/wp\/v2\/pages\/16504\/revisions\/31146"}],"wp:attachment":[{"href":"https:\/\/morahotell.se\/fr\/wp-json\/wp\/v2\/media?parent=16504"}],"wp:term":[{"taxonomy":"pa-gang-just-nu","embeddable":true,"href":"https:\/\/morahotell.se\/fr\/wp-json\/wp\/v2\/pa-gang-just-nu?post=16504"}],"curies":[{"name":"wp","href":"https:\/\/api.w.org\/{rel}","templated":true}]}}