{"id":3241,"date":"2022-04-29T10:04:09","date_gmt":"2022-04-29T08:04:09","guid":{"rendered":"https:\/\/morahotell.se\/produkt\/uncategorized\/stora-spa-lyx-paketet-boka-behandling-direkt-pa-var-spa-sida\/"},"modified":"2025-10-16T13:18:36","modified_gmt":"2025-10-16T11:18:36","slug":"stora-spa-lyx-paketet-boka-behandling-direkt-pa-var-spa-sida","status":"publish","type":"product","link":"https:\/\/morahotell.se\/en\/product\/package-deals\/spa-package\/stora-spa-lyx-paketet-boka-behandling-direkt-pa-var-spa-sida\/","title":{"rendered":"Large Spa Luxury Package"},"content":{"rendered":"<p>Detta ing\u00e5r:<\/p>\n<p>Logi, 1 natt i delad Bastusvit inkl. stor frukostbuff\u00e9 med lokala r\u00e5varor<br \/>\nSpa-g\u00e5va med hudv\u00e5rdande produkter fr\u00e5n Kerstin Florian<br \/>\n1 valfri 50 minuters Spa behandling<br \/>\nFri tillg\u00e5ng till Relaxavdelning med pool, jacuzzi\u2019s, \u00e5ng- &amp; torrbastu<br \/>\nL\u00e5n av badrock och tofflor<br \/>\nF\u00e4rsk fruktbuff\u00e9 och smoothie<br \/>\n1 halvflaska Champagne<br \/>\n4-r\u00e4tters middag<br \/>\nG\u00e4ller ej under Vasaloppsveckor \u2013 sommar &amp; vinter<\/p>\n","protected":false},"excerpt":{"rendered":"<p>Detta ing\u00e5r: Logi, 1 natt i delad Bastusvit inkl. stor frukostbuff\u00e9 med lokala r\u00e5varor Spa-g\u00e5va med hudv\u00e5rdande produkter fr\u00e5n Kerstin Florian 1 valfri 50 minuters Spa behandling Fri tillg\u00e5ng till Relaxavdelning med pool, jacuzzi\u2019s, \u00e5ng- &amp; torrbastu L\u00e5n av badrock och tofflor F\u00e4rsk fruktbuff\u00e9 och smoothie 1 halvflaska Champagne 4-r\u00e4tters middag G\u00e4ller ej under Vasaloppsveckor&hellip;<\/p>\n","protected":false},"featured_media":2059,"comment_status":"closed","ping_status":"closed","template":"","meta":{"_acf_changed":false},"product_brand":[],"product_cat":[62,103],"product_tag":[229,190],"class_list":{"0":"post-3241","1":"product","2":"type-product","3":"status-publish","4":"has-post-thumbnail","6":"product_cat-package-deals","7":"product_cat-spa-package","8":"product_tag-paket-startsidan","9":"product_tag-foerfraagningsprodukt-en","11":"first","12":"instock","13":"virtual","14":"taxable","15":"product-type-simple"},"acf":[],"yoast_head":"<!-- This site is optimized with the Yoast SEO plugin v26.5 - https:\/\/yoast.com\/wordpress\/plugins\/seo\/ -->\n<title>Large Spa Luxury Package - Mora Hotell &amp; Spa<\/title>\n<meta name=\"robots\" content=\"index, follow, max-snippet:-1, max-image-preview:large, max-video-preview:-1\" \/>\n<link rel=\"canonical\" href=\"https:\/\/morahotell.se\/en\/product\/package-deals\/spa-package\/stora-spa-lyx-paketet-boka-behandling-direkt-pa-var-spa-sida\/\" \/>\n<meta property=\"og:locale\" content=\"en_US\" \/>\n<meta property=\"og:type\" content=\"article\" \/>\n<meta property=\"og:title\" content=\"Large Spa Luxury Package - Mora Hotell &amp; Spa\" \/>\n<meta property=\"og:description\" content=\"Detta ing\u00e5r: Logi, 1 natt i delad Bastusvit inkl. stor frukostbuff\u00e9 med lokala r\u00e5varor Spa-g\u00e5va med hudv\u00e5rdande produkter fr\u00e5n Kerstin Florian 1 valfri 50 minuters Spa behandling Fri tillg\u00e5ng till Relaxavdelning med pool, jacuzzi\u2019s, \u00e5ng- &amp; torrbastu L\u00e5n av badrock och tofflor F\u00e4rsk fruktbuff\u00e9 och smoothie 1 halvflaska Champagne 4-r\u00e4tters middag G\u00e4ller ej under Vasaloppsveckor&hellip;\" \/>\n<meta property=\"og:url\" content=\"https:\/\/morahotell.se\/en\/product\/package-deals\/spa-package\/stora-spa-lyx-paketet-boka-behandling-direkt-pa-var-spa-sida\/\" \/>\n<meta property=\"og:site_name\" content=\"Mora Hotell &amp; Spa\" \/>\n<meta property=\"article:modified_time\" content=\"2025-10-16T11:18:36+00:00\" \/>\n<meta property=\"og:image\" content=\"https:\/\/morahotell.se\/wp-content\/uploads\/2022\/04\/bg-box2-1.jpg\" \/>\n\t<meta property=\"og:image:width\" content=\"1280\" \/>\n\t<meta property=\"og:image:height\" content=\"960\" \/>\n\t<meta property=\"og:image:type\" content=\"image\/jpeg\" \/>\n<meta name=\"twitter:card\" content=\"summary_large_image\" \/>\n<script type=\"application\/ld+json\" class=\"yoast-schema-graph\">{\"@context\":\"https:\/\/schema.org\",\"@graph\":[{\"@type\":\"WebPage\",\"@id\":\"https:\/\/morahotell.se\/en\/product\/package-deals\/spa-package\/stora-spa-lyx-paketet-boka-behandling-direkt-pa-var-spa-sida\/\",\"url\":\"https:\/\/morahotell.se\/en\/product\/package-deals\/spa-package\/stora-spa-lyx-paketet-boka-behandling-direkt-pa-var-spa-sida\/\",\"name\":\"Large Spa Luxury Package - Mora Hotell &amp; Spa\",\"isPartOf\":{\"@id\":\"https:\/\/morahotell.se\/en\/#website\"},\"primaryImageOfPage\":{\"@id\":\"https:\/\/morahotell.se\/en\/product\/package-deals\/spa-package\/stora-spa-lyx-paketet-boka-behandling-direkt-pa-var-spa-sida\/#primaryimage\"},\"image\":{\"@id\":\"https:\/\/morahotell.se\/en\/product\/package-deals\/spa-package\/stora-spa-lyx-paketet-boka-behandling-direkt-pa-var-spa-sida\/#primaryimage\"},\"thumbnailUrl\":\"https:\/\/morahotell.se\/wp-content\/uploads\/2022\/04\/bg-box2-1.jpg\",\"datePublished\":\"2022-04-29T08:04:09+00:00\",\"dateModified\":\"2025-10-16T11:18:36+00:00\",\"breadcrumb\":{\"@id\":\"https:\/\/morahotell.se\/en\/product\/package-deals\/spa-package\/stora-spa-lyx-paketet-boka-behandling-direkt-pa-var-spa-sida\/#breadcrumb\"},\"inLanguage\":\"en-US\",\"potentialAction\":[{\"@type\":\"ReadAction\",\"target\":[\"https:\/\/morahotell.se\/en\/product\/package-deals\/spa-package\/stora-spa-lyx-paketet-boka-behandling-direkt-pa-var-spa-sida\/\"]}]},{\"@type\":\"ImageObject\",\"inLanguage\":\"en-US\",\"@id\":\"https:\/\/morahotell.se\/en\/product\/package-deals\/spa-package\/stora-spa-lyx-paketet-boka-behandling-direkt-pa-var-spa-sida\/#primaryimage\",\"url\":\"https:\/\/morahotell.se\/wp-content\/uploads\/2022\/04\/bg-box2-1.jpg\",\"contentUrl\":\"https:\/\/morahotell.se\/wp-content\/uploads\/2022\/04\/bg-box2-1.jpg\",\"width\":1280,\"height\":960},{\"@type\":\"BreadcrumbList\",\"@id\":\"https:\/\/morahotell.se\/en\/product\/package-deals\/spa-package\/stora-spa-lyx-paketet-boka-behandling-direkt-pa-var-spa-sida\/#breadcrumb\",\"itemListElement\":[{\"@type\":\"ListItem\",\"position\":1,\"name\":\"Mora hotell\",\"item\":\"https:\/\/morahotell.se\/en\/\"},{\"@type\":\"ListItem\",\"position\":2,\"name\":\"Bokning\",\"item\":\"https:\/\/morahotell.se\/en\/bokning\/\"},{\"@type\":\"ListItem\",\"position\":3,\"name\":\"Package deals\",\"item\":\"https:\/\/morahotell.se\/en\/produkt-kategori\/package-deals\/\"},{\"@type\":\"ListItem\",\"position\":4,\"name\":\"Large Spa Luxury Package\"}]},{\"@type\":\"WebSite\",\"@id\":\"https:\/\/morahotell.se\/en\/#website\",\"url\":\"https:\/\/morahotell.se\/en\/\",\"name\":\"Mora Hotell &amp; Spa\",\"description\":\"Fyrstj\u00e4rnigt hotell i Mora, n\u00e4ra Siljan\",\"potentialAction\":[{\"@type\":\"SearchAction\",\"target\":{\"@type\":\"EntryPoint\",\"urlTemplate\":\"https:\/\/morahotell.se\/en\/?s={search_term_string}\"},\"query-input\":{\"@type\":\"PropertyValueSpecification\",\"valueRequired\":true,\"valueName\":\"search_term_string\"}}],\"inLanguage\":\"en-US\"}]}<\/script>\n<!-- \/ Yoast SEO plugin. -->","yoast_head_json":{"title":"Large Spa Luxury Package - Mora Hotell &amp; Spa","robots":{"index":"index","follow":"follow","max-snippet":"max-snippet:-1","max-image-preview":"max-image-preview:large","max-video-preview":"max-video-preview:-1"},"canonical":"https:\/\/morahotell.se\/en\/product\/package-deals\/spa-package\/stora-spa-lyx-paketet-boka-behandling-direkt-pa-var-spa-sida\/","og_locale":"en_US","og_type":"article","og_title":"Large Spa Luxury Package - Mora Hotell &amp; Spa","og_description":"Detta ing\u00e5r: Logi, 1 natt i delad Bastusvit inkl. stor frukostbuff\u00e9 med lokala r\u00e5varor Spa-g\u00e5va med hudv\u00e5rdande produkter fr\u00e5n Kerstin Florian 1 valfri 50 minuters Spa behandling Fri tillg\u00e5ng till Relaxavdelning med pool, jacuzzi\u2019s, \u00e5ng- &amp; torrbastu L\u00e5n av badrock och tofflor F\u00e4rsk fruktbuff\u00e9 och smoothie 1 halvflaska Champagne 4-r\u00e4tters middag G\u00e4ller ej under Vasaloppsveckor&hellip;","og_url":"https:\/\/morahotell.se\/en\/product\/package-deals\/spa-package\/stora-spa-lyx-paketet-boka-behandling-direkt-pa-var-spa-sida\/","og_site_name":"Mora Hotell &amp; Spa","article_modified_time":"2025-10-16T11:18:36+00:00","og_image":[{"width":1280,"height":960,"url":"https:\/\/morahotell.se\/wp-content\/uploads\/2022\/04\/bg-box2-1.jpg","type":"image\/jpeg"}],"twitter_card":"summary_large_image","schema":{"@context":"https:\/\/schema.org","@graph":[{"@type":"WebPage","@id":"https:\/\/morahotell.se\/en\/product\/package-deals\/spa-package\/stora-spa-lyx-paketet-boka-behandling-direkt-pa-var-spa-sida\/","url":"https:\/\/morahotell.se\/en\/product\/package-deals\/spa-package\/stora-spa-lyx-paketet-boka-behandling-direkt-pa-var-spa-sida\/","name":"Large Spa Luxury Package - Mora Hotell &amp; Spa","isPartOf":{"@id":"https:\/\/morahotell.se\/en\/#website"},"primaryImageOfPage":{"@id":"https:\/\/morahotell.se\/en\/product\/package-deals\/spa-package\/stora-spa-lyx-paketet-boka-behandling-direkt-pa-var-spa-sida\/#primaryimage"},"image":{"@id":"https:\/\/morahotell.se\/en\/product\/package-deals\/spa-package\/stora-spa-lyx-paketet-boka-behandling-direkt-pa-var-spa-sida\/#primaryimage"},"thumbnailUrl":"https:\/\/morahotell.se\/wp-content\/uploads\/2022\/04\/bg-box2-1.jpg","datePublished":"2022-04-29T08:04:09+00:00","dateModified":"2025-10-16T11:18:36+00:00","breadcrumb":{"@id":"https:\/\/morahotell.se\/en\/product\/package-deals\/spa-package\/stora-spa-lyx-paketet-boka-behandling-direkt-pa-var-spa-sida\/#breadcrumb"},"inLanguage":"en-US","potentialAction":[{"@type":"ReadAction","target":["https:\/\/morahotell.se\/en\/product\/package-deals\/spa-package\/stora-spa-lyx-paketet-boka-behandling-direkt-pa-var-spa-sida\/"]}]},{"@type":"ImageObject","inLanguage":"en-US","@id":"https:\/\/morahotell.se\/en\/product\/package-deals\/spa-package\/stora-spa-lyx-paketet-boka-behandling-direkt-pa-var-spa-sida\/#primaryimage","url":"https:\/\/morahotell.se\/wp-content\/uploads\/2022\/04\/bg-box2-1.jpg","contentUrl":"https:\/\/morahotell.se\/wp-content\/uploads\/2022\/04\/bg-box2-1.jpg","width":1280,"height":960},{"@type":"BreadcrumbList","@id":"https:\/\/morahotell.se\/en\/product\/package-deals\/spa-package\/stora-spa-lyx-paketet-boka-behandling-direkt-pa-var-spa-sida\/#breadcrumb","itemListElement":[{"@type":"ListItem","position":1,"name":"Mora hotell","item":"https:\/\/morahotell.se\/en\/"},{"@type":"ListItem","position":2,"name":"Bokning","item":"https:\/\/morahotell.se\/en\/bokning\/"},{"@type":"ListItem","position":3,"name":"Package deals","item":"https:\/\/morahotell.se\/en\/produkt-kategori\/package-deals\/"},{"@type":"ListItem","position":4,"name":"Large Spa Luxury Package"}]},{"@type":"WebSite","@id":"https:\/\/morahotell.se\/en\/#website","url":"https:\/\/morahotell.se\/en\/","name":"Mora Hotell &amp; Spa","description":"Fyrstj\u00e4rnigt hotell i Mora, n\u00e4ra Siljan","potentialAction":[{"@type":"SearchAction","target":{"@type":"EntryPoint","urlTemplate":"https:\/\/morahotell.se\/en\/?s={search_term_string}"},"query-input":{"@type":"PropertyValueSpecification","valueRequired":true,"valueName":"search_term_string"}}],"inLanguage":"en-US"}]}},"_links":{"self":[{"href":"https:\/\/morahotell.se\/en\/wp-json\/wp\/v2\/product\/3241","targetHints":{"allow":["GET"]}}],"collection":[{"href":"https:\/\/morahotell.se\/en\/wp-json\/wp\/v2\/product"}],"about":[{"href":"https:\/\/morahotell.se\/en\/wp-json\/wp\/v2\/types\/product"}],"replies":[{"embeddable":true,"href":"https:\/\/morahotell.se\/en\/wp-json\/wp\/v2\/comments?post=3241"}],"wp:featuredmedia":[{"embeddable":true,"href":"https:\/\/morahotell.se\/en\/wp-json\/wp\/v2\/media\/2059"}],"wp:attachment":[{"href":"https:\/\/morahotell.se\/en\/wp-json\/wp\/v2\/media?parent=3241"}],"wp:term":[{"taxonomy":"product_brand","embeddable":true,"href":"https:\/\/morahotell.se\/en\/wp-json\/wp\/v2\/product_brand?post=3241"},{"taxonomy":"product_cat","embeddable":true,"href":"https:\/\/morahotell.se\/en\/wp-json\/wp\/v2\/product_cat?post=3241"},{"taxonomy":"product_tag","embeddable":true,"href":"https:\/\/morahotell.se\/en\/wp-json\/wp\/v2\/product_tag?post=3241"}],"curies":[{"name":"wp","href":"https:\/\/api.w.org\/{rel}","templated":true}]}}