{"id":3125,"date":"2022-04-29T11:42:27","date_gmt":"2022-04-29T09:42:27","guid":{"rendered":"https:\/\/morahotell.se\/?post_type=product&#038;p=3125"},"modified":"2023-04-30T14:56:05","modified_gmt":"2023-04-30T12:56:05","slug":"beer-tasting","status":"publish","type":"product","link":"https:\/\/morahotell.se\/en\/product\/activities\/drink-taste\/beer-tasting\/","title":{"rendered":"Beer tasting"},"content":{"rendered":"<p id=\"tw-target-text\" class=\"tw-data-text tw-text-large tw-ta\" dir=\"ltr\" data-placeholder=\"\u00d6vers\u00e4ttning\"><strong><span class=\"Y2IQFc\" lang=\"en\">Beer tasting <\/span><\/strong><\/p>\n<p class=\"tw-data-text tw-text-large tw-ta\" dir=\"ltr\" data-placeholder=\"\u00d6vers\u00e4ttning\"><span class=\"Y2IQFc\" lang=\"en\">Try our local produce of beers. There are about 15 breweries from Dalarna.<\/span><\/p>\n<p class=\"tw-data-text tw-text-large tw-ta\" dir=\"ltr\" data-placeholder=\"\u00d6vers\u00e4ttning\"><span class=\"Y2IQFc\" lang=\"en\">You can try a number of well-selected varieties<br \/>\nThe tasting can be combined with a visit at our local producer Mora Bryggeri or Bj\u00f6rka Bryggeri.<\/span><\/p>\n<p>Not bookable between v.48-2, v.8-9 and v.26-32 More than 10 people, contact us directly<\/p>\n","protected":false},"excerpt":{"rendered":"<p><span class=\"Y2IQFc\" lang=\"en\">Try our local beers. There are about 15 varieties from Dalarna.<br \/>\n<\/span><\/p>\n","protected":false},"featured_media":2079,"comment_status":"closed","ping_status":"closed","template":"","meta":{"_acf_changed":false},"product_brand":[],"product_cat":[57],"product_tag":[190],"class_list":{"0":"post-3125","1":"product","2":"type-product","3":"status-publish","4":"has-post-thumbnail","6":"product_cat-drink-taste","7":"product_tag-foerfraagningsprodukt-en","9":"first","10":"instock","11":"virtual","12":"taxable","13":"purchasable","14":"product-type-simple"},"acf":[],"yoast_head":"<!-- This site is optimized with the Yoast SEO plugin v26.5 - https:\/\/yoast.com\/wordpress\/plugins\/seo\/ -->\n<title>Beer tasting of local beers - Mora Hotell &amp; Spa<\/title>\n<meta name=\"description\" content=\"Try our local beers. There are about 15 varieties from Dalarna. The tasting can be combined with a visit at our local producer Mora Bryggeri.\" \/>\n<meta name=\"robots\" content=\"index, follow, max-snippet:-1, max-image-preview:large, max-video-preview:-1\" \/>\n<link rel=\"canonical\" href=\"https:\/\/morahotell.se\/en\/product\/activities\/drink-taste\/beer-tasting\/\" \/>\n<meta property=\"og:locale\" content=\"en_US\" \/>\n<meta property=\"og:type\" content=\"article\" \/>\n<meta property=\"og:title\" content=\"Beer tasting of local beers - Mora Hotell &amp; Spa\" \/>\n<meta property=\"og:description\" content=\"Try our local beers. There are about 15 varieties from Dalarna. The tasting can be combined with a visit at our local producer Mora Bryggeri.\" \/>\n<meta property=\"og:url\" content=\"https:\/\/morahotell.se\/en\/product\/activities\/drink-taste\/beer-tasting\/\" \/>\n<meta property=\"og:site_name\" content=\"Mora Hotell &amp; Spa\" \/>\n<meta property=\"article:modified_time\" content=\"2023-04-30T12:56:05+00:00\" \/>\n<meta property=\"og:image\" content=\"https:\/\/morahotell.se\/wp-content\/uploads\/2022\/04\/Bjo\u0308rka-1.jpg\" \/>\n\t<meta property=\"og:image:width\" content=\"1535\" \/>\n\t<meta property=\"og:image:height\" content=\"1063\" \/>\n\t<meta property=\"og:image:type\" content=\"image\/jpeg\" \/>\n<meta name=\"twitter:card\" content=\"summary_large_image\" \/>\n<script type=\"application\/ld+json\" class=\"yoast-schema-graph\">{\"@context\":\"https:\/\/schema.org\",\"@graph\":[{\"@type\":\"WebPage\",\"@id\":\"https:\/\/morahotell.se\/en\/product\/activities\/drink-taste\/beer-tasting\/\",\"url\":\"https:\/\/morahotell.se\/en\/product\/activities\/drink-taste\/beer-tasting\/\",\"name\":\"Beer tasting of local beers - Mora Hotell &amp; Spa\",\"isPartOf\":{\"@id\":\"https:\/\/morahotell.se\/en\/#website\"},\"primaryImageOfPage\":{\"@id\":\"https:\/\/morahotell.se\/en\/product\/activities\/drink-taste\/beer-tasting\/#primaryimage\"},\"image\":{\"@id\":\"https:\/\/morahotell.se\/en\/product\/activities\/drink-taste\/beer-tasting\/#primaryimage\"},\"thumbnailUrl\":\"https:\/\/morahotell.se\/wp-content\/uploads\/2022\/04\/Bjo\u0308rka-1.jpg\",\"datePublished\":\"2022-04-29T09:42:27+00:00\",\"dateModified\":\"2023-04-30T12:56:05+00:00\",\"description\":\"Try our local beers. There are about 15 varieties from Dalarna. The tasting can be combined with a visit at our local producer Mora Bryggeri.\",\"breadcrumb\":{\"@id\":\"https:\/\/morahotell.se\/en\/product\/activities\/drink-taste\/beer-tasting\/#breadcrumb\"},\"inLanguage\":\"en-US\",\"potentialAction\":[{\"@type\":\"ReadAction\",\"target\":[\"https:\/\/morahotell.se\/en\/product\/activities\/drink-taste\/beer-tasting\/\"]}]},{\"@type\":\"ImageObject\",\"inLanguage\":\"en-US\",\"@id\":\"https:\/\/morahotell.se\/en\/product\/activities\/drink-taste\/beer-tasting\/#primaryimage\",\"url\":\"https:\/\/morahotell.se\/wp-content\/uploads\/2022\/04\/Bjo\u0308rka-1.jpg\",\"contentUrl\":\"https:\/\/morahotell.se\/wp-content\/uploads\/2022\/04\/Bjo\u0308rka-1.jpg\",\"width\":1535,\"height\":1063,\"caption\":\"bj\u00f6rka \u00f6l p\u00e5 mora hotell\"},{\"@type\":\"BreadcrumbList\",\"@id\":\"https:\/\/morahotell.se\/en\/product\/activities\/drink-taste\/beer-tasting\/#breadcrumb\",\"itemListElement\":[{\"@type\":\"ListItem\",\"position\":1,\"name\":\"Mora hotell\",\"item\":\"https:\/\/morahotell.se\/en\/\"},{\"@type\":\"ListItem\",\"position\":2,\"name\":\"Bokning\",\"item\":\"https:\/\/morahotell.se\/en\/bokning\/\"},{\"@type\":\"ListItem\",\"position\":3,\"name\":\"Activities\",\"item\":\"https:\/\/morahotell.se\/en\/produkt-kategori\/activities\/\"},{\"@type\":\"ListItem\",\"position\":4,\"name\":\"Drink &amp; taste\",\"item\":\"https:\/\/morahotell.se\/en\/produkt-kategori\/activities\/drink-taste\/\"},{\"@type\":\"ListItem\",\"position\":5,\"name\":\"Beer tasting\"}]},{\"@type\":\"WebSite\",\"@id\":\"https:\/\/morahotell.se\/en\/#website\",\"url\":\"https:\/\/morahotell.se\/en\/\",\"name\":\"Mora Hotell &amp; Spa\",\"description\":\"Fyrstj\u00e4rnigt hotell i Mora, n\u00e4ra Siljan\",\"potentialAction\":[{\"@type\":\"SearchAction\",\"target\":{\"@type\":\"EntryPoint\",\"urlTemplate\":\"https:\/\/morahotell.se\/en\/?s={search_term_string}\"},\"query-input\":{\"@type\":\"PropertyValueSpecification\",\"valueRequired\":true,\"valueName\":\"search_term_string\"}}],\"inLanguage\":\"en-US\"}]}<\/script>\n<!-- \/ Yoast SEO plugin. -->","yoast_head_json":{"title":"Beer tasting of local beers - Mora Hotell &amp; Spa","description":"Try our local beers. There are about 15 varieties from Dalarna. The tasting can be combined with a visit at our local producer Mora Bryggeri.","robots":{"index":"index","follow":"follow","max-snippet":"max-snippet:-1","max-image-preview":"max-image-preview:large","max-video-preview":"max-video-preview:-1"},"canonical":"https:\/\/morahotell.se\/en\/product\/activities\/drink-taste\/beer-tasting\/","og_locale":"en_US","og_type":"article","og_title":"Beer tasting of local beers - Mora Hotell &amp; Spa","og_description":"Try our local beers. There are about 15 varieties from Dalarna. The tasting can be combined with a visit at our local producer Mora Bryggeri.","og_url":"https:\/\/morahotell.se\/en\/product\/activities\/drink-taste\/beer-tasting\/","og_site_name":"Mora Hotell &amp; Spa","article_modified_time":"2023-04-30T12:56:05+00:00","og_image":[{"width":1535,"height":1063,"url":"https:\/\/morahotell.se\/wp-content\/uploads\/2022\/04\/Bjo\u0308rka-1.jpg","type":"image\/jpeg"}],"twitter_card":"summary_large_image","schema":{"@context":"https:\/\/schema.org","@graph":[{"@type":"WebPage","@id":"https:\/\/morahotell.se\/en\/product\/activities\/drink-taste\/beer-tasting\/","url":"https:\/\/morahotell.se\/en\/product\/activities\/drink-taste\/beer-tasting\/","name":"Beer tasting of local beers - Mora Hotell &amp; Spa","isPartOf":{"@id":"https:\/\/morahotell.se\/en\/#website"},"primaryImageOfPage":{"@id":"https:\/\/morahotell.se\/en\/product\/activities\/drink-taste\/beer-tasting\/#primaryimage"},"image":{"@id":"https:\/\/morahotell.se\/en\/product\/activities\/drink-taste\/beer-tasting\/#primaryimage"},"thumbnailUrl":"https:\/\/morahotell.se\/wp-content\/uploads\/2022\/04\/Bjo\u0308rka-1.jpg","datePublished":"2022-04-29T09:42:27+00:00","dateModified":"2023-04-30T12:56:05+00:00","description":"Try our local beers. There are about 15 varieties from Dalarna. The tasting can be combined with a visit at our local producer Mora Bryggeri.","breadcrumb":{"@id":"https:\/\/morahotell.se\/en\/product\/activities\/drink-taste\/beer-tasting\/#breadcrumb"},"inLanguage":"en-US","potentialAction":[{"@type":"ReadAction","target":["https:\/\/morahotell.se\/en\/product\/activities\/drink-taste\/beer-tasting\/"]}]},{"@type":"ImageObject","inLanguage":"en-US","@id":"https:\/\/morahotell.se\/en\/product\/activities\/drink-taste\/beer-tasting\/#primaryimage","url":"https:\/\/morahotell.se\/wp-content\/uploads\/2022\/04\/Bjo\u0308rka-1.jpg","contentUrl":"https:\/\/morahotell.se\/wp-content\/uploads\/2022\/04\/Bjo\u0308rka-1.jpg","width":1535,"height":1063,"caption":"bj\u00f6rka \u00f6l p\u00e5 mora hotell"},{"@type":"BreadcrumbList","@id":"https:\/\/morahotell.se\/en\/product\/activities\/drink-taste\/beer-tasting\/#breadcrumb","itemListElement":[{"@type":"ListItem","position":1,"name":"Mora hotell","item":"https:\/\/morahotell.se\/en\/"},{"@type":"ListItem","position":2,"name":"Bokning","item":"https:\/\/morahotell.se\/en\/bokning\/"},{"@type":"ListItem","position":3,"name":"Activities","item":"https:\/\/morahotell.se\/en\/produkt-kategori\/activities\/"},{"@type":"ListItem","position":4,"name":"Drink &amp; taste","item":"https:\/\/morahotell.se\/en\/produkt-kategori\/activities\/drink-taste\/"},{"@type":"ListItem","position":5,"name":"Beer tasting"}]},{"@type":"WebSite","@id":"https:\/\/morahotell.se\/en\/#website","url":"https:\/\/morahotell.se\/en\/","name":"Mora Hotell &amp; Spa","description":"Fyrstj\u00e4rnigt hotell i Mora, n\u00e4ra Siljan","potentialAction":[{"@type":"SearchAction","target":{"@type":"EntryPoint","urlTemplate":"https:\/\/morahotell.se\/en\/?s={search_term_string}"},"query-input":{"@type":"PropertyValueSpecification","valueRequired":true,"valueName":"search_term_string"}}],"inLanguage":"en-US"}]}},"_links":{"self":[{"href":"https:\/\/morahotell.se\/en\/wp-json\/wp\/v2\/product\/3125","targetHints":{"allow":["GET"]}}],"collection":[{"href":"https:\/\/morahotell.se\/en\/wp-json\/wp\/v2\/product"}],"about":[{"href":"https:\/\/morahotell.se\/en\/wp-json\/wp\/v2\/types\/product"}],"replies":[{"embeddable":true,"href":"https:\/\/morahotell.se\/en\/wp-json\/wp\/v2\/comments?post=3125"}],"wp:featuredmedia":[{"embeddable":true,"href":"https:\/\/morahotell.se\/en\/wp-json\/wp\/v2\/media\/2079"}],"wp:attachment":[{"href":"https:\/\/morahotell.se\/en\/wp-json\/wp\/v2\/media?parent=3125"}],"wp:term":[{"taxonomy":"product_brand","embeddable":true,"href":"https:\/\/morahotell.se\/en\/wp-json\/wp\/v2\/product_brand?post=3125"},{"taxonomy":"product_cat","embeddable":true,"href":"https:\/\/morahotell.se\/en\/wp-json\/wp\/v2\/product_cat?post=3125"},{"taxonomy":"product_tag","embeddable":true,"href":"https:\/\/morahotell.se\/en\/wp-json\/wp\/v2\/product_tag?post=3125"}],"curies":[{"name":"wp","href":"https:\/\/api.w.org\/{rel}","templated":true}]}}