{"id":3746,"date":"2022-05-09T16:41:44","date_gmt":"2022-05-09T14:41:44","guid":{"rendered":"https:\/\/morahotell.se\/mora\/"},"modified":"2025-10-09T14:48:24","modified_gmt":"2025-10-09T12:48:24","slug":"experience-mora","status":"publish","type":"page","link":"https:\/\/morahotell.se\/en\/experience-mora\/","title":{"rendered":"Mora"},"content":{"rendered":"\n\n\t<h1>Discover Mora with us!<\/h1>\n\t<h4>Experience Mora and its surroundings<\/h4>\n<h2>Activites i Dalarna<\/h2>\n<p>Dalarna is a rich tourist county and there are plenty of activities for families with children as well as culturally interested adults and you who are athletes. Below we suggest fun and exciting activities in and around Mora. Feel free to contact the hotel staff if you need more information.<\/p>\n\t<meta itemscope itemprop=\"mainEntityOfPage\" itemtype=\"https:\/\/schema.org\/WebPage\" itemid=\"http:\/\/3368\" content=\"Winter swimming in Saxviken\" \/><meta itemprop=\"datePublished\" content=\"2022-04-12\" \/><meta itemprop=\"dateModified\" content=\"2025-10-09\" \/><meta itemprop=\"name\" content=\"Mora Hotell &amp; Spa\"\/><meta itemprop=\"url\" content=\"https:\/\/morahotell.se\/en\/author\/_superadmin\/\" \/><meta itemprop=\"name\" content=\"_superadmin\" \/><meta itemprop=\"url\" content=\"https:\/\/morahotell.se\/wp-content\/uploads\/2022\/09\/midvinterblot2025-banner-rcnonsrmh0rh4iqw1hom7lo8q2jftlabcmrk1k2h00.jpg\" \/><meta itemprop=\"width\" content=\"1920\" \/><meta itemprop=\"height\" content=\"680\" \/><meta itemprop=\"interactionType\" content=\"https:\/\/schema.org\/CommentAction\" \/><meta itemprop=\"userInteractionCount\" content=\"0\" \/><a href=\"https:\/\/morahotell.se\/en\/product\/activities\/whats-to-come\/winter-swimming-in-saxviken\/\">\n   <img width=\"300\" height=\"106\" src=\"https:\/\/morahotell.se\/wp-content\/uploads\/2022\/09\/midvinterblot2025-banner-rcnonsrmh0rh4iqw1hom7lo8q2jftlabcmrk1k2h00-300x106.jpg\" alt=\"\" itemprop=\"image\" decoding=\"async\" loading=\"lazy\" srcset=\"https:\/\/morahotell.se\/wp-content\/uploads\/2022\/09\/midvinterblot2025-banner-rcnonsrmh0rh4iqw1hom7lo8q2jftlabcmrk1k2h00-300x106.jpg 300w, https:\/\/morahotell.se\/wp-content\/uploads\/2022\/09\/midvinterblot2025-banner-rcnonsrmh0rh4iqw1hom7lo8q2jftlabcmrk1k2h00-1024x363.jpg 1024w, https:\/\/morahotell.se\/wp-content\/uploads\/2022\/09\/midvinterblot2025-banner-rcnonsrmh0rh4iqw1hom7lo8q2jftlabcmrk1k2h00-768x272.jpg 768w, https:\/\/morahotell.se\/wp-content\/uploads\/2022\/09\/midvinterblot2025-banner-rcnonsrmh0rh4iqw1hom7lo8q2jftlabcmrk1k2h00-1536x544.jpg 1536w, https:\/\/morahotell.se\/wp-content\/uploads\/2022\/09\/midvinterblot2025-banner-rcnonsrmh0rh4iqw1hom7lo8q2jftlabcmrk1k2h00-600x213.jpg 600w, https:\/\/morahotell.se\/wp-content\/uploads\/2022\/09\/midvinterblot2025-banner-rcnonsrmh0rh4iqw1hom7lo8q2jftlabcmrk1k2h00.jpg 1920w\" sizes=\"auto, (max-width: 300px) 100vw, 300px\" \/>\n  <h3>Winter swimming in Saxviken<\/h3>\n<\/a>\n\t\t<!-- .pp-content-posts -->\n\t<h2>Stay with us &#8211; access to all activities in the Siljan area<\/h2>\n<p>At Mora hotel you stay comfortably and with a high standard. Everything Dalarna has to offer is within easy reach of a day trip by car. The train and bus connections are good, and you are within walking distance of Mora station. In addition to activities, we are happy to suggest the beautiful environments that exist in the immediate area &#8211; from mountain pastures to waterfalls. Here in the immediate area are the fairytale land Tomteland, the concert arena Dalhalla, and the geologically interesting Siljan area. The village is permeated by folk music, which among other things is expressed in the Bingsj\u00f6 meeting.<\/p>\n\t<h2>Vasaloppet<\/h2>\n<p>We have many guests who stay with us in connection with Vasaloppet&#8217;s events during summer and winter. In the summer it is Cykelvasan that attracts, and in the winter the classic ski race that attracts competitors from all over the world is decided. Tjejvasan is another event whose practitioners like to stay with us, busservice close for to the start of the morning.<\/p>\n\t<h2>Art and art experiences<\/h2>\n<p>In Dalarna there are several great artists. Anders Zorn, known for the paintings of his valley hills, has been given a museum here in Mora. It is a popular destination that attracts both national and international guests. A little further away, in Falun, is the Carl Larsson farm where the artist couple Karin and Carl Larsson lived. This is also a museum.<\/p>\n\t<h2>Downhill skiing and mountain biking in Gesunda<\/h2>\n<h3>For those who likes action<\/h3>\n<p>Bring slalom skis or snowboards and book skiing on the nice slopes in Gesunda, which in summer also offers fast-paced downhill with mountain bike. You can also enjoy downhill skiing in Gr\u00f6nklitt in Orsa, Romme Alpin in Borl\u00e4nge and the whole of S\u00e4len is available with several ski resorts.<\/p>\n<p>You also have the opportunity to use city and leisure bikes for a nice stroll.<\/p>\n\n","protected":false},"excerpt":{"rendered":"<p>Discover Mora with us! Experience Mora and its surroundings Activites i Dalarna Dalarna is a rich tourist county and there are plenty of activities for families with children as well as culturally interested adults and you who are athletes. Below we suggest fun and exciting activities in and around Mora. Feel free to contact the&hellip;<\/p>\n","protected":false},"author":1,"featured_media":0,"parent":0,"menu_order":62,"comment_status":"closed","ping_status":"closed","template":"","meta":{"_acf_changed":false,"footnotes":""},"pa-gang-just-nu":[],"class_list":["post-3746","page","type-page","status-publish","hentry"],"acf":[],"yoast_head":"<!-- This site is optimized with the Yoast SEO plugin v26.5 - https:\/\/yoast.com\/wordpress\/plugins\/seo\/ -->\n<title>Mora - Mora Hotell &amp; Spa<\/title>\n<meta name=\"description\" content=\"Dalarna is a rich tourist county and there are plenty of activities for families with children. Below we suggest fun and exciting activities.\" \/>\n<meta name=\"robots\" content=\"index, follow, max-snippet:-1, max-image-preview:large, max-video-preview:-1\" \/>\n<link rel=\"canonical\" href=\"https:\/\/morahotell.se\/en\/experience-mora\/\" \/>\n<meta property=\"og:locale\" content=\"en_US\" \/>\n<meta property=\"og:type\" content=\"article\" \/>\n<meta property=\"og:title\" content=\"Mora - Mora Hotell &amp; Spa\" \/>\n<meta property=\"og:description\" content=\"Dalarna is a rich tourist county and there are plenty of activities for families with children. Below we suggest fun and exciting activities.\" \/>\n<meta property=\"og:url\" content=\"https:\/\/morahotell.se\/en\/experience-mora\/\" \/>\n<meta property=\"og:site_name\" content=\"Mora Hotell &amp; Spa\" \/>\n<meta property=\"article:modified_time\" content=\"2025-10-09T12:48:24+00:00\" \/>\n<meta property=\"og:image\" content=\"https:\/\/morahotell.se\/wp-content\/uploads\/2022\/09\/midvinterblot2025-banner-rcnonsrmh0rh4iqw1hom7lo8q2jftlabcmrk1k2h00-300x106.jpg\" \/>\n<meta name=\"twitter:card\" content=\"summary_large_image\" \/>\n<meta name=\"twitter:label1\" content=\"Est. reading time\" \/>\n\t<meta name=\"twitter:data1\" content=\"2 minutes\" \/>\n<script type=\"application\/ld+json\" class=\"yoast-schema-graph\">{\"@context\":\"https:\/\/schema.org\",\"@graph\":[{\"@type\":\"WebPage\",\"@id\":\"https:\/\/morahotell.se\/en\/experience-mora\/\",\"url\":\"https:\/\/morahotell.se\/en\/experience-mora\/\",\"name\":\"Mora - Mora Hotell &amp; Spa\",\"isPartOf\":{\"@id\":\"https:\/\/morahotell.se\/en\/#website\"},\"primaryImageOfPage\":{\"@id\":\"https:\/\/morahotell.se\/en\/experience-mora\/#primaryimage\"},\"image\":{\"@id\":\"https:\/\/morahotell.se\/en\/experience-mora\/#primaryimage\"},\"thumbnailUrl\":\"https:\/\/morahotell.se\/wp-content\/uploads\/2022\/09\/midvinterblot2025-banner-rcnonsrmh0rh4iqw1hom7lo8q2jftlabcmrk1k2h00-300x106.jpg\",\"datePublished\":\"2022-05-09T14:41:44+00:00\",\"dateModified\":\"2025-10-09T12:48:24+00:00\",\"description\":\"Dalarna is a rich tourist county and there are plenty of activities for families with children. Below we suggest fun and exciting activities.\",\"breadcrumb\":{\"@id\":\"https:\/\/morahotell.se\/en\/experience-mora\/#breadcrumb\"},\"inLanguage\":\"en-US\",\"potentialAction\":[{\"@type\":\"ReadAction\",\"target\":[\"https:\/\/morahotell.se\/en\/experience-mora\/\"]}]},{\"@type\":\"ImageObject\",\"inLanguage\":\"en-US\",\"@id\":\"https:\/\/morahotell.se\/en\/experience-mora\/#primaryimage\",\"url\":\"https:\/\/morahotell.se\/wp-content\/uploads\/2022\/09\/midvinterblot2025-banner-rcnonsrmh0rh4iqw1hom7lo8q2jftlabcmrk1k2h00-300x106.jpg\",\"contentUrl\":\"https:\/\/morahotell.se\/wp-content\/uploads\/2022\/09\/midvinterblot2025-banner-rcnonsrmh0rh4iqw1hom7lo8q2jftlabcmrk1k2h00-300x106.jpg\"},{\"@type\":\"BreadcrumbList\",\"@id\":\"https:\/\/morahotell.se\/en\/experience-mora\/#breadcrumb\",\"itemListElement\":[{\"@type\":\"ListItem\",\"position\":1,\"name\":\"Mora hotell\",\"item\":\"https:\/\/morahotell.se\/en\/\"},{\"@type\":\"ListItem\",\"position\":2,\"name\":\"Mora\"}]},{\"@type\":\"WebSite\",\"@id\":\"https:\/\/morahotell.se\/en\/#website\",\"url\":\"https:\/\/morahotell.se\/en\/\",\"name\":\"Mora Hotell &amp; Spa\",\"description\":\"Fyrstj\u00e4rnigt hotell i Mora, n\u00e4ra Siljan\",\"potentialAction\":[{\"@type\":\"SearchAction\",\"target\":{\"@type\":\"EntryPoint\",\"urlTemplate\":\"https:\/\/morahotell.se\/en\/?s={search_term_string}\"},\"query-input\":{\"@type\":\"PropertyValueSpecification\",\"valueRequired\":true,\"valueName\":\"search_term_string\"}}],\"inLanguage\":\"en-US\"}]}<\/script>\n<!-- \/ Yoast SEO plugin. -->","yoast_head_json":{"title":"Mora - Mora Hotell &amp; Spa","description":"Dalarna is a rich tourist county and there are plenty of activities for families with children. Below we suggest fun and exciting activities.","robots":{"index":"index","follow":"follow","max-snippet":"max-snippet:-1","max-image-preview":"max-image-preview:large","max-video-preview":"max-video-preview:-1"},"canonical":"https:\/\/morahotell.se\/en\/experience-mora\/","og_locale":"en_US","og_type":"article","og_title":"Mora - Mora Hotell &amp; Spa","og_description":"Dalarna is a rich tourist county and there are plenty of activities for families with children. Below we suggest fun and exciting activities.","og_url":"https:\/\/morahotell.se\/en\/experience-mora\/","og_site_name":"Mora Hotell &amp; Spa","article_modified_time":"2025-10-09T12:48:24+00:00","og_image":[{"url":"https:\/\/morahotell.se\/wp-content\/uploads\/2022\/09\/midvinterblot2025-banner-rcnonsrmh0rh4iqw1hom7lo8q2jftlabcmrk1k2h00-300x106.jpg","type":"","width":"","height":""}],"twitter_card":"summary_large_image","twitter_misc":{"Est. reading time":"2 minutes"},"schema":{"@context":"https:\/\/schema.org","@graph":[{"@type":"WebPage","@id":"https:\/\/morahotell.se\/en\/experience-mora\/","url":"https:\/\/morahotell.se\/en\/experience-mora\/","name":"Mora - Mora Hotell &amp; Spa","isPartOf":{"@id":"https:\/\/morahotell.se\/en\/#website"},"primaryImageOfPage":{"@id":"https:\/\/morahotell.se\/en\/experience-mora\/#primaryimage"},"image":{"@id":"https:\/\/morahotell.se\/en\/experience-mora\/#primaryimage"},"thumbnailUrl":"https:\/\/morahotell.se\/wp-content\/uploads\/2022\/09\/midvinterblot2025-banner-rcnonsrmh0rh4iqw1hom7lo8q2jftlabcmrk1k2h00-300x106.jpg","datePublished":"2022-05-09T14:41:44+00:00","dateModified":"2025-10-09T12:48:24+00:00","description":"Dalarna is a rich tourist county and there are plenty of activities for families with children. Below we suggest fun and exciting activities.","breadcrumb":{"@id":"https:\/\/morahotell.se\/en\/experience-mora\/#breadcrumb"},"inLanguage":"en-US","potentialAction":[{"@type":"ReadAction","target":["https:\/\/morahotell.se\/en\/experience-mora\/"]}]},{"@type":"ImageObject","inLanguage":"en-US","@id":"https:\/\/morahotell.se\/en\/experience-mora\/#primaryimage","url":"https:\/\/morahotell.se\/wp-content\/uploads\/2022\/09\/midvinterblot2025-banner-rcnonsrmh0rh4iqw1hom7lo8q2jftlabcmrk1k2h00-300x106.jpg","contentUrl":"https:\/\/morahotell.se\/wp-content\/uploads\/2022\/09\/midvinterblot2025-banner-rcnonsrmh0rh4iqw1hom7lo8q2jftlabcmrk1k2h00-300x106.jpg"},{"@type":"BreadcrumbList","@id":"https:\/\/morahotell.se\/en\/experience-mora\/#breadcrumb","itemListElement":[{"@type":"ListItem","position":1,"name":"Mora hotell","item":"https:\/\/morahotell.se\/en\/"},{"@type":"ListItem","position":2,"name":"Mora"}]},{"@type":"WebSite","@id":"https:\/\/morahotell.se\/en\/#website","url":"https:\/\/morahotell.se\/en\/","name":"Mora Hotell &amp; Spa","description":"Fyrstj\u00e4rnigt hotell i Mora, n\u00e4ra Siljan","potentialAction":[{"@type":"SearchAction","target":{"@type":"EntryPoint","urlTemplate":"https:\/\/morahotell.se\/en\/?s={search_term_string}"},"query-input":{"@type":"PropertyValueSpecification","valueRequired":true,"valueName":"search_term_string"}}],"inLanguage":"en-US"}]}},"_links":{"self":[{"href":"https:\/\/morahotell.se\/en\/wp-json\/wp\/v2\/pages\/3746","targetHints":{"allow":["GET"]}}],"collection":[{"href":"https:\/\/morahotell.se\/en\/wp-json\/wp\/v2\/pages"}],"about":[{"href":"https:\/\/morahotell.se\/en\/wp-json\/wp\/v2\/types\/page"}],"author":[{"embeddable":true,"href":"https:\/\/morahotell.se\/en\/wp-json\/wp\/v2\/users\/1"}],"replies":[{"embeddable":true,"href":"https:\/\/morahotell.se\/en\/wp-json\/wp\/v2\/comments?post=3746"}],"version-history":[{"count":0,"href":"https:\/\/morahotell.se\/en\/wp-json\/wp\/v2\/pages\/3746\/revisions"}],"wp:attachment":[{"href":"https:\/\/morahotell.se\/en\/wp-json\/wp\/v2\/media?parent=3746"}],"wp:term":[{"taxonomy":"pa-gang-just-nu","embeddable":true,"href":"https:\/\/morahotell.se\/en\/wp-json\/wp\/v2\/pa-gang-just-nu?post=3746"}],"curies":[{"name":"wp","href":"https:\/\/api.w.org\/{rel}","templated":true}]}}