{"id":9579,"date":"2022-09-02T15:15:21","date_gmt":"2022-09-02T13:15:21","guid":{"rendered":"https:\/\/morahotell.se\/?post_type=product&#038;p=9579"},"modified":"2025-10-16T10:58:24","modified_gmt":"2025-10-16T08:58:24","slug":"tomteland-paket-winter","status":"publish","type":"product","link":"https:\/\/morahotell.se\/de\/produkt\/pauschalangebote\/tomteland-paket-winter\/","title":{"rendered":"Tomteland"},"content":{"rendered":"<p>Ein Muss f\u00fcr einen Besuch im Winter<\/p>\n<p>EIN MAGISCHER WINTER 2024<\/p>\n<p><strong>\u00d6ffnungszeiten\u00a02023\/24<br \/>\n<\/strong>November: 25,26<br \/>\nDezember: 2,3,8,9,10,15,16,17,18,19,20,21,22,,26,27,28,29,30<br \/>\nJanuar 2024:\u00a0 2,3,4,5,6,<\/p>\n<p>VOLLES PROGRAMM &amp; ALLE M\u00c4RCHENFIGUREN ZU HAUSE!<\/p>\n<p><strong>Lesen Sie mehr im program:<\/strong><\/p>\n<p><strong>Tomteland-Paket im Mora Hotel f\u00fcr 2 Erwachsene und 2 Kinder, ab SEK 4690,-<\/strong><\/p>\n<ul>\n<li>Unterbringung im Familienzimmer und\/oder im Gesch\u00e4ftszimmer. (Story Room gegen Aufpreis erh\u00e4ltlich).<\/li>\n<li>Gro\u00dfes Fr\u00fchst\u00fccksbuffet, das sehr lange dauert.<\/li>\n<li>2-G\u00e4nge-Abendessen (Vorspeise &amp; Hauptgang Erwachsene (ab 13 Jahren). Kinder (unter 13 Jahren) w\u00e4hlen aus den Favoriten des Kinderbuffets. Siehe unser Men\u00fc<\/li>\n<li>Eintritt im Tomteland. F\u00fcr weitere Informationen und \u00d6ffnungszeiten <a href=\"https:\/\/www.tomteland.se\/\">www.tomteland.se<\/a><\/li>\n<li>Eintritt in den Relax-Bereich mit Pool, Dampf- und Trockensauna (\u00d6ffnungszeiten siehe unter Spa &amp; Relax \/ bei Buchung oder bei Ankunft an der Rezeption erfragen).<\/li>\n<\/ul>\n<p>Das Abendessen wird ab 17:00 Uhr serviert. Wir empfehlen Ihnen, Ihren Tisch fr\u00fchzeitig zu reservieren, damit Sie das Abendessen beendet haben, wenn der Relax-Bereich mit Pool und Sauna \u00f6ffnet.<\/p>\n<p>Ab SEK 3190,- f\u00fcr eine zus\u00e4tzliche Nacht f\u00fcr eine Familie, inkl. 2-G\u00e4nge-Men\u00fc wie oben und Eintritt in den Ruhebereich und das Tomteland, nur in Verbindung mit einem Paket buchbar<\/p>\n<p>Pakete k\u00f6nnen bis sp\u00e4testens 48 Stunden vor der Ankunft gebucht werden.<\/p>\n<p>Der Preis gilt f\u00fcr eine Familie mit 2 Erwachsenen + 2 Kindern.<\/p>\n<p>Bitte kontaktieren Sie uns bez\u00fcglich der Preise, wenn Ihre Familie gr\u00f6\u00dfer oder kleiner ist.<\/p>\n","protected":false},"excerpt":{"rendered":"<p>EIN MAGISCHER WINTER 2024 &#8211; Ein Muss f\u00fcr einen Besuch im Winter<\/p>\n","protected":false},"featured_media":2798,"comment_status":"closed","ping_status":"closed","template":"","meta":{"_acf_changed":false},"product_brand":[],"product_cat":[72],"product_tag":[189,183],"class_list":{"0":"post-9579","1":"product","2":"type-product","3":"status-publish","4":"has-post-thumbnail","6":"product_cat-pauschalangebote","7":"product_tag-foerfraagningsprodukt","8":"product_tag-paket-startsida-de","10":"first","11":"instock","12":"taxable","13":"shipping-taxable","14":"purchasable","15":"product-type-simple"},"acf":[],"yoast_head":"<!-- This site is optimized with the Yoast SEO plugin v26.5 - https:\/\/yoast.com\/wordpress\/plugins\/seo\/ -->\n<title>Tomteland-Paket Winter - \u00dcbernachten Sie im Mora Hotell &amp; Spa<\/title>\n<meta name=\"description\" content=\"Unser Weihnachtsland-Paket beinhaltet ein Ticket, Unterkunft und Abendessen. Betreten Sie das Haus des Weihnachtsmanns und erleben Sie eine knisternde Show.\" \/>\n<meta name=\"robots\" content=\"index, follow, max-snippet:-1, max-image-preview:large, max-video-preview:-1\" \/>\n<link rel=\"canonical\" href=\"https:\/\/morahotell.se\/de\/produkt\/pauschalangebote\/tomteland-paket-winter\/\" \/>\n<meta property=\"og:locale\" content=\"de_DE\" \/>\n<meta property=\"og:type\" content=\"article\" \/>\n<meta property=\"og:title\" content=\"Tomteland-Paket Winter - \u00dcbernachten Sie im Mora Hotell &amp; Spa\" \/>\n<meta property=\"og:description\" content=\"Unser Weihnachtsland-Paket beinhaltet ein Ticket, Unterkunft und Abendessen. Betreten Sie das Haus des Weihnachtsmanns und erleben Sie eine knisternde Show.\" \/>\n<meta property=\"og:url\" content=\"https:\/\/morahotell.se\/de\/produkt\/pauschalangebote\/tomteland-paket-winter\/\" \/>\n<meta property=\"og:site_name\" content=\"Mora Hotell &amp; Spa\" \/>\n<meta property=\"article:modified_time\" content=\"2025-10-16T08:58:24+00:00\" \/>\n<meta property=\"og:image\" content=\"https:\/\/morahotell.se\/wp-content\/uploads\/2022\/04\/temaVinter2018_v2-1.jpg\" \/>\n\t<meta property=\"og:image:width\" content=\"1919\" \/>\n\t<meta property=\"og:image:height\" content=\"1281\" \/>\n\t<meta property=\"og:image:type\" content=\"image\/jpeg\" \/>\n<meta name=\"twitter:card\" content=\"summary_large_image\" \/>\n<meta name=\"twitter:label1\" content=\"Gesch\u00e4tzte Lesezeit\" \/>\n\t<meta name=\"twitter:data1\" content=\"2\u00a0Minuten\" \/>\n<script type=\"application\/ld+json\" class=\"yoast-schema-graph\">{\"@context\":\"https:\/\/schema.org\",\"@graph\":[{\"@type\":\"WebPage\",\"@id\":\"https:\/\/morahotell.se\/de\/produkt\/pauschalangebote\/tomteland-paket-winter\/\",\"url\":\"https:\/\/morahotell.se\/de\/produkt\/pauschalangebote\/tomteland-paket-winter\/\",\"name\":\"Tomteland-Paket Winter - \u00dcbernachten Sie im Mora Hotell & Spa\",\"isPartOf\":{\"@id\":\"https:\/\/morahotell.se\/de\/#website\"},\"primaryImageOfPage\":{\"@id\":\"https:\/\/morahotell.se\/de\/produkt\/pauschalangebote\/tomteland-paket-winter\/#primaryimage\"},\"image\":{\"@id\":\"https:\/\/morahotell.se\/de\/produkt\/pauschalangebote\/tomteland-paket-winter\/#primaryimage\"},\"thumbnailUrl\":\"https:\/\/morahotell.se\/wp-content\/uploads\/2022\/04\/temaVinter2018_v2-1.jpg\",\"datePublished\":\"2022-09-02T13:15:21+00:00\",\"dateModified\":\"2025-10-16T08:58:24+00:00\",\"description\":\"Unser Weihnachtsland-Paket beinhaltet ein Ticket, Unterkunft und Abendessen. Betreten Sie das Haus des Weihnachtsmanns und erleben Sie eine knisternde Show.\",\"breadcrumb\":{\"@id\":\"https:\/\/morahotell.se\/de\/produkt\/pauschalangebote\/tomteland-paket-winter\/#breadcrumb\"},\"inLanguage\":\"de\",\"potentialAction\":[{\"@type\":\"ReadAction\",\"target\":[\"https:\/\/morahotell.se\/de\/produkt\/pauschalangebote\/tomteland-paket-winter\/\"]}]},{\"@type\":\"ImageObject\",\"inLanguage\":\"de\",\"@id\":\"https:\/\/morahotell.se\/de\/produkt\/pauschalangebote\/tomteland-paket-winter\/#primaryimage\",\"url\":\"https:\/\/morahotell.se\/wp-content\/uploads\/2022\/04\/temaVinter2018_v2-1.jpg\",\"contentUrl\":\"https:\/\/morahotell.se\/wp-content\/uploads\/2022\/04\/temaVinter2018_v2-1.jpg\",\"width\":1919,\"height\":1281,\"caption\":\"sagolik vinter i Mora p\u00e5 tomteland\"},{\"@type\":\"BreadcrumbList\",\"@id\":\"https:\/\/morahotell.se\/de\/produkt\/pauschalangebote\/tomteland-paket-winter\/#breadcrumb\",\"itemListElement\":[{\"@type\":\"ListItem\",\"position\":1,\"name\":\"Mora hotell\",\"item\":\"https:\/\/morahotell.se\/de\/\"},{\"@type\":\"ListItem\",\"position\":2,\"name\":\"Reservierung\",\"item\":\"https:\/\/morahotell.se\/de\/reservierung\/\"},{\"@type\":\"ListItem\",\"position\":3,\"name\":\"Pauschalangebote\",\"item\":\"https:\/\/morahotell.se\/de\/produkt-kategori\/pauschalangebote\/\"},{\"@type\":\"ListItem\",\"position\":4,\"name\":\"Tomteland\"}]},{\"@type\":\"WebSite\",\"@id\":\"https:\/\/morahotell.se\/de\/#website\",\"url\":\"https:\/\/morahotell.se\/de\/\",\"name\":\"Mora Hotell &amp; Spa\",\"description\":\"Fyrstj\u00e4rnigt hotell i Mora, n\u00e4ra Siljan\",\"potentialAction\":[{\"@type\":\"SearchAction\",\"target\":{\"@type\":\"EntryPoint\",\"urlTemplate\":\"https:\/\/morahotell.se\/de\/?s={search_term_string}\"},\"query-input\":{\"@type\":\"PropertyValueSpecification\",\"valueRequired\":true,\"valueName\":\"search_term_string\"}}],\"inLanguage\":\"de\"}]}<\/script>\n<!-- \/ Yoast SEO plugin. -->","yoast_head_json":{"title":"Tomteland-Paket Winter - \u00dcbernachten Sie im Mora Hotell & Spa","description":"Unser Weihnachtsland-Paket beinhaltet ein Ticket, Unterkunft und Abendessen. Betreten Sie das Haus des Weihnachtsmanns und erleben Sie eine knisternde Show.","robots":{"index":"index","follow":"follow","max-snippet":"max-snippet:-1","max-image-preview":"max-image-preview:large","max-video-preview":"max-video-preview:-1"},"canonical":"https:\/\/morahotell.se\/de\/produkt\/pauschalangebote\/tomteland-paket-winter\/","og_locale":"de_DE","og_type":"article","og_title":"Tomteland-Paket Winter - \u00dcbernachten Sie im Mora Hotell & Spa","og_description":"Unser Weihnachtsland-Paket beinhaltet ein Ticket, Unterkunft und Abendessen. Betreten Sie das Haus des Weihnachtsmanns und erleben Sie eine knisternde Show.","og_url":"https:\/\/morahotell.se\/de\/produkt\/pauschalangebote\/tomteland-paket-winter\/","og_site_name":"Mora Hotell &amp; Spa","article_modified_time":"2025-10-16T08:58:24+00:00","og_image":[{"width":1919,"height":1281,"url":"https:\/\/morahotell.se\/wp-content\/uploads\/2022\/04\/temaVinter2018_v2-1.jpg","type":"image\/jpeg"}],"twitter_card":"summary_large_image","twitter_misc":{"Gesch\u00e4tzte Lesezeit":"2\u00a0Minuten"},"schema":{"@context":"https:\/\/schema.org","@graph":[{"@type":"WebPage","@id":"https:\/\/morahotell.se\/de\/produkt\/pauschalangebote\/tomteland-paket-winter\/","url":"https:\/\/morahotell.se\/de\/produkt\/pauschalangebote\/tomteland-paket-winter\/","name":"Tomteland-Paket Winter - \u00dcbernachten Sie im Mora Hotell & Spa","isPartOf":{"@id":"https:\/\/morahotell.se\/de\/#website"},"primaryImageOfPage":{"@id":"https:\/\/morahotell.se\/de\/produkt\/pauschalangebote\/tomteland-paket-winter\/#primaryimage"},"image":{"@id":"https:\/\/morahotell.se\/de\/produkt\/pauschalangebote\/tomteland-paket-winter\/#primaryimage"},"thumbnailUrl":"https:\/\/morahotell.se\/wp-content\/uploads\/2022\/04\/temaVinter2018_v2-1.jpg","datePublished":"2022-09-02T13:15:21+00:00","dateModified":"2025-10-16T08:58:24+00:00","description":"Unser Weihnachtsland-Paket beinhaltet ein Ticket, Unterkunft und Abendessen. Betreten Sie das Haus des Weihnachtsmanns und erleben Sie eine knisternde Show.","breadcrumb":{"@id":"https:\/\/morahotell.se\/de\/produkt\/pauschalangebote\/tomteland-paket-winter\/#breadcrumb"},"inLanguage":"de","potentialAction":[{"@type":"ReadAction","target":["https:\/\/morahotell.se\/de\/produkt\/pauschalangebote\/tomteland-paket-winter\/"]}]},{"@type":"ImageObject","inLanguage":"de","@id":"https:\/\/morahotell.se\/de\/produkt\/pauschalangebote\/tomteland-paket-winter\/#primaryimage","url":"https:\/\/morahotell.se\/wp-content\/uploads\/2022\/04\/temaVinter2018_v2-1.jpg","contentUrl":"https:\/\/morahotell.se\/wp-content\/uploads\/2022\/04\/temaVinter2018_v2-1.jpg","width":1919,"height":1281,"caption":"sagolik vinter i Mora p\u00e5 tomteland"},{"@type":"BreadcrumbList","@id":"https:\/\/morahotell.se\/de\/produkt\/pauschalangebote\/tomteland-paket-winter\/#breadcrumb","itemListElement":[{"@type":"ListItem","position":1,"name":"Mora hotell","item":"https:\/\/morahotell.se\/de\/"},{"@type":"ListItem","position":2,"name":"Reservierung","item":"https:\/\/morahotell.se\/de\/reservierung\/"},{"@type":"ListItem","position":3,"name":"Pauschalangebote","item":"https:\/\/morahotell.se\/de\/produkt-kategori\/pauschalangebote\/"},{"@type":"ListItem","position":4,"name":"Tomteland"}]},{"@type":"WebSite","@id":"https:\/\/morahotell.se\/de\/#website","url":"https:\/\/morahotell.se\/de\/","name":"Mora Hotell &amp; Spa","description":"Fyrstj\u00e4rnigt hotell i Mora, n\u00e4ra Siljan","potentialAction":[{"@type":"SearchAction","target":{"@type":"EntryPoint","urlTemplate":"https:\/\/morahotell.se\/de\/?s={search_term_string}"},"query-input":{"@type":"PropertyValueSpecification","valueRequired":true,"valueName":"search_term_string"}}],"inLanguage":"de"}]}},"_links":{"self":[{"href":"https:\/\/morahotell.se\/de\/wp-json\/wp\/v2\/product\/9579","targetHints":{"allow":["GET"]}}],"collection":[{"href":"https:\/\/morahotell.se\/de\/wp-json\/wp\/v2\/product"}],"about":[{"href":"https:\/\/morahotell.se\/de\/wp-json\/wp\/v2\/types\/product"}],"replies":[{"embeddable":true,"href":"https:\/\/morahotell.se\/de\/wp-json\/wp\/v2\/comments?post=9579"}],"wp:featuredmedia":[{"embeddable":true,"href":"https:\/\/morahotell.se\/de\/wp-json\/wp\/v2\/media\/2798"}],"wp:attachment":[{"href":"https:\/\/morahotell.se\/de\/wp-json\/wp\/v2\/media?parent=9579"}],"wp:term":[{"taxonomy":"product_brand","embeddable":true,"href":"https:\/\/morahotell.se\/de\/wp-json\/wp\/v2\/product_brand?post=9579"},{"taxonomy":"product_cat","embeddable":true,"href":"https:\/\/morahotell.se\/de\/wp-json\/wp\/v2\/product_cat?post=9579"},{"taxonomy":"product_tag","embeddable":true,"href":"https:\/\/morahotell.se\/de\/wp-json\/wp\/v2\/product_tag?post=9579"}],"curies":[{"name":"wp","href":"https:\/\/api.w.org\/{rel}","templated":true}]}}