{"id":6536,"date":"2022-06-01T10:13:38","date_gmt":"2022-06-01T08:13:38","guid":{"rendered":"https:\/\/morahotell.se\/produkt\/unkategorisiert\/midsommarfirande-i-mora-2022\/"},"modified":"2025-10-16T13:25:58","modified_gmt":"2025-10-16T11:25:58","slug":"midsommarfirande-i-mora","status":"publish","type":"product","link":"https:\/\/morahotell.se\/de\/produkt\/pauschalangebote\/midsommarfirande-i-mora\/","title":{"rendered":"Mittsommerfest in Mora 2026"},"content":{"rendered":"<p class=\"p1\">Ein Wochenende mit echten Mittsommerfeiern rund um Mora.<\/p>\n<p class=\"p1\">Willkommen zum Mittsommerfest im sch\u00f6nen Mora! Unser Paket beinhaltet eine \u00dcbernachtung. Das Mittsommerpaket kann am Freitag und Samstag in der Mittsommerwoche gebucht werden.<\/p>\n<p class=\"p1\">Inbegriffen: Zimmer, Fr\u00fchst\u00fcck und 3-G\u00e4nge-Abendessen sowie Zugang zum Spa- und Entspannungsbereich.<\/p>\n<p class=\"p1\">Preis pro Person in einem Standard-Doppelzimmer: SEK 1570,-<\/p>\n<p class=\"p1\">Wenn Sie eine zus\u00e4tzliche Nacht buchen m\u00f6chten: SEK 1690,- f\u00fcr 2 Personen<\/p>\n<p class=\"p1\">Ab SEK 1570,- \/Person.<\/p>\n<p class=\"p1\"><b>Das Mittsommer-Paket umfasst<\/b><\/p>\n<ul class=\"ul1\">\n<li class=\"li1\">Unterbringung im Mehrbettzimmer inkl. reichhaltigem Fr\u00fchst\u00fccksbuffet<\/li>\n<li class=\"li1\">Ausleihe von Bademantel und Hausschuhen<\/li>\n<li class=\"li1\">Freier Zugang zum Entspannungsbereich mit Pool, Dampf- und Trockensauna ab 15:00 Uhr<\/li>\n<li class=\"li1\">3-G\u00e4nge-Abendessen<\/li>\n<li class=\"li1\">Tipps zu \u00f6ffentlichen Pl\u00e4tzen in Mora, an denen das Fest stattfindet<\/li>\n<\/ul>\n","protected":false},"excerpt":{"rendered":"<p>Willkommen, um Mittsommer im sch\u00f6nen Mora zu feiern! Unser Paket beinhaltet eine Nacht. Die Mittsommerpauschale ist in der Mittsommerwoche freitags und samstags buchbar.<\/p>\n","protected":false},"featured_media":2486,"comment_status":"closed","ping_status":"closed","template":"","meta":{"_acf_changed":false},"product_brand":[],"product_cat":[72],"product_tag":[189,183],"class_list":{"0":"post-6536","1":"product","2":"type-product","3":"status-publish","4":"has-post-thumbnail","6":"product_cat-pauschalangebote","7":"product_tag-foerfraagningsprodukt","8":"product_tag-paket-startsida-de","10":"first","11":"instock","12":"taxable","13":"shipping-taxable","14":"product-type-simple"},"acf":[],"yoast_head":"<!-- This site is optimized with the Yoast SEO plugin v26.5 - https:\/\/yoast.com\/wordpress\/plugins\/seo\/ -->\n<title>Mittsommer in Dalarna - Willkommen im Mora Hotell &amp; Spa<\/title>\n<meta name=\"description\" content=\"Willkommen, um Mittsommer im sch\u00f6nen Mora zu feiern! Unser Paket beinhaltet eine Nacht. Die Mittsommerpauschale ist in der Mittsommerwoche freitags und samstags buchbar.\" \/>\n<meta name=\"robots\" content=\"index, follow, max-snippet:-1, max-image-preview:large, max-video-preview:-1\" \/>\n<link rel=\"canonical\" href=\"https:\/\/morahotell.se\/de\/produkt\/pauschalangebote\/midsommarfirande-i-mora\/\" \/>\n<meta property=\"og:locale\" content=\"de_DE\" \/>\n<meta property=\"og:type\" content=\"article\" \/>\n<meta property=\"og:title\" content=\"Mittsommer in Dalarna - Willkommen im Mora Hotell &amp; Spa\" \/>\n<meta property=\"og:description\" content=\"Willkommen, um Mittsommer im sch\u00f6nen Mora zu feiern! Unser Paket beinhaltet eine Nacht. Die Mittsommerpauschale ist in der Mittsommerwoche freitags und samstags buchbar.\" \/>\n<meta property=\"og:url\" content=\"https:\/\/morahotell.se\/de\/produkt\/pauschalangebote\/midsommarfirande-i-mora\/\" \/>\n<meta property=\"og:site_name\" content=\"Mora Hotell &amp; Spa\" \/>\n<meta property=\"article:modified_time\" content=\"2025-10-16T11:25:58+00:00\" \/>\n<meta property=\"og:image\" content=\"https:\/\/morahotell.se\/wp-content\/uploads\/2022\/04\/midsommarkva\u0308ll-1-scaled-1.jpg\" \/>\n\t<meta property=\"og:image:width\" content=\"2560\" \/>\n\t<meta property=\"og:image:height\" content=\"1707\" \/>\n\t<meta property=\"og:image:type\" content=\"image\/jpeg\" \/>\n<meta name=\"twitter:card\" content=\"summary_large_image\" \/>\n<meta name=\"twitter:label1\" content=\"Gesch\u00e4tzte Lesezeit\" \/>\n\t<meta name=\"twitter:data1\" content=\"1\u00a0Minute\" \/>\n<script type=\"application\/ld+json\" class=\"yoast-schema-graph\">{\"@context\":\"https:\/\/schema.org\",\"@graph\":[{\"@type\":\"WebPage\",\"@id\":\"https:\/\/morahotell.se\/de\/produkt\/pauschalangebote\/midsommarfirande-i-mora\/\",\"url\":\"https:\/\/morahotell.se\/de\/produkt\/pauschalangebote\/midsommarfirande-i-mora\/\",\"name\":\"Mittsommer in Dalarna - Willkommen im Mora Hotell & Spa\",\"isPartOf\":{\"@id\":\"https:\/\/morahotell.se\/de\/#website\"},\"primaryImageOfPage\":{\"@id\":\"https:\/\/morahotell.se\/de\/produkt\/pauschalangebote\/midsommarfirande-i-mora\/#primaryimage\"},\"image\":{\"@id\":\"https:\/\/morahotell.se\/de\/produkt\/pauschalangebote\/midsommarfirande-i-mora\/#primaryimage\"},\"thumbnailUrl\":\"https:\/\/morahotell.se\/wp-content\/uploads\/2022\/04\/midsommarkva\u0308ll-1-scaled-1.jpg\",\"datePublished\":\"2022-06-01T08:13:38+00:00\",\"dateModified\":\"2025-10-16T11:25:58+00:00\",\"description\":\"Willkommen, um Mittsommer im sch\u00f6nen Mora zu feiern! Unser Paket beinhaltet eine Nacht. Die Mittsommerpauschale ist in der Mittsommerwoche freitags und samstags buchbar.\",\"breadcrumb\":{\"@id\":\"https:\/\/morahotell.se\/de\/produkt\/pauschalangebote\/midsommarfirande-i-mora\/#breadcrumb\"},\"inLanguage\":\"de\",\"potentialAction\":[{\"@type\":\"ReadAction\",\"target\":[\"https:\/\/morahotell.se\/de\/produkt\/pauschalangebote\/midsommarfirande-i-mora\/\"]}]},{\"@type\":\"ImageObject\",\"inLanguage\":\"de\",\"@id\":\"https:\/\/morahotell.se\/de\/produkt\/pauschalangebote\/midsommarfirande-i-mora\/#primaryimage\",\"url\":\"https:\/\/morahotell.se\/wp-content\/uploads\/2022\/04\/midsommarkva\u0308ll-1-scaled-1.jpg\",\"contentUrl\":\"https:\/\/morahotell.se\/wp-content\/uploads\/2022\/04\/midsommarkva\u0308ll-1-scaled-1.jpg\",\"width\":2560,\"height\":1707,\"caption\":\"midsommar i dalarna\"},{\"@type\":\"BreadcrumbList\",\"@id\":\"https:\/\/morahotell.se\/de\/produkt\/pauschalangebote\/midsommarfirande-i-mora\/#breadcrumb\",\"itemListElement\":[{\"@type\":\"ListItem\",\"position\":1,\"name\":\"Mora hotell\",\"item\":\"https:\/\/morahotell.se\/de\/\"},{\"@type\":\"ListItem\",\"position\":2,\"name\":\"Reservierung\",\"item\":\"https:\/\/morahotell.se\/de\/reservierung\/\"},{\"@type\":\"ListItem\",\"position\":3,\"name\":\"Pauschalangebote\",\"item\":\"https:\/\/morahotell.se\/de\/produkt-kategori\/pauschalangebote\/\"},{\"@type\":\"ListItem\",\"position\":4,\"name\":\"Mittsommerfest in Mora 2026\"}]},{\"@type\":\"WebSite\",\"@id\":\"https:\/\/morahotell.se\/de\/#website\",\"url\":\"https:\/\/morahotell.se\/de\/\",\"name\":\"Mora Hotell &amp; Spa\",\"description\":\"Fyrstj\u00e4rnigt hotell i Mora, n\u00e4ra Siljan\",\"potentialAction\":[{\"@type\":\"SearchAction\",\"target\":{\"@type\":\"EntryPoint\",\"urlTemplate\":\"https:\/\/morahotell.se\/de\/?s={search_term_string}\"},\"query-input\":{\"@type\":\"PropertyValueSpecification\",\"valueRequired\":true,\"valueName\":\"search_term_string\"}}],\"inLanguage\":\"de\"}]}<\/script>\n<!-- \/ Yoast SEO plugin. -->","yoast_head_json":{"title":"Mittsommer in Dalarna - Willkommen im Mora Hotell & Spa","description":"Willkommen, um Mittsommer im sch\u00f6nen Mora zu feiern! Unser Paket beinhaltet eine Nacht. Die Mittsommerpauschale ist in der Mittsommerwoche freitags und samstags buchbar.","robots":{"index":"index","follow":"follow","max-snippet":"max-snippet:-1","max-image-preview":"max-image-preview:large","max-video-preview":"max-video-preview:-1"},"canonical":"https:\/\/morahotell.se\/de\/produkt\/pauschalangebote\/midsommarfirande-i-mora\/","og_locale":"de_DE","og_type":"article","og_title":"Mittsommer in Dalarna - Willkommen im Mora Hotell & Spa","og_description":"Willkommen, um Mittsommer im sch\u00f6nen Mora zu feiern! Unser Paket beinhaltet eine Nacht. Die Mittsommerpauschale ist in der Mittsommerwoche freitags und samstags buchbar.","og_url":"https:\/\/morahotell.se\/de\/produkt\/pauschalangebote\/midsommarfirande-i-mora\/","og_site_name":"Mora Hotell &amp; Spa","article_modified_time":"2025-10-16T11:25:58+00:00","og_image":[{"width":2560,"height":1707,"url":"https:\/\/morahotell.se\/wp-content\/uploads\/2022\/04\/midsommarkva\u0308ll-1-scaled-1.jpg","type":"image\/jpeg"}],"twitter_card":"summary_large_image","twitter_misc":{"Gesch\u00e4tzte Lesezeit":"1\u00a0Minute"},"schema":{"@context":"https:\/\/schema.org","@graph":[{"@type":"WebPage","@id":"https:\/\/morahotell.se\/de\/produkt\/pauschalangebote\/midsommarfirande-i-mora\/","url":"https:\/\/morahotell.se\/de\/produkt\/pauschalangebote\/midsommarfirande-i-mora\/","name":"Mittsommer in Dalarna - Willkommen im Mora Hotell & Spa","isPartOf":{"@id":"https:\/\/morahotell.se\/de\/#website"},"primaryImageOfPage":{"@id":"https:\/\/morahotell.se\/de\/produkt\/pauschalangebote\/midsommarfirande-i-mora\/#primaryimage"},"image":{"@id":"https:\/\/morahotell.se\/de\/produkt\/pauschalangebote\/midsommarfirande-i-mora\/#primaryimage"},"thumbnailUrl":"https:\/\/morahotell.se\/wp-content\/uploads\/2022\/04\/midsommarkva\u0308ll-1-scaled-1.jpg","datePublished":"2022-06-01T08:13:38+00:00","dateModified":"2025-10-16T11:25:58+00:00","description":"Willkommen, um Mittsommer im sch\u00f6nen Mora zu feiern! Unser Paket beinhaltet eine Nacht. Die Mittsommerpauschale ist in der Mittsommerwoche freitags und samstags buchbar.","breadcrumb":{"@id":"https:\/\/morahotell.se\/de\/produkt\/pauschalangebote\/midsommarfirande-i-mora\/#breadcrumb"},"inLanguage":"de","potentialAction":[{"@type":"ReadAction","target":["https:\/\/morahotell.se\/de\/produkt\/pauschalangebote\/midsommarfirande-i-mora\/"]}]},{"@type":"ImageObject","inLanguage":"de","@id":"https:\/\/morahotell.se\/de\/produkt\/pauschalangebote\/midsommarfirande-i-mora\/#primaryimage","url":"https:\/\/morahotell.se\/wp-content\/uploads\/2022\/04\/midsommarkva\u0308ll-1-scaled-1.jpg","contentUrl":"https:\/\/morahotell.se\/wp-content\/uploads\/2022\/04\/midsommarkva\u0308ll-1-scaled-1.jpg","width":2560,"height":1707,"caption":"midsommar i dalarna"},{"@type":"BreadcrumbList","@id":"https:\/\/morahotell.se\/de\/produkt\/pauschalangebote\/midsommarfirande-i-mora\/#breadcrumb","itemListElement":[{"@type":"ListItem","position":1,"name":"Mora hotell","item":"https:\/\/morahotell.se\/de\/"},{"@type":"ListItem","position":2,"name":"Reservierung","item":"https:\/\/morahotell.se\/de\/reservierung\/"},{"@type":"ListItem","position":3,"name":"Pauschalangebote","item":"https:\/\/morahotell.se\/de\/produkt-kategori\/pauschalangebote\/"},{"@type":"ListItem","position":4,"name":"Mittsommerfest in Mora 2026"}]},{"@type":"WebSite","@id":"https:\/\/morahotell.se\/de\/#website","url":"https:\/\/morahotell.se\/de\/","name":"Mora Hotell &amp; Spa","description":"Fyrstj\u00e4rnigt hotell i Mora, n\u00e4ra Siljan","potentialAction":[{"@type":"SearchAction","target":{"@type":"EntryPoint","urlTemplate":"https:\/\/morahotell.se\/de\/?s={search_term_string}"},"query-input":{"@type":"PropertyValueSpecification","valueRequired":true,"valueName":"search_term_string"}}],"inLanguage":"de"}]}},"_links":{"self":[{"href":"https:\/\/morahotell.se\/de\/wp-json\/wp\/v2\/product\/6536","targetHints":{"allow":["GET"]}}],"collection":[{"href":"https:\/\/morahotell.se\/de\/wp-json\/wp\/v2\/product"}],"about":[{"href":"https:\/\/morahotell.se\/de\/wp-json\/wp\/v2\/types\/product"}],"replies":[{"embeddable":true,"href":"https:\/\/morahotell.se\/de\/wp-json\/wp\/v2\/comments?post=6536"}],"wp:featuredmedia":[{"embeddable":true,"href":"https:\/\/morahotell.se\/de\/wp-json\/wp\/v2\/media\/2486"}],"wp:attachment":[{"href":"https:\/\/morahotell.se\/de\/wp-json\/wp\/v2\/media?parent=6536"}],"wp:term":[{"taxonomy":"product_brand","embeddable":true,"href":"https:\/\/morahotell.se\/de\/wp-json\/wp\/v2\/product_brand?post=6536"},{"taxonomy":"product_cat","embeddable":true,"href":"https:\/\/morahotell.se\/de\/wp-json\/wp\/v2\/product_cat?post=6536"},{"taxonomy":"product_tag","embeddable":true,"href":"https:\/\/morahotell.se\/de\/wp-json\/wp\/v2\/product_tag?post=6536"}],"curies":[{"name":"wp","href":"https:\/\/api.w.org\/{rel}","templated":true}]}}