{"id":3394,"date":"2026-01-27T16:41:32","date_gmt":"2026-01-27T15:41:32","guid":{"rendered":"https:\/\/morahotell.se\/produkt\/unkategorisiert\/topp-till-ta-80-min\/"},"modified":"2025-12-15T14:25:25","modified_gmt":"2025-12-15T13:25:25","slug":"von-kopf-bis-fuss-80-minuten","status":"publish","type":"product","link":"https:\/\/morahotell.se\/de\/produkt\/spa-de\/ganzer-koerper\/von-kopf-bis-fuss-80-minuten\/","title":{"rendered":"Von Kopf bis Fu\u00df &#8211; 80 Minuten"},"content":{"rendered":"<p>Ein ultimatives Behandlungserlebnis von Kopf bis Fu\u00df, wenn Sie sich etwas Besonderes g\u00f6nnen m\u00f6chten!<\/p>\n<p>Erleben Sie die therapeutische Wirkung von Mineralien und \u00e4therischen \u00d6len. Diese entspannende Behandlung beginnt mit einem st\u00e4rkenden Salzpeeling mit Eukalyptus, gefolgt von einem mineralreichen Bad und endet mit einer warmen, luxuri\u00f6sen Massage mit einem Bio-Aroma\u00f6l Ihrer Wahl.<\/p>\n<p>Preis: 1345:-<\/p>\n","protected":false},"excerpt":{"rendered":"<p>Ein ultimatives Behandlungserlebnis von Kopf bis Fu\u00df, wenn Sie sich das gewisse Extra g\u00f6nnen m\u00f6chten! Erleben Sie die therapeutische Wirkung von Mineralien und \u00e4therischen \u00d6len.<\/p>\n","protected":false},"featured_media":2060,"comment_status":"closed","ping_status":"closed","template":"","meta":{"_acf_changed":false},"product_brand":[],"product_cat":[76,75],"product_tag":[],"class_list":{"0":"post-3394","1":"product","2":"type-product","3":"status-publish","4":"has-post-thumbnail","6":"product_cat-ganzer-koerper","7":"product_cat-spa-de","9":"first","10":"instock","11":"virtual","12":"taxable","13":"purchasable","14":"product-type-simple"},"acf":[],"yoast_head":"<!-- This site is optimized with the Yoast SEO plugin v26.5 - https:\/\/yoast.com\/wordpress\/plugins\/seo\/ -->\n<title>Von Kopf bis Fu\u00df - 80 Minuten - Mora Hotell &amp; Spa<\/title>\n<meta name=\"description\" content=\"Ein Behandlungserlebnis von Kopf bis Fu\u00df, wenn Sie sich das gewisse Extra g\u00f6nnen m\u00f6chten! Erleben Wirkung von Mineralien und \u00d6len.\" \/>\n<meta name=\"robots\" content=\"index, follow, max-snippet:-1, max-image-preview:large, max-video-preview:-1\" \/>\n<link rel=\"canonical\" href=\"https:\/\/morahotell.se\/de\/produkt\/spa-de\/ganzer-koerper\/von-kopf-bis-fuss-80-minuten\/\" \/>\n<meta property=\"og:locale\" content=\"de_DE\" \/>\n<meta property=\"og:type\" content=\"article\" \/>\n<meta property=\"og:title\" content=\"Von Kopf bis Fu\u00df - 80 Minuten - Mora Hotell &amp; Spa\" \/>\n<meta property=\"og:description\" content=\"Ein Behandlungserlebnis von Kopf bis Fu\u00df, wenn Sie sich das gewisse Extra g\u00f6nnen m\u00f6chten! Erleben Wirkung von Mineralien und \u00d6len.\" \/>\n<meta property=\"og:url\" content=\"https:\/\/morahotell.se\/de\/produkt\/spa-de\/ganzer-koerper\/von-kopf-bis-fuss-80-minuten\/\" \/>\n<meta property=\"og:site_name\" content=\"Mora Hotell &amp; Spa\" \/>\n<meta property=\"og:image\" content=\"https:\/\/morahotell.se\/wp-content\/uploads\/2022\/04\/bg-box2-1.jpg\" \/>\n\t<meta property=\"og:image:width\" content=\"1280\" \/>\n\t<meta property=\"og:image:height\" content=\"960\" \/>\n\t<meta property=\"og:image:type\" content=\"image\/jpeg\" \/>\n<meta name=\"twitter:card\" content=\"summary_large_image\" \/>\n<script type=\"application\/ld+json\" class=\"yoast-schema-graph\">{\"@context\":\"https:\/\/schema.org\",\"@graph\":[{\"@type\":\"WebPage\",\"@id\":\"https:\/\/morahotell.se\/de\/produkt\/spa-de\/ganzer-koerper\/von-kopf-bis-fuss-80-minuten\/\",\"url\":\"https:\/\/morahotell.se\/de\/produkt\/spa-de\/ganzer-koerper\/von-kopf-bis-fuss-80-minuten\/\",\"name\":\"Von Kopf bis Fu\u00df - 80 Minuten - Mora Hotell &amp; Spa\",\"isPartOf\":{\"@id\":\"https:\/\/morahotell.se\/de\/#website\"},\"primaryImageOfPage\":{\"@id\":\"https:\/\/morahotell.se\/de\/produkt\/spa-de\/ganzer-koerper\/von-kopf-bis-fuss-80-minuten\/#primaryimage\"},\"image\":{\"@id\":\"https:\/\/morahotell.se\/de\/produkt\/spa-de\/ganzer-koerper\/von-kopf-bis-fuss-80-minuten\/#primaryimage\"},\"thumbnailUrl\":\"https:\/\/morahotell.se\/wp-content\/uploads\/2022\/04\/bg-box2-1.jpg\",\"datePublished\":\"2026-01-27T15:41:32+00:00\",\"description\":\"Ein Behandlungserlebnis von Kopf bis Fu\u00df, wenn Sie sich das gewisse Extra g\u00f6nnen m\u00f6chten! Erleben Wirkung von Mineralien und \u00d6len.\",\"breadcrumb\":{\"@id\":\"https:\/\/morahotell.se\/de\/produkt\/spa-de\/ganzer-koerper\/von-kopf-bis-fuss-80-minuten\/#breadcrumb\"},\"inLanguage\":\"de\",\"potentialAction\":[{\"@type\":\"ReadAction\",\"target\":[\"https:\/\/morahotell.se\/de\/produkt\/spa-de\/ganzer-koerper\/von-kopf-bis-fuss-80-minuten\/\"]}]},{\"@type\":\"ImageObject\",\"inLanguage\":\"de\",\"@id\":\"https:\/\/morahotell.se\/de\/produkt\/spa-de\/ganzer-koerper\/von-kopf-bis-fuss-80-minuten\/#primaryimage\",\"url\":\"https:\/\/morahotell.se\/wp-content\/uploads\/2022\/04\/bg-box2-1.jpg\",\"contentUrl\":\"https:\/\/morahotell.se\/wp-content\/uploads\/2022\/04\/bg-box2-1.jpg\",\"width\":1280,\"height\":960},{\"@type\":\"BreadcrumbList\",\"@id\":\"https:\/\/morahotell.se\/de\/produkt\/spa-de\/ganzer-koerper\/von-kopf-bis-fuss-80-minuten\/#breadcrumb\",\"itemListElement\":[{\"@type\":\"ListItem\",\"position\":1,\"name\":\"Mora hotell\",\"item\":\"https:\/\/morahotell.se\/de\/\"},{\"@type\":\"ListItem\",\"position\":2,\"name\":\"Reservierung\",\"item\":\"https:\/\/morahotell.se\/de\/reservierung\/\"},{\"@type\":\"ListItem\",\"position\":3,\"name\":\"Spa\",\"item\":\"https:\/\/morahotell.se\/de\/produkt-kategori\/spa-de\/\"},{\"@type\":\"ListItem\",\"position\":4,\"name\":\"Von Kopf bis Fu\u00df &#8211; 80 Minuten\"}]},{\"@type\":\"WebSite\",\"@id\":\"https:\/\/morahotell.se\/de\/#website\",\"url\":\"https:\/\/morahotell.se\/de\/\",\"name\":\"Mora Hotell &amp; Spa\",\"description\":\"Fyrstj\u00e4rnigt hotell i Mora, n\u00e4ra Siljan\",\"potentialAction\":[{\"@type\":\"SearchAction\",\"target\":{\"@type\":\"EntryPoint\",\"urlTemplate\":\"https:\/\/morahotell.se\/de\/?s={search_term_string}\"},\"query-input\":{\"@type\":\"PropertyValueSpecification\",\"valueRequired\":true,\"valueName\":\"search_term_string\"}}],\"inLanguage\":\"de\"}]}<\/script>\n<!-- \/ Yoast SEO plugin. -->","yoast_head_json":{"title":"Von Kopf bis Fu\u00df - 80 Minuten - Mora Hotell &amp; Spa","description":"Ein Behandlungserlebnis von Kopf bis Fu\u00df, wenn Sie sich das gewisse Extra g\u00f6nnen m\u00f6chten! Erleben Wirkung von Mineralien und \u00d6len.","robots":{"index":"index","follow":"follow","max-snippet":"max-snippet:-1","max-image-preview":"max-image-preview:large","max-video-preview":"max-video-preview:-1"},"canonical":"https:\/\/morahotell.se\/de\/produkt\/spa-de\/ganzer-koerper\/von-kopf-bis-fuss-80-minuten\/","og_locale":"de_DE","og_type":"article","og_title":"Von Kopf bis Fu\u00df - 80 Minuten - Mora Hotell &amp; Spa","og_description":"Ein Behandlungserlebnis von Kopf bis Fu\u00df, wenn Sie sich das gewisse Extra g\u00f6nnen m\u00f6chten! Erleben Wirkung von Mineralien und \u00d6len.","og_url":"https:\/\/morahotell.se\/de\/produkt\/spa-de\/ganzer-koerper\/von-kopf-bis-fuss-80-minuten\/","og_site_name":"Mora Hotell &amp; Spa","og_image":[{"width":1280,"height":960,"url":"https:\/\/morahotell.se\/wp-content\/uploads\/2022\/04\/bg-box2-1.jpg","type":"image\/jpeg"}],"twitter_card":"summary_large_image","schema":{"@context":"https:\/\/schema.org","@graph":[{"@type":"WebPage","@id":"https:\/\/morahotell.se\/de\/produkt\/spa-de\/ganzer-koerper\/von-kopf-bis-fuss-80-minuten\/","url":"https:\/\/morahotell.se\/de\/produkt\/spa-de\/ganzer-koerper\/von-kopf-bis-fuss-80-minuten\/","name":"Von Kopf bis Fu\u00df - 80 Minuten - Mora Hotell &amp; Spa","isPartOf":{"@id":"https:\/\/morahotell.se\/de\/#website"},"primaryImageOfPage":{"@id":"https:\/\/morahotell.se\/de\/produkt\/spa-de\/ganzer-koerper\/von-kopf-bis-fuss-80-minuten\/#primaryimage"},"image":{"@id":"https:\/\/morahotell.se\/de\/produkt\/spa-de\/ganzer-koerper\/von-kopf-bis-fuss-80-minuten\/#primaryimage"},"thumbnailUrl":"https:\/\/morahotell.se\/wp-content\/uploads\/2022\/04\/bg-box2-1.jpg","datePublished":"2026-01-27T15:41:32+00:00","description":"Ein Behandlungserlebnis von Kopf bis Fu\u00df, wenn Sie sich das gewisse Extra g\u00f6nnen m\u00f6chten! Erleben Wirkung von Mineralien und \u00d6len.","breadcrumb":{"@id":"https:\/\/morahotell.se\/de\/produkt\/spa-de\/ganzer-koerper\/von-kopf-bis-fuss-80-minuten\/#breadcrumb"},"inLanguage":"de","potentialAction":[{"@type":"ReadAction","target":["https:\/\/morahotell.se\/de\/produkt\/spa-de\/ganzer-koerper\/von-kopf-bis-fuss-80-minuten\/"]}]},{"@type":"ImageObject","inLanguage":"de","@id":"https:\/\/morahotell.se\/de\/produkt\/spa-de\/ganzer-koerper\/von-kopf-bis-fuss-80-minuten\/#primaryimage","url":"https:\/\/morahotell.se\/wp-content\/uploads\/2022\/04\/bg-box2-1.jpg","contentUrl":"https:\/\/morahotell.se\/wp-content\/uploads\/2022\/04\/bg-box2-1.jpg","width":1280,"height":960},{"@type":"BreadcrumbList","@id":"https:\/\/morahotell.se\/de\/produkt\/spa-de\/ganzer-koerper\/von-kopf-bis-fuss-80-minuten\/#breadcrumb","itemListElement":[{"@type":"ListItem","position":1,"name":"Mora hotell","item":"https:\/\/morahotell.se\/de\/"},{"@type":"ListItem","position":2,"name":"Reservierung","item":"https:\/\/morahotell.se\/de\/reservierung\/"},{"@type":"ListItem","position":3,"name":"Spa","item":"https:\/\/morahotell.se\/de\/produkt-kategori\/spa-de\/"},{"@type":"ListItem","position":4,"name":"Von Kopf bis Fu\u00df &#8211; 80 Minuten"}]},{"@type":"WebSite","@id":"https:\/\/morahotell.se\/de\/#website","url":"https:\/\/morahotell.se\/de\/","name":"Mora Hotell &amp; Spa","description":"Fyrstj\u00e4rnigt hotell i Mora, n\u00e4ra Siljan","potentialAction":[{"@type":"SearchAction","target":{"@type":"EntryPoint","urlTemplate":"https:\/\/morahotell.se\/de\/?s={search_term_string}"},"query-input":{"@type":"PropertyValueSpecification","valueRequired":true,"valueName":"search_term_string"}}],"inLanguage":"de"}]}},"_links":{"self":[{"href":"https:\/\/morahotell.se\/de\/wp-json\/wp\/v2\/product\/3394","targetHints":{"allow":["GET"]}}],"collection":[{"href":"https:\/\/morahotell.se\/de\/wp-json\/wp\/v2\/product"}],"about":[{"href":"https:\/\/morahotell.se\/de\/wp-json\/wp\/v2\/types\/product"}],"replies":[{"embeddable":true,"href":"https:\/\/morahotell.se\/de\/wp-json\/wp\/v2\/comments?post=3394"}],"wp:featuredmedia":[{"embeddable":true,"href":"https:\/\/morahotell.se\/de\/wp-json\/wp\/v2\/media\/2060"}],"wp:attachment":[{"href":"https:\/\/morahotell.se\/de\/wp-json\/wp\/v2\/media?parent=3394"}],"wp:term":[{"taxonomy":"product_brand","embeddable":true,"href":"https:\/\/morahotell.se\/de\/wp-json\/wp\/v2\/product_brand?post=3394"},{"taxonomy":"product_cat","embeddable":true,"href":"https:\/\/morahotell.se\/de\/wp-json\/wp\/v2\/product_cat?post=3394"},{"taxonomy":"product_tag","embeddable":true,"href":"https:\/\/morahotell.se\/de\/wp-json\/wp\/v2\/product_tag?post=3394"}],"curies":[{"name":"wp","href":"https:\/\/api.w.org\/{rel}","templated":true}]}}