{"id":3376,"date":"2026-01-27T16:43:59","date_gmt":"2026-01-27T15:43:59","guid":{"rendered":"https:\/\/morahotell.se\/produkt\/unkategorisiert\/drommar-av-lavendel-80-min\/"},"modified":"2025-12-15T11:37:02","modified_gmt":"2025-12-15T10:37:02","slug":"traume-von-lavendel-fur-80-minuten","status":"publish","type":"product","link":"https:\/\/morahotell.se\/de\/produkt\/spa-de\/ganzer-koerper\/traume-von-lavendel-fur-80-minuten\/","title":{"rendered":"Tr\u00e4ume von Lavendel f\u00fcr 80 Minuten"},"content":{"rendered":"<p>Atmen Sie den Duft von Lavendel ein und genie\u00dfen Sie die beruhigende und ausgleichende Wirkung dieser belebenden Spa-Behandlung. Ein st\u00e4rkendes Peeling auf Mineralbasis wird gefolgt von einer warmen und entspannenden Ganzk\u00f6rpermassage sowie einer Kopfhautmassage mit warmem Lavendel\u00f6l. W\u00e4hrend der entspannenden Ruhephase genie\u00dfen Sie eine Fu\u00dfmassage mit heilenden Steinen, die Ihren K\u00f6rper von Giftstoffen reinigen und Ihre Sinne ins Gleichgewicht bringen.<\/p>\n<p>Preis 1345:-<\/p>\n","protected":false},"excerpt":{"rendered":"<p>Atmen Sie den Duft von Lavendel ein und genie\u00dfen Sie die beruhigende und ausgleichende Wirkung dieser erhebenden Spa-Behandlung.<\/p>\n","protected":false},"featured_media":2943,"comment_status":"closed","ping_status":"closed","template":"","meta":{"_acf_changed":false},"product_brand":[],"product_cat":[76,75],"product_tag":[],"class_list":{"0":"post-3376","1":"product","2":"type-product","3":"status-publish","4":"has-post-thumbnail","6":"product_cat-ganzer-koerper","7":"product_cat-spa-de","9":"first","10":"instock","11":"virtual","12":"taxable","13":"purchasable","14":"product-type-simple"},"acf":[],"yoast_head":"<!-- This site is optimized with the Yoast SEO plugin v26.5 - https:\/\/yoast.com\/wordpress\/plugins\/seo\/ -->\n<title>Tr\u00e4ume von Lavendel f\u00fcr 80 Minuten - Mora Hotell &amp; Spa<\/title>\n<meta name=\"description\" content=\"Tr\u00e4ume von Lavendel. Genie\u00dfen Sie die wohltuende Wirkung dieser erhebenden Spa-Behandlung. Fu\u00dfmassage mit Heilsteinen ist inklusive.\" \/>\n<meta name=\"robots\" content=\"index, follow, max-snippet:-1, max-image-preview:large, max-video-preview:-1\" \/>\n<link rel=\"canonical\" href=\"https:\/\/morahotell.se\/de\/produkt\/spa-de\/ganzer-koerper\/traume-von-lavendel-fur-80-minuten\/\" \/>\n<meta property=\"og:locale\" content=\"de_DE\" \/>\n<meta property=\"og:type\" content=\"article\" \/>\n<meta property=\"og:title\" content=\"Tr\u00e4ume von Lavendel f\u00fcr 80 Minuten - Mora Hotell &amp; Spa\" \/>\n<meta property=\"og:description\" content=\"Tr\u00e4ume von Lavendel. Genie\u00dfen Sie die wohltuende Wirkung dieser erhebenden Spa-Behandlung. Fu\u00dfmassage mit Heilsteinen ist inklusive.\" \/>\n<meta property=\"og:url\" content=\"https:\/\/morahotell.se\/de\/produkt\/spa-de\/ganzer-koerper\/traume-von-lavendel-fur-80-minuten\/\" \/>\n<meta property=\"og:site_name\" content=\"Mora Hotell &amp; Spa\" \/>\n<meta property=\"og:image\" content=\"https:\/\/morahotell.se\/wp-content\/uploads\/2022\/04\/lavendel.jpeg\" \/>\n\t<meta property=\"og:image:width\" content=\"440\" \/>\n\t<meta property=\"og:image:height\" content=\"446\" \/>\n\t<meta property=\"og:image:type\" content=\"image\/jpeg\" \/>\n<meta name=\"twitter:card\" content=\"summary_large_image\" \/>\n<script type=\"application\/ld+json\" class=\"yoast-schema-graph\">{\"@context\":\"https:\/\/schema.org\",\"@graph\":[{\"@type\":\"WebPage\",\"@id\":\"https:\/\/morahotell.se\/de\/produkt\/spa-de\/ganzer-koerper\/traume-von-lavendel-fur-80-minuten\/\",\"url\":\"https:\/\/morahotell.se\/de\/produkt\/spa-de\/ganzer-koerper\/traume-von-lavendel-fur-80-minuten\/\",\"name\":\"Tr\u00e4ume von Lavendel f\u00fcr 80 Minuten - Mora Hotell &amp; Spa\",\"isPartOf\":{\"@id\":\"https:\/\/morahotell.se\/de\/#website\"},\"primaryImageOfPage\":{\"@id\":\"https:\/\/morahotell.se\/de\/produkt\/spa-de\/ganzer-koerper\/traume-von-lavendel-fur-80-minuten\/#primaryimage\"},\"image\":{\"@id\":\"https:\/\/morahotell.se\/de\/produkt\/spa-de\/ganzer-koerper\/traume-von-lavendel-fur-80-minuten\/#primaryimage\"},\"thumbnailUrl\":\"https:\/\/morahotell.se\/wp-content\/uploads\/2022\/04\/lavendel.jpeg\",\"datePublished\":\"2026-01-27T15:43:59+00:00\",\"description\":\"Tr\u00e4ume von Lavendel. Genie\u00dfen Sie die wohltuende Wirkung dieser erhebenden Spa-Behandlung. Fu\u00dfmassage mit Heilsteinen ist inklusive.\",\"breadcrumb\":{\"@id\":\"https:\/\/morahotell.se\/de\/produkt\/spa-de\/ganzer-koerper\/traume-von-lavendel-fur-80-minuten\/#breadcrumb\"},\"inLanguage\":\"de\",\"potentialAction\":[{\"@type\":\"ReadAction\",\"target\":[\"https:\/\/morahotell.se\/de\/produkt\/spa-de\/ganzer-koerper\/traume-von-lavendel-fur-80-minuten\/\"]}]},{\"@type\":\"ImageObject\",\"inLanguage\":\"de\",\"@id\":\"https:\/\/morahotell.se\/de\/produkt\/spa-de\/ganzer-koerper\/traume-von-lavendel-fur-80-minuten\/#primaryimage\",\"url\":\"https:\/\/morahotell.se\/wp-content\/uploads\/2022\/04\/lavendel.jpeg\",\"contentUrl\":\"https:\/\/morahotell.se\/wp-content\/uploads\/2022\/04\/lavendel.jpeg\",\"width\":440,\"height\":446},{\"@type\":\"BreadcrumbList\",\"@id\":\"https:\/\/morahotell.se\/de\/produkt\/spa-de\/ganzer-koerper\/traume-von-lavendel-fur-80-minuten\/#breadcrumb\",\"itemListElement\":[{\"@type\":\"ListItem\",\"position\":1,\"name\":\"Mora hotell\",\"item\":\"https:\/\/morahotell.se\/de\/\"},{\"@type\":\"ListItem\",\"position\":2,\"name\":\"Reservierung\",\"item\":\"https:\/\/morahotell.se\/de\/reservierung\/\"},{\"@type\":\"ListItem\",\"position\":3,\"name\":\"Spa\",\"item\":\"https:\/\/morahotell.se\/de\/produkt-kategori\/spa-de\/\"},{\"@type\":\"ListItem\",\"position\":4,\"name\":\"Tr\u00e4ume von Lavendel f\u00fcr 80 Minuten\"}]},{\"@type\":\"WebSite\",\"@id\":\"https:\/\/morahotell.se\/de\/#website\",\"url\":\"https:\/\/morahotell.se\/de\/\",\"name\":\"Mora Hotell &amp; Spa\",\"description\":\"Fyrstj\u00e4rnigt hotell i Mora, n\u00e4ra Siljan\",\"potentialAction\":[{\"@type\":\"SearchAction\",\"target\":{\"@type\":\"EntryPoint\",\"urlTemplate\":\"https:\/\/morahotell.se\/de\/?s={search_term_string}\"},\"query-input\":{\"@type\":\"PropertyValueSpecification\",\"valueRequired\":true,\"valueName\":\"search_term_string\"}}],\"inLanguage\":\"de\"}]}<\/script>\n<!-- \/ Yoast SEO plugin. -->","yoast_head_json":{"title":"Tr\u00e4ume von Lavendel f\u00fcr 80 Minuten - Mora Hotell &amp; Spa","description":"Tr\u00e4ume von Lavendel. Genie\u00dfen Sie die wohltuende Wirkung dieser erhebenden Spa-Behandlung. Fu\u00dfmassage mit Heilsteinen ist inklusive.","robots":{"index":"index","follow":"follow","max-snippet":"max-snippet:-1","max-image-preview":"max-image-preview:large","max-video-preview":"max-video-preview:-1"},"canonical":"https:\/\/morahotell.se\/de\/produkt\/spa-de\/ganzer-koerper\/traume-von-lavendel-fur-80-minuten\/","og_locale":"de_DE","og_type":"article","og_title":"Tr\u00e4ume von Lavendel f\u00fcr 80 Minuten - Mora Hotell &amp; Spa","og_description":"Tr\u00e4ume von Lavendel. Genie\u00dfen Sie die wohltuende Wirkung dieser erhebenden Spa-Behandlung. Fu\u00dfmassage mit Heilsteinen ist inklusive.","og_url":"https:\/\/morahotell.se\/de\/produkt\/spa-de\/ganzer-koerper\/traume-von-lavendel-fur-80-minuten\/","og_site_name":"Mora Hotell &amp; Spa","og_image":[{"width":440,"height":446,"url":"https:\/\/morahotell.se\/wp-content\/uploads\/2022\/04\/lavendel.jpeg","type":"image\/jpeg"}],"twitter_card":"summary_large_image","schema":{"@context":"https:\/\/schema.org","@graph":[{"@type":"WebPage","@id":"https:\/\/morahotell.se\/de\/produkt\/spa-de\/ganzer-koerper\/traume-von-lavendel-fur-80-minuten\/","url":"https:\/\/morahotell.se\/de\/produkt\/spa-de\/ganzer-koerper\/traume-von-lavendel-fur-80-minuten\/","name":"Tr\u00e4ume von Lavendel f\u00fcr 80 Minuten - Mora Hotell &amp; Spa","isPartOf":{"@id":"https:\/\/morahotell.se\/de\/#website"},"primaryImageOfPage":{"@id":"https:\/\/morahotell.se\/de\/produkt\/spa-de\/ganzer-koerper\/traume-von-lavendel-fur-80-minuten\/#primaryimage"},"image":{"@id":"https:\/\/morahotell.se\/de\/produkt\/spa-de\/ganzer-koerper\/traume-von-lavendel-fur-80-minuten\/#primaryimage"},"thumbnailUrl":"https:\/\/morahotell.se\/wp-content\/uploads\/2022\/04\/lavendel.jpeg","datePublished":"2026-01-27T15:43:59+00:00","description":"Tr\u00e4ume von Lavendel. Genie\u00dfen Sie die wohltuende Wirkung dieser erhebenden Spa-Behandlung. Fu\u00dfmassage mit Heilsteinen ist inklusive.","breadcrumb":{"@id":"https:\/\/morahotell.se\/de\/produkt\/spa-de\/ganzer-koerper\/traume-von-lavendel-fur-80-minuten\/#breadcrumb"},"inLanguage":"de","potentialAction":[{"@type":"ReadAction","target":["https:\/\/morahotell.se\/de\/produkt\/spa-de\/ganzer-koerper\/traume-von-lavendel-fur-80-minuten\/"]}]},{"@type":"ImageObject","inLanguage":"de","@id":"https:\/\/morahotell.se\/de\/produkt\/spa-de\/ganzer-koerper\/traume-von-lavendel-fur-80-minuten\/#primaryimage","url":"https:\/\/morahotell.se\/wp-content\/uploads\/2022\/04\/lavendel.jpeg","contentUrl":"https:\/\/morahotell.se\/wp-content\/uploads\/2022\/04\/lavendel.jpeg","width":440,"height":446},{"@type":"BreadcrumbList","@id":"https:\/\/morahotell.se\/de\/produkt\/spa-de\/ganzer-koerper\/traume-von-lavendel-fur-80-minuten\/#breadcrumb","itemListElement":[{"@type":"ListItem","position":1,"name":"Mora hotell","item":"https:\/\/morahotell.se\/de\/"},{"@type":"ListItem","position":2,"name":"Reservierung","item":"https:\/\/morahotell.se\/de\/reservierung\/"},{"@type":"ListItem","position":3,"name":"Spa","item":"https:\/\/morahotell.se\/de\/produkt-kategori\/spa-de\/"},{"@type":"ListItem","position":4,"name":"Tr\u00e4ume von Lavendel f\u00fcr 80 Minuten"}]},{"@type":"WebSite","@id":"https:\/\/morahotell.se\/de\/#website","url":"https:\/\/morahotell.se\/de\/","name":"Mora Hotell &amp; Spa","description":"Fyrstj\u00e4rnigt hotell i Mora, n\u00e4ra Siljan","potentialAction":[{"@type":"SearchAction","target":{"@type":"EntryPoint","urlTemplate":"https:\/\/morahotell.se\/de\/?s={search_term_string}"},"query-input":{"@type":"PropertyValueSpecification","valueRequired":true,"valueName":"search_term_string"}}],"inLanguage":"de"}]}},"_links":{"self":[{"href":"https:\/\/morahotell.se\/de\/wp-json\/wp\/v2\/product\/3376","targetHints":{"allow":["GET"]}}],"collection":[{"href":"https:\/\/morahotell.se\/de\/wp-json\/wp\/v2\/product"}],"about":[{"href":"https:\/\/morahotell.se\/de\/wp-json\/wp\/v2\/types\/product"}],"replies":[{"embeddable":true,"href":"https:\/\/morahotell.se\/de\/wp-json\/wp\/v2\/comments?post=3376"}],"wp:featuredmedia":[{"embeddable":true,"href":"https:\/\/morahotell.se\/de\/wp-json\/wp\/v2\/media\/2943"}],"wp:attachment":[{"href":"https:\/\/morahotell.se\/de\/wp-json\/wp\/v2\/media?parent=3376"}],"wp:term":[{"taxonomy":"product_brand","embeddable":true,"href":"https:\/\/morahotell.se\/de\/wp-json\/wp\/v2\/product_brand?post=3376"},{"taxonomy":"product_cat","embeddable":true,"href":"https:\/\/morahotell.se\/de\/wp-json\/wp\/v2\/product_cat?post=3376"},{"taxonomy":"product_tag","embeddable":true,"href":"https:\/\/morahotell.se\/de\/wp-json\/wp\/v2\/product_tag?post=3376"}],"curies":[{"name":"wp","href":"https:\/\/api.w.org\/{rel}","templated":true}]}}